{"id":5285,"date":"2022-11-09T15:07:58","date_gmt":"2022-11-09T15:07:58","guid":{"rendered":"https:\/\/www.unhcr.org\/blogs\/?page_id=5285"},"modified":"2024-10-30T18:48:19","modified_gmt":"2024-10-30T18:48:19","slug":"rakesh-gupta-nichanametla-ramasubbaiah","status":"publish","type":"page","link":"https:\/\/www.unhcr.org\/blogs\/blog-authors\/rakesh-gupta-nichanametla-ramasubbaiah\/","title":{"rendered":"Rakesh Gupta Nichanametla Ramasubbaiah"},"content":{"rendered":"<p>[et_pb_section fb_built=&#8221;1&#8243; _builder_version=&#8221;4.16&#8243; _module_preset=&#8221;default&#8221; width=&#8221;100%&#8221; custom_padding=&#8221;|||2px||&#8221; global_colors_info=&#8221;{}&#8221;][et_pb_row column_structure=&#8221;1_4,3_4&#8243; _builder_version=&#8221;4.16&#8243; _module_preset=&#8221;default&#8221; global_colors_info=&#8221;{}&#8221;][et_pb_column type=&#8221;1_4&#8243; _builder_version=&#8221;4.16&#8243; _module_preset=&#8221;default&#8221; global_colors_info=&#8221;{}&#8221;][et_pb_image src=&#8221;https:\/\/www.unhcr.org\/blogs\/wp-content\/uploads\/sites\/48\/2022\/11\/Rakesh-scaled.jpeg&#8221; alt=&#8221;Rakesh&#8221; title_text=&#8221;Rakesh&#8221; align=&#8221;center&#8221; _builder_version=&#8221;4.17.4&#8243; _module_preset=&#8221;default&#8221; max_width=&#8221;200px&#8221; border_radii=&#8221;on|50%|50%|50%|50%&#8221; global_colors_info=&#8221;{}&#8221;][\/et_pb_image][\/et_pb_column][et_pb_column type=&#8221;3_4&#8243; _builder_version=&#8221;4.16&#8243; _module_preset=&#8221;default&#8221; global_colors_info=&#8221;{}&#8221;][et_pb_text _builder_version=&#8221;4.16&#8243; _module_preset=&#8221;default&#8221; custom_padding=&#8221;||40px||false|false&#8221; global_colors_info=&#8221;{}&#8221;]<\/p>\n<h1><span>Rakesh Gupta Nichanametla Ramasubbaiah<\/span><\/h1>\n<p><strong>UNHCR Economist<\/strong><\/p>\n<p>[\/et_pb_text][et_pb_text _builder_version=&#8221;4.16&#8243; _module_preset=&#8221;default&#8221; global_colors_info=&#8221;{}&#8221;]<\/p>\n<p><span data-olk-copy-source=\"MessageBody\">Rakesh Gupta Nichanametla Ramasubbaiah is a Senior Development Officer with UNHCR, working for the Mauritania Operation. He has also been a Policy Officer in Geneva and an Economist in Kigali with UNHCR. Previously, he worked at the World Bank\u2019s Development Research Group and Poverty Global Practice, where he spent five years focusing on welfare measurements, intergenerational economic mobility, forced displacement, distributional impacts and labor economics. Prior to his time in Washington, D.C., he was a UNICEF Research Fellow in Uganda, and contributed to policies and strategies on access to services, social sectors budgeting and public spending efficiency. Earlier work included assignments with the World Bank, UNHCR, UNICEF, UNESCAP, OECD and IPA. He holds a Ph.D. in Economics from Universit\u00e9 Paris 1 Panth\u00e9on-Sorbonne, a Master\u2019s degree in Quantitative Economics from Ecole Normale Sup\u00e9rieure (ENS-Ulm) and Paris School of Economics, and a Master in Applied Mathematics from Universit\u00e9 Paris 1 Panth\u00e9on-Sorbonne. He speaks six languages and has lived in nine different countries.<\/span><\/p>\n<p>&nbsp;<\/p>\n<p>[\/et_pb_text][\/et_pb_column][\/et_pb_row][\/et_pb_section][et_pb_section fb_built=&#8221;1&#8243; _builder_version=&#8221;4.16&#8243; _module_preset=&#8221;default&#8221; background_color=&#8221;#f4f4f4&#8243; custom_padding=&#8221;42px|||||&#8221; global_colors_info=&#8221;{}&#8221;][et_pb_row column_structure=&#8221;1_4,3_4&#8243; _builder_version=&#8221;4.16&#8243; _module_preset=&#8221;default&#8221; custom_padding=&#8221;0px|||||&#8221; global_colors_info=&#8221;{}&#8221;][et_pb_column type=&#8221;1_4&#8243; _builder_version=&#8221;4.16&#8243; _module_preset=&#8221;default&#8221; global_colors_info=&#8221;{}&#8221;][\/et_pb_column][et_pb_column type=&#8221;3_4&#8243; _builder_version=&#8221;4.16&#8243; _module_preset=&#8221;default&#8221; global_colors_info=&#8221;{}&#8221;][et_pb_text _builder_version=&#8221;4.27.2&#8243; _module_preset=&#8221;default&#8221; hover_enabled=&#8221;0&#8243; global_colors_info=&#8221;{}&#8221; sticky_enabled=&#8221;0&#8243;]<\/p>\n<h2>Blog posts by Rakesh<\/h2>\n<p class=\"entry-title\"><a href=\"https:\/\/www.unhcr.org\/blogs\/understanding-the-new-malian-refugees-in-mauritania-a-path-forward-amid-growing-challenges\/\">Understanding the new Malian refugees in Mauritania: a path forward amid growing challenges<\/a><\/p>\n<p class=\"entry-title\"><a href=\"https:\/\/www.unhcr.org\/blogs\/building-shock-responsive-assistance-for-refugees-in-rwanda\/\">Building shock responsive assistance for refugees in Rwanda: a tale of inflation and chronic vulnerabilities<\/a><\/p>\n<p><a href=\"https:\/\/www.unhcr.org\/blogs\/rwanda-lacks-recent-data-for-socioeconomic-programming\/\">Rwanda lacks recent data on employment, skills, consumption \u2013 the cornerstones of good socio-economic programming<\/a><\/p>\n<p>[\/et_pb_text][\/et_pb_column][\/et_pb_row][\/et_pb_section][et_pb_section fb_built=&#8221;1&#8243; _builder_version=&#8221;4.17.4&#8243; _module_preset=&#8221;default&#8221; global_colors_info=&#8221;{}&#8221;][\/et_pb_section]<\/p>\n","protected":false},"excerpt":{"rendered":"<p>Rakesh Gupta Nichanametla Ramasubbaiah UNHCR EconomistRakesh Gupta Nichanametla Ramasubbaiah is a Senior Development Officer with UNHCR, working for the Mauritania Operation. He has also been a Policy Officer in Geneva and an Economist in Kigali with UNHCR. Previously, he worked at the World Bank\u2019s Development Research Group and Poverty Global Practice, where he spent five [&hellip;]<\/p>\n","protected":false},"author":385,"featured_media":0,"parent":3003,"menu_order":0,"comment_status":"closed","ping_status":"closed","template":"","meta":{"_et_pb_use_builder":"on","_et_pb_old_content":"","_et_gb_content_width":"","footnotes":"","_links_to":"","_links_to_target":""},"class_list":["post-5285","page","type-page","status-publish","hentry"],"_links":{"self":[{"href":"https:\/\/www.unhcr.org\/blogs\/wp-json\/wp\/v2\/pages\/5285","targetHints":{"allow":["GET"]}}],"collection":[{"href":"https:\/\/www.unhcr.org\/blogs\/wp-json\/wp\/v2\/pages"}],"about":[{"href":"https:\/\/www.unhcr.org\/blogs\/wp-json\/wp\/v2\/types\/page"}],"author":[{"embeddable":true,"href":"https:\/\/www.unhcr.org\/blogs\/wp-json\/wp\/v2\/users\/385"}],"replies":[{"embeddable":true,"href":"https:\/\/www.unhcr.org\/blogs\/wp-json\/wp\/v2\/comments?post=5285"}],"version-history":[{"count":9,"href":"https:\/\/www.unhcr.org\/blogs\/wp-json\/wp\/v2\/pages\/5285\/revisions"}],"predecessor-version":[{"id":9491,"href":"https:\/\/www.unhcr.org\/blogs\/wp-json\/wp\/v2\/pages\/5285\/revisions\/9491"}],"up":[{"embeddable":true,"href":"https:\/\/www.unhcr.org\/blogs\/wp-json\/wp\/v2\/pages\/3003"}],"wp:attachment":[{"href":"https:\/\/www.unhcr.org\/blogs\/wp-json\/wp\/v2\/media?parent=5285"}],"curies":[{"name":"wp","href":"https:\/\/api.w.org\/{rel}","templated":true}]}}