{"id":6461,"date":"2023-06-28T14:26:49","date_gmt":"2023-06-28T14:26:49","guid":{"rendered":"https:\/\/www.unhcr.org\/blogs\/?page_id=6461"},"modified":"2024-03-05T09:23:28","modified_gmt":"2024-03-05T09:23:28","slug":"ilgi-bozdag","status":"publish","type":"page","link":"https:\/\/www.unhcr.org\/blogs\/blog-authors\/ilgi-bozdag\/","title":{"rendered":"Ilgi Bozdag"},"content":{"rendered":"<p>[et_pb_section fb_built=&#8221;1&#8243; _builder_version=&#8221;4.16&#8243; _module_preset=&#8221;default&#8221; width=&#8221;100%&#8221; custom_padding=&#8221;|||2px||&#8221; global_colors_info=&#8221;{}&#8221;][et_pb_row column_structure=&#8221;1_4,3_4&#8243; _builder_version=&#8221;4.16&#8243; _module_preset=&#8221;default&#8221; global_colors_info=&#8221;{}&#8221;][et_pb_column type=&#8221;1_4&#8243; _builder_version=&#8221;4.16&#8243; _module_preset=&#8221;default&#8221; global_colors_info=&#8221;{}&#8221;][et_pb_image src=&#8221;https:\/\/www.unhcr.org\/blogs\/wp-content\/uploads\/sites\/48\/2023\/05\/Ilgi-scaled.jpg&#8221; alt=&#8221;author name&#8221; title_text=&#8221;Ilgi&#8221; align=&#8221;center&#8221; _builder_version=&#8221;4.21.0&#8243; _module_preset=&#8221;default&#8221; max_width=&#8221;200px&#8221; border_radii=&#8221;on|50%|50%|50%|50%&#8221; global_colors_info=&#8221;{}&#8221;][\/et_pb_image][\/et_pb_column][et_pb_column type=&#8221;3_4&#8243; _builder_version=&#8221;4.16&#8243; _module_preset=&#8221;default&#8221; global_colors_info=&#8221;{}&#8221;][et_pb_text _builder_version=&#8221;4.21.0&#8243; _module_preset=&#8221;default&#8221; custom_padding=&#8221;||40px||false|false&#8221; global_colors_info=&#8221;{}&#8221;]<\/p>\n<h1>Ilgi Bozdag<\/h1>\n<p><strong>UNHCR Statistics and Data Analysis Officer\u00a0<\/strong><\/p>\n<p>[\/et_pb_text][et_pb_text _builder_version=&#8221;4.21.0&#8243; _module_preset=&#8221;default&#8221; global_colors_info=&#8221;{}&#8221;]<\/p>\n<p>Ilgi Bozdag is a Statistics and Data Analysis Officer in UNHCR\u2019s Global Data Service since 2021, where she works with the Global Survey Team. She develops guidance on sampling, survey translations and other step-by-step guidance to have a scientific approach to household surveys, including UNHCR&#8217;s Results Monitoring Surveys.\u00a0<\/p>\n<p>[\/et_pb_text][\/et_pb_column][\/et_pb_row][\/et_pb_section][et_pb_section fb_built=&#8221;1&#8243; _builder_version=&#8221;4.16&#8243; _module_preset=&#8221;default&#8221; background_color=&#8221;#f4f4f4&#8243; custom_padding=&#8221;42px|||||&#8221; global_colors_info=&#8221;{}&#8221;][et_pb_row column_structure=&#8221;1_4,3_4&#8243; _builder_version=&#8221;4.16&#8243; _module_preset=&#8221;default&#8221; custom_padding=&#8221;0px|||||&#8221; global_colors_info=&#8221;{}&#8221;][et_pb_column type=&#8221;1_4&#8243; _builder_version=&#8221;4.16&#8243; _module_preset=&#8221;default&#8221; global_colors_info=&#8221;{}&#8221;][\/et_pb_column][et_pb_column type=&#8221;3_4&#8243; _builder_version=&#8221;4.16&#8243; _module_preset=&#8221;default&#8221; global_colors_info=&#8221;{}&#8221;][et_pb_text _builder_version=&#8221;4.17.4&#8243; _module_preset=&#8221;default&#8221; custom_padding=&#8221;1px|||||&#8221; global_colors_info=&#8221;{}&#8221;]<\/p>\n<h2>Articles by Ilgi<\/h2>\n<p><a href=\"https:\/\/www.unhcr.org\/blogs\/?p=7333\">Statistical Inclusion of Refugees and Refugee Returnees in Burundi: A Localized Approach to Collect Good Quality Data<\/a><\/p>\n<p><a href=\"https:\/\/www.unhcr.org\/blogs\/inclusion-statistique-des-refugie-e-s-et-des-rapatrie-e-s-au-burundi-une-approche-localisee-pour-collecter-des-donnees-de-bonne-qualite\/\"><span style=\"font-family: inherit; font-weight: normal;\">Inclusion statistique des r\u00e9fugi\u00e9.e.s et des rapatri\u00e9.e.s au Burundi : une approche localis\u00e9e pour collecter des donn\u00e9es de bonne qualit\u00e9<\/span><\/a><\/p>\n<p><a href=\"https:\/\/www.unhcr.org\/blogs\/bridging-the-digital-divide-how-unhcr-uses-telephone-for-data-collection-of-forcibly-displaced-persons\/\">Bridging the digital divide \u2013 How UNHCR uses telephone for data collection of forcibly displaced persons<\/a><\/p>\n<p>&nbsp;<\/p>\n<p>[\/et_pb_text][\/et_pb_column][\/et_pb_row][\/et_pb_section]<\/p>\n","protected":false},"excerpt":{"rendered":"<p>Ilgi Bozdag UNHCR Statistics and Data Analysis Officer\u00a0Ilgi Bozdag is a Statistics and Data Analysis Officer in UNHCR\u2019s Global Data Service since 2021, where she works with the Global Survey Team. She develops guidance on sampling, survey translations and other step-by-step guidance to have a scientific approach to household surveys, including UNHCR&#8217;s Results Monitoring Surveys.\u00a0Articles [&hellip;]<\/p>\n","protected":false},"author":899,"featured_media":0,"parent":3003,"menu_order":0,"comment_status":"closed","ping_status":"closed","template":"","meta":{"_et_pb_use_builder":"on","_et_pb_old_content":"","_et_gb_content_width":"","footnotes":"","_links_to":"","_links_to_target":""},"class_list":["post-6461","page","type-page","status-publish","hentry"],"_links":{"self":[{"href":"https:\/\/www.unhcr.org\/blogs\/wp-json\/wp\/v2\/pages\/6461","targetHints":{"allow":["GET"]}}],"collection":[{"href":"https:\/\/www.unhcr.org\/blogs\/wp-json\/wp\/v2\/pages"}],"about":[{"href":"https:\/\/www.unhcr.org\/blogs\/wp-json\/wp\/v2\/types\/page"}],"author":[{"embeddable":true,"href":"https:\/\/www.unhcr.org\/blogs\/wp-json\/wp\/v2\/users\/899"}],"replies":[{"embeddable":true,"href":"https:\/\/www.unhcr.org\/blogs\/wp-json\/wp\/v2\/comments?post=6461"}],"version-history":[{"count":5,"href":"https:\/\/www.unhcr.org\/blogs\/wp-json\/wp\/v2\/pages\/6461\/revisions"}],"predecessor-version":[{"id":7403,"href":"https:\/\/www.unhcr.org\/blogs\/wp-json\/wp\/v2\/pages\/6461\/revisions\/7403"}],"up":[{"embeddable":true,"href":"https:\/\/www.unhcr.org\/blogs\/wp-json\/wp\/v2\/pages\/3003"}],"wp:attachment":[{"href":"https:\/\/www.unhcr.org\/blogs\/wp-json\/wp\/v2\/media?parent=6461"}],"curies":[{"name":"wp","href":"https:\/\/api.w.org\/{rel}","templated":true}]}}