{"id":7355,"date":"2024-03-05T08:59:28","date_gmt":"2024-03-05T08:59:28","guid":{"rendered":"https:\/\/www.unhcr.org\/blogs\/?page_id=7355"},"modified":"2024-03-05T09:23:48","modified_gmt":"2024-03-05T09:23:48","slug":"felix-ndama-wa-ndama","status":"publish","type":"page","link":"https:\/\/www.unhcr.org\/blogs\/blog-authors\/felix-ndama-wa-ndama\/","title":{"rendered":"Felix Ndama Wa Ndama"},"content":{"rendered":"<p>[et_pb_section fb_built=&#8221;1&#8243; _builder_version=&#8221;4.16&#8243; _module_preset=&#8221;default&#8221; width=&#8221;100%&#8221; custom_padding=&#8221;|||2px||&#8221; global_colors_info=&#8221;{}&#8221;][et_pb_row column_structure=&#8221;1_4,3_4&#8243; _builder_version=&#8221;4.16&#8243; _module_preset=&#8221;default&#8221; global_colors_info=&#8221;{}&#8221;][et_pb_column type=&#8221;1_4&#8243; _builder_version=&#8221;4.16&#8243; _module_preset=&#8221;default&#8221; global_colors_info=&#8221;{}&#8221;][et_pb_image src=&#8221;https:\/\/www.unhcr.org\/blogs\/wp-content\/uploads\/sites\/48\/2024\/03\/Felix.jpg&#8221; alt=&#8221;author name&#8221; title_text=&#8221;Felix&#8221; align=&#8221;center&#8221; _builder_version=&#8221;4.24.2&#8243; _module_preset=&#8221;default&#8221; max_width=&#8221;200px&#8221; border_radii=&#8221;on|50%|50%|50%|50%&#8221; global_colors_info=&#8221;{}&#8221;][\/et_pb_image][\/et_pb_column][et_pb_column type=&#8221;3_4&#8243; _builder_version=&#8221;4.16&#8243; _module_preset=&#8221;default&#8221; global_colors_info=&#8221;{}&#8221;][et_pb_text _builder_version=&#8221;4.16&#8243; _module_preset=&#8221;default&#8221; custom_padding=&#8221;||40px||false|false&#8221; global_colors_info=&#8221;{}&#8221;]<\/p>\n<h1><span>Felix Ndama Wa Ndama<\/span><\/h1>\n<p><strong>UNHCR Information Management Officer<\/strong><\/p>\n<p>[\/et_pb_text][et_pb_text _builder_version=&#8221;4.24.2&#8243; _module_preset=&#8221;default&#8221; global_colors_info=&#8221;{}&#8221;]<\/p>\n<p><span>Felix Ndama is an Information Management Officer in Bujumbura, Burundi. He is responsible for evaluating the information landscape, defining data needs, designing activities, implementing data management, and monitoring and evaluating data-related tasks.\u00a0<\/span><\/p>\n<p>[\/et_pb_text][\/et_pb_column][\/et_pb_row][\/et_pb_section][et_pb_section fb_built=&#8221;1&#8243; _builder_version=&#8221;4.16&#8243; _module_preset=&#8221;default&#8221; background_color=&#8221;#f4f4f4&#8243; custom_padding=&#8221;42px|||||&#8221; global_colors_info=&#8221;{}&#8221;][et_pb_row column_structure=&#8221;1_4,3_4&#8243; _builder_version=&#8221;4.16&#8243; _module_preset=&#8221;default&#8221; custom_padding=&#8221;0px|||||&#8221; global_colors_info=&#8221;{}&#8221;][et_pb_column type=&#8221;1_4&#8243; _builder_version=&#8221;4.16&#8243; _module_preset=&#8221;default&#8221; global_colors_info=&#8221;{}&#8221;][\/et_pb_column][et_pb_column type=&#8221;3_4&#8243; _builder_version=&#8221;4.16&#8243; _module_preset=&#8221;default&#8221; global_colors_info=&#8221;{}&#8221;][et_pb_text _builder_version=&#8221;4.17.4&#8243; _module_preset=&#8221;default&#8221; custom_padding=&#8221;1px|||||&#8221; global_colors_info=&#8221;{}&#8221;]<\/p>\n<h2>Articles by Felix<\/h2>\n<p class=\"entry-title\"><a href=\"https:\/\/www.unhcr.org\/blogs\/more-countries-are-including-refugees-in-national-health-systems-development-partnerships-are-key\/\"><\/a><a href=\"https:\/\/www.unhcr.org\/blogs\/?p=7333\">Statistical Inclusion of Refugees and Refugee Returnees in Burundi: A Localized Approach to Collect Good Quality Data<\/a><\/p>\n<p class=\"entry-title\"><a href=\"https:\/\/www.unhcr.org\/blogs\/inclusion-statistique-des-refugie-e-s-et-des-rapatrie-e-s-au-burundi-une-approche-localisee-pour-collecter-des-donnees-de-bonne-qualite\/\"><span style=\"font-family: inherit; font-weight: normal;\">Inclusion statistique des r\u00e9fugi\u00e9.e.s et des rapatri\u00e9.e.s au Burundi : une approche localis\u00e9e pour collecter des donn\u00e9es de bonne qualit\u00e9<\/span><\/a><\/p>\n<p>[\/et_pb_text][\/et_pb_column][\/et_pb_row][\/et_pb_section]<\/p>\n","protected":false},"excerpt":{"rendered":"<p>Felix Ndama Wa Ndama UNHCR Information Management OfficerFelix Ndama is an Information Management Officer in Bujumbura, Burundi. He is responsible for evaluating the information landscape, defining data needs, designing activities, implementing data management, and monitoring and evaluating data-related tasks.\u00a0Articles by Felix Statistical Inclusion of Refugees and Refugee Returnees in Burundi: A Localized Approach to Collect [&hellip;]<\/p>\n","protected":false},"author":899,"featured_media":0,"parent":3003,"menu_order":0,"comment_status":"closed","ping_status":"closed","template":"","meta":{"_et_pb_use_builder":"on","_et_pb_old_content":"","_et_gb_content_width":"","footnotes":"","_links_to":"","_links_to_target":""},"class_list":["post-7355","page","type-page","status-publish","hentry"],"_links":{"self":[{"href":"https:\/\/www.unhcr.org\/blogs\/wp-json\/wp\/v2\/pages\/7355","targetHints":{"allow":["GET"]}}],"collection":[{"href":"https:\/\/www.unhcr.org\/blogs\/wp-json\/wp\/v2\/pages"}],"about":[{"href":"https:\/\/www.unhcr.org\/blogs\/wp-json\/wp\/v2\/types\/page"}],"author":[{"embeddable":true,"href":"https:\/\/www.unhcr.org\/blogs\/wp-json\/wp\/v2\/users\/899"}],"replies":[{"embeddable":true,"href":"https:\/\/www.unhcr.org\/blogs\/wp-json\/wp\/v2\/comments?post=7355"}],"version-history":[{"count":3,"href":"https:\/\/www.unhcr.org\/blogs\/wp-json\/wp\/v2\/pages\/7355\/revisions"}],"predecessor-version":[{"id":7405,"href":"https:\/\/www.unhcr.org\/blogs\/wp-json\/wp\/v2\/pages\/7355\/revisions\/7405"}],"up":[{"embeddable":true,"href":"https:\/\/www.unhcr.org\/blogs\/wp-json\/wp\/v2\/pages\/3003"}],"wp:attachment":[{"href":"https:\/\/www.unhcr.org\/blogs\/wp-json\/wp\/v2\/media?parent=7355"}],"curies":[{"name":"wp","href":"https:\/\/api.w.org\/{rel}","templated":true}]}}