{"id":1731,"date":"2019-02-11T13:14:48","date_gmt":"2019-02-11T13:14:48","guid":{"rendered":"https:\/\/www.unhcr.org\/europeanelections\/2019-european-parliament-elections\/"},"modified":"2019-04-18T14:23:44","modified_gmt":"2019-04-18T14:23:44","slug":"2019-european-parliament-elections","status":"publish","type":"page","link":"https:\/\/www.unhcr.org\/europeanunion\/da\/2019-european-parliament-elections\/","title":{"rendered":"2019 European Parliament Elections"},"content":{"rendered":"<p>[et_pb_section bb_built=&#8221;1&#8243; specialty=&#8221;off&#8221; next_background_color=&#8221;rgba(255,255,255,0.8)&#8221; _builder_version=&#8221;3.17.6&#8243; background_color=&#8221;rgba(255,255,255,0)&#8221; custom_margin=&#8221;0px||0px|&#8221; custom_padding=&#8221;0px||0px|&#8221;][et_pb_row _builder_version=&#8221;3.17.6&#8243; gutter_width=&#8221;1&#8243; make_equal=&#8221;on&#8221; module_class_1=&#8221;vertcentercontainer&#8221;][et_pb_column type=&#8221;1_2&#8243;][et_pb_text _builder_version=&#8221;3.17.6&#8243; header_font=&#8221;|800|||||||&#8221; header_text_color=&#8221;#0072bc&#8221; header_font_size=&#8221;60px&#8221; module_class=&#8221;vertcenter&#8221; header_font_size_tablet=&#8221;50px&#8221; header_font_size_phone=&#8221;40px&#8221; header_font_size_last_edited=&#8221;on|phone&#8221;]<\/p>\n<h1><strong>UNHCR&#8217;s syv hovedbudskaber til det n\u00e6ste Europa-Parlament<\/strong><\/h1>\n<p>[\/et_pb_text][\/et_pb_column][et_pb_column type=&#8221;1_2&#8243;][et_pb_video _builder_version=&#8221;3.17.6&#8243; src=&#8221;https:\/\/www.youtube.com\/watch?v=SRqjJTlpwtw&#8221; image_src=&#8221;https:\/\/www.unhcr.org\/europeanunion\/wp-content\/uploads\/sites\/70\/2019\/04\/circles-square.png&#8221; play_icon_color=&#8221;#0072bc&#8221; custom_css_video_icon=&#8221;text-shadow: 2px 2px 2px rgba(0,0,0,0.3);&#8221; module_class=&#8221;squarevideo&#8221; \/][\/et_pb_column][\/et_pb_row][\/et_pb_section][et_pb_section bb_built=&#8221;1&#8243; admin_label=&#8221;Introduction&#8221; _builder_version=&#8221;3.17.6&#8243; collapsed=&#8221;off&#8221; module_id=&#8221;CH1&#8243; prev_background_color=&#8221;rgba(255,255,255,0)&#8221; next_background_color=&#8221;rgba(255,255,255,0)&#8221; background_color=&#8221;rgba(255,255,255,0.8)&#8221;][et_pb_row _builder_version=&#8221;3.17.6&#8243; custom_width_px=&#8221;800px&#8221; use_custom_width=&#8221;on&#8221;][et_pb_column type=&#8221;4_4&#8243;][et_pb_text admin_label=&#8221;Intro&#8221; disabled_on=&#8221;||off&#8221; _builder_version=&#8221;3.17.6&#8243; header_font_size=&#8221;80&#8243; header_font_size_tablet=&#8221;60&#8243; header_font_size_last_edited=&#8221;on|phone&#8221; disabled=&#8221;off&#8221; header_font=&#8221;|700|||||||&#8221; header_font_size_phone=&#8221;36&#8243; header_2_font=&#8221;|300|||||||&#8221; header_2_font_size=&#8221;30px&#8221; header_2_font_size_phone=&#8221;24px&#8221; header_2_font_size_last_edited=&#8221;on|phone&#8221; header_3_text_color=&#8221;#0072bc&#8221;]<\/p>\n<h3><strong>Konflikt, vold og forf\u00f8lgelse tvinger flere og flere mennesker til at flygte fra deres hjem.<\/strong>\u00a0De fleste bliver i deres hjemland eller flygter til nabolande, ikke Europa. Til trods for at f\u00e6rre mennesker nu s\u00f8ger i sikkerhed i Europa, er der stadig alt for mange, der p\u00e5 tragisk vis mister livet til havs i en s\u00f8gen efter en ny fremtid. Mennesker bliver fortsat stoppet, sendt tilbage og udsat for overgreb ved landegr\u00e6nser, og mange, der s\u00f8ger beskyttelse, kan ikke komme ind i Europa.<\/h3>\n<p>Den Europ\u00e6iske Union (EU) kan spille en ledende rolle i at beskytte flygtninge i Europa og resten af verden, bl.a. ved at st\u00f8tte implementeringen af den nye flygtningepagt. Denne nye globale aftale vil sikre en st\u00e6rkere st\u00f8tte til de lande, der huser flest flygtninge. Den tilskynder ogs\u00e5 til en mere retf\u00e6rdig fordeling af ansvaret for at hj\u00e6lpe de mennesker, der er tvunget til at flygte fra deres land og s\u00f8ge tilflugt andre steder.\u00a0<\/p>\n<p>Gennem f\u00e6lles aftaler og samarbejde kan EU-landene h\u00e5ndtere ankomsten af mennesker p\u00e5 en tryg og human m\u00e5de, der virker for b\u00e5de flygtningene og de samfund, der tager imod dem. Ved at st\u00f8tte lande uden for Europa kan EU desuden reducere antallet af farlige rejser og hj\u00e6lpe med at finde langsigtede muligheder for flygtninge, s\u00e5 de kan trives og ikke blot overleve.<\/p>\n<p>[\/et_pb_text][\/et_pb_column][\/et_pb_row][\/et_pb_section][et_pb_section bb_built=&#8221;1&#8243; specialty=&#8221;off&#8221; _builder_version=&#8221;3.17.6&#8243; module_id=&#8221;CH2&#8243; prev_background_color=&#8221;rgba(255,255,255,0.8)&#8221; next_background_color=&#8221;#000000&#8243; custom_padding=&#8221;||0px|&#8221; background_color=&#8221;rgba(255,255,255,0)&#8221;][et_pb_row _builder_version=&#8221;3.17.6&#8243; custom_width_px=&#8221;700px&#8221; module_alignment=&#8221;center&#8221; use_custom_width=&#8221;on&#8221;][et_pb_column type=&#8221;4_4&#8243;][et_pb_text admin_label=&#8221;BETTER PROTECT REFUGEES IN THE EU AND GLOBALLY&#8221; disabled_on=&#8221;||off&#8221; _builder_version=&#8221;3.17.6&#8243; header_font_size=&#8221;80&#8243; header_font_size_tablet=&#8221;60&#8243; header_font_size_last_edited=&#8221;on|phone&#8221; disabled=&#8221;off&#8221; header_font=&#8221;|700|||||||&#8221; header_font_size_phone=&#8221;36&#8243; header_2_font=&#8221;|700|||||||&#8221; header_2_font_size=&#8221;48px&#8221; header_2_font_size_phone=&#8221;36px&#8221; header_2_font_size_last_edited=&#8221;on|phone&#8221; text_font_size=&#8221;20px&#8221; header_2_text_color=&#8221;#0072bc&#8221;]<\/p>\n<h2 class=\"p1\" style=\"text-align: center\"><strong><span class=\"s1\">Bedre beskyttelse af flygtninge i EU og globalt<\/span><\/strong><\/h2>\n<h3 class=\"p1\" style=\"text-align: center\">Medlemmerne af det n\u00e6ste Europa-Parlament har en unik og vigtig mulighed for at:<\/h3>\n<p>[\/et_pb_text][\/et_pb_column][\/et_pb_row][\/et_pb_section][et_pb_section bb_built=&#8221;1&#8243; specialty=&#8221;off&#8221; prev_background_color=&#8221;#000000&#8243; _builder_version=&#8221;3.17.6&#8243; background_color=&#8221;rgba(255,255,255,0)&#8221;][et_pb_row _builder_version=&#8221;3.17.6&#8243; background_color_1=&#8221;#f4f4f4&#8243; make_equal=&#8221;on&#8221; background_color_2=&#8221;#f4f4f4&#8243; padding_top_1=&#8221;20px&#8221; padding_right_1=&#8221;20px&#8221; padding_bottom_1=&#8221;20px&#8221; padding_left_1=&#8221;20px&#8221; padding_top_2=&#8221;20px&#8221; padding_right_2=&#8221;20px&#8221; padding_bottom_2=&#8221;20px&#8221; padding_left_2=&#8221;20px&#8221;][et_pb_column type=&#8221;1_2&#8243;][et_pb_video _builder_version=&#8221;3.17.6&#8243; src=&#8221;https:\/\/youtu.be\/fNIQkCF-Zm8&#8243; image_src=&#8221;https:\/\/www.unhcr.org\/europeanunion\/wp-content\/uploads\/sites\/70\/2019\/04\/sq-1.jpg&#8221; play_icon_color=&#8221;#0072bc&#8221; custom_css_video_icon=&#8221;text-shadow: 2px 2px 2px rgba(0,0,0,0.3);&#8221; module_class=&#8221;squarevideo&#8221; \/][et_pb_text _builder_version=&#8221;3.17.6&#8243; header_2_text_color=&#8221;#0072bc&#8221;]<\/p>\n<h2 style=\"text-align: center\">Beskytte menneskers ret til sikkerhed og asyl<\/h2>\n<p>Enhver, der flygter fra konflikt, vold og forf\u00f8lgelse\u00a0har ret til at s\u00f8ge i sikkerhed.\u00a0Mennesker, som s\u00f8ger asyl ved en gr\u00e6nse,\u00a0skal have mulighed for at g\u00f8re det.\u00a0B\u00f8rn skal aldrig sp\u00e6rres inde,\u00a0og voksne kun som en sidste udvej og i en kort, tidsbegr\u00e6nset periode.\u00a0Menneskerettigheder g\u00e6lder for alle og skal altid respekteres.\u00a0<\/p>\n<p>[\/et_pb_text][\/et_pb_column][et_pb_column type=&#8221;1_2&#8243;][et_pb_video _builder_version=&#8221;3.17.6&#8243; src=&#8221;https:\/\/youtu.be\/Dx13Zou9e7s&#8221; image_src=&#8221;https:\/\/www.unhcr.org\/europeanunion\/wp-content\/uploads\/sites\/70\/2019\/04\/sq-2.jpg&#8221; play_icon_color=&#8221;#0072bc&#8221; custom_css_video_icon=&#8221;text-shadow: 2px 2px 2px rgba(0,0,0,0.3);&#8221; module_class=&#8221;squarevideo&#8221; \/][et_pb_text _builder_version=&#8221;3.17.6&#8243; header_2_text_color=&#8221;#0072bc&#8221;]<\/p>\n<h2 style=\"text-align: center\">Skabe fair og effektive asylprocesser i EU<\/h2>\n<p class=\"p1\">Mennesker, som flygter fra konflikt, vold og forf\u00f8lgelse og ankommer til EU, skal hurtigt identificeres, s\u00e5 de kan f\u00e5 asyl og hj\u00e6lp. De, der ikke har krav p\u00e5 beskyttelse, b\u00f8r ogs\u00e5 identificeres hurtigt og kan sendes retur \u2013 med v\u00e6rdighed og respekt.<\/p>\n<p>[\/et_pb_text][\/et_pb_column][\/et_pb_row][et_pb_row _builder_version=&#8221;3.17.6&#8243; background_color_1=&#8221;#f4f4f4&#8243; make_equal=&#8221;on&#8221; background_color_2=&#8221;#f4f4f4&#8243; padding_top_1=&#8221;20px&#8221; padding_right_1=&#8221;20px&#8221; padding_bottom_1=&#8221;20px&#8221; padding_left_1=&#8221;20px&#8221; padding_top_2=&#8221;20px&#8221; padding_right_2=&#8221;20px&#8221; padding_bottom_2=&#8221;20px&#8221; padding_left_2=&#8221;20px&#8221;][et_pb_column type=&#8221;1_2&#8243;][et_pb_video _builder_version=&#8221;3.17.6&#8243; src=&#8221;https:\/\/youtu.be\/WmDinhR5Bqw&#8221; image_src=&#8221;https:\/\/www.unhcr.org\/europeanunion\/wp-content\/uploads\/sites\/70\/2019\/04\/sq-3.jpg&#8221; play_icon_color=&#8221;#0072bc&#8221; custom_css_video_icon=&#8221;text-shadow: 2px 2px 2px rgba(0,0,0,0.3);&#8221; module_class=&#8221;squarevideo&#8221; \/][et_pb_text _builder_version=&#8221;3.17.6&#8243; header_2_text_color=&#8221;#0072bc&#8221;]<\/p>\n<h2 style=\"text-align: center\">Udvise solidaritet mellem EU-lande<\/h2>\n<p>Ansvaret for at modtage s\u00e5vel som at huse mennesker, der s\u00f8ger sikkerhed og asyl, kan deles p\u00e5 en retf\u00e6rdig og praktisk m\u00e5de \u2013 eksempelvis ved at overf\u00f8re asylans\u00f8gere fra lande, der modtager mange ans\u00f8gninger, til andre lande.<\/p>\n<p>[\/et_pb_text][\/et_pb_column][et_pb_column type=&#8221;1_2&#8243;][et_pb_video _builder_version=&#8221;3.17.6&#8243; src=&#8221;https:\/\/youtu.be\/3T7D3GOo1CM&#8221; image_src=&#8221;https:\/\/www.unhcr.org\/europeanunion\/wp-content\/uploads\/sites\/70\/2019\/04\/sq-4.jpg&#8221; play_icon_color=&#8221;#0072bc&#8221; custom_css_video_icon=&#8221;text-shadow: 2px 2px 2px rgba(0,0,0,0.3);&#8221; module_class=&#8221;squarevideo&#8221; \/][et_pb_text _builder_version=&#8221;3.17.6&#8243; header_2_text_color=&#8221;#0072bc&#8221;]<\/p>\n<h2 style=\"text-align: center\">Tilbyde flere lovlige alternativer for flygtninge til at komme i sikkerhed i Europa<\/h2>\n<p>Med flere og faste forpligtelser fra EU-stater til at genbos\u00e6tte kvoteflygtninge og tilbyde andre sikre og lovlige adgangsveje, vil f\u00e6rre mennesker ty til farlige rejser for at s\u00f8ge i sikkerhed i Europa.<\/p>\n<p>[\/et_pb_text][\/et_pb_column][\/et_pb_row][et_pb_row _builder_version=&#8221;3.17.6&#8243; background_color_1=&#8221;#f4f4f4&#8243; make_equal=&#8221;on&#8221; background_color_2=&#8221;#f4f4f4&#8243; padding_top_1=&#8221;20px&#8221; padding_right_1=&#8221;20px&#8221; padding_bottom_1=&#8221;20px&#8221; padding_left_1=&#8221;20px&#8221; padding_top_2=&#8221;20px&#8221; padding_right_2=&#8221;20px&#8221; padding_bottom_2=&#8221;20px&#8221; padding_left_2=&#8221;20px&#8221;][et_pb_column type=&#8221;1_2&#8243;][et_pb_video _builder_version=&#8221;3.17.6&#8243; src=&#8221;https:\/\/youtu.be\/PVhEURkUu60&#8243; image_src=&#8221;https:\/\/www.unhcr.org\/europeanunion\/wp-content\/uploads\/sites\/70\/2019\/04\/sq-5.jpg&#8221; play_icon_color=&#8221;#0072bc&#8221; custom_css_video_icon=&#8221;text-shadow: 2px 2px 2px rgba(0,0,0,0.3);&#8221; module_class=&#8221;squarevideo&#8221; \/][et_pb_text _builder_version=&#8221;3.17.6&#8243; header_2_text_color=&#8221;#0072bc&#8221;]<\/p>\n<h2 style=\"text-align: center\">Redde liv til havs<\/h2>\n<p>Alt for mange mennesker mister livet, n\u00e5r de fors\u00f8ger at krydse Middelhavet. Der er brug for en \u00f8get kapacitet til redningsaktioner og sikre havne til at kunne g\u00e5 i land b\u00e5de i og uden for Europa. EU-landene er n\u00f8dt til at blive enige om, hvor mennesker, der er blevet reddet til havs, kan komme i land sikkert.<\/p>\n<p>[\/et_pb_text][\/et_pb_column][et_pb_column type=&#8221;1_2&#8243;][et_pb_video _builder_version=&#8221;3.17.6&#8243; src=&#8221;https:\/\/youtu.be\/CGg3Rzfrh0k&#8221; image_src=&#8221;https:\/\/www.unhcr.org\/europeanunion\/wp-content\/uploads\/sites\/70\/2019\/04\/sq-6.jpg&#8221; play_icon_color=&#8221;#0072bc&#8221; custom_css_video_icon=&#8221;text-shadow: 2px 2px 2px rgba(0,0,0,0.3);&#8221; module_class=&#8221;squarevideo&#8221; \/][et_pb_text _builder_version=&#8221;3.17.6&#8243; header_2_text_color=&#8221;#0072bc&#8221;]<\/p>\n<h2 style=\"text-align: center\">Byde flygtninge velkomne i deres nye hjem<\/h2>\n<p>Mennesker kan hurtigere genopbygge deres liv, n\u00e5r de f\u00f8ler sig trygge, lever under ordentlige forhold, og deres menneskerettigheder bliver respekteret, herunder retten til uddannelse. Giver vi dem en chance, kan flygtninge blive integreret og i h\u00f8j grad bidrage til de samfund, der huser dem.<\/p>\n<p>[\/et_pb_text][\/et_pb_column][\/et_pb_row][et_pb_row _builder_version=&#8221;3.17.6&#8243; background_color_1=&#8221;#f4f4f4&#8243; make_equal=&#8221;on&#8221; background_color_2=&#8221;#0072bc&#8221; padding_top_1=&#8221;20px&#8221; padding_right_1=&#8221;20px&#8221; padding_bottom_1=&#8221;20px&#8221; padding_left_1=&#8221;20px&#8221; padding_top_2=&#8221;20px&#8221; padding_right_2=&#8221;20px&#8221; padding_bottom_2=&#8221;20px&#8221; padding_left_2=&#8221;20px&#8221;][et_pb_column type=&#8221;1_2&#8243;][et_pb_video _builder_version=&#8221;3.17.6&#8243; src=&#8221;https:\/\/youtu.be\/xbXNmlKAdro&#8221; image_src=&#8221;https:\/\/www.unhcr.org\/europeanunion\/wp-content\/uploads\/sites\/70\/2019\/04\/sq-7.jpg&#8221; play_icon_color=&#8221;#0072bc&#8221; custom_css_video_icon=&#8221;text-shadow: 2px 2px 2px rgba(0,0,0,0.3);&#8221; module_class=&#8221;squarevideo&#8221; \/][et_pb_text _builder_version=&#8221;3.17.6&#8243; header_2_text_color=&#8221;#0072bc&#8221;]<\/p>\n<h2 style=\"text-align: center\">Hj\u00e6lpe flygtninge til at trives, hvor de end befinder sig<\/h2>\n<p>Europ\u00e6isk st\u00f8tte til lande over hele verden vil hj\u00e6lpe flygtninge med at genopbygge deres liv, uanset hvor de er. N\u00e5r de bliver tilbudt en fremtid andre steder,\u00a0vil f\u00e6rre mennesker fors\u00f8ge at begive sig ud p\u00e5 desperate rejser mod Europa.\u00a0<\/p>\n<p>[\/et_pb_text][\/et_pb_column][et_pb_column type=&#8221;1_2&#8243;][et_pb_image _builder_version=&#8221;3.17.6&#8243; src=&#8221;https:\/\/www.unhcr.org\/europeanunion\/wp-content\/uploads\/sites\/70\/2019\/04\/shareplaceholder.png&#8221; align=&#8221;center&#8221; max_width=&#8221;50%&#8221; disabled_on=&#8221;on|off|&#8221; disabled=&#8221;off&#8221; \/][et_pb_text _builder_version=&#8221;3.17.6&#8243; background_layout=&#8221;dark&#8221;]<\/p>\n<h2 style=\"text-align: center\">Syv handlinger.<\/h2>\n<h2 style=\"text-align: center\">\u00c9n f\u00e6lles fremtid.<\/h2>\n<h2 style=\"text-align: center\">Det ligger i dine h\u00e6nder.<\/h2>\n<p>&nbsp;<\/p>\n<p>&nbsp;<\/p>\n<h3 style=\"text-align: center\">Del denne side<\/h3>\n<p style=\"text-align: center\"><a class=\"et_pb_button et_pb_button_1 et_pb_bg_layout_dark\" href=\"https:\/\/www.facebook.com\/sharer.php?u=https%3A%2F%2Fwww.unhcr.org%2Feuropeanelections&amp;t=2019%20European%20Parliament%20Elections\" target=\"_blank\" rel=\"noopener\">Facebook<\/a> \u00a0\u00a0<a class=\"et_pb_button et_pb_button_0 et_pb_bg_layout_dark\" href=\"https:\/\/twitter.com\/share?text=2019%20European%20Parliament%20Elections&amp;url=https%3A%2F%2Fwww.unhcr.org%2Feuropeanelections&amp;via=refugees\" target=\"_blank\" rel=\"noopener\">Twitter<\/a><\/p>\n<p>[\/et_pb_text][\/et_pb_column][\/et_pb_row][\/et_pb_section]<\/p>\n","protected":false},"excerpt":{"rendered":"<p>UNHCR&#8217;s syv hovedbudskaber til det n\u00e6ste Europa-Parlament Konflikt, vold og forf\u00f8lgelse tvinger flere og flere mennesker til at flygte fra deres hjem.\u00a0De fleste bliver i deres hjemland eller flygter til nabolande, ikke Europa. Til trods for at f\u00e6rre mennesker nu s\u00f8ger i sikkerhed i Europa, er der stadig alt for mange, der p\u00e5 tragisk vis [&hellip;]<\/p>\n","protected":false},"author":1,"featured_media":0,"parent":0,"menu_order":0,"comment_status":"closed","ping_status":"closed","template":"","meta":{"_et_pb_use_builder":"on","_et_pb_old_content":"","_et_gb_content_width":"","footnotes":""},"class_list":["post-1731","page","type-page","status-publish","hentry"],"_links":{"self":[{"href":"https:\/\/www.unhcr.org\/europeanunion\/da\/wp-json\/wp\/v2\/pages\/1731","targetHints":{"allow":["GET"]}}],"collection":[{"href":"https:\/\/www.unhcr.org\/europeanunion\/da\/wp-json\/wp\/v2\/pages"}],"about":[{"href":"https:\/\/www.unhcr.org\/europeanunion\/da\/wp-json\/wp\/v2\/types\/page"}],"author":[{"embeddable":true,"href":"https:\/\/www.unhcr.org\/europeanunion\/da\/wp-json\/wp\/v2\/users\/1"}],"replies":[{"embeddable":true,"href":"https:\/\/www.unhcr.org\/europeanunion\/da\/wp-json\/wp\/v2\/comments?post=1731"}],"version-history":[{"count":7,"href":"https:\/\/www.unhcr.org\/europeanunion\/da\/wp-json\/wp\/v2\/pages\/1731\/revisions"}],"predecessor-version":[{"id":1937,"href":"https:\/\/www.unhcr.org\/europeanunion\/da\/wp-json\/wp\/v2\/pages\/1731\/revisions\/1937"}],"wp:attachment":[{"href":"https:\/\/www.unhcr.org\/europeanunion\/da\/wp-json\/wp\/v2\/media?parent=1731"}],"curies":[{"name":"wp","href":"https:\/\/api.w.org\/{rel}","templated":true}]}}