{"id":6437,"date":"2024-05-16T12:54:27","date_gmt":"2024-05-16T12:54:27","guid":{"rendered":"https:\/\/www.unhcr.org\/europeanunion\/unhcrs-seven-key-calls-to-the-next-european-parliament\/"},"modified":"2024-05-19T18:54:37","modified_gmt":"2024-05-19T18:54:37","slug":"unhcrs-seven-key-calls-to-the-next-european-parliament","status":"publish","type":"page","link":"https:\/\/www.unhcr.org\/europeanunion\/da\/","title":{"rendered":"UNHCR\u2019s Syv Centrale Opfordringer til det kommende Europa-Parlament"},"content":{"rendered":"<p>[et_pb_section fb_built=&#8221;1&#8243; _builder_version=&#8221;4.16&#8243; background_color=&#8221;rgba(255,255,255,0)&#8221; custom_margin=&#8221;0px||0px|&#8221; custom_padding=&#8221;0px||0px|&#8221; global_colors_info=&#8221;{}&#8221;][et_pb_row column_structure=&#8221;1_2,1_2&#8243; make_equal=&#8221;on&#8221; _builder_version=&#8221;4.24.3&#8243; custom_css_main_element=&#8221;margin: auto;&#8221; global_colors_info=&#8221;{}&#8221;][et_pb_column type=&#8221;1_2&#8243; _builder_version=&#8221;4.24.3&#8243; custom_padding=&#8221;|||&#8221; custom_css_main_element=&#8221;margin: auto;&#8221; custom_css_free_form=&#8221;\t&#8221; global_colors_info=&#8221;{}&#8221; custom_padding__hover=&#8221;|||&#8221;][et_pb_text _builder_version=&#8221;4.24.3&#8243; text_font=&#8221;||||||||&#8221; header_font=&#8221;||||||||&#8221; header_text_color=&#8221;#0072bc&#8221; max_width=&#8221;80%&#8221; module_alignment=&#8221;left&#8221; custom_padding=&#8221;||||false|false&#8221; custom_css_main_element=&#8221;align-items: center;&#8221; global_colors_info=&#8221;{}&#8221;]<\/p>\n<h1 style=\"text-align: left;\">UNHCR\u2019s Syv Centrale Opfordringer til det kommende Europa-Parlament<\/h1>\n<p>[\/et_pb_text][\/et_pb_column][et_pb_column type=&#8221;1_2&#8243; _builder_version=&#8221;4.16&#8243; custom_padding=&#8221;|||&#8221; global_colors_info=&#8221;{}&#8221; custom_padding__hover=&#8221;|||&#8221;][et_pb_video src=&#8221;https:\/\/www.youtube.com\/watch?v=l5BGeaurAmQ&#038;list=PLe7noxa9cIeZWA83flxg3gK-XxTGNdM3s&#038;index=2&#8243; image_src=&#8221;\/\/i.ytimg.com\/vi\/l5BGeaurAmQ\/hqdefault.jpg&#8221; play_icon_color=&#8221;#0072bc&#8221; thumbnail_overlay_color=&#8221;rgba(0,0,0,0.6)&#8221; module_class=&#8221;squarevideo&#8221; _builder_version=&#8221;4.24.3&#8243; custom_css_video_icon=&#8221;text-shadow: 2px 2px 2px rgba(0,0,0,0.3);&#8221; global_colors_info=&#8221;{}&#8221;][\/et_pb_video][\/et_pb_column][\/et_pb_row][\/et_pb_section][et_pb_section fb_built=&#8221;1&#8243; admin_label=&#8221;Introduction&#8221; module_id=&#8221;CH1&#8243; _builder_version=&#8221;4.16&#8243; background_color=&#8221;rgba(255,255,255,0.8)&#8221; collapsed=&#8221;off&#8221; global_colors_info=&#8221;{}&#8221;][et_pb_row _builder_version=&#8221;4.16&#8243; max_width=&#8221;800px&#8221; use_custom_width=&#8221;on&#8221; custom_width_px=&#8221;800px&#8221; global_colors_info=&#8221;{}&#8221;][et_pb_column type=&#8221;4_4&#8243; _builder_version=&#8221;4.16&#8243; custom_padding=&#8221;|||&#8221; global_colors_info=&#8221;{}&#8221; custom_padding__hover=&#8221;|||&#8221;][et_pb_text disabled_on=&#8221;||off&#8221; admin_label=&#8221;Intro&#8221; _builder_version=&#8221;4.24.3&#8243; header_font=&#8221;|700|||||||&#8221; header_font_size=&#8221;80&#8243; header_2_font=&#8221;|300|||||||&#8221; header_2_font_size=&#8221;30px&#8221; header_3_text_color=&#8221;#0072bc&#8221; header_font_size_tablet=&#8221;60&#8243; header_font_size_phone=&#8221;36&#8243; header_font_size_last_edited=&#8221;on|phone&#8221; header_2_font_size_tablet=&#8221;&#8221; header_2_font_size_phone=&#8221;24px&#8221; header_2_font_size_last_edited=&#8221;on|phone&#8221; global_colors_info=&#8221;{}&#8221;]<\/p>\n<p class=\"intro\"><strong>Konflikt, vold og forf\u00f8lgelse tvinger flere og flere mennesker til at flygte fra deres hjem.<\/strong> De fleste af dem bliver i deres eget land eller flygter til et naboland \u2013 ikke til EU. Alligevel d\u00f8r alt for mange desv\u00e6rre stadig undervejs i deres flugt til lands og til s\u00f8s i deres s\u00f8gen efter beskyttelse og hj\u00e6lp. Tilbagesendelser og kr\u00e6nkelser af menneskerettigheder ved gr\u00e6nserne forts\u00e6tter ogs\u00e5, og mange mennesker, der s\u00f8ger sikkerhed, kan ikke komme ind i Europa.<\/p>\n<p>At blive flygtning er ikke et valg, men det er til geng\u00e6ld m\u00e5den vi handler og reagerer p\u00e5. EU kan spille en ledende rolle i at beskytte flygtninge og give h\u00e5b til dem, der er tvunget v\u00e6k fra deres hjem.<\/p>\n<p>Med en f\u00e6lles respons kan EU-landene h\u00e5ndtere ankomsten af mennesker p\u00e5 en sikker og human m\u00e5de, der fungerer b\u00e5de for flygtninge og de samfund og lande, der modtager dem.<\/p>\n<p>Ved at st\u00f8tte lande uden for Europa kan EU ogs\u00e5 reducere antallet af mennesker, der begiver sig ud p\u00e5 farlige rejser og i stedet hj\u00e6lpe med at finde langsigtede muligheder og l\u00f8sninger for flygtninge.<\/p>\n<p>[\/et_pb_text][\/et_pb_column][\/et_pb_row][\/et_pb_section][et_pb_section fb_built=&#8221;1&#8243; module_id=&#8221;CH2&#8243; _builder_version=&#8221;4.16&#8243; background_color=&#8221;rgba(255,255,255,0)&#8221; custom_padding=&#8221;||0px|&#8221; global_colors_info=&#8221;{}&#8221;][et_pb_row _builder_version=&#8221;4.16&#8243; max_width=&#8221;700px&#8221; module_alignment=&#8221;center&#8221; use_custom_width=&#8221;on&#8221; custom_width_px=&#8221;700px&#8221; global_colors_info=&#8221;{}&#8221;][et_pb_column type=&#8221;4_4&#8243; _builder_version=&#8221;4.16&#8243; custom_padding=&#8221;|||&#8221; global_colors_info=&#8221;{}&#8221; custom_padding__hover=&#8221;|||&#8221;][et_pb_text disabled_on=&#8221;||off&#8221; admin_label=&#8221;What can the EU do to better protect refugees?&#8221; _builder_version=&#8221;4.24.3&#8243; text_font_size=&#8221;20px&#8221; header_font=&#8221;|700|||||||&#8221; header_font_size=&#8221;80&#8243; header_2_font=&#8221;|700|||||||&#8221; header_2_text_color=&#8221;#0072bc&#8221; header_2_font_size=&#8221;48px&#8221; header_font_size_tablet=&#8221;60&#8243; header_font_size_phone=&#8221;36&#8243; header_font_size_last_edited=&#8221;on|phone&#8221; header_2_font_size_tablet=&#8221;&#8221; header_2_font_size_phone=&#8221;36px&#8221; header_2_font_size_last_edited=&#8221;on|phone&#8221; global_colors_info=&#8221;{}&#8221;]<\/p>\n<h2 class=\"p1\" style=\"text-align: center;\"><strong>Medlemmer af det kommende EU-parlament har en unik og vigtig mulighed for at:<\/strong><\/h2>\n<p>[\/et_pb_text][\/et_pb_column][\/et_pb_row][\/et_pb_section][et_pb_section fb_built=&#8221;1&#8243; _builder_version=&#8221;4.16&#8243; background_color=&#8221;rgba(255,255,255,0)&#8221; global_colors_info=&#8221;{}&#8221;][et_pb_row column_structure=&#8221;1_2,1_2&#8243; make_equal=&#8221;on&#8221; _builder_version=&#8221;4.16&#8243; global_colors_info=&#8221;{}&#8221;][et_pb_column type=&#8221;1_2&#8243; _builder_version=&#8221;4.16&#8243; background_color=&#8221;#f4f4f4&#8243; custom_padding=&#8221;20px|20px|20px|20px&#8221; global_colors_info=&#8221;{}&#8221; custom_padding__hover=&#8221;|||&#8221;][et_pb_video src=&#8221;https:\/\/www.youtube.com\/watch?v=z1A18BRxRu0&#038;list=PLe7noxa9cIeZWA83flxg3gK-XxTGNdM3s&#038;index=2&#8243; image_src=&#8221;https:\/\/www.unhcr.org\/europeanunion\/wp-content\/uploads\/sites\/70\/2024\/05\/24-action-1.jpg&#8221; play_icon_color=&#8221;#0072bc&#8221; module_class=&#8221;squarevideo&#8221; _builder_version=&#8221;4.24.3&#8243; custom_css_video_icon=&#8221;text-shadow: 2px 2px 2px rgba(0,0,0,0.3);&#8221; global_colors_info=&#8221;{}&#8221;][\/et_pb_video][et_pb_text _builder_version=&#8221;4.24.3&#8243; header_2_text_color=&#8221;#0072bc&#8221; header_3_font=&#8221;|700|||||||&#8221; header_3_text_color=&#8221;#0072BC&#8221; header_3_font_size=&#8221;26px&#8221; global_colors_info=&#8221;{}&#8221;]<\/p>\n<h3 style=\"text-align: center;\">1. BESKYTTE MENNESKERS RET TIL SIKKERHED OG ASYL<\/h3>\n<p>At s\u00f8ge sikkerhed fra krig, konflikt og forf\u00f8lgelse er en grundl\u00e6ggende menneskeret. Mennesker skal have lov til at s\u00f8ge asyl, og det m\u00e5 aldrig koste nogen deres liv eller deres v\u00e6rdighed. Tilbagesendelser og kr\u00e6nkelser af menneskerettigheder ved Europas gr\u00e6nser skal stoppe. EU er n\u00f8dt til at etablere effektive efters\u00f8gnings- og redningsoperationer til s\u00f8s samt aftaler om, hvor reddede mennesker kan s\u00e6ttes i land.<\/p>\n<p>[\/et_pb_text][\/et_pb_column][et_pb_column type=&#8221;1_2&#8243; _builder_version=&#8221;4.16&#8243; background_color=&#8221;#f4f4f4&#8243; custom_padding=&#8221;20px|20px|20px|20px&#8221; global_colors_info=&#8221;{}&#8221; custom_padding__hover=&#8221;|||&#8221;][et_pb_video src=&#8221;https:\/\/www.youtube.com\/watch?v=NOYuXXikOLY&#038;list=PLe7noxa9cIeZWA83flxg3gK-XxTGNdM3s&#038;index=3&#8243; image_src=&#8221;https:\/\/www.unhcr.org\/europeanunion\/wp-content\/uploads\/sites\/70\/2024\/05\/24-action-2.jpg&#8221; play_icon_color=&#8221;#0072bc&#8221; module_class=&#8221;squarevideo&#8221; _builder_version=&#8221;4.24.3&#8243; custom_css_video_icon=&#8221;text-shadow: 2px 2px 2px rgba(0,0,0,0.3);&#8221; global_colors_info=&#8221;{}&#8221;][\/et_pb_video][et_pb_text _builder_version=&#8221;4.24.3&#8243; header_2_text_color=&#8221;#0072bc&#8221; header_3_font=&#8221;|700|||||||&#8221; header_3_text_color=&#8221;#0072BC&#8221; header_3_font_size=&#8221;26px&#8221; locked=&#8221;off&#8221; global_colors_info=&#8221;{}&#8221;]<\/p>\n<h3 style=\"text-align: center;\">2. SIKRE HUMANE ASYLPROCEDURER<\/h3>\n<p>Gr\u00e6nseprocedurer skal udf\u00f8res i overensstem- melse med grundl\u00e6ggende retsprincipper og m\u00e5 ikke f\u00f8re til tilbageholdelse. B\u00f8rn b\u00f8r aldrig tilbageholdes. Alle har ret til passende modta- geforhold og v\u00e6rdig indkvartering. Menneske- rettighederne g\u00e6lder for alle og skal til enhver tid respekteres. De, der ikke har ret til interna- tional beskyttelse, b\u00f8r sendes tilbage til deres oprindelsesland efter en retf\u00e6rdig proces og i overensstemmelse med deres menneskerettig- heder.[\/et_pb_text][\/et_pb_column][\/et_pb_row][et_pb_row column_structure=&#8221;1_2,1_2&#8243; make_equal=&#8221;on&#8221; _builder_version=&#8221;4.16&#8243; global_colors_info=&#8221;{}&#8221;][et_pb_column type=&#8221;1_2&#8243; _builder_version=&#8221;4.16&#8243; background_color=&#8221;#f4f4f4&#8243; custom_padding=&#8221;20px|20px|20px|20px&#8221; global_colors_info=&#8221;{}&#8221; custom_padding__hover=&#8221;|||&#8221;][et_pb_video src=&#8221;https:\/\/www.youtube.com\/watch?v=JhQawGI4VcI&#038;list=PLe7noxa9cIeZWA83flxg3gK-XxTGNdM3s&#038;index=4&#8243; image_src=&#8221;https:\/\/www.unhcr.org\/europeanunion\/wp-content\/uploads\/sites\/70\/2024\/05\/24-action-3.jpg&#8221; play_icon_color=&#8221;#0072bc&#8221; module_class=&#8221;squarevideo&#8221; _builder_version=&#8221;4.24.3&#8243; custom_css_video_icon=&#8221;text-shadow: 2px 2px 2px rgba(0,0,0,0.3);&#8221; global_colors_info=&#8221;{}&#8221;][\/et_pb_video][et_pb_text _builder_version=&#8221;4.24.3&#8243; header_2_text_color=&#8221;#0072bc&#8221; header_3_font=&#8221;|700|||||||&#8221; header_3_text_color=&#8221;#0072BC&#8221; header_3_font_size=&#8221;26px&#8221; locked=&#8221;off&#8221; global_colors_info=&#8221;{}&#8221;]<\/p>\n<h3 style=\"text-align: center;\">3. VISE SOLIDARITET MED LANDE, DER HUSER MANGE FLYGTNINGE<\/h3>\n<p>Ansvaret for at modtage og huse mennesker, der s\u00f8ger asyl, kan deles p\u00e5 en retf\u00e6rdig m\u00e5de ved at fordele folk fra lande, der modtager sto- re antal, til andre EU-lande. Global solidaritet og st\u00f8tte til store v\u00e6rtslande for flygtninge uden for EU er ogs\u00e5 afg\u00f8rende.[\/et_pb_text][\/et_pb_column][et_pb_column type=&#8221;1_2&#8243; _builder_version=&#8221;4.16&#8243; background_color=&#8221;#f4f4f4&#8243; custom_padding=&#8221;20px|20px|20px|20px&#8221; global_colors_info=&#8221;{}&#8221; custom_padding__hover=&#8221;|||&#8221;][et_pb_video src=&#8221;https:\/\/www.youtube.com\/watch?v=VJODfEm5oZ0&#038;list=PLe7noxa9cIeZWA83flxg3gK-XxTGNdM3s&#038;index=5&#8243; image_src=&#8221;https:\/\/www.unhcr.org\/europeanunion\/wp-content\/uploads\/sites\/70\/2024\/05\/24-action-4.jpg&#8221; play_icon_color=&#8221;#0072bc&#8221; module_class=&#8221;squarevideo&#8221; _builder_version=&#8221;4.24.3&#8243; custom_css_video_icon=&#8221;text-shadow: 2px 2px 2px rgba(0,0,0,0.3);&#8221; global_colors_info=&#8221;{}&#8221;][\/et_pb_video][et_pb_text _builder_version=&#8221;4.24.3&#8243; header_2_text_color=&#8221;#0072bc&#8221; header_3_font=&#8221;|700|||||||&#8221; header_3_text_color=&#8221;#0072BC&#8221; header_3_font_size=&#8221;26px&#8221; locked=&#8221;off&#8221; global_colors_info=&#8221;{}&#8221;]<\/p>\n<h3 style=\"text-align: center;\">4. ST\u00d8TTE FLYGTNINGE LANGS FLUGTRUTERNE<\/h3>\n<p>Flygtninge st\u00e5r over for talrige udfordringer undervejs p\u00e5 deres flugt herunder fysiske farer, udnyttelse, vold og mangel p\u00e5 basale behov som vand og mad. For at minimere menneskelige lidelser b\u00f8r EU, s\u00e5 tidligt som muligt, st\u00f8tte operationer langs flygtningeruter og tilbyde varige og lovlige l\u00f8sninger til mennesker med behov for beskyttelse.[\/et_pb_text][\/et_pb_column][\/et_pb_row][et_pb_row column_structure=&#8221;1_2,1_2&#8243; make_equal=&#8221;on&#8221; _builder_version=&#8221;4.16&#8243; global_colors_info=&#8221;{}&#8221;][et_pb_column type=&#8221;1_2&#8243; _builder_version=&#8221;4.16&#8243; background_color=&#8221;#f4f4f4&#8243; custom_padding=&#8221;20px|20px|20px|20px&#8221; global_colors_info=&#8221;{}&#8221; custom_padding__hover=&#8221;|||&#8221;][et_pb_video src=&#8221;https:\/\/www.youtube.com\/watch?v=ywsIdZOEFhk&#038;list=PLe7noxa9cIeZWA83flxg3gK-XxTGNdM3s&#038;index=6&#8243; image_src=&#8221;https:\/\/www.unhcr.org\/europeanunion\/wp-content\/uploads\/sites\/70\/2024\/05\/24-action-5.jpg&#8221; play_icon_color=&#8221;#0072bc&#8221; module_class=&#8221;squarevideo&#8221; _builder_version=&#8221;4.24.3&#8243; custom_css_video_icon=&#8221;text-shadow: 2px 2px 2px rgba(0,0,0,0.3);&#8221; global_colors_info=&#8221;{}&#8221;][\/et_pb_video][et_pb_text _builder_version=&#8221;4.24.3&#8243; header_2_text_color=&#8221;#0072bc&#8221; header_3_font=&#8221;|700|||||||&#8221; header_3_text_color=&#8221;#0072BC&#8221; header_3_font_size=&#8221;26px&#8221; locked=&#8221;off&#8221; global_colors_info=&#8221;{}&#8221;]<\/p>\n<h3 style=\"text-align: center;\">5. TILBYDE FLYGTNINGE JURIDISKE MULIGHEDER FOR AT KOMME I SIKKERHED I EUROPA<\/h3>\n<p>Med en konstant forpligtelse fra EU-landene til at for\u00f8ge muligheden for genbos\u00e6ttelse for mennesker tvunget p\u00e5 flugt \u2013 og andre sikre og lovlige kanaler og processer \u2013 vil f\u00e6rre mennesker begive sig ud p\u00e5 farlige rejser for at s\u00f8ge sikkerhed i Europa. Fleksible og retf\u00e6rdige procedurer er n\u00f8dvendige for at sikre, at flygtningefamilier kan genforenes.[\/et_pb_text][\/et_pb_column][et_pb_column type=&#8221;1_2&#8243; _builder_version=&#8221;4.16&#8243; background_color=&#8221;#f4f4f4&#8243; custom_padding=&#8221;20px|20px|20px|20px&#8221; global_colors_info=&#8221;{}&#8221; custom_padding__hover=&#8221;|||&#8221;][et_pb_video src=&#8221;https:\/\/www.youtube.com\/watch?v=IIAhcfjabMU&#038;list=PLe7noxa9cIeZWA83flxg3gK-XxTGNdM3s&#038;index=7&#8243; image_src=&#8221;https:\/\/www.unhcr.org\/europeanunion\/wp-content\/uploads\/sites\/70\/2024\/05\/24-action-6.jpg&#8221; play_icon_color=&#8221;#0072bc&#8221; module_class=&#8221;squarevideo&#8221; _builder_version=&#8221;4.24.3&#8243; custom_css_video_icon=&#8221;text-shadow: 2px 2px 2px rgba(0,0,0,0.3);&#8221; global_colors_info=&#8221;{}&#8221;][\/et_pb_video][et_pb_text _builder_version=&#8221;4.24.3&#8243; header_2_text_color=&#8221;#0072bc&#8221; header_3_font=&#8221;|700|||||||&#8221; header_3_text_color=&#8221;#0072BC&#8221; header_3_font_size=&#8221;26px&#8221; locked=&#8221;off&#8221; global_colors_info=&#8221;{}&#8221;]<\/p>\n<h3 style=\"text-align: center;\">6. HJ\u00c6LPE FLYGTNINGE MED AT TRIVES, HVOR END DE ER<\/h3>\n<p>EU\u2019s st\u00f8tte til lande over hele verden vil hj\u00e6lpe flygtninge med at genopbygge deres liv, hvor end de er. Yderligere og ikke-\u00f8rem\u00e6rket EU- finansiering til humanit\u00e6r bistand og udvikling er afg\u00f8rende for at yde livreddende hj\u00e6lp til flygtninge samt st\u00f8tte til lande, der huser flygtninge.[\/et_pb_text][\/et_pb_column][\/et_pb_row][et_pb_row column_structure=&#8221;1_2,1_2&#8243; make_equal=&#8221;on&#8221; _builder_version=&#8221;4.16&#8243; global_colors_info=&#8221;{}&#8221;][et_pb_column type=&#8221;1_2&#8243; _builder_version=&#8221;4.16&#8243; background_color=&#8221;#f4f4f4&#8243; custom_padding=&#8221;20px|20px|20px|20px&#8221; global_colors_info=&#8221;{}&#8221; custom_padding__hover=&#8221;|||&#8221;][et_pb_video src=&#8221;https:\/\/www.youtube.com\/watch?v=cxQroYNNGcI&#038;list=PLe7noxa9cIeZWA83flxg3gK-XxTGNdM3s&#038;index=8&#8243; image_src=&#8221;https:\/\/www.unhcr.org\/europeanunion\/wp-content\/uploads\/sites\/70\/2024\/05\/24-action-7.jpg&#8221; play_icon_color=&#8221;#0072bc&#8221; module_class=&#8221;squarevideo&#8221; _builder_version=&#8221;4.24.3&#8243; custom_css_video_icon=&#8221;text-shadow: 2px 2px 2px rgba(0,0,0,0.3);&#8221; global_colors_info=&#8221;{}&#8221;][\/et_pb_video][et_pb_text _builder_version=&#8221;4.24.3&#8243; header_2_text_color=&#8221;#0072bc&#8221; header_3_font=&#8221;|700|||||||&#8221; header_3_text_color=&#8221;#0072BC&#8221; header_3_font_size=&#8221;26px&#8221; locked=&#8221;off&#8221; global_colors_info=&#8221;{}&#8221;]<\/p>\n<h3 style=\"text-align: center;\">7. G\u00d8RE EN ENDE P\u00c5 STATSL\u00d8SHED<\/h3>\n<p>Millioner af mennesker rundt om i verden er statsl\u00f8se. Hundredtusinder lever i EU. EU kan spille en ledende rolle i at bek\u00e6mpe statsl\u00f8shed ved at implementere love og procedurer til at identificere og beskytte statsl\u00f8se personer og sikre, at de kan nyde deres rettigheder.[\/et_pb_text][\/et_pb_column][et_pb_column type=&#8221;1_2&#8243; _builder_version=&#8221;4.16&#8243; background_color=&#8221;#0072bc&#8221; custom_padding=&#8221;20px|20px|20px|20px&#8221; global_colors_info=&#8221;{}&#8221; custom_padding__hover=&#8221;|||&#8221;][et_pb_image src=&#8221;https:\/\/www.unhcr.org\/europeanunion\/wp-content\/uploads\/sites\/70\/2019\/04\/shareplaceholder.png&#8221; align=&#8221;center&#8221; align_tablet=&#8221;center&#8221; align_phone=&#8221;&#8221; align_last_edited=&#8221;on|desktop&#8221; disabled_on=&#8221;on|off|&#8221; _builder_version=&#8221;4.16&#8243; max_width=&#8221;50%&#8221; global_colors_info=&#8221;{}&#8221;][\/et_pb_image][et_pb_text _builder_version=&#8221;4.24.3&#8243; background_layout=&#8221;dark&#8221; hover_enabled=&#8221;0&#8243; global_colors_info=&#8221;{}&#8221; sticky_enabled=&#8221;0&#8243;]<\/p>\n<h2 style=\"text-align: center;\">Syv handlinger.<br \/>\n\u00c9n f\u00e6lles fremtid.<br \/>\nDet er i jeres h\u00e6nder.<\/h2>\n<p>&nbsp;<\/p>\n<p style=\"text-align: center;\"><a class=\"et_pb_button et_pb_button_1 et_pb_bg_layout_dark\" href=\"https:\/\/www.unhcr.org\/europeanunion\/wp-content\/uploads\/sites\/70\/2024\/05\/UNHCR-EU_campaign_flyers-DAN-2024-screen.pdf\" target=\"_blank\" rel=\"noopener noreferrer\">Download brochure<\/a><\/p>\n<p>&nbsp;<\/p>\n<h3 style=\"text-align: center;\">Share this page<\/h3>\n<p style=\"text-align: center;\"><a class=\"et_pb_button et_pb_button_1 et_pb_bg_layout_dark\" href=\"https:\/\/www.facebook.com\/sharer.php?u=https%3A%2F%2Fwww.unhcr.org%2Feuropeanunion%2Fda%2F&amp;t=2024%20EUROPA-PARLAMENTS-VALGET\" target=\"_blank\" rel=\"noopener noreferrer\">Facebook<\/a> \u00a0\u00a0<a class=\"et_pb_button et_pb_button_0 et_pb_bg_layout_dark\" href=\"https:\/\/twitter.com\/share?text=2024%20EUROPA- PARLAMENTS-VALGET&amp;url=https%3A%2F%2Fwww.unhcr.org%2Feuropeanunion%2Fda%2F&amp;via=refugees\" target=\"_blank\" rel=\"noopener noreferrer\">Twitter<\/a> \u00a0\u00a0<a class=\"et_pb_button et_pb_button_0 et_pb_bg_layout_dark\" href=\"mailto:?to=&amp;body=https:\/\/www.unhcr.org\/europeanunion\/da\/&amp;subject=UNHCR\u2019s Syv Centrale Opfordringer til det kommende Europa-Parlament\">Email<\/a><\/p>\n<p>[\/et_pb_text][\/et_pb_column][\/et_pb_row][\/et_pb_section]<\/p>\n","protected":false},"excerpt":{"rendered":"<p>UNHCR\u2019s Syv Centrale Opfordringer til det kommende Europa-ParlamentKonflikt, vold og forf\u00f8lgelse tvinger flere og flere mennesker til at flygte fra deres hjem. De fleste af dem bliver i deres eget land eller flygter til et naboland \u2013 ikke til EU. Alligevel d\u00f8r alt for mange desv\u00e6rre stadig undervejs i deres flugt til lands og til [&hellip;]<\/p>\n","protected":false},"author":28,"featured_media":5881,"parent":0,"menu_order":0,"comment_status":"closed","ping_status":"closed","template":"","meta":{"_et_pb_use_builder":"on","_et_pb_old_content":"","_et_gb_content_width":"","footnotes":""},"class_list":["post-6437","page","type-page","status-publish","has-post-thumbnail","hentry"],"_links":{"self":[{"href":"https:\/\/www.unhcr.org\/europeanunion\/da\/wp-json\/wp\/v2\/pages\/6437","targetHints":{"allow":["GET"]}}],"collection":[{"href":"https:\/\/www.unhcr.org\/europeanunion\/da\/wp-json\/wp\/v2\/pages"}],"about":[{"href":"https:\/\/www.unhcr.org\/europeanunion\/da\/wp-json\/wp\/v2\/types\/page"}],"author":[{"embeddable":true,"href":"https:\/\/www.unhcr.org\/europeanunion\/da\/wp-json\/wp\/v2\/users\/28"}],"replies":[{"embeddable":true,"href":"https:\/\/www.unhcr.org\/europeanunion\/da\/wp-json\/wp\/v2\/comments?post=6437"}],"version-history":[{"count":4,"href":"https:\/\/www.unhcr.org\/europeanunion\/da\/wp-json\/wp\/v2\/pages\/6437\/revisions"}],"predecessor-version":[{"id":6465,"href":"https:\/\/www.unhcr.org\/europeanunion\/da\/wp-json\/wp\/v2\/pages\/6437\/revisions\/6465"}],"wp:featuredmedia":[{"embeddable":true,"href":"https:\/\/www.unhcr.org\/europeanunion\/da\/wp-json\/wp\/v2\/media\/5881"}],"wp:attachment":[{"href":"https:\/\/www.unhcr.org\/europeanunion\/da\/wp-json\/wp\/v2\/media?parent=6437"}],"curies":[{"name":"wp","href":"https:\/\/api.w.org\/{rel}","templated":true}]}}