{"id":1741,"date":"2019-02-11T13:14:48","date_gmt":"2019-02-11T13:14:48","guid":{"rendered":"https:\/\/www.unhcr.org\/europeanelections\/2019-european-parliament-elections\/"},"modified":"2019-05-21T08:52:44","modified_gmt":"2019-05-21T08:52:44","slug":"2019-european-parliament-elections","status":"publish","type":"page","link":"https:\/\/www.unhcr.org\/europeanunion\/de\/2019-european-parliament-elections\/","title":{"rendered":"2019 European Parliament Elections"},"content":{"rendered":"<p>[et_pb_section bb_built=&#8220;1&#8243; _builder_version=&#8220;3.17.6&#8243; background_color=&#8220;rgba(255,255,255,0)&#8220; custom_margin=&#8220;0px||0px|&#8220; custom_padding=&#8220;0px||0px|&#8220; next_background_color=&#8220;rgba(255,255,255,0.8)&#8220;][et_pb_row make_equal=&#8220;on&#8220; module_class_1=&#8220;vertcentercontainer&#8220; _builder_version=&#8220;3.17.6&#8243;][et_pb_column type=&#8220;1_2&#8243;][et_pb_text module_class=&#8220;vertcenter&#8220; _builder_version=&#8220;3.17.6&#8243; header_font=&#8220;|800|||||||&#8220; header_text_color=&#8220;#0072bc&#8220; header_font_size=&#8220;60px&#8220; header_font_size_tablet=&#8220;50px&#8220; header_font_size_phone=&#8220;40px&#8220; header_font_size_last_edited=&#8220;on|phone&#8220;]<\/p>\n<h1><strong>Die sieben wichtigsten UNHCR-Forderungen an die Kandidaten zur Europawahl<\/strong><\/h1>\n<p>[\/et_pb_text][\/et_pb_column][et_pb_column type=&#8220;1_2&#8243;][et_pb_video src=&#8220;https:\/\/youtu.be\/RZ6PfLwNnAM&#8220; image_src=&#8220;https:\/\/www.unhcr.org\/europeanunion\/wp-content\/uploads\/sites\/70\/2019\/04\/circles-square.png&#8220; play_icon_color=&#8220;#0072bc&#8220; module_class=&#8220;squarevideo&#8220; _builder_version=&#8220;3.17.6&#8243; custom_css_video_icon=&#8220;text-shadow: 2px 2px 2px rgba(0,0,0,0.3);&#8220;]<\/p>\n<p><\/p>\n<p>[\/et_pb_video][\/et_pb_column][\/et_pb_row][\/et_pb_section][et_pb_section bb_built=&#8220;1&#8243; admin_label=&#8220;Introduction&#8220; module_id=&#8220;CH1&#8243; _builder_version=&#8220;3.17.6&#8243; background_color=&#8220;rgba(255,255,255,0.8)&#8220; collapsed=&#8220;off&#8220; prev_background_color=&#8220;rgba(255,255,255,0)&#8220; next_background_color=&#8220;rgba(255,255,255,0)&#8220;][et_pb_row use_custom_width=&#8220;on&#8220; custom_width_px=&#8220;800px&#8220; _builder_version=&#8220;3.17.6&#8243;][et_pb_column type=&#8220;4_4&#8243;][et_pb_text admin_label=&#8220;Intro&#8220; disabled_on=&#8220;||off&#8220; _builder_version=&#8220;3.17.6&#8243; header_font=&#8220;|700|||||||&#8220; header_font_size=&#8220;80&#8243; header_font_size_tablet=&#8220;60&#8243; header_font_size_phone=&#8220;36&#8243; header_font_size_last_edited=&#8220;on|phone&#8220; header_2_font=&#8220;|300|||||||&#8220; header_2_font_size=&#8220;30px&#8220; header_2_font_size_phone=&#8220;24px&#8220; header_2_font_size_last_edited=&#8220;on|phone&#8220; header_3_text_color=&#8220;#0072bc&#8220;]<\/p>\n<h3><strong>Konflikte, Gewalt und Verfolgung zwingen mehr und mehr Menschen dazu, ihre Heimat zu verlassen.\u00a0<\/strong>Die meisten von ihnen bleiben im eigenen Land oder fliehen in Nachbarl\u00e4nder, nicht nach Europa. Und obgleich nun weniger Menschen in Europa um Schutz nachsuchen, sterben immer noch zu viele einen tragischen Tod beim Versuch der \u00dcberquerung des Mittelmeers, auf ihrer Suche nach einer neuen Zukunft.<\/h3>\n<p>Die Europ\u00e4ische Union (EU) kann eine zentrale Rolle im europ\u00e4ischen und globalen Fl\u00fcchtlingsschutz spielen, etwa indem sie die Umsetzung des Globalen Pakts f\u00fcr Fl\u00fcchtlinge tatkr\u00e4ftig mithilft. Diese neue, weltweite Abmachung wird dazu beitragen, diejenigen Staaten besser zu unterst\u00fctzen, in denen die meisten Fl\u00fcchtlinge leben. Sie regt au\u00dferdem dazu an, die Verantwortung f\u00fcr den Schutz all derjenigen, die ihr Heimatland auf der Suche nach Schutz verlassen mussten, fairer zu verteilen.\u00a0<\/p>\n<p>Gemeinsam k\u00f6nnen die EU-Mitgliedstaaten die Ank\u00fcnfte von Menschen auf sichere und humane Weise gestalten &#8211; zum Wohl der Fl\u00fcchtlinge und der Aufnahmegesellschaften. Durch die Unterst\u00fctzung von Staaten au\u00dferhalb Europas kann die EU dazu beitragen, dass sich weniger Menschen auf gef\u00e4hrliche Fluchtrouten begeben und dass f\u00fcr Fl\u00fcchtlinge tragf\u00e4hige L\u00f6sungen gefunden werden, um ihnen nicht nur das \u00dcberleben zu sichern, sondern auch eine lebenswerte Zukunft zu erm\u00f6glichen.<\/p>\n<p>[\/et_pb_text][\/et_pb_column][\/et_pb_row][\/et_pb_section][et_pb_section bb_built=&#8220;1&#8243; module_id=&#8220;CH2&#8243; _builder_version=&#8220;3.17.6&#8243; background_color=&#8220;rgba(255,255,255,0)&#8220; custom_padding=&#8220;||0px|&#8220; prev_background_color=&#8220;rgba(255,255,255,0.8)&#8220; next_background_color=&#8220;#000000&#8243;][et_pb_row use_custom_width=&#8220;on&#8220; custom_width_px=&#8220;700px&#8220; _builder_version=&#8220;3.17.6&#8243; module_alignment=&#8220;center&#8220;][et_pb_column type=&#8220;4_4&#8243;][et_pb_text admin_label=&#8220;BETTER PROTECT REFUGEES IN THE EU AND GLOBALLY&#8220; disabled_on=&#8220;||off&#8220; _builder_version=&#8220;3.17.6&#8243; text_font_size=&#8220;20px&#8220; header_font=&#8220;|700|||||||&#8220; header_font_size=&#8220;80&#8243; header_font_size_tablet=&#8220;60&#8243; header_font_size_phone=&#8220;36&#8243; header_font_size_last_edited=&#8220;on|phone&#8220; header_2_font=&#8220;|700|||||||&#8220; header_2_text_color=&#8220;#0072bc&#8220; header_2_font_size=&#8220;48px&#8220; header_2_font_size_phone=&#8220;36px&#8220; header_2_font_size_last_edited=&#8220;on|phone&#8220;]<\/p>\n<h2 class=\"p1\" style=\"text-align: center\">Fl\u00fcchtlinge weltweit besser sch\u00fctzen \u2013 innerhalb und au\u00dferhalb der EU.<\/h2>\n<h3 class=\"p1\" style=\"text-align: center\">Den Abgeordneten des n\u00e4chsten Europ\u00e4ischen Parlaments bietet sich eine einzigartige Chance. Sie k\u00f6nnen:<\/h3>\n<p>[\/et_pb_text][\/et_pb_column][\/et_pb_row][\/et_pb_section][et_pb_section bb_built=&#8220;1&#8243; _builder_version=&#8220;3.17.6&#8243; background_color=&#8220;rgba(255,255,255,0)&#8220; prev_background_color=&#8220;#000000&#8243;][et_pb_row make_equal=&#8220;on&#8220; background_color_1=&#8220;#f4f4f4&#8243; background_color_2=&#8220;#f4f4f4&#8243; padding_top_1=&#8220;20px&#8220; padding_top_2=&#8220;20px&#8220; padding_right_1=&#8220;20px&#8220; padding_right_2=&#8220;20px&#8220; padding_bottom_1=&#8220;20px&#8220; padding_bottom_2=&#8220;20px&#8220; padding_left_1=&#8220;20px&#8220; padding_left_2=&#8220;20px&#8220; _builder_version=&#8220;3.17.6&#8243;][et_pb_column type=&#8220;1_2&#8243;][et_pb_video src=&#8220;https:\/\/youtu.be\/1gu9cPtxEmQ&#8220; image_src=&#8220;https:\/\/www.unhcr.org\/europeanunion\/wp-content\/uploads\/sites\/70\/2019\/04\/sq-1.jpg&#8220; play_icon_color=&#8220;#0072bc&#8220; module_class=&#8220;squarevideo&#8220; _builder_version=&#8220;3.17.6&#8243; custom_css_video_icon=&#8220;text-shadow: 2px 2px 2px rgba(0,0,0,0.3);&#8220;]<\/p>\n<p><\/p>\n<p>[\/et_pb_video][et_pb_text _builder_version=&#8220;3.17.6&#8243; header_2_text_color=&#8220;#0072bc&#8220;]<\/p>\n<h2 style=\"text-align: center\">Das Recht auf Sicherheit und Asyl sch\u00fctzen<\/h2>\n<p>&nbsp;<\/p>\n<p>Jeder Mensch, der vor Konflikt, Gewalt und Verfolgung flieht, hat das Recht, Schutz zu suchen. <br \/>Dazu z\u00e4hlt auch, wenn Menschen an Grenzen Asyl beantragen. Kinder sollten nie inhaftiert werden,<br \/>auch Erwachsene nur als letztes Mittel und nur auf beschr\u00e4nkte Zeit. Die Menschenrechte gelten f\u00fcr alle und m\u00fcssen zu jeder Zeit geachtet werden.<\/p>\n<p>[\/et_pb_text][\/et_pb_column][et_pb_column type=&#8220;1_2&#8243;][et_pb_video src=&#8220;https:\/\/youtu.be\/7S2VOETPpFc&#8220; image_src=&#8220;https:\/\/www.unhcr.org\/europeanunion\/wp-content\/uploads\/sites\/70\/2019\/04\/sq-2.jpg&#8220; play_icon_color=&#8220;#0072bc&#8220; module_class=&#8220;squarevideo&#8220; _builder_version=&#8220;3.17.6&#8243; custom_css_video_icon=&#8220;text-shadow: 2px 2px 2px rgba(0,0,0,0.3);&#8220;]<\/p>\n<p><\/p>\n<p>[\/et_pb_video][et_pb_text _builder_version=&#8220;3.17.6&#8243; header_2_text_color=&#8220;#0072bc&#8220;]<\/p>\n<h2 style=\"text-align: center\">Faire und schnelle Asylverfahren in der EU schaffen<\/h2>\n<p class=\"p1\">Menschen, die vor Konflikt, Verfolgung und Gewalt fliehen und in der EU ankommen, m\u00fcssen rasch identifiziert werden, damit ihnen Asyl und Unterst\u00fctzung gew\u00e4hrt werden kann. Jene, die keinen Anspruch auf internationalen Schutz haben, m\u00fcssen ebenso rasch identifiziert und in W\u00fcrde und mit Respekt zur\u00fcckgef\u00fchrt werden.<\/p>\n<p>[\/et_pb_text][\/et_pb_column][\/et_pb_row][et_pb_row make_equal=&#8220;on&#8220; background_color_1=&#8220;#f4f4f4&#8243; background_color_2=&#8220;#f4f4f4&#8243; padding_top_1=&#8220;20px&#8220; padding_top_2=&#8220;20px&#8220; padding_right_1=&#8220;20px&#8220; padding_right_2=&#8220;20px&#8220; padding_bottom_1=&#8220;20px&#8220; padding_bottom_2=&#8220;20px&#8220; padding_left_1=&#8220;20px&#8220; padding_left_2=&#8220;20px&#8220; _builder_version=&#8220;3.17.6&#8243;][et_pb_column type=&#8220;1_2&#8243;][et_pb_video src=&#8220;https:\/\/youtu.be\/2TlhBC-uw6c&#8220; image_src=&#8220;https:\/\/www.unhcr.org\/europeanunion\/wp-content\/uploads\/sites\/70\/2019\/04\/sq-3.jpg&#8220; play_icon_color=&#8220;#0072bc&#8220; module_class=&#8220;squarevideo&#8220; _builder_version=&#8220;3.17.6&#8243; custom_css_video_icon=&#8220;text-shadow: 2px 2px 2px rgba(0,0,0,0.3);&#8220;]<\/p>\n<p><\/p>\n<p>[\/et_pb_video][et_pb_text _builder_version=&#8220;3.17.6&#8243; header_2_text_color=&#8220;#0072bc&#8220;]<\/p>\n<h2 style=\"text-align: center\">Gr\u00f6\u00dfere Solidarit\u00e4t zwischen EU-Mitgliedstaaten erm\u00f6glichen<\/h2>\n<p>Die Verantwortung f\u00fcr die Aufnahme und die Versorgung von Schutzsuchenden kann fair und pragmatisch geteilt werden, indem jene Staaten, die sehr viele Menschen aufnehmen, durch Transfers von Asylsuchenden in andere L\u00e4nder entlastet werden.<\/p>\n<p>[\/et_pb_text][\/et_pb_column][et_pb_column type=&#8220;1_2&#8243;][et_pb_video src=&#8220;https:\/\/youtu.be\/z8bFL4tnpY8&#8243; image_src=&#8220;https:\/\/www.unhcr.org\/europeanunion\/wp-content\/uploads\/sites\/70\/2019\/04\/sq-4.jpg&#8220; play_icon_color=&#8220;#0072bc&#8220; module_class=&#8220;squarevideo&#8220; _builder_version=&#8220;3.17.6&#8243; custom_css_video_icon=&#8220;text-shadow: 2px 2px 2px rgba(0,0,0,0.3);&#8220;]<\/p>\n<p><\/p>\n<p>[\/et_pb_video][et_pb_text _builder_version=&#8220;3.17.6&#8243; header_2_text_color=&#8220;#0072bc&#8220;]<\/p>\n<h2 style=\"text-align: center\">Mehr legale Wege f\u00fcr Fl\u00fcchtlinge schaffen, um Europa sicher zu erreichen<\/h2>\n<p>Zus\u00e4tzliches und kontinuierliches Engagement der EU-Staaten f\u00fcr Resettlement und andere Aufnahmeprogramme hei\u00dft, dass weniger Menschen versuchen, \u00fcber gef\u00e4hrliche Wege nach Europa zu kommen, um Schutz zu suchen.<\/p>\n<p>[\/et_pb_text][\/et_pb_column][\/et_pb_row][et_pb_row make_equal=&#8220;on&#8220; background_color_1=&#8220;#f4f4f4&#8243; background_color_2=&#8220;#f4f4f4&#8243; padding_top_1=&#8220;20px&#8220; padding_top_2=&#8220;20px&#8220; padding_right_1=&#8220;20px&#8220; padding_right_2=&#8220;20px&#8220; padding_bottom_1=&#8220;20px&#8220; padding_bottom_2=&#8220;20px&#8220; padding_left_1=&#8220;20px&#8220; padding_left_2=&#8220;20px&#8220; _builder_version=&#8220;3.17.6&#8243;][et_pb_column type=&#8220;1_2&#8243;][et_pb_video src=&#8220;https:\/\/youtu.be\/Y3uTtDEqTDA&#8220; image_src=&#8220;https:\/\/www.unhcr.org\/europeanunion\/wp-content\/uploads\/sites\/70\/2019\/04\/sq-5.jpg&#8220; play_icon_color=&#8220;#0072bc&#8220; module_class=&#8220;squarevideo&#8220; _builder_version=&#8220;3.17.6&#8243; custom_css_video_icon=&#8220;text-shadow: 2px 2px 2px rgba(0,0,0,0.3);&#8220;]<\/p>\n<p><\/p>\n<p>[\/et_pb_video][et_pb_text _builder_version=&#8220;3.17.6&#8243; header_2_text_color=&#8220;#0072bc&#8220;]<\/p>\n<h2 style=\"text-align: center\">Menschen aus Seenot retten<\/h2>\n<p>&nbsp;<\/p>\n<p>&nbsp;<\/p>\n<p>Viel zu viele Menschen sterben beim Versuch, das Mittelmeer zu \u00fcberqueren. Mehr Such- und Rettungskapazit\u00e4ten und sichere H\u00e4fen f\u00fcr Ankommende in Europa werden dringend ben\u00f6tigt. Au\u00dferdem m\u00fcssen sich EU-Staaten darauf einigen, wo Gerettete sicher an Land gehen k\u00f6nnen.<\/p>\n<p>[\/et_pb_text][\/et_pb_column][et_pb_column type=&#8220;1_2&#8243;][et_pb_video src=&#8220;https:\/\/youtu.be\/8B6mbCFCp7M&#8220; image_src=&#8220;https:\/\/www.unhcr.org\/europeanunion\/wp-content\/uploads\/sites\/70\/2019\/04\/sq-6.jpg&#8220; play_icon_color=&#8220;#0072bc&#8220; module_class=&#8220;squarevideo&#8220; _builder_version=&#8220;3.17.6&#8243; custom_css_video_icon=&#8220;text-shadow: 2px 2px 2px rgba(0,0,0,0.3);&#8220;]<\/p>\n<p><\/p>\n<p>[\/et_pb_video][et_pb_text _builder_version=&#8220;3.17.6&#8243; header_2_text_color=&#8220;#0072bc&#8220;]<\/p>\n<h2 style=\"text-align: center\">Fl\u00fcchtlinge in ihrer neuen Umgebung willkommen hei\u00dfen<\/h2>\n<p>Menschen k\u00f6nnen sich ihr Leben schneller wieder aufbauen, wenn sie sich sicher f\u00fchlen, wenn die Aufnahmebedingungen stimmen und wenn sie ihre Menschenrechte \u2013 wie das Recht auf Bildung \u2013 wahrnehmen k\u00f6nnen. Wenn sie die Chance dazu bekommen, integrieren sich Fl\u00fcchtlinge und tragen einen wesentlichen Teil zur Gesellschaft bei.<\/p>\n<p>[\/et_pb_text][\/et_pb_column][\/et_pb_row][et_pb_row make_equal=&#8220;on&#8220; background_color_1=&#8220;#f4f4f4&#8243; background_color_2=&#8220;#0072bc&#8220; padding_top_1=&#8220;20px&#8220; padding_top_2=&#8220;20px&#8220; padding_right_1=&#8220;20px&#8220; padding_right_2=&#8220;20px&#8220; padding_bottom_1=&#8220;20px&#8220; padding_bottom_2=&#8220;20px&#8220; padding_left_1=&#8220;20px&#8220; padding_left_2=&#8220;20px&#8220; _builder_version=&#8220;3.17.6&#8243;][et_pb_column type=&#8220;1_2&#8243;][et_pb_video src=&#8220;https:\/\/youtu.be\/4vFxS9LXFK4&#8243; image_src=&#8220;https:\/\/www.unhcr.org\/europeanunion\/wp-content\/uploads\/sites\/70\/2019\/04\/sq-7.jpg&#8220; play_icon_color=&#8220;#0072bc&#8220; module_class=&#8220;squarevideo&#8220; _builder_version=&#8220;3.17.6&#8243; custom_css_video_icon=&#8220;text-shadow: 2px 2px 2px rgba(0,0,0,0.3);&#8220;]<\/p>\n<p><\/p>\n<p>[\/et_pb_video][et_pb_text _builder_version=&#8220;3.17.6&#8243; header_2_text_color=&#8220;#0072bc&#8220;]<\/p>\n<h2 style=\"text-align: center\">Fl\u00fcchtlinge weltweit beim Neustart unterst\u00fctzen<\/h2>\n<p>Unterst\u00fctzung aus Europa wird Fl\u00fcchtlingen auf der ganzen Welt beim Neustart helfen. Wenn sie eine Zukunftschance bekommen, werden sich weniger Fl\u00fcchtlinge auf verzweifelte Weiterreisen begeben.<\/p>\n<p>[\/et_pb_text][\/et_pb_column][et_pb_column type=&#8220;1_2&#8243;][et_pb_image src=&#8220;https:\/\/www.unhcr.org\/europeanunion\/wp-content\/uploads\/sites\/70\/2019\/04\/shareplaceholder.png&#8220; align=&#8220;center&#8220; disabled_on=&#8220;on|off|&#8220; _builder_version=&#8220;3.17.6&#8243; max_width=&#8220;50%&#8220;]<\/p>\n<p><\/p>\n<p>[\/et_pb_image][et_pb_text _builder_version=&#8220;3.17.6&#8243; background_layout=&#8220;dark&#8220;]<\/p>\n<h2 style=\"text-align: center\">Teilen Sie diese Seite!<\/h2>\n<p style=\"text-align: center\"><a class=\"et_pb_button et_pb_button_1 et_pb_bg_layout_dark\" href=\"https:\/\/www.facebook.com\/sharer.php?u=https%3A%2F%2Fwww.unhcr.org%2Feuropeanelections&amp;t=2019%20European%20Parliament%20Elections\" target=\"_blank\" rel=\"noopener\">Facebook<\/a> \u00a0\u00a0<a class=\"et_pb_button et_pb_button_0 et_pb_bg_layout_dark\" href=\"https:\/\/twitter.com\/share?text=2019%20European%20Parliament%20Elections&amp;url=https%3A%2F%2Fwww.unhcr.org%2Feuropeanelections&amp;via=refugees\" target=\"_blank\" rel=\"noopener\">Twitter<\/a><\/p>\n<p>[\/et_pb_text][\/et_pb_column][\/et_pb_row][\/et_pb_section]<\/p>\n","protected":false},"excerpt":{"rendered":"<p>Die sieben wichtigsten UNHCR-Forderungen an die Kandidaten zur Europawahl Konflikte, Gewalt und Verfolgung zwingen mehr und mehr Menschen dazu, ihre Heimat zu verlassen.\u00a0Die meisten von ihnen bleiben im eigenen Land oder fliehen in Nachbarl\u00e4nder, nicht nach Europa. Und obgleich nun weniger Menschen in Europa um Schutz nachsuchen, sterben immer noch zu viele einen tragischen Tod [&hellip;]<\/p>\n","protected":false},"author":1,"featured_media":0,"parent":0,"menu_order":0,"comment_status":"closed","ping_status":"closed","template":"","meta":{"_et_pb_use_builder":"on","_et_pb_old_content":"","_et_gb_content_width":"","footnotes":""},"class_list":["post-1741","page","type-page","status-publish","hentry"],"_links":{"self":[{"href":"https:\/\/www.unhcr.org\/europeanunion\/de\/wp-json\/wp\/v2\/pages\/1741","targetHints":{"allow":["GET"]}}],"collection":[{"href":"https:\/\/www.unhcr.org\/europeanunion\/de\/wp-json\/wp\/v2\/pages"}],"about":[{"href":"https:\/\/www.unhcr.org\/europeanunion\/de\/wp-json\/wp\/v2\/types\/page"}],"author":[{"embeddable":true,"href":"https:\/\/www.unhcr.org\/europeanunion\/de\/wp-json\/wp\/v2\/users\/1"}],"replies":[{"embeddable":true,"href":"https:\/\/www.unhcr.org\/europeanunion\/de\/wp-json\/wp\/v2\/comments?post=1741"}],"version-history":[{"count":6,"href":"https:\/\/www.unhcr.org\/europeanunion\/de\/wp-json\/wp\/v2\/pages\/1741\/revisions"}],"predecessor-version":[{"id":2616,"href":"https:\/\/www.unhcr.org\/europeanunion\/de\/wp-json\/wp\/v2\/pages\/1741\/revisions\/2616"}],"wp:attachment":[{"href":"https:\/\/www.unhcr.org\/europeanunion\/de\/wp-json\/wp\/v2\/media?parent=1741"}],"curies":[{"name":"wp","href":"https:\/\/api.w.org\/{rel}","templated":true}]}}