{"id":6443,"date":"2024-05-16T12:54:27","date_gmt":"2024-05-16T12:54:27","guid":{"rendered":"https:\/\/www.unhcr.org\/europeanunion\/unhcrs-seven-key-calls-to-the-next-european-parliament\/"},"modified":"2024-05-29T13:25:20","modified_gmt":"2024-05-29T13:25:20","slug":"unhcrs-seven-key-calls-to-the-next-european-parliament","status":"publish","type":"page","link":"https:\/\/www.unhcr.org\/europeanunion\/de\/","title":{"rendered":"Die wichtigsten UNHCR- Empfehlungen an das n\u00e4chste Europ\u00e4ische Parlament"},"content":{"rendered":"<p>[et_pb_section fb_built=&#8220;1&#8243; _builder_version=&#8220;4.16&#8243; background_color=&#8220;rgba(255,255,255,0)&#8220; custom_margin=&#8220;0px||0px|&#8220; custom_padding=&#8220;0px||0px|&#8220; global_colors_info=&#8220;{}&#8220;][et_pb_row column_structure=&#8220;1_2,1_2&#8243; make_equal=&#8220;on&#8220; _builder_version=&#8220;4.24.3&#8243; custom_css_main_element=&#8220;margin: auto;&#8220; global_colors_info=&#8220;{}&#8220;][et_pb_column type=&#8220;1_2&#8243; _builder_version=&#8220;4.24.3&#8243; custom_padding=&#8220;|||&#8220; custom_css_main_element=&#8220;margin: auto;&#8220; custom_css_free_form=&#8220;\t&#8220; global_colors_info=&#8220;{}&#8220; custom_padding__hover=&#8220;|||&#8220;][et_pb_text _builder_version=&#8220;4.24.3&#8243; text_font=&#8220;||||||||&#8220; header_font=&#8220;||||||||&#8220; header_text_color=&#8220;#0072bc&#8220; max_width=&#8220;80%&#8220; module_alignment=&#8220;left&#8220; custom_padding=&#8220;||||false|false&#8220; custom_css_main_element=&#8220;align-items: center;&#8220; global_colors_info=&#8220;{}&#8220;]<\/p>\n<h1 style=\"text-align: left;\">Die wichtigsten UNHCR- Empfehlungen an das n\u00e4chste Europ\u00e4ische Parlament<\/h1>\n<p>[\/et_pb_text][\/et_pb_column][et_pb_column type=&#8220;1_2&#8243; _builder_version=&#8220;4.16&#8243; custom_padding=&#8220;|||&#8220; global_colors_info=&#8220;{}&#8220; custom_padding__hover=&#8220;|||&#8220;][et_pb_video src=&#8220;https:\/\/www.youtube.com\/watch?v=LEI4nH2JOjE&#8220; image_src=&#8220;\/\/i.ytimg.com\/vi\/LEI4nH2JOjE\/hqdefault.jpg&#8220; play_icon_color=&#8220;#0072bc&#8220; thumbnail_overlay_color=&#8220;rgba(0,0,0,0.6)&#8220; module_class=&#8220;squarevideo&#8220; _builder_version=&#8220;4.24.3&#8243; hover_enabled=&#8220;0&#8243; custom_css_video_icon=&#8220;text-shadow: 2px 2px 2px rgba(0,0,0,0.3);&#8220; global_colors_info=&#8220;{}&#8220; sticky_enabled=&#8220;0&#8243;][\/et_pb_video][\/et_pb_column][\/et_pb_row][\/et_pb_section][et_pb_section fb_built=&#8220;1&#8243; admin_label=&#8220;Introduction&#8220; module_id=&#8220;CH1&#8243; _builder_version=&#8220;4.16&#8243; background_color=&#8220;rgba(255,255,255,0.8)&#8220; collapsed=&#8220;off&#8220; global_colors_info=&#8220;{}&#8220;][et_pb_row _builder_version=&#8220;4.16&#8243; max_width=&#8220;800px&#8220; use_custom_width=&#8220;on&#8220; custom_width_px=&#8220;800px&#8220; global_colors_info=&#8220;{}&#8220;][et_pb_column type=&#8220;4_4&#8243; _builder_version=&#8220;4.16&#8243; custom_padding=&#8220;|||&#8220; global_colors_info=&#8220;{}&#8220; custom_padding__hover=&#8220;|||&#8220;][et_pb_text disabled_on=&#8220;||off&#8220; admin_label=&#8220;Intro&#8220; _builder_version=&#8220;4.24.3&#8243; header_font=&#8220;|700|||||||&#8220; header_font_size=&#8220;80&#8243; header_2_font=&#8220;|300|||||||&#8220; header_2_font_size=&#8220;30px&#8220; header_3_text_color=&#8220;#0072bc&#8220; header_font_size_tablet=&#8220;60&#8243; header_font_size_phone=&#8220;36&#8243; header_font_size_last_edited=&#8220;on|phone&#8220; header_2_font_size_tablet=&#8220;&#8220; header_2_font_size_phone=&#8220;24px&#8220; header_2_font_size_last_edited=&#8220;on|phone&#8220; global_colors_info=&#8220;{}&#8220;]<\/p>\n<p class=\"intro\"><strong>Konflikte, Gewalt und Verfolgung zwingen immer mehr Menschen dazu, aus ihrer Heimat zu fliehen.<\/strong> Die meisten von ihnen bleiben in ihrem eigenen Land oder fliehen in Nachbarl\u00e4nder, nicht in die Europ\u00e4ische Union (EU). Tragischerweise sterben immer noch zu viele Menschen auf der Suche nach Schutz entlang der Routen und auf See. Auch an den Grenzen kommt es immer wieder zu Pushbacks und Menschenrechtsverletzungen, und viele Schutzsuchende k\u00f6nnen nicht nach Europa einreisen.<\/p>\n<p>Niemand entscheidet sich freiwillig daf\u00fcr, ein Fl\u00fcchtling sein &#8211; aber wir haben es in der Hand, wie wir Fl\u00fcchtlinge aufnehmen. Die EU kann eine f\u00fchrende Rolle beim Schutz von Fl\u00fcchtlingen spielen und ihnen Hoffnung fern der Heimat geben.<\/p>\n<p>Mit einem gemeinsamen Vorgehen k\u00f6nnen die EU-L\u00e4nder die Ankunft von Menschen sicher und human gestalten, und zwar in einer Weise, die sowohl den Fl\u00fcchtlingen als auch den Gesellschaften, die sie aufnehmen, zugute kommt.<\/p>\n<p>Durch die Unterst\u00fctzung von L\u00e4ndern au\u00dferhalb Europas kann die EU auch gef\u00e4hrliche Reisen reduzieren und dazu beitragen, langfristige M\u00f6glichkeiten und L\u00f6sungen f\u00fcr Fl\u00fcchtlinge zu finden.<\/p>\n<p>[\/et_pb_text][\/et_pb_column][\/et_pb_row][\/et_pb_section][et_pb_section fb_built=&#8220;1&#8243; module_id=&#8220;CH2&#8243; _builder_version=&#8220;4.16&#8243; background_color=&#8220;rgba(255,255,255,0)&#8220; custom_padding=&#8220;||0px|&#8220; global_colors_info=&#8220;{}&#8220;][et_pb_row _builder_version=&#8220;4.16&#8243; max_width=&#8220;700px&#8220; module_alignment=&#8220;center&#8220; use_custom_width=&#8220;on&#8220; custom_width_px=&#8220;700px&#8220; global_colors_info=&#8220;{}&#8220;][et_pb_column type=&#8220;4_4&#8243; _builder_version=&#8220;4.16&#8243; custom_padding=&#8220;|||&#8220; global_colors_info=&#8220;{}&#8220; custom_padding__hover=&#8220;|||&#8220;][et_pb_text disabled_on=&#8220;||off&#8220; admin_label=&#8220;What can the EU do to better protect refugees?&#8220; _builder_version=&#8220;4.24.3&#8243; text_font_size=&#8220;20px&#8220; header_font=&#8220;|700|||||||&#8220; header_font_size=&#8220;80&#8243; header_2_font=&#8220;|700|||||||&#8220; header_2_text_color=&#8220;#0072bc&#8220; header_2_font_size=&#8220;48px&#8220; header_font_size_tablet=&#8220;60&#8243; header_font_size_phone=&#8220;36&#8243; header_font_size_last_edited=&#8220;on|phone&#8220; header_2_font_size_tablet=&#8220;&#8220; header_2_font_size_phone=&#8220;36px&#8220; header_2_font_size_last_edited=&#8220;on|phone&#8220; global_colors_info=&#8220;{}&#8220;]<\/p>\n<h2 class=\"p1\" style=\"text-align: center;\">Die Abgeordneten des n\u00e4chsten Europ\u00e4ischen Parlaments haben die einmalige und wichtige Gelegenheit:<\/h2>\n<p>[\/et_pb_text][\/et_pb_column][\/et_pb_row][\/et_pb_section][et_pb_section fb_built=&#8220;1&#8243; _builder_version=&#8220;4.16&#8243; background_color=&#8220;rgba(255,255,255,0)&#8220; global_colors_info=&#8220;{}&#8220;][et_pb_row column_structure=&#8220;1_2,1_2&#8243; make_equal=&#8220;on&#8220; _builder_version=&#8220;4.16&#8243; global_colors_info=&#8220;{}&#8220;][et_pb_column type=&#8220;1_2&#8243; _builder_version=&#8220;4.16&#8243; background_color=&#8220;#f4f4f4&#8243; custom_padding=&#8220;20px|20px|20px|20px&#8220; global_colors_info=&#8220;{}&#8220; custom_padding__hover=&#8220;|||&#8220;][et_pb_video src=&#8220;https:\/\/www.youtube.com\/watch?v=0L4cqeEelWQ&#8220; image_src=&#8220;https:\/\/www.unhcr.org\/europeanunion\/wp-content\/uploads\/sites\/70\/2024\/05\/24-action-1.jpg&#8220; play_icon_color=&#8220;#0072bc&#8220; module_class=&#8220;squarevideo&#8220; _builder_version=&#8220;4.24.3&#8243; custom_css_video_icon=&#8220;text-shadow: 2px 2px 2px rgba(0,0,0,0.3);&#8220; global_colors_info=&#8220;{}&#8220;][\/et_pb_video][et_pb_text _builder_version=&#8220;4.24.3&#8243; header_2_text_color=&#8220;#0072bc&#8220; header_3_font=&#8220;|700|||||||&#8220; header_3_text_color=&#8220;#0072BC&#8220; header_3_font_size=&#8220;26px&#8220; global_colors_info=&#8220;{}&#8220;]<\/p>\n<h3 style=\"text-align: center;\">1. DAS RECHT AUF SICHERHEIT UND ASYL ZU SCH\u00dcTZEN<\/h3>\n<p>Die Suche nach Schutz vor Krieg, Konflikten und Verfolgung ist ein grundlegendes Menschenrecht. Menschen m\u00fcssen die M\u00f6glichkeit haben, Asyl zu beantragen, und es darf niemanden sein Leben oder seine W\u00fcrde kosten. Pushbacks und Menschenrechtsverletzungen an den europ\u00e4ischen Grenzen m\u00fcssen aufh\u00f6ren. EU-gef\u00fchrte Such- und Rettungseins\u00e4tze und Vereinbarungen dar\u00fcber, wo auf See gerettete Menschen an Land gehen k\u00f6n<span>nen, sind dringend erforderlich.<\/span><\/p>\n<p>[\/et_pb_text][\/et_pb_column][et_pb_column type=&#8220;1_2&#8243; _builder_version=&#8220;4.16&#8243; background_color=&#8220;#f4f4f4&#8243; custom_padding=&#8220;20px|20px|20px|20px&#8220; global_colors_info=&#8220;{}&#8220; custom_padding__hover=&#8220;|||&#8220;][et_pb_video src=&#8220;https:\/\/www.youtube.com\/watch?v=JCVDBWinJHw&#8220; image_src=&#8220;https:\/\/www.unhcr.org\/europeanunion\/wp-content\/uploads\/sites\/70\/2024\/05\/24-action-2.jpg&#8220; play_icon_color=&#8220;#0072bc&#8220; module_class=&#8220;squarevideo&#8220; _builder_version=&#8220;4.24.3&#8243; custom_css_video_icon=&#8220;text-shadow: 2px 2px 2px rgba(0,0,0,0.3);&#8220; global_colors_info=&#8220;{}&#8220;][\/et_pb_video][et_pb_text _builder_version=&#8220;4.24.3&#8243; header_2_text_color=&#8220;#0072bc&#8220; header_3_font=&#8220;|700|||||||&#8220; header_3_text_color=&#8220;#0072BC&#8220; header_3_font_size=&#8220;26px&#8220; locked=&#8220;off&#8220; global_colors_info=&#8220;{}&#8220;]<\/p>\n<h3 style=\"text-align: center;\">2. MENSCHENW\u00dcRDIGE ASYLVERFAHREN SICHERZUSTELLEN<\/h3>\n<p><span>Verfahren an der Grenze m\u00fcssen im Einklang mit Rechtsgarantien erfolgen und d\u00fcrfen nicht zu einer faktischen Inhaftierung f\u00fchren. Kinder sollten niemals inhaftiert werden. Jede Person hat das Recht auf angemessene Aufnahmebedingungen und eine menschenw\u00fcrdige Unterbringung. Die Menschenrechte gelten immer und \u00fcberall f\u00fcr alle Menschen. Personen, die keinen Anspruch auf internationalen Schutz haben, sollten nach einem fairen Verfahren und im Einklang mit ihren Menschenrechten in ihre Herkunftsl\u00e4nder zur\u00fcckgebracht werden.<\/span><\/p>\n<p>[\/et_pb_text][\/et_pb_column][\/et_pb_row][et_pb_row column_structure=&#8220;1_2,1_2&#8243; make_equal=&#8220;on&#8220; _builder_version=&#8220;4.16&#8243; global_colors_info=&#8220;{}&#8220;][et_pb_column type=&#8220;1_2&#8243; _builder_version=&#8220;4.16&#8243; background_color=&#8220;#f4f4f4&#8243; custom_padding=&#8220;20px|20px|20px|20px&#8220; global_colors_info=&#8220;{}&#8220; custom_padding__hover=&#8220;|||&#8220;][et_pb_video src=&#8220;https:\/\/www.youtube.com\/watch?v=Vww45YxxaeU&#8220; image_src=&#8220;https:\/\/www.unhcr.org\/europeanunion\/wp-content\/uploads\/sites\/70\/2024\/05\/24-action-3.jpg&#8220; play_icon_color=&#8220;#0072bc&#8220; module_class=&#8220;squarevideo&#8220; _builder_version=&#8220;4.24.3&#8243; custom_css_video_icon=&#8220;text-shadow: 2px 2px 2px rgba(0,0,0,0.3);&#8220; global_colors_info=&#8220;{}&#8220;][\/et_pb_video][et_pb_text _builder_version=&#8220;4.24.3&#8243; header_2_text_color=&#8220;#0072bc&#8220; header_3_font=&#8220;|700|||||||&#8220; header_3_text_color=&#8220;#0072BC&#8220; header_3_font_size=&#8220;26px&#8220; locked=&#8220;off&#8220; global_colors_info=&#8220;{}&#8220;]<\/p>\n<h3 style=\"text-align: center;\">3. SOLIDARIT\u00c4T MIT L\u00c4NDERN ZU ZEIGEN, DIE EINE GROSSE ZAHL AN FL\u00dcCHTLINGEN AUFNEHMEN<\/h3>\n<p><span>Die Verantwortung f\u00fcr die Aufnahme und Unterbringung von Asylsuchenden kann auf gerechte Weise geteilt werden, indem Personen aus L\u00e4ndern, die bereits viele Menschen aufnehmen, in andere EU-Staaten gebracht werden. Globale Solidarit\u00e4t und Unterst\u00fctzung f\u00fcr L\u00e4nder au\u00dferhalb der EU, die eine gro\u00dfe Anzahl von Fl\u00fcchtlingen beherbergen, sind ebenfalls entscheidend.<\/span><\/p>\n<p>[\/et_pb_text][\/et_pb_column][et_pb_column type=&#8220;1_2&#8243; _builder_version=&#8220;4.16&#8243; background_color=&#8220;#f4f4f4&#8243; custom_padding=&#8220;20px|20px|20px|20px&#8220; global_colors_info=&#8220;{}&#8220; custom_padding__hover=&#8220;|||&#8220;][et_pb_video src=&#8220;https:\/\/www.youtube.com\/watch?v=MCxgkZXnL8E&#8220; image_src=&#8220;https:\/\/www.unhcr.org\/europeanunion\/wp-content\/uploads\/sites\/70\/2024\/05\/24-action-4.jpg&#8220; play_icon_color=&#8220;#0072bc&#8220; module_class=&#8220;squarevideo&#8220; _builder_version=&#8220;4.24.3&#8243; custom_css_video_icon=&#8220;text-shadow: 2px 2px 2px rgba(0,0,0,0.3);&#8220; global_colors_info=&#8220;{}&#8220;][\/et_pb_video][et_pb_text _builder_version=&#8220;4.24.3&#8243; header_2_text_color=&#8220;#0072bc&#8220; header_3_font=&#8220;|700|||||||&#8220; header_3_text_color=&#8220;#0072BC&#8220; header_3_font_size=&#8220;26px&#8220; locked=&#8220;off&#8220; global_colors_info=&#8220;{}&#8220;]<\/p>\n<h3 style=\"text-align: center;\">4. FL\u00dcCHTLINGE ENTLANG VON MIGRATIONSROUTEN ZU UNTERST\u00dcTZEN<\/h3>\n<p>Fl\u00fcchtlinge sind entlang der Migrationsrouten mit zahlreichen Herausforderungen konfrontiert, darunter physische Gefahren, Ausbeutung, Gewalt und der Mangel an Lebensnotwendigem. Um das menschliche Leid auf gef\u00e4hrlichen Reisen zu verringern, kann die EU Ma\u00dfnahmen entlang dieser Routen unterst\u00fctzen. Konkret k\u00f6nnen dabei Menschen auf der Flucht so fr\u00fch wie m\u00f6glich Schutz, langfristige L\u00f6sungen und legale Aufnahme erm\u00f6glicht werden.<\/p>\n<p>[\/et_pb_text][\/et_pb_column][\/et_pb_row][et_pb_row column_structure=&#8220;1_2,1_2&#8243; make_equal=&#8220;on&#8220; _builder_version=&#8220;4.16&#8243; global_colors_info=&#8220;{}&#8220;][et_pb_column type=&#8220;1_2&#8243; _builder_version=&#8220;4.16&#8243; background_color=&#8220;#f4f4f4&#8243; custom_padding=&#8220;20px|20px|20px|20px&#8220; global_colors_info=&#8220;{}&#8220; custom_padding__hover=&#8220;|||&#8220;][et_pb_video src=&#8220;https:\/\/www.youtube.com\/watch?v=jbcf3aHACAA&#8220; image_src=&#8220;https:\/\/www.unhcr.org\/europeanunion\/wp-content\/uploads\/sites\/70\/2024\/05\/24-action-5.jpg&#8220; play_icon_color=&#8220;#0072bc&#8220; module_class=&#8220;squarevideo&#8220; _builder_version=&#8220;4.24.3&#8243; custom_css_video_icon=&#8220;text-shadow: 2px 2px 2px rgba(0,0,0,0.3);&#8220; global_colors_info=&#8220;{}&#8220;][\/et_pb_video][et_pb_text _builder_version=&#8220;4.24.3&#8243; header_2_text_color=&#8220;#0072bc&#8220; header_3_font=&#8220;|700|||||||&#8220; header_3_text_color=&#8220;#0072BC&#8220; header_3_font_size=&#8220;26px&#8220; locked=&#8220;off&#8220; global_colors_info=&#8220;{}&#8220;]<\/p>\n<h3 style=\"text-align: center;\">5. FL\u00dcCHTLINGEN LEGALE UND SICHERE WEGE NACH EUROPA ZU ERM\u00d6GLICHEN<\/h3>\n<p>Wenn sich die EU-Staaten kontinuierlich f\u00fcr mehr Resettlement sowie andere sichere und regul\u00e4re Wege einsetzen, werden weniger Menschen gef\u00e4hrliche Reisen unternehmen, um in Europa Schutz zu suchen. Flexible und faire Verfahren sind erforderlich, um die Zusammenf\u00fchrung von Fl\u00fcchtlingsfamilien zu gew\u00e4hrleisten.<\/p>\n<p>[\/et_pb_text][\/et_pb_column][et_pb_column type=&#8220;1_2&#8243; _builder_version=&#8220;4.16&#8243; background_color=&#8220;#f4f4f4&#8243; custom_padding=&#8220;20px|20px|20px|20px&#8220; global_colors_info=&#8220;{}&#8220; custom_padding__hover=&#8220;|||&#8220;][et_pb_video src=&#8220;https:\/\/www.youtube.com\/watch?v=CYr_CV4w1To&#8220; image_src=&#8220;https:\/\/www.unhcr.org\/europeanunion\/wp-content\/uploads\/sites\/70\/2024\/05\/24-action-6.jpg&#8220; play_icon_color=&#8220;#0072bc&#8220; module_class=&#8220;squarevideo&#8220; _builder_version=&#8220;4.24.3&#8243; custom_css_video_icon=&#8220;text-shadow: 2px 2px 2px rgba(0,0,0,0.3);&#8220; global_colors_info=&#8220;{}&#8220;][\/et_pb_video][et_pb_text _builder_version=&#8220;4.24.3&#8243; header_2_text_color=&#8220;#0072bc&#8220; header_3_font=&#8220;|700|||||||&#8220; header_3_text_color=&#8220;#0072BC&#8220; header_3_font_size=&#8220;26px&#8220; locked=&#8220;off&#8220; global_colors_info=&#8220;{}&#8220;]<\/p>\n<h3 style=\"text-align: center;\">6. FL\u00dcCHTLINGEN WELTWEIT BEIM AUFBAU EINER ZUKUNFT ZU HELFEN<\/h3>\n<p><span>Die Unterst\u00fctzung der EU f\u00fcr Aufnahmel\u00e4nder weltweit wird Fl\u00fcchtlingen dabei helfen, ihr Leben wieder aufzubauen. Zus\u00e4tzliche und flexible EU-Mittel f\u00fcr humanit\u00e4re Hilfe und Entwicklung sind von entscheidender Bedeutung, um lebensrettende Hilfe f\u00fcr Fl\u00fcchtlinge und Unterst\u00fctzung f\u00fcr die Aufnahmel\u00e4nder zu leisten.<\/span><\/p>\n<p>[\/et_pb_text][\/et_pb_column][\/et_pb_row][et_pb_row column_structure=&#8220;1_2,1_2&#8243; make_equal=&#8220;on&#8220; _builder_version=&#8220;4.16&#8243; global_colors_info=&#8220;{}&#8220;][et_pb_column type=&#8220;1_2&#8243; _builder_version=&#8220;4.16&#8243; background_color=&#8220;#f4f4f4&#8243; custom_padding=&#8220;20px|20px|20px|20px&#8220; global_colors_info=&#8220;{}&#8220; custom_padding__hover=&#8220;|||&#8220;][et_pb_video src=&#8220;https:\/\/www.youtube.com\/watch?v=QoIDsQOxwzA&#8220; image_src=&#8220;https:\/\/www.unhcr.org\/europeanunion\/wp-content\/uploads\/sites\/70\/2024\/05\/24-action-7.jpg&#8220; play_icon_color=&#8220;#0072bc&#8220; module_class=&#8220;squarevideo&#8220; _builder_version=&#8220;4.24.3&#8243; custom_css_video_icon=&#8220;text-shadow: 2px 2px 2px rgba(0,0,0,0.3);&#8220; global_colors_info=&#8220;{}&#8220;][\/et_pb_video][et_pb_text _builder_version=&#8220;4.24.3&#8243; header_2_text_color=&#8220;#0072bc&#8220; header_3_font=&#8220;|700|||||||&#8220; header_3_text_color=&#8220;#0072BC&#8220; header_3_font_size=&#8220;26px&#8220; locked=&#8220;off&#8220; global_colors_info=&#8220;{}&#8220;]<\/p>\n<h3 style=\"text-align: center;\">7. STAATENLOSIGKEIT ZU BEENDEN<\/h3>\n<p>Millionen Menschen auf der ganzen Welt sind staatenlos. Hunderttausende leben in der EU. Die EU kann eine f\u00fchrende Rolle bei der Beendigung der Staatenlosigkeit spielen, indem sie Gesetze und Verfahren einf\u00fchrt, um staatenlose Menschen zu identifizieren, zu sch\u00fctzen und sicherzustellen, dass sie ihre Rechte wahrnehmen k\u00f6nnen.<\/p>\n<p>[\/et_pb_text][\/et_pb_column][et_pb_column type=&#8220;1_2&#8243; _builder_version=&#8220;4.16&#8243; background_color=&#8220;#0072bc&#8220; custom_padding=&#8220;20px|20px|20px|20px&#8220; global_colors_info=&#8220;{}&#8220; custom_padding__hover=&#8220;|||&#8220;][et_pb_image src=&#8220;https:\/\/www.unhcr.org\/europeanunion\/wp-content\/uploads\/sites\/70\/2019\/04\/shareplaceholder.png&#8220; align=&#8220;center&#8220; align_tablet=&#8220;center&#8220; align_phone=&#8220;&#8220; align_last_edited=&#8220;on|desktop&#8220; disabled_on=&#8220;on|off|&#8220; _builder_version=&#8220;4.16&#8243; max_width=&#8220;50%&#8220; global_colors_info=&#8220;{}&#8220;][\/et_pb_image][et_pb_text _builder_version=&#8220;4.24.3&#8243; background_layout=&#8220;dark&#8220; global_colors_info=&#8220;{}&#8220;]<\/p>\n<h2 style=\"text-align: center;\">Sieben Ma\u00dfnahmen.<br \/>\n<strong>Eine gemeinsame Zukunft.<\/strong><br \/>\nEs liegt an uns!<\/h2>\n<p>&nbsp;<\/p>\n<p style=\"text-align: center;\"><a class=\"et_pb_button et_pb_button_1 et_pb_bg_layout_dark\" href=\"https:\/\/www.unhcr.org\/europeanunion\/wp-content\/uploads\/sites\/70\/2024\/05\/UNHCR-EU_campaign_flyers-GER-2024-screen-2.pdf\" target=\"_blank\" rel=\"noopener noreferrer\">Download brochure<\/a><\/p>\n<p>&nbsp;<\/p>\n<h3 style=\"text-align: center;\">Share this page<\/h3>\n<p style=\"text-align: center;\"><a class=\"et_pb_button et_pb_button_1 et_pb_bg_layout_dark\" href=\"https:\/\/www.facebook.com\/sharer.php?u=https%3A%2F%2Fwww.unhcr.org%2Feuropeanunion%2Fde%2F&amp;t=2024%20WAHL%20ZUM%20EUROP\u00c4ISCHEN%20PARLAMENT\" target=\"_blank\" rel=\"noopener noreferrer\">Facebook<\/a> \u00a0\u00a0<a class=\"et_pb_button et_pb_button_0 et_pb_bg_layout_dark\" href=\"https:\/\/twitter.com\/share?text=2024%20WAHL%20ZUM%20EUROP\u00c4ISCHEN%20PARLAMENT&amp;url=https%3A%2F%2Fwww.unhcr.org%2Feuropeanunion%2Fde%2F&amp;via=refugees\" target=\"_blank\" rel=\"noopener noreferrer\">Twitter<\/a> \u00a0\u00a0<a class=\"et_pb_button et_pb_button_0 et_pb_bg_layout_dark\" href=\"mailto:?to=&amp;body=https:\/\/www.unhcr.org\/europeanunion\/de\/&amp;subject=Die wichtigsten UNHCR- Empfehlungen an das n\u00e4chste Europ\u00e4ische Parlament\">Email<\/a><\/p>\n<p>[\/et_pb_text][\/et_pb_column][\/et_pb_row][\/et_pb_section]<\/p>\n","protected":false},"excerpt":{"rendered":"<p>Die wichtigsten UNHCR- Empfehlungen an das n\u00e4chste Europ\u00e4ische ParlamentKonflikte, Gewalt und Verfolgung zwingen immer mehr Menschen dazu, aus ihrer Heimat zu fliehen. Die meisten von ihnen bleiben in ihrem eigenen Land oder fliehen in Nachbarl\u00e4nder, nicht in die Europ\u00e4ische Union (EU). Tragischerweise sterben immer noch zu viele Menschen auf der Suche nach Schutz entlang der [&hellip;]<\/p>\n","protected":false},"author":28,"featured_media":5891,"parent":0,"menu_order":0,"comment_status":"closed","ping_status":"closed","template":"","meta":{"_et_pb_use_builder":"on","_et_pb_old_content":"","_et_gb_content_width":"","footnotes":""},"class_list":["post-6443","page","type-page","status-publish","has-post-thumbnail","hentry"],"_links":{"self":[{"href":"https:\/\/www.unhcr.org\/europeanunion\/de\/wp-json\/wp\/v2\/pages\/6443","targetHints":{"allow":["GET"]}}],"collection":[{"href":"https:\/\/www.unhcr.org\/europeanunion\/de\/wp-json\/wp\/v2\/pages"}],"about":[{"href":"https:\/\/www.unhcr.org\/europeanunion\/de\/wp-json\/wp\/v2\/types\/page"}],"author":[{"embeddable":true,"href":"https:\/\/www.unhcr.org\/europeanunion\/de\/wp-json\/wp\/v2\/users\/28"}],"replies":[{"embeddable":true,"href":"https:\/\/www.unhcr.org\/europeanunion\/de\/wp-json\/wp\/v2\/comments?post=6443"}],"version-history":[{"count":8,"href":"https:\/\/www.unhcr.org\/europeanunion\/de\/wp-json\/wp\/v2\/pages\/6443\/revisions"}],"predecessor-version":[{"id":7457,"href":"https:\/\/www.unhcr.org\/europeanunion\/de\/wp-json\/wp\/v2\/pages\/6443\/revisions\/7457"}],"wp:featuredmedia":[{"embeddable":true,"href":"https:\/\/www.unhcr.org\/europeanunion\/de\/wp-json\/wp\/v2\/media\/5891"}],"wp:attachment":[{"href":"https:\/\/www.unhcr.org\/europeanunion\/de\/wp-json\/wp\/v2\/media?parent=6443"}],"curies":[{"name":"wp","href":"https:\/\/api.w.org\/{rel}","templated":true}]}}