{"id":6451,"date":"2024-05-16T12:54:27","date_gmt":"2024-05-16T12:54:27","guid":{"rendered":"https:\/\/www.unhcr.org\/europeanunion\/unhcrs-seven-key-calls-to-the-next-european-parliament\/"},"modified":"2024-05-19T19:28:21","modified_gmt":"2024-05-19T19:28:21","slug":"unhcrs-seven-key-calls-to-the-next-european-parliament","status":"publish","type":"page","link":"https:\/\/www.unhcr.org\/europeanunion\/es\/","title":{"rendered":"Siete Peticiones de ACNUR al Pr\u00f3ximo Parlamento Europeo"},"content":{"rendered":"<p>[et_pb_section fb_built=\u00bb1&#8243; _builder_version=\u00bb4.16&#8243; background_color=\u00bbrgba(255,255,255,0)\u00bb custom_margin=\u00bb0px||0px|\u00bb custom_padding=\u00bb0px||0px|\u00bb global_colors_info=\u00bb{}\u00bb][et_pb_row column_structure=\u00bb1_2,1_2&#8243; make_equal=\u00bbon\u00bb _builder_version=\u00bb4.24.3&#8243; custom_css_main_element=\u00bbmargin: auto;\u00bb global_colors_info=\u00bb{}\u00bb][et_pb_column type=\u00bb1_2&#8243; _builder_version=\u00bb4.24.3&#8243; custom_padding=\u00bb|||\u00bb custom_css_main_element=\u00bbmargin: auto;\u00bb custom_css_free_form=\u00bb\t\u00bb global_colors_info=\u00bb{}\u00bb custom_padding__hover=\u00bb|||\u00bb][et_pb_text _builder_version=\u00bb4.24.3&#8243; text_font=\u00bb||||||||\u00bb header_font=\u00bb||||||||\u00bb header_text_color=\u00bb#0072bc\u00bb max_width=\u00bb80%\u00bb module_alignment=\u00bbleft\u00bb custom_padding=\u00bb||||false|false\u00bb hover_enabled=\u00bb0&#8243; custom_css_main_element=\u00bbalign-items: center;\u00bb global_colors_info=\u00bb{}\u00bb sticky_enabled=\u00bb0&#8243;]<\/p>\n<h1 style=\"text-align: left;\">Siete Peticiones de ACNUR al Pr\u00f3ximo Parlamento Europeo<\/h1>\n<p>[\/et_pb_text][\/et_pb_column][et_pb_column type=\u00bb1_2&#8243; _builder_version=\u00bb4.16&#8243; custom_padding=\u00bb|||\u00bb global_colors_info=\u00bb{}\u00bb custom_padding__hover=\u00bb|||\u00bb][et_pb_video src=\u00bbhttps:\/\/www.youtube.com\/watch?v=l5BGeaurAmQ&#038;list=PLe7noxa9cIeZWA83flxg3gK-XxTGNdM3s&#038;index=2&#8243; image_src=\u00bb\/\/i.ytimg.com\/vi\/l5BGeaurAmQ\/hqdefault.jpg\u00bb play_icon_color=\u00bb#0072bc\u00bb thumbnail_overlay_color=\u00bbrgba(0,0,0,0.6)\u00bb module_class=\u00bbsquarevideo\u00bb _builder_version=\u00bb4.24.3&#8243; custom_css_video_icon=\u00bbtext-shadow: 2px 2px 2px rgba(0,0,0,0.3);\u00bb global_colors_info=\u00bb{}\u00bb][\/et_pb_video][\/et_pb_column][\/et_pb_row][\/et_pb_section][et_pb_section fb_built=\u00bb1&#8243; admin_label=\u00bbIntroduction\u00bb module_id=\u00bbCH1&#8243; _builder_version=\u00bb4.16&#8243; background_color=\u00bbrgba(255,255,255,0.8)\u00bb collapsed=\u00bboff\u00bb global_colors_info=\u00bb{}\u00bb][et_pb_row _builder_version=\u00bb4.16&#8243; max_width=\u00bb800px\u00bb use_custom_width=\u00bbon\u00bb custom_width_px=\u00bb800px\u00bb global_colors_info=\u00bb{}\u00bb][et_pb_column type=\u00bb4_4&#8243; _builder_version=\u00bb4.16&#8243; custom_padding=\u00bb|||\u00bb global_colors_info=\u00bb{}\u00bb custom_padding__hover=\u00bb|||\u00bb][et_pb_text disabled_on=\u00bb||off\u00bb admin_label=\u00bbIntro\u00bb _builder_version=\u00bb4.24.3&#8243; header_font=\u00bb|700|||||||\u00bb header_font_size=\u00bb80&#8243; header_2_font=\u00bb|300|||||||\u00bb header_2_font_size=\u00bb30px\u00bb header_3_text_color=\u00bb#0072bc\u00bb hover_enabled=\u00bb0&#8243; header_font_size_tablet=\u00bb60&#8243; header_font_size_phone=\u00bb36&#8243; header_font_size_last_edited=\u00bbon|phone\u00bb header_2_font_size_tablet=\u00bb\u00bb header_2_font_size_phone=\u00bb24px\u00bb header_2_font_size_last_edited=\u00bbon|phone\u00bb global_colors_info=\u00bb{}\u00bb sticky_enabled=\u00bb0&#8243;]<\/p>\n<p class=\"intro\"><strong>Los conflictos, la violencia y la persecuci\u00f3n obligan cada vez a m\u00e1s personas a abandonar sus hogares.<\/strong> La mayor\u00eda se desplaza dentro de sus propios pa\u00edses o huye hacia pa\u00edses veci- nos, por lo general, no a la Uni\u00f3n Europea (UE). Desgraciadamente, muchas per- sonas siguen muriendo a lo largo de las rutas y en los mares tratando de buscar protecci\u00f3n. Las devoluciones autom\u00e1ticas y sumarias, as\u00ed como las violaciones de derechos humanos en las fronteras siguen afectando a muchas personas que buscan seguridad y no pueden entrar en Europa.<\/p>\n<p>Convertirse en refugiado no es algo que se elija, pero s\u00ed podemos elegir c\u00f3mo queremos actuar y responder. La UE puede jugar un rol de liderazgo protegiendo a las personas refugiadas y dando esperanza a quienes se encuentran lejos de sus hogares.<\/p>\n<p>A trav\u00e9s de una respuesta com\u00fan, los pa\u00edses de la UE pueden gestionar la llegada de personas de forma segura y humana, beneficiando tanto a los refugiados, como a las comunidades que los acogen.<\/p>\n<p>Apoyando a pa\u00edses terceros, la UE tambi\u00e9n puede reducir el n\u00famero de traves\u00edas peligrosas y ayudar a las personas refugiadas a encontrar oportunidades y soluciones a largo plazo.<\/p>\n<p>[\/et_pb_text][\/et_pb_column][\/et_pb_row][\/et_pb_section][et_pb_section fb_built=\u00bb1&#8243; module_id=\u00bbCH2&#8243; _builder_version=\u00bb4.16&#8243; background_color=\u00bbrgba(255,255,255,0)\u00bb custom_padding=\u00bb||0px|\u00bb global_colors_info=\u00bb{}\u00bb][et_pb_row _builder_version=\u00bb4.24.3&#8243; max_width=\u00bb1000px\u00bb module_alignment=\u00bbcenter\u00bb hover_enabled=\u00bb0&#8243; use_custom_width=\u00bbon\u00bb custom_width_px=\u00bb700px\u00bb global_colors_info=\u00bb{}\u00bb sticky_enabled=\u00bb0&#8243;][et_pb_column type=\u00bb4_4&#8243; _builder_version=\u00bb4.16&#8243; custom_padding=\u00bb|||\u00bb global_colors_info=\u00bb{}\u00bb custom_padding__hover=\u00bb|||\u00bb][et_pb_text disabled_on=\u00bb||off\u00bb admin_label=\u00bbWhat can the EU do to better protect refugees?\u00bb _builder_version=\u00bb4.24.3&#8243; text_font_size=\u00bb20px\u00bb header_font=\u00bb|700|||||||\u00bb header_font_size=\u00bb80&#8243; header_2_font=\u00bb|700|||||||\u00bb header_2_text_color=\u00bb#0072bc\u00bb header_2_font_size=\u00bb48px\u00bb hover_enabled=\u00bb0&#8243; header_font_size_tablet=\u00bb60&#8243; header_font_size_phone=\u00bb36&#8243; header_font_size_last_edited=\u00bbon|phone\u00bb header_2_font_size_tablet=\u00bb\u00bb header_2_font_size_phone=\u00bb36px\u00bb header_2_font_size_last_edited=\u00bbon|phone\u00bb global_colors_info=\u00bb{}\u00bb sticky_enabled=\u00bb0&#8243;]<\/p>\n<h2 class=\"p1\" style=\"text-align: center;\">\u00bfQu\u00e9 pueden hacer los miembros del pr\u00f3ximo Parlamento Europeo para proteger mejor a las personas refugiadas?<\/h2>\n<p class=\"intro\" style=\"text-align: center;\">Aqu\u00ed siete acciones:<\/p>\n<p>[\/et_pb_text][\/et_pb_column][\/et_pb_row][\/et_pb_section][et_pb_section fb_built=\u00bb1&#8243; _builder_version=\u00bb4.16&#8243; background_color=\u00bbrgba(255,255,255,0)\u00bb global_colors_info=\u00bb{}\u00bb][et_pb_row column_structure=\u00bb1_2,1_2&#8243; make_equal=\u00bbon\u00bb _builder_version=\u00bb4.16&#8243; global_colors_info=\u00bb{}\u00bb][et_pb_column type=\u00bb1_2&#8243; _builder_version=\u00bb4.16&#8243; background_color=\u00bb#f4f4f4&#8243; custom_padding=\u00bb20px|20px|20px|20px\u00bb global_colors_info=\u00bb{}\u00bb custom_padding__hover=\u00bb|||\u00bb][et_pb_video src=\u00bbhttps:\/\/www.youtube.com\/watch?v=z1A18BRxRu0&#038;list=PLe7noxa9cIeZWA83flxg3gK-XxTGNdM3s&#038;index=2&#8243; image_src=\u00bbhttps:\/\/www.unhcr.org\/europeanunion\/wp-content\/uploads\/sites\/70\/2024\/05\/24-action-1.jpg\u00bb play_icon_color=\u00bb#0072bc\u00bb module_class=\u00bbsquarevideo\u00bb _builder_version=\u00bb4.24.3&#8243; custom_css_video_icon=\u00bbtext-shadow: 2px 2px 2px rgba(0,0,0,0.3);\u00bb global_colors_info=\u00bb{}\u00bb][\/et_pb_video][et_pb_text _builder_version=\u00bb4.24.3&#8243; header_2_text_color=\u00bb#0072bc\u00bb header_3_font=\u00bb|700|||||||\u00bb header_3_text_color=\u00bb#0072BC\u00bb header_3_font_size=\u00bb26px\u00bb hover_enabled=\u00bb0&#8243; global_colors_info=\u00bb{}\u00bb sticky_enabled=\u00bb0&#8243;]<\/p>\n<h3 style=\"text-align: center;\">1. PROTEGER EL DERECHO A LA SEGURIDAD Y AL ASILO<\/h3>\n<p><span>Buscar seguridad frente a la guerra, los conflictos y la persecuci\u00f3n es un derecho humano fundamental. Se debe permitir que las personas accedan al asilo y nunca a costa de sus vidas o de su dignidad. Hay que poner fin a las devoluciones autom\u00e1ticas y a las violaciones de los derechos humanos en las fronteras europeas. Se necesita con urgencia que la UE lidere la b\u00fasqueda y rescate y establezca acuerdos sobre d\u00f3nde desembarcar a las personas rescatadas en el mar.<\/span><\/p>\n<p>[\/et_pb_text][\/et_pb_column][et_pb_column type=\u00bb1_2&#8243; _builder_version=\u00bb4.16&#8243; background_color=\u00bb#f4f4f4&#8243; custom_padding=\u00bb20px|20px|20px|20px\u00bb global_colors_info=\u00bb{}\u00bb custom_padding__hover=\u00bb|||\u00bb][et_pb_video src=\u00bbhttps:\/\/www.youtube.com\/watch?v=NOYuXXikOLY&#038;list=PLe7noxa9cIeZWA83flxg3gK-XxTGNdM3s&#038;index=3&#8243; image_src=\u00bbhttps:\/\/www.unhcr.org\/europeanunion\/wp-content\/uploads\/sites\/70\/2024\/05\/24-action-2.jpg\u00bb play_icon_color=\u00bb#0072bc\u00bb module_class=\u00bbsquarevideo\u00bb _builder_version=\u00bb4.24.3&#8243; custom_css_video_icon=\u00bbtext-shadow: 2px 2px 2px rgba(0,0,0,0.3);\u00bb global_colors_info=\u00bb{}\u00bb][\/et_pb_video][et_pb_text _builder_version=\u00bb4.24.3&#8243; header_2_text_color=\u00bb#0072bc\u00bb header_3_font=\u00bb|700|||||||\u00bb header_3_text_color=\u00bb#0072BC\u00bb header_3_font_size=\u00bb26px\u00bb hover_enabled=\u00bb0&#8243; locked=\u00bboff\u00bb global_colors_info=\u00bb{}\u00bb sticky_enabled=\u00bb0&#8243;]<\/p>\n<h3 style=\"text-align: center;\">2. GARANTIZAR PROCEDIMIENTOS DE ASILO RESPETUOSOS CON LOS DERECHOS HUMANOS<\/h3>\n<p><span>Los procedimientos en frontera deben realizarse respetando las garant\u00edas legales y no provocar detenciones de facto. Los ni\u00f1os y ni\u00f1as nunca deben ser detenidos. Toda persona tiene derecho a unas condiciones de acogida y a un alojamiento dignos. Los derechos humanos son para todos y deben respetarse en todo momento. Quienes <\/span><span>no tengan derecho a la protecci\u00f3n internacional deber\u00edan ser retornados a sus pa\u00edses de origen siguiendo los procesos debidos y con respeto por los derechos humanos.<\/span><\/p>\n<p>[\/et_pb_text][\/et_pb_column][\/et_pb_row][et_pb_row column_structure=\u00bb1_2,1_2&#8243; make_equal=\u00bbon\u00bb _builder_version=\u00bb4.16&#8243; global_colors_info=\u00bb{}\u00bb][et_pb_column type=\u00bb1_2&#8243; _builder_version=\u00bb4.16&#8243; background_color=\u00bb#f4f4f4&#8243; custom_padding=\u00bb20px|20px|20px|20px\u00bb global_colors_info=\u00bb{}\u00bb custom_padding__hover=\u00bb|||\u00bb][et_pb_video src=\u00bbhttps:\/\/www.youtube.com\/watch?v=JhQawGI4VcI&#038;list=PLe7noxa9cIeZWA83flxg3gK-XxTGNdM3s&#038;index=4&#8243; image_src=\u00bbhttps:\/\/www.unhcr.org\/europeanunion\/wp-content\/uploads\/sites\/70\/2024\/05\/24-action-3.jpg\u00bb play_icon_color=\u00bb#0072bc\u00bb module_class=\u00bbsquarevideo\u00bb _builder_version=\u00bb4.24.3&#8243; custom_css_video_icon=\u00bbtext-shadow: 2px 2px 2px rgba(0,0,0,0.3);\u00bb global_colors_info=\u00bb{}\u00bb][\/et_pb_video][et_pb_text _builder_version=\u00bb4.24.3&#8243; header_2_text_color=\u00bb#0072bc\u00bb header_3_font=\u00bb|700|||||||\u00bb header_3_text_color=\u00bb#0072BC\u00bb header_3_font_size=\u00bb26px\u00bb hover_enabled=\u00bb0&#8243; locked=\u00bboff\u00bb global_colors_info=\u00bb{}\u00bb sticky_enabled=\u00bb0&#8243;]<\/p>\n<h3 style=\"text-align: center;\">3. MOSTRAR SOLIDARIDAD CON LOS PA\u00cdSES QUE M\u00c1S REFUGIADOS ACOGEN<\/h3>\n<p>La responsabilidad de recibir y de acoger a quienes piden asilo puede repartirse de forma justa entre los pa\u00edses de la UE, mediante traslados desde los pa\u00edses de la Uni\u00f3n a los que llega un mayor n\u00famero de personas. La solidaridad global y el apoyo a los pa\u00edses fuera de la UE que acogen a grandes poblaciones de refugiados, es tambi\u00e9n clave.<\/p>\n<p>[\/et_pb_text][\/et_pb_column][et_pb_column type=\u00bb1_2&#8243; _builder_version=\u00bb4.16&#8243; background_color=\u00bb#f4f4f4&#8243; custom_padding=\u00bb20px|20px|20px|20px\u00bb global_colors_info=\u00bb{}\u00bb custom_padding__hover=\u00bb|||\u00bb][et_pb_video src=\u00bbhttps:\/\/www.youtube.com\/watch?v=VJODfEm5oZ0&#038;list=PLe7noxa9cIeZWA83flxg3gK-XxTGNdM3s&#038;index=5&#8243; image_src=\u00bbhttps:\/\/www.unhcr.org\/europeanunion\/wp-content\/uploads\/sites\/70\/2024\/05\/24-action-4.jpg\u00bb play_icon_color=\u00bb#0072bc\u00bb module_class=\u00bbsquarevideo\u00bb _builder_version=\u00bb4.24.3&#8243; custom_css_video_icon=\u00bbtext-shadow: 2px 2px 2px rgba(0,0,0,0.3);\u00bb global_colors_info=\u00bb{}\u00bb][\/et_pb_video][et_pb_text _builder_version=\u00bb4.24.3&#8243; header_2_text_color=\u00bb#0072bc\u00bb header_3_font=\u00bb|700|||||||\u00bb header_3_text_color=\u00bb#0072BC\u00bb header_3_font_size=\u00bb26px\u00bb hover_enabled=\u00bb0&#8243; locked=\u00bboff\u00bb global_colors_info=\u00bb{}\u00bb sticky_enabled=\u00bb0&#8243;]<\/p>\n<h3 style=\"text-align: center;\">4. AYUDAR A LAS PERSONAS REFUGIADAS EN LAS RUTAS MIGRATORIAS<\/h3>\n<p><span>Los refugiados se enfrentan a numerosos retos a lo largo de las rutas migratorias, como peligros f\u00edsicos, explotaci\u00f3n, violencia o no poder cubrir sus necesidades b\u00e1sicas. Para reducir el sufrimiento humano en traves\u00edas peligrosas, la UE puede apoyar intervenciones a lo largo de esas rutas para ayudar a las personas que se desplazan a encontrar protecci\u00f3n, soluciones y v\u00edas legales lo antes posible.<\/span><\/p>\n<p>[\/et_pb_text][\/et_pb_column][\/et_pb_row][et_pb_row column_structure=\u00bb1_2,1_2&#8243; make_equal=\u00bbon\u00bb _builder_version=\u00bb4.16&#8243; global_colors_info=\u00bb{}\u00bb][et_pb_column type=\u00bb1_2&#8243; _builder_version=\u00bb4.16&#8243; background_color=\u00bb#f4f4f4&#8243; custom_padding=\u00bb20px|20px|20px|20px\u00bb global_colors_info=\u00bb{}\u00bb custom_padding__hover=\u00bb|||\u00bb][et_pb_video src=\u00bbhttps:\/\/www.youtube.com\/watch?v=ywsIdZOEFhk&#038;list=PLe7noxa9cIeZWA83flxg3gK-XxTGNdM3s&#038;index=6&#8243; image_src=\u00bbhttps:\/\/www.unhcr.org\/europeanunion\/wp-content\/uploads\/sites\/70\/2024\/05\/24-action-5.jpg\u00bb play_icon_color=\u00bb#0072bc\u00bb module_class=\u00bbsquarevideo\u00bb _builder_version=\u00bb4.24.3&#8243; custom_css_video_icon=\u00bbtext-shadow: 2px 2px 2px rgba(0,0,0,0.3);\u00bb global_colors_info=\u00bb{}\u00bb][\/et_pb_video][et_pb_text _builder_version=\u00bb4.24.3&#8243; header_2_text_color=\u00bb#0072bc\u00bb header_3_font=\u00bb|700|||||||\u00bb header_3_text_color=\u00bb#0072BC\u00bb header_3_font_size=\u00bb26px\u00bb hover_enabled=\u00bb0&#8243; locked=\u00bboff\u00bb global_colors_info=\u00bb{}\u00bb sticky_enabled=\u00bb0&#8243;]<\/p>\n<h3 style=\"text-align: center;\">5. OFRECER OPCIONES LEGALES PARA QUE LOS REFUGIADOS PUEDAN ALCANZAR LA SEGURIDAD EN EUROPA<\/h3>\n<p>Con un compromiso firme de los pa\u00edses de la UE para aumentar el reasentamiento y otras v\u00edas seguras y legales, se reducir\u00eda el n\u00famero de personas que emprender\u00edan estos viajes peligrosos para buscar seguridad en Europa. Se necesitan procedimientos flexibles y justos para garantizar la reunificaci\u00f3n de las familias refugiadas.<\/p>\n<p>[\/et_pb_text][\/et_pb_column][et_pb_column type=\u00bb1_2&#8243; _builder_version=\u00bb4.16&#8243; background_color=\u00bb#f4f4f4&#8243; custom_padding=\u00bb20px|20px|20px|20px\u00bb global_colors_info=\u00bb{}\u00bb custom_padding__hover=\u00bb|||\u00bb][et_pb_video src=\u00bbhttps:\/\/www.youtube.com\/watch?v=IIAhcfjabMU&#038;list=PLe7noxa9cIeZWA83flxg3gK-XxTGNdM3s&#038;index=7&#8243; image_src=\u00bbhttps:\/\/www.unhcr.org\/europeanunion\/wp-content\/uploads\/sites\/70\/2024\/05\/24-action-6.jpg\u00bb play_icon_color=\u00bb#0072bc\u00bb module_class=\u00bbsquarevideo\u00bb _builder_version=\u00bb4.24.3&#8243; custom_css_video_icon=\u00bbtext-shadow: 2px 2px 2px rgba(0,0,0,0.3);\u00bb global_colors_info=\u00bb{}\u00bb][\/et_pb_video][et_pb_text _builder_version=\u00bb4.24.3&#8243; header_2_text_color=\u00bb#0072bc\u00bb header_3_font=\u00bb|700|||||||\u00bb header_3_text_color=\u00bb#0072BC\u00bb header_3_font_size=\u00bb26px\u00bb hover_enabled=\u00bb0&#8243; locked=\u00bboff\u00bb global_colors_info=\u00bb{}\u00bb sticky_enabled=\u00bb0&#8243;]<\/p>\n<h3 style=\"text-align: center;\">6. AYUDAR A LAS PERSONAS REFUGIADAS A PROSPERAR ALL\u00c1 DONDE EST\u00c9N<\/h3>\n<p>El apoyo de Europa a otros pa\u00edses de acogida permitir\u00eda a los refugiados reconstruir sus vidas all\u00e1 donde se encuentren. Es crucial contar con financiaci\u00f3n adicional y flexible de la UE en ayuda humanitaria y de desarrollo para brindar asistencia vital a personas refugiadas y a los pa\u00edses que las acogen.<\/p>\n<p>[\/et_pb_text][\/et_pb_column][\/et_pb_row][et_pb_row column_structure=\u00bb1_2,1_2&#8243; make_equal=\u00bbon\u00bb _builder_version=\u00bb4.16&#8243; global_colors_info=\u00bb{}\u00bb][et_pb_column type=\u00bb1_2&#8243; _builder_version=\u00bb4.16&#8243; background_color=\u00bb#f4f4f4&#8243; custom_padding=\u00bb20px|20px|20px|20px\u00bb global_colors_info=\u00bb{}\u00bb custom_padding__hover=\u00bb|||\u00bb][et_pb_video src=\u00bbhttps:\/\/www.youtube.com\/watch?v=cxQroYNNGcI&#038;list=PLe7noxa9cIeZWA83flxg3gK-XxTGNdM3s&#038;index=8&#8243; image_src=\u00bbhttps:\/\/www.unhcr.org\/europeanunion\/wp-content\/uploads\/sites\/70\/2024\/05\/24-action-7.jpg\u00bb play_icon_color=\u00bb#0072bc\u00bb module_class=\u00bbsquarevideo\u00bb _builder_version=\u00bb4.24.3&#8243; custom_css_video_icon=\u00bbtext-shadow: 2px 2px 2px rgba(0,0,0,0.3);\u00bb global_colors_info=\u00bb{}\u00bb][\/et_pb_video][et_pb_text _builder_version=\u00bb4.24.3&#8243; header_2_text_color=\u00bb#0072bc\u00bb header_3_font=\u00bb|700|||||||\u00bb header_3_text_color=\u00bb#0072BC\u00bb header_3_font_size=\u00bb26px\u00bb hover_enabled=\u00bb0&#8243; locked=\u00bboff\u00bb global_colors_info=\u00bb{}\u00bb sticky_enabled=\u00bb0&#8243;]<\/p>\n<h3 style=\"text-align: center;\">7. ERRADICAR LA APATRIDIA<\/h3>\n<p>Millones de personas en todo el mundo son ap\u00e1tridas. Cientos de miles viven en la UE y \u00e9sta puede desempe\u00f1ar un papel de liderazgo para erradicar la apatridia estableciendo leyes y procedimientos para identificar y proteger a personas ap\u00e1tridas y garantizar que puedan disfrutar de sus derechos.<\/p>\n<p>[\/et_pb_text][\/et_pb_column][et_pb_column type=\u00bb1_2&#8243; _builder_version=\u00bb4.16&#8243; background_color=\u00bb#0072bc\u00bb custom_padding=\u00bb20px|20px|20px|20px\u00bb global_colors_info=\u00bb{}\u00bb custom_padding__hover=\u00bb|||\u00bb][et_pb_image src=\u00bbhttps:\/\/www.unhcr.org\/europeanunion\/wp-content\/uploads\/sites\/70\/2019\/04\/shareplaceholder.png\u00bb align=\u00bbcenter\u00bb align_tablet=\u00bbcenter\u00bb align_phone=\u00bb\u00bb align_last_edited=\u00bbon|desktop\u00bb disabled_on=\u00bbon|off|\u00bb _builder_version=\u00bb4.16&#8243; max_width=\u00bb50%\u00bb global_colors_info=\u00bb{}\u00bb][\/et_pb_image][et_pb_text _builder_version=\u00bb4.24.3&#8243; background_layout=\u00bbdark\u00bb hover_enabled=\u00bb0&#8243; global_colors_info=\u00bb{}\u00bb sticky_enabled=\u00bb0&#8243;]<\/p>\n<h2 style=\"text-align: center;\">Siete acciones.<br \/>\n<strong>Un futuro en com\u00fan.<\/strong><br \/>\nEst\u00e1 en tus manos.<\/h2>\n<p>&nbsp;<\/p>\n<p style=\"text-align: center;\"><a class=\"et_pb_button et_pb_button_1 et_pb_bg_layout_dark\" href=\"https:\/\/www.unhcr.org\/europeanunion\/wp-content\/uploads\/sites\/70\/2024\/05\/UNHCR-EU_campaign_flyers-ESP-2024-screen.pdf\">Download brochure<\/a><\/p>\n<p>&nbsp;<\/p>\n<h3 style=\"text-align: center;\">Share this page<\/h3>\n<p style=\"text-align: center;\"><a class=\"et_pb_button et_pb_button_1 et_pb_bg_layout_dark\" href=\"https:\/\/www.facebook.com\/sharer.php?u=https%3A%2F%2Fwww.unhcr.org%2Feuropeanunion%2Fes%2F&amp;t=2024%20ELECCIONES%20AL%20PARLAMENTO%20EUROPEO\" target=\"_blank\" rel=\"noopener noreferrer\">Facebook<\/a> \u00a0\u00a0<a class=\"et_pb_button et_pb_button_0 et_pb_bg_layout_dark\" href=\"https:\/\/twitter.com\/share?text=2024%20ELECCIONES%20AL%20PARLAMENTO%20EUROPEO&amp;url=https%3A%2F%2Fwww.unhcr.org%2Feuropeanunion%2Fes%2F&amp;via=refugees\" target=\"_blank\" rel=\"noopener noreferrer\">Twitter<\/a> \u00a0\u00a0<a class=\"et_pb_button et_pb_button_0 et_pb_bg_layout_dark\" href=\"mailto:?to=&amp;body=https:\/\/www.unhcr.org\/europeanunion\/es\/&amp;subject=Siete Peticiones de ACNUR al Pr\u00f3ximo Parlamento Europeo\">Email<\/a><\/p>\n<p>[\/et_pb_text][\/et_pb_column][\/et_pb_row][\/et_pb_section]<\/p>\n","protected":false},"excerpt":{"rendered":"<p>Siete Peticiones de ACNUR al Pr\u00f3ximo Parlamento EuropeoLos conflictos, la violencia y la persecuci\u00f3n obligan cada vez a m\u00e1s personas a abandonar sus hogares. La mayor\u00eda se desplaza dentro de sus propios pa\u00edses o huye hacia pa\u00edses veci- nos, por lo general, no a la Uni\u00f3n Europea (UE). Desgraciadamente, muchas per- sonas siguen muriendo a [&hellip;]<\/p>\n","protected":false},"author":28,"featured_media":5915,"parent":0,"menu_order":0,"comment_status":"closed","ping_status":"closed","template":"","meta":{"_et_pb_use_builder":"on","_et_pb_old_content":"","_et_gb_content_width":"","footnotes":""},"class_list":["post-6451","page","type-page","status-publish","has-post-thumbnail","hentry"],"_links":{"self":[{"href":"https:\/\/www.unhcr.org\/europeanunion\/es\/wp-json\/wp\/v2\/pages\/6451","targetHints":{"allow":["GET"]}}],"collection":[{"href":"https:\/\/www.unhcr.org\/europeanunion\/es\/wp-json\/wp\/v2\/pages"}],"about":[{"href":"https:\/\/www.unhcr.org\/europeanunion\/es\/wp-json\/wp\/v2\/types\/page"}],"author":[{"embeddable":true,"href":"https:\/\/www.unhcr.org\/europeanunion\/es\/wp-json\/wp\/v2\/users\/28"}],"replies":[{"embeddable":true,"href":"https:\/\/www.unhcr.org\/europeanunion\/es\/wp-json\/wp\/v2\/comments?post=6451"}],"version-history":[{"count":2,"href":"https:\/\/www.unhcr.org\/europeanunion\/es\/wp-json\/wp\/v2\/pages\/6451\/revisions"}],"predecessor-version":[{"id":6479,"href":"https:\/\/www.unhcr.org\/europeanunion\/es\/wp-json\/wp\/v2\/pages\/6451\/revisions\/6479"}],"wp:featuredmedia":[{"embeddable":true,"href":"https:\/\/www.unhcr.org\/europeanunion\/es\/wp-json\/wp\/v2\/media\/5915"}],"wp:attachment":[{"href":"https:\/\/www.unhcr.org\/europeanunion\/es\/wp-json\/wp\/v2\/media?parent=6451"}],"curies":[{"name":"wp","href":"https:\/\/api.w.org\/{rel}","templated":true}]}}