{"id":1735,"date":"2019-02-11T13:14:48","date_gmt":"2019-02-11T13:14:48","guid":{"rendered":"https:\/\/www.unhcr.org\/europeanelections\/2019-european-parliament-elections\/"},"modified":"2019-04-18T14:24:33","modified_gmt":"2019-04-18T14:24:33","slug":"2019-european-parliament-elections","status":"publish","type":"page","link":"https:\/\/www.unhcr.org\/europeanunion\/et\/2019-european-parliament-elections\/","title":{"rendered":"2019 European Parliament Elections"},"content":{"rendered":"<p>[et_pb_section bb_built=&#8221;1&#8243; specialty=&#8221;off&#8221; next_background_color=&#8221;rgba(255,255,255,0.8)&#8221; _builder_version=&#8221;3.17.6&#8243; background_color=&#8221;rgba(255,255,255,0)&#8221; custom_margin=&#8221;0px||0px|&#8221; custom_padding=&#8221;0px||0px|&#8221;][et_pb_row _builder_version=&#8221;3.17.6&#8243; gutter_width=&#8221;1&#8243; make_equal=&#8221;on&#8221; module_class_1=&#8221;vertcentercontainer&#8221;][et_pb_column type=&#8221;1_2&#8243;][et_pb_text _builder_version=&#8221;3.17.6&#8243; header_font=&#8221;|800|||||||&#8221; header_text_color=&#8221;#0072bc&#8221; header_font_size=&#8221;60px&#8221; module_class=&#8221;vertcenter&#8221; header_font_size_tablet=&#8221;50px&#8221; header_font_size_phone=&#8221;40px&#8221; header_font_size_last_edited=&#8221;on|phone&#8221;]<\/p>\n<h1>\u00dcRO Pagulaste \u00dclemvoliniku Ameti seitse keskset \u00fcleskutset j\u00e4rgmisele Euroopa Parlamendi koosseisule<\/h1>\n<p>[\/et_pb_text][\/et_pb_column][et_pb_column type=&#8221;1_2&#8243;][et_pb_video _builder_version=&#8221;3.17.6&#8243; src=&#8221;https:\/\/www.youtube.com\/watch?v=FpjB6wBavZk&#8221; image_src=&#8221;https:\/\/www.unhcr.org\/europeanunion\/wp-content\/uploads\/sites\/70\/2019\/04\/circles-square.png&#8221; play_icon_color=&#8221;#0072bc&#8221; custom_css_video_icon=&#8221;text-shadow: 2px 2px 2px rgba(0,0,0,0.3);&#8221; module_class=&#8221;squarevideo&#8221; \/][\/et_pb_column][\/et_pb_row][\/et_pb_section][et_pb_section bb_built=&#8221;1&#8243; admin_label=&#8221;Introduction&#8221; _builder_version=&#8221;3.17.6&#8243; collapsed=&#8221;off&#8221; module_id=&#8221;CH1&#8243; prev_background_color=&#8221;rgba(255,255,255,0)&#8221; next_background_color=&#8221;rgba(255,255,255,0)&#8221; background_color=&#8221;rgba(255,255,255,0.8)&#8221;][et_pb_row _builder_version=&#8221;3.17.6&#8243; custom_width_px=&#8221;800px&#8221; use_custom_width=&#8221;on&#8221;][et_pb_column type=&#8221;4_4&#8243;][et_pb_text admin_label=&#8221;Intro&#8221; disabled_on=&#8221;||off&#8221; _builder_version=&#8221;3.17.6&#8243; header_font_size=&#8221;80&#8243; header_font_size_tablet=&#8221;60&#8243; header_font_size_last_edited=&#8221;on|phone&#8221; disabled=&#8221;off&#8221; header_font=&#8221;|700|||||||&#8221; header_font_size_phone=&#8221;36&#8243; header_2_font=&#8221;|300|||||||&#8221; header_2_font_size=&#8221;30px&#8221; header_2_font_size_phone=&#8221;24px&#8221; header_2_font_size_last_edited=&#8221;on|phone&#8221; header_3_text_color=&#8221;#0072bc&#8221;]<\/p>\n<h3><strong>Relvakonflikt, v\u00e4givald ja tagakiusamine sunnivad \u00fcha rohkem inimesi oma kodust p\u00f5genema.<\/strong> Valdav osa neist j\u00e4\u00e4b oma p\u00e4ritoluriiki v\u00f5i p\u00f5geneb naaberriikidesse, mitte Euroopasse. Kuigi Euroopas turvalisust otsivate inimeste arv on n\u00fc\u00fcd v\u00e4iksem, surevad endiselt liiga paljud traagilisel moel merel, olles teel uue tuleviku poole. Halb kohtlemine maapiiridel j\u00e4tkub samuti ning paljud kaitset otsivad inimesed ei saa Euroopasse siseneda.<\/h3>\n<p>Euroopa Liit (EL) saab pagulaste kaitsmisel Euroopas ja mujal m\u00e4ngida juhtrolli, toetades muuhulgas globaalse pagulasraamistiku elluviimist. See uus \u00fclemaailmne kokkulepe aitab pakkuda tugevamat toetust riikidele, kus elab suurem osa pagulastest. Samuti julgustab lepe jagama \u00f5iglasemalt vastutust nende inimeste aitamisel, kes on sunnitud oma riigist lahkuma ja otsivad varjupaika mujal.<\/p>\n<p>\u00dchiselt tegutsedes saavad ELi liikmesriigid turvaliselt ja humaanselt hallata inimeste saabumist viisil, mis sobib nii pagulastele kui kogukondadele, kes neid vastu v\u00f5tavad. Toetades v\u00e4ljaspool Euroopat asuvaid riike, saab EL samuti v\u00e4hendada ohtlikule teekonnale asumist ja aidata pagulastel leida pikema perspektiiviga v\u00f5imalusi elamisv\u00e4\u00e4rseks eluks, mitte ainult elluj\u00e4\u00e4miseks.<\/p>\n<p>[\/et_pb_text][\/et_pb_column][\/et_pb_row][\/et_pb_section][et_pb_section bb_built=&#8221;1&#8243; specialty=&#8221;off&#8221; _builder_version=&#8221;3.17.6&#8243; module_id=&#8221;CH2&#8243; prev_background_color=&#8221;rgba(255,255,255,0.8)&#8221; next_background_color=&#8221;#000000&#8243; custom_padding=&#8221;||0px|&#8221; background_color=&#8221;rgba(255,255,255,0)&#8221;][et_pb_row _builder_version=&#8221;3.17.6&#8243; custom_width_px=&#8221;700px&#8221; module_alignment=&#8221;center&#8221; use_custom_width=&#8221;on&#8221;][et_pb_column type=&#8221;4_4&#8243;][et_pb_text admin_label=&#8221;BETTER PROTECT REFUGEES IN THE EU AND GLOBALLY&#8221; disabled_on=&#8221;||off&#8221; _builder_version=&#8221;3.17.6&#8243; header_font_size=&#8221;80&#8243; header_font_size_tablet=&#8221;60&#8243; header_font_size_last_edited=&#8221;on|phone&#8221; disabled=&#8221;off&#8221; header_font=&#8221;|700|||||||&#8221; header_font_size_phone=&#8221;36&#8243; header_2_font=&#8221;|700|||||||&#8221; header_2_font_size=&#8221;48px&#8221; header_2_font_size_phone=&#8221;36px&#8221; header_2_font_size_last_edited=&#8221;on|phone&#8221; text_font_size=&#8221;20px&#8221; header_2_text_color=&#8221;#0072bc&#8221;]<\/p>\n<h2 class=\"p1\" style=\"text-align: center\"><strong>Kaitsta paremini pagulasi ELis ja \u00fcle maailma.<\/strong><\/h2>\n<h3 class=\"p1\" style=\"text-align: center\">Euroopa Parlamendi j\u00e4rgmise koosseisu liikmetel on ainulaadne ja oluline v\u00f5imalus neid lahendusi teoks teha:<\/h3>\n<p>[\/et_pb_text][\/et_pb_column][\/et_pb_row][\/et_pb_section][et_pb_section bb_built=&#8221;1&#8243; specialty=&#8221;off&#8221; prev_background_color=&#8221;#000000&#8243; _builder_version=&#8221;3.17.6&#8243; background_color=&#8221;rgba(255,255,255,0)&#8221;][et_pb_row _builder_version=&#8221;3.17.6&#8243; background_color_1=&#8221;#f4f4f4&#8243; make_equal=&#8221;on&#8221; background_color_2=&#8221;#f4f4f4&#8243; padding_top_1=&#8221;20px&#8221; padding_right_1=&#8221;20px&#8221; padding_bottom_1=&#8221;20px&#8221; padding_left_1=&#8221;20px&#8221; padding_top_2=&#8221;20px&#8221; padding_right_2=&#8221;20px&#8221; padding_bottom_2=&#8221;20px&#8221; padding_left_2=&#8221;20px&#8221;][et_pb_column type=&#8221;1_2&#8243;][et_pb_video _builder_version=&#8221;3.17.6&#8243; src=&#8221;https:\/\/youtu.be\/fNIQkCF-Zm8&#8243; image_src=&#8221;https:\/\/www.unhcr.org\/europeanunion\/wp-content\/uploads\/sites\/70\/2019\/04\/sq-1.jpg&#8221; play_icon_color=&#8221;#0072bc&#8221; custom_css_video_icon=&#8221;text-shadow: 2px 2px 2px rgba(0,0,0,0.3);&#8221; module_class=&#8221;squarevideo&#8221; \/][et_pb_text _builder_version=&#8221;3.17.6&#8243; header_2_text_color=&#8221;#0072bc&#8221;]<\/p>\n<h2 style=\"text-align: center\">Kaitsta inimeste \u00f5igust turvalisusele ja varjupaigale.<\/h2>\n<p>Iga\u00fchel, kes p\u00f5geneb relvakonflikti, v\u00e4givalla ja tagakiusamist on \u00f5igus otsida turvatunnet. Piiril varjupaika taotleda soovivatel inimestel peab olema v\u00f5imalus seda teha. Lapsi ei tohiks kunagi hoida kinnipidamisasutuses ja ka t\u00e4iskasvanuid v\u00f5iks kinni pidada vaid viimase v\u00f5imalusena l\u00fchikese kindlalt piiritletud ajavahemiku v\u00e4ltel. Inim\u00f5igused kehtivad k\u00f5igile ja neid tuleb alati austada.<\/p>\n<p>[\/et_pb_text][\/et_pb_column][et_pb_column type=&#8221;1_2&#8243;][et_pb_video _builder_version=&#8221;3.17.6&#8243; src=&#8221;https:\/\/youtu.be\/Dx13Zou9e7s&#8221; image_src=&#8221;https:\/\/www.unhcr.org\/europeanunion\/wp-content\/uploads\/sites\/70\/2019\/04\/sq-2.jpg&#8221; play_icon_color=&#8221;#0072bc&#8221; custom_css_video_icon=&#8221;text-shadow: 2px 2px 2px rgba(0,0,0,0.3);&#8221; module_class=&#8221;squarevideo&#8221; \/][et_pb_text _builder_version=&#8221;3.17.6&#8243; header_2_text_color=&#8221;#0072bc&#8221;]<\/p>\n<h2 style=\"text-align: center\">Luua \u00f5iglased ja kiired ELi-\u00fclesed varjupaigamenetlused<\/h2>\n<p class=\"p1\">Inimesed, kes j\u00f5uavad ELi relvakonfliktide, v\u00e4givalla ja tagakiusamise eest p\u00f5genedes, tuleb tuvastada kiirelt, et neil oleks v\u00f5imalik saada varjupaika ja tuge. Ka need, kellele rahvusvahelise kaitse ei laiene, tuleb kiirelt tuvastada, et neid oleks v\u00f5imalik v\u00e4\u00e4rikal ja austaval viisil tagasi saata.<\/p>\n<p>[\/et_pb_text][\/et_pb_column][\/et_pb_row][et_pb_row _builder_version=&#8221;3.17.6&#8243; background_color_1=&#8221;#f4f4f4&#8243; make_equal=&#8221;on&#8221; background_color_2=&#8221;#f4f4f4&#8243; padding_top_1=&#8221;20px&#8221; padding_right_1=&#8221;20px&#8221; padding_bottom_1=&#8221;20px&#8221; padding_left_1=&#8221;20px&#8221; padding_top_2=&#8221;20px&#8221; padding_right_2=&#8221;20px&#8221; padding_bottom_2=&#8221;20px&#8221; padding_left_2=&#8221;20px&#8221;][et_pb_column type=&#8221;1_2&#8243;][et_pb_video _builder_version=&#8221;3.17.6&#8243; src=&#8221;https:\/\/youtu.be\/WmDinhR5Bqw&#8221; image_src=&#8221;https:\/\/www.unhcr.org\/europeanunion\/wp-content\/uploads\/sites\/70\/2019\/04\/sq-3.jpg&#8221; play_icon_color=&#8221;#0072bc&#8221; custom_css_video_icon=&#8221;text-shadow: 2px 2px 2px rgba(0,0,0,0.3);&#8221; module_class=&#8221;squarevideo&#8221; \/][et_pb_text _builder_version=&#8221;3.17.6&#8243; header_2_text_color=&#8221;#0072bc&#8221;]<\/p>\n<h2 style=\"text-align: center\">N\u00e4idata \u00fcles solidaarsust ELi liikmesriikide vahel<\/h2>\n<p>Turvalisust ja varjupaika otsivate inimeste vastuv\u00f5tmisel saavad riigid vastutust jagada \u00f5iglasel ja praktilisel viisil, n\u00e4iteks viies varjupaigataotlejad riikidest, kuhu neid saabub arvukalt, teistesse riikidesse.<\/p>\n<p>[\/et_pb_text][\/et_pb_column][et_pb_column type=&#8221;1_2&#8243;][et_pb_video _builder_version=&#8221;3.17.6&#8243; src=&#8221;https:\/\/youtu.be\/3T7D3GOo1CM&#8221; image_src=&#8221;https:\/\/www.unhcr.org\/europeanunion\/wp-content\/uploads\/sites\/70\/2019\/04\/sq-4.jpg&#8221; play_icon_color=&#8221;#0072bc&#8221; custom_css_video_icon=&#8221;text-shadow: 2px 2px 2px rgba(0,0,0,0.3);&#8221; module_class=&#8221;squarevideo&#8221; \/][et_pb_text _builder_version=&#8221;3.17.6&#8243; header_2_text_color=&#8221;#0072bc&#8221;]<\/p>\n<h2 style=\"text-align: center\">Pakkuda pagulastele rohkem seaduslikke v\u00f5imalusi j\u00f5uda turvalisse Euroopasse<\/h2>\n<p>Kui ELi liikmesriigid on valmis p\u00fcsivalt pakkuma t\u00e4iendavaid v\u00f5imalusi \u00fcmberasustamiseks v\u00f5i teisi turvalisi ja seaduslikke variante, ei vali nii paljud inimesed edaspidi Euroopasse j\u00f4udmiseks niiv\u00f4rd ohtlikku teekonda.<\/p>\n<p>[\/et_pb_text][\/et_pb_column][\/et_pb_row][et_pb_row _builder_version=&#8221;3.17.6&#8243; background_color_1=&#8221;#f4f4f4&#8243; make_equal=&#8221;on&#8221; background_color_2=&#8221;#f4f4f4&#8243; padding_top_1=&#8221;20px&#8221; padding_right_1=&#8221;20px&#8221; padding_bottom_1=&#8221;20px&#8221; padding_left_1=&#8221;20px&#8221; padding_top_2=&#8221;20px&#8221; padding_right_2=&#8221;20px&#8221; padding_bottom_2=&#8221;20px&#8221; padding_left_2=&#8221;20px&#8221;][et_pb_column type=&#8221;1_2&#8243;][et_pb_video _builder_version=&#8221;3.17.6&#8243; src=&#8221;https:\/\/youtu.be\/PVhEURkUu60&#8243; image_src=&#8221;https:\/\/www.unhcr.org\/europeanunion\/wp-content\/uploads\/sites\/70\/2019\/04\/sq-5.jpg&#8221; play_icon_color=&#8221;#0072bc&#8221; custom_css_video_icon=&#8221;text-shadow: 2px 2px 2px rgba(0,0,0,0.3);&#8221; module_class=&#8221;squarevideo&#8221; \/][et_pb_text _builder_version=&#8221;3.17.6&#8243; header_2_text_color=&#8221;#0072bc&#8221;]<\/p>\n<h2 style=\"text-align: center\">P\u00e4\u00e4sta merel paadip\u00f4genike elusid<\/h2>\n<p>Liiga palju inimesi sureb Vahemerd \u00fcletada p\u00fc\u00fcdes. Seega on vaja suuremat v\u00f5imekust otsingu- ja p\u00e4\u00e4stet\u00f6\u00f6de l\u00e4biviimiseks ning turvalisi sadamaid maabumiseks Euroopas ja mujal. ELi liikmesriigid peavad kokku leppima, kus saavad merel p\u00e4\u00e4stetud inimesed turvaliselt maabuda.<\/p>\n<p>[\/et_pb_text][\/et_pb_column][et_pb_column type=&#8221;1_2&#8243;][et_pb_video _builder_version=&#8221;3.17.6&#8243; src=&#8221;https:\/\/youtu.be\/CGg3Rzfrh0k&#8221; image_src=&#8221;https:\/\/www.unhcr.org\/europeanunion\/wp-content\/uploads\/sites\/70\/2019\/04\/sq-6.jpg&#8221; play_icon_color=&#8221;#0072bc&#8221; custom_css_video_icon=&#8221;text-shadow: 2px 2px 2px rgba(0,0,0,0.3);&#8221; module_class=&#8221;squarevideo&#8221; \/][et_pb_text _builder_version=&#8221;3.17.6&#8243; header_2_text_color=&#8221;#0072bc&#8221;]<\/p>\n<h2 style=\"text-align: center\">Olla pagulaste vastu nende uues kodus k\u00fclalislahke<\/h2>\n<p>Inimesed suudavad oma elu kiiremini taas \u00fcles ehitada, kui nad tunnevad end turvaliselt, elavad vastuv\u00f5etavates tingimustes ja nende inim\u00f5igused, sealhulgas \u00f5igus haridusele, on kaitstud.<\/p>\n<p>[\/et_pb_text][\/et_pb_column][\/et_pb_row][et_pb_row _builder_version=&#8221;3.17.6&#8243; background_color_1=&#8221;#f4f4f4&#8243; make_equal=&#8221;on&#8221; background_color_2=&#8221;#0072bc&#8221; padding_top_1=&#8221;20px&#8221; padding_right_1=&#8221;20px&#8221; padding_bottom_1=&#8221;20px&#8221; padding_left_1=&#8221;20px&#8221; padding_top_2=&#8221;20px&#8221; padding_right_2=&#8221;20px&#8221; padding_bottom_2=&#8221;20px&#8221; padding_left_2=&#8221;20px&#8221;][et_pb_column type=&#8221;1_2&#8243;][et_pb_video _builder_version=&#8221;3.17.6&#8243; src=&#8221;https:\/\/youtu.be\/xbXNmlKAdro&#8221; image_src=&#8221;https:\/\/www.unhcr.org\/europeanunion\/wp-content\/uploads\/sites\/70\/2019\/04\/sq-7.jpg&#8221; play_icon_color=&#8221;#0072bc&#8221; custom_css_video_icon=&#8221;text-shadow: 2px 2px 2px rgba(0,0,0,0.3);&#8221; module_class=&#8221;squarevideo&#8221; \/][et_pb_text _builder_version=&#8221;3.17.6&#8243; header_2_text_color=&#8221;#0072bc&#8221;]<\/p>\n<h2 style=\"text-align: center\">Aidata pagulastel elada k\u00f5ikjal t\u00e4isv\u00e4\u00e4rtuslikku elu<\/h2>\n<p>Euroopa toetus riikidele \u00fcle maailma aitab pagulastel k\u00f5ikjal oma elu taas \u00fcles ehitada. Kui on olemas v\u00e4ljavaade tulevikule kuskil mujal, p\u00fc\u00fcab v\u00e4iksem arv inimesi meeleheitlikult Euroopasse p\u00e4\u00e4seda.<\/p>\n<p>[\/et_pb_text][\/et_pb_column][et_pb_column type=&#8221;1_2&#8243;][et_pb_image _builder_version=&#8221;3.17.6&#8243; src=&#8221;https:\/\/www.unhcr.org\/europeanunion\/wp-content\/uploads\/sites\/70\/2019\/04\/shareplaceholder.png&#8221; align=&#8221;center&#8221; max_width=&#8221;50%&#8221; disabled_on=&#8221;on|off|&#8221; disabled=&#8221;off&#8221; \/][et_pb_text _builder_version=&#8221;3.17.6&#8243; background_layout=&#8221;dark&#8221;]<\/p>\n<h2 style=\"text-align: center\">Seitse tegevussuunda.<\/h2>\n<h2 style=\"text-align: center\">\u00dcks \u00fchine tulevik.<\/h2>\n<h2 style=\"text-align: center\">See on sinu k\u00e4tes.<\/h2>\n<p>&nbsp;<\/p>\n<h3 style=\"text-align: center\">Jaga seda lehte<\/h3>\n<p style=\"text-align: center\"><a class=\"et_pb_button et_pb_button_1 et_pb_bg_layout_dark\" href=\"https:\/\/www.facebook.com\/sharer.php?u=https%3A%2F%2Fwww.unhcr.org%2Feuropeanelections&amp;t=2019%20European%20Parliament%20Elections\" target=\"_blank\" rel=\"noopener\">Facebook<\/a> \u00a0\u00a0<a class=\"et_pb_button et_pb_button_0 et_pb_bg_layout_dark\" href=\"https:\/\/twitter.com\/share?text=2019%20European%20Parliament%20Elections&amp;url=https%3A%2F%2Fwww.unhcr.org%2Feuropeanelections&amp;via=refugees\" target=\"_blank\" rel=\"noopener\">Twitter<\/a><\/p>\n<p>[\/et_pb_text][\/et_pb_column][\/et_pb_row][\/et_pb_section]<\/p>\n","protected":false},"excerpt":{"rendered":"<p>\u00dcRO Pagulaste \u00dclemvoliniku Ameti seitse keskset \u00fcleskutset j\u00e4rgmisele Euroopa Parlamendi koosseisule Relvakonflikt, v\u00e4givald ja tagakiusamine sunnivad \u00fcha rohkem inimesi oma kodust p\u00f5genema. Valdav osa neist j\u00e4\u00e4b oma p\u00e4ritoluriiki v\u00f5i p\u00f5geneb naaberriikidesse, mitte Euroopasse. Kuigi Euroopas turvalisust otsivate inimeste arv on n\u00fc\u00fcd v\u00e4iksem, surevad endiselt liiga paljud traagilisel moel merel, olles teel uue tuleviku poole. Halb [&hellip;]<\/p>\n","protected":false},"author":1,"featured_media":0,"parent":0,"menu_order":0,"comment_status":"closed","ping_status":"closed","template":"","meta":{"_et_pb_use_builder":"on","_et_pb_old_content":"","_et_gb_content_width":"","footnotes":""},"class_list":["post-1735","page","type-page","status-publish","hentry"],"_links":{"self":[{"href":"https:\/\/www.unhcr.org\/europeanunion\/et\/wp-json\/wp\/v2\/pages\/1735","targetHints":{"allow":["GET"]}}],"collection":[{"href":"https:\/\/www.unhcr.org\/europeanunion\/et\/wp-json\/wp\/v2\/pages"}],"about":[{"href":"https:\/\/www.unhcr.org\/europeanunion\/et\/wp-json\/wp\/v2\/types\/page"}],"author":[{"embeddable":true,"href":"https:\/\/www.unhcr.org\/europeanunion\/et\/wp-json\/wp\/v2\/users\/1"}],"replies":[{"embeddable":true,"href":"https:\/\/www.unhcr.org\/europeanunion\/et\/wp-json\/wp\/v2\/comments?post=1735"}],"version-history":[{"count":6,"href":"https:\/\/www.unhcr.org\/europeanunion\/et\/wp-json\/wp\/v2\/pages\/1735\/revisions"}],"predecessor-version":[{"id":1938,"href":"https:\/\/www.unhcr.org\/europeanunion\/et\/wp-json\/wp\/v2\/pages\/1735\/revisions\/1938"}],"wp:attachment":[{"href":"https:\/\/www.unhcr.org\/europeanunion\/et\/wp-json\/wp\/v2\/media?parent=1735"}],"curies":[{"name":"wp","href":"https:\/\/api.w.org\/{rel}","templated":true}]}}