{"id":1737,"date":"2019-02-11T13:14:48","date_gmt":"2019-02-11T13:14:48","guid":{"rendered":"https:\/\/www.unhcr.org\/europeanelections\/2019-european-parliament-elections\/"},"modified":"2019-04-23T08:50:49","modified_gmt":"2019-04-23T08:50:49","slug":"2019-european-parliament-elections","status":"publish","type":"page","link":"https:\/\/www.unhcr.org\/europeanunion\/fi\/2019-european-parliament-elections\/","title":{"rendered":"2019 European Parliament Elections"},"content":{"rendered":"<p>[et_pb_section bb_built=&#8221;1&#8243; specialty=&#8221;off&#8221; next_background_color=&#8221;rgba(255,255,255,0.8)&#8221; _builder_version=&#8221;3.17.6&#8243; background_color=&#8221;rgba(255,255,255,0)&#8221; custom_margin=&#8221;0px||0px|&#8221; custom_padding=&#8221;0px||0px|&#8221;][et_pb_row _builder_version=&#8221;3.17.6&#8243; gutter_width=&#8221;1&#8243; make_equal=&#8221;on&#8221; module_class_1=&#8221;vertcentercontainer&#8221;][et_pb_column type=&#8221;1_2&#8243;][et_pb_text _builder_version=&#8221;3.17.6&#8243; header_font=&#8221;|800|||||||&#8221; header_text_color=&#8221;#0072bc&#8221; header_font_size=&#8221;60px&#8221; module_class=&#8221;vertcenter&#8221; header_font_size_tablet=&#8221;50px&#8221; header_font_size_phone=&#8221;40px&#8221; header_font_size_last_edited=&#8221;on|phone&#8221;]<\/p>\n<h1><strong>YK:n pakolaisj\u00e4rjest\u00f6n seitsem\u00e4n keskeist\u00e4 viesti\u00e4 seuraavalle Euroopan parlamentille<\/strong><\/h1>\n<p>[\/et_pb_text][\/et_pb_column][et_pb_column type=&#8221;1_2&#8243;][et_pb_video _builder_version=&#8221;3.17.6&#8243; src=&#8221;https:\/\/youtu.be\/r8LiOUnyt-I&#8221; image_src=&#8221;https:\/\/www.unhcr.org\/europeanunion\/wp-content\/uploads\/sites\/70\/2019\/04\/circles-square.png&#8221; play_icon_color=&#8221;#0072bc&#8221; custom_css_video_icon=&#8221;text-shadow: 2px 2px 2px rgba(0,0,0,0.3);&#8221; module_class=&#8221;squarevideo&#8221; \/][\/et_pb_column][\/et_pb_row][\/et_pb_section][et_pb_section bb_built=&#8221;1&#8243; admin_label=&#8221;Introduction&#8221; _builder_version=&#8221;3.17.6&#8243; collapsed=&#8221;off&#8221; module_id=&#8221;CH1&#8243; prev_background_color=&#8221;rgba(255,255,255,0)&#8221; next_background_color=&#8221;rgba(255,255,255,0)&#8221; background_color=&#8221;rgba(255,255,255,0.8)&#8221;][et_pb_row _builder_version=&#8221;3.17.6&#8243; custom_width_px=&#8221;800px&#8221; use_custom_width=&#8221;on&#8221;][et_pb_column type=&#8221;4_4&#8243;][et_pb_text admin_label=&#8221;Intro&#8221; disabled_on=&#8221;||off&#8221; _builder_version=&#8221;3.17.6&#8243; header_font_size=&#8221;80&#8243; header_font_size_tablet=&#8221;60&#8243; header_font_size_last_edited=&#8221;on|phone&#8221; disabled=&#8221;off&#8221; header_font=&#8221;|700|||||||&#8221; header_font_size_phone=&#8221;36&#8243; header_2_font=&#8221;|300|||||||&#8221; header_2_font_size=&#8221;30px&#8221; header_2_font_size_phone=&#8221;24px&#8221; header_2_font_size_last_edited=&#8221;on|phone&#8221; header_3_text_color=&#8221;#0072bc&#8221;]<\/p>\n<h3><strong>Konfliktit, v\u00e4kivalta ja vaino pakottavat yh\u00e4 useammat pakenemaan kodeistaan.\u00a0<\/strong>T\u00e4ll\u00e4 hetkell\u00e4 useimmat heist\u00e4 j\u00e4\u00e4v\u00e4t kotimaahansa tai pakenevat naapurimaihin, eiv\u00e4tk\u00e4 Eurooppaan. Vaikka harvemmat hakevat nyt turvaa Euroopasta, liian monet kuolevat edelleen traagisesti merell\u00e4 uutta tulevaisuutta etsiess\u00e4\u00e4n. Takaisin k\u00e4\u00e4nnytt\u00e4minen ja kaltoinkohtelu maarajoilla jatkuu my\u00f6s edelleen ja useat suojelua hakevat henkil\u00f6t eiv\u00e4t p\u00e4\u00e4se Eurooppaan.<\/h3>\n<p>Euroopan unionilla (EU) voi olla p\u00e4\u00e4rooli pakolaisten suojelemisessa Euroopassa ja ulkomailla, my\u00f6s tukemalla globaalisen pakolaiskompaktin toimeenpanoa. T\u00e4m\u00e4 uusi globaali sopimus auttaa tarjoamaan tuntuvampaa tukea niille maille, joissa useimmat pakolaiset el\u00e4v\u00e4t. Se my\u00f6s edist\u00e4\u00e4 oikeudenmukaisempaa vastuunjakoa niiden ihmisten auttamisessa, jotka joutuvat pakenemaan kotimaastaan ja hakemaan turvapaikkaa muualta.<\/p>\n<p>Yhteistoiminnalla EU-maat voivat hallinnoida turvallisesti ja inhimillisesti ihmisten saapumista siten, ett\u00e4 asiat toimivat hyvin sek\u00e4 pakolaisten ett\u00e4 vastaanottavien yhteis\u00f6jen kannalta. Tukemalla Euroopan ulkopuolisia maita EU voi my\u00f6s v\u00e4hent\u00e4\u00e4 vaarallista matkantekoa ja auttaa l\u00f6yt\u00e4m\u00e4\u00e4n pakolaisille pitk\u00e4aikaisia mahdollisuuksia menesty\u00e4, eik\u00e4 pelk\u00e4st\u00e4\u00e4n pysy\u00e4 elossa.<\/p>\n<p>[\/et_pb_text][\/et_pb_column][\/et_pb_row][\/et_pb_section][et_pb_section bb_built=&#8221;1&#8243; specialty=&#8221;off&#8221; _builder_version=&#8221;3.17.6&#8243; module_id=&#8221;CH2&#8243; prev_background_color=&#8221;rgba(255,255,255,0.8)&#8221; next_background_color=&#8221;#000000&#8243; custom_padding=&#8221;||0px|&#8221; background_color=&#8221;rgba(255,255,255,0)&#8221;][et_pb_row _builder_version=&#8221;3.17.6&#8243; custom_width_px=&#8221;700px&#8221; module_alignment=&#8221;center&#8221; use_custom_width=&#8221;on&#8221;][et_pb_column type=&#8221;4_4&#8243;][et_pb_text admin_label=&#8221;BETTER PROTECT REFUGEES IN THE EU AND GLOBALLY&#8221; disabled_on=&#8221;||off&#8221; _builder_version=&#8221;3.17.6&#8243; header_font_size=&#8221;80&#8243; header_font_size_tablet=&#8221;60&#8243; header_font_size_last_edited=&#8221;on|phone&#8221; disabled=&#8221;off&#8221; header_font=&#8221;|700|||||||&#8221; header_font_size_phone=&#8221;36&#8243; header_2_font=&#8221;|700|||||||&#8221; header_2_font_size=&#8221;48px&#8221; header_2_font_size_phone=&#8221;36px&#8221; header_2_font_size_last_edited=&#8221;on|phone&#8221; text_font_size=&#8221;20px&#8221; header_2_text_color=&#8221;#0072bc&#8221;]<\/p>\n<h2 class=\"p1\" style=\"text-align: center\"><strong>Parempaa suojelua pakolaisille EU:ssa ja maailmanlaajuisesti.<\/strong><\/h2>\n<h3 class=\"p1\" style=\"text-align: center\">Seuraavan Euroopan parlamentin j\u00e4senill\u00e4 on ainutlaatuinen ja t\u00e4rke\u00e4 mahdollisuus:<\/h3>\n<p>[\/et_pb_text][\/et_pb_column][\/et_pb_row][\/et_pb_section][et_pb_section bb_built=&#8221;1&#8243; specialty=&#8221;off&#8221; prev_background_color=&#8221;#000000&#8243; _builder_version=&#8221;3.17.6&#8243; background_color=&#8221;rgba(255,255,255,0)&#8221;][et_pb_row _builder_version=&#8221;3.17.6&#8243; background_color_1=&#8221;#f4f4f4&#8243; make_equal=&#8221;on&#8221; background_color_2=&#8221;#f4f4f4&#8243; padding_top_1=&#8221;20px&#8221; padding_right_1=&#8221;20px&#8221; padding_bottom_1=&#8221;20px&#8221; padding_left_1=&#8221;20px&#8221; padding_top_2=&#8221;20px&#8221; padding_right_2=&#8221;20px&#8221; padding_bottom_2=&#8221;20px&#8221; padding_left_2=&#8221;20px&#8221;][et_pb_column type=&#8221;1_2&#8243;][et_pb_video _builder_version=&#8221;3.17.6&#8243; src=&#8221;https:\/\/youtu.be\/fNIQkCF-Zm8&#8243; image_src=&#8221;https:\/\/www.unhcr.org\/europeanunion\/wp-content\/uploads\/sites\/70\/2019\/04\/sq-1.jpg&#8221; play_icon_color=&#8221;#0072bc&#8221; custom_css_video_icon=&#8221;text-shadow: 2px 2px 2px rgba(0,0,0,0.3);&#8221; module_class=&#8221;squarevideo&#8221; \/][et_pb_text _builder_version=&#8221;3.17.6&#8243; header_2_text_color=&#8221;#0072bc&#8221;]<\/p>\n<h2 style=\"text-align: center\">Suojata ihmisten oikeudet turvallisuuteen ja turvapaikkaan<\/h2>\n<p>Jokaisella henkil\u00f6ll\u00e4, joka pakenee konflikteja, v\u00e4kivaltaa ja vainoa on oikeus hakea turvaa.\u00a0Rajoilla turvapaikkaa hakeville ihmisille\u00a0on annettava mahdollisuus siihen.\u00a0Lapsia ei saa koskaan pid\u00e4tt\u00e4\u00e4,\u00a0ja aikuisiakin vain viimeisen\u00e4 keinona lyhyeksi, m\u00e4\u00e4ritellyksi ajaksi.\u00a0Ihmisoikeuksien on koskettava kaikkia ja niit\u00e4 on kunnioitettava aina.<\/p>\n<p>[\/et_pb_text][\/et_pb_column][et_pb_column type=&#8221;1_2&#8243;][et_pb_video _builder_version=&#8221;3.17.6&#8243; src=&#8221;https:\/\/youtu.be\/Dx13Zou9e7s&#8221; image_src=&#8221;https:\/\/www.unhcr.org\/europeanunion\/wp-content\/uploads\/sites\/70\/2019\/04\/sq-2.jpg&#8221; play_icon_color=&#8221;#0072bc&#8221; custom_css_video_icon=&#8221;text-shadow: 2px 2px 2px rgba(0,0,0,0.3);&#8221; module_class=&#8221;squarevideo&#8221; \/][et_pb_text _builder_version=&#8221;3.17.6&#8243; header_2_text_color=&#8221;#0072bc&#8221;]<\/p>\n<h2 style=\"text-align: center\">Luoda oikeudenmukaiset ja nopeat EU:n turvapaikka-menettelyt<\/h2>\n<p class=\"p1\">Ihmiset, jotka pakenevat konflikteja, v\u00e4kivaltaa ja vainoa,\u00a0ja jotka saapuvat EU:hun, on tunnistettava nopeasti,\u00a0jotta he voivat saada turvapaikan ja tukea.\u00a0Ne, jotka eiv\u00e4t t\u00e4yt\u00e4 suojelun vaatimuksia,\u00a0on my\u00f6s tunnistettava nopeasti\u00a0ja mahdollisesti palautettava, arvokkaasti ja kunnioittavasti.<\/p>\n<p>[\/et_pb_text][\/et_pb_column][\/et_pb_row][et_pb_row _builder_version=&#8221;3.17.6&#8243; background_color_1=&#8221;#f4f4f4&#8243; make_equal=&#8221;on&#8221; background_color_2=&#8221;#f4f4f4&#8243; padding_top_1=&#8221;20px&#8221; padding_right_1=&#8221;20px&#8221; padding_bottom_1=&#8221;20px&#8221; padding_left_1=&#8221;20px&#8221; padding_top_2=&#8221;20px&#8221; padding_right_2=&#8221;20px&#8221; padding_bottom_2=&#8221;20px&#8221; padding_left_2=&#8221;20px&#8221;][et_pb_column type=&#8221;1_2&#8243;][et_pb_video _builder_version=&#8221;3.17.6&#8243; src=&#8221;https:\/\/youtu.be\/WmDinhR5Bqw&#8221; image_src=&#8221;https:\/\/www.unhcr.org\/europeanunion\/wp-content\/uploads\/sites\/70\/2019\/04\/sq-3.jpg&#8221; play_icon_color=&#8221;#0072bc&#8221; custom_css_video_icon=&#8221;text-shadow: 2px 2px 2px rgba(0,0,0,0.3);&#8221; module_class=&#8221;squarevideo&#8221; \/][et_pb_text _builder_version=&#8221;3.17.6&#8243; header_2_text_color=&#8221;#0072bc&#8221;]<\/p>\n<h2 style=\"text-align: center\">Osoittaa EU:n maiden v\u00e4list\u00e4 yhteisvastuullisuutta<\/h2>\n<p>Vastuuta is\u00e4nt\u00e4maana toimimisesta sek\u00e4 niiden ihmisten vastaanottamisesta,\u00a0jotka etsiv\u00e4t turvaa ja turvapaikkaa,\u00a0voidaan jakaa oikeudenmukaisesti ja k\u00e4yt\u00e4nn\u00f6llisesti,\u00a0kuten siirt\u00e4m\u00e4ll\u00e4 turvapaikanhakijoita heit\u00e4 paljon vastaanottavista maista\u00a0muihin maihin.<\/p>\n<p>[\/et_pb_text][\/et_pb_column][et_pb_column type=&#8221;1_2&#8243;][et_pb_video _builder_version=&#8221;3.17.6&#8243; src=&#8221;https:\/\/youtu.be\/3T7D3GOo1CM&#8221; image_src=&#8221;https:\/\/www.unhcr.org\/europeanunion\/wp-content\/uploads\/sites\/70\/2019\/04\/sq-4.jpg&#8221; play_icon_color=&#8221;#0072bc&#8221; custom_css_video_icon=&#8221;text-shadow: 2px 2px 2px rgba(0,0,0,0.3);&#8221; module_class=&#8221;squarevideo&#8221; \/][et_pb_text _builder_version=&#8221;3.17.6&#8243; header_2_text_color=&#8221;#0072bc&#8221;]<\/p>\n<h2 style=\"text-align: center\">Tarjota useampia lakis\u00e4\u00e4teisi\u00e4 vaihtoehtoja pakolaisille Eurooppaan turvaan p\u00e4\u00e4semiseksi<\/h2>\n<p>Kun EU:n j\u00e4senvaltiot sitoutuvat yh\u00e4 enemm\u00e4n ja vakaammin uudelleensijoittamiseen ja muihin turvallisiin ja lakis\u00e4\u00e4teisiin vaihtoehtoihin, harvemmat l\u00e4htev\u00e4t vaaralliseen matkaan\u00a0Eurooppaan turvaan hakeutumiseksi.\u00a0<\/p>\n<p>[\/et_pb_text][\/et_pb_column][\/et_pb_row][et_pb_row _builder_version=&#8221;3.17.6&#8243; background_color_1=&#8221;#f4f4f4&#8243; make_equal=&#8221;on&#8221; background_color_2=&#8221;#f4f4f4&#8243; padding_top_1=&#8221;20px&#8221; padding_right_1=&#8221;20px&#8221; padding_bottom_1=&#8221;20px&#8221; padding_left_1=&#8221;20px&#8221; padding_top_2=&#8221;20px&#8221; padding_right_2=&#8221;20px&#8221; padding_bottom_2=&#8221;20px&#8221; padding_left_2=&#8221;20px&#8221;][et_pb_column type=&#8221;1_2&#8243;][et_pb_video _builder_version=&#8221;3.17.6&#8243; src=&#8221;https:\/\/youtu.be\/PVhEURkUu60&#8243; image_src=&#8221;https:\/\/www.unhcr.org\/europeanunion\/wp-content\/uploads\/sites\/70\/2019\/04\/sq-5.jpg&#8221; play_icon_color=&#8221;#0072bc&#8221; custom_css_video_icon=&#8221;text-shadow: 2px 2px 2px rgba(0,0,0,0.3);&#8221; module_class=&#8221;squarevideo&#8221; \/][et_pb_text _builder_version=&#8221;3.17.6&#8243; header_2_text_color=&#8221;#0072bc&#8221;]<\/p>\n<h2 style=\"text-align: center\">Pelastaa ihmishenki\u00e4 merell\u00e4<\/h2>\n<p>Liian monet kuolevat yritt\u00e4ess\u00e4\u00e4n ylitt\u00e4\u00e4 V\u00e4limerta. Lis\u00e4\u00e4 etsint\u00e4- ja pelastuskapasiteettia sek\u00e4 turvallisia maihinnoususatamia tarvitaan Euroopassa ja muuallakin. EU:n maiden on l\u00f6ydett\u00e4v\u00e4 yhteisymm\u00e4rrys siit\u00e4, miss\u00e4 merelt\u00e4 pelastettavat ihmiset voivat nousta turvallisesti maihin.\u00a0<\/p>\n<p>[\/et_pb_text][\/et_pb_column][et_pb_column type=&#8221;1_2&#8243;][et_pb_video _builder_version=&#8221;3.17.6&#8243; src=&#8221;https:\/\/youtu.be\/CGg3Rzfrh0k&#8221; image_src=&#8221;https:\/\/www.unhcr.org\/europeanunion\/wp-content\/uploads\/sites\/70\/2019\/04\/sq-6.jpg&#8221; play_icon_color=&#8221;#0072bc&#8221; custom_css_video_icon=&#8221;text-shadow: 2px 2px 2px rgba(0,0,0,0.3);&#8221; module_class=&#8221;squarevideo&#8221; \/][et_pb_text _builder_version=&#8221;3.17.6&#8243; header_2_text_color=&#8221;#0072bc&#8221;]<\/p>\n<h2 style=\"text-align: center\">Toivottaa pakolaiset tervetulleiksi uusiin koteihinsa<\/h2>\n<p>Ihmiset rakentavat el\u00e4m\u00e4ns\u00e4 nopeammin uudelleen, kun he tuntevat olonsa turvalliseksi, el\u00e4v\u00e4t kohtuullisissa olosuhteissa ja voivat nauttia ihmisoikeuksistaan, my\u00f6s oikeudesta koulutukseen.\u00a0Kun pakolaisille annetaan mahdollisuus siihen, he kotiutuvat ja osallistuvat merkitt\u00e4v\u00e4sti vastaanottavien yhteiskuntien toimintaan.\u00a0<\/p>\n<p>[\/et_pb_text][\/et_pb_column][\/et_pb_row][et_pb_row _builder_version=&#8221;3.17.6&#8243; background_color_1=&#8221;#f4f4f4&#8243; make_equal=&#8221;on&#8221; background_color_2=&#8221;#0072bc&#8221; padding_top_1=&#8221;20px&#8221; padding_right_1=&#8221;20px&#8221; padding_bottom_1=&#8221;20px&#8221; padding_left_1=&#8221;20px&#8221; padding_top_2=&#8221;20px&#8221; padding_right_2=&#8221;20px&#8221; padding_bottom_2=&#8221;20px&#8221; padding_left_2=&#8221;20px&#8221;][et_pb_column type=&#8221;1_2&#8243;][et_pb_video _builder_version=&#8221;3.17.6&#8243; src=&#8221;https:\/\/youtu.be\/xbXNmlKAdro&#8221; image_src=&#8221;https:\/\/www.unhcr.org\/europeanunion\/wp-content\/uploads\/sites\/70\/2019\/04\/sq-7.jpg&#8221; play_icon_color=&#8221;#0072bc&#8221; custom_css_video_icon=&#8221;text-shadow: 2px 2px 2px rgba(0,0,0,0.3);&#8221; module_class=&#8221;squarevideo&#8221; \/][et_pb_text _builder_version=&#8221;3.17.6&#8243; header_2_text_color=&#8221;#0072bc&#8221;]<\/p>\n<h2 style=\"text-align: center\">Auttaa pakolaisia menestym\u00e4\u00e4n kaikkialla<\/h2>\n<p>Euroopan tuki maille ymp\u00e4ri maailmaa\u00a0auttaa pakolaisia rakentamaan el\u00e4m\u00e4ns\u00e4 uudelleen miss\u00e4 he ovatkaan.\u00a0Kun heille tarjotaan tulevaisuus muualla,\u00a0harvemmat pyrkiv\u00e4t l\u00e4hetem\u00e4\u00e4n ep\u00e4toivoiselle matkalle Eurooppaan p\u00e4\u00e4semiseksi.\u00a0<\/p>\n<p>[\/et_pb_text][\/et_pb_column][et_pb_column type=&#8221;1_2&#8243;][et_pb_image _builder_version=&#8221;3.17.6&#8243; src=&#8221;https:\/\/www.unhcr.org\/europeanunion\/wp-content\/uploads\/sites\/70\/2019\/04\/shareplaceholder.png&#8221; align=&#8221;center&#8221; max_width=&#8221;50%&#8221; disabled_on=&#8221;on|off|&#8221; disabled=&#8221;off&#8221; \/][et_pb_text _builder_version=&#8221;3.17.6&#8243; background_layout=&#8221;dark&#8221;]<\/p>\n<h2 style=\"text-align: center\">Seitsem\u00e4n toimenpidett\u00e4.<\/h2>\n<h2 style=\"text-align: center\">Yksi yhteinen tulevaisuus.\u00a0<\/h2>\n<h2 style=\"text-align: center\">Asia on teid\u00e4n k\u00e4siss\u00e4nne.<\/h2>\n<p>&nbsp;<\/p>\n<h3 style=\"text-align: center\">Jaa t\u00e4m\u00e4 sivu<\/h3>\n<p style=\"text-align: center\"><a class=\"et_pb_button et_pb_button_1 et_pb_bg_layout_dark\" href=\"https:\/\/www.facebook.com\/sharer.php?u=https%3A%2F%2Fwww.unhcr.org%2Feuropeanelections&amp;t=2019%20European%20Parliament%20Elections\" target=\"_blank\" rel=\"noopener\">Facebook<\/a> \u00a0\u00a0<a class=\"et_pb_button et_pb_button_0 et_pb_bg_layout_dark\" href=\"https:\/\/twitter.com\/share?text=2019%20European%20Parliament%20Elections&amp;url=https%3A%2F%2Fwww.unhcr.org%2Feuropeanelections&amp;via=refugees\" target=\"_blank\" rel=\"noopener\">Twitter<\/a><\/p>\n<p>[\/et_pb_text][\/et_pb_column][\/et_pb_row][\/et_pb_section]<\/p>\n","protected":false},"excerpt":{"rendered":"<p>YK:n pakolaisj\u00e4rjest\u00f6n seitsem\u00e4n keskeist\u00e4 viesti\u00e4 seuraavalle Euroopan parlamentille Konfliktit, v\u00e4kivalta ja vaino pakottavat yh\u00e4 useammat pakenemaan kodeistaan.\u00a0T\u00e4ll\u00e4 hetkell\u00e4 useimmat heist\u00e4 j\u00e4\u00e4v\u00e4t kotimaahansa tai pakenevat naapurimaihin, eiv\u00e4tk\u00e4 Eurooppaan. Vaikka harvemmat hakevat nyt turvaa Euroopasta, liian monet kuolevat edelleen traagisesti merell\u00e4 uutta tulevaisuutta etsiess\u00e4\u00e4n. Takaisin k\u00e4\u00e4nnytt\u00e4minen ja kaltoinkohtelu maarajoilla jatkuu my\u00f6s edelleen ja useat suojelua hakevat henkil\u00f6t [&hellip;]<\/p>\n","protected":false},"author":1,"featured_media":0,"parent":0,"menu_order":0,"comment_status":"closed","ping_status":"closed","template":"","meta":{"_et_pb_use_builder":"on","_et_pb_old_content":"","_et_gb_content_width":"","footnotes":""},"class_list":["post-1737","page","type-page","status-publish","hentry"],"_links":{"self":[{"href":"https:\/\/www.unhcr.org\/europeanunion\/fi\/wp-json\/wp\/v2\/pages\/1737","targetHints":{"allow":["GET"]}}],"collection":[{"href":"https:\/\/www.unhcr.org\/europeanunion\/fi\/wp-json\/wp\/v2\/pages"}],"about":[{"href":"https:\/\/www.unhcr.org\/europeanunion\/fi\/wp-json\/wp\/v2\/types\/page"}],"author":[{"embeddable":true,"href":"https:\/\/www.unhcr.org\/europeanunion\/fi\/wp-json\/wp\/v2\/users\/1"}],"replies":[{"embeddable":true,"href":"https:\/\/www.unhcr.org\/europeanunion\/fi\/wp-json\/wp\/v2\/comments?post=1737"}],"version-history":[{"count":9,"href":"https:\/\/www.unhcr.org\/europeanunion\/fi\/wp-json\/wp\/v2\/pages\/1737\/revisions"}],"predecessor-version":[{"id":2002,"href":"https:\/\/www.unhcr.org\/europeanunion\/fi\/wp-json\/wp\/v2\/pages\/1737\/revisions\/2002"}],"wp:attachment":[{"href":"https:\/\/www.unhcr.org\/europeanunion\/fi\/wp-json\/wp\/v2\/media?parent=1737"}],"curies":[{"name":"wp","href":"https:\/\/api.w.org\/{rel}","templated":true}]}}