{"id":6481,"date":"2024-05-16T12:54:27","date_gmt":"2024-05-16T12:54:27","guid":{"rendered":"https:\/\/www.unhcr.org\/europeanunion\/unhcrs-seven-key-calls-to-the-next-european-parliament\/"},"modified":"2024-05-19T19:45:51","modified_gmt":"2024-05-19T19:45:51","slug":"unhcrs-seven-key-calls-to-the-next-european-parliament","status":"publish","type":"page","link":"https:\/\/www.unhcr.org\/europeanunion\/fi\/","title":{"rendered":"UNHCR:n seitsem\u00e4n suositusta seuraavalle Euroopan parlamentille"},"content":{"rendered":"<p>[et_pb_section fb_built=&#8221;1&#8243; _builder_version=&#8221;4.16&#8243; background_color=&#8221;rgba(255,255,255,0)&#8221; custom_margin=&#8221;0px||0px|&#8221; custom_padding=&#8221;0px||0px|&#8221; global_colors_info=&#8221;{}&#8221;][et_pb_row column_structure=&#8221;1_2,1_2&#8243; make_equal=&#8221;on&#8221; _builder_version=&#8221;4.24.3&#8243; custom_css_main_element=&#8221;margin: auto;&#8221; global_colors_info=&#8221;{}&#8221;][et_pb_column type=&#8221;1_2&#8243; _builder_version=&#8221;4.24.3&#8243; custom_padding=&#8221;|||&#8221; custom_css_main_element=&#8221;margin: auto;&#8221; custom_css_free_form=&#8221;\t&#8221; global_colors_info=&#8221;{}&#8221; custom_padding__hover=&#8221;|||&#8221;][et_pb_text _builder_version=&#8221;4.24.3&#8243; text_font=&#8221;||||||||&#8221; header_font=&#8221;||||||||&#8221; header_text_color=&#8221;#0072bc&#8221; max_width=&#8221;80%&#8221; module_alignment=&#8221;left&#8221; custom_padding=&#8221;||||false|false&#8221; hover_enabled=&#8221;0&#8243; custom_css_main_element=&#8221;align-items: center;&#8221; global_colors_info=&#8221;{}&#8221; sticky_enabled=&#8221;0&#8243;]<\/p>\n<h1 style=\"text-align: left;\">UNHCR:n seitsem\u00e4n suositusta seuraavalle Euroopan parlamentille<\/h1>\n<p>[\/et_pb_text][\/et_pb_column][et_pb_column type=&#8221;1_2&#8243; _builder_version=&#8221;4.16&#8243; custom_padding=&#8221;|||&#8221; global_colors_info=&#8221;{}&#8221; custom_padding__hover=&#8221;|||&#8221;][et_pb_video src=&#8221;https:\/\/www.youtube.com\/watch?v=l5BGeaurAmQ&#038;list=PLe7noxa9cIeZWA83flxg3gK-XxTGNdM3s&#038;index=2&#8243; image_src=&#8221;\/\/i.ytimg.com\/vi\/l5BGeaurAmQ\/hqdefault.jpg&#8221; play_icon_color=&#8221;#0072bc&#8221; thumbnail_overlay_color=&#8221;rgba(0,0,0,0.6)&#8221; module_class=&#8221;squarevideo&#8221; _builder_version=&#8221;4.24.3&#8243; custom_css_video_icon=&#8221;text-shadow: 2px 2px 2px rgba(0,0,0,0.3);&#8221; global_colors_info=&#8221;{}&#8221;][\/et_pb_video][\/et_pb_column][\/et_pb_row][\/et_pb_section][et_pb_section fb_built=&#8221;1&#8243; admin_label=&#8221;Introduction&#8221; module_id=&#8221;CH1&#8243; _builder_version=&#8221;4.16&#8243; background_color=&#8221;rgba(255,255,255,0.8)&#8221; collapsed=&#8221;off&#8221; global_colors_info=&#8221;{}&#8221;][et_pb_row _builder_version=&#8221;4.16&#8243; max_width=&#8221;800px&#8221; use_custom_width=&#8221;on&#8221; custom_width_px=&#8221;800px&#8221; global_colors_info=&#8221;{}&#8221;][et_pb_column type=&#8221;4_4&#8243; _builder_version=&#8221;4.16&#8243; custom_padding=&#8221;|||&#8221; global_colors_info=&#8221;{}&#8221; custom_padding__hover=&#8221;|||&#8221;][et_pb_text disabled_on=&#8221;||off&#8221; admin_label=&#8221;Intro&#8221; _builder_version=&#8221;4.24.3&#8243; header_font=&#8221;|700|||||||&#8221; header_font_size=&#8221;80&#8243; header_2_font=&#8221;|300|||||||&#8221; header_2_font_size=&#8221;30px&#8221; header_3_text_color=&#8221;#0072bc&#8221; hover_enabled=&#8221;0&#8243; header_font_size_tablet=&#8221;60&#8243; header_font_size_phone=&#8221;36&#8243; header_font_size_last_edited=&#8221;on|phone&#8221; header_2_font_size_tablet=&#8221;&#8221; header_2_font_size_phone=&#8221;24px&#8221; header_2_font_size_last_edited=&#8221;on|phone&#8221; global_colors_info=&#8221;{}&#8221; sticky_enabled=&#8221;0&#8243;]<\/p>\n<p class=\"intro\"><strong>Konfliktit, v\u00e4kivalta ja vaino pakottavat yh\u00e4 useampia ihmisi\u00e4 pakenemaan kotoaan.<\/strong><\/p>\n<p class=\"intro\">Useimmat heist\u00e4 j\u00e4\u00e4v\u00e4t kotimaihinsa tai pakenevat naapurimaihin, eiv\u00e4tk\u00e4 Euroopan unioniin (EU). Valitettavasti liian monet kuolevat edelleen reiteill\u00e4 ja merell\u00e4 etsiess\u00e4\u00e4n turvaa. Pushbackit (suom. takaisin ty\u00f6nn\u00f6t) ja ihmisoikeusrikkomukset my\u00f6s jatkuvat rajoilla, ja monet turvaa etsiv\u00e4t eiv\u00e4t p\u00e4\u00e4se Eurooppaan.<\/p>\n<p>Pakolaisuus ei ole valinta, mutta miten toimimme ja reagoimme on. EU voi toimia johtavassa roolissa pakolaisten suojelussa ja antaa toivoa niille, jotka ovat kaukana kotoaan.<\/p>\n<p>Yhteisill\u00e4 toimilla EU-maat voivat turvallisesti ja inhimillisesti hallinnoida ihmisten tuloa tavalla, joka sopii sek\u00e4 pakolaisille ett\u00e4 heit\u00e4 vastaanottaville yhteis\u00f6ille.<\/p>\n<p>Tukemalla maita Euroopan ulkopuolella, EU voi my\u00f6s v\u00e4hent\u00e4\u00e4 vaarallisia matkoja ja auttaa l\u00f6yt\u00e4m\u00e4\u00e4n pitk\u00e4aikaisia mahdollisuuksia ja ratkaisuja pakolaisille.<\/p>\n<p>[\/et_pb_text][\/et_pb_column][\/et_pb_row][\/et_pb_section][et_pb_section fb_built=&#8221;1&#8243; module_id=&#8221;CH2&#8243; _builder_version=&#8221;4.16&#8243; background_color=&#8221;rgba(255,255,255,0)&#8221; custom_padding=&#8221;||0px|&#8221; global_colors_info=&#8221;{}&#8221;][et_pb_row _builder_version=&#8221;4.16&#8243; max_width=&#8221;700px&#8221; module_alignment=&#8221;center&#8221; use_custom_width=&#8221;on&#8221; custom_width_px=&#8221;700px&#8221; global_colors_info=&#8221;{}&#8221;][et_pb_column type=&#8221;4_4&#8243; _builder_version=&#8221;4.16&#8243; custom_padding=&#8221;|||&#8221; global_colors_info=&#8221;{}&#8221; custom_padding__hover=&#8221;|||&#8221;][et_pb_text disabled_on=&#8221;||off&#8221; admin_label=&#8221;What can the EU do to better protect refugees?&#8221; _builder_version=&#8221;4.24.3&#8243; text_font_size=&#8221;20px&#8221; header_font=&#8221;|700|||||||&#8221; header_font_size=&#8221;80&#8243; header_2_font=&#8221;|700|||||||&#8221; header_2_text_color=&#8221;#0072bc&#8221; header_2_font_size=&#8221;48px&#8221; hover_enabled=&#8221;0&#8243; header_font_size_tablet=&#8221;60&#8243; header_font_size_phone=&#8221;36&#8243; header_font_size_last_edited=&#8221;on|phone&#8221; header_2_font_size_tablet=&#8221;&#8221; header_2_font_size_phone=&#8221;36px&#8221; header_2_font_size_last_edited=&#8221;on|phone&#8221; global_colors_info=&#8221;{}&#8221; sticky_enabled=&#8221;0&#8243;]<\/p>\n<h2 class=\"p1\" style=\"text-align: center;\">Mit\u00e4 seuraavan Euroopan parlamentin j\u00e4senet voivat tehd\u00e4 paremmin suojellakseen pakolaisia?<\/h2>\n<p class=\"intro\" style=\"text-align: center;\">T\u00e4ss\u00e4 on seitsem\u00e4n toimenpidett\u00e4:<\/p>\n<p>[\/et_pb_text][\/et_pb_column][\/et_pb_row][\/et_pb_section][et_pb_section fb_built=&#8221;1&#8243; _builder_version=&#8221;4.16&#8243; background_color=&#8221;rgba(255,255,255,0)&#8221; global_colors_info=&#8221;{}&#8221;][et_pb_row column_structure=&#8221;1_2,1_2&#8243; make_equal=&#8221;on&#8221; _builder_version=&#8221;4.16&#8243; global_colors_info=&#8221;{}&#8221;][et_pb_column type=&#8221;1_2&#8243; _builder_version=&#8221;4.16&#8243; background_color=&#8221;#f4f4f4&#8243; custom_padding=&#8221;20px|20px|20px|20px&#8221; global_colors_info=&#8221;{}&#8221; custom_padding__hover=&#8221;|||&#8221;][et_pb_video src=&#8221;https:\/\/www.youtube.com\/watch?v=z1A18BRxRu0&#038;list=PLe7noxa9cIeZWA83flxg3gK-XxTGNdM3s&#038;index=2&#8243; image_src=&#8221;https:\/\/www.unhcr.org\/europeanunion\/wp-content\/uploads\/sites\/70\/2024\/05\/24-action-1.jpg&#8221; play_icon_color=&#8221;#0072bc&#8221; module_class=&#8221;squarevideo&#8221; _builder_version=&#8221;4.24.3&#8243; custom_css_video_icon=&#8221;text-shadow: 2px 2px 2px rgba(0,0,0,0.3);&#8221; global_colors_info=&#8221;{}&#8221;][\/et_pb_video][et_pb_text _builder_version=&#8221;4.24.3&#8243; header_2_text_color=&#8221;#0072bc&#8221; header_3_font=&#8221;|700|||||||&#8221; header_3_text_color=&#8221;#0072BC&#8221; header_3_font_size=&#8221;26px&#8221; hover_enabled=&#8221;0&#8243; global_colors_info=&#8221;{}&#8221; sticky_enabled=&#8221;0&#8243;]<\/p>\n<h3 style=\"text-align: center;\">1. SUOJELLA IHMISTEN OIKEUTTA TURVAAN JA TURVAPAIKKAAN<\/h3>\n<p>Turvan hakeminen sodan, konfliktien ja vainon keskelt\u00e4 on perusihmisoikeus. Ihmisille on annettava mahdollisuus hakea turvapaikkaa, eik\u00e4 sen tulisi koskaan maksaa kenenk\u00e4\u00e4n henke\u00e4 tai ihmisarvoa. Pushbackit ja ihmisoikeusloukka- ukset Euroopan rajoilla on loputtava. EU:n johtamat etsint\u00e4- ja pelastustoiminnan kapasiteetti sek\u00e4 sopimukset siit\u00e4, miss\u00e4 merell\u00e4 pelastetut ihmiset voivat nousta maihin, ovat tarpeellisia v\u00e4litt\u00f6m\u00e4sti.<\/p>\n<p>[\/et_pb_text][\/et_pb_column][et_pb_column type=&#8221;1_2&#8243; _builder_version=&#8221;4.16&#8243; background_color=&#8221;#f4f4f4&#8243; custom_padding=&#8221;20px|20px|20px|20px&#8221; global_colors_info=&#8221;{}&#8221; custom_padding__hover=&#8221;|||&#8221;][et_pb_video src=&#8221;https:\/\/www.youtube.com\/watch?v=NOYuXXikOLY&#038;list=PLe7noxa9cIeZWA83flxg3gK-XxTGNdM3s&#038;index=3&#8243; image_src=&#8221;https:\/\/www.unhcr.org\/europeanunion\/wp-content\/uploads\/sites\/70\/2024\/05\/24-action-2.jpg&#8221; play_icon_color=&#8221;#0072bc&#8221; module_class=&#8221;squarevideo&#8221; _builder_version=&#8221;4.24.3&#8243; custom_css_video_icon=&#8221;text-shadow: 2px 2px 2px rgba(0,0,0,0.3);&#8221; global_colors_info=&#8221;{}&#8221;][\/et_pb_video][et_pb_text _builder_version=&#8221;4.24.3&#8243; header_2_text_color=&#8221;#0072bc&#8221; header_3_font=&#8221;|700|||||||&#8221; header_3_text_color=&#8221;#0072BC&#8221; header_3_font_size=&#8221;26px&#8221; hover_enabled=&#8221;0&#8243; locked=&#8221;off&#8221; global_colors_info=&#8221;{}&#8221; sticky_enabled=&#8221;0&#8243;]<\/p>\n<h3 style=\"text-align: center;\">2. VARMISTAA INHIMILLISET TURVAPAIKKAMENETTELYT<\/h3>\n<p>Rajamenettelyt on toteutettava oikeudellisten turvatoimien mukaisesti eik\u00e4 niiden tulisi johtaa tosiasialliseen s\u00e4il\u00f6\u00f6nottoon. Lapsia ei saa koskaan ottaa s\u00e4il\u00f6\u00f6n. Jokaisella on oikeus asianmukaisiin vastaanotto-olosuhteisiin ja ihmisarvoiseen majoitukseen. Ihmisoikeudet koskevat kaikkia ja niit\u00e4 on kunnioitettava kaikkina aikoina. He, jotka eiv\u00e4t ole oikeutettuja kansainv\u00e4liseen suojeluun, tulisi palauttaa kotimaihinsa oikeusturvansa ja ihmisoikeuksiensa mukaisesti.<\/p>\n<p>[\/et_pb_text][\/et_pb_column][\/et_pb_row][et_pb_row column_structure=&#8221;1_2,1_2&#8243; make_equal=&#8221;on&#8221; _builder_version=&#8221;4.16&#8243; global_colors_info=&#8221;{}&#8221;][et_pb_column type=&#8221;1_2&#8243; _builder_version=&#8221;4.16&#8243; background_color=&#8221;#f4f4f4&#8243; custom_padding=&#8221;20px|20px|20px|20px&#8221; global_colors_info=&#8221;{}&#8221; custom_padding__hover=&#8221;|||&#8221;][et_pb_video src=&#8221;https:\/\/www.youtube.com\/watch?v=JhQawGI4VcI&#038;list=PLe7noxa9cIeZWA83flxg3gK-XxTGNdM3s&#038;index=4&#8243; image_src=&#8221;https:\/\/www.unhcr.org\/europeanunion\/wp-content\/uploads\/sites\/70\/2024\/05\/24-action-3.jpg&#8221; play_icon_color=&#8221;#0072bc&#8221; module_class=&#8221;squarevideo&#8221; _builder_version=&#8221;4.24.3&#8243; custom_css_video_icon=&#8221;text-shadow: 2px 2px 2px rgba(0,0,0,0.3);&#8221; global_colors_info=&#8221;{}&#8221;][\/et_pb_video][et_pb_text _builder_version=&#8221;4.24.3&#8243; header_2_text_color=&#8221;#0072bc&#8221; header_3_font=&#8221;|700|||||||&#8221; header_3_text_color=&#8221;#0072BC&#8221; header_3_font_size=&#8221;26px&#8221; hover_enabled=&#8221;0&#8243; locked=&#8221;off&#8221; global_colors_info=&#8221;{}&#8221; sticky_enabled=&#8221;0&#8243;]<\/p>\n<h3 style=\"text-align: center;\">3. OSOITTAA SOLIDAARISUUTTA MAILLE, JOTKA VASTAANOTTAVAT SUURIA M\u00c4\u00c4RI\u00c4 PAKOLAISIA<\/h3>\n<p>Vastuu turvapaikanhakijoiden vastaanottamiseesta voidaan jakaa oikeudenmukaisesti muuttamalla ihmisi\u00e4 muihin EU-maihin niist\u00e4 maista, joihin saapuu suuri m\u00e4\u00e4r\u00e4 turvapaikanhakijoita. Maailmanlaajuinen solidaarisuus ja tuki EU:n ulkopuolisille suuria pakolaism\u00e4\u00e4ri\u00e4 vastaanottaville maille on my\u00f6s avainasemassa.<\/p>\n<p>[\/et_pb_text][\/et_pb_column][et_pb_column type=&#8221;1_2&#8243; _builder_version=&#8221;4.16&#8243; background_color=&#8221;#f4f4f4&#8243; custom_padding=&#8221;20px|20px|20px|20px&#8221; global_colors_info=&#8221;{}&#8221; custom_padding__hover=&#8221;|||&#8221;][et_pb_video src=&#8221;https:\/\/www.youtube.com\/watch?v=VJODfEm5oZ0&#038;list=PLe7noxa9cIeZWA83flxg3gK-XxTGNdM3s&#038;index=5&#8243; image_src=&#8221;https:\/\/www.unhcr.org\/europeanunion\/wp-content\/uploads\/sites\/70\/2024\/05\/24-action-4.jpg&#8221; play_icon_color=&#8221;#0072bc&#8221; module_class=&#8221;squarevideo&#8221; _builder_version=&#8221;4.24.3&#8243; custom_css_video_icon=&#8221;text-shadow: 2px 2px 2px rgba(0,0,0,0.3);&#8221; global_colors_info=&#8221;{}&#8221;][\/et_pb_video][et_pb_text _builder_version=&#8221;4.24.3&#8243; header_2_text_color=&#8221;#0072bc&#8221; header_3_font=&#8221;|700|||||||&#8221; header_3_text_color=&#8221;#0072BC&#8221; header_3_font_size=&#8221;26px&#8221; hover_enabled=&#8221;0&#8243; locked=&#8221;off&#8221; global_colors_info=&#8221;{}&#8221; sticky_enabled=&#8221;0&#8243;]<\/p>\n<h3 style=\"text-align: center;\">4. TUKEA PAKOLAISIA MUUTTOREITEILL\u00c4<\/h3>\n<p><span>Pakolaiset kohtaavat lukuisia haasteita muuttoreiteill\u00e4, mukaan lukien fyysiset vaarat, hyv\u00e4ksik\u00e4ytt\u00f6, v\u00e4kivalta ja perustarpeiden puute. Ihmisk\u00e4rsimyksen v\u00e4hent\u00e4miseksi vaarallisilla reiteill\u00e4, EU voi tukea toimenpiteit\u00e4 n\u00e4iden reittien varrella auttaakseen matkalla olevia ihmisi\u00e4 l\u00f6yt\u00e4m\u00e4\u00e4n suojelua, ratkaisuja ja laillisia reittej\u00e4 mahdollisimman varhaisessa vaiheessa.<\/span><\/p>\n<p>[\/et_pb_text][\/et_pb_column][\/et_pb_row][et_pb_row column_structure=&#8221;1_2,1_2&#8243; make_equal=&#8221;on&#8221; _builder_version=&#8221;4.16&#8243; global_colors_info=&#8221;{}&#8221;][et_pb_column type=&#8221;1_2&#8243; _builder_version=&#8221;4.16&#8243; background_color=&#8221;#f4f4f4&#8243; custom_padding=&#8221;20px|20px|20px|20px&#8221; global_colors_info=&#8221;{}&#8221; custom_padding__hover=&#8221;|||&#8221;][et_pb_video src=&#8221;https:\/\/www.youtube.com\/watch?v=ywsIdZOEFhk&#038;list=PLe7noxa9cIeZWA83flxg3gK-XxTGNdM3s&#038;index=6&#8243; image_src=&#8221;https:\/\/www.unhcr.org\/europeanunion\/wp-content\/uploads\/sites\/70\/2024\/05\/24-action-5.jpg&#8221; play_icon_color=&#8221;#0072bc&#8221; module_class=&#8221;squarevideo&#8221; _builder_version=&#8221;4.24.3&#8243; hover_enabled=&#8221;0&#8243; custom_css_video_icon=&#8221;text-shadow: 2px 2px 2px rgba(0,0,0,0.3);&#8221; global_colors_info=&#8221;{}&#8221; sticky_enabled=&#8221;0&#8243;][\/et_pb_video][et_pb_text _builder_version=&#8221;4.24.3&#8243; header_2_text_color=&#8221;#0072bc&#8221; header_3_font=&#8221;|700|||||||&#8221; header_3_text_color=&#8221;#0072BC&#8221; header_3_font_size=&#8221;26px&#8221; hover_enabled=&#8221;0&#8243; locked=&#8221;off&#8221; global_colors_info=&#8221;{}&#8221; sticky_enabled=&#8221;0&#8243;]<\/p>\n<h3 style=\"text-align: center;\">5. TARJOTA PAKOLAISILLE LAILLISIA VAIHTOEHTOJA SAAPUA TURVAAN EUROOPPAAN<\/h3>\n<p>EU-maiden vakaa sitoutuminen pakolaisten uudelleensijoittamisen ja muiden turvallisten ja laillisten reittien lis\u00e4\u00e4miseen tarkoittaa, ett\u00e4 pienempi m\u00e4\u00e4r\u00e4 ihmisi\u00e4 joutuu l\u00e4htem\u00e4\u00e4n vaarallisille reiteille hakemaan turvaa Euroopasta. Joustavat ja oikeudenmukaiset menettelyt ovat tarpeen varmistamaan, ett\u00e4 pakolaisperheet voivat yhdisty\u00e4.<\/p>\n<p>[\/et_pb_text][\/et_pb_column][et_pb_column type=&#8221;1_2&#8243; _builder_version=&#8221;4.16&#8243; background_color=&#8221;#f4f4f4&#8243; custom_padding=&#8221;20px|20px|20px|20px&#8221; global_colors_info=&#8221;{}&#8221; custom_padding__hover=&#8221;|||&#8221;][et_pb_video src=&#8221;https:\/\/www.youtube.com\/watch?v=IIAhcfjabMU&#038;list=PLe7noxa9cIeZWA83flxg3gK-XxTGNdM3s&#038;index=7&#8243; image_src=&#8221;https:\/\/www.unhcr.org\/europeanunion\/wp-content\/uploads\/sites\/70\/2024\/05\/24-action-6.jpg&#8221; play_icon_color=&#8221;#0072bc&#8221; module_class=&#8221;squarevideo&#8221; _builder_version=&#8221;4.24.3&#8243; custom_css_video_icon=&#8221;text-shadow: 2px 2px 2px rgba(0,0,0,0.3);&#8221; global_colors_info=&#8221;{}&#8221;][\/et_pb_video][et_pb_text _builder_version=&#8221;4.24.3&#8243; header_2_text_color=&#8221;#0072bc&#8221; header_3_font=&#8221;|700|||||||&#8221; header_3_text_color=&#8221;#0072BC&#8221; header_3_font_size=&#8221;26px&#8221; hover_enabled=&#8221;0&#8243; locked=&#8221;off&#8221; global_colors_info=&#8221;{}&#8221; sticky_enabled=&#8221;0&#8243;]<\/p>\n<h3 style=\"text-align: center;\">6. TUKEA PAKOLAISTEN MENESTYMIST\u00c4 PAIKASTA RIIPPUMATTA<\/h3>\n<p>EU:n maailmanlaajuinen tuki auttaa pakolaisia el\u00e4m\u00e4ns\u00e4 uudelleenrakentamisessa paikasta riippumatta. T\u00e4ydent\u00e4v\u00e4 ja joustava EU:n humanitaarinen ja kehitysyhteisty\u00f6rahoitus ovat ratkaisevia tarjoamaan elint\u00e4rke\u00e4\u00e4 avustusta pakolaisille sek\u00e4 tukemaan turvapaikanhakijoita vastaanottavia maita.<\/p>\n<p>[\/et_pb_text][\/et_pb_column][\/et_pb_row][et_pb_row column_structure=&#8221;1_2,1_2&#8243; make_equal=&#8221;on&#8221; _builder_version=&#8221;4.16&#8243; global_colors_info=&#8221;{}&#8221;][et_pb_column type=&#8221;1_2&#8243; _builder_version=&#8221;4.16&#8243; background_color=&#8221;#f4f4f4&#8243; custom_padding=&#8221;20px|20px|20px|20px&#8221; global_colors_info=&#8221;{}&#8221; custom_padding__hover=&#8221;|||&#8221;][et_pb_video src=&#8221;https:\/\/www.youtube.com\/watch?v=cxQroYNNGcI&#038;list=PLe7noxa9cIeZWA83flxg3gK-XxTGNdM3s&#038;index=8&#8243; image_src=&#8221;https:\/\/www.unhcr.org\/europeanunion\/wp-content\/uploads\/sites\/70\/2024\/05\/24-action-7.jpg&#8221; play_icon_color=&#8221;#0072bc&#8221; module_class=&#8221;squarevideo&#8221; _builder_version=&#8221;4.24.3&#8243; hover_enabled=&#8221;0&#8243; custom_css_video_icon=&#8221;text-shadow: 2px 2px 2px rgba(0,0,0,0.3);&#8221; global_colors_info=&#8221;{}&#8221; sticky_enabled=&#8221;0&#8243;][\/et_pb_video][et_pb_text _builder_version=&#8221;4.24.3&#8243; header_2_text_color=&#8221;#0072bc&#8221; header_3_font=&#8221;|700|||||||&#8221; header_3_text_color=&#8221;#0072BC&#8221; header_3_font_size=&#8221;26px&#8221; hover_enabled=&#8221;0&#8243; locked=&#8221;off&#8221; global_colors_info=&#8221;{}&#8221; sticky_enabled=&#8221;0&#8243;]<\/p>\n<h3 style=\"text-align: center;\">7. LOPETTAA KANSALAISUUDETTOMUUS<\/h3>\n<p>Miljoonat ihmiset ymp\u00e4ri maailmaa ovat kansalaisuudettomia. Satojatuhansia heist\u00e4 asuu EU:ssa. EU voi toimia johtavassa roolissa kansalaisuudettomuuden lopettamisessa s\u00e4\u00e4t\u00e4m\u00e4ll\u00e4 lakeja ja menettelyj\u00e4 kansalaisuu- dettomien tunnistamiseksi ja suojelemiseksi, sek\u00e4 varmistamaan heid\u00e4n oikeutensa.<\/p>\n<p>[\/et_pb_text][\/et_pb_column][et_pb_column type=&#8221;1_2&#8243; _builder_version=&#8221;4.16&#8243; background_color=&#8221;#0072bc&#8221; custom_padding=&#8221;20px|20px|20px|20px&#8221; global_colors_info=&#8221;{}&#8221; custom_padding__hover=&#8221;|||&#8221;][et_pb_image src=&#8221;https:\/\/www.unhcr.org\/europeanunion\/wp-content\/uploads\/sites\/70\/2019\/04\/shareplaceholder.png&#8221; align=&#8221;center&#8221; align_tablet=&#8221;center&#8221; align_phone=&#8221;&#8221; align_last_edited=&#8221;on|desktop&#8221; disabled_on=&#8221;on|off|&#8221; _builder_version=&#8221;4.16&#8243; max_width=&#8221;50%&#8221; hover_enabled=&#8221;0&#8243; global_colors_info=&#8221;{}&#8221; sticky_enabled=&#8221;0&#8243;][\/et_pb_image][et_pb_text _builder_version=&#8221;4.24.3&#8243; background_layout=&#8221;dark&#8221; hover_enabled=&#8221;0&#8243; global_colors_info=&#8221;{}&#8221; sticky_enabled=&#8221;0&#8243;]<\/p>\n<h2 style=\"text-align: center;\">Seitsem\u00e4n toimenpidett\u00e4.<br \/>\n<strong>Yksi yhteinen tulevaisuus.<\/strong><br \/>\nSe on teid\u00e4n k\u00e4siss\u00e4nne.<\/h2>\n<p>&nbsp;<\/p>\n<p style=\"text-align: center;\"><a class=\"et_pb_button et_pb_button_1 et_pb_bg_layout_dark\" href=\"https:\/\/www.unhcr.org\/europeanunion\/wp-content\/uploads\/sites\/70\/2024\/05\/UNHCR-EU_campaign_flyers-FIN-2024-screen.pdf\" target=\"_blank\" rel=\"noopener noreferrer\">Download brochure<\/a><\/p>\n<p>&nbsp;<\/p>\n<h3 style=\"text-align: center;\">Share this page<\/h3>\n<p style=\"text-align: center;\"><a class=\"et_pb_button et_pb_button_1 et_pb_bg_layout_dark\" href=\"https:\/\/www.facebook.com\/sharer.php?u=https%3A%2F%2Fwww.unhcr.org%2Feuropeanunion%2Ffi%2F&amp;t=2024%20EUROPARLA-MENTTIVAALIT\" target=\"_blank\" rel=\"noopener noreferrer\">Facebook<\/a> \u00a0\u00a0<a class=\"et_pb_button et_pb_button_0 et_pb_bg_layout_dark\" href=\"https:\/\/twitter.com\/share?text=2024%20EUROPARLA-MENTTIVAALIT&amp;url=https%3A%2F%2Fwww.unhcr.org%2Feuropeanunion%2Ffi%2F&amp;via=refugees\" target=\"_blank\" rel=\"noopener noreferrer\">Twitter<\/a> \u00a0\u00a0<a class=\"et_pb_button et_pb_button_0 et_pb_bg_layout_dark\" href=\"mailto:?to=&amp;body=https:\/\/www.unhcr.org\/europeanunion\/fi\/&amp;subject=UNHCR:n seitsem\u00e4n suositusta seuraavalle Euroopan parlamentille\">Email<\/a><\/p>\n<p>[\/et_pb_text][\/et_pb_column][\/et_pb_row][\/et_pb_section]<\/p>\n","protected":false},"excerpt":{"rendered":"<p>UNHCR:n seitsem\u00e4n suositusta seuraavalle Euroopan parlamentilleKonfliktit, v\u00e4kivalta ja vaino pakottavat yh\u00e4 useampia ihmisi\u00e4 pakenemaan kotoaan. Useimmat heist\u00e4 j\u00e4\u00e4v\u00e4t kotimaihinsa tai pakenevat naapurimaihin, eiv\u00e4tk\u00e4 Euroopan unioniin (EU). Valitettavasti liian monet kuolevat edelleen reiteill\u00e4 ja merell\u00e4 etsiess\u00e4\u00e4n turvaa. Pushbackit (suom. takaisin ty\u00f6nn\u00f6t) ja ihmisoikeusrikkomukset my\u00f6s jatkuvat rajoilla, ja monet turvaa etsiv\u00e4t eiv\u00e4t p\u00e4\u00e4se Eurooppaan. Pakolaisuus ei ole [&hellip;]<\/p>\n","protected":false},"author":28,"featured_media":5887,"parent":0,"menu_order":0,"comment_status":"closed","ping_status":"closed","template":"","meta":{"_et_pb_use_builder":"on","_et_pb_old_content":"","_et_gb_content_width":"","footnotes":""},"class_list":["post-6481","page","type-page","status-publish","has-post-thumbnail","hentry"],"_links":{"self":[{"href":"https:\/\/www.unhcr.org\/europeanunion\/fi\/wp-json\/wp\/v2\/pages\/6481","targetHints":{"allow":["GET"]}}],"collection":[{"href":"https:\/\/www.unhcr.org\/europeanunion\/fi\/wp-json\/wp\/v2\/pages"}],"about":[{"href":"https:\/\/www.unhcr.org\/europeanunion\/fi\/wp-json\/wp\/v2\/types\/page"}],"author":[{"embeddable":true,"href":"https:\/\/www.unhcr.org\/europeanunion\/fi\/wp-json\/wp\/v2\/users\/28"}],"replies":[{"embeddable":true,"href":"https:\/\/www.unhcr.org\/europeanunion\/fi\/wp-json\/wp\/v2\/comments?post=6481"}],"version-history":[{"count":4,"href":"https:\/\/www.unhcr.org\/europeanunion\/fi\/wp-json\/wp\/v2\/pages\/6481\/revisions"}],"predecessor-version":[{"id":6489,"href":"https:\/\/www.unhcr.org\/europeanunion\/fi\/wp-json\/wp\/v2\/pages\/6481\/revisions\/6489"}],"wp:featuredmedia":[{"embeddable":true,"href":"https:\/\/www.unhcr.org\/europeanunion\/fi\/wp-json\/wp\/v2\/media\/5887"}],"wp:attachment":[{"href":"https:\/\/www.unhcr.org\/europeanunion\/fi\/wp-json\/wp\/v2\/media?parent=6481"}],"curies":[{"name":"wp","href":"https:\/\/api.w.org\/{rel}","templated":true}]}}