{"id":6441,"date":"2024-05-16T12:54:27","date_gmt":"2024-05-16T12:54:27","guid":{"rendered":"https:\/\/www.unhcr.org\/europeanunion\/unhcrs-seven-key-calls-to-the-next-european-parliament\/"},"modified":"2024-06-04T07:22:11","modified_gmt":"2024-06-04T07:22:11","slug":"unhcrs-seven-key-calls-to-the-next-european-parliament","status":"publish","type":"page","link":"https:\/\/www.unhcr.org\/europeanunion\/fr\/","title":{"rendered":"Sept messages cl\u00e9s du HCR \u00e0 l\u2019attention des membres du prochain Parlement europ\u00e9en"},"content":{"rendered":"<p>[et_pb_section fb_built=\u00a0\u00bb1&Prime; _builder_version=\u00a0\u00bb4.16&Prime; background_color=\u00a0\u00bbrgba(255,255,255,0)\u00a0\u00bb custom_margin=\u00a0\u00bb0px||0px|\u00a0\u00bb custom_padding=\u00a0\u00bb0px||0px|\u00a0\u00bb global_colors_info=\u00a0\u00bb{}\u00a0\u00bb][et_pb_row column_structure=\u00a0\u00bb1_2,1_2&Prime; make_equal=\u00a0\u00bbon\u00a0\u00bb _builder_version=\u00a0\u00bb4.24.3&Prime; custom_css_main_element=\u00a0\u00bbmargin: auto;\u00a0\u00bb global_colors_info=\u00a0\u00bb{}\u00a0\u00bb][et_pb_column type=\u00a0\u00bb1_2&Prime; _builder_version=\u00a0\u00bb4.24.3&Prime; custom_padding=\u00a0\u00bb|||\u00a0\u00bb custom_css_main_element=\u00a0\u00bbmargin: auto;\u00a0\u00bb custom_css_free_form=\u00a0\u00bb\t\u00a0\u00bb global_colors_info=\u00a0\u00bb{}\u00a0\u00bb custom_padding__hover=\u00a0\u00bb|||\u00a0\u00bb][et_pb_text _builder_version=\u00a0\u00bb4.24.3&Prime; text_font=\u00a0\u00bb||||||||\u00a0\u00bb header_font=\u00a0\u00bb||||||||\u00a0\u00bb header_text_color=\u00a0\u00bb#0072bc\u00a0\u00bb max_width=\u00a0\u00bb80%\u00a0\u00bb module_alignment=\u00a0\u00bbleft\u00a0\u00bb custom_padding=\u00a0\u00bb||||false|false\u00a0\u00bb custom_css_main_element=\u00a0\u00bbalign-items: center;\u00a0\u00bb global_colors_info=\u00a0\u00bb{}\u00a0\u00bb]<\/p>\n<h1 style=\"text-align: left;\">Sept messages cl\u00e9s du HCR \u00e0 l\u2019attention des membres du prochain Parlement europ\u00e9en<\/h1>\n<p>[\/et_pb_text][\/et_pb_column][et_pb_column type=\u00a0\u00bb1_2&Prime; _builder_version=\u00a0\u00bb4.16&Prime; custom_padding=\u00a0\u00bb|||\u00a0\u00bb global_colors_info=\u00a0\u00bb{}\u00a0\u00bb custom_padding__hover=\u00a0\u00bb|||\u00a0\u00bb][et_pb_video src=\u00a0\u00bbhttps:\/\/www.youtube.com\/watch?v=8kTtNl_9Tuo\u00a0\u00bb image_src=\u00a0\u00bb\/\/i.ytimg.com\/vi\/8kTtNl_9Tuo\/hqdefault.jpg\u00a0\u00bb play_icon_color=\u00a0\u00bb#0072bc\u00a0\u00bb thumbnail_overlay_color=\u00a0\u00bbrgba(0,0,0,0.6)\u00a0\u00bb module_class=\u00a0\u00bbsquarevideo\u00a0\u00bb _builder_version=\u00a0\u00bb4.24.3&Prime; custom_css_video_icon=\u00a0\u00bbtext-shadow: 2px 2px 2px rgba(0,0,0,0.3);\u00a0\u00bb global_colors_info=\u00a0\u00bb{}\u00a0\u00bb][\/et_pb_video][\/et_pb_column][\/et_pb_row][\/et_pb_section][et_pb_section fb_built=\u00a0\u00bb1&Prime; admin_label=\u00a0\u00bbIntroduction\u00a0\u00bb module_id=\u00a0\u00bbCH1&Prime; _builder_version=\u00a0\u00bb4.16&Prime; background_color=\u00a0\u00bbrgba(255,255,255,0.8)\u00a0\u00bb collapsed=\u00a0\u00bboff\u00a0\u00bb global_colors_info=\u00a0\u00bb{}\u00a0\u00bb][et_pb_row _builder_version=\u00a0\u00bb4.16&Prime; max_width=\u00a0\u00bb800px\u00a0\u00bb use_custom_width=\u00a0\u00bbon\u00a0\u00bb custom_width_px=\u00a0\u00bb800px\u00a0\u00bb global_colors_info=\u00a0\u00bb{}\u00a0\u00bb][et_pb_column type=\u00a0\u00bb4_4&Prime; _builder_version=\u00a0\u00bb4.16&Prime; custom_padding=\u00a0\u00bb|||\u00a0\u00bb global_colors_info=\u00a0\u00bb{}\u00a0\u00bb custom_padding__hover=\u00a0\u00bb|||\u00a0\u00bb][et_pb_text disabled_on=\u00a0\u00bb||off\u00a0\u00bb admin_label=\u00a0\u00bbIntro\u00a0\u00bb _builder_version=\u00a0\u00bb4.24.3&Prime; header_font=\u00a0\u00bb|700|||||||\u00a0\u00bb header_font_size=\u00a0\u00bb80&Prime; header_2_font=\u00a0\u00bb|300|||||||\u00a0\u00bb header_2_font_size=\u00a0\u00bb30px\u00a0\u00bb header_3_text_color=\u00a0\u00bb#0072bc\u00a0\u00bb header_font_size_tablet=\u00a0\u00bb60&Prime; header_font_size_phone=\u00a0\u00bb36&Prime; header_font_size_last_edited=\u00a0\u00bbon|phone\u00a0\u00bb header_2_font_size_tablet=\u00a0\u00bb\u00a0\u00bb header_2_font_size_phone=\u00a0\u00bb24px\u00a0\u00bb header_2_font_size_last_edited=\u00a0\u00bbon|phone\u00a0\u00bb global_colors_info=\u00a0\u00bb{}\u00a0\u00bb]<\/p>\n<p class=\"intro\"><strong>Les conflits, les violences et les pers\u00e9cutions contraignent de plus en plus de personnes \u00e0 fuir leur foyer. <\/strong><\/p>\n<p class=\"intro\">La plupart d\u2019entre elles restent dans leur pays ou fuient vers les pays voisins, et non vers l\u2019Union europ\u00e9enne (UE). Un trop grand nombre de personnes en qu\u00ea- te de protection meurent encore au cours de leur p\u00e9riple, que ce soit par voie terrestre ou maritime. Les renvois forc\u00e9s et les violations des droits humains aux fronti\u00e8res se poursuivent \u00e9galement et beaucoup de personnes en qu\u00eate de s\u00e9- curit\u00e9 ne peuvent pas entrer en Europe.<\/p>\n<p>Devenir r\u00e9fugi\u00e9 n\u2019est pas un choix, mais la fa\u00e7on dont nous agissons et r\u00e9pondons en est un. L\u2019UE peut jouer un r\u00f4le moteur dans la protection des r\u00e9fugi\u00e9s et donner de l\u2019espoir \u00e0 ceux qui sont loin de chez eux.<\/p>\n<p>Avec une r\u00e9ponse commune, les pays de l\u2019UE peuvent g\u00e9rer les arriv\u00e9es des personnes en toute s\u00e9curit\u00e9 et avec humanit\u00e9, d\u2019une mani\u00e8re qui convienne \u00e0 la fois aux r\u00e9fugi\u00e9s et aux communaut\u00e9s qui les accueillent.<\/p>\n<p>En soutenant les pays en dehors de l\u2019Europe, l\u2019UE peut \u00e9galement r\u00e9duire le nombre de p\u00e9riples dangereux et contribuer \u00e0 trouver des opportunit\u00e9s et des solutions \u00e0 long terme pour les r\u00e9fugi\u00e9s.<\/p>\n<p>[\/et_pb_text][\/et_pb_column][\/et_pb_row][\/et_pb_section][et_pb_section fb_built=\u00a0\u00bb1&Prime; module_id=\u00a0\u00bbCH2&Prime; _builder_version=\u00a0\u00bb4.16&Prime; background_color=\u00a0\u00bbrgba(255,255,255,0)\u00a0\u00bb custom_padding=\u00a0\u00bb||0px|\u00a0\u00bb global_colors_info=\u00a0\u00bb{}\u00a0\u00bb][et_pb_row _builder_version=\u00a0\u00bb4.24.3&Prime; max_width=\u00a0\u00bb800px\u00a0\u00bb module_alignment=\u00a0\u00bbcenter\u00a0\u00bb use_custom_width=\u00a0\u00bbon\u00a0\u00bb custom_width_px=\u00a0\u00bb700px\u00a0\u00bb global_colors_info=\u00a0\u00bb{}\u00a0\u00bb][et_pb_column type=\u00a0\u00bb4_4&Prime; _builder_version=\u00a0\u00bb4.16&Prime; custom_padding=\u00a0\u00bb|||\u00a0\u00bb global_colors_info=\u00a0\u00bb{}\u00a0\u00bb custom_padding__hover=\u00a0\u00bb|||\u00a0\u00bb][et_pb_text disabled_on=\u00a0\u00bb||off\u00a0\u00bb admin_label=\u00a0\u00bbWhat can the EU do to better protect refugees?\u00a0\u00bb _builder_version=\u00a0\u00bb4.24.3&Prime; text_font_size=\u00a0\u00bb20px\u00a0\u00bb header_font=\u00a0\u00bb|700|||||||\u00a0\u00bb header_font_size=\u00a0\u00bb80&Prime; header_2_font=\u00a0\u00bb|700|||||||\u00a0\u00bb header_2_text_color=\u00a0\u00bb#0072bc\u00a0\u00bb header_2_font_size=\u00a0\u00bb48px\u00a0\u00bb header_font_size_tablet=\u00a0\u00bb60&Prime; header_font_size_phone=\u00a0\u00bb36&Prime; header_font_size_last_edited=\u00a0\u00bbon|phone\u00a0\u00bb header_2_font_size_tablet=\u00a0\u00bb\u00a0\u00bb header_2_font_size_phone=\u00a0\u00bb36px\u00a0\u00bb header_2_font_size_last_edited=\u00a0\u00bbon|phone\u00a0\u00bb global_colors_info=\u00a0\u00bb{}\u00a0\u00bb]<\/p>\n<h2 class=\"p1\" style=\"text-align: center;\">Les d\u00e9put\u00e9s du prochain Parlement europ\u00e9en ont une opportunit\u00e9 unique et importante de :<\/h2>\n<p>[\/et_pb_text][\/et_pb_column][\/et_pb_row][\/et_pb_section][et_pb_section fb_built=\u00a0\u00bb1&Prime; _builder_version=\u00a0\u00bb4.16&Prime; background_color=\u00a0\u00bbrgba(255,255,255,0)\u00a0\u00bb global_colors_info=\u00a0\u00bb{}\u00a0\u00bb][et_pb_row column_structure=\u00a0\u00bb1_2,1_2&Prime; make_equal=\u00a0\u00bbon\u00a0\u00bb _builder_version=\u00a0\u00bb4.16&Prime; global_colors_info=\u00a0\u00bb{}\u00a0\u00bb][et_pb_column type=\u00a0\u00bb1_2&Prime; _builder_version=\u00a0\u00bb4.16&Prime; background_color=\u00a0\u00bb#f4f4f4&Prime; custom_padding=\u00a0\u00bb20px|20px|20px|20px\u00a0\u00bb global_colors_info=\u00a0\u00bb{}\u00a0\u00bb custom_padding__hover=\u00a0\u00bb|||\u00a0\u00bb][et_pb_video src=\u00a0\u00bbhttps:\/\/www.youtube.com\/watch?v=jwftaufjgKw&#038;list=PLIx-vqpFRt1NvQ9DLBhLf4AofkXgqMDrD&#038;index=2&Prime; image_src=\u00a0\u00bbhttps:\/\/www.unhcr.org\/europeanunion\/wp-content\/uploads\/sites\/70\/2024\/05\/24-action-1.jpg\u00a0\u00bb play_icon_color=\u00a0\u00bb#0072bc\u00a0\u00bb module_class=\u00a0\u00bbsquarevideo\u00a0\u00bb _builder_version=\u00a0\u00bb4.24.3&Prime; hover_enabled=\u00a0\u00bb0&Prime; custom_css_video_icon=\u00a0\u00bbtext-shadow: 2px 2px 2px rgba(0,0,0,0.3);\u00a0\u00bb global_colors_info=\u00a0\u00bb{}\u00a0\u00bb sticky_enabled=\u00a0\u00bb0&Prime;][\/et_pb_video][et_pb_text _builder_version=\u00a0\u00bb4.24.3&Prime; header_2_text_color=\u00a0\u00bb#0072bc\u00a0\u00bb header_3_font=\u00a0\u00bb|700|||||||\u00a0\u00bb header_3_text_color=\u00a0\u00bb#0072BC\u00a0\u00bb header_3_font_size=\u00a0\u00bb26px\u00a0\u00bb global_colors_info=\u00a0\u00bb{}\u00a0\u00bb]<\/p>\n<h3 style=\"text-align: center;\">1. PROT\u00c9GER LE DROIT DES PERSONNES \u00c0 LA S\u00c9CURIT\u00c9 ET \u00c0 L\u2019ASILE<\/h3>\n<p>Chercher \u00e0 se prot\u00e9ger de la guerre, des conflits et des pers\u00e9cutions est un droit humain fondamental. Les personnes doivent avoir le droit de demander l\u2019asile et cela ne devrait jamais \u00eatre au prix de leur vie ou de leur dignit\u00e9. Les renvois forc\u00e9s et les violations des droits humains aux fronti\u00e8res de l\u2019Europe doivent cesser. Il est urgent de mettre en place des capacit\u00e9s de recherche et de sauvetage g\u00e9r\u00e9es par l\u2019UE ainsi que des accords sur les lieux o\u00f9 les personnes secourues en mer peuvent d\u00e9barquer.<\/p>\n<p>[\/et_pb_text][\/et_pb_column][et_pb_column type=\u00a0\u00bb1_2&Prime; _builder_version=\u00a0\u00bb4.16&Prime; background_color=\u00a0\u00bb#f4f4f4&Prime; custom_padding=\u00a0\u00bb20px|20px|20px|20px\u00a0\u00bb global_colors_info=\u00a0\u00bb{}\u00a0\u00bb custom_padding__hover=\u00a0\u00bb|||\u00a0\u00bb][et_pb_video src=\u00a0\u00bbhttps:\/\/www.youtube.com\/watch?v=m9ALyAGx9Sw&#038;list=PLIx-vqpFRt1NvQ9DLBhLf4AofkXgqMDrD&#038;index=3&Prime; image_src=\u00a0\u00bbhttps:\/\/www.unhcr.org\/europeanunion\/wp-content\/uploads\/sites\/70\/2024\/05\/24-action-2.jpg\u00a0\u00bb play_icon_color=\u00a0\u00bb#0072bc\u00a0\u00bb module_class=\u00a0\u00bbsquarevideo\u00a0\u00bb _builder_version=\u00a0\u00bb4.24.3&Prime; hover_enabled=\u00a0\u00bb0&Prime; custom_css_video_icon=\u00a0\u00bbtext-shadow: 2px 2px 2px rgba(0,0,0,0.3);\u00a0\u00bb global_colors_info=\u00a0\u00bb{}\u00a0\u00bb sticky_enabled=\u00a0\u00bb0&Prime;][\/et_pb_video][et_pb_text _builder_version=\u00a0\u00bb4.24.3&Prime; header_2_text_color=\u00a0\u00bb#0072bc\u00a0\u00bb header_3_font=\u00a0\u00bb|700|||||||\u00a0\u00bb header_3_text_color=\u00a0\u00bb#0072BC\u00a0\u00bb header_3_font_size=\u00a0\u00bb26px\u00a0\u00bb locked=\u00a0\u00bboff\u00a0\u00bb global_colors_info=\u00a0\u00bb{}\u00a0\u00bb]<\/p>\n<h3 style=\"text-align: center;\">2. GARANTIR DES PROC\u00c9DURES D\u2019ASILE HUMAINES<\/h3>\n<p>Les proc\u00e9dures aux fronti\u00e8res doivent \u00eatre mises en \u0153uvre dans le respect des garanties l\u00e9gales et ne pas conduire \u00e0 une d\u00e9tention de fait. Les enfants ne devraient jamais \u00eatre d\u00e9tenus. Toute personne a droit \u00e0 des conditions d\u2019accueil ad\u00e9quates et \u00e0 un h\u00e9bergement digne. Les droits humains s\u2019appliquent \u00e0 tous et doivent \u00eatre respect\u00e9s \u00e0 tout moment. Les personnes qui n\u2019ont pas droit \u00e0 une protection internationale devraient \u00eatre renvoy\u00e9es dans leur pays d\u2019origine, dans le respect des proc\u00e9dures et de leurs droits fondamentaux.<\/p>\n<p>[\/et_pb_text][\/et_pb_column][\/et_pb_row][et_pb_row column_structure=\u00a0\u00bb1_2,1_2&Prime; make_equal=\u00a0\u00bbon\u00a0\u00bb _builder_version=\u00a0\u00bb4.16&Prime; global_colors_info=\u00a0\u00bb{}\u00a0\u00bb][et_pb_column type=\u00a0\u00bb1_2&Prime; _builder_version=\u00a0\u00bb4.16&Prime; background_color=\u00a0\u00bb#f4f4f4&Prime; custom_padding=\u00a0\u00bb20px|20px|20px|20px\u00a0\u00bb global_colors_info=\u00a0\u00bb{}\u00a0\u00bb custom_padding__hover=\u00a0\u00bb|||\u00a0\u00bb][et_pb_video src=\u00a0\u00bbhttps:\/\/www.youtube.com\/watch?v=-0giFcYqqi4&#038;list=PLIx-vqpFRt1NvQ9DLBhLf4AofkXgqMDrD&#038;index=4&Prime; image_src=\u00a0\u00bbhttps:\/\/www.unhcr.org\/europeanunion\/wp-content\/uploads\/sites\/70\/2024\/05\/24-action-3.jpg\u00a0\u00bb play_icon_color=\u00a0\u00bb#0072bc\u00a0\u00bb module_class=\u00a0\u00bbsquarevideo\u00a0\u00bb _builder_version=\u00a0\u00bb4.24.3&Prime; hover_enabled=\u00a0\u00bb0&Prime; custom_css_video_icon=\u00a0\u00bbtext-shadow: 2px 2px 2px rgba(0,0,0,0.3);\u00a0\u00bb global_colors_info=\u00a0\u00bb{}\u00a0\u00bb sticky_enabled=\u00a0\u00bb0&Prime;][\/et_pb_video][et_pb_text _builder_version=\u00a0\u00bb4.24.3&Prime; header_2_text_color=\u00a0\u00bb#0072bc\u00a0\u00bb header_3_font=\u00a0\u00bb|700|||||||\u00a0\u00bb header_3_text_color=\u00a0\u00bb#0072BC\u00a0\u00bb header_3_font_size=\u00a0\u00bb26px\u00a0\u00bb locked=\u00a0\u00bboff\u00a0\u00bb global_colors_info=\u00a0\u00bb{}\u00a0\u00bb]<\/p>\n<h3 style=\"text-align: center;\">3. FAIRE PREUVE DE SOLIDARIT\u00c9 ENVERS LES PAYS QUI ACCUEILLENT UN GRAND NOMBRE DE R\u00c9FUGI\u00c9S<\/h3>\n<p>La responsabilit\u00e9 de l\u2019accueil des demandeurs d\u2019asile peut \u00eatre partag\u00e9e de mani\u00e8re \u00e9quitable en r\u00e9partissant les personnes depuis les pays qui en accueillent un grand nombre vers d\u2019autres \u00c9tats de l\u2019UE. La solidarit\u00e9 mondiale et le soutien aux pays qui accueillent un grand nombre de r\u00e9fugi\u00e9s en dehors de l\u2019UE sont \u00e9galement essentiels.<\/p>\n<p>[\/et_pb_text][\/et_pb_column][et_pb_column type=\u00a0\u00bb1_2&Prime; _builder_version=\u00a0\u00bb4.16&Prime; background_color=\u00a0\u00bb#f4f4f4&Prime; custom_padding=\u00a0\u00bb20px|20px|20px|20px\u00a0\u00bb global_colors_info=\u00a0\u00bb{}\u00a0\u00bb custom_padding__hover=\u00a0\u00bb|||\u00a0\u00bb][et_pb_video src=\u00a0\u00bbhttps:\/\/www.youtube.com\/watch?v=0fMIZ2mfqXM&#038;list=PLIx-vqpFRt1NvQ9DLBhLf4AofkXgqMDrD&#038;index=5&Prime; image_src=\u00a0\u00bbhttps:\/\/www.unhcr.org\/europeanunion\/wp-content\/uploads\/sites\/70\/2024\/05\/24-action-4.jpg\u00a0\u00bb play_icon_color=\u00a0\u00bb#0072bc\u00a0\u00bb module_class=\u00a0\u00bbsquarevideo\u00a0\u00bb _builder_version=\u00a0\u00bb4.24.3&Prime; hover_enabled=\u00a0\u00bb0&Prime; custom_css_video_icon=\u00a0\u00bbtext-shadow: 2px 2px 2px rgba(0,0,0,0.3);\u00a0\u00bb global_colors_info=\u00a0\u00bb{}\u00a0\u00bb sticky_enabled=\u00a0\u00bb0&Prime;][\/et_pb_video][et_pb_text _builder_version=\u00a0\u00bb4.24.3&Prime; header_2_text_color=\u00a0\u00bb#0072bc\u00a0\u00bb header_3_font=\u00a0\u00bb|700|||||||\u00a0\u00bb header_3_text_color=\u00a0\u00bb#0072BC\u00a0\u00bb header_3_font_size=\u00a0\u00bb26px\u00a0\u00bb locked=\u00a0\u00bboff\u00a0\u00bb global_colors_info=\u00a0\u00bb{}\u00a0\u00bb]<\/p>\n<h3 style=\"text-align: center;\">4. SOUTENIR LES R\u00c9FUGI\u00c9S LE LONG DES ROUTES QU\u2019ILS EMPRUNTENT<\/h3>\n<p>Les r\u00e9fugi\u00e9s font face \u00e0 de nombreux d\u00e9fis le long des routes qu\u2019ils empruntent, notamment les dangers physiques, l\u2019exploitation, la violence et le manque de produits de premi\u00e8re n\u00e9cessit\u00e9. Afin de r\u00e9duire les souffrances humaines au cours de ces dangereux p\u00e9riples, l\u2019UE peut soutenir des interventions tout au long du trajet pour aider les personnes en d\u00e9placement \u00e0 trouver une protection, des solutions et des voies d\u2019acc\u00e8s l\u00e9gales le plus t\u00f4t possible.<\/p>\n<p>[\/et_pb_text][\/et_pb_column][\/et_pb_row][et_pb_row column_structure=\u00a0\u00bb1_2,1_2&Prime; make_equal=\u00a0\u00bbon\u00a0\u00bb _builder_version=\u00a0\u00bb4.16&Prime; global_colors_info=\u00a0\u00bb{}\u00a0\u00bb][et_pb_column type=\u00a0\u00bb1_2&Prime; _builder_version=\u00a0\u00bb4.16&Prime; background_color=\u00a0\u00bb#f4f4f4&Prime; custom_padding=\u00a0\u00bb20px|20px|20px|20px\u00a0\u00bb global_colors_info=\u00a0\u00bb{}\u00a0\u00bb custom_padding__hover=\u00a0\u00bb|||\u00a0\u00bb][et_pb_video src=\u00a0\u00bbhttps:\/\/www.youtube.com\/watch?v=Chmv4nnzryk&#038;list=PLIx-vqpFRt1NvQ9DLBhLf4AofkXgqMDrD&#038;index=6&Prime; image_src=\u00a0\u00bbhttps:\/\/www.unhcr.org\/europeanunion\/wp-content\/uploads\/sites\/70\/2024\/05\/24-action-5.jpg\u00a0\u00bb play_icon_color=\u00a0\u00bb#0072bc\u00a0\u00bb module_class=\u00a0\u00bbsquarevideo\u00a0\u00bb _builder_version=\u00a0\u00bb4.24.3&Prime; hover_enabled=\u00a0\u00bb0&Prime; custom_css_video_icon=\u00a0\u00bbtext-shadow: 2px 2px 2px rgba(0,0,0,0.3);\u00a0\u00bb global_colors_info=\u00a0\u00bb{}\u00a0\u00bb sticky_enabled=\u00a0\u00bb0&Prime;][\/et_pb_video][et_pb_text _builder_version=\u00a0\u00bb4.24.3&Prime; header_2_text_color=\u00a0\u00bb#0072bc\u00a0\u00bb header_3_font=\u00a0\u00bb|700|||||||\u00a0\u00bb header_3_text_color=\u00a0\u00bb#0072BC\u00a0\u00bb header_3_font_size=\u00a0\u00bb26px\u00a0\u00bb locked=\u00a0\u00bboff\u00a0\u00bb global_colors_info=\u00a0\u00bb{}\u00a0\u00bb]<\/p>\n<h3 style=\"text-align: center;\">5. OFFRIR DES SOLUTIONS L\u00c9GALES AUX R\u00c9FUGI\u00c9S POUR ATTEINDRE LA S\u00c9CURIT\u00c9 EN EUROPE<\/h3>\n<p>Si les pays de l\u2019UE s\u2019engagent de mani\u00e8re ferme en faveur de la r\u00e9installation et d\u2019autres voies d\u2019acc\u00e8s s\u00fbres et l\u00e9gales, moins de personnes entreprendront des p\u00e9riples dangereux pour trouver la s\u00e9curit\u00e9 en Europe. Des proc\u00e9dures flexibles et \u00e9quitables sont n\u00e9cessaires pour garantir la r\u00e9unification des familles de r\u00e9fugi\u00e9s.<\/p>\n<p>[\/et_pb_text][\/et_pb_column][et_pb_column type=\u00a0\u00bb1_2&Prime; _builder_version=\u00a0\u00bb4.16&Prime; background_color=\u00a0\u00bb#f4f4f4&Prime; custom_padding=\u00a0\u00bb20px|20px|20px|20px\u00a0\u00bb global_colors_info=\u00a0\u00bb{}\u00a0\u00bb custom_padding__hover=\u00a0\u00bb|||\u00a0\u00bb][et_pb_video src=\u00a0\u00bbhttps:\/\/www.youtube.com\/watch?v=ZzG9recNW9g&#038;list=PLIx-vqpFRt1NvQ9DLBhLf4AofkXgqMDrD&#038;index=7&Prime; image_src=\u00a0\u00bbhttps:\/\/www.unhcr.org\/europeanunion\/wp-content\/uploads\/sites\/70\/2024\/05\/24-action-6.jpg\u00a0\u00bb play_icon_color=\u00a0\u00bb#0072bc\u00a0\u00bb module_class=\u00a0\u00bbsquarevideo\u00a0\u00bb _builder_version=\u00a0\u00bb4.24.3&Prime; hover_enabled=\u00a0\u00bb0&Prime; custom_css_video_icon=\u00a0\u00bbtext-shadow: 2px 2px 2px rgba(0,0,0,0.3);\u00a0\u00bb global_colors_info=\u00a0\u00bb{}\u00a0\u00bb sticky_enabled=\u00a0\u00bb0&Prime;][\/et_pb_video][et_pb_text _builder_version=\u00a0\u00bb4.24.3&Prime; header_2_text_color=\u00a0\u00bb#0072bc\u00a0\u00bb header_3_font=\u00a0\u00bb|700|||||||\u00a0\u00bb header_3_text_color=\u00a0\u00bb#0072BC\u00a0\u00bb header_3_font_size=\u00a0\u00bb26px\u00a0\u00bb locked=\u00a0\u00bboff\u00a0\u00bb global_colors_info=\u00a0\u00bb{}\u00a0\u00bb]<\/p>\n<h3 style=\"text-align: center;\">6. AIDER LES R\u00c9FUGI\u00c9S \u00c0 S\u2019\u00c9PANOUIR O\u00d9 QU\u2019ILS SE TROUVENT<\/h3>\n<p>Le soutien de l\u2019UE aux pays du monde entier aidera les r\u00e9fugi\u00e9s \u00e0 reconstruire leur vie o\u00f9 qu\u2019ils se trouvent. Un financement suppl\u00e9mentaire et flexible de l\u2019UE pour l\u2019aide humanitaire et le d\u00e9veloppement est essentiel pour fournir une aide vitale aux r\u00e9fugi\u00e9s et soutenir les pays d\u2019accueil.<\/p>\n<p>[\/et_pb_text][\/et_pb_column][\/et_pb_row][et_pb_row column_structure=\u00a0\u00bb1_2,1_2&Prime; make_equal=\u00a0\u00bbon\u00a0\u00bb _builder_version=\u00a0\u00bb4.16&Prime; global_colors_info=\u00a0\u00bb{}\u00a0\u00bb][et_pb_column type=\u00a0\u00bb1_2&Prime; _builder_version=\u00a0\u00bb4.16&Prime; background_color=\u00a0\u00bb#f4f4f4&Prime; custom_padding=\u00a0\u00bb20px|20px|20px|20px\u00a0\u00bb global_colors_info=\u00a0\u00bb{}\u00a0\u00bb custom_padding__hover=\u00a0\u00bb|||\u00a0\u00bb][et_pb_video src=\u00a0\u00bbhttps:\/\/www.youtube.com\/watch?v=P_ceQRsT0Ek&#038;list=PLIx-vqpFRt1NvQ9DLBhLf4AofkXgqMDrD&#038;index=8&Prime; image_src=\u00a0\u00bbhttps:\/\/www.unhcr.org\/europeanunion\/wp-content\/uploads\/sites\/70\/2024\/05\/24-action-7.jpg\u00a0\u00bb play_icon_color=\u00a0\u00bb#0072bc\u00a0\u00bb module_class=\u00a0\u00bbsquarevideo\u00a0\u00bb _builder_version=\u00a0\u00bb4.24.3&Prime; hover_enabled=\u00a0\u00bb0&Prime; custom_css_video_icon=\u00a0\u00bbtext-shadow: 2px 2px 2px rgba(0,0,0,0.3);\u00a0\u00bb global_colors_info=\u00a0\u00bb{}\u00a0\u00bb sticky_enabled=\u00a0\u00bb0&Prime;][\/et_pb_video][et_pb_text _builder_version=\u00a0\u00bb4.24.3&Prime; header_2_text_color=\u00a0\u00bb#0072bc\u00a0\u00bb header_3_font=\u00a0\u00bb|700|||||||\u00a0\u00bb header_3_text_color=\u00a0\u00bb#0072BC\u00a0\u00bb header_3_font_size=\u00a0\u00bb26px\u00a0\u00bb locked=\u00a0\u00bboff\u00a0\u00bb global_colors_info=\u00a0\u00bb{}\u00a0\u00bb]<\/p>\n<h3 style=\"text-align: center;\">7. METTRE FIN \u00c0 L\u2019APATRIDIE<\/h3>\n<p>Des millions de personnes dans le monde sont apatrides. Des centaines de milliers d\u2019entre elles vivent au sein de l\u2019UE. L\u2019UE peut jouer un r\u00f4le moteur pour mettre fin \u00e0 l\u2019apatridie en mettant en place des lois et des proc\u00e9dures permettant d\u2019identifier et de prot\u00e9ger les personnes apatrides et de garantir qu\u2019elles puissent jouir de leurs droits.<\/p>\n<p>[\/et_pb_text][\/et_pb_column][et_pb_column type=\u00a0\u00bb1_2&Prime; _builder_version=\u00a0\u00bb4.16&Prime; background_color=\u00a0\u00bb#0072bc\u00a0\u00bb custom_padding=\u00a0\u00bb20px|20px|20px|20px\u00a0\u00bb global_colors_info=\u00a0\u00bb{}\u00a0\u00bb custom_padding__hover=\u00a0\u00bb|||\u00a0\u00bb][et_pb_image src=\u00a0\u00bbhttps:\/\/www.unhcr.org\/europeanunion\/wp-content\/uploads\/sites\/70\/2019\/04\/shareplaceholder.png\u00a0\u00bb align=\u00a0\u00bbcenter\u00a0\u00bb align_tablet=\u00a0\u00bbcenter\u00a0\u00bb align_phone=\u00a0\u00bb\u00a0\u00bb align_last_edited=\u00a0\u00bbon|desktop\u00a0\u00bb disabled_on=\u00a0\u00bbon|off|\u00a0\u00bb _builder_version=\u00a0\u00bb4.16&Prime; max_width=\u00a0\u00bb50%\u00a0\u00bb global_colors_info=\u00a0\u00bb{}\u00a0\u00bb][\/et_pb_image][et_pb_text _builder_version=\u00a0\u00bb4.24.3&Prime; background_layout=\u00a0\u00bbdark\u00a0\u00bb global_colors_info=\u00a0\u00bb{}\u00a0\u00bb]<\/p>\n<h2 style=\"text-align: center;\">Sept actions.<br \/>\n<strong>Un avenir commun.<\/strong><br \/>\nC\u2019est entre vos mains.<\/h2>\n<p>&nbsp;<\/p>\n<p style=\"text-align: center;\"><a class=\"et_pb_button et_pb_button_1 et_pb_bg_layout_dark\" href=\"https:\/\/www.unhcr.org\/europeanunion\/wp-content\/uploads\/sites\/70\/2024\/05\/UNHCR-EU_campaign_flyers-FRA-2024-screen.pdf\" target=\"_blank\" rel=\"noopener noreferrer\">Download brochure<\/a><\/p>\n<p>&nbsp;<\/p>\n<h3 style=\"text-align: center;\">Share this page<\/h3>\n<p style=\"text-align: center;\"><a class=\"et_pb_button et_pb_button_1 et_pb_bg_layout_dark\" href=\"https:\/\/www.facebook.com\/sharer.php?u=https%3A%2F%2Fwww.unhcr.org%2Feuropeanunion%2Ffr%2F&amp;t=2024%20\u00c9LECTIONS%20DU%20PARLEMENT%20EUROP\u00c9EN\" target=\"_blank\" rel=\"noopener noreferrer\">Facebook<\/a> \u00a0\u00a0<a class=\"et_pb_button et_pb_button_0 et_pb_bg_layout_dark\" href=\"https:\/\/twitter.com\/share?text=2024%20\u00c9LECTIONS%20DU%20PARLEMENT%20EUROP\u00c9EN&amp;url=https%3A%2F%2Fwww.unhcr.org%2Feuropeanunion%2Ffr%2F&amp;via=refugees\" target=\"_blank\" rel=\"noopener noreferrer\">Twitter<\/a> \u00a0\u00a0<a class=\"et_pb_button et_pb_button_0 et_pb_bg_layout_dark\" href=\"mailto:?to=&amp;body=https:\/\/www.unhcr.org\/europeanunion\/fr\/&amp;subject=Sept messages cl\u00e9s du HCR \u00e0 l\u2019attention des membres du prochain Parlement europ\u00e9en\">Email<\/a><\/p>\n<p>[\/et_pb_text][\/et_pb_column][\/et_pb_row][\/et_pb_section]<\/p>\n","protected":false},"excerpt":{"rendered":"<p>Sept messages cl\u00e9s du HCR \u00e0 l\u2019attention des membres du prochain Parlement europ\u00e9enLes conflits, les violences et les pers\u00e9cutions contraignent de plus en plus de personnes \u00e0 fuir leur foyer. La plupart d\u2019entre elles restent dans leur pays ou fuient vers les pays voisins, et non vers l\u2019Union europ\u00e9enne (UE). Un trop grand nombre de [&hellip;]<\/p>\n","protected":false},"author":28,"featured_media":5889,"parent":0,"menu_order":0,"comment_status":"closed","ping_status":"closed","template":"","meta":{"_et_pb_use_builder":"on","_et_pb_old_content":"","_et_gb_content_width":"","footnotes":""},"class_list":["post-6441","page","type-page","status-publish","has-post-thumbnail","hentry"],"_links":{"self":[{"href":"https:\/\/www.unhcr.org\/europeanunion\/fr\/wp-json\/wp\/v2\/pages\/6441","targetHints":{"allow":["GET"]}}],"collection":[{"href":"https:\/\/www.unhcr.org\/europeanunion\/fr\/wp-json\/wp\/v2\/pages"}],"about":[{"href":"https:\/\/www.unhcr.org\/europeanunion\/fr\/wp-json\/wp\/v2\/types\/page"}],"author":[{"embeddable":true,"href":"https:\/\/www.unhcr.org\/europeanunion\/fr\/wp-json\/wp\/v2\/users\/28"}],"replies":[{"embeddable":true,"href":"https:\/\/www.unhcr.org\/europeanunion\/fr\/wp-json\/wp\/v2\/comments?post=6441"}],"version-history":[{"count":4,"href":"https:\/\/www.unhcr.org\/europeanunion\/fr\/wp-json\/wp\/v2\/pages\/6441\/revisions"}],"predecessor-version":[{"id":7467,"href":"https:\/\/www.unhcr.org\/europeanunion\/fr\/wp-json\/wp\/v2\/pages\/6441\/revisions\/7467"}],"wp:featuredmedia":[{"embeddable":true,"href":"https:\/\/www.unhcr.org\/europeanunion\/fr\/wp-json\/wp\/v2\/media\/5889"}],"wp:attachment":[{"href":"https:\/\/www.unhcr.org\/europeanunion\/fr\/wp-json\/wp\/v2\/media?parent=6441"}],"curies":[{"name":"wp","href":"https:\/\/api.w.org\/{rel}","templated":true}]}}