{"id":7471,"date":"2020-05-22T13:40:28","date_gmt":"2020-05-22T13:40:28","guid":{"rendered":"https:\/\/www.unhcr.org\/europeanunion\/statelessness\/"},"modified":"2024-09-12T07:03:30","modified_gmt":"2024-09-12T07:03:30","slug":"statelessness","status":"publish","type":"page","link":"https:\/\/www.unhcr.org\/europeanunion\/fr\/statelessness\/","title":{"rendered":"Messages cl\u00e9s du HCR \u00e0 l&rsquo;Union europ\u00e9enne sur l&rsquo;apatridie"},"content":{"rendered":"<p>[et_pb_section fb_built=\u00a0\u00bb1&Prime; _builder_version=\u00a0\u00bb4.16&Prime; background_image=\u00a0\u00bbhttps:\/\/www.unhcr.org\/europeanunion\/wp-content\/uploads\/sites\/70\/2019\/02\/grid-bkg-light.gif\u00a0\u00bb background_size=\u00a0\u00bbinitial\u00a0\u00bb background_repeat=\u00a0\u00bbrepeat\u00a0\u00bb global_colors_info=\u00a0\u00bb{}\u00a0\u00bb][et_pb_row column_structure=\u00a0\u00bb1_2,1_2&Prime; _builder_version=\u00a0\u00bb4.16&Prime; background_size=\u00a0\u00bbinitial\u00a0\u00bb background_repeat=\u00a0\u00bbrepeat\u00a0\u00bb global_colors_info=\u00a0\u00bb{}\u00a0\u00bb][et_pb_column type=\u00a0\u00bb1_2&Prime; _builder_version=\u00a0\u00bb4.16&Prime; custom_padding=\u00a0\u00bb|||\u00a0\u00bb global_colors_info=\u00a0\u00bb{}\u00a0\u00bb custom_padding__hover=\u00a0\u00bb|||\u00a0\u00bb][et_pb_text _builder_version=\u00a0\u00bb4.25.2&Prime; custom_padding=\u00a0\u00bb|||30px\u00a0\u00bb global_colors_info=\u00a0\u00bb{}\u00a0\u00bb]<\/p>\n<h1 style=\"color: #0072bc; font-weight: 1000; font-size: 60px; line-height: 58px;\">Messages cl\u00e9s du HCR \u00e0 l&rsquo;Union europ\u00e9enne sur l&rsquo;apatridie<\/h1>\n<p>[\/et_pb_text][\/et_pb_column][et_pb_column type=\u00a0\u00bb1_2&Prime; _builder_version=\u00a0\u00bb4.16&Prime; custom_padding=\u00a0\u00bb|||\u00a0\u00bb global_colors_info=\u00a0\u00bb{}\u00a0\u00bb custom_padding__hover=\u00a0\u00bb|||\u00a0\u00bb][et_pb_video src=\u00a0\u00bbhttps:\/\/www.youtube.com\/watch?v=4lPyUDlXE5I\u00a0\u00bb image_src=\u00a0\u00bbhttps:\/\/www.unhcr.org\/europeanunion\/wp-content\/uploads\/sites\/70\/2020\/06\/Screen-Shot-2020-06-04-at-13.06.27.png\u00a0\u00bb play_icon_color=\u00a0\u00bb#faeb00&Prime; _builder_version=\u00a0\u00bb4.25.2&Prime; animation_style=\u00a0\u00bbfade\u00a0\u00bb global_colors_info=\u00a0\u00bb{}\u00a0\u00bb][\/et_pb_video][\/et_pb_column][\/et_pb_row][et_pb_row _builder_version=\u00a0\u00bb4.16&Prime; background_color=\u00a0\u00bbrgba(255,255,255,0.53)\u00a0\u00bb global_colors_info=\u00a0\u00bb{}\u00a0\u00bb][et_pb_column type=\u00a0\u00bb4_4&Prime; _builder_version=\u00a0\u00bb4.16&Prime; custom_padding=\u00a0\u00bb|||\u00a0\u00bb global_colors_info=\u00a0\u00bb{}\u00a0\u00bb custom_padding__hover=\u00a0\u00bb|||\u00a0\u00bb][et_pb_text _builder_version=\u00a0\u00bb4.25.2&Prime; text_font=\u00a0\u00bb||||||||\u00a0\u00bb text_text_color=\u00a0\u00bb#000000&Prime; text_orientation=\u00a0\u00bbcenter\u00a0\u00bb global_colors_info=\u00a0\u00bb{}\u00a0\u00bb]<\/p>\n<p><span style=\"color: #0072bc;\"><strong>Des millions de personnes \u00e0 travers le monde sont apatrides.<\/strong> Des centaines de milliers d&rsquo;entre elles vivent au sein de l&rsquo;Union europ\u00e9enne (UE). Les personnes apatrides n&rsquo;ont pas de nationalit\u00e9 et ne sont ressortissantes d&rsquo;aucun pays. Elles sont souvent contraintes de vivre en marge de la soci\u00e9t\u00e9. Priv\u00e9es de nationalit\u00e9, les personnes apatrides sont dans l&rsquo;impossibilit\u00e9 de travailler, d&rsquo;aller \u00e0 l&rsquo;\u00e9cole, de consulter un m\u00e9decin, de voter ou d&rsquo;\u00e9pouser la personne qu&rsquo;elles aiment.<\/span><\/p>\n<p>L&rsquo;apatridie peut avoir diverses causes, notamment la discrimination, les lacunes dans les lois et pratiques en mati\u00e8re de nationalit\u00e9, les conflits et les d\u00e9placements de population, ou la dissolution d&rsquo;un pays. L&rsquo;apatridie peut \u00e9galement \u00eatre \u00e0 l&rsquo;origine de d\u00e9placements de population. Il arrive aussi que des enfants naissent apatrides parce que leurs parents sont apatrides ou ne peuvent pas leur transmettre leur nationalit\u00e9. Les membres de groupes minoritaires sont particuli\u00e8rement touch\u00e9s. Mais tout cela n&rsquo;est pas une fatalit\u00e9.<\/p>\n<p>Les pays de l&rsquo;UE peuvent mettre en place des mesures pour identifier et prot\u00e9ger les personnes apatrides et pr\u00e9venir l&rsquo;apparition de nouveaux cas. L&rsquo;UE peut jouer un r\u00f4le de premier plan dans la lutte contre l&rsquo;apatridie \u00e0 l&rsquo;int\u00e9rieur comme \u00e0 l&rsquo;ext\u00e9rieur de ses fronti\u00e8res, afin que chacun, o\u00f9 qu&rsquo;il se trouve, puisse vraiment dire : \u00ab <span><a href=\"https:\/\/www.unhcr.org\/ibelong\/fr\/segment-haut-niveau-apatridie\/\">J&rsquo;existe<\/a><\/span>\u00a0\u00bb.<\/p>\n<p>[\/et_pb_text][\/et_pb_column][\/et_pb_row][et_pb_row _builder_version=\u00a0\u00bb4.16&Prime; custom_padding=\u00a0\u00bb34px|0px|7px|0px|false|false\u00a0\u00bb global_colors_info=\u00a0\u00bb{}\u00a0\u00bb][et_pb_column type=\u00a0\u00bb4_4&Prime; _builder_version=\u00a0\u00bb4.16&Prime; custom_padding=\u00a0\u00bb|||\u00a0\u00bb global_colors_info=\u00a0\u00bb{}\u00a0\u00bb custom_padding__hover=\u00a0\u00bb|||\u00a0\u00bb][et_pb_divider _builder_version=\u00a0\u00bb4.16&Prime; global_colors_info=\u00a0\u00bb{}\u00a0\u00bb][\/et_pb_divider][\/et_pb_column][\/et_pb_row][et_pb_row _builder_version=\u00a0\u00bb4.16&Prime; global_colors_info=\u00a0\u00bb{}\u00a0\u00bb][et_pb_column type=\u00a0\u00bb4_4&Prime; _builder_version=\u00a0\u00bb4.16&Prime; custom_padding=\u00a0\u00bb|||\u00a0\u00bb global_colors_info=\u00a0\u00bb{}\u00a0\u00bb custom_padding__hover=\u00a0\u00bb|||\u00a0\u00bb][et_pb_text _builder_version=\u00a0\u00bb4.25.2&Prime; text_font=\u00a0\u00bb||||||||\u00a0\u00bb text_font_size=\u00a0\u00bb13px\u00a0\u00bb header_font=\u00a0\u00bb|700|||||||\u00a0\u00bb header_text_color=\u00a0\u00bb#0072bc\u00a0\u00bb header_font_size=\u00a0\u00bb50px\u00a0\u00bb header_2_text_color=\u00a0\u00bb#0072BC\u00a0\u00bb header_2_font_size=\u00a0\u00bb50px\u00a0\u00bb background_color=\u00a0\u00bb#ffffff\u00a0\u00bb max_width=\u00a0\u00bb74%\u00a0\u00bb module_alignment=\u00a0\u00bbcenter\u00a0\u00bb custom_padding=\u00a0\u00bb10px|0px|0px|0px\u00a0\u00bb global_colors_info=\u00a0\u00bb{}\u00a0\u00bb]<\/p>\n<h2 style=\"text-align: center;\"><span>Que peut faire l&rsquo;UE pour mettre fin \u00e0 l&rsquo;apatridie ?<\/span><\/h2>\n<p>[\/et_pb_text][\/et_pb_column][\/et_pb_row][et_pb_row column_structure=\u00a0\u00bb1_3,1_3,1_3&Prime; _builder_version=\u00a0\u00bb4.16&Prime; global_colors_info=\u00a0\u00bb{}\u00a0\u00bb][et_pb_column type=\u00a0\u00bb1_3&Prime; _builder_version=\u00a0\u00bb4.16&Prime; background_color=\u00a0\u00bb#f4f4f4&Prime; custom_padding=\u00a0\u00bb|||\u00a0\u00bb global_colors_info=\u00a0\u00bb{}\u00a0\u00bb custom_padding__hover=\u00a0\u00bb|||\u00a0\u00bb][et_pb_image src=\u00a0\u00bbhttps:\/\/www.unhcr.org\/europeanunion\/wp-content\/uploads\/sites\/70\/2020\/06\/world-stars.png\u00a0\u00bb align_tablet=\u00a0\u00bbcenter\u00a0\u00bb align_phone=\u00a0\u00bb\u00a0\u00bb align_last_edited=\u00a0\u00bbon|desktop\u00a0\u00bb _builder_version=\u00a0\u00bb4.16&Prime; global_colors_info=\u00a0\u00bb{}\u00a0\u00bb][\/et_pb_image][et_pb_text _builder_version=\u00a0\u00bb4.25.2&Prime; header_2_text_color=\u00a0\u00bb#0072bc\u00a0\u00bb header_3_text_color=\u00a0\u00bb#0072BC\u00a0\u00bb header_3_font_size=\u00a0\u00bb24px\u00a0\u00bb custom_padding=\u00a0\u00bb|30px|30px|30px\u00a0\u00bb global_colors_info=\u00a0\u00bb{}\u00a0\u00bb]<\/p>\n<h3 style=\"text-align: center;\"><strong>1. Contribuer \u00e0 mettre fin \u00e0 l&rsquo;apatridie au sein de l&rsquo;UE et \u00e0 travers le monde<\/strong><\/h3>\n<p>L&rsquo;UE devrait \u00e9laborer une strat\u00e9gie et un plan d&rsquo;action d\u00e9taill\u00e9s pour lutter contre l&rsquo;apatridie au sein de l&rsquo;UE et au niveau mondial. Le th\u00e8me de l&rsquo;apatridie devrait faire partie des discussions entre l&rsquo;UE et ses pays partenaires, y compris ceux qui aspirent \u00e0 adh\u00e9rer \u00e0 l&rsquo;UE. L&rsquo;UE devrait pouvoir montrer l&rsquo;exemple et aider les \u00c9tats membres de l&rsquo;UE et les pays du monde entier \u00e0 mettre fin \u00e0 l&rsquo;apatridie. L&rsquo;UE doit tenir compte des questions d&rsquo;apatridie lors de l&rsquo;\u00e9laboration de ses politiques internes et externes, et utiliser ses outils de financement pour soutenir les organisations cl\u00e9s et les autres acteurs qui travaillent sur le th\u00e8me de l&rsquo;apatridie.<\/p>\n<p>[\/et_pb_text][\/et_pb_column][et_pb_column type=\u00a0\u00bb1_3&Prime; _builder_version=\u00a0\u00bb4.16&Prime; background_color=\u00a0\u00bb#f4f4f4&Prime; custom_padding=\u00a0\u00bb|||\u00a0\u00bb global_colors_info=\u00a0\u00bb{}\u00a0\u00bb custom_padding__hover=\u00a0\u00bb|||\u00a0\u00bb][et_pb_image src=\u00a0\u00bbhttps:\/\/www.unhcr.org\/europeanunion\/wp-content\/uploads\/sites\/70\/2020\/06\/hand-scrolls.png\u00a0\u00bb align_tablet=\u00a0\u00bbcenter\u00a0\u00bb align_phone=\u00a0\u00bb\u00a0\u00bb align_last_edited=\u00a0\u00bbon|desktop\u00a0\u00bb _builder_version=\u00a0\u00bb4.16&Prime; global_colors_info=\u00a0\u00bb{}\u00a0\u00bb][\/et_pb_image][et_pb_text _builder_version=\u00a0\u00bb4.25.2&Prime; header_2_text_color=\u00a0\u00bb#0072bc\u00a0\u00bb header_3_text_color=\u00a0\u00bb#0072BC\u00a0\u00bb header_3_font_size=\u00a0\u00bb24px\u00a0\u00bb custom_padding=\u00a0\u00bb|30px|30px|30px\u00a0\u00bb locked=\u00a0\u00bboff\u00a0\u00bb global_colors_info=\u00a0\u00bb{}\u00a0\u00bb]<\/p>\n<h3 style=\"text-align: center;\"><strong>2. Am\u00e9liorer l&rsquo;identification des personnes apatrides<\/strong><\/h3>\n<p>Il est essentiel de mieux conna\u00eetre et d&rsquo;identifier le nombre de personnes apatrides dans l&rsquo;UE pour comprendre les difficult\u00e9s auxquelles elles sont confront\u00e9es et pour d\u00e9terminer les mesures \u00e0 prendre pour rem\u00e9dier \u00e0 leur situation. Les pays de l&rsquo;UE devraient s&rsquo;accorder sur des normes communes afin d&rsquo;am\u00e9liorer la collecte, l&rsquo;analyse et la communication des donn\u00e9es en la mati\u00e8re.[\/et_pb_text][\/et_pb_column][et_pb_column type=\u00a0\u00bb1_3&Prime; _builder_version=\u00a0\u00bb4.16&Prime; background_color=\u00a0\u00bb#f4f4f4&Prime; custom_padding=\u00a0\u00bb|||\u00a0\u00bb global_colors_info=\u00a0\u00bb{}\u00a0\u00bb custom_padding__hover=\u00a0\u00bb|||\u00a0\u00bb][et_pb_image src=\u00a0\u00bbhttps:\/\/www.unhcr.org\/europeanunion\/wp-content\/uploads\/sites\/70\/2019\/04\/sq-4.jpg\u00a0\u00bb align_tablet=\u00a0\u00bbcenter\u00a0\u00bb align_phone=\u00a0\u00bb\u00a0\u00bb align_last_edited=\u00a0\u00bbon|desktop\u00a0\u00bb _builder_version=\u00a0\u00bb4.16&Prime; global_colors_info=\u00a0\u00bb{}\u00a0\u00bb][\/et_pb_image][et_pb_text _builder_version=\u00a0\u00bb4.25.2&Prime; header_2_text_color=\u00a0\u00bb#0072bc\u00a0\u00bb header_3_text_color=\u00a0\u00bb#0072BC\u00a0\u00bb header_3_font_size=\u00a0\u00bb24px\u00a0\u00bb custom_padding=\u00a0\u00bb|30px|30px|30px\u00a0\u00bb locked=\u00a0\u00bboff\u00a0\u00bb global_colors_info=\u00a0\u00bb{}\u00a0\u00bb]<\/p>\n<h3 style=\"text-align: center;\"><strong>3. Adopter des lois et des proc\u00e9dures permettant aux personnes apatrides de jouir de leurs droits<\/strong><\/h3>\n<p>En mettant en place les lois et les proc\u00e9dures de d\u00e9termination n\u00e9cessaires, les pays de l&rsquo;UE peuvent identifier, reconna\u00eetre et prot\u00e9ger les personnes apatrides et veiller \u00e0 ce qu&rsquo;elles puissent jouir de leurs droits. Les \u00c9tats membres de l&rsquo;UE peuvent \u00e9galement adopter des lois pour s&rsquo;assurer que plus aucun enfant ne naisse apatride. Deux conventions majeures traitent de l&rsquo;apatridie. La Convention de 1954 \u00e9tablit un ensemble minimal de droits humains dont doit pouvoir jouir une personne apatride et la Convention de 1961 vise \u00e0 pr\u00e9venir l&rsquo;apatridie et, \u00e0 terme, \u00e0 y mettre fin d\u00e9finitivement. Tous les pays de l&rsquo;UE devraient signer ces deux instruments cl\u00e9s, les rendre op\u00e9rationnels au b\u00e9n\u00e9fice des personnes apatrides, et soutenir les autres pays dans le monde pour qu&rsquo;ils fassent de m\u00eame.[\/et_pb_text][\/et_pb_column][\/et_pb_row][et_pb_row _builder_version=\u00a0\u00bb4.16&Prime; custom_padding=\u00a0\u00bb2px|0px|0|0px|false|false\u00a0\u00bb custom_css_main_element=\u00a0\u00bbcolor:#000000;\u00a0\u00bb global_colors_info=\u00a0\u00bb{}\u00a0\u00bb][et_pb_column type=\u00a0\u00bb4_4&Prime; _builder_version=\u00a0\u00bb4.16&Prime; custom_padding=\u00a0\u00bb|||\u00a0\u00bb global_colors_info=\u00a0\u00bb{}\u00a0\u00bb custom_padding__hover=\u00a0\u00bb|||\u00a0\u00bb][et_pb_divider _builder_version=\u00a0\u00bb4.16&Prime; global_colors_info=\u00a0\u00bb{}\u00a0\u00bb][\/et_pb_divider][et_pb_text _builder_version=\u00a0\u00bb4.25.2&Prime; global_colors_info=\u00a0\u00bb{}\u00a0\u00bb]<\/p>\n<p>Pour de plus amples informations, consultez la page <span><a href=\"https:\/\/www.unhcr.org\/ibelong\/fr\/\">unhcr.org\/ibelong\/fr\/<\/a><\/span><\/p>\n<p>[\/et_pb_text][et_pb_text _builder_version=\u00a0\u00bb4.25.2&Prime; header_font=\u00a0\u00bb||||||||\u00a0\u00bb header_text_color=\u00a0\u00bb#ffffff\u00a0\u00bb background_color=\u00a0\u00bb#0072bc\u00a0\u00bb background_layout=\u00a0\u00bbdark\u00a0\u00bb module_alignment=\u00a0\u00bbleft\u00a0\u00bb custom_padding=\u00a0\u00bb15px|15px|15px|15px\u00a0\u00bb hover_enabled=\u00a0\u00bb0&Prime; global_colors_info=\u00a0\u00bb{}\u00a0\u00bb sticky_enabled=\u00a0\u00bb0&Prime;]<\/p>\n<h3 style=\"color: #ffffff;\">Partagez cette page<\/h3>\n<p><a class=\"et_pb_button et_pb_button_1 et_pb_bg_layout_dark\" href=\"https:\/\/www.facebook.com\/sharer.php?u=https%3A%2F%2Fwww.unhcr.org%2Feuropeanunion%2Ffr%2Fstatelessness\" target=\"_blank\" rel=\"noopener noreferrer\">Facebook<\/a> <a class=\"et_pb_button et_pb_button_0 et_pb_bg_layout_dark\" style=\"background-color: #0072bc;\" href=\"https:\/\/twitter.com\/share?text=Key%20Calls%20to%20the%20EU%20on%20Statelessness&amp;url=https%3A%2F%2Fwww.unhcr.org%2Feuropeanunion%2Ffr%2Fstatelessness&amp;via=refugees\" target=\"_blank\" rel=\"noopener noreferrer\">Twitter<\/a> <a class=\"et_pb_button et_pb_button_0 et_pb_bg_layout_dark\" href=\"mailto:?to=&amp;body=https:\/\/www.unhcr.org\/europeanunion\/fr\/statelessness&amp;subject=Messages cl\u00e9s du HCR \u00e0 l'Union europ\u00e9enne sur l'apatridie\">Email<\/a> <a class=\"et_pb_button et_pb_button_0 et_pb_bg_layout_dark\" href=\"https:\/\/www.unhcr.org\/europeanunion\/wp-content\/uploads\/sites\/70\/2020\/07\/UNHCR-EU_key_calls-Statelessness.pdf\" target=\"_blank\" rel=\"noopener noreferrer\">T\u00e9l\u00e9charger la brochure<\/a> (en anglais)[\/et_pb_text][\/et_pb_column][\/et_pb_row][\/et_pb_section]<\/p>\n","protected":false},"excerpt":{"rendered":"<p>Messages cl\u00e9s du HCR \u00e0 l&rsquo;Union europ\u00e9enne sur l&rsquo;apatridieDes millions de personnes \u00e0 travers le monde sont apatrides. Des centaines de milliers d&rsquo;entre elles vivent au sein de l&rsquo;Union europ\u00e9enne (UE). Les personnes apatrides n&rsquo;ont pas de nationalit\u00e9 et ne sont ressortissantes d&rsquo;aucun pays. Elles sont souvent contraintes de vivre en marge de la soci\u00e9t\u00e9. [&hellip;]<\/p>\n","protected":false},"author":339,"featured_media":3825,"parent":0,"menu_order":0,"comment_status":"closed","ping_status":"closed","template":"","meta":{"_et_pb_use_builder":"on","_et_pb_old_content":"","_et_gb_content_width":"","footnotes":""},"class_list":["post-7471","page","type-page","status-publish","has-post-thumbnail","hentry"],"_links":{"self":[{"href":"https:\/\/www.unhcr.org\/europeanunion\/fr\/wp-json\/wp\/v2\/pages\/7471","targetHints":{"allow":["GET"]}}],"collection":[{"href":"https:\/\/www.unhcr.org\/europeanunion\/fr\/wp-json\/wp\/v2\/pages"}],"about":[{"href":"https:\/\/www.unhcr.org\/europeanunion\/fr\/wp-json\/wp\/v2\/types\/page"}],"author":[{"embeddable":true,"href":"https:\/\/www.unhcr.org\/europeanunion\/fr\/wp-json\/wp\/v2\/users\/339"}],"replies":[{"embeddable":true,"href":"https:\/\/www.unhcr.org\/europeanunion\/fr\/wp-json\/wp\/v2\/comments?post=7471"}],"version-history":[{"count":3,"href":"https:\/\/www.unhcr.org\/europeanunion\/fr\/wp-json\/wp\/v2\/pages\/7471\/revisions"}],"predecessor-version":[{"id":7485,"href":"https:\/\/www.unhcr.org\/europeanunion\/fr\/wp-json\/wp\/v2\/pages\/7471\/revisions\/7485"}],"wp:featuredmedia":[{"embeddable":true,"href":"https:\/\/www.unhcr.org\/europeanunion\/fr\/wp-json\/wp\/v2\/media\/3825"}],"wp:attachment":[{"href":"https:\/\/www.unhcr.org\/europeanunion\/fr\/wp-json\/wp\/v2\/media?parent=7471"}],"curies":[{"name":"wp","href":"https:\/\/api.w.org\/{rel}","templated":true}]}}