{"id":6435,"date":"2024-05-16T12:54:27","date_gmt":"2024-05-16T12:54:27","guid":{"rendered":"https:\/\/www.unhcr.org\/europeanunion\/unhcrs-seven-key-calls-to-the-next-european-parliament\/"},"modified":"2024-05-19T20:48:06","modified_gmt":"2024-05-19T20:48:06","slug":"unhcrs-seven-key-calls-to-the-next-european-parliament","status":"publish","type":"page","link":"https:\/\/www.unhcr.org\/europeanunion\/hr\/","title":{"rendered":"UNHCR&#8217;s seven key calls to the next European Parliament &#8211; CRO"},"content":{"rendered":"<p>[et_pb_section fb_built=&#8221;1&#8243; _builder_version=&#8221;4.16&#8243; background_color=&#8221;rgba(255,255,255,0)&#8221; custom_margin=&#8221;0px||0px|&#8221; custom_padding=&#8221;0px||0px|&#8221; global_colors_info=&#8221;{}&#8221;][et_pb_row column_structure=&#8221;1_2,1_2&#8243; make_equal=&#8221;on&#8221; _builder_version=&#8221;4.24.3&#8243; custom_css_main_element=&#8221;margin: auto;&#8221; global_colors_info=&#8221;{}&#8221;][et_pb_column type=&#8221;1_2&#8243; _builder_version=&#8221;4.24.3&#8243; custom_padding=&#8221;|||&#8221; custom_css_main_element=&#8221;margin: auto;&#8221; custom_css_free_form=&#8221;\t&#8221; global_colors_info=&#8221;{}&#8221; custom_padding__hover=&#8221;|||&#8221;][et_pb_text _builder_version=&#8221;4.24.3&#8243; text_font=&#8221;||||||||&#8221; header_font=&#8221;||||||||&#8221; header_text_color=&#8221;#0072bc&#8221; max_width=&#8221;80%&#8221; module_alignment=&#8221;left&#8221; custom_padding=&#8221;||||false|false&#8221; custom_css_main_element=&#8221;align-items: center;&#8221; global_colors_info=&#8221;{}&#8221;]<\/p>\n<h1 style=\"text-align: left;\">UNHCR-ovih sedam klju\u010dnih poziva sljede\u0107em sazivu Europskog parlamenta<\/h1>\n<p>[\/et_pb_text][\/et_pb_column][et_pb_column type=&#8221;1_2&#8243; _builder_version=&#8221;4.16&#8243; custom_padding=&#8221;|||&#8221; global_colors_info=&#8221;{}&#8221; custom_padding__hover=&#8221;|||&#8221;][et_pb_video src=&#8221;https:\/\/www.youtube.com\/watch?v=l5BGeaurAmQ&#038;list=PLe7noxa9cIeZWA83flxg3gK-XxTGNdM3s&#038;index=2&#8243; image_src=&#8221;\/\/i.ytimg.com\/vi\/l5BGeaurAmQ\/hqdefault.jpg&#8221; play_icon_color=&#8221;#0072bc&#8221; thumbnail_overlay_color=&#8221;rgba(0,0,0,0.6)&#8221; module_class=&#8221;squarevideo&#8221; _builder_version=&#8221;4.24.3&#8243; custom_css_video_icon=&#8221;text-shadow: 2px 2px 2px rgba(0,0,0,0.3);&#8221; global_colors_info=&#8221;{}&#8221;][\/et_pb_video][\/et_pb_column][\/et_pb_row][\/et_pb_section][et_pb_section fb_built=&#8221;1&#8243; admin_label=&#8221;Introduction&#8221; module_id=&#8221;CH1&#8243; _builder_version=&#8221;4.16&#8243; background_color=&#8221;rgba(255,255,255,0.8)&#8221; collapsed=&#8221;off&#8221; global_colors_info=&#8221;{}&#8221;][et_pb_row _builder_version=&#8221;4.16&#8243; max_width=&#8221;800px&#8221; use_custom_width=&#8221;on&#8221; custom_width_px=&#8221;800px&#8221; global_colors_info=&#8221;{}&#8221;][et_pb_column type=&#8221;4_4&#8243; _builder_version=&#8221;4.16&#8243; custom_padding=&#8221;|||&#8221; global_colors_info=&#8221;{}&#8221; custom_padding__hover=&#8221;|||&#8221;][et_pb_text disabled_on=&#8221;||off&#8221; admin_label=&#8221;Intro&#8221; _builder_version=&#8221;4.24.3&#8243; header_font=&#8221;|700|||||||&#8221; header_font_size=&#8221;80&#8243; header_2_font=&#8221;|300|||||||&#8221; header_2_font_size=&#8221;30px&#8221; header_3_text_color=&#8221;#0072bc&#8221; header_font_size_tablet=&#8221;60&#8243; header_font_size_phone=&#8221;36&#8243; header_font_size_last_edited=&#8221;on|phone&#8221; header_2_font_size_tablet=&#8221;&#8221; header_2_font_size_phone=&#8221;24px&#8221; header_2_font_size_last_edited=&#8221;on|phone&#8221; global_colors_info=&#8221;{}&#8221;]<\/p>\n<p class=\"intro\"><strong>Sukobi, nasilje i proganjanja prisiljavaju sve vi\u0161e ljudi da napuste svoje domove. <\/strong><\/p>\n<p class=\"intro\"><strong>Ve\u0107ina njih ostaje u svojoj zemlji ili bje\u017ei u susjedne zemlje, a ne u Europsku uniju (EU). U potrazi za za\u0161titom, na\u017ealost, mnoge izbjeglice gube \u017eivote du\u017e kopnenih ruta i na moru. Pushbackovi i kr\u0161enja ljudskih prava na granicama tako\u0111er se nastavljaju i mnogi ljudi koji tra\u017ee sigurnost ne mogu u\u0107i u Europu.<\/strong><\/p>\n<p>Postati izbjeglica nije izbor, ali mi mo\u017eemo izabrati na\u010din na koji djelujemo i reagiramo. EU mo\u017ee imati vode\u0107u ulogu u za\u0161titi izbjeglica i dati nadu onima koji su daleko od ku\u0107e.<\/p>\n<p>Uz zajedni\u010dki odgovor, zemlje EU-a mogu sigurno i humano upravljati dolascima ljudi na na\u010din koji odgovara i izbjeglicama i zajednicama koje izbjeglice primaju.<\/p>\n<p>Podr\u017eavaju\u0107i zemlje izvan Europe, EU tako\u0111er mo\u017ee smanjiti opasna putovanja i pomo\u0107i u pronala\u017eenju dugoro\u010dnih prilika i rje\u0161enja za izbjeglice.<\/p>\n<p>[\/et_pb_text][\/et_pb_column][\/et_pb_row][\/et_pb_section][et_pb_section fb_built=&#8221;1&#8243; module_id=&#8221;CH2&#8243; _builder_version=&#8221;4.16&#8243; background_color=&#8221;rgba(255,255,255,0)&#8221; custom_padding=&#8221;||0px|&#8221; global_colors_info=&#8221;{}&#8221;][et_pb_row _builder_version=&#8221;4.24.3&#8243; max_width=&#8221;900px&#8221; module_alignment=&#8221;center&#8221; use_custom_width=&#8221;on&#8221; custom_width_px=&#8221;700px&#8221; global_colors_info=&#8221;{}&#8221;][et_pb_column type=&#8221;4_4&#8243; _builder_version=&#8221;4.16&#8243; custom_padding=&#8221;|||&#8221; global_colors_info=&#8221;{}&#8221; custom_padding__hover=&#8221;|||&#8221;][et_pb_text disabled_on=&#8221;||off&#8221; admin_label=&#8221;What can the EU do to better protect refugees?&#8221; _builder_version=&#8221;4.24.3&#8243; text_font_size=&#8221;20px&#8221; header_font=&#8221;|700|||||||&#8221; header_font_size=&#8221;80&#8243; header_2_font=&#8221;|700|||||||&#8221; header_2_text_color=&#8221;#0072bc&#8221; header_2_font_size=&#8221;48px&#8221; header_font_size_tablet=&#8221;60&#8243; header_font_size_phone=&#8221;36&#8243; header_font_size_last_edited=&#8221;on|phone&#8221; header_2_font_size_tablet=&#8221;&#8221; header_2_font_size_phone=&#8221;36px&#8221; header_2_font_size_last_edited=&#8221;on|phone&#8221; global_colors_info=&#8221;{}&#8221;]<\/p>\n<h2 class=\"p1\" style=\"text-align: center;\">\u0160to mogu u\u010diniti zastupnici sljede\u0107eg saziva Europskog parlamenta kako bi bolje za\u0161titili izbjeglice?<\/h2>\n<p class=\"intro\" style=\"text-align: center;\">Ovo je sedam klju\u010dnih poziva:<\/p>\n<p>[\/et_pb_text][\/et_pb_column][\/et_pb_row][\/et_pb_section][et_pb_section fb_built=&#8221;1&#8243; _builder_version=&#8221;4.16&#8243; background_color=&#8221;rgba(255,255,255,0)&#8221; global_colors_info=&#8221;{}&#8221;][et_pb_row column_structure=&#8221;1_2,1_2&#8243; make_equal=&#8221;on&#8221; _builder_version=&#8221;4.16&#8243; global_colors_info=&#8221;{}&#8221;][et_pb_column type=&#8221;1_2&#8243; _builder_version=&#8221;4.16&#8243; background_color=&#8221;#f4f4f4&#8243; custom_padding=&#8221;20px|20px|20px|20px&#8221; global_colors_info=&#8221;{}&#8221; custom_padding__hover=&#8221;|||&#8221;][et_pb_video src=&#8221;https:\/\/www.youtube.com\/watch?v=z1A18BRxRu0&#038;list=PLe7noxa9cIeZWA83flxg3gK-XxTGNdM3s&#038;index=2&#8243; image_src=&#8221;https:\/\/www.unhcr.org\/europeanunion\/wp-content\/uploads\/sites\/70\/2024\/05\/24-action-1.jpg&#8221; play_icon_color=&#8221;#0072bc&#8221; module_class=&#8221;squarevideo&#8221; _builder_version=&#8221;4.24.3&#8243; custom_css_video_icon=&#8221;text-shadow: 2px 2px 2px rgba(0,0,0,0.3);&#8221; global_colors_info=&#8221;{}&#8221;][\/et_pb_video][et_pb_text _builder_version=&#8221;4.24.3&#8243; header_2_text_color=&#8221;#0072bc&#8221; header_3_font=&#8221;|700|||||||&#8221; header_3_text_color=&#8221;#0072BC&#8221; header_3_font_size=&#8221;26px&#8221; global_colors_info=&#8221;{}&#8221;]<\/p>\n<h3 style=\"text-align: center;\">1. ZA\u0160TITA PRAVA LJUDI NA SIGURNOST I AZIL<\/h3>\n<p>Tra\u017eenje sigurnosti od rata, sukoba i proganjanja temeljno je ljudsko pravo. Ljudima se mora dopustiti da tra\u017ee azil i to nikoga ne smije stajati \u017eivota ili dostojanstva. Pushbackovi i kr\u0161enja ljudskih prava na europskim granicama moraju prestati. Hitno su potrebni kapaciteti EU-a za traganjem i spa\u0161avanjem te sporazumi o tome gdje se ljudi spa\u0161eni na moru mogu iskrcati.<\/p>\n<p>[\/et_pb_text][\/et_pb_column][et_pb_column type=&#8221;1_2&#8243; _builder_version=&#8221;4.16&#8243; background_color=&#8221;#f4f4f4&#8243; custom_padding=&#8221;20px|20px|20px|20px&#8221; global_colors_info=&#8221;{}&#8221; custom_padding__hover=&#8221;|||&#8221;][et_pb_video src=&#8221;https:\/\/www.youtube.com\/watch?v=NOYuXXikOLY&#038;list=PLe7noxa9cIeZWA83flxg3gK-XxTGNdM3s&#038;index=3&#8243; image_src=&#8221;https:\/\/www.unhcr.org\/europeanunion\/wp-content\/uploads\/sites\/70\/2024\/05\/24-action-2.jpg&#8221; play_icon_color=&#8221;#0072bc&#8221; module_class=&#8221;squarevideo&#8221; _builder_version=&#8221;4.24.3&#8243; custom_css_video_icon=&#8221;text-shadow: 2px 2px 2px rgba(0,0,0,0.3);&#8221; global_colors_info=&#8221;{}&#8221;][\/et_pb_video][et_pb_text _builder_version=&#8221;4.24.3&#8243; header_2_text_color=&#8221;#0072bc&#8221; header_3_font=&#8221;|700|||||||&#8221; header_3_text_color=&#8221;#0072BC&#8221; header_3_font_size=&#8221;26px&#8221; locked=&#8221;off&#8221; global_colors_info=&#8221;{}&#8221;]<\/p>\n<h3 style=\"text-align: center;\">2. OSIGURATI HUMANE PROCEDURE AZILA<\/h3>\n<p>Grani\u010dne procedure moraju se provoditi u skladu s pravnim jamstvima i ne smiju dovesti do de facto detencije. Djeca nikada ne smiju biti u detenciji. Svatko ima pravo na primjerene uvjete prihvata i dostojanstven smje\u0161taj. Ljudska prava vrijede za sve i moraju se po\u0161tovati u svakom trenutku. Nakon odgovaraju\u0107eg postupka i u skladu s ljudskim pravima, osobe koje nemaju pravo <span>na me\u0111unarodnu za\u0161titu trebaju biti vra\u0107ene u svoje zemlje podrijetla.<\/span><\/p>\n<p>[\/et_pb_text][\/et_pb_column][\/et_pb_row][et_pb_row column_structure=&#8221;1_2,1_2&#8243; make_equal=&#8221;on&#8221; _builder_version=&#8221;4.16&#8243; global_colors_info=&#8221;{}&#8221;][et_pb_column type=&#8221;1_2&#8243; _builder_version=&#8221;4.16&#8243; background_color=&#8221;#f4f4f4&#8243; custom_padding=&#8221;20px|20px|20px|20px&#8221; global_colors_info=&#8221;{}&#8221; custom_padding__hover=&#8221;|||&#8221;][et_pb_video src=&#8221;https:\/\/www.youtube.com\/watch?v=JhQawGI4VcI&#038;list=PLe7noxa9cIeZWA83flxg3gK-XxTGNdM3s&#038;index=4&#8243; image_src=&#8221;https:\/\/www.unhcr.org\/europeanunion\/wp-content\/uploads\/sites\/70\/2024\/05\/24-action-3.jpg&#8221; play_icon_color=&#8221;#0072bc&#8221; module_class=&#8221;squarevideo&#8221; _builder_version=&#8221;4.24.3&#8243; custom_css_video_icon=&#8221;text-shadow: 2px 2px 2px rgba(0,0,0,0.3);&#8221; global_colors_info=&#8221;{}&#8221;][\/et_pb_video][et_pb_text _builder_version=&#8221;4.24.3&#8243; header_2_text_color=&#8221;#0072bc&#8221; header_3_font=&#8221;|700|||||||&#8221; header_3_text_color=&#8221;#0072BC&#8221; header_3_font_size=&#8221;26px&#8221; locked=&#8221;off&#8221; global_colors_info=&#8221;{}&#8221;]<\/p>\n<h3 style=\"text-align: center;\">3. POKAZATI SOLIDARNOST SA ZEMLJAMA KOJE PRIMAJU NAJVE\u0106I BROJ IZBJEGLICA<\/h3>\n<p>Odgovornost za prihvat i smje\u0161taj osoba koje tra\u017ee azil mogu se podijeliti na pravedan na\u010din raspore\u0111ivanjem osoba iz zemalja koje primaju velik broj ljudi u druge dr\u017eave EU-a. Globalna solidarnost i potpora zemljama koje primaju veliki broj izbjeglica izvan EU-a tako\u0111er je klju\u010dna.<\/p>\n<p>[\/et_pb_text][\/et_pb_column][et_pb_column type=&#8221;1_2&#8243; _builder_version=&#8221;4.16&#8243; background_color=&#8221;#f4f4f4&#8243; custom_padding=&#8221;20px|20px|20px|20px&#8221; global_colors_info=&#8221;{}&#8221; custom_padding__hover=&#8221;|||&#8221;][et_pb_video src=&#8221;https:\/\/www.youtube.com\/watch?v=VJODfEm5oZ0&#038;list=PLe7noxa9cIeZWA83flxg3gK-XxTGNdM3s&#038;index=5&#8243; image_src=&#8221;https:\/\/www.unhcr.org\/europeanunion\/wp-content\/uploads\/sites\/70\/2024\/05\/24-action-4.jpg&#8221; play_icon_color=&#8221;#0072bc&#8221; module_class=&#8221;squarevideo&#8221; _builder_version=&#8221;4.24.3&#8243; custom_css_video_icon=&#8221;text-shadow: 2px 2px 2px rgba(0,0,0,0.3);&#8221; global_colors_info=&#8221;{}&#8221;][\/et_pb_video][et_pb_text _builder_version=&#8221;4.24.3&#8243; header_2_text_color=&#8221;#0072bc&#8221; header_3_font=&#8221;|700|||||||&#8221; header_3_text_color=&#8221;#0072BC&#8221; header_3_font_size=&#8221;26px&#8221; locked=&#8221;off&#8221; global_colors_info=&#8221;{}&#8221;]<\/p>\n<h3 style=\"text-align: center;\">4. ODR\u017dATI IZBJEGLICE DU\u017d MIGRACIJSKIH RUTA<\/h3>\n<p>Izbjeglice se suo\u010davaju s brojnim izazovima na migracijskim rutama, uklju\u010duju\u0107i fizi\u010dke opasnosti, iskori\u0161tavanje, nasilje i nedostatak osnovnih potrep\u0161tina. Kako bi se smanjila ljudska patnja na opasnim putovanjima, EU mo\u017ee podr\u017eati intervencije du\u017e ruta kako bi se pomoglo ljudima u pokretu i prona\u0161li na\u010dini kako ih za\u0161tititi, kao i rje\u0161enja i pravni putovi u najranijoj mogu\u0107oj fazi.<\/p>\n<p>[\/et_pb_text][\/et_pb_column][\/et_pb_row][et_pb_row column_structure=&#8221;1_2,1_2&#8243; make_equal=&#8221;on&#8221; _builder_version=&#8221;4.16&#8243; global_colors_info=&#8221;{}&#8221;][et_pb_column type=&#8221;1_2&#8243; _builder_version=&#8221;4.16&#8243; background_color=&#8221;#f4f4f4&#8243; custom_padding=&#8221;20px|20px|20px|20px&#8221; global_colors_info=&#8221;{}&#8221; custom_padding__hover=&#8221;|||&#8221;][et_pb_video src=&#8221;https:\/\/www.youtube.com\/watch?v=ywsIdZOEFhk&#038;list=PLe7noxa9cIeZWA83flxg3gK-XxTGNdM3s&#038;index=6&#8243; image_src=&#8221;https:\/\/www.unhcr.org\/europeanunion\/wp-content\/uploads\/sites\/70\/2024\/05\/24-action-5.jpg&#8221; play_icon_color=&#8221;#0072bc&#8221; module_class=&#8221;squarevideo&#8221; _builder_version=&#8221;4.24.3&#8243; custom_css_video_icon=&#8221;text-shadow: 2px 2px 2px rgba(0,0,0,0.3);&#8221; global_colors_info=&#8221;{}&#8221;][\/et_pb_video][et_pb_text _builder_version=&#8221;4.24.3&#8243; header_2_text_color=&#8221;#0072bc&#8221; header_3_font=&#8221;|700|||||||&#8221; header_3_text_color=&#8221;#0072BC&#8221; header_3_font_size=&#8221;26px&#8221; locked=&#8221;off&#8221; global_colors_info=&#8221;{}&#8221;]<\/p>\n<h3 style=\"text-align: center;\">5. PONUDITI PRAVNE MOGU\u0106NOSTI IZBJEGLICAMA DA DO\u0110U DO SIGURNOSTI U EUROPI<\/h3>\n<p>Uz stalnu predanost zemalja EU-a pove\u0107anju preseljenja i drugim sigurnim i pravnim putevima, manje \u0107e ljudi krenuti na opasna putovanja u potrazi za sigurno\u0161\u0107u u Europi. Potrebni su fleksibilni i pravedni postupci kako bi se izbjegli\u010dke obitelji mogle ponovno spojiti.<\/p>\n<p>[\/et_pb_text][\/et_pb_column][et_pb_column type=&#8221;1_2&#8243; _builder_version=&#8221;4.16&#8243; background_color=&#8221;#f4f4f4&#8243; custom_padding=&#8221;20px|20px|20px|20px&#8221; global_colors_info=&#8221;{}&#8221; custom_padding__hover=&#8221;|||&#8221;][et_pb_video src=&#8221;https:\/\/www.youtube.com\/watch?v=IIAhcfjabMU&#038;list=PLe7noxa9cIeZWA83flxg3gK-XxTGNdM3s&#038;index=7&#8243; image_src=&#8221;https:\/\/www.unhcr.org\/europeanunion\/wp-content\/uploads\/sites\/70\/2024\/05\/24-action-6.jpg&#8221; play_icon_color=&#8221;#0072bc&#8221; module_class=&#8221;squarevideo&#8221; _builder_version=&#8221;4.24.3&#8243; custom_css_video_icon=&#8221;text-shadow: 2px 2px 2px rgba(0,0,0,0.3);&#8221; global_colors_info=&#8221;{}&#8221;][\/et_pb_video][et_pb_text _builder_version=&#8221;4.24.3&#8243; header_2_text_color=&#8221;#0072bc&#8221; header_3_font=&#8221;|700|||||||&#8221; header_3_text_color=&#8221;#0072BC&#8221; header_3_font_size=&#8221;26px&#8221; locked=&#8221;off&#8221; global_colors_info=&#8221;{}&#8221;]<\/p>\n<h3 style=\"text-align: center;\">6. POMO\u0106I IZBJEGLICAMA DA NAPREDUJU GDJE GOD SE NALAZILI<\/h3>\n<p>Podr\u0161ka EU-a zemljama diljem svijeta pomo\u0107i \u0107e izbjeglicama da ponovno izgrade svoje \u017eivote gdje god se nalazili. Dodatno i fleksibilno humanitarno i razvojno financiranje od strane EU-a klju\u010dno je za pru\u017eanje pomo\u0107i koja spa\u0161ava \u017eivote izbjeglica i podr\u0161ku dr\u017eavama koje primaju izbjeglice.<\/p>\n<p>[\/et_pb_text][\/et_pb_column][\/et_pb_row][et_pb_row column_structure=&#8221;1_2,1_2&#8243; make_equal=&#8221;on&#8221; _builder_version=&#8221;4.16&#8243; global_colors_info=&#8221;{}&#8221;][et_pb_column type=&#8221;1_2&#8243; _builder_version=&#8221;4.16&#8243; background_color=&#8221;#f4f4f4&#8243; custom_padding=&#8221;20px|20px|20px|20px&#8221; global_colors_info=&#8221;{}&#8221; custom_padding__hover=&#8221;|||&#8221;][et_pb_video src=&#8221;https:\/\/www.youtube.com\/watch?v=cxQroYNNGcI&#038;list=PLe7noxa9cIeZWA83flxg3gK-XxTGNdM3s&#038;index=8&#8243; image_src=&#8221;https:\/\/www.unhcr.org\/europeanunion\/wp-content\/uploads\/sites\/70\/2024\/05\/24-action-7.jpg&#8221; play_icon_color=&#8221;#0072bc&#8221; module_class=&#8221;squarevideo&#8221; _builder_version=&#8221;4.24.3&#8243; custom_css_video_icon=&#8221;text-shadow: 2px 2px 2px rgba(0,0,0,0.3);&#8221; global_colors_info=&#8221;{}&#8221;][\/et_pb_video][et_pb_text _builder_version=&#8221;4.24.3&#8243; header_2_text_color=&#8221;#0072bc&#8221; header_3_font=&#8221;|700|||||||&#8221; header_3_text_color=&#8221;#0072BC&#8221; header_3_font_size=&#8221;26px&#8221; locked=&#8221;off&#8221; global_colors_info=&#8221;{}&#8221;]<\/p>\n<h3 style=\"text-align: center;\">7. OKON\u010cANTI BEZDR\u017dAVLJANSTVO<\/h3>\n<p>Milijuni ljudi \u0161irom svijeta nemaju dr\u017eavljan- stvo niti jedne dr\u017eave, od kojih stotine tisu\u0107a \u017eive u EU. EU mo\u017ee imati vode\u0107u ulogu u ukidanju bezdr\u017eavljanstva uvo\u0111enjem zako- na i postupaka za identifikaciju i za\u0161titu oso- ba bez dr\u017eavljanstva te jam\u010diti sigurnost da mogu u\u017eivati svoja prava.<\/p>\n<p>[\/et_pb_text][\/et_pb_column][et_pb_column type=&#8221;1_2&#8243; _builder_version=&#8221;4.16&#8243; background_color=&#8221;#0072bc&#8221; custom_padding=&#8221;20px|20px|20px|20px&#8221; global_colors_info=&#8221;{}&#8221; custom_padding__hover=&#8221;|||&#8221;][et_pb_image src=&#8221;https:\/\/www.unhcr.org\/europeanunion\/wp-content\/uploads\/sites\/70\/2019\/04\/shareplaceholder.png&#8221; align=&#8221;center&#8221; align_tablet=&#8221;center&#8221; align_phone=&#8221;&#8221; align_last_edited=&#8221;on|desktop&#8221; disabled_on=&#8221;on|off|&#8221; _builder_version=&#8221;4.16&#8243; max_width=&#8221;50%&#8221; global_colors_info=&#8221;{}&#8221;][\/et_pb_image][et_pb_text _builder_version=&#8221;4.24.3&#8243; background_layout=&#8221;dark&#8221; global_colors_info=&#8221;{}&#8221;]<\/p>\n<h2 style=\"text-align: center;\">Sedam poziva.<br \/>\n<strong>Jedna zajedni\u010dka budu\u0107nost.<\/strong><br \/>\nU va\u0161im je rukama.<\/h2>\n<p>&nbsp;<\/p>\n<p style=\"text-align: center;\"><a class=\"et_pb_button et_pb_button_1 et_pb_bg_layout_dark\" href=\"https:\/\/www.unhcr.org\/europeanunion\/wp-content\/uploads\/sites\/70\/2024\/05\/UNHCR-EU_campaign_flyers-CRO-2024-screen.pdf\" target=\"_blank\" rel=\"noopener noreferrer\">Download brochure<\/a><\/p>\n<p>&nbsp;<\/p>\n<h3 style=\"text-align: center;\">Share this page<\/h3>\n<p style=\"text-align: center;\"><a class=\"et_pb_button et_pb_button_1 et_pb_bg_layout_dark\" href=\"https:\/\/www.facebook.com\/sharer.php?u=https%3A%2F%2Fwww.unhcr.org%2Feuropeanunion%2Fhr%2F&amp;t=2024%20IZBORI%20ZA%20EUROPSKI%20PARLAMENT\" target=\"_blank\" rel=\"noopener noreferrer\">Facebook<\/a> \u00a0\u00a0<a class=\"et_pb_button et_pb_button_0 et_pb_bg_layout_dark\" href=\"https:\/\/twitter.com\/share?text=2024%20IZBORI%20ZA%20EUROPSKI%20PARLAMENT&amp;url=https%3A%2F%2Fwww.unhcr.org%2Feuropeanunion%2Fhr%2F&amp;via=refugees\" target=\"_blank\" rel=\"noopener noreferrer\">Twitter<\/a> \u00a0\u00a0<a class=\"et_pb_button et_pb_button_0 et_pb_bg_layout_dark\" href=\"mailto:?to=&amp;body=https:\/\/www.unhcr.org\/europeanunion\/hr\/&amp;subject=UNHCR-ovih sedam klju\u010dnih poziva sljede\u0107em sazivu Europskog parlamenta\">Email<\/a><\/p>\n<p>[\/et_pb_text][\/et_pb_column][\/et_pb_row][\/et_pb_section]<\/p>\n","protected":false},"excerpt":{"rendered":"<p>UNHCR-ovih sedam klju\u010dnih poziva sljede\u0107em sazivu Europskog parlamentaSukobi, nasilje i proganjanja prisiljavaju sve vi\u0161e ljudi da napuste svoje domove. Ve\u0107ina njih ostaje u svojoj zemlji ili bje\u017ei u susjedne zemlje, a ne u Europsku uniju (EU). U potrazi za za\u0161titom, na\u017ealost, mnoge izbjeglice gube \u017eivote du\u017e kopnenih ruta i na moru. Pushbackovi i kr\u0161enja ljudskih [&hellip;]<\/p>\n","protected":false},"author":28,"featured_media":5877,"parent":0,"menu_order":0,"comment_status":"closed","ping_status":"closed","template":"","meta":{"_et_pb_use_builder":"on","_et_pb_old_content":"","_et_gb_content_width":"","footnotes":""},"class_list":["post-6435","page","type-page","status-publish","has-post-thumbnail","hentry"],"_links":{"self":[{"href":"https:\/\/www.unhcr.org\/europeanunion\/hr\/wp-json\/wp\/v2\/pages\/6435","targetHints":{"allow":["GET"]}}],"collection":[{"href":"https:\/\/www.unhcr.org\/europeanunion\/hr\/wp-json\/wp\/v2\/pages"}],"about":[{"href":"https:\/\/www.unhcr.org\/europeanunion\/hr\/wp-json\/wp\/v2\/types\/page"}],"author":[{"embeddable":true,"href":"https:\/\/www.unhcr.org\/europeanunion\/hr\/wp-json\/wp\/v2\/users\/28"}],"replies":[{"embeddable":true,"href":"https:\/\/www.unhcr.org\/europeanunion\/hr\/wp-json\/wp\/v2\/comments?post=6435"}],"version-history":[{"count":3,"href":"https:\/\/www.unhcr.org\/europeanunion\/hr\/wp-json\/wp\/v2\/pages\/6435\/revisions"}],"predecessor-version":[{"id":6571,"href":"https:\/\/www.unhcr.org\/europeanunion\/hr\/wp-json\/wp\/v2\/pages\/6435\/revisions\/6571"}],"wp:featuredmedia":[{"embeddable":true,"href":"https:\/\/www.unhcr.org\/europeanunion\/hr\/wp-json\/wp\/v2\/media\/5877"}],"wp:attachment":[{"href":"https:\/\/www.unhcr.org\/europeanunion\/hr\/wp-json\/wp\/v2\/media?parent=6435"}],"curies":[{"name":"wp","href":"https:\/\/api.w.org\/{rel}","templated":true}]}}