{"id":1747,"date":"2019-02-11T13:14:48","date_gmt":"2019-02-11T13:14:48","guid":{"rendered":"https:\/\/www.unhcr.org\/europeanelections\/2019-european-parliament-elections\/"},"modified":"2019-04-23T10:26:33","modified_gmt":"2019-04-23T10:26:33","slug":"2019-european-parliament-elections","status":"publish","type":"page","link":"https:\/\/www.unhcr.org\/europeanunion\/it\/2019-european-parliament-elections\/","title":{"rendered":"2019 European Parliament Elections"},"content":{"rendered":"<p>[et_pb_section bb_built=&#8221;1&#8243; _builder_version=&#8221;3.17.6&#8243; background_color=&#8221;rgba(255,255,255,0)&#8221; custom_margin=&#8221;0px||0px|&#8221; custom_padding=&#8221;0px||0px|&#8221; next_background_color=&#8221;rgba(255,255,255,0.8)&#8221;][et_pb_row make_equal=&#8221;on&#8221; module_class_1=&#8221;vertcentercontainer&#8221; _builder_version=&#8221;3.17.6&#8243;][et_pb_column type=&#8221;1_2&#8243;][et_pb_text module_class=&#8221;vertcenter&#8221; _builder_version=&#8221;3.17.6&#8243; header_font=&#8221;|800|||||||&#8221; header_text_color=&#8221;#0072bc&#8221; header_font_size=&#8221;60px&#8221; header_font_size_tablet=&#8221;50px&#8221; header_font_size_phone=&#8221;40px&#8221; header_font_size_last_edited=&#8221;on|phone&#8221;]<\/p>\n<h1><strong>Le 7 richieste dell&#8217;UNHCR al nuovo Parlamento europeo<\/strong><\/h1>\n<p>[\/et_pb_text][\/et_pb_column][et_pb_column type=&#8221;1_2&#8243;][et_pb_video src=&#8221;https:\/\/youtu.be\/fC99kkED_aY&#8221; image_src=&#8221;https:\/\/www.unhcr.org\/europeanunion\/wp-content\/uploads\/sites\/70\/2019\/04\/circles-square.png&#8221; play_icon_color=&#8221;#0072bc&#8221; module_class=&#8221;squarevideo&#8221; _builder_version=&#8221;3.17.6&#8243; custom_css_video_icon=&#8221;text-shadow: 2px 2px 2px rgba(0,0,0,0.3);&#8221; \/][\/et_pb_column][\/et_pb_row][\/et_pb_section][et_pb_section bb_built=&#8221;1&#8243; admin_label=&#8221;Introduction&#8221; module_id=&#8221;CH1&#8243; _builder_version=&#8221;3.17.6&#8243; background_color=&#8221;rgba(255,255,255,0.8)&#8221; collapsed=&#8221;off&#8221; prev_background_color=&#8221;rgba(255,255,255,0)&#8221; next_background_color=&#8221;rgba(255,255,255,0)&#8221;][et_pb_row use_custom_width=&#8221;on&#8221; custom_width_px=&#8221;800px&#8221; _builder_version=&#8221;3.17.6&#8243;][et_pb_column type=&#8221;4_4&#8243;][et_pb_text admin_label=&#8221;Intro&#8221; disabled_on=&#8221;||off&#8221; _builder_version=&#8221;3.17.6&#8243; header_font=&#8221;|700|||||||&#8221; header_font_size=&#8221;80&#8243; header_font_size_tablet=&#8221;60&#8243; header_font_size_phone=&#8221;36&#8243; header_font_size_last_edited=&#8221;on|phone&#8221; header_2_font=&#8221;|300|||||||&#8221; header_2_font_size=&#8221;30px&#8221; header_2_font_size_phone=&#8221;24px&#8221; header_2_font_size_last_edited=&#8221;on|phone&#8221; header_3_text_color=&#8221;#0072bc&#8221;]<\/p>\n<h3><strong>Conflitti, violenze e persecuzioni costringono sempre pi\u00f9 persone ad abbandonare le proprie case.\u00a0<\/strong>La maggior parte resta nel proprio paese o fugge nei paesi vicini, non in Europa. Anche se sempre meno persone cercano di raggiungere l\u2019Europa per mettersi in salvo, sono ancora in troppi a morire tragicamente in mare nel tentativo di raggiungere un posto sicuro. Lungo i confini continuano a verificarsi respingimenti e abusi che impediscono a molti di accedere ai paesi europei per ottenere protezione.<\/h3>\n<p>L\u2019Unione europea (UE) pu\u00f2 svolgere un ruolo di guida nella protezione dei rifugiati in Europa e nel resto del mondo anche attraverso l\u2019attuazione del Global Compact sui Rifugiati. Questo impegno globale contribuir\u00e0 a sostenere i paesi che ospitano la maggior parte di quanti fuggono alla ricerca di sicurezza, incoraggiando altres\u00ec l\u2019equa ripartizione della responsabilit\u00e0 tra gli Stati membri nel fornire aiuto ai rifugiati.<\/p>\n<p>Attraverso una risposta congiunta, i paesi dell\u2019Unione europea possono gestire gli arrivi in modo sicuro e umano, a vantaggio sia dei rifugiati che delle comunit\u00e0 che li ospitano. Sostenendo i paesi che al di fuori dell\u2019Europa ospitano la maggior parte dei rifugiati, l\u2019UE pu\u00f2 inoltre aiutare i rifugiati a vivere dignitosamente e non solo a sopravvivere, riducendo gli spostamenti pericolosi e irregolari e aumentando le loro possibilit\u00e0 di avere accesso a soluzioni durature.<\/p>\n<p>[\/et_pb_text][\/et_pb_column][\/et_pb_row][\/et_pb_section][et_pb_section bb_built=&#8221;1&#8243; module_id=&#8221;CH2&#8243; _builder_version=&#8221;3.17.6&#8243; background_color=&#8221;rgba(255,255,255,0)&#8221; custom_padding=&#8221;||0px|&#8221; prev_background_color=&#8221;rgba(255,255,255,0.8)&#8221; next_background_color=&#8221;#000000&#8243;][et_pb_row use_custom_width=&#8221;on&#8221; custom_width_px=&#8221;700px&#8221; _builder_version=&#8221;3.17.6&#8243; module_alignment=&#8221;center&#8221;][et_pb_column type=&#8221;4_4&#8243;][et_pb_text admin_label=&#8221;BETTER PROTECT REFUGEES IN THE EU AND GLOBALLY&#8221; disabled_on=&#8221;||off&#8221; _builder_version=&#8221;3.17.6&#8243; text_font_size=&#8221;20px&#8221; header_font=&#8221;|700|||||||&#8221; header_font_size=&#8221;80&#8243; header_font_size_tablet=&#8221;60&#8243; header_font_size_phone=&#8221;36&#8243; header_font_size_last_edited=&#8221;on|phone&#8221; header_2_font=&#8221;|700|||||||&#8221; header_2_text_color=&#8221;#0072bc&#8221; header_2_font_size=&#8221;48px&#8221; header_2_font_size_phone=&#8221;36px&#8221; header_2_font_size_last_edited=&#8221;on|phone&#8221;]<\/p>\n<h2 class=\"p1\" style=\"text-align: center\"><strong>Offrire migliore protezione ai rifugiati nell&#8217;UE e a livello mondiale<\/strong><\/h2>\n<h3 class=\"p1\" style=\"text-align: center\">I deputati del prossimo Parlamento europeo avranno un\u2019unica e importante opportunit\u00e0 di:<\/h3>\n<p>[\/et_pb_text][\/et_pb_column][\/et_pb_row][\/et_pb_section][et_pb_section bb_built=&#8221;1&#8243; _builder_version=&#8221;3.17.6&#8243; background_color=&#8221;rgba(255,255,255,0)&#8221; prev_background_color=&#8221;#000000&#8243;][et_pb_row make_equal=&#8221;on&#8221; background_color_1=&#8221;#f4f4f4&#8243; background_color_2=&#8221;#f4f4f4&#8243; padding_top_1=&#8221;20px&#8221; padding_top_2=&#8221;20px&#8221; padding_right_1=&#8221;20px&#8221; padding_right_2=&#8221;20px&#8221; padding_bottom_1=&#8221;20px&#8221; padding_bottom_2=&#8221;20px&#8221; padding_left_1=&#8221;20px&#8221; padding_left_2=&#8221;20px&#8221; _builder_version=&#8221;3.17.6&#8243;][et_pb_column type=&#8221;1_2&#8243;][et_pb_video src=&#8221;https:\/\/youtu.be\/LfS8ZO_RB8k&#8221; image_src=&#8221;https:\/\/www.unhcr.org\/europeanunion\/wp-content\/uploads\/sites\/70\/2019\/04\/sq-1.jpg&#8221; play_icon_color=&#8221;#0072bc&#8221; module_class=&#8221;squarevideo&#8221; _builder_version=&#8221;3.17.6&#8243; custom_css_video_icon=&#8221;text-shadow: 2px 2px 2px rgba(0,0,0,0.3);&#8221; \/][et_pb_text _builder_version=&#8221;3.17.6&#8243; header_2_text_color=&#8221;#0072bc&#8221;]<\/p>\n<h2 style=\"text-align: center\">Tutelare il diritto delle persone all\u2019asilo e alla sicurezza<\/h2>\n<p>Chiunque sia in fuga da guerre, violenza e persecuzione ha il diritto di richiedere e ottenere asilo. Coloro che ne fanno richiesta presso le frontiere devono avere la possibilit\u00e0 di presentare la domanda. I bambini non devono mai essere detenuti mentre gli adulti soltanto in ultima istanza e per periodi brevi e determinati. I diritti umani valgono per tutti e devono essere sempre rispettati.<\/p>\n<p>[\/et_pb_text][\/et_pb_column][et_pb_column type=&#8221;1_2&#8243;][et_pb_video src=&#8221;https:\/\/youtu.be\/k7sCMqTcL7A&#8221; image_src=&#8221;https:\/\/www.unhcr.org\/europeanunion\/wp-content\/uploads\/sites\/70\/2019\/04\/sq-2.jpg&#8221; play_icon_color=&#8221;#0072bc&#8221; module_class=&#8221;squarevideo&#8221; _builder_version=&#8221;3.17.6&#8243; custom_css_video_icon=&#8221;text-shadow: 2px 2px 2px rgba(0,0,0,0.3);&#8221; \/][et_pb_text _builder_version=&#8221;3.17.6&#8243; header_2_text_color=&#8221;#0072bc&#8221;]<\/p>\n<h2 style=\"text-align: center\">Creare procedure d\u2019asilo eque e rapide all\u2019interno dell\u2019UE<\/h2>\n<p class=\"p1\">Le persone che fuggono da conflitti,\u00a0violenza e persecuzioni, devono essere velocemente identificate quando arrivano in Europa.<br \/>affinch\u00e9 possano ricevere protezione e sostegno. Coloro che non necessitano di protezione devono anche essere identificati rapidamente e possono essere rimpatriati, con dignit\u00e0 e rispetto.<\/p>\n<p>[\/et_pb_text][\/et_pb_column][\/et_pb_row][et_pb_row make_equal=&#8221;on&#8221; background_color_1=&#8221;#f4f4f4&#8243; background_color_2=&#8221;#f4f4f4&#8243; padding_top_1=&#8221;20px&#8221; padding_top_2=&#8221;20px&#8221; padding_right_1=&#8221;20px&#8221; padding_right_2=&#8221;20px&#8221; padding_bottom_1=&#8221;20px&#8221; padding_bottom_2=&#8221;20px&#8221; padding_left_1=&#8221;20px&#8221; padding_left_2=&#8221;20px&#8221; _builder_version=&#8221;3.17.6&#8243;][et_pb_column type=&#8221;1_2&#8243;][et_pb_video src=&#8221;https:\/\/youtu.be\/uD8bGDy2vBk&#8221; image_src=&#8221;https:\/\/www.unhcr.org\/europeanunion\/wp-content\/uploads\/sites\/70\/2019\/04\/sq-3.jpg&#8221; play_icon_color=&#8221;#0072bc&#8221; module_class=&#8221;squarevideo&#8221; _builder_version=&#8221;3.17.6&#8243; custom_css_video_icon=&#8221;text-shadow: 2px 2px 2px rgba(0,0,0,0.3);&#8221; \/][et_pb_text _builder_version=&#8221;3.17.6&#8243; header_2_text_color=&#8221;#0072bc&#8221;]<\/p>\n<h2 style=\"text-align: center\">Mostrare solidariet\u00e0 tra i paesi membri dell\u2019UE<\/h2>\n<p>La responsabilit\u00e0 di accogliere e ospitare le persone che cercano sicurezza e asilo pu\u00f2 essere condivisa in modo equo e pratico<br \/>come attraverso il trasferimento dei richiedenti asilo dagli Stati che ricevono un numero elevato di richieste ad altri paesi.<\/p>\n<p>[\/et_pb_text][\/et_pb_column][et_pb_column type=&#8221;1_2&#8243;][et_pb_video src=&#8221;https:\/\/youtu.be\/UNgZA2W4Ksw&#8221; image_src=&#8221;https:\/\/www.unhcr.org\/europeanunion\/wp-content\/uploads\/sites\/70\/2019\/04\/sq-4.jpg&#8221; play_icon_color=&#8221;#0072bc&#8221; module_class=&#8221;squarevideo&#8221; _builder_version=&#8221;3.17.6&#8243; custom_css_video_icon=&#8221;text-shadow: 2px 2px 2px rgba(0,0,0,0.3);&#8221; \/][et_pb_text _builder_version=&#8221;3.17.6&#8243; header_2_text_color=&#8221;#0072bc&#8221;]<\/p>\n<h2 style=\"text-align: center\">Incrementare i canali legali con cui raggiungere l\u2019Europa in sicurezza<\/h2>\n<p>Assumendo maggiori impegni per il reinsediamento dei rifugiati e offrendo canali legali e sicuri per raggiungere l\u2019Europa, meno persone saranno spinte a intraprendere viaggi irregolari e pericolosi per mettersi al sicuro.<\/p>\n<p>[\/et_pb_text][\/et_pb_column][\/et_pb_row][et_pb_row make_equal=&#8221;on&#8221; background_color_1=&#8221;#f4f4f4&#8243; background_color_2=&#8221;#f4f4f4&#8243; padding_top_1=&#8221;20px&#8221; padding_top_2=&#8221;20px&#8221; padding_right_1=&#8221;20px&#8221; padding_right_2=&#8221;20px&#8221; padding_bottom_1=&#8221;20px&#8221; padding_bottom_2=&#8221;20px&#8221; padding_left_1=&#8221;20px&#8221; padding_left_2=&#8221;20px&#8221; _builder_version=&#8221;3.17.6&#8243;][et_pb_column type=&#8221;1_2&#8243;][et_pb_video src=&#8221;https:\/\/youtu.be\/uID1QP_qtXA&#8221; image_src=&#8221;https:\/\/www.unhcr.org\/europeanunion\/wp-content\/uploads\/sites\/70\/2019\/04\/sq-5.jpg&#8221; play_icon_color=&#8221;#0072bc&#8221; module_class=&#8221;squarevideo&#8221; _builder_version=&#8221;3.17.6&#8243; custom_css_video_icon=&#8221;text-shadow: 2px 2px 2px rgba(0,0,0,0.3);&#8221; \/][et_pb_text _builder_version=&#8221;3.17.6&#8243; header_2_text_color=&#8221;#0072bc&#8221;]<\/p>\n<h2 style=\"text-align: center\">Salvare vite in mare<\/h2>\n<p>Troppe persone muoiono nel tentativo di attraversare il Mediterraneo. Di conseguenza, bisogna aumentare la capacit\u00e0 di ricerca e soccorso e il numero di porti sicuri perch\u00e9 le persone possano sbarcare in sicurezza, in Europa e altrove. Gli Stati membri dell\u2019UE devono quindi trovare un accordo sui luoghi dove far sbarcare le persone soccorse in mare.<\/p>\n<p>[\/et_pb_text][\/et_pb_column][et_pb_column type=&#8221;1_2&#8243;][et_pb_video src=&#8221;https:\/\/youtu.be\/E5NcF-JbvdI&#8221; image_src=&#8221;https:\/\/www.unhcr.org\/europeanunion\/wp-content\/uploads\/sites\/70\/2019\/04\/sq-6.jpg&#8221; play_icon_color=&#8221;#0072bc&#8221; module_class=&#8221;squarevideo&#8221; _builder_version=&#8221;3.17.6&#8243; custom_css_video_icon=&#8221;text-shadow: 2px 2px 2px rgba(0,0,0,0.3);&#8221; \/][et_pb_text _builder_version=&#8221;3.17.6&#8243; header_2_text_color=&#8221;#0072bc&#8221;]<\/p>\n<h2 style=\"text-align: center\">Accogliere i rifugiati nelle loro nuove case<\/h2>\n<p>Le persone ricostruiscono pi\u00f9 rapidamente le proprie vite quando si sentono al sicuro, vivono in condizioni dignitose e godono dei loro diritti umani, compreso il diritto all&#8217;istruzione. I rifugiati si integrano e danno il proprio contributo alle societ\u00e0 che li accolgono quando gliene viene data la possibilit\u00e0.<\/p>\n<p>[\/et_pb_text][\/et_pb_column][\/et_pb_row][et_pb_row make_equal=&#8221;on&#8221; background_color_1=&#8221;#f4f4f4&#8243; background_color_2=&#8221;#0072bc&#8221; padding_top_1=&#8221;20px&#8221; padding_top_2=&#8221;20px&#8221; padding_right_1=&#8221;20px&#8221; padding_right_2=&#8221;20px&#8221; padding_bottom_1=&#8221;20px&#8221; padding_bottom_2=&#8221;20px&#8221; padding_left_1=&#8221;20px&#8221; padding_left_2=&#8221;20px&#8221; _builder_version=&#8221;3.17.6&#8243;][et_pb_column type=&#8221;1_2&#8243;][et_pb_video src=&#8221;https:\/\/youtu.be\/2JhwGrSzzCQ&#8221; image_src=&#8221;https:\/\/www.unhcr.org\/europeanunion\/wp-content\/uploads\/sites\/70\/2019\/04\/sq-7.jpg&#8221; play_icon_color=&#8221;#0072bc&#8221; module_class=&#8221;squarevideo&#8221; _builder_version=&#8221;3.17.6&#8243; custom_css_video_icon=&#8221;text-shadow: 2px 2px 2px rgba(0,0,0,0.3);&#8221; \/][et_pb_text _builder_version=&#8221;3.17.6&#8243; header_2_text_color=&#8221;#0072bc&#8221;]<\/p>\n<h2 style=\"text-align: center\">Aiutare i rifugiati a vivere dignitosamente, ovunque si trovino<\/h2>\n<p>Il sostegno europeo ai paesi di tutto il mondo aiuter\u00e0 i rifugiati a ricostruire le proprie vite, ovunque si trovino. Se verr\u00e0 data loro la possibilit\u00e0 di un futuro altrove, meno persone tenteranno di intraprendere viaggi disperati per raggiungere l\u2019Europa.<\/p>\n<p>[\/et_pb_text][\/et_pb_column][et_pb_column type=&#8221;1_2&#8243;][et_pb_image src=&#8221;https:\/\/www.unhcr.org\/europeanunion\/wp-content\/uploads\/sites\/70\/2019\/04\/shareplaceholder.png&#8221; align=&#8221;center&#8221; disabled_on=&#8221;on|off|&#8221; _builder_version=&#8221;3.17.6&#8243; max_width=&#8221;50%&#8221; \/][et_pb_text _builder_version=&#8221;3.17.6&#8243; background_layout=&#8221;dark&#8221;]<\/p>\n<h2 style=\"text-align: center\">Sette azioni.<\/h2>\n<h2 style=\"text-align: center\">Un futuro condiviso.<\/h2>\n<h2 style=\"text-align: center\">\u00c8 nelle tue mani.<\/h2>\n<p>&nbsp;<\/p>\n<h3 style=\"text-align: center\">Condividi questa pagina<\/h3>\n<p style=\"text-align: center\"><a class=\"et_pb_button et_pb_button_1 et_pb_bg_layout_dark\" href=\"https:\/\/www.facebook.com\/sharer.php?u=https%3A%2F%2Fwww.unhcr.org%2Feuropeanelections&amp;t=2019%20European%20Parliament%20Elections\" target=\"_blank\" rel=\"noopener\">Facebook<\/a> \u00a0\u00a0<a class=\"et_pb_button et_pb_button_0 et_pb_bg_layout_dark\" href=\"https:\/\/twitter.com\/share?text=2019%20European%20Parliament%20Elections&amp;url=https%3A%2F%2Fwww.unhcr.org%2Feuropeanelections&amp;via=refugees\" target=\"_blank\" rel=\"noopener\">Twitter<\/a><\/p>\n<p>[\/et_pb_text][\/et_pb_column][\/et_pb_row][\/et_pb_section]<\/p>\n","protected":false},"excerpt":{"rendered":"<p>Le 7 richieste dell&#8217;UNHCR al nuovo Parlamento europeo Conflitti, violenze e persecuzioni costringono sempre pi\u00f9 persone ad abbandonare le proprie case.\u00a0La maggior parte resta nel proprio paese o fugge nei paesi vicini, non in Europa. Anche se sempre meno persone cercano di raggiungere l\u2019Europa per mettersi in salvo, sono ancora in troppi a morire tragicamente [&hellip;]<\/p>\n","protected":false},"author":1,"featured_media":0,"parent":0,"menu_order":0,"comment_status":"closed","ping_status":"closed","template":"","meta":{"_et_pb_use_builder":"on","_et_pb_old_content":"","_et_gb_content_width":"","footnotes":""},"class_list":["post-1747","page","type-page","status-publish","hentry"],"_links":{"self":[{"href":"https:\/\/www.unhcr.org\/europeanunion\/it\/wp-json\/wp\/v2\/pages\/1747","targetHints":{"allow":["GET"]}}],"collection":[{"href":"https:\/\/www.unhcr.org\/europeanunion\/it\/wp-json\/wp\/v2\/pages"}],"about":[{"href":"https:\/\/www.unhcr.org\/europeanunion\/it\/wp-json\/wp\/v2\/types\/page"}],"author":[{"embeddable":true,"href":"https:\/\/www.unhcr.org\/europeanunion\/it\/wp-json\/wp\/v2\/users\/1"}],"replies":[{"embeddable":true,"href":"https:\/\/www.unhcr.org\/europeanunion\/it\/wp-json\/wp\/v2\/comments?post=1747"}],"version-history":[{"count":25,"href":"https:\/\/www.unhcr.org\/europeanunion\/it\/wp-json\/wp\/v2\/pages\/1747\/revisions"}],"predecessor-version":[{"id":2039,"href":"https:\/\/www.unhcr.org\/europeanunion\/it\/wp-json\/wp\/v2\/pages\/1747\/revisions\/2039"}],"wp:attachment":[{"href":"https:\/\/www.unhcr.org\/europeanunion\/it\/wp-json\/wp\/v2\/media?parent=1747"}],"curies":[{"name":"wp","href":"https:\/\/api.w.org\/{rel}","templated":true}]}}