{"id":1751,"date":"2019-02-11T13:14:48","date_gmt":"2019-02-11T13:14:48","guid":{"rendered":"https:\/\/www.unhcr.org\/europeanelections\/2019-european-parliament-elections\/"},"modified":"2019-04-18T14:30:45","modified_gmt":"2019-04-18T14:30:45","slug":"2019-european-parliament-elections","status":"publish","type":"page","link":"https:\/\/www.unhcr.org\/europeanunion\/lt\/2019-european-parliament-elections\/","title":{"rendered":"2019 European Parliament Elections"},"content":{"rendered":"<p>[et_pb_section bb_built=&#8221;1&#8243; specialty=&#8221;off&#8221; next_background_color=&#8221;rgba(255,255,255,0.8)&#8221; _builder_version=&#8221;3.17.6&#8243; background_color=&#8221;rgba(255,255,255,0)&#8221; custom_margin=&#8221;0px||0px|&#8221; custom_padding=&#8221;0px||0px|&#8221;][et_pb_row _builder_version=&#8221;3.17.6&#8243; gutter_width=&#8221;1&#8243; make_equal=&#8221;on&#8221; module_class_1=&#8221;vertcentercontainer&#8221;][et_pb_column type=&#8221;1_2&#8243;][et_pb_text _builder_version=&#8221;3.17.6&#8243; header_font=&#8221;|800|||||||&#8221; header_text_color=&#8221;#0072bc&#8221; header_font_size=&#8221;60px&#8221; module_class=&#8221;vertcenter&#8221; header_font_size_tablet=&#8221;50px&#8221; header_font_size_phone=&#8221;40px&#8221; header_font_size_last_edited=&#8221;on|phone&#8221;]<\/p>\n<h1><strong>Septyni svarbiausi JT Pab\u0117g\u0117li\u0173 agent\u016bros (UNHCR) raginimai b\u016bsimosios kadencijos Europos Parlamentui<\/strong><\/h1>\n<p>[\/et_pb_text][\/et_pb_column][et_pb_column type=&#8221;1_2&#8243;][et_pb_video _builder_version=&#8221;3.17.6&#8243; src=&#8221;https:\/\/www.youtube.com\/watch?v=76yKkAtzPQ8&amp;t=18s&#8221; image_src=&#8221;https:\/\/www.unhcr.org\/europeanunion\/wp-content\/uploads\/sites\/70\/2019\/04\/circles-square.png&#8221; play_icon_color=&#8221;#0072bc&#8221; custom_css_video_icon=&#8221;text-shadow: 2px 2px 2px rgba(0,0,0,0.3);&#8221; module_class=&#8221;squarevideo&#8221; \/][\/et_pb_column][\/et_pb_row][\/et_pb_section][et_pb_section bb_built=&#8221;1&#8243; admin_label=&#8221;Introduction&#8221; _builder_version=&#8221;3.17.6&#8243; collapsed=&#8221;off&#8221; module_id=&#8221;CH1&#8243; prev_background_color=&#8221;rgba(255,255,255,0)&#8221; next_background_color=&#8221;rgba(255,255,255,0)&#8221; background_color=&#8221;rgba(255,255,255,0.8)&#8221;][et_pb_row _builder_version=&#8221;3.17.6&#8243; custom_width_px=&#8221;800px&#8221; use_custom_width=&#8221;on&#8221;][et_pb_column type=&#8221;4_4&#8243;][et_pb_text admin_label=&#8221;Intro&#8221; disabled_on=&#8221;||off&#8221; _builder_version=&#8221;3.17.6&#8243; header_font_size=&#8221;80&#8243; header_font_size_tablet=&#8221;60&#8243; header_font_size_last_edited=&#8221;on|phone&#8221; disabled=&#8221;off&#8221; header_font=&#8221;|700|||||||&#8221; header_font_size_phone=&#8221;36&#8243; header_2_font=&#8221;|300|||||||&#8221; header_2_font_size=&#8221;30px&#8221; header_2_font_size_phone=&#8221;24px&#8221; header_2_font_size_last_edited=&#8221;on|phone&#8221; header_3_text_color=&#8221;#0072bc&#8221;]<\/p>\n<h3><strong>Kariniai konfliktai, smurtas ir persekiojimas\u00a0priver\u010dia vis daugiau \u017emoni\u0173 palikti namus.<\/strong>\u00a0Dauguma j\u0173 pasilieka savo \u0161alyje ar pasitraukia \u012f kaimynines \u0161alis ir nevyksta \u012f Europ\u0105. Nors dabar ma\u017eiau \u017emoni\u0173 ie\u0161ko saugios vietos Europoje, j\u016broje tragi\u0161kai \u017e\u016bva vis dar labai daug pab\u0117g\u0117li\u0173, m\u0117ginan\u010di\u0173 surasti nauj\u0173 ateities galimybi\u0173. Pasienyje pab\u0117g\u0117liai ir toliau ne\u012fleid\u017eiami, pa\u017eeid\u017eiamos j\u0173 teis\u0117s ir daug \u017emoni\u0173, ie\u0161kan\u010di\u0173 apsaugos, negali patekti \u012f Europ\u0105.\u00a0<\/h3>\n<p>Europos S\u0105junga (ES) gali pirmauti stengdamasi u\u017etikrinti pab\u0117g\u0117li\u0173 apsaug\u0105 Europoje ir u\u017e jos rib\u0173, be kita ko, prisid\u0117ti prie Pasaulinio susitarimo d\u0117l pab\u0117g\u0117li\u0173 \u012fgyvendinimo. \u0160is naujas pasaulinis susitarimas pad\u0117s u\u017etikrinti didesn\u0119 param\u0105 \u0161alims, kuriose apsigyvena daugiausia pab\u0117g\u0117li\u0173. Jis taip pat skatina s\u0105\u017einingiau dalytis atsakomybe u\u017e pagalb\u0105 tiems, kurie priversti palikti savo \u0161al\u012f ir ie\u0161kotis prieglobs\u010dio kitur.\u00a0<\/p>\n<p>Bendromis j\u0117gomis ES valstyb\u0117s nar\u0117s gali saugiai ir humani\u0161kai priimti atvykstan\u010dius \u017emones, kad nenukent\u0117t\u0173 nei pab\u0117g\u0117liai, nei juos priiman\u010dios bendruomen\u0117s. Remdama \u0161alis u\u017e Europos rib\u0173, ES taip pat gali suma\u017einti pavojing\u0173 kelioni\u0173 mast\u0105 ir pad\u0117ti surasti ilgalaiki\u0173 perspektyv\u0173 pab\u0117g\u0117liams oriai gyventi, o ne tik i\u0161gyventi.\u00a0<\/p>\n<p>[\/et_pb_text][\/et_pb_column][\/et_pb_row][\/et_pb_section][et_pb_section bb_built=&#8221;1&#8243; specialty=&#8221;off&#8221; _builder_version=&#8221;3.17.6&#8243; module_id=&#8221;CH2&#8243; prev_background_color=&#8221;rgba(255,255,255,0.8)&#8221; next_background_color=&#8221;#000000&#8243; custom_padding=&#8221;||0px|&#8221; background_color=&#8221;rgba(255,255,255,0)&#8221;][et_pb_row _builder_version=&#8221;3.17.6&#8243; custom_width_px=&#8221;700px&#8221; module_alignment=&#8221;center&#8221; use_custom_width=&#8221;on&#8221;][et_pb_column type=&#8221;4_4&#8243;][et_pb_text admin_label=&#8221;BETTER PROTECT REFUGEES IN THE EU AND GLOBALLY&#8221; disabled_on=&#8221;||off&#8221; _builder_version=&#8221;3.17.6&#8243; header_font_size=&#8221;80&#8243; header_font_size_tablet=&#8221;60&#8243; header_font_size_last_edited=&#8221;on|phone&#8221; disabled=&#8221;off&#8221; header_font=&#8221;|700|||||||&#8221; header_font_size_phone=&#8221;36&#8243; header_2_font=&#8221;|700|||||||&#8221; header_2_font_size=&#8221;48px&#8221; header_2_font_size_phone=&#8221;36px&#8221; header_2_font_size_last_edited=&#8221;on|phone&#8221; text_font_size=&#8221;20px&#8221; header_2_text_color=&#8221;#0072bc&#8221;]<\/p>\n<h2 class=\"p1\" style=\"text-align: center\"><strong>Geriau apsaugoti pab\u0117g\u0117lius ES ir visame pasaulyje.<\/strong><\/h2>\n<h3 class=\"p1\" style=\"text-align: center\">B\u016bsimosios kadencijos Europos Parlamento nariai turi nepaprast\u0105 ir labai svarbi\u0105 galimyb\u0119.<\/h3>\n<p>[\/et_pb_text][\/et_pb_column][\/et_pb_row][\/et_pb_section][et_pb_section bb_built=&#8221;1&#8243; specialty=&#8221;off&#8221; prev_background_color=&#8221;#000000&#8243; _builder_version=&#8221;3.17.6&#8243; background_color=&#8221;rgba(255,255,255,0)&#8221;][et_pb_row _builder_version=&#8221;3.17.6&#8243; background_color_1=&#8221;#f4f4f4&#8243; make_equal=&#8221;on&#8221; background_color_2=&#8221;#f4f4f4&#8243; padding_top_1=&#8221;20px&#8221; padding_right_1=&#8221;20px&#8221; padding_bottom_1=&#8221;20px&#8221; padding_left_1=&#8221;20px&#8221; padding_top_2=&#8221;20px&#8221; padding_right_2=&#8221;20px&#8221; padding_bottom_2=&#8221;20px&#8221; padding_left_2=&#8221;20px&#8221;][et_pb_column type=&#8221;1_2&#8243;][et_pb_video _builder_version=&#8221;3.17.6&#8243; src=&#8221;https:\/\/youtu.be\/fNIQkCF-Zm8&#8243; image_src=&#8221;https:\/\/www.unhcr.org\/europeanunion\/wp-content\/uploads\/sites\/70\/2019\/04\/sq-1.jpg&#8221; play_icon_color=&#8221;#0072bc&#8221; custom_css_video_icon=&#8221;text-shadow: 2px 2px 2px rgba(0,0,0,0.3);&#8221; module_class=&#8221;squarevideo&#8221; \/][et_pb_text _builder_version=&#8221;3.17.6&#8243; header_2_text_color=&#8221;#0072bc&#8221;]<\/p>\n<h2 style=\"text-align: center\">Ginti \u017emoni\u0173 teis\u0119 \u012f saugum\u0105 ir prieglobst\u012f<\/h2>\n<p>Kiekvienas \u017emogus, kuris b\u0117ga nuo karinio konflikto, smurto\u00a0ir persekiojimo turi teis\u0119 ie\u0161koti saugios vietos. \u017dmon\u0117ms, kurie atvyksta prie valstyb\u0117s sienos ie\u0161kodami prieglobs\u010dio,\u00a0turi b\u016bti suteikta galimyb\u0117 jo papra\u0161yti.\u00a0Vaikai jokiu atveju netur\u0117t\u0173 b\u016bti sulaikomi,\u00a0o suaugusieji \u2013 tik tada, kai n\u0117ra kitos galimyb\u0117s, ir tai tik trump\u0105, nustatyt\u0105 laik\u0105.\u00a0\u017dmogaus teises turi kiekvienas ir b\u016btina visada jas gerbti.<\/p>\n<p>[\/et_pb_text][\/et_pb_column][et_pb_column type=&#8221;1_2&#8243;][et_pb_video _builder_version=&#8221;3.17.6&#8243; src=&#8221;https:\/\/youtu.be\/Dx13Zou9e7s&#8221; image_src=&#8221;https:\/\/www.unhcr.org\/europeanunion\/wp-content\/uploads\/sites\/70\/2019\/04\/sq-2.jpg&#8221; play_icon_color=&#8221;#0072bc&#8221; custom_css_video_icon=&#8221;text-shadow: 2px 2px 2px rgba(0,0,0,0.3);&#8221; module_class=&#8221;squarevideo&#8221; \/][et_pb_text _builder_version=&#8221;3.17.6&#8243; header_2_text_color=&#8221;#0072bc&#8221;]<\/p>\n<h2 style=\"text-align: center\">U\u017etikrinti, kad ES prieglobs\u010dio proced\u016bros b\u016bt\u0173 teisingos ir spar\u010dios<\/h2>\n<p class=\"p1\">\u017dmon\u0117s, kurie b\u0117ga nuo karinio konflikto, smurto ir persekiojimo\u00a0ir atvyksta \u012f ES, turi b\u016bti greitai nustatyti\u00a0kad jie gal\u0117t\u0173 gauti prieglobst\u012f ir pagalb\u0105.\u00a0Asmenys, kurie neatitinka apsaugos kriterij\u0173,\u00a0taip pat turi b\u016bti greitai nustatomi, kad\u00a0jie gal\u0117t\u0173 b\u016bti gr\u0105\u017einami oriai.<\/p>\n<p>[\/et_pb_text][\/et_pb_column][\/et_pb_row][et_pb_row _builder_version=&#8221;3.17.6&#8243; background_color_1=&#8221;#f4f4f4&#8243; make_equal=&#8221;on&#8221; background_color_2=&#8221;#f4f4f4&#8243; padding_top_1=&#8221;20px&#8221; padding_right_1=&#8221;20px&#8221; padding_bottom_1=&#8221;20px&#8221; padding_left_1=&#8221;20px&#8221; padding_top_2=&#8221;20px&#8221; padding_right_2=&#8221;20px&#8221; padding_bottom_2=&#8221;20px&#8221; padding_left_2=&#8221;20px&#8221;][et_pb_column type=&#8221;1_2&#8243;][et_pb_video _builder_version=&#8221;3.17.6&#8243; src=&#8221;https:\/\/youtu.be\/WmDinhR5Bqw&#8221; image_src=&#8221;https:\/\/www.unhcr.org\/europeanunion\/wp-content\/uploads\/sites\/70\/2019\/04\/sq-3.jpg&#8221; play_icon_color=&#8221;#0072bc&#8221; custom_css_video_icon=&#8221;text-shadow: 2px 2px 2px rgba(0,0,0,0.3);&#8221; module_class=&#8221;squarevideo&#8221; \/][et_pb_text _builder_version=&#8221;3.17.6&#8243; header_2_text_color=&#8221;#0072bc&#8221;]<\/p>\n<h2 style=\"text-align: center\">Parodyti, kad ES \u0161alys yra solidarios<\/h2>\n<p>Atsakomyb\u0119 u\u017e\u00a0saugumo ir prieglobs\u010dio ie\u0161kan\u010di\u0173 \u017emoni\u0173 pri\u0117mim\u0105 ir apgyvendinim\u0105\u00a0galima pasidalyti s\u0105\u017einingai ir prakti\u0161kai,\u00a0pvz., galima perkelti prieglobs\u010dio pra\u0161an\u010dius asmenis i\u0161 t\u0173 \u0161ali\u0173, kurios priima daug pab\u0117g\u0117li\u0173,\u00a0\u012f kitas \u0161alis.<\/p>\n<p>[\/et_pb_text][\/et_pb_column][et_pb_column type=&#8221;1_2&#8243;][et_pb_video _builder_version=&#8221;3.17.6&#8243; src=&#8221;https:\/\/youtu.be\/3T7D3GOo1CM&#8221; image_src=&#8221;https:\/\/www.unhcr.org\/europeanunion\/wp-content\/uploads\/sites\/70\/2019\/04\/sq-4.jpg&#8221; play_icon_color=&#8221;#0072bc&#8221; custom_css_video_icon=&#8221;text-shadow: 2px 2px 2px rgba(0,0,0,0.3);&#8221; module_class=&#8221;squarevideo&#8221; \/][et_pb_text _builder_version=&#8221;3.17.6&#8243; header_2_text_color=&#8221;#0072bc&#8221;]<\/p>\n<h2 style=\"text-align: center\">Suteikti daugiau teis\u0117t\u0173 galimybi\u0173 pab\u0117g\u0117liams pasiekti saugi\u0105 viet\u0105 Europoje<\/h2>\n<p>Jei ES valstyb\u0117s prisiimt\u0173 papildom\u0173 nuolatini\u0173 \u012fsipareigojim\u0173 apgyvendinti pab\u0117g\u0117lius ir u\u017etikrinti kitas saugias ir teis\u0117tas galimybes, ma\u017eiau \u017emoni\u0173 leist\u0173si \u012f pavojing\u0105 kelion\u0119 ie\u0161kodami saugios vietos Europoje.\u00a0<\/p>\n<p>[\/et_pb_text][\/et_pb_column][\/et_pb_row][et_pb_row _builder_version=&#8221;3.17.6&#8243; background_color_1=&#8221;#f4f4f4&#8243; make_equal=&#8221;on&#8221; background_color_2=&#8221;#f4f4f4&#8243; padding_top_1=&#8221;20px&#8221; padding_right_1=&#8221;20px&#8221; padding_bottom_1=&#8221;20px&#8221; padding_left_1=&#8221;20px&#8221; padding_top_2=&#8221;20px&#8221; padding_right_2=&#8221;20px&#8221; padding_bottom_2=&#8221;20px&#8221; padding_left_2=&#8221;20px&#8221;][et_pb_column type=&#8221;1_2&#8243;][et_pb_video _builder_version=&#8221;3.17.6&#8243; src=&#8221;https:\/\/youtu.be\/PVhEURkUu60&#8243; image_src=&#8221;https:\/\/www.unhcr.org\/europeanunion\/wp-content\/uploads\/sites\/70\/2019\/04\/sq-5.jpg&#8221; play_icon_color=&#8221;#0072bc&#8221; custom_css_video_icon=&#8221;text-shadow: 2px 2px 2px rgba(0,0,0,0.3);&#8221; module_class=&#8221;squarevideo&#8221; \/][et_pb_text _builder_version=&#8221;3.17.6&#8243; header_2_text_color=&#8221;#0072bc&#8221;]<\/p>\n<h2 style=\"text-align: center\">Gelb\u0117ti \u017emoni\u0173 gyvyb\u0119 j\u016broje<\/h2>\n<p>\u017d\u016bva daug \u017emoni\u0173, m\u0117ginan\u010di\u0173 perplaukti Vidur\u017eemio j\u016br\u0105. Tod\u0117l reikia daugiau paie\u0161kos ir gelb\u0117jimo paj\u0117g\u0173, taip pat saugi\u0173 uost\u0173, kuriuose b\u016bt\u0173 galima i\u0161silaipinti, Europoje ir u\u017e jos rib\u0173. ES \u0161alys turi susitarti, kur \u017emon\u0117s, i\u0161gelb\u0117ti j\u016broje, gal\u0117t\u0173 saugiai i\u0161silaipinti.\u00a0<\/p>\n<p>[\/et_pb_text][\/et_pb_column][et_pb_column type=&#8221;1_2&#8243;][et_pb_video _builder_version=&#8221;3.17.6&#8243; src=&#8221;https:\/\/youtu.be\/CGg3Rzfrh0k&#8221; image_src=&#8221;https:\/\/www.unhcr.org\/europeanunion\/wp-content\/uploads\/sites\/70\/2019\/04\/sq-6.jpg&#8221; play_icon_color=&#8221;#0072bc&#8221; custom_css_video_icon=&#8221;text-shadow: 2px 2px 2px rgba(0,0,0,0.3);&#8221; module_class=&#8221;squarevideo&#8221; \/][et_pb_text _builder_version=&#8221;3.17.6&#8243; header_2_text_color=&#8221;#0072bc&#8221;]<\/p>\n<h2 style=\"text-align: center\">Priimti pab\u0117g\u0117lius ir suteikti jiems naujus namus<\/h2>\n<p>\u017dmon\u0117s grei\u010diau gr\u012f\u017eta \u012f normal\u0173 gyvenim\u0105, kai jau\u010diasi saug\u016bs,\u00a0gyvena ne\u017eeminan\u010diomis s\u0105lygomis ir gali naudotis savo \u017emogaus teis\u0117mis,\u00a0pvz., teise \u012f moksl\u0105.\u00a0Jei pab\u0117g\u0117liams suteikiama galimyb\u0117, jie integruojasi \u012f priiman\u010di\u0105j\u0105 visuomen\u0119 ir labai prisideda prie jos klest\u0117jimo.\u00a0<\/p>\n<p>[\/et_pb_text][\/et_pb_column][\/et_pb_row][et_pb_row _builder_version=&#8221;3.17.6&#8243; background_color_1=&#8221;#f4f4f4&#8243; make_equal=&#8221;on&#8221; background_color_2=&#8221;#0072bc&#8221; padding_top_1=&#8221;20px&#8221; padding_right_1=&#8221;20px&#8221; padding_bottom_1=&#8221;20px&#8221; padding_left_1=&#8221;20px&#8221; padding_top_2=&#8221;20px&#8221; padding_right_2=&#8221;20px&#8221; padding_bottom_2=&#8221;20px&#8221; padding_left_2=&#8221;20px&#8221;][et_pb_column type=&#8221;1_2&#8243;][et_pb_video _builder_version=&#8221;3.17.6&#8243; src=&#8221;https:\/\/youtu.be\/xbXNmlKAdro&#8221; image_src=&#8221;https:\/\/www.unhcr.org\/europeanunion\/wp-content\/uploads\/sites\/70\/2019\/04\/sq-7.jpg&#8221; play_icon_color=&#8221;#0072bc&#8221; custom_css_video_icon=&#8221;text-shadow: 2px 2px 2px rgba(0,0,0,0.3);&#8221; module_class=&#8221;squarevideo&#8221; \/][et_pb_text _builder_version=&#8221;3.17.6&#8243; header_2_text_color=&#8221;#0072bc&#8221;]<\/p>\n<h2 style=\"text-align: center\">Pad\u0117ti pab\u0117g\u0117liams, kad ir kur jie b\u016bt\u0173, oriai gyventi<\/h2>\n<p>Europos parama bet kuriai \u0161aliai pasaulyje pad\u0117s pab\u0117g\u0117liams, kad ir kur jie b\u016bt\u0173, gr\u012f\u017eti \u012f normal\u0173 gyvenim\u0105. Jei \u017emon\u0117s matys ateit\u012f kitur, ma\u017eiau j\u0173 ry\u0161is desperati\u0161kai kelionei \u012f Europ\u0105.\u00a0<\/p>\n<p>[\/et_pb_text][\/et_pb_column][et_pb_column type=&#8221;1_2&#8243;][et_pb_image _builder_version=&#8221;3.17.6&#8243; src=&#8221;https:\/\/www.unhcr.org\/europeanunion\/wp-content\/uploads\/sites\/70\/2019\/04\/shareplaceholder.png&#8221; align=&#8221;center&#8221; max_width=&#8221;50%&#8221; disabled_on=&#8221;on|off|&#8221; disabled=&#8221;off&#8221; \/][et_pb_text _builder_version=&#8221;3.17.6&#8243; background_layout=&#8221;dark&#8221;]<\/p>\n<h2 style=\"text-align: center\">Septyni veiksmai.<\/h2>\n<h2 style=\"text-align: center\">Viena bendra ateitis.\u00a0<\/h2>\n<h2 style=\"text-align: center\">Ji \u2013 j\u016bs\u0173 rankose.<\/h2>\n<p>&nbsp;<\/p>\n<h3 style=\"text-align: center\">Pasidalykite \u0161iuo puslapiu<\/h3>\n<p style=\"text-align: center\"><a class=\"et_pb_button et_pb_button_1 et_pb_bg_layout_dark\" href=\"https:\/\/www.facebook.com\/sharer.php?u=https%3A%2F%2Fwww.unhcr.org%2Feuropeanelections&amp;t=2019%20European%20Parliament%20Elections\" target=\"_blank\" rel=\"noopener\">Facebook<\/a> \u00a0\u00a0<a class=\"et_pb_button et_pb_button_0 et_pb_bg_layout_dark\" href=\"https:\/\/twitter.com\/share?text=2019%20European%20Parliament%20Elections&amp;url=https%3A%2F%2Fwww.unhcr.org%2Feuropeanelections&amp;via=refugees\" target=\"_blank\" rel=\"noopener\">Twitter<\/a><\/p>\n<p>[\/et_pb_text][\/et_pb_column][\/et_pb_row][\/et_pb_section]<\/p>\n","protected":false},"excerpt":{"rendered":"<p>Septyni svarbiausi JT Pab\u0117g\u0117li\u0173 agent\u016bros (UNHCR) raginimai b\u016bsimosios kadencijos Europos Parlamentui Kariniai konfliktai, smurtas ir persekiojimas\u00a0priver\u010dia vis daugiau \u017emoni\u0173 palikti namus.\u00a0Dauguma j\u0173 pasilieka savo \u0161alyje ar pasitraukia \u012f kaimynines \u0161alis ir nevyksta \u012f Europ\u0105. Nors dabar ma\u017eiau \u017emoni\u0173 ie\u0161ko saugios vietos Europoje, j\u016broje tragi\u0161kai \u017e\u016bva vis dar labai daug pab\u0117g\u0117li\u0173, m\u0117ginan\u010di\u0173 surasti nauj\u0173 ateities galimybi\u0173. [&hellip;]<\/p>\n","protected":false},"author":1,"featured_media":0,"parent":0,"menu_order":0,"comment_status":"closed","ping_status":"closed","template":"","meta":{"_et_pb_use_builder":"on","_et_pb_old_content":"","_et_gb_content_width":"","footnotes":""},"class_list":["post-1751","page","type-page","status-publish","hentry"],"_links":{"self":[{"href":"https:\/\/www.unhcr.org\/europeanunion\/lt\/wp-json\/wp\/v2\/pages\/1751","targetHints":{"allow":["GET"]}}],"collection":[{"href":"https:\/\/www.unhcr.org\/europeanunion\/lt\/wp-json\/wp\/v2\/pages"}],"about":[{"href":"https:\/\/www.unhcr.org\/europeanunion\/lt\/wp-json\/wp\/v2\/types\/page"}],"author":[{"embeddable":true,"href":"https:\/\/www.unhcr.org\/europeanunion\/lt\/wp-json\/wp\/v2\/users\/1"}],"replies":[{"embeddable":true,"href":"https:\/\/www.unhcr.org\/europeanunion\/lt\/wp-json\/wp\/v2\/comments?post=1751"}],"version-history":[{"count":4,"href":"https:\/\/www.unhcr.org\/europeanunion\/lt\/wp-json\/wp\/v2\/pages\/1751\/revisions"}],"predecessor-version":[{"id":1940,"href":"https:\/\/www.unhcr.org\/europeanunion\/lt\/wp-json\/wp\/v2\/pages\/1751\/revisions\/1940"}],"wp:attachment":[{"href":"https:\/\/www.unhcr.org\/europeanunion\/lt\/wp-json\/wp\/v2\/media?parent=1751"}],"curies":[{"name":"wp","href":"https:\/\/api.w.org\/{rel}","templated":true}]}}