{"id":6447,"date":"2024-05-16T12:54:27","date_gmt":"2024-05-16T12:54:27","guid":{"rendered":"https:\/\/www.unhcr.org\/europeanunion\/unhcrs-seven-key-calls-to-the-next-european-parliament\/"},"modified":"2024-05-19T20:37:22","modified_gmt":"2024-05-19T20:37:22","slug":"unhcrs-seven-key-calls-to-the-next-european-parliament","status":"publish","type":"page","link":"https:\/\/www.unhcr.org\/europeanunion\/lt\/","title":{"rendered":"UNHCR&#8217;s seven key calls to the next European Parliament &#8211; LTU"},"content":{"rendered":"<p>[et_pb_section fb_built=&#8221;1&#8243; _builder_version=&#8221;4.16&#8243; background_color=&#8221;rgba(255,255,255,0)&#8221; custom_margin=&#8221;0px||0px|&#8221; custom_padding=&#8221;0px||0px|&#8221; global_colors_info=&#8221;{}&#8221;][et_pb_row column_structure=&#8221;1_2,1_2&#8243; make_equal=&#8221;on&#8221; _builder_version=&#8221;4.24.3&#8243; custom_css_main_element=&#8221;margin: auto;&#8221; global_colors_info=&#8221;{}&#8221;][et_pb_column type=&#8221;1_2&#8243; _builder_version=&#8221;4.24.3&#8243; custom_padding=&#8221;|||&#8221; custom_css_main_element=&#8221;margin: auto;&#8221; custom_css_free_form=&#8221;\t&#8221; global_colors_info=&#8221;{}&#8221; custom_padding__hover=&#8221;|||&#8221;][et_pb_text _builder_version=&#8221;4.24.3&#8243; text_font=&#8221;||||||||&#8221; header_font=&#8221;||||||||&#8221; header_text_color=&#8221;#0072bc&#8221; max_width=&#8221;80%&#8221; module_alignment=&#8221;left&#8221; custom_padding=&#8221;||||false|false&#8221; hover_enabled=&#8221;0&#8243; custom_css_main_element=&#8221;align-items: center;&#8221; global_colors_info=&#8221;{}&#8221; sticky_enabled=&#8221;0&#8243;]<\/p>\n<h1 style=\"text-align: left;\">Septyni svarbiausi UNHCR raginimai naujai i\u0161rinktam Europos Parlamentui<\/h1>\n<p>[\/et_pb_text][\/et_pb_column][et_pb_column type=&#8221;1_2&#8243; _builder_version=&#8221;4.16&#8243; custom_padding=&#8221;|||&#8221; global_colors_info=&#8221;{}&#8221; custom_padding__hover=&#8221;|||&#8221;][et_pb_video src=&#8221;https:\/\/www.youtube.com\/watch?v=l5BGeaurAmQ&#038;list=PLe7noxa9cIeZWA83flxg3gK-XxTGNdM3s&#038;index=2&#8243; image_src=&#8221;\/\/i.ytimg.com\/vi\/l5BGeaurAmQ\/hqdefault.jpg&#8221; play_icon_color=&#8221;#0072bc&#8221; thumbnail_overlay_color=&#8221;rgba(0,0,0,0.6)&#8221; module_class=&#8221;squarevideo&#8221; _builder_version=&#8221;4.24.3&#8243; custom_css_video_icon=&#8221;text-shadow: 2px 2px 2px rgba(0,0,0,0.3);&#8221; global_colors_info=&#8221;{}&#8221;][\/et_pb_video][\/et_pb_column][\/et_pb_row][\/et_pb_section][et_pb_section fb_built=&#8221;1&#8243; admin_label=&#8221;Introduction&#8221; module_id=&#8221;CH1&#8243; _builder_version=&#8221;4.16&#8243; background_color=&#8221;rgba(255,255,255,0.8)&#8221; collapsed=&#8221;off&#8221; global_colors_info=&#8221;{}&#8221;][et_pb_row _builder_version=&#8221;4.16&#8243; max_width=&#8221;800px&#8221; use_custom_width=&#8221;on&#8221; custom_width_px=&#8221;800px&#8221; global_colors_info=&#8221;{}&#8221;][et_pb_column type=&#8221;4_4&#8243; _builder_version=&#8221;4.16&#8243; custom_padding=&#8221;|||&#8221; global_colors_info=&#8221;{}&#8221; custom_padding__hover=&#8221;|||&#8221;][et_pb_text disabled_on=&#8221;||off&#8221; admin_label=&#8221;Intro&#8221; _builder_version=&#8221;4.24.3&#8243; header_font=&#8221;|700|||||||&#8221; header_font_size=&#8221;80&#8243; header_2_font=&#8221;|300|||||||&#8221; header_2_font_size=&#8221;30px&#8221; header_3_text_color=&#8221;#0072bc&#8221; hover_enabled=&#8221;0&#8243; header_font_size_tablet=&#8221;60&#8243; header_font_size_phone=&#8221;36&#8243; header_font_size_last_edited=&#8221;on|phone&#8221; header_2_font_size_tablet=&#8221;&#8221; header_2_font_size_phone=&#8221;24px&#8221; header_2_font_size_last_edited=&#8221;on|phone&#8221; global_colors_info=&#8221;{}&#8221; sticky_enabled=&#8221;0&#8243;]<\/p>\n<p class=\"intro\"><strong>D\u0117l konflikt\u0173, smurto ir persekiojimo vis daugiau \u017emoni\u0173 priversti palikti savo namus. <\/strong><\/p>\n<p class=\"intro\"><strong>Dauguma j\u0173 lieka savo \u0161alyje arba b\u0117ga \u012f kaimynines, ne \u012f Europos S\u0105jungos (ES) \u0161alis. Tragi\u0161ka, kad vis dar tiek daug \u017emoni\u0173 \u017e\u016bsta keliuose ir j\u016brose ie\u0161kodami apsaugos. Be to, prie sien\u0173 pab\u0117g\u0117liai vis dar atstumiami, \u017emogaus teisi\u0173 pa\u017eeidim\u0173 nema\u017e\u0117ja, tod\u0117l daugelis \u017emoni\u0173, ie\u0161kan\u010di\u0173 saugumo, negali patekti \u012f Europ\u0105.<\/strong><\/p>\n<p>B\u016bti pab\u0117g\u0117liu n\u0117ra pasirinkimas, ta\u010diau mes galime rinktis, kaip elgtis ir reaguoti. ES gali imtis vadovaujan\u010dio vaidmens saugant pab\u0117g\u0117lius ir suteikti vilties tiems, kurie yra toli nuo nam\u0173.<\/p>\n<p>Suk\u016brus bendr\u0105 proced\u016br\u0105, ES \u0161alys gal\u0117t\u0173 saugiai ir humani\u0161kai valdyti atvykstan\u010dius \u017emones taip, kad tai b\u016bt\u0173 naudinga ir pab\u0117g\u0117liams, ir juos priiman\u010dioms bendruomen\u0117ms.<\/p>\n<p>Remdama u\u017e Europos rib\u0173 esan\u010dias \u0161alis, ES taip pat gali suma\u017einti pavojing\u0173 kelioni\u0173 skai\u010di\u0173 ir pad\u0117ti rasti pab\u0117g\u0117liams ilgalaiki\u0173 galimybi\u0173 ir sprendim\u0173.<\/p>\n<p>[\/et_pb_text][\/et_pb_column][\/et_pb_row][\/et_pb_section][et_pb_section fb_built=&#8221;1&#8243; module_id=&#8221;CH2&#8243; _builder_version=&#8221;4.16&#8243; background_color=&#8221;rgba(255,255,255,0)&#8221; custom_padding=&#8221;||0px|&#8221; global_colors_info=&#8221;{}&#8221;][et_pb_row _builder_version=&#8221;4.16&#8243; max_width=&#8221;700px&#8221; module_alignment=&#8221;center&#8221; use_custom_width=&#8221;on&#8221; custom_width_px=&#8221;700px&#8221; global_colors_info=&#8221;{}&#8221;][et_pb_column type=&#8221;4_4&#8243; _builder_version=&#8221;4.16&#8243; custom_padding=&#8221;|||&#8221; global_colors_info=&#8221;{}&#8221; custom_padding__hover=&#8221;|||&#8221;][et_pb_text disabled_on=&#8221;||off&#8221; admin_label=&#8221;What can the EU do to better protect refugees?&#8221; _builder_version=&#8221;4.24.3&#8243; text_font_size=&#8221;20px&#8221; header_font=&#8221;|700|||||||&#8221; header_font_size=&#8221;80&#8243; header_2_font=&#8221;|700|||||||&#8221; header_2_text_color=&#8221;#0072bc&#8221; header_2_font_size=&#8221;48px&#8221; hover_enabled=&#8221;0&#8243; header_font_size_tablet=&#8221;60&#8243; header_font_size_phone=&#8221;36&#8243; header_font_size_last_edited=&#8221;on|phone&#8221; header_2_font_size_tablet=&#8221;&#8221; header_2_font_size_phone=&#8221;36px&#8221; header_2_font_size_last_edited=&#8221;on|phone&#8221; global_colors_info=&#8221;{}&#8221; sticky_enabled=&#8221;0&#8243;]<\/p>\n<h2 class=\"p1\" style=\"text-align: center;\">B\u016bsimojo Europos Parlamento nariai turi unikali\u0105 ir svarbi\u0105 galimyb\u0119 tai \u012fgyvendinti.<\/h2>\n<p>[\/et_pb_text][\/et_pb_column][\/et_pb_row][\/et_pb_section][et_pb_section fb_built=&#8221;1&#8243; _builder_version=&#8221;4.16&#8243; background_color=&#8221;rgba(255,255,255,0)&#8221; global_colors_info=&#8221;{}&#8221;][et_pb_row column_structure=&#8221;1_2,1_2&#8243; make_equal=&#8221;on&#8221; _builder_version=&#8221;4.16&#8243; global_colors_info=&#8221;{}&#8221;][et_pb_column type=&#8221;1_2&#8243; _builder_version=&#8221;4.16&#8243; background_color=&#8221;#f4f4f4&#8243; custom_padding=&#8221;20px|20px|20px|20px&#8221; global_colors_info=&#8221;{}&#8221; custom_padding__hover=&#8221;|||&#8221;][et_pb_video src=&#8221;https:\/\/www.youtube.com\/watch?v=z1A18BRxRu0&#038;list=PLe7noxa9cIeZWA83flxg3gK-XxTGNdM3s&#038;index=2&#8243; image_src=&#8221;https:\/\/www.unhcr.org\/europeanunion\/wp-content\/uploads\/sites\/70\/2024\/05\/24-action-1.jpg&#8221; play_icon_color=&#8221;#0072bc&#8221; module_class=&#8221;squarevideo&#8221; _builder_version=&#8221;4.24.3&#8243; custom_css_video_icon=&#8221;text-shadow: 2px 2px 2px rgba(0,0,0,0.3);&#8221; global_colors_info=&#8221;{}&#8221;][\/et_pb_video][et_pb_text _builder_version=&#8221;4.24.3&#8243; header_2_text_color=&#8221;#0072bc&#8221; header_3_font=&#8221;|700|||||||&#8221; header_3_text_color=&#8221;#0072BC&#8221; header_3_font_size=&#8221;26px&#8221; hover_enabled=&#8221;0&#8243; global_colors_info=&#8221;{}&#8221; sticky_enabled=&#8221;0&#8243;]<\/p>\n<h3 style=\"text-align: center;\">1. APSAUGOTI \u017dMONI\u0172 TEIS\u0118<br \/>\u012e SAUGUM\u0104 IR PRIEGLOBST\u012e<\/h3>\n<p><span>Ie\u0161koti saugios vietos nuo karo, konflikt\u0173 ir persekiojimo yra pagrindin\u0117 \u017emogaus teis\u0117. \u017dmon\u0117ms turi b\u016bti leista pra\u0161yti prieglobs\u010dio ir tai niekam netur\u0117t\u0173 kainuoti gyvyb\u0117s ar orumo. Nepri\u0117mimas ir \u017emogaus teisi\u0173 pa\u017eeidimas prie Europos sien\u0173 turi baigtis. Skubiai reikalinga, kad ES imt\u0173si veiksm\u0173 ir priimt\u0173 susitarimus d\u0117l j\u016broje i\u0161gelb\u0117t\u0173 \u017emoni\u0173 i\u0161laipinimo viet\u0173.<\/span><\/p>\n<p>[\/et_pb_text][\/et_pb_column][et_pb_column type=&#8221;1_2&#8243; _builder_version=&#8221;4.16&#8243; background_color=&#8221;#f4f4f4&#8243; custom_padding=&#8221;20px|20px|20px|20px&#8221; global_colors_info=&#8221;{}&#8221; custom_padding__hover=&#8221;|||&#8221;][et_pb_video src=&#8221;https:\/\/www.youtube.com\/watch?v=NOYuXXikOLY&#038;list=PLe7noxa9cIeZWA83flxg3gK-XxTGNdM3s&#038;index=3&#8243; image_src=&#8221;https:\/\/www.unhcr.org\/europeanunion\/wp-content\/uploads\/sites\/70\/2024\/05\/24-action-2.jpg&#8221; play_icon_color=&#8221;#0072bc&#8221; module_class=&#8221;squarevideo&#8221; _builder_version=&#8221;4.24.3&#8243; custom_css_video_icon=&#8221;text-shadow: 2px 2px 2px rgba(0,0,0,0.3);&#8221; global_colors_info=&#8221;{}&#8221;][\/et_pb_video][et_pb_text _builder_version=&#8221;4.24.3&#8243; header_2_text_color=&#8221;#0072bc&#8221; header_3_font=&#8221;|700|||||||&#8221; header_3_text_color=&#8221;#0072BC&#8221; header_3_font_size=&#8221;26px&#8221; hover_enabled=&#8221;0&#8243; locked=&#8221;off&#8221; global_colors_info=&#8221;{}&#8221; sticky_enabled=&#8221;0&#8243;]<\/p>\n<h3 style=\"text-align: center;\">2. U\u017dTIKRINTI HUMANI\u0160KAS PRIEGLOBS\u010cIO PROCED\u016aRAS<\/h3>\n<p>Pasienio proced\u016bros turi b\u016bti vykdomos lai- kantis teisini\u0173 garantij\u0173 ir nesudaryti s\u0105lyg\u0173 de facto sulaikymui. Vaikai niekada netur\u0117t\u0173 b\u016bti sulaikomi. Kiekvienas asmuo turi teis\u0119 \u012f tinka- mas pri\u0117mimo s\u0105lygas ir or\u0173 apgyvendinim\u0105. \u017dmogaus teis\u0117s galioja visiems, o pagarba joms niekada netur\u0117t\u0173 b\u016bti pamir\u0161ta. Asmenys, neturintys teis\u0117s \u012f tarptautin\u0119 apsaug\u0105, tur\u0117t\u0173 b\u016bti gr\u0105\u017einti \u012f savo kilm\u0117s \u0161alis, laikantis tinka- mo proceso ir laikantis j\u0173 \u017emogaus teisi\u0173.<\/p>\n<p>[\/et_pb_text][\/et_pb_column][\/et_pb_row][et_pb_row column_structure=&#8221;1_2,1_2&#8243; make_equal=&#8221;on&#8221; _builder_version=&#8221;4.16&#8243; global_colors_info=&#8221;{}&#8221;][et_pb_column type=&#8221;1_2&#8243; _builder_version=&#8221;4.16&#8243; background_color=&#8221;#f4f4f4&#8243; custom_padding=&#8221;20px|20px|20px|20px&#8221; global_colors_info=&#8221;{}&#8221; custom_padding__hover=&#8221;|||&#8221;][et_pb_video src=&#8221;https:\/\/www.youtube.com\/watch?v=JhQawGI4VcI&#038;list=PLe7noxa9cIeZWA83flxg3gK-XxTGNdM3s&#038;index=4&#8243; image_src=&#8221;https:\/\/www.unhcr.org\/europeanunion\/wp-content\/uploads\/sites\/70\/2024\/05\/24-action-3.jpg&#8221; play_icon_color=&#8221;#0072bc&#8221; module_class=&#8221;squarevideo&#8221; _builder_version=&#8221;4.24.3&#8243; custom_css_video_icon=&#8221;text-shadow: 2px 2px 2px rgba(0,0,0,0.3);&#8221; global_colors_info=&#8221;{}&#8221;][\/et_pb_video][et_pb_text _builder_version=&#8221;4.24.3&#8243; header_2_text_color=&#8221;#0072bc&#8221; header_3_font=&#8221;|700|||||||&#8221; header_3_text_color=&#8221;#0072BC&#8221; header_3_font_size=&#8221;26px&#8221; hover_enabled=&#8221;0&#8243; locked=&#8221;off&#8221; global_colors_info=&#8221;{}&#8221; sticky_enabled=&#8221;0&#8243;]<\/p>\n<h3 style=\"text-align: center;\">3. SOLIDARIZUOTIS IR DALYTIS<br \/>ATSAKOMYBE SU \u0160ALIMIS, KURIOS PRI\u0116M\u0116 DAUG PAB\u0116G\u0116LI\u0172<\/h3>\n<p>Atsakomyb\u0119 u\u017e prieglobs\u010dio pra\u0161ytoj\u0173 pri\u0117mim\u0105 ir apgyvendinim\u0105 galima s\u0105\u017einingai pasidalyti paskirstant \u017emones i\u0161 \u0161ali\u0173, kurios priima daug prieglobs\u010dio pra\u0161ytoj\u0173 ir pab\u0117g\u0117li\u0173, kitoms ES valstyb\u0117ms. Taip pat labai svarbus visuotinis solidarumas ir parama daug pab\u0117g\u0117li\u0173 priiman\u010dioms \u0161alims u\u017e ES rib\u0173.<\/p>\n<p>[\/et_pb_text][\/et_pb_column][et_pb_column type=&#8221;1_2&#8243; _builder_version=&#8221;4.16&#8243; background_color=&#8221;#f4f4f4&#8243; custom_padding=&#8221;20px|20px|20px|20px&#8221; global_colors_info=&#8221;{}&#8221; custom_padding__hover=&#8221;|||&#8221;][et_pb_video src=&#8221;https:\/\/www.youtube.com\/watch?v=VJODfEm5oZ0&#038;list=PLe7noxa9cIeZWA83flxg3gK-XxTGNdM3s&#038;index=5&#8243; image_src=&#8221;https:\/\/www.unhcr.org\/europeanunion\/wp-content\/uploads\/sites\/70\/2024\/05\/24-action-4.jpg&#8221; play_icon_color=&#8221;#0072bc&#8221; module_class=&#8221;squarevideo&#8221; _builder_version=&#8221;4.24.3&#8243; custom_css_video_icon=&#8221;text-shadow: 2px 2px 2px rgba(0,0,0,0.3);&#8221; global_colors_info=&#8221;{}&#8221;][\/et_pb_video][et_pb_text _builder_version=&#8221;4.24.3&#8243; header_2_text_color=&#8221;#0072bc&#8221; header_3_font=&#8221;|700|||||||&#8221; header_3_text_color=&#8221;#0072BC&#8221; header_3_font_size=&#8221;26px&#8221; hover_enabled=&#8221;0&#8243; locked=&#8221;off&#8221; global_colors_info=&#8221;{}&#8221; sticky_enabled=&#8221;0&#8243;]<\/p>\n<h3 style=\"text-align: center;\">4. PAD\u0116TI PAB\u0116G\u0116LIAMS J\u0172 MIGRACIJOS MAR\u0160RUTUOSE<\/h3>\n<p><span>Migruodami pab\u0117g\u0117liai susiduria su daugybe i\u0161\u0161\u016bki\u0173 \u2013 fizinis pavojus, i\u0161naudojimas, smurtas ir b\u016btiniausi\u0173 reikmen\u0173 tr\u016bkumas. Siekdama suma\u017einti \u017emoni\u0173 kan\u010dias pavojingose kelio- n\u0117se, ES gali remti intervencines priemones \u0161iuose mar\u0161rutuose ir pad\u0117ti migruojantiems \u017emon\u0117ms kuo grei\u010diau gauti apsaug\u0105, spren- dimus ir teisin\u0119 pagalb\u0105.<\/span><\/p>\n<p>[\/et_pb_text][\/et_pb_column][\/et_pb_row][et_pb_row column_structure=&#8221;1_2,1_2&#8243; make_equal=&#8221;on&#8221; _builder_version=&#8221;4.16&#8243; global_colors_info=&#8221;{}&#8221;][et_pb_column type=&#8221;1_2&#8243; _builder_version=&#8221;4.16&#8243; background_color=&#8221;#f4f4f4&#8243; custom_padding=&#8221;20px|20px|20px|20px&#8221; global_colors_info=&#8221;{}&#8221; custom_padding__hover=&#8221;|||&#8221;][et_pb_video src=&#8221;https:\/\/www.youtube.com\/watch?v=ywsIdZOEFhk&#038;list=PLe7noxa9cIeZWA83flxg3gK-XxTGNdM3s&#038;index=6&#8243; image_src=&#8221;https:\/\/www.unhcr.org\/europeanunion\/wp-content\/uploads\/sites\/70\/2024\/05\/24-action-5.jpg&#8221; play_icon_color=&#8221;#0072bc&#8221; module_class=&#8221;squarevideo&#8221; _builder_version=&#8221;4.24.3&#8243; custom_css_video_icon=&#8221;text-shadow: 2px 2px 2px rgba(0,0,0,0.3);&#8221; global_colors_info=&#8221;{}&#8221;][\/et_pb_video][et_pb_text _builder_version=&#8221;4.24.3&#8243; header_2_text_color=&#8221;#0072bc&#8221; header_3_font=&#8221;|700|||||||&#8221; header_3_text_color=&#8221;#0072BC&#8221; header_3_font_size=&#8221;26px&#8221; hover_enabled=&#8221;0&#8243; locked=&#8221;off&#8221; global_colors_info=&#8221;{}&#8221; sticky_enabled=&#8221;0&#8243;]<\/p>\n<h3 style=\"text-align: center;\">5. SUKURTI TEISINI\u0172 MECHANIZM\u0172, SKIRT\u0172 PAD\u0116TI PAB\u0116G\u0116LIAMS PASIEKTI SAUGIAS VIETAS EUROPOJE<\/h3>\n<p>ES \u0161alims \u012fsipareigojus didinti perk\u0117limo i\u0161 tre\u010di\u0173j\u0173 \u0161ali\u0173 bei kit\u0173 saugi\u0173 ir teis\u0117t\u0173 b\u016bd\u0173 skai\u010di\u0173, ma\u017eiau \u017emoni\u0173 leisis \u012f pavojingas keliones ie\u0161kodami saugaus prieglobs\u010dio Europoje. Norint u\u017etikrinti, kad pab\u0117g\u0117li\u0173 \u0161eimos gal\u0117t\u0173 v\u0117l b\u016bti kartu, reikalingos lanks\u010dios ir s\u0105\u017einingos proced\u016bros.<\/p>\n<p>[\/et_pb_text][\/et_pb_column][et_pb_column type=&#8221;1_2&#8243; _builder_version=&#8221;4.16&#8243; background_color=&#8221;#f4f4f4&#8243; custom_padding=&#8221;20px|20px|20px|20px&#8221; global_colors_info=&#8221;{}&#8221; custom_padding__hover=&#8221;|||&#8221;][et_pb_video src=&#8221;https:\/\/www.youtube.com\/watch?v=IIAhcfjabMU&#038;list=PLe7noxa9cIeZWA83flxg3gK-XxTGNdM3s&#038;index=7&#8243; image_src=&#8221;https:\/\/www.unhcr.org\/europeanunion\/wp-content\/uploads\/sites\/70\/2024\/05\/24-action-6.jpg&#8221; play_icon_color=&#8221;#0072bc&#8221; module_class=&#8221;squarevideo&#8221; _builder_version=&#8221;4.24.3&#8243; custom_css_video_icon=&#8221;text-shadow: 2px 2px 2px rgba(0,0,0,0.3);&#8221; global_colors_info=&#8221;{}&#8221;][\/et_pb_video][et_pb_text _builder_version=&#8221;4.24.3&#8243; header_2_text_color=&#8221;#0072bc&#8221; header_3_font=&#8221;|700|||||||&#8221; header_3_text_color=&#8221;#0072BC&#8221; header_3_font_size=&#8221;26px&#8221; hover_enabled=&#8221;0&#8243; locked=&#8221;off&#8221; global_colors_info=&#8221;{}&#8221; sticky_enabled=&#8221;0&#8243;]<\/p>\n<h3 style=\"text-align: center;\">6. PAD\u0116TI PAB\u0116G\u0116LIAMS KLEST\u0116TI, KAD IR KUR JIE B\u016aT\u0172<\/h3>\n<p>ES parama viso pasaulio \u0161alims pad\u0117s pab\u0117g\u0117liams susigr\u0105\u017einti savo gyvenim\u0105, kad ir kur jie b\u016bt\u0173. Papildomas ir lankstus ES humanitarin\u0117s pagalbos ir pl\u0117tros finansavimas yra labai svarbus, siekiant suteikti pab\u0117g\u0117liams gyvybi\u0161kai svarbi\u0105 pagalb\u0105, o juos priiman\u010dioms \u0161alims deram\u0105 param\u0105.<\/p>\n<p>[\/et_pb_text][\/et_pb_column][\/et_pb_row][et_pb_row column_structure=&#8221;1_2,1_2&#8243; make_equal=&#8221;on&#8221; _builder_version=&#8221;4.16&#8243; global_colors_info=&#8221;{}&#8221;][et_pb_column type=&#8221;1_2&#8243; _builder_version=&#8221;4.16&#8243; background_color=&#8221;#f4f4f4&#8243; custom_padding=&#8221;20px|20px|20px|20px&#8221; global_colors_info=&#8221;{}&#8221; custom_padding__hover=&#8221;|||&#8221;][et_pb_video src=&#8221;https:\/\/www.youtube.com\/watch?v=cxQroYNNGcI&#038;list=PLe7noxa9cIeZWA83flxg3gK-XxTGNdM3s&#038;index=8&#8243; image_src=&#8221;https:\/\/www.unhcr.org\/europeanunion\/wp-content\/uploads\/sites\/70\/2024\/05\/24-action-7.jpg&#8221; play_icon_color=&#8221;#0072bc&#8221; module_class=&#8221;squarevideo&#8221; _builder_version=&#8221;4.24.3&#8243; custom_css_video_icon=&#8221;text-shadow: 2px 2px 2px rgba(0,0,0,0.3);&#8221; global_colors_info=&#8221;{}&#8221;][\/et_pb_video][et_pb_text _builder_version=&#8221;4.24.3&#8243; header_2_text_color=&#8221;#0072bc&#8221; header_3_font=&#8221;|700|||||||&#8221; header_3_text_color=&#8221;#0072BC&#8221; header_3_font_size=&#8221;26px&#8221; hover_enabled=&#8221;0&#8243; locked=&#8221;off&#8221; global_colors_info=&#8221;{}&#8221; sticky_enabled=&#8221;0&#8243;]<\/p>\n<h3 style=\"text-align: center;\">7. PANAIKINTI BEPILIETYB\u0118<\/h3>\n<p>Milijonai \u017emoni\u0173 visame pasaulyje neturi pilietyb\u0117s, o \u0161imtai t\u016bkstan\u010di\u0173 j\u0173 gyvena ES. ES gali atlikti pagrindin\u012f vaidmen\u012f siekiant panaikinti asmen\u0173 be pilietyb\u0117s status\u0105 ir priimti \u012fstatymus bei proced\u016bras, kuriais b\u016bt\u0173 galima nustatyti ir apsaugoti asmenis be pilietyb\u0117s ir u\u017etikrinti j\u0173 galimyb\u0119 naudotis savo teis\u0117mis.<\/p>\n<p>[\/et_pb_text][\/et_pb_column][et_pb_column type=&#8221;1_2&#8243; _builder_version=&#8221;4.16&#8243; background_color=&#8221;#0072bc&#8221; custom_padding=&#8221;20px|20px|20px|20px&#8221; global_colors_info=&#8221;{}&#8221; custom_padding__hover=&#8221;|||&#8221;][et_pb_image src=&#8221;https:\/\/www.unhcr.org\/europeanunion\/wp-content\/uploads\/sites\/70\/2019\/04\/shareplaceholder.png&#8221; align=&#8221;center&#8221; align_tablet=&#8221;center&#8221; align_phone=&#8221;&#8221; align_last_edited=&#8221;on|desktop&#8221; disabled_on=&#8221;on|off|&#8221; _builder_version=&#8221;4.16&#8243; max_width=&#8221;50%&#8221; global_colors_info=&#8221;{}&#8221;][\/et_pb_image][et_pb_text _builder_version=&#8221;4.24.3&#8243; background_layout=&#8221;dark&#8221; hover_enabled=&#8221;0&#8243; global_colors_info=&#8221;{}&#8221; sticky_enabled=&#8221;0&#8243;]<\/p>\n<h2 style=\"text-align: center;\">Septyni veiksmai.<br \/>\n<strong>Viena bendra ateitis.<\/strong><br \/>\nViskas j\u016bs\u0173 rankose.<\/h2>\n<p>&nbsp;<\/p>\n<p style=\"text-align: center;\"><a class=\"et_pb_button et_pb_button_1 et_pb_bg_layout_dark\" href=\"https:\/\/www.unhcr.org\/europeanunion\/wp-content\/uploads\/sites\/70\/2024\/05\/UNHCR-EU_campaign_flyers-LTU-2024-screen.pdf\" target=\"_blank\" rel=\"noopener noreferrer\">Download brochure<\/a><\/p>\n<p>&nbsp;<\/p>\n<h3 style=\"text-align: center;\">Share this page<\/h3>\n<p style=\"text-align: center;\"><a class=\"et_pb_button et_pb_button_1 et_pb_bg_layout_dark\" href=\"https:\/\/www.facebook.com\/sharer.php?u=https%3A%2F%2Fwww.unhcr.org%2Feuropeanunion%2Flt%2F&amp;t=2024%20EUROPOS%20PARLAMENTO%20RINKIMAI\" target=\"_blank\" rel=\"noopener noreferrer\">Facebook<\/a> \u00a0\u00a0<a class=\"et_pb_button et_pb_button_0 et_pb_bg_layout_dark\" href=\"https:\/\/twitter.com\/share?text=2024%20EUROPOS%20PARLAMENTO%20RINKIMAI&amp;url=https%3A%2F%2Fwww.unhcr.org%2Feuropeanunion%2Flt%2F&amp;via=refugees\" target=\"_blank\" rel=\"noopener noreferrer\">Twitter<\/a> \u00a0\u00a0<a class=\"et_pb_button et_pb_button_0 et_pb_bg_layout_dark\" href=\"mailto:?to=&amp;body=https:\/\/www.unhcr.org\/europeanunion\/lt\/&amp;subject=Septyni svarbiausi UNHCR raginimai naujai i\u0161rinktam Europos Parlamentui\">Email<\/a><\/p>\n<p>[\/et_pb_text][\/et_pb_column][\/et_pb_row][\/et_pb_section]<\/p>\n","protected":false},"excerpt":{"rendered":"<p>Septyni svarbiausi UNHCR raginimai naujai i\u0161rinktam Europos ParlamentuiD\u0117l konflikt\u0173, smurto ir persekiojimo vis daugiau \u017emoni\u0173 priversti palikti savo namus. Dauguma j\u0173 lieka savo \u0161alyje arba b\u0117ga \u012f kaimynines, ne \u012f Europos S\u0105jungos (ES) \u0161alis. Tragi\u0161ka, kad vis dar tiek daug \u017emoni\u0173 \u017e\u016bsta keliuose ir j\u016brose ie\u0161kodami apsaugos. Be to, prie sien\u0173 pab\u0117g\u0117liai vis dar atstumiami, [&hellip;]<\/p>\n","protected":false},"author":28,"featured_media":5901,"parent":0,"menu_order":0,"comment_status":"closed","ping_status":"closed","template":"","meta":{"_et_pb_use_builder":"on","_et_pb_old_content":"","_et_gb_content_width":"","footnotes":""},"class_list":["post-6447","page","type-page","status-publish","has-post-thumbnail","hentry"],"_links":{"self":[{"href":"https:\/\/www.unhcr.org\/europeanunion\/lt\/wp-json\/wp\/v2\/pages\/6447","targetHints":{"allow":["GET"]}}],"collection":[{"href":"https:\/\/www.unhcr.org\/europeanunion\/lt\/wp-json\/wp\/v2\/pages"}],"about":[{"href":"https:\/\/www.unhcr.org\/europeanunion\/lt\/wp-json\/wp\/v2\/types\/page"}],"author":[{"embeddable":true,"href":"https:\/\/www.unhcr.org\/europeanunion\/lt\/wp-json\/wp\/v2\/users\/28"}],"replies":[{"embeddable":true,"href":"https:\/\/www.unhcr.org\/europeanunion\/lt\/wp-json\/wp\/v2\/comments?post=6447"}],"version-history":[{"count":2,"href":"https:\/\/www.unhcr.org\/europeanunion\/lt\/wp-json\/wp\/v2\/pages\/6447\/revisions"}],"predecessor-version":[{"id":6559,"href":"https:\/\/www.unhcr.org\/europeanunion\/lt\/wp-json\/wp\/v2\/pages\/6447\/revisions\/6559"}],"wp:featuredmedia":[{"embeddable":true,"href":"https:\/\/www.unhcr.org\/europeanunion\/lt\/wp-json\/wp\/v2\/media\/5901"}],"wp:attachment":[{"href":"https:\/\/www.unhcr.org\/europeanunion\/lt\/wp-json\/wp\/v2\/media?parent=6447"}],"curies":[{"name":"wp","href":"https:\/\/api.w.org\/{rel}","templated":true}]}}