{"id":1759,"date":"2019-02-11T13:14:48","date_gmt":"2019-02-11T13:14:48","guid":{"rendered":"https:\/\/www.unhcr.org\/europeanelections\/2019-european-parliament-elections\/"},"modified":"2019-05-07T09:45:20","modified_gmt":"2019-05-07T09:45:20","slug":"2019-european-parliament-elections","status":"publish","type":"page","link":"https:\/\/www.unhcr.org\/europeanunion\/ro\/2019-european-parliament-elections\/","title":{"rendered":"2019 European Parliament Elections"},"content":{"rendered":"<p>[et_pb_section bb_built=&#8221;1&#8243; specialty=&#8221;off&#8221; next_background_color=&#8221;rgba(255,255,255,0.8)&#8221; _builder_version=&#8221;3.17.6&#8243; background_color=&#8221;rgba(255,255,255,0)&#8221; custom_margin=&#8221;0px||0px|&#8221; custom_padding=&#8221;0px||0px|&#8221;][et_pb_row _builder_version=&#8221;3.17.6&#8243; gutter_width=&#8221;1&#8243; make_equal=&#8221;on&#8221; module_class_1=&#8221;vertcentercontainer&#8221;][et_pb_column type=&#8221;1_2&#8243;][et_pb_text _builder_version=&#8221;3.17.6&#8243; header_font=&#8221;|800|||||||&#8221; header_text_color=&#8221;#0072bc&#8221; header_font_size=&#8221;60px&#8221; module_class=&#8221;vertcenter&#8221; header_font_size_tablet=&#8221;50px&#8221; header_font_size_phone=&#8221;40px&#8221; header_font_size_last_edited=&#8221;on|phone&#8221;]<\/p>\n<h1><strong><span>\u0218apte recomand\u0103ri cheie din partea UNHCR pentru viitorul Parlament European<\/span><\/strong><\/h1>\n<p>[\/et_pb_text][\/et_pb_column][et_pb_column type=&#8221;1_2&#8243;][et_pb_video _builder_version=&#8221;3.17.6&#8243; src=&#8221;https:\/\/youtu.be\/MT8YD-Zrh6o&#8221; image_src=&#8221;https:\/\/www.unhcr.org\/europeanunion\/wp-content\/uploads\/sites\/70\/2019\/04\/circles-square.png&#8221; play_icon_color=&#8221;#0072bc&#8221; custom_css_video_icon=&#8221;text-shadow: 2px 2px 2px rgba(0,0,0,0.3);&#8221; module_class=&#8221;squarevideo&#8221; \/][\/et_pb_column][\/et_pb_row][\/et_pb_section][et_pb_section bb_built=&#8221;1&#8243; admin_label=&#8221;Introduction&#8221; _builder_version=&#8221;3.17.6&#8243; collapsed=&#8221;off&#8221; module_id=&#8221;CH1&#8243; prev_background_color=&#8221;rgba(255,255,255,0)&#8221; next_background_color=&#8221;rgba(255,255,255,0)&#8221; background_color=&#8221;rgba(255,255,255,0.8)&#8221;][et_pb_row _builder_version=&#8221;3.17.6&#8243; custom_width_px=&#8221;800px&#8221; use_custom_width=&#8221;on&#8221;][et_pb_column type=&#8221;4_4&#8243;][et_pb_text admin_label=&#8221;Intro&#8221; disabled_on=&#8221;||off&#8221; _builder_version=&#8221;3.17.6&#8243; header_font_size=&#8221;80&#8243; header_font_size_tablet=&#8221;60&#8243; header_font_size_last_edited=&#8221;on|phone&#8221; disabled=&#8221;off&#8221; header_font=&#8221;|700|||||||&#8221; header_font_size_phone=&#8221;36&#8243; header_2_font=&#8221;|300|||||||&#8221; header_2_font_size=&#8221;30px&#8221; header_2_font_size_phone=&#8221;24px&#8221; header_2_font_size_last_edited=&#8221;on|phone&#8221; header_3_text_color=&#8221;#0072bc&#8221;]<\/p>\n<h3><strong>Conflictele, violen\u021bele \u0219i persecu\u021biile oblig\u0103 tot mai mul\u021bi oameni s\u0103 \u00ee\u0219i abandoneze casele.<\/strong> Majoritatea r\u0103m\u00e2n \u00een \u021bara de origine sau caut\u0103 refugiu \u00een \u021b\u0103rile \u00eenvecinate, nu \u00een Europa.\u00a0<span style=\"color: #333333;font-size: 22px\">Chiar dac\u0103 \u00een prezent mai pu\u021bini oameni caut\u0103 siguran\u021ba \u00een Europa, mult prea mul\u021bi \u00ee\u0219i pierd via\u021ba \u00een mod tragic pe mare, \u00een c\u0103utarea unui nou viitor. Respingerile \u0219i abuzurile la frontierele terestre continu\u0103, iar mul\u021bi oameni care caut\u0103 protec\u021bie nu pot p\u0103trunde \u00een Europa.<\/span><\/h3>\n<p>Uniunea European\u0103 (UE) poate juca un rol important \u00een protejarea refugia\u021bilor \u00een Europa \u0219i \u00een afara ei, inclusiv prin sprijinirea implement\u0103rii Pactului Global privind Refugia\u021bii. Acest nou pact global va ajuta la furnizarea unui sprijin mai puternic pentru \u021b\u0103rile \u00een care tr\u0103iesc cei mai mul\u021bi refugia\u021bi. De asemenea, acesta \u00eencurajeaz\u0103 \u00eemp\u0103r\u021birea mai echitabil\u0103 a responsabilit\u0103\u021bii privind ajutarea persoanelor for\u021bate s\u0103-\u0219i p\u0103r\u0103seasc\u0103 \u021bara \u0219i s\u0103 caute refugiu \u00een alte p\u0103r\u021bi.<\/p>\n<p>Printr-un r\u0103spuns comun, statele UE pot gestiona sosirea oamenilor \u00eentr-un mod sigur \u0219i uman, care\u00a0 s\u0103 func\u021bioneze at\u00e2t pentru refugia\u021bi c\u00e2t \u0219i pentru comunit\u0103\u021bile care \u00eei g\u0103zduiesc. Prin sprijinirea \u021b\u0103rilor din afara Europei, UE poate, de asemenea, s\u0103 reduc\u0103 \u0219i c\u0103l\u0103toriile periculoase dar \u0219i s\u0103 ajute la identificarea oportunit\u0103\u021bilor pe termen lung, prin intermediul c\u0103rora refugia\u021bii s\u0103 prospere, nu doar s\u0103 supravie\u021buiasc\u0103.<\/p>\n<p>[\/et_pb_text][\/et_pb_column][\/et_pb_row][\/et_pb_section][et_pb_section bb_built=&#8221;1&#8243; specialty=&#8221;off&#8221; _builder_version=&#8221;3.17.6&#8243; module_id=&#8221;CH2&#8243; prev_background_color=&#8221;rgba(255,255,255,0.8)&#8221; next_background_color=&#8221;#000000&#8243; custom_padding=&#8221;||0px|&#8221; background_color=&#8221;rgba(255,255,255,0)&#8221;][et_pb_row _builder_version=&#8221;3.17.6&#8243; custom_width_px=&#8221;700px&#8221; module_alignment=&#8221;center&#8221; use_custom_width=&#8221;on&#8221;][et_pb_column type=&#8221;4_4&#8243;][et_pb_text admin_label=&#8221;BETTER PROTECT REFUGEES IN THE EU AND GLOBALLY&#8221; disabled_on=&#8221;||off&#8221; _builder_version=&#8221;3.17.6&#8243; header_font_size=&#8221;80&#8243; header_font_size_tablet=&#8221;60&#8243; header_font_size_last_edited=&#8221;on|phone&#8221; disabled=&#8221;off&#8221; header_font=&#8221;|700|||||||&#8221; header_font_size_phone=&#8221;36&#8243; header_2_font=&#8221;|700|||||||&#8221; header_2_font_size=&#8221;48px&#8221; header_2_font_size_phone=&#8221;36px&#8221; header_2_font_size_last_edited=&#8221;on|phone&#8221; text_font_size=&#8221;20px&#8221; header_2_text_color=&#8221;#0072bc&#8221;]<\/p>\n<h2 class=\"p1\" style=\"text-align: center\"><strong>Protejarea mai eficient\u0103 a refugia\u021bilor \u00een UE \u0219i la nivel global<\/strong><\/h2>\n<h3 class=\"p1\" style=\"text-align: center\"><span>Membrii urm\u0103torului Parlament European au o ocazie unic\u0103 \u0219i important\u0103 privind:<\/span><\/h3>\n<p>[\/et_pb_text][\/et_pb_column][\/et_pb_row][\/et_pb_section][et_pb_section bb_built=&#8221;1&#8243; specialty=&#8221;off&#8221; prev_background_color=&#8221;#000000&#8243; _builder_version=&#8221;3.17.6&#8243; background_color=&#8221;rgba(255,255,255,0)&#8221;][et_pb_row _builder_version=&#8221;3.17.6&#8243; background_color_1=&#8221;#f4f4f4&#8243; make_equal=&#8221;on&#8221; background_color_2=&#8221;#f4f4f4&#8243; padding_top_1=&#8221;20px&#8221; padding_right_1=&#8221;20px&#8221; padding_bottom_1=&#8221;20px&#8221; padding_left_1=&#8221;20px&#8221; padding_top_2=&#8221;20px&#8221; padding_right_2=&#8221;20px&#8221; padding_bottom_2=&#8221;20px&#8221; padding_left_2=&#8221;20px&#8221;][et_pb_column type=&#8221;1_2&#8243;][et_pb_video _builder_version=&#8221;3.17.6&#8243; src=&#8221;https:\/\/youtu.be\/Bce8w586rUk&#8221; image_src=&#8221;https:\/\/www.unhcr.org\/europeanunion\/wp-content\/uploads\/sites\/70\/2019\/04\/sq-1.jpg&#8221; play_icon_color=&#8221;#0072bc&#8221; custom_css_video_icon=&#8221;text-shadow: 2px 2px 2px rgba(0,0,0,0.3);&#8221; module_class=&#8221;squarevideo&#8221; \/][et_pb_text _builder_version=&#8221;3.17.6&#8243; header_2_text_color=&#8221;#0072bc&#8221;]<\/p>\n<h2 style=\"text-align: center\"><span>Protejarea drepturilor omului la siguran\u021b\u0103 \u0219i azil<\/span><\/h2>\n<p>Orice persoan\u0103 care fuge din calea conflictelor, violen\u021belor \u0219i persecu\u021biilor are dreptul s\u0103 caute un refugiu sigur. Oamenii care solicit\u0103 azil la frontier trebuie s\u0103 aib[ \u0219ansa de a-l ob\u021bine. Copiii nu trebuie s\u0103 fie niciodat\u0103 de\u021binu\u021bi, iar adul\u021bii, numai ca ultim\u0103 solu\u021bie, pentru o perioad\u0103 scurt\u0103, determinat\u0103. Drepturile omului sunt valabile pentru to\u021bi \u0219i trebuie respectate \u00eentotdeauna.<\/p>\n<p>[\/et_pb_text][\/et_pb_column][et_pb_column type=&#8221;1_2&#8243;][et_pb_video _builder_version=&#8221;3.17.6&#8243; src=&#8221;https:\/\/youtu.be\/Rv_WXnuHN1I&#8221; image_src=&#8221;https:\/\/www.unhcr.org\/europeanunion\/wp-content\/uploads\/sites\/70\/2019\/04\/sq-2.jpg&#8221; play_icon_color=&#8221;#0072bc&#8221; custom_css_video_icon=&#8221;text-shadow: 2px 2px 2px rgba(0,0,0,0.3);&#8221; module_class=&#8221;squarevideo&#8221; \/][et_pb_text _builder_version=&#8221;3.17.6&#8243; header_2_text_color=&#8221;#0072bc&#8221;]<\/p>\n<h2 style=\"text-align: center\"><span>Crearea unor proceduri de azil corecte \u0219i rapide \u00een UE<\/span><\/h2>\n<p>Persoanele care fug din calea conflictelor, violen\u021belor \u0219i persecu\u021biilor \u0219i ajung \u00een UE trebuie s\u0103 fie identificate rapid, pentru a beneficia de azil \u0219i de sprijin. Cele care nu sunt eligibile pentru a beneficia de protec\u021bie trebuie s\u0103 fie, de asemenea, identificate rapid \u0219i pot fi repatriate, cu demnitate \u0219i respect.<\/p>\n<p>[\/et_pb_text][\/et_pb_column][\/et_pb_row][et_pb_row _builder_version=&#8221;3.17.6&#8243; background_color_1=&#8221;#f4f4f4&#8243; make_equal=&#8221;on&#8221; background_color_2=&#8221;#f4f4f4&#8243; padding_top_1=&#8221;20px&#8221; padding_right_1=&#8221;20px&#8221; padding_bottom_1=&#8221;20px&#8221; padding_left_1=&#8221;20px&#8221; padding_top_2=&#8221;20px&#8221; padding_right_2=&#8221;20px&#8221; padding_bottom_2=&#8221;20px&#8221; padding_left_2=&#8221;20px&#8221;][et_pb_column type=&#8221;1_2&#8243;][et_pb_video _builder_version=&#8221;3.17.6&#8243; src=&#8221;https:\/\/youtu.be\/OgBz5-cWj6Q&#8221; image_src=&#8221;https:\/\/www.unhcr.org\/europeanunion\/wp-content\/uploads\/sites\/70\/2019\/04\/sq-3.jpg&#8221; play_icon_color=&#8221;#0072bc&#8221; custom_css_video_icon=&#8221;text-shadow: 2px 2px 2px rgba(0,0,0,0.3);&#8221; module_class=&#8221;squarevideo&#8221; \/][et_pb_text _builder_version=&#8221;3.17.6&#8243; header_2_text_color=&#8221;#0072bc&#8221;]<\/p>\n<h2 style=\"text-align: center\"><span>Solidaritate \u00eentre statele membre ale UE<\/span><\/h2>\n<p>Responsabilitatea de primire \u0219i g\u0103zduire a persoanelor care caut\u0103 un loc sigur \u0219i solicit\u0103 azil poate fi \u00eemp\u0103r\u021bit\u0103 \u00een mod echitabil \u0219i practic, de exemplu, prin transferul solicitan\u021bilor de azil din \u021b\u0103rile care \u00eei primesc \u00een num\u0103r mare c\u0103tre alte \u021b\u0103ri.<\/p>\n<p>[\/et_pb_text][\/et_pb_column][et_pb_column type=&#8221;1_2&#8243;][et_pb_video _builder_version=&#8221;3.17.6&#8243; src=&#8221;https:\/\/youtu.be\/zVY8OwvrOKo&#8221; image_src=&#8221;https:\/\/www.unhcr.org\/europeanunion\/wp-content\/uploads\/sites\/70\/2019\/04\/sq-4.jpg&#8221; play_icon_color=&#8221;#0072bc&#8221; custom_css_video_icon=&#8221;text-shadow: 2px 2px 2px rgba(0,0,0,0.3);&#8221; module_class=&#8221;squarevideo&#8221; \/][et_pb_text _builder_version=&#8221;3.17.6&#8243; header_2_text_color=&#8221;#0072bc&#8221;]<\/p>\n<h2 style=\"text-align: center\"><span>Oferirea mai multor op\u021biuni legale refugia\u021bilor care caut\u0103 un loc sigur \u00een Europa<\/span><\/h2>\n<p>Printr-un angajament ferm, suplimentar, al statelor din UE privind reinstalarea \u0219i alte op\u021biuni sigure \u0219i legale, mai pu\u021bine persoane vor \u00eentreprinde c\u0103l\u0103torii periculoase \u00een c\u0103utarea unui loc sigur \u00een Europa.<\/p>\n<p>[\/et_pb_text][\/et_pb_column][\/et_pb_row][et_pb_row _builder_version=&#8221;3.17.6&#8243; background_color_1=&#8221;#f4f4f4&#8243; make_equal=&#8221;on&#8221; background_color_2=&#8221;#f4f4f4&#8243; padding_top_1=&#8221;20px&#8221; padding_right_1=&#8221;20px&#8221; padding_bottom_1=&#8221;20px&#8221; padding_left_1=&#8221;20px&#8221; padding_top_2=&#8221;20px&#8221; padding_right_2=&#8221;20px&#8221; padding_bottom_2=&#8221;20px&#8221; padding_left_2=&#8221;20px&#8221;][et_pb_column type=&#8221;1_2&#8243;][et_pb_video _builder_version=&#8221;3.17.6&#8243; src=&#8221;https:\/\/youtu.be\/NKHL0_RPzE8&#8243; image_src=&#8221;https:\/\/www.unhcr.org\/europeanunion\/wp-content\/uploads\/sites\/70\/2019\/04\/sq-5.jpg&#8221; play_icon_color=&#8221;#0072bc&#8221; custom_css_video_icon=&#8221;text-shadow: 2px 2px 2px rgba(0,0,0,0.3);&#8221; module_class=&#8221;squarevideo&#8221; \/][et_pb_text _builder_version=&#8221;3.17.6&#8243; header_2_text_color=&#8221;#0072bc&#8221;]<\/p>\n<h2 style=\"text-align: center\"><span>Salvarea de vie\u021bi pe mare<\/span><\/h2>\n<p>Prea mul\u021bi oameni \u00ee\u0219i pierd via\u021ba \u00een \u00eencercarea de a traversa Marea Mediteran\u0103. De aceea, este necesar\u0103 cre\u0219terea capacit\u0103\u021bii de c\u0103utare \u0219i salvare \u0219i a num\u0103rului de porturi de debarcare \u00een Europa \u0219i \u00een afara ei. \u021a\u0103rile din UE trebuie s\u0103 ajung\u0103 la un acord privind locurile \u00een care oamenii salva\u021bi pe mare pot fi debarca\u021bi \u00een siguran\u021b\u0103.<\/p>\n<p>[\/et_pb_text][\/et_pb_column][et_pb_column type=&#8221;1_2&#8243;][et_pb_video _builder_version=&#8221;3.17.6&#8243; src=&#8221;https:\/\/youtu.be\/uZy4xQ2LyQY&#8221; image_src=&#8221;https:\/\/www.unhcr.org\/europeanunion\/wp-content\/uploads\/sites\/70\/2019\/04\/sq-6.jpg&#8221; play_icon_color=&#8221;#0072bc&#8221; custom_css_video_icon=&#8221;text-shadow: 2px 2px 2px rgba(0,0,0,0.3);&#8221; module_class=&#8221;squarevideo&#8221; \/][et_pb_text _builder_version=&#8221;3.17.6&#8243; header_2_text_color=&#8221;#0072bc&#8221;]<\/p>\n<h2 style=\"text-align: center\"><span>Primirea refugia\u021bilor \u00een noua lor cas\u0103<\/span><\/h2>\n<p>Oamenii \u00ee\u0219i reconstruiesc via\u021ba mai repede dac\u0103 se simt \u00een siguran\u021b\u0103, tr\u0103iesc \u00een condi\u021bii decente \u0219i beneficiaz\u0103 de drepturile omului, inclusiv dreptul la educa\u021bie. Atunci c\u00e2nd li se d\u0103 ocazia, refugia\u021bii se integreaz\u0103 \u0219i aduc o contribu\u021bie important\u0103 \u00een societ\u0103\u021bile-gazd\u0103.<\/p>\n<p>[\/et_pb_text][\/et_pb_column][\/et_pb_row][et_pb_row _builder_version=&#8221;3.17.6&#8243; background_color_1=&#8221;#f4f4f4&#8243; make_equal=&#8221;on&#8221; background_color_2=&#8221;#0072bc&#8221; padding_top_1=&#8221;20px&#8221; padding_right_1=&#8221;20px&#8221; padding_bottom_1=&#8221;20px&#8221; padding_left_1=&#8221;20px&#8221; padding_top_2=&#8221;20px&#8221; padding_right_2=&#8221;20px&#8221; padding_bottom_2=&#8221;20px&#8221; padding_left_2=&#8221;20px&#8221;][et_pb_column type=&#8221;1_2&#8243;][et_pb_video _builder_version=&#8221;3.17.6&#8243; src=&#8221;https:\/\/youtu.be\/_OfHKe-eL6Y&#8221; image_src=&#8221;https:\/\/www.unhcr.org\/europeanunion\/wp-content\/uploads\/sites\/70\/2019\/04\/sq-7.jpg&#8221; play_icon_color=&#8221;#0072bc&#8221; custom_css_video_icon=&#8221;text-shadow: 2px 2px 2px rgba(0,0,0,0.3);&#8221; module_class=&#8221;squarevideo&#8221; \/][et_pb_text _builder_version=&#8221;3.17.6&#8243; header_2_text_color=&#8221;#0072bc&#8221;]<\/p>\n<h2 style=\"text-align: center\"><span>Ajutarea refugia\u021bilor s\u0103 duc\u0103 o via\u021b\u0103 bun\u0103 oriunde s-ar afla<\/span><\/h2>\n<p>Sprijinul european acordat \u021b\u0103rilor din \u00eentreaga lume va ajuta refugia\u021bii s\u0103 \u00ee\u0219i reconstruiasc\u0103 via\u021ba oriunde s-ar afla. Dac\u0103 li se va oferi un viitor \u00een alt\u0103 parte, mai pu\u021bine persoane vor \u00eencerca s\u0103 \u00eentreprind\u0103 c\u0103l\u0103torii disperate c\u0103tre Europa.<\/p>\n<p>[\/et_pb_text][\/et_pb_column][et_pb_column type=&#8221;1_2&#8243;][et_pb_image _builder_version=&#8221;3.17.6&#8243; src=&#8221;https:\/\/www.unhcr.org\/europeanunion\/wp-content\/uploads\/sites\/70\/2019\/04\/shareplaceholder.png&#8221; align=&#8221;center&#8221; max_width=&#8221;50%&#8221; disabled_on=&#8221;on|off|&#8221; disabled=&#8221;off&#8221; \/][et_pb_text _builder_version=&#8221;3.17.6&#8243; background_layout=&#8221;dark&#8221;]<\/p>\n<h2 style=\"text-align: center\"><span>Distribui\u021bi aceast\u0103 pagin\u0103<\/span><\/h2>\n<p style=\"text-align: center\"><a class=\"et_pb_button et_pb_button_1 et_pb_bg_layout_dark\" href=\"https:\/\/www.facebook.com\/sharer.php?u=https%3A%2F%2Fwww.unhcr.org%2Feuropeanelections&amp;t=2019%20European%20Parliament%20Elections\" target=\"_blank\" rel=\"noopener\">Facebook<\/a> \u00a0\u00a0<a class=\"et_pb_button et_pb_button_0 et_pb_bg_layout_dark\" href=\"https:\/\/twitter.com\/share?text=2019%20European%20Parliament%20Elections&amp;url=https%3A%2F%2Fwww.unhcr.org%2Feuropeanelections&amp;via=refugees\" target=\"_blank\" rel=\"noopener\">Twitter<\/a><\/p>\n<p>[\/et_pb_text][\/et_pb_column][\/et_pb_row][\/et_pb_section]<\/p>\n","protected":false},"excerpt":{"rendered":"<p>\u0218apte recomand\u0103ri cheie din partea UNHCR pentru viitorul Parlament European Conflictele, violen\u021bele \u0219i persecu\u021biile oblig\u0103 tot mai mul\u021bi oameni s\u0103 \u00ee\u0219i abandoneze casele. Majoritatea r\u0103m\u00e2n \u00een \u021bara de origine sau caut\u0103 refugiu \u00een \u021b\u0103rile \u00eenvecinate, nu \u00een Europa.\u00a0Chiar dac\u0103 \u00een prezent mai pu\u021bini oameni caut\u0103 siguran\u021ba \u00een Europa, mult prea mul\u021bi \u00ee\u0219i pierd via\u021ba \u00een [&hellip;]<\/p>\n","protected":false},"author":1,"featured_media":0,"parent":0,"menu_order":0,"comment_status":"closed","ping_status":"closed","template":"","meta":{"_et_pb_use_builder":"on","_et_pb_old_content":"","_et_gb_content_width":"","footnotes":""},"class_list":["post-1759","page","type-page","status-publish","hentry"],"_links":{"self":[{"href":"https:\/\/www.unhcr.org\/europeanunion\/ro\/wp-json\/wp\/v2\/pages\/1759","targetHints":{"allow":["GET"]}}],"collection":[{"href":"https:\/\/www.unhcr.org\/europeanunion\/ro\/wp-json\/wp\/v2\/pages"}],"about":[{"href":"https:\/\/www.unhcr.org\/europeanunion\/ro\/wp-json\/wp\/v2\/types\/page"}],"author":[{"embeddable":true,"href":"https:\/\/www.unhcr.org\/europeanunion\/ro\/wp-json\/wp\/v2\/users\/1"}],"replies":[{"embeddable":true,"href":"https:\/\/www.unhcr.org\/europeanunion\/ro\/wp-json\/wp\/v2\/comments?post=1759"}],"version-history":[{"count":5,"href":"https:\/\/www.unhcr.org\/europeanunion\/ro\/wp-json\/wp\/v2\/pages\/1759\/revisions"}],"predecessor-version":[{"id":2444,"href":"https:\/\/www.unhcr.org\/europeanunion\/ro\/wp-json\/wp\/v2\/pages\/1759\/revisions\/2444"}],"wp:attachment":[{"href":"https:\/\/www.unhcr.org\/europeanunion\/ro\/wp-json\/wp\/v2\/media?parent=1759"}],"curies":[{"name":"wp","href":"https:\/\/api.w.org\/{rel}","templated":true}]}}