{"id":1767,"date":"2019-02-11T13:14:48","date_gmt":"2019-02-11T13:14:48","guid":{"rendered":"https:\/\/www.unhcr.org\/europeanelections\/2019-european-parliament-elections\/"},"modified":"2019-05-06T10:06:17","modified_gmt":"2019-05-06T10:06:17","slug":"2019-european-parliament-elections","status":"publish","type":"page","link":"https:\/\/www.unhcr.org\/europeanunion\/sv\/2019-european-parliament-elections\/","title":{"rendered":"2019 European Parliament Elections"},"content":{"rendered":"<p>[et_pb_section bb_built=&#8221;1&#8243; specialty=&#8221;off&#8221; next_background_color=&#8221;rgba(255,255,255,0.8)&#8221; _builder_version=&#8221;3.17.6&#8243; background_color=&#8221;rgba(255,255,255,0)&#8221; custom_margin=&#8221;0px||0px|&#8221; custom_padding=&#8221;0px||0px|&#8221;][et_pb_row _builder_version=&#8221;3.17.6&#8243; gutter_width=&#8221;1&#8243; make_equal=&#8221;on&#8221; module_class_1=&#8221;vertcentercontainer&#8221;][et_pb_column type=&#8221;1_2&#8243;][et_pb_text _builder_version=&#8221;3.17.6&#8243; header_font=&#8221;|800|||||||&#8221; header_text_color=&#8221;#0072bc&#8221; header_font_size=&#8221;60px&#8221; module_class=&#8221;vertcenter&#8221; header_font_size_tablet=&#8221;50px&#8221; header_font_size_phone=&#8221;40px&#8221; header_font_size_last_edited=&#8221;on|phone&#8221;]<\/p>\n<h1><strong>UNHCR:s sju uppmaningar till det nya Europaparlamentet <\/strong><\/h1>\n<p>[\/et_pb_text][\/et_pb_column][et_pb_column type=&#8221;1_2&#8243;][et_pb_video _builder_version=&#8221;3.17.6&#8243; src=&#8221;https:\/\/www.youtube.com\/watch?v=g1R7SgSlqrE&#8221; image_src=&#8221;https:\/\/www.unhcr.org\/europeanunion\/wp-content\/uploads\/sites\/70\/2019\/04\/circles-square.png&#8221; play_icon_color=&#8221;#0072bc&#8221; custom_css_video_icon=&#8221;text-shadow: 2px 2px 2px rgba(0,0,0,0.3);&#8221; module_class=&#8221;squarevideo&#8221; \/][\/et_pb_column][\/et_pb_row][\/et_pb_section][et_pb_section bb_built=&#8221;1&#8243; admin_label=&#8221;Introduction&#8221; _builder_version=&#8221;3.17.6&#8243; collapsed=&#8221;off&#8221; module_id=&#8221;CH1&#8243; prev_background_color=&#8221;rgba(255,255,255,0)&#8221; next_background_color=&#8221;rgba(255,255,255,0)&#8221; background_color=&#8221;rgba(255,255,255,0.8)&#8221;][et_pb_row _builder_version=&#8221;3.17.6&#8243; custom_width_px=&#8221;800px&#8221; use_custom_width=&#8221;on&#8221;][et_pb_column type=&#8221;4_4&#8243;][et_pb_text admin_label=&#8221;Intro&#8221; disabled_on=&#8221;||off&#8221; _builder_version=&#8221;3.17.6&#8243; header_font_size=&#8221;80&#8243; header_font_size_tablet=&#8221;60&#8243; header_font_size_last_edited=&#8221;on|phone&#8221; disabled=&#8221;off&#8221; header_font=&#8221;|700|||||||&#8221; header_font_size_phone=&#8221;36&#8243; header_2_font=&#8221;|300|||||||&#8221; header_2_font_size=&#8221;30px&#8221; header_2_font_size_phone=&#8221;24px&#8221; header_2_font_size_last_edited=&#8221;on|phone&#8221; header_3_text_color=&#8221;#0072bc&#8221;]<\/p>\n<h3><strong>Konflikt,\u00a0v\u00e5ld\u00a0och f\u00f6rf\u00f6ljelse\u00a0tvingar fler och fler m\u00e4nniskor p\u00e5 flykt fr\u00e5n sina hem.\u00a0<\/strong>De flesta stannar i sina heml\u00e4nder eller flyr till grannl\u00e4nder,\u00a0inte Europa.\u00a0Trots att f\u00e4rre m\u00e4nniskor numera s\u00f6ker sig till Europa f\u00f6r att finna trygghet s\u00e5 d\u00f6r fortfarande alltf\u00f6r m\u00e5nga till havs i s\u00f6kandet efter en ny framtid. Fortfarande blir m\u00e4nniskor stoppade och uts\u00e4tts f\u00f6r \u00f6vergrepp vid landgr\u00e4nserna, och m\u00e5nga som s\u00f6ker skydd kan inte komma in i Europa.<\/h3>\n<p>Europeiska unionen (EU) kan ta en ledande roll i att skydda flyktingar i Europa och v\u00e4rlden, bl.a. genom att st\u00f6dja den globala flyktingpakten. Denna nya \u00f6verenskommelse kommer att hj\u00e4lpa till att ge b\u00e4ttre st\u00f6d till de l\u00e4nder d\u00e4r det finns flest flyktingar. Den uppmuntrar ocks\u00e5 till r\u00e4ttvisare f\u00f6rdelning av ansvaret att hj\u00e4lpa de som tvingats fly sina l\u00e4nder.<\/p>\n<p>Genom ett samarbete, kan EU-l\u00e4nder hantera m\u00e4nniskors anl\u00e4ndande p\u00e5 ett s\u00e4kert och humant s\u00e4tt som fungerar f\u00f6r b\u00e5de flyktingar och de samh\u00e4llen som tar emot dem. Genom att st\u00f6dja l\u00e4nder utanf\u00f6r Europa kan EU ocks\u00e5 minska antalet farliga resor och hj\u00e4lpa till att finna l\u00e5ngsiktiga m\u00f6jligheter f\u00f6r flyktingar att leva bra liv och inte bara \u00f6verleva.<\/p>\n<p>[\/et_pb_text][\/et_pb_column][\/et_pb_row][\/et_pb_section][et_pb_section bb_built=&#8221;1&#8243; specialty=&#8221;off&#8221; _builder_version=&#8221;3.17.6&#8243; module_id=&#8221;CH2&#8243; prev_background_color=&#8221;rgba(255,255,255,0.8)&#8221; next_background_color=&#8221;#000000&#8243; custom_padding=&#8221;||0px|&#8221; background_color=&#8221;rgba(255,255,255,0)&#8221;][et_pb_row _builder_version=&#8221;3.17.6&#8243; custom_width_px=&#8221;700px&#8221; module_alignment=&#8221;center&#8221; use_custom_width=&#8221;on&#8221;][et_pb_column type=&#8221;4_4&#8243;][et_pb_text admin_label=&#8221;BETTER PROTECT REFUGEES IN THE EU AND GLOBALLY&#8221; disabled_on=&#8221;||off&#8221; _builder_version=&#8221;3.17.6&#8243; header_font_size=&#8221;80&#8243; header_font_size_tablet=&#8221;60&#8243; header_font_size_last_edited=&#8221;on|phone&#8221; disabled=&#8221;off&#8221; header_font=&#8221;|700|||||||&#8221; header_font_size_phone=&#8221;36&#8243; header_2_font=&#8221;|700|||||||&#8221; header_2_font_size=&#8221;48px&#8221; header_2_font_size_phone=&#8221;36px&#8221; header_2_font_size_last_edited=&#8221;on|phone&#8221; text_font_size=&#8221;20px&#8221; header_2_text_color=&#8221;#0072bc&#8221;]<\/p>\n<h2 class=\"p1\" style=\"text-align: center\"><strong><span class=\"s1\">B\u00e4ttre skydd f\u00f6r flyktingar i EU och i v\u00e4rlden.<\/span><\/strong><\/h2>\n<h3 class=\"p1\" style=\"text-align: center\">Ledam\u00f6terna i det kommande Europaparlamentet har en unik och viktig m\u00f6jlighet att:<\/h3>\n<p>[\/et_pb_text][\/et_pb_column][\/et_pb_row][\/et_pb_section][et_pb_section bb_built=&#8221;1&#8243; specialty=&#8221;off&#8221; prev_background_color=&#8221;#000000&#8243; _builder_version=&#8221;3.17.6&#8243; background_color=&#8221;rgba(255,255,255,0)&#8221;][et_pb_row _builder_version=&#8221;3.17.6&#8243; background_color_1=&#8221;#f4f4f4&#8243; make_equal=&#8221;on&#8221; background_color_2=&#8221;#f4f4f4&#8243; padding_top_1=&#8221;20px&#8221; padding_right_1=&#8221;20px&#8221; padding_bottom_1=&#8221;20px&#8221; padding_left_1=&#8221;20px&#8221; padding_top_2=&#8221;20px&#8221; padding_right_2=&#8221;20px&#8221; padding_bottom_2=&#8221;20px&#8221; padding_left_2=&#8221;20px&#8221;][et_pb_column type=&#8221;1_2&#8243;][et_pb_video _builder_version=&#8221;3.17.6&#8243; src=&#8221;https:\/\/youtu.be\/fNIQkCF-Zm8&#8243; image_src=&#8221;https:\/\/www.unhcr.org\/europeanunion\/wp-content\/uploads\/sites\/70\/2019\/04\/sq-1.jpg&#8221; play_icon_color=&#8221;#0072bc&#8221; custom_css_video_icon=&#8221;text-shadow: 2px 2px 2px rgba(0,0,0,0.3);&#8221; module_class=&#8221;squarevideo&#8221; \/][et_pb_text _builder_version=&#8221;3.17.6&#8243; header_2_text_color=&#8221;#0072bc&#8221;]<\/p>\n<h2 style=\"text-align: center\">Skydda m\u00e4nniskors r\u00e4tt till s\u00e4kerhet och asyl<\/h2>\n<p>Varje person som flyr fr\u00e5n konflikter, v\u00e5ld och f\u00f6rf\u00f6ljelse har r\u00e4tt att s\u00f6ka s\u00e4kerhet. M\u00e4nniskor som s\u00f6ker asyl vid gr\u00e4nserna m\u00e5ste f\u00e5 en m\u00f6jlighet att g\u00f6ra det. Barn ska aldrig sp\u00e4rras in, och vuxna endast som en sista utv\u00e4g under korta och tidsbest\u00e4mda perioder. M\u00e4nskliga r\u00e4ttigheter g\u00e4ller alla och m\u00e5ste alltid respekteras.<\/p>\n<p>[\/et_pb_text][\/et_pb_column][et_pb_column type=&#8221;1_2&#8243;][et_pb_video _builder_version=&#8221;3.17.6&#8243; src=&#8221;https:\/\/youtu.be\/Dx13Zou9e7s&#8221; image_src=&#8221;https:\/\/www.unhcr.org\/europeanunion\/wp-content\/uploads\/sites\/70\/2019\/04\/sq-2.jpg&#8221; play_icon_color=&#8221;#0072bc&#8221; custom_css_video_icon=&#8221;text-shadow: 2px 2px 2px rgba(0,0,0,0.3);&#8221; module_class=&#8221;squarevideo&#8221; \/][et_pb_text _builder_version=&#8221;3.17.6&#8243; header_2_text_color=&#8221;#0072bc&#8221;]<\/p>\n<h2 style=\"text-align: center\">Skapa r\u00e4ttvisa och snabba asylprocesser i EU<\/h2>\n<p class=\"p1\">M\u00e4nniskor som flyr konflikter, v\u00e5ld och f\u00f6rf\u00f6ljelse och kommer till EU beh\u00f6ver snabbt bli identifierade s\u00e5 att de kan f\u00e5 asyl och st\u00f6d. De som inte uppfyller kraven f\u00f6r skydd beh\u00f6ver ocks\u00e5 snabbt identifieras och med v\u00e4rdighet och respekt eventuellt s\u00e4ndas tillbaka.<\/p>\n<p>[\/et_pb_text][\/et_pb_column][\/et_pb_row][et_pb_row _builder_version=&#8221;3.17.6&#8243; background_color_1=&#8221;#f4f4f4&#8243; make_equal=&#8221;on&#8221; background_color_2=&#8221;#f4f4f4&#8243; padding_top_1=&#8221;20px&#8221; padding_right_1=&#8221;20px&#8221; padding_bottom_1=&#8221;20px&#8221; padding_left_1=&#8221;20px&#8221; padding_top_2=&#8221;20px&#8221; padding_right_2=&#8221;20px&#8221; padding_bottom_2=&#8221;20px&#8221; padding_left_2=&#8221;20px&#8221;][et_pb_column type=&#8221;1_2&#8243;][et_pb_video _builder_version=&#8221;3.17.6&#8243; src=&#8221;https:\/\/youtu.be\/WmDinhR5Bqw&#8221; image_src=&#8221;https:\/\/www.unhcr.org\/europeanunion\/wp-content\/uploads\/sites\/70\/2019\/04\/sq-3.jpg&#8221; play_icon_color=&#8221;#0072bc&#8221; custom_css_video_icon=&#8221;text-shadow: 2px 2px 2px rgba(0,0,0,0.3);&#8221; module_class=&#8221;squarevideo&#8221; \/][et_pb_text _builder_version=&#8221;3.17.6&#8243; header_2_text_color=&#8221;#0072bc&#8221;]<\/p>\n<h2 style=\"text-align: center\">Visa solidaritet mellan EU-l\u00e4nder<\/h2>\n<p>Ansvaret f\u00f6r mottagandet och omh\u00e4ndertagandet av m\u00e4nniskor som s\u00f6ker s\u00e4kerhet och asyl kan delas upp p\u00e5 ett r\u00e4ttvist och praktiskt s\u00e4tt \u2013 till exempel genom att omflytta asyls\u00f6kanden fr\u00e5n l\u00e4nder som tar emot ett stort antal m\u00e4nniskor till andra l\u00e4nder.<\/p>\n<p>[\/et_pb_text][\/et_pb_column][et_pb_column type=&#8221;1_2&#8243;][et_pb_video _builder_version=&#8221;3.17.6&#8243; src=&#8221;https:\/\/youtu.be\/3T7D3GOo1CM&#8221; image_src=&#8221;https:\/\/www.unhcr.org\/europeanunion\/wp-content\/uploads\/sites\/70\/2019\/04\/sq-4.jpg&#8221; play_icon_color=&#8221;#0072bc&#8221; custom_css_video_icon=&#8221;text-shadow: 2px 2px 2px rgba(0,0,0,0.3);&#8221; module_class=&#8221;squarevideo&#8221; \/][et_pb_text _builder_version=&#8221;3.17.6&#8243; header_2_text_color=&#8221;#0072bc&#8221;]<\/p>\n<h2 style=\"text-align: center\">Erbjuda fler lagliga alternativ f\u00f6r flyktingar att komma i s\u00e4kerhet i Europa<\/h2>\n<p>Med ytterligare, regelbundet \u00e5tagande fr\u00e5n EU-stater g\u00e4llande vidarebos\u00e4ttning och andra s\u00e4kra och lagliga alternativ, kommer f\u00e4rre m\u00e4nniskor att ta sig ut p\u00e5 farliga resor f\u00f6r att s\u00f6ka trygghet i Europa.<\/p>\n<p>[\/et_pb_text][\/et_pb_column][\/et_pb_row][et_pb_row _builder_version=&#8221;3.17.6&#8243; background_color_1=&#8221;#f4f4f4&#8243; make_equal=&#8221;on&#8221; background_color_2=&#8221;#f4f4f4&#8243; padding_top_1=&#8221;20px&#8221; padding_right_1=&#8221;20px&#8221; padding_bottom_1=&#8221;20px&#8221; padding_left_1=&#8221;20px&#8221; padding_top_2=&#8221;20px&#8221; padding_right_2=&#8221;20px&#8221; padding_bottom_2=&#8221;20px&#8221; padding_left_2=&#8221;20px&#8221;][et_pb_column type=&#8221;1_2&#8243;][et_pb_video _builder_version=&#8221;3.17.6&#8243; src=&#8221;https:\/\/youtu.be\/PVhEURkUu60&#8243; image_src=&#8221;https:\/\/www.unhcr.org\/europeanunion\/wp-content\/uploads\/sites\/70\/2019\/04\/sq-5.jpg&#8221; play_icon_color=&#8221;#0072bc&#8221; custom_css_video_icon=&#8221;text-shadow: 2px 2px 2px rgba(0,0,0,0.3);&#8221; module_class=&#8221;squarevideo&#8221; \/][et_pb_text _builder_version=&#8221;3.17.6&#8243; header_2_text_color=&#8221;#0072bc&#8221;]<\/p>\n<h2 style=\"text-align: center\">R\u00e4dda liv till havs<\/h2>\n<p>Alltf\u00f6r m\u00e5nga m\u00e4nniskor d\u00f6r n\u00e4r de f\u00f6rs\u00f6ker ta sig \u00f6ver Medelhavet. S\u00e5 f\u00f6rst\u00e4rkt s\u00f6k- och \u00e4ddningskapacitet<br \/>och s\u00e4kra hamnar f\u00f6r landstigning i och utanf\u00f6r Europa beh\u00f6vs. EU-l\u00e4nderna m\u00e5ste komma \u00f6verens om var \u00e4nniskor som r\u00e4ddas till havs kan stiga i land s\u00e4kert.<\/p>\n<p>[\/et_pb_text][\/et_pb_column][et_pb_column type=&#8221;1_2&#8243;][et_pb_video _builder_version=&#8221;3.17.6&#8243; src=&#8221;https:\/\/youtu.be\/CGg3Rzfrh0k&#8221; image_src=&#8221;https:\/\/www.unhcr.org\/europeanunion\/wp-content\/uploads\/sites\/70\/2019\/04\/sq-6.jpg&#8221; play_icon_color=&#8221;#0072bc&#8221; custom_css_video_icon=&#8221;text-shadow: 2px 2px 2px rgba(0,0,0,0.3);&#8221; module_class=&#8221;squarevideo&#8221; \/][et_pb_text _builder_version=&#8221;3.17.6&#8243; header_2_text_color=&#8221;#0072bc&#8221;]<\/p>\n<h2 style=\"text-align: center\">V\u00e4lkomna flyktingar i deras nya hem<\/h2>\n<p>M\u00e4nniskor bygger upp sina liv snabbare om de k\u00e4nner trygghet, har dr\u00e4gliga levnadsvillkor och om deras m\u00e4nskliga r\u00e4ttigheter respekteras, inklusive r\u00e4tten till utbildning. N\u00e4r flyktingar ges m\u00f6jlighet integreras de snabbare och bidrar till sina nya samh\u00e4llen<\/p>\n<p>[\/et_pb_text][\/et_pb_column][\/et_pb_row][et_pb_row _builder_version=&#8221;3.17.6&#8243; background_color_1=&#8221;#f4f4f4&#8243; make_equal=&#8221;on&#8221; background_color_2=&#8221;#0072bc&#8221; padding_top_1=&#8221;20px&#8221; padding_right_1=&#8221;20px&#8221; padding_bottom_1=&#8221;20px&#8221; padding_left_1=&#8221;20px&#8221; padding_top_2=&#8221;20px&#8221; padding_right_2=&#8221;20px&#8221; padding_bottom_2=&#8221;20px&#8221; padding_left_2=&#8221;20px&#8221;][et_pb_column type=&#8221;1_2&#8243;][et_pb_video _builder_version=&#8221;3.17.6&#8243; src=&#8221;https:\/\/youtu.be\/xbXNmlKAdro&#8221; image_src=&#8221;https:\/\/www.unhcr.org\/europeanunion\/wp-content\/uploads\/sites\/70\/2019\/04\/sq-7.jpg&#8221; play_icon_color=&#8221;#0072bc&#8221; custom_css_video_icon=&#8221;text-shadow: 2px 2px 2px rgba(0,0,0,0.3);&#8221; module_class=&#8221;squarevideo&#8221; \/][et_pb_text _builder_version=&#8221;3.17.6&#8243; header_2_text_color=&#8221;#0072bc&#8221;]<\/p>\n<h2 style=\"text-align: center\">Hj\u00e4lpa flyktingar att f\u00e5 ett bra liv var de \u00e4n \u00e4r<\/h2>\n<p>Europeiskt st\u00f6d till l\u00e4nder \u00f6ver hela v\u00e4rlden hj\u00e4lper flyktingar att bygga upp sina liv oavsett var de befinner sig. N\u00e4r de ges m\u00f6jlighet till en framtid n\u00e5gon annanstans, tar f\u00e4rre m\u00e4nniskor till desperata f\u00f6rs\u00f6k att resa till Europa.<\/p>\n<p>[\/et_pb_text][\/et_pb_column][et_pb_column type=&#8221;1_2&#8243;][et_pb_image _builder_version=&#8221;3.17.6&#8243; src=&#8221;https:\/\/www.unhcr.org\/europeanunion\/wp-content\/uploads\/sites\/70\/2019\/04\/shareplaceholder.png&#8221; align=&#8221;center&#8221; max_width=&#8221;50%&#8221; disabled_on=&#8221;on|off|&#8221; disabled=&#8221;off&#8221; \/][et_pb_text _builder_version=&#8221;3.17.6&#8243; background_layout=&#8221;dark&#8221;]<\/p>\n<h2 style=\"text-align: center\">Sju \u00e5tg\u00e4rder.<\/h2>\n<h2 style=\"text-align: center\">En gemensam framtid.<\/h2>\n<h2 style=\"text-align: center\">Det ligger i dina h\u00e4nder.<\/h2>\n<h2>\u00a0<\/h2>\n<h3 style=\"text-align: center\">Dela denna sida<\/h3>\n<p style=\"text-align: center\"><a class=\"et_pb_button et_pb_button_1 et_pb_bg_layout_dark\" href=\"https:\/\/www.facebook.com\/sharer.php?u=https%3A%2F%2Fwww.unhcr.org%2Feuropeanelections%2Fse&amp;t=2019%20European%20Parliament%20Elections\" target=\"_blank\" rel=\"noopener\">Facebook<\/a> \u00a0\u00a0<a class=\"et_pb_button et_pb_button_0 et_pb_bg_layout_dark\" href=\"https:\/\/twitter.com\/share?text=2019%20European%20Parliament%20Elections&amp;url=https%3A%2F%2Fwww.unhcr.org%2Feuropeanelections%2Fse&amp;via=refugees\" target=\"_blank\" rel=\"noopener\">Twitter<\/a><\/p>\n<p>[\/et_pb_text][\/et_pb_column][\/et_pb_row][\/et_pb_section]<\/p>\n","protected":false},"excerpt":{"rendered":"<p>UNHCR:s sju uppmaningar till det nya Europaparlamentet Konflikt,\u00a0v\u00e5ld\u00a0och f\u00f6rf\u00f6ljelse\u00a0tvingar fler och fler m\u00e4nniskor p\u00e5 flykt fr\u00e5n sina hem.\u00a0De flesta stannar i sina heml\u00e4nder eller flyr till grannl\u00e4nder,\u00a0inte Europa.\u00a0Trots att f\u00e4rre m\u00e4nniskor numera s\u00f6ker sig till Europa f\u00f6r att finna trygghet s\u00e5 d\u00f6r fortfarande alltf\u00f6r m\u00e5nga till havs i s\u00f6kandet efter en ny framtid. Fortfarande blir [&hellip;]<\/p>\n","protected":false},"author":1,"featured_media":0,"parent":0,"menu_order":0,"comment_status":"closed","ping_status":"closed","template":"","meta":{"_et_pb_use_builder":"on","_et_pb_old_content":"","_et_gb_content_width":"","footnotes":""},"class_list":["post-1767","page","type-page","status-publish","hentry"],"_links":{"self":[{"href":"https:\/\/www.unhcr.org\/europeanunion\/sv\/wp-json\/wp\/v2\/pages\/1767","targetHints":{"allow":["GET"]}}],"collection":[{"href":"https:\/\/www.unhcr.org\/europeanunion\/sv\/wp-json\/wp\/v2\/pages"}],"about":[{"href":"https:\/\/www.unhcr.org\/europeanunion\/sv\/wp-json\/wp\/v2\/types\/page"}],"author":[{"embeddable":true,"href":"https:\/\/www.unhcr.org\/europeanunion\/sv\/wp-json\/wp\/v2\/users\/1"}],"replies":[{"embeddable":true,"href":"https:\/\/www.unhcr.org\/europeanunion\/sv\/wp-json\/wp\/v2\/comments?post=1767"}],"version-history":[{"count":5,"href":"https:\/\/www.unhcr.org\/europeanunion\/sv\/wp-json\/wp\/v2\/pages\/1767\/revisions"}],"predecessor-version":[{"id":2405,"href":"https:\/\/www.unhcr.org\/europeanunion\/sv\/wp-json\/wp\/v2\/pages\/1767\/revisions\/2405"}],"wp:attachment":[{"href":"https:\/\/www.unhcr.org\/europeanunion\/sv\/wp-json\/wp\/v2\/media?parent=1767"}],"curies":[{"name":"wp","href":"https:\/\/api.w.org\/{rel}","templated":true}]}}