{"id":6453,"date":"2024-05-16T12:54:27","date_gmt":"2024-05-16T12:54:27","guid":{"rendered":"https:\/\/www.unhcr.org\/europeanunion\/unhcrs-seven-key-calls-to-the-next-european-parliament\/"},"modified":"2024-05-21T12:25:31","modified_gmt":"2024-05-21T12:25:31","slug":"unhcrs-seven-key-calls-to-the-next-european-parliament","status":"publish","type":"page","link":"https:\/\/www.unhcr.org\/europeanunion\/sv\/","title":{"rendered":"UNHCR&#8217;s seven key calls to the next European Parliament &#8211; SWE"},"content":{"rendered":"<p>[et_pb_section fb_built=&#8221;1&#8243; _builder_version=&#8221;4.16&#8243; background_color=&#8221;rgba(255,255,255,0)&#8221; custom_margin=&#8221;0px||0px|&#8221; custom_padding=&#8221;0px||0px|&#8221; global_colors_info=&#8221;{}&#8221;][et_pb_row column_structure=&#8221;1_2,1_2&#8243; make_equal=&#8221;on&#8221; _builder_version=&#8221;4.24.3&#8243; custom_css_main_element=&#8221;margin: auto;&#8221; global_colors_info=&#8221;{}&#8221;][et_pb_column type=&#8221;1_2&#8243; _builder_version=&#8221;4.24.3&#8243; custom_padding=&#8221;|||&#8221; custom_css_main_element=&#8221;margin: auto;&#8221; custom_css_free_form=&#8221;\t&#8221; global_colors_info=&#8221;{}&#8221; custom_padding__hover=&#8221;|||&#8221;][et_pb_text _builder_version=&#8221;4.24.3&#8243; text_font=&#8221;||||||||&#8221; header_font=&#8221;||||||||&#8221; header_text_color=&#8221;#0072bc&#8221; max_width=&#8221;80%&#8221; module_alignment=&#8221;left&#8221; custom_padding=&#8221;||||false|false&#8221; hover_enabled=&#8221;0&#8243; custom_css_main_element=&#8221;align-items: center;&#8221; global_colors_info=&#8221;{}&#8221; sticky_enabled=&#8221;0&#8243; header_font_size=&#8221;55px&#8221;]<\/p>\n<h1 style=\"text-align: left;\">UNHCR:s sju viktigaste uppmaningar till det kommande Europaparlamentet<\/h1>\n<p>[\/et_pb_text][\/et_pb_column][et_pb_column type=&#8221;1_2&#8243; _builder_version=&#8221;4.16&#8243; custom_padding=&#8221;|||&#8221; global_colors_info=&#8221;{}&#8221; custom_padding__hover=&#8221;|||&#8221;][et_pb_video src=&#8221;https:\/\/www.youtube.com\/watch?v=l5BGeaurAmQ&#038;list=PLe7noxa9cIeZWA83flxg3gK-XxTGNdM3s&#038;index=2&#8243; image_src=&#8221;\/\/i.ytimg.com\/vi\/l5BGeaurAmQ\/hqdefault.jpg&#8221; play_icon_color=&#8221;#0072bc&#8221; thumbnail_overlay_color=&#8221;rgba(0,0,0,0.6)&#8221; module_class=&#8221;squarevideo&#8221; _builder_version=&#8221;4.24.3&#8243; custom_css_video_icon=&#8221;text-shadow: 2px 2px 2px rgba(0,0,0,0.3);&#8221; global_colors_info=&#8221;{}&#8221;][\/et_pb_video][\/et_pb_column][\/et_pb_row][\/et_pb_section][et_pb_section fb_built=&#8221;1&#8243; admin_label=&#8221;Introduction&#8221; module_id=&#8221;CH1&#8243; _builder_version=&#8221;4.16&#8243; background_color=&#8221;rgba(255,255,255,0.8)&#8221; collapsed=&#8221;off&#8221; global_colors_info=&#8221;{}&#8221;][et_pb_row _builder_version=&#8221;4.16&#8243; max_width=&#8221;800px&#8221; use_custom_width=&#8221;on&#8221; custom_width_px=&#8221;800px&#8221; global_colors_info=&#8221;{}&#8221;][et_pb_column type=&#8221;4_4&#8243; _builder_version=&#8221;4.16&#8243; custom_padding=&#8221;|||&#8221; global_colors_info=&#8221;{}&#8221; custom_padding__hover=&#8221;|||&#8221;][et_pb_text disabled_on=&#8221;||off&#8221; admin_label=&#8221;Intro&#8221; _builder_version=&#8221;4.24.3&#8243; header_font=&#8221;|700|||||||&#8221; header_font_size=&#8221;80&#8243; header_2_font=&#8221;|300|||||||&#8221; header_2_font_size=&#8221;30px&#8221; header_3_text_color=&#8221;#0072bc&#8221; hover_enabled=&#8221;0&#8243; header_font_size_tablet=&#8221;60&#8243; header_font_size_phone=&#8221;36&#8243; header_font_size_last_edited=&#8221;on|phone&#8221; header_2_font_size_tablet=&#8221;&#8221; header_2_font_size_phone=&#8221;24px&#8221; header_2_font_size_last_edited=&#8221;on|phone&#8221; global_colors_info=&#8221;{}&#8221; sticky_enabled=&#8221;0&#8243;]<\/p>\n<p class=\"intro\"><strong>Konflikter, v\u00e5ld och f\u00f6rf\u00f6ljelse tvingar allt fler m\u00e4nniskor p\u00e5 flykt. De flesta flyr inom sitt eget land eller till grannl\u00e4nder, inte till EU. <\/strong><\/p>\n<p class=\"intro\">Trots detta mister m\u00e5nga m\u00e4nniskor livet under resor p\u00e5 land och till havs i s\u00f6kandet efter skydd. Dessutom forts\u00e4tter avvisningar, s.k. pushbacks och brott mot m\u00e4nskliga r\u00e4ttigheter, vilket g\u00f6r att m\u00e5nga som s\u00f6ker s\u00e4kerhet nekas intr\u00e4de till Europa.<\/p>\n<p>Att bli flykting \u00e4r inte ett val, men vi andra har ett val i hur vi v\u00e4ljer att agera. EU kan spela en avg\u00f6rande roll i att skydda flyktingar och ge hopp till dem som tvingats \u00f6verge sina hem.<\/p>\n<p>Genom samordnade insatser kan EU-l\u00e4nderna agera p\u00e5 ett s\u00e4kert och humant s\u00e4tt som gynnar b\u00e5de flyktingarna och de samh\u00e4llen de kommer till.<\/p>\n<p>Genom att ge st\u00f6d till l\u00e4nder utanf\u00f6r Europa kan EU bidra till att minska antalet farliga resor och att skapa l\u00e5ngsiktiga l\u00f6sningar f\u00f6r flyktingar.<\/p>\n<p>[\/et_pb_text][\/et_pb_column][\/et_pb_row][\/et_pb_section][et_pb_section fb_built=&#8221;1&#8243; module_id=&#8221;CH2&#8243; _builder_version=&#8221;4.16&#8243; background_color=&#8221;rgba(255,255,255,0)&#8221; custom_padding=&#8221;||0px|&#8221; global_colors_info=&#8221;{}&#8221;][et_pb_row _builder_version=&#8221;4.16&#8243; max_width=&#8221;700px&#8221; module_alignment=&#8221;center&#8221; use_custom_width=&#8221;on&#8221; custom_width_px=&#8221;700px&#8221; global_colors_info=&#8221;{}&#8221;][et_pb_column type=&#8221;4_4&#8243; _builder_version=&#8221;4.16&#8243; custom_padding=&#8221;|||&#8221; global_colors_info=&#8221;{}&#8221; custom_padding__hover=&#8221;|||&#8221;][et_pb_text disabled_on=&#8221;||off&#8221; admin_label=&#8221;What can the EU do to better protect refugees?&#8221; _builder_version=&#8221;4.24.3&#8243; text_font_size=&#8221;20px&#8221; header_font=&#8221;|700|||||||&#8221; header_font_size=&#8221;80&#8243; header_2_font=&#8221;|700|||||||&#8221; header_2_text_color=&#8221;#0072bc&#8221; header_2_font_size=&#8221;48px&#8221; hover_enabled=&#8221;0&#8243; header_font_size_tablet=&#8221;60&#8243; header_font_size_phone=&#8221;36&#8243; header_font_size_last_edited=&#8221;on|phone&#8221; header_2_font_size_tablet=&#8221;&#8221; header_2_font_size_phone=&#8221;36px&#8221; header_2_font_size_last_edited=&#8221;on|phone&#8221; global_colors_info=&#8221;{}&#8221; sticky_enabled=&#8221;0&#8243;]<\/p>\n<h2 class=\"p1\" style=\"text-align: center;\">Ledam\u00f6terna i n\u00e4sta Europaparlament har en unik och viktig m\u00f6jlighet att:<\/h2>\n<p>[\/et_pb_text][\/et_pb_column][\/et_pb_row][\/et_pb_section][et_pb_section fb_built=&#8221;1&#8243; _builder_version=&#8221;4.16&#8243; background_color=&#8221;rgba(255,255,255,0)&#8221; global_colors_info=&#8221;{}&#8221;][et_pb_row column_structure=&#8221;1_2,1_2&#8243; make_equal=&#8221;on&#8221; _builder_version=&#8221;4.16&#8243; global_colors_info=&#8221;{}&#8221;][et_pb_column type=&#8221;1_2&#8243; _builder_version=&#8221;4.16&#8243; background_color=&#8221;#f4f4f4&#8243; custom_padding=&#8221;20px|20px|20px|20px&#8221; global_colors_info=&#8221;{}&#8221; custom_padding__hover=&#8221;|||&#8221;][et_pb_video src=&#8221;https:\/\/www.youtube.com\/watch?v=z1A18BRxRu0&#038;list=PLe7noxa9cIeZWA83flxg3gK-XxTGNdM3s&#038;index=2&#8243; image_src=&#8221;https:\/\/www.unhcr.org\/europeanunion\/wp-content\/uploads\/sites\/70\/2024\/05\/24-action-1.jpg&#8221; play_icon_color=&#8221;#0072bc&#8221; module_class=&#8221;squarevideo&#8221; _builder_version=&#8221;4.24.3&#8243; custom_css_video_icon=&#8221;text-shadow: 2px 2px 2px rgba(0,0,0,0.3);&#8221; global_colors_info=&#8221;{}&#8221;][\/et_pb_video][et_pb_text _builder_version=&#8221;4.24.3&#8243; header_2_text_color=&#8221;#0072bc&#8221; header_3_font=&#8221;|700|||||||&#8221; header_3_text_color=&#8221;#0072BC&#8221; header_3_font_size=&#8221;26px&#8221; hover_enabled=&#8221;0&#8243; global_colors_info=&#8221;{}&#8221; sticky_enabled=&#8221;0&#8243;]<\/p>\n<h3 style=\"text-align: center;\">1. SKYDDA M\u00c4NNISKORS R\u00c4TT TILL S\u00c4KERHET OCH ASYL<\/h3>\n<p>Att s\u00f6ka skydd fr\u00e5n krig, konflikter och f\u00f6rf\u00f6ljelse \u00e4r en grundl\u00e4ggande m\u00e4nsklig r\u00e4ttighet. M\u00e4nniskor m\u00e5ste f\u00e5 m\u00f6jlighet att s\u00f6ka asyl och det ska aldrig kosta n\u00e5gon deras liv eller v\u00e4rdighet. Avvisningar och kr\u00e4nkningar av m\u00e4nskliga r\u00e4ttigheter vid Europas gr\u00e4nser m\u00e5ste upph\u00f6ra. EU m\u00e5ste etablera effektiva s\u00f6k- och r\u00e4ddningsinsatser till havs, samt ing\u00e5 avtal <span>om var personer som r\u00e4ddas kan lands\u00e4ttas.<\/span><\/p>\n<p>[\/et_pb_text][\/et_pb_column][et_pb_column type=&#8221;1_2&#8243; _builder_version=&#8221;4.16&#8243; background_color=&#8221;#f4f4f4&#8243; custom_padding=&#8221;20px|20px|20px|20px&#8221; global_colors_info=&#8221;{}&#8221; custom_padding__hover=&#8221;|||&#8221;][et_pb_video src=&#8221;https:\/\/www.youtube.com\/watch?v=NOYuXXikOLY&#038;list=PLe7noxa9cIeZWA83flxg3gK-XxTGNdM3s&#038;index=3&#8243; image_src=&#8221;https:\/\/www.unhcr.org\/europeanunion\/wp-content\/uploads\/sites\/70\/2024\/05\/24-action-2.jpg&#8221; play_icon_color=&#8221;#0072bc&#8221; module_class=&#8221;squarevideo&#8221; _builder_version=&#8221;4.24.3&#8243; custom_css_video_icon=&#8221;text-shadow: 2px 2px 2px rgba(0,0,0,0.3);&#8221; global_colors_info=&#8221;{}&#8221;][\/et_pb_video][et_pb_text _builder_version=&#8221;4.24.3&#8243; header_2_text_color=&#8221;#0072bc&#8221; header_3_font=&#8221;|700|||||||&#8221; header_3_text_color=&#8221;#0072BC&#8221; header_3_font_size=&#8221;26px&#8221; hover_enabled=&#8221;0&#8243; locked=&#8221;off&#8221; global_colors_info=&#8221;{}&#8221; sticky_enabled=&#8221;0&#8243;]<\/p>\n<h3 style=\"text-align: center;\">2. S\u00c4KERST\u00c4LLA HUMANA ASYLPROCESSER<\/h3>\n<p>Gr\u00e4nsf\u00f6rfaranden m\u00e5ste genomf\u00f6ras i enlighet med lagstadgade skyddsmekanismer och f\u00e5r inte resultera i frihetsber\u00f6vanden. Barn ska aldrig bli frihetsber\u00f6vade. Alla har r\u00e4tt till adekvata mottagningsf\u00f6rh\u00e5llanden och ett v\u00e4rdigt boende. M\u00e4nskliga r\u00e4ttigheter g\u00e4ller alla och m\u00e5ste respekteras under alla omst\u00e4ndigheter. De som inte \u00e4r ber\u00e4ttigade till internationellt skydd ska \u00e5terv\u00e4nda till sina ursprungsl\u00e4nder efter vederb\u00f6rlig process och i enlighet med deras m\u00e4nskliga r\u00e4ttigheter<\/p>\n<p>[\/et_pb_text][\/et_pb_column][\/et_pb_row][et_pb_row column_structure=&#8221;1_2,1_2&#8243; make_equal=&#8221;on&#8221; _builder_version=&#8221;4.16&#8243; global_colors_info=&#8221;{}&#8221;][et_pb_column type=&#8221;1_2&#8243; _builder_version=&#8221;4.16&#8243; background_color=&#8221;#f4f4f4&#8243; custom_padding=&#8221;20px|20px|20px|20px&#8221; global_colors_info=&#8221;{}&#8221; custom_padding__hover=&#8221;|||&#8221;][et_pb_video src=&#8221;https:\/\/www.youtube.com\/watch?v=JhQawGI4VcI&#038;list=PLe7noxa9cIeZWA83flxg3gK-XxTGNdM3s&#038;index=4&#8243; image_src=&#8221;https:\/\/www.unhcr.org\/europeanunion\/wp-content\/uploads\/sites\/70\/2024\/05\/24-action-3.jpg&#8221; play_icon_color=&#8221;#0072bc&#8221; module_class=&#8221;squarevideo&#8221; _builder_version=&#8221;4.24.3&#8243; custom_css_video_icon=&#8221;text-shadow: 2px 2px 2px rgba(0,0,0,0.3);&#8221; global_colors_info=&#8221;{}&#8221;][\/et_pb_video][et_pb_text _builder_version=&#8221;4.24.3&#8243; header_2_text_color=&#8221;#0072bc&#8221; header_3_font=&#8221;|700|||||||&#8221; header_3_text_color=&#8221;#0072BC&#8221; header_3_font_size=&#8221;26px&#8221; hover_enabled=&#8221;0&#8243; locked=&#8221;off&#8221; global_colors_info=&#8221;{}&#8221; sticky_enabled=&#8221;0&#8243;]<\/p>\n<h3 style=\"text-align: center;\">3. VISA SOLIDARITET MED L\u00c4NDER SOM TAR EMOT ETT STORT ANTAL FLYKTINGAR<\/h3>\n<p>Ansvar f\u00f6r att ta emot asyls\u00f6kande kan f\u00f6rdelas r\u00e4ttvist genom att personer flyttas fr\u00e5n l\u00e4nder dit m\u00e5nga asyls\u00f6kande s\u00f6ker sig till \u00f6vriga EU-l\u00e4nder. Det \u00e4r ocks\u00e5 viktigt att ge st\u00f6d och visa solidaritet med l\u00e4nder utanf\u00f6r EU som tar emot m\u00e5nga flyktingar.<\/p>\n<p>[\/et_pb_text][\/et_pb_column][et_pb_column type=&#8221;1_2&#8243; _builder_version=&#8221;4.16&#8243; background_color=&#8221;#f4f4f4&#8243; custom_padding=&#8221;20px|20px|20px|20px&#8221; global_colors_info=&#8221;{}&#8221; custom_padding__hover=&#8221;|||&#8221;][et_pb_video src=&#8221;https:\/\/www.youtube.com\/watch?v=VJODfEm5oZ0&#038;list=PLe7noxa9cIeZWA83flxg3gK-XxTGNdM3s&#038;index=5&#8243; image_src=&#8221;https:\/\/www.unhcr.org\/europeanunion\/wp-content\/uploads\/sites\/70\/2024\/05\/24-action-4.jpg&#8221; play_icon_color=&#8221;#0072bc&#8221; module_class=&#8221;squarevideo&#8221; _builder_version=&#8221;4.24.3&#8243; custom_css_video_icon=&#8221;text-shadow: 2px 2px 2px rgba(0,0,0,0.3);&#8221; global_colors_info=&#8221;{}&#8221;][\/et_pb_video][et_pb_text _builder_version=&#8221;4.24.3&#8243; header_2_text_color=&#8221;#0072bc&#8221; header_3_font=&#8221;|700|||||||&#8221; header_3_text_color=&#8221;#0072BC&#8221; header_3_font_size=&#8221;26px&#8221; hover_enabled=&#8221;0&#8243; locked=&#8221;off&#8221; global_colors_info=&#8221;{}&#8221; sticky_enabled=&#8221;0&#8243;]<\/p>\n<h3 style=\"text-align: center;\">4. HJ\u00c4LPA FLYKTINGAR L\u00c4NGS MED MIGRATIONSV\u00c4GARNA<\/h3>\n<p>Flyktingar m\u00f6ter sv\u00e5ra utmaningar n\u00e4r de befinner sig p\u00e5 flykt &#8211; det kan handla om fysiska faror, risk f\u00f6r exploatering och v\u00e5ld. F\u00f6r att minska m\u00e4nskligt lidande b\u00f6r EU st\u00f6dja insatser l\u00e4ngs flyktv\u00e4garna och s\u00e5 tidigt som m\u00f6jligt erbjuda h\u00e5llbara och lagliga l\u00f6sningar f\u00f6r m\u00e4nniskor i behov av skydd.<\/p>\n<p>[\/et_pb_text][\/et_pb_column][\/et_pb_row][et_pb_row column_structure=&#8221;1_2,1_2&#8243; make_equal=&#8221;on&#8221; _builder_version=&#8221;4.16&#8243; global_colors_info=&#8221;{}&#8221;][et_pb_column type=&#8221;1_2&#8243; _builder_version=&#8221;4.16&#8243; background_color=&#8221;#f4f4f4&#8243; custom_padding=&#8221;20px|20px|20px|20px&#8221; global_colors_info=&#8221;{}&#8221; custom_padding__hover=&#8221;|||&#8221;][et_pb_video src=&#8221;https:\/\/www.youtube.com\/watch?v=ywsIdZOEFhk&#038;list=PLe7noxa9cIeZWA83flxg3gK-XxTGNdM3s&#038;index=6&#8243; image_src=&#8221;https:\/\/www.unhcr.org\/europeanunion\/wp-content\/uploads\/sites\/70\/2024\/05\/24-action-5.jpg&#8221; play_icon_color=&#8221;#0072bc&#8221; module_class=&#8221;squarevideo&#8221; _builder_version=&#8221;4.24.3&#8243; custom_css_video_icon=&#8221;text-shadow: 2px 2px 2px rgba(0,0,0,0.3);&#8221; global_colors_info=&#8221;{}&#8221;][\/et_pb_video][et_pb_text _builder_version=&#8221;4.24.3&#8243; header_2_text_color=&#8221;#0072bc&#8221; header_3_font=&#8221;|700|||||||&#8221; header_3_text_color=&#8221;#0072BC&#8221; header_3_font_size=&#8221;26px&#8221; hover_enabled=&#8221;0&#8243; locked=&#8221;off&#8221; global_colors_info=&#8221;{}&#8221; sticky_enabled=&#8221;0&#8243;]<\/p>\n<h3 style=\"text-align: center;\">5.\u00a0ERBJUDA FLER LAGLIGA V\u00c4GAR F\u00d6R FLYKTINGAR ATT N\u00c5 S\u00c4KERHET I EUROPA<\/h3>\n<p>Genom att \u00f6ka antalet vidarebos\u00e4ttnings- platser och erbjuda andra s\u00e4kra och lagliga v\u00e4gar kan vi minska antalet personer som tvingas bege sig p\u00e5 farliga resor f\u00f6r att s\u00f6ka s\u00e4kerhet i Europa. F\u00f6r att s\u00e4kerst\u00e4lla att flyktingfamiljer kan \u00e5terf\u00f6renas kr\u00e4vs flexibla och r\u00e4ttvisa procedurer.<\/p>\n<p>[\/et_pb_text][\/et_pb_column][et_pb_column type=&#8221;1_2&#8243; _builder_version=&#8221;4.16&#8243; background_color=&#8221;#f4f4f4&#8243; custom_padding=&#8221;20px|20px|20px|20px&#8221; global_colors_info=&#8221;{}&#8221; custom_padding__hover=&#8221;|||&#8221;][et_pb_video src=&#8221;https:\/\/www.youtube.com\/watch?v=IIAhcfjabMU&#038;list=PLe7noxa9cIeZWA83flxg3gK-XxTGNdM3s&#038;index=7&#8243; image_src=&#8221;https:\/\/www.unhcr.org\/europeanunion\/wp-content\/uploads\/sites\/70\/2024\/05\/24-action-6.jpg&#8221; play_icon_color=&#8221;#0072bc&#8221; module_class=&#8221;squarevideo&#8221; _builder_version=&#8221;4.24.3&#8243; custom_css_video_icon=&#8221;text-shadow: 2px 2px 2px rgba(0,0,0,0.3);&#8221; global_colors_info=&#8221;{}&#8221;][\/et_pb_video][et_pb_text _builder_version=&#8221;4.24.3&#8243; header_2_text_color=&#8221;#0072bc&#8221; header_3_font=&#8221;|700|||||||&#8221; header_3_text_color=&#8221;#0072BC&#8221; header_3_font_size=&#8221;26px&#8221; hover_enabled=&#8221;0&#8243; locked=&#8221;off&#8221; global_colors_info=&#8221;{}&#8221; sticky_enabled=&#8221;0&#8243;]<\/p>\n<h3 style=\"text-align: center;\">6. HJ\u00c4LPA FLYKTINGAR ATT TRIVAS VAR DE \u00c4N BEFINNER SIG<\/h3>\n<p><span>EU:s st\u00f6d till l\u00e4nder runt om i v\u00e4rlden hj\u00e4lper flyktingar att \u00e5teruppbygga sina liv. EU-bist\u00e5nd f\u00f6r humanit\u00e4ra insatser och utveckling \u00e4r avg\u00f6rande. Det tillhandah\u00e5ller livsviktig hj\u00e4lp till flyktingar och st\u00f6djer v\u00e4rdl\u00e4nderna.<\/span><\/p>\n<p>[\/et_pb_text][\/et_pb_column][\/et_pb_row][et_pb_row column_structure=&#8221;1_2,1_2&#8243; make_equal=&#8221;on&#8221; _builder_version=&#8221;4.16&#8243; global_colors_info=&#8221;{}&#8221;][et_pb_column type=&#8221;1_2&#8243; _builder_version=&#8221;4.16&#8243; background_color=&#8221;#f4f4f4&#8243; custom_padding=&#8221;20px|20px|20px|20px&#8221; global_colors_info=&#8221;{}&#8221; custom_padding__hover=&#8221;|||&#8221;][et_pb_video src=&#8221;https:\/\/www.youtube.com\/watch?v=cxQroYNNGcI&#038;list=PLe7noxa9cIeZWA83flxg3gK-XxTGNdM3s&#038;index=8&#8243; image_src=&#8221;https:\/\/www.unhcr.org\/europeanunion\/wp-content\/uploads\/sites\/70\/2024\/05\/24-action-7.jpg&#8221; play_icon_color=&#8221;#0072bc&#8221; module_class=&#8221;squarevideo&#8221; _builder_version=&#8221;4.24.3&#8243; custom_css_video_icon=&#8221;text-shadow: 2px 2px 2px rgba(0,0,0,0.3);&#8221; global_colors_info=&#8221;{}&#8221;][\/et_pb_video][et_pb_text _builder_version=&#8221;4.24.3&#8243; header_2_text_color=&#8221;#0072bc&#8221; header_3_font=&#8221;|700|||||||&#8221; header_3_text_color=&#8221;#0072BC&#8221; header_3_font_size=&#8221;26px&#8221; hover_enabled=&#8221;0&#8243; locked=&#8221;off&#8221; global_colors_info=&#8221;{}&#8221; sticky_enabled=&#8221;0&#8243;]<\/p>\n<h3 style=\"text-align: center;\">7. AVSKAFFA STATSL\u00d6SHET<\/h3>\n<p><span>Miljontals m\u00e4nniskor \u00f6ver hela v\u00e4rlden lever som statsl\u00f6sa. Hundratusentals av dem bor i EU-l\u00e4nder. EU kan spela en avg\u00f6rande roll i arbetet med att eliminera statsl\u00f6shet genom att implementera lagar och procedurer som identifierar och skyddar statsl\u00f6sa personer, och som s\u00e4kerst\u00e4ller att de f\u00e5r \u00e5tnjuta sina grundl\u00e4ggande r\u00e4ttigheter.<\/span><\/p>\n<p>[\/et_pb_text][\/et_pb_column][et_pb_column type=&#8221;1_2&#8243; _builder_version=&#8221;4.16&#8243; background_color=&#8221;#0072bc&#8221; custom_padding=&#8221;20px|20px|20px|20px&#8221; global_colors_info=&#8221;{}&#8221; custom_padding__hover=&#8221;|||&#8221;][et_pb_image src=&#8221;https:\/\/www.unhcr.org\/europeanunion\/wp-content\/uploads\/sites\/70\/2019\/04\/shareplaceholder.png&#8221; align=&#8221;center&#8221; align_tablet=&#8221;center&#8221; align_phone=&#8221;&#8221; align_last_edited=&#8221;on|desktop&#8221; disabled_on=&#8221;on|off|&#8221; _builder_version=&#8221;4.16&#8243; max_width=&#8221;50%&#8221; global_colors_info=&#8221;{}&#8221;][\/et_pb_image][et_pb_text _builder_version=&#8221;4.24.3&#8243; background_layout=&#8221;dark&#8221; hover_enabled=&#8221;0&#8243; global_colors_info=&#8221;{}&#8221; sticky_enabled=&#8221;0&#8243;]<\/p>\n<h2 style=\"text-align: center;\">Sju \u00e5tg\u00e4rdspunkter.<br \/>\n<strong>En gemensam framtid.<\/strong><br \/>\nDet ligger i era h\u00e4nder.<\/h2>\n<p>&nbsp;<\/p>\n<p style=\"text-align: center;\"><a class=\"et_pb_button et_pb_button_1 et_pb_bg_layout_dark\" href=\"https:\/\/www.unhcr.org\/europeanunion\/wp-content\/uploads\/sites\/70\/2024\/05\/UNHCR-EU_campaign_flyers-SWE-2024-screen.pdf\" target=\"_blank\" rel=\"noopener noreferrer\">Download brochure<\/a><\/p>\n<p>&nbsp;<\/p>\n<h3 style=\"text-align: center;\">Share this page<\/h3>\n<p style=\"text-align: center;\"><a class=\"et_pb_button et_pb_button_1 et_pb_bg_layout_dark\" href=\"https:\/\/www.facebook.com\/sharer.php?u=https%3A%2F%2Fwww.unhcr.org%2Feuropeanunion%2Fsv%2F&amp;t=2024%20VAL%20TILL%20EUROPAPARLAMENTET\" target=\"_blank\" rel=\"noopener noreferrer\">Facebook<\/a> \u00a0\u00a0<a class=\"et_pb_button et_pb_button_0 et_pb_bg_layout_dark\" href=\"https:\/\/twitter.com\/share?text=2024%20VAL%20TILL%20EUROPAPARLAMENTET&amp;url=https%3A%2F%2Fwww.unhcr.org%2Feuropeanunion%2Fsv%2F&amp;via=refugees\" target=\"_blank\" rel=\"noopener noreferrer\">Twitter<\/a> \u00a0\u00a0<a class=\"et_pb_button et_pb_button_0 et_pb_bg_layout_dark\" href=\"mailto:?to=&amp;body=https:\/\/www.unhcr.org\/europeanunion\/sv\/&amp;subject=UNHCR:s sju viktigaste uppmaningar till det kommande Europaparlamentet\">Email<\/a><\/p>\n<p>[\/et_pb_text][\/et_pb_column][\/et_pb_row][\/et_pb_section]<\/p>\n","protected":false},"excerpt":{"rendered":"<p>UNHCR:s sju viktigaste uppmaningar till det kommande EuropaparlamentetKonflikter, v\u00e5ld och f\u00f6rf\u00f6ljelse tvingar allt fler m\u00e4nniskor p\u00e5 flykt. De flesta flyr inom sitt eget land eller till grannl\u00e4nder, inte till EU. Trots detta mister m\u00e5nga m\u00e4nniskor livet under resor p\u00e5 land och till havs i s\u00f6kandet efter skydd. Dessutom forts\u00e4tter avvisningar, s.k. pushbacks och brott mot [&hellip;]<\/p>\n","protected":false},"author":28,"featured_media":5917,"parent":0,"menu_order":0,"comment_status":"closed","ping_status":"closed","template":"","meta":{"_et_pb_use_builder":"on","_et_pb_old_content":"","_et_gb_content_width":"","footnotes":""},"class_list":["post-6453","page","type-page","status-publish","has-post-thumbnail","hentry"],"_links":{"self":[{"href":"https:\/\/www.unhcr.org\/europeanunion\/sv\/wp-json\/wp\/v2\/pages\/6453","targetHints":{"allow":["GET"]}}],"collection":[{"href":"https:\/\/www.unhcr.org\/europeanunion\/sv\/wp-json\/wp\/v2\/pages"}],"about":[{"href":"https:\/\/www.unhcr.org\/europeanunion\/sv\/wp-json\/wp\/v2\/types\/page"}],"author":[{"embeddable":true,"href":"https:\/\/www.unhcr.org\/europeanunion\/sv\/wp-json\/wp\/v2\/users\/28"}],"replies":[{"embeddable":true,"href":"https:\/\/www.unhcr.org\/europeanunion\/sv\/wp-json\/wp\/v2\/comments?post=6453"}],"version-history":[{"count":2,"href":"https:\/\/www.unhcr.org\/europeanunion\/sv\/wp-json\/wp\/v2\/pages\/6453\/revisions"}],"predecessor-version":[{"id":6629,"href":"https:\/\/www.unhcr.org\/europeanunion\/sv\/wp-json\/wp\/v2\/pages\/6453\/revisions\/6629"}],"wp:featuredmedia":[{"embeddable":true,"href":"https:\/\/www.unhcr.org\/europeanunion\/sv\/wp-json\/wp\/v2\/media\/5917"}],"wp:attachment":[{"href":"https:\/\/www.unhcr.org\/europeanunion\/sv\/wp-json\/wp\/v2\/media?parent=6453"}],"curies":[{"name":"wp","href":"https:\/\/api.w.org\/{rel}","templated":true}]}}