{"id":6055,"date":"2022-05-18T10:07:40","date_gmt":"2022-05-18T10:07:40","guid":{"rendered":"https:\/\/www.unhcr.org\/resettlement-handbook\/?page_id=6055"},"modified":"2023-09-29T09:02:51","modified_gmt":"2023-09-29T09:02:51","slug":"unhcr-resettlement-handbook","status":"publish","type":"page","link":"https:\/\/www.unhcr.org\/resettlement-handbook\/es\/","title":{"rendered":"Manual de Reasentamiento del ACNUR"},"content":{"rendered":"<p>[et_pb_section fb_built=\u00bb1&#8243; _builder_version=\u00bb4.20.0&#8243; _module_preset=\u00bbdefault\u00bb background_color=\u00bb#0072BC\u00bb background_image=\u00bbhttps:\/\/www.unhcr.org\/resettlement-handbook\/wp-content\/uploads\/sites\/153\/2022\/08\/bkg-homepage-v2.jpg\u00bb background_position=\u00bbcenter_right\u00bb min_height=\u00bb400px\u00bb background_last_edited=\u00bbon|phone\u00bb use_background_color_gradient_phone=\u00bbon\u00bb background_color_gradient_stops_phone=\u00bbrgba(0,0,0,0.29) 0%|rgba(0,0,0,0.5) 100%\u00bb background_color_gradient_overlays_image_phone=\u00bbon\u00bb background_color_gradient_start_phone=\u00bbrgba(0,0,0,0.47)\u00bb background_color_gradient_end_phone=\u00bbrgba(0,0,0,0.77)\u00bb global_colors_info=\u00bb{}\u00bb][et_pb_row _builder_version=\u00bb4.16&#8243; _module_preset=\u00bbdefault\u00bb global_colors_info=\u00bb{}\u00bb][et_pb_column type=\u00bb4_4&#8243; _builder_version=\u00bb4.16&#8243; _module_preset=\u00bbdefault\u00bb global_colors_info=\u00bb{}\u00bb][et_pb_text _builder_version=\u00bb4.22.0&#8243; _module_preset=\u00bbdefault\u00bb background_layout=\u00bbdark\u00bb max_width=\u00bb600px\u00bb hover_enabled=\u00bb0&#8243; global_colors_info=\u00bb{}\u00bb sticky_enabled=\u00bb0&#8243;]<\/p>\n<p><b>El Manual de Reasentamiento del ACNUR ofrece orientaci\u00f3n sobre la gesti\u00f3n y las pol\u00edticas de reasentamiento al personal del ACNUR, y es una herramienta clave de consulta sobre pol\u00edticas y pr\u00e1cticas globales de reasentamiento para Estados, NGOs y otros socios.<\/b><\/p>\n<p>[\/et_pb_text][et_pb_search button_color=\u00bb#0072BC\u00bb _builder_version=\u00bb4.22.0&#8243; _module_preset=\u00bbdefault\u00bb form_field_background_color=\u00bb#FFFFFF\u00bb button_font=\u00bb|700|||||||\u00bb button_text_color=\u00bb#FFFFFF\u00bb button_font_size=\u00bb19px\u00bb form_field_font_size=\u00bb19px\u00bb max_width=\u00bb600px\u00bb box_shadow_style=\u00bbpreset1&#8243; global_colors_info=\u00bb{}\u00bb][\/et_pb_search][\/et_pb_column][\/et_pb_row][et_pb_row _builder_version=\u00bb4.17.4&#8243; _module_preset=\u00bbdefault\u00bb positioning=\u00bbabsolute\u00bb position_origin_a=\u00bbbottom_center\u00bb position_origin_r=\u00bbbottom_left\u00bb custom_padding=\u00bb||7px|||\u00bb global_colors_info=\u00bb{}\u00bb][et_pb_column type=\u00bb4_4&#8243; _builder_version=\u00bb4.16&#8243; _module_preset=\u00bbdefault\u00bb global_colors_info=\u00bb{}\u00bb][et_pb_text module_class=\u00bbcaption\u00bb _builder_version=\u00bb4.22.0&#8243; _module_preset=\u00bbdefault\u00bb background_layout=\u00bbdark\u00bb global_colors_info=\u00bb{}\u00bb]<\/p>\n<p>\u00a9 UNHCR\/Christopher Herwig<\/p>\n<p>[\/et_pb_text][\/et_pb_column][\/et_pb_row][\/et_pb_section][et_pb_section fb_built=\u00bb1&#8243; specialty=\u00bbon\u00bb _builder_version=\u00bb4.20.0&#8243; _module_preset=\u00bbdefault\u00bb use_background_color_gradient=\u00bbon\u00bb background_color_gradient_direction=\u00bb90deg\u00bb background_color_gradient_stops=\u00bb#f4f4f4 50%|#ffffff 50%\u00bb custom_padding=\u00bb0px||||false|false\u00bb background_color_tablet=\u00bb#F4F4F4&#8243; background_last_edited=\u00bbon|tablet\u00bb background_enable_color_tablet=\u00bbon\u00bb use_background_color_gradient_tablet=\u00bboff\u00bb global_colors_info=\u00bb{}\u00bb][et_pb_column type=\u00bb1_2&#8243; _builder_version=\u00bb4.16&#8243; custom_padding=\u00bb|||\u00bb global_colors_info=\u00bb{}\u00bb custom_padding__hover=\u00bb|||\u00bb][et_pb_text _builder_version=\u00bb4.20.0&#8243; _module_preset=\u00bbdefault\u00bb custom_padding=\u00bb|30px|||false|false\u00bb custom_padding_tablet=\u00bb|0px|||false|false\u00bb custom_padding_phone=\u00bb|0px|||false|false\u00bb custom_padding_last_edited=\u00bbon|desktop\u00bb border_color_right=\u00bb#cecece\u00bb border_width_all_tablet=\u00bb\u00bb border_width_all_phone=\u00bb\u00bb border_width_all_last_edited=\u00bbon|desktop\u00bb border_width_right_tablet=\u00bb0px\u00bb border_width_right_phone=\u00bb0px\u00bb border_width_right_last_edited=\u00bbon|desktop\u00bb global_colors_info=\u00bb{}\u00bb]<\/p>\n<h2>Pr\u00f3logo<\/h2>\n<p><span style=\"font-weight: 400\">La Asamblea General de las Naciones Unidas ha encomendado a ACNUR el mandato de proporcionar protecci\u00f3n internacional a las personas refugiadas y de ayudar a los gobiernos a buscar soluciones a los problemas de las personas refugiadas, tal y como se contempla en el <\/span><a href=\"https:\/\/www.refworld.org.es\/docid\/47160fb72.html\"><span style=\"font-weight: 400\">Estatuto del ACNUR<\/span><\/a><span style=\"font-weight: 400\">. Estos siguen siendo los objetivos principales del ACNUR, y el reasentamiento desempe\u00f1a una funci\u00f3n vital en la consecuci\u00f3n de ambos.\u00a0<\/span><\/p>\n<p><span style=\"font-weight: 400\">El reasentamiento es un proceso que ofrece a las personas refugiadas la posibilidad de reconstruir sus vidas en un tercer pa\u00eds y de convertirse en miembros plenamente part\u00edcipes de una sociedad en la que puedan establecerse de forma permanente. <\/span><span style=\"font-weight: 400\">El reasentamiento sigue constituyendo una respuesta de protecci\u00f3n inestimable que cambia la vida de las personas refugiadas que se enfrentan a graves riesgos: sobrevivientes de violencia y tortura, miembros de grupos minoritarios, personas LGBTIQ+, mujeres, personas mayores y ni\u00f1os y ni\u00f1as en situaci\u00f3n de riesgo, activistas pol\u00edticos y otros. A su vez, el ACNUR prev\u00e9 un enfoque del reasentamiento cada vez m\u00e1s estrat\u00e9gico y basado en datos que permita identificar a un mayor n\u00famero o a grupos de personas refugiadas en situaciones de desplazamiento prolongado y resolver definitivamente su situaci\u00f3n mediante el reasentamiento.\u00a0<\/span><\/p>\n<p><b>Esta revisi\u00f3n completa y en l\u00ednea del Manual de Reasentamiento <\/b><span style=\"font-weight: 400\">actualiza y consolida la asesor\u00eda global en materia de reasentamiento para ayudar a dotar al personal del ACNUR de los medios necesarios para hacer frente a los retos futuros del reasentamiento. Ofrece directrices operativas detalladas y amplias sobre los diferentes pasos del proceso, desde la identificaci\u00f3n inicial del caso hasta su presentaci\u00f3n y seguimiento posterior, bas\u00e1ndose en buenas pr\u00e1cticas alrededor del mundo que permiten mejorar la eficiencia del proceso al tiempo que preservan y mejoran las salvaguardias b\u00e1sicas de protecci\u00f3n e integridad.\u00a0<\/span><\/p>\n<p><span style=\"font-weight: 400\">Elaborado con el generoso apoyo del Gobierno suizo, el presente Manual se ha beneficiado de los valiosos aportes de ONGs aliadas en materia de reasentamiento y refleja las extensas consultas y los comentarios de colegas y experimentados t\u00e9cnicos dentro del ACNUR.\u00a0<\/span><\/p>\n<p><span style=\"font-weight: 400\">Nuestro agradecimiento a todos aquellos que han contribuido a la elaboraci\u00f3n de este Manual y que siguen apoyando a las personas refugiadas para que puedan beneficiarse del reasentamiento como herramienta de protecci\u00f3n y soluci\u00f3n duradera.<\/span>[\/et_pb_text][et_pb_image src=\u00bbhttps:\/\/www.unhcr.org\/resettlement-handbook\/wp-content\/uploads\/sites\/153\/2023\/04\/Signature.png\u00bb alt=\u00bbSignature\u00bb _builder_version=\u00bb4.20.0&#8243; _module_preset=\u00bbdefault\u00bb global_colors_info=\u00bb{}\u00bb][\/et_pb_image][et_pb_text _builder_version=\u00bb4.22.0&#8243; _module_preset=\u00bbdefault\u00bb global_colors_info=\u00bb{}\u00bb]<\/p>\n<p><strong>Gillian Triggs<\/strong><br \/>Alto Comisionado Asistente para Protecci\u00f3n<\/p>\n<p>[\/et_pb_text][\/et_pb_column][et_pb_column type=\u00bb1_2&#8243; specialty_columns=\u00bb2&#8243; _builder_version=\u00bb4.16&#8243; custom_padding=\u00bb|||\u00bb global_colors_info=\u00bb{}\u00bb custom_padding__hover=\u00bb|||\u00bb][et_pb_row_inner _builder_version=\u00bb4.20.0&#8243; _module_preset=\u00bbdefault\u00bb global_colors_info=\u00bb{}\u00bb][et_pb_column_inner saved_specialty_column_type=\u00bb1_2&#8243; _builder_version=\u00bb4.20.0&#8243; _module_preset=\u00bbdefault\u00bb global_colors_info=\u00bb{}\u00bb][et_pb_text _builder_version=\u00bb4.22.0&#8243; _module_preset=\u00bbdefault\u00bb global_colors_info=\u00bb{}\u00bb]<\/p>\n<h2>Cap\u00edtulos<\/h2>\n<p>[\/et_pb_text][\/et_pb_column_inner][\/et_pb_row_inner][et_pb_row_inner column_structure=\u00bb1_2,1_2&#8243; _builder_version=\u00bb4.20.0&#8243; _module_preset=\u00bbdefault\u00bb custom_padding=\u00bb0px|||||\u00bb global_colors_info=\u00bb{}\u00bb][et_pb_column_inner type=\u00bb1_2&#8243; saved_specialty_column_type=\u00bb1_2&#8243; _builder_version=\u00bb4.20.0&#8243; _module_preset=\u00bbdefault\u00bb global_colors_info=\u00bb{}\u00bb][et_pb_blurb title=\u00bbIntroducci\u00f3n\u00bb url=\u00bb@ET-DC@eyJkeW5hbWljIjp0cnVlLCJjb250ZW50IjoicG9zdF9saW5rX3VybF9wYWdlIiwic2V0dGluZ3MiOnsicG9zdF9pZCI6IjE1NzMifX0=@\u00bb image=\u00bbhttps:\/\/www.unhcr.org\/resettlement-handbook\/wp-content\/uploads\/sites\/153\/2022\/08\/800-introduction.jpg\u00bb alt=\u00bbFather plays with his daughter on roof top of house\u00bb module_class=\u00bbphotoblurb\u00bb _builder_version=\u00bb4.22.0&#8243; _dynamic_attributes=\u00bburl,link_option_url\u00bb _module_preset=\u00bbdefault\u00bb header_level=\u00bbh3&#8243; header_font=\u00bb|700|||||||\u00bb header_text_color=\u00bb#0072BC\u00bb animation=\u00bboff\u00bb link_option_url=\u00bb@ET-DC@eyJkeW5hbWljIjp0cnVlLCJjb250ZW50IjoicG9zdF9saW5rX3VybF9wYWdlIiwic2V0dGluZ3MiOnsicG9zdF9pZCI6IjE1NzMifX0=@\u00bb locked=\u00bboff\u00bb global_colors_info=\u00bb{}\u00bb][\/et_pb_blurb][\/et_pb_column_inner][et_pb_column_inner type=\u00bb1_2&#8243; saved_specialty_column_type=\u00bb1_2&#8243; _builder_version=\u00bb4.20.0&#8243; _module_preset=\u00bbdefault\u00bb global_colors_info=\u00bb{}\u00bb][et_pb_blurb title=\u00bb1. Condici\u00f3n de refugiado y reasentamiento\u00bb url=\u00bb@ET-DC@eyJkeW5hbWljIjp0cnVlLCJjb250ZW50IjoicG9zdF9saW5rX3VybF9wYWdlIiwic2V0dGluZ3MiOnsicG9zdF9pZCI6IjE5In19@\u00bb image=\u00bbhttps:\/\/www.unhcr.org\/resettlement-handbook\/wp-content\/uploads\/sites\/153\/2022\/06\/800-ch1.jpg\u00bb alt=\u00bbFather plays with his daughter on roof top of house\u00bb module_class=\u00bbphotoblurb\u00bb _builder_version=\u00bb4.22.0&#8243; _dynamic_attributes=\u00bburl,link_option_url\u00bb _module_preset=\u00bbdefault\u00bb header_level=\u00bbh3&#8243; header_font=\u00bb|700|||||||\u00bb header_text_color=\u00bb#0072BC\u00bb animation=\u00bboff\u00bb link_option_url=\u00bb@ET-DC@eyJkeW5hbWljIjp0cnVlLCJjb250ZW50IjoicG9zdF9saW5rX3VybF9wYWdlIiwic2V0dGluZ3MiOnsicG9zdF9pZCI6IjE5In19@\u00bb global_colors_info=\u00bb{}\u00bb][\/et_pb_blurb][\/et_pb_column_inner][\/et_pb_row_inner][et_pb_row_inner column_structure=\u00bb1_2,1_2&#8243; _builder_version=\u00bb4.20.0&#8243; _module_preset=\u00bbdefault\u00bb custom_padding=\u00bb0px|||||\u00bb global_colors_info=\u00bb{}\u00bb][et_pb_column_inner type=\u00bb1_2&#8243; saved_specialty_column_type=\u00bb1_2&#8243; _builder_version=\u00bb4.20.0&#8243; _module_preset=\u00bbdefault\u00bb global_colors_info=\u00bb{}\u00bb][et_pb_blurb title=\u00bb2. Gesti\u00f3n de las actividades de reasentamiento\u00bb url=\u00bb@ET-DC@eyJkeW5hbWljIjp0cnVlLCJjb250ZW50IjoicG9zdF9saW5rX3VybF9wYWdlIiwic2V0dGluZ3MiOnsicG9zdF9pZCI6IjExNzkifX0=@\u00bb image=\u00bbhttps:\/\/www.unhcr.org\/resettlement-handbook\/wp-content\/uploads\/sites\/153\/2022\/09\/800-ch2-v2.jpg\u00bb alt=\u00bbSudan. Thousands flee fighting in Ethiopia to seek safety \u00bb module_class=\u00bbphotoblurb\u00bb _builder_version=\u00bb4.22.0&#8243; _dynamic_attributes=\u00bburl,link_option_url\u00bb _module_preset=\u00bbdefault\u00bb header_level=\u00bbh3&#8243; header_font=\u00bb|700|||||||\u00bb header_text_color=\u00bb#0072BC\u00bb animation=\u00bboff\u00bb link_option_url=\u00bb@ET-DC@eyJkeW5hbWljIjp0cnVlLCJjb250ZW50IjoicG9zdF9saW5rX3VybF9wYWdlIiwic2V0dGluZ3MiOnsicG9zdF9pZCI6IjExNzkifX0=@\u00bb locked=\u00bboff\u00bb global_colors_info=\u00bb{}\u00bb][\/et_pb_blurb][\/et_pb_column_inner][et_pb_column_inner type=\u00bb1_2&#8243; saved_specialty_column_type=\u00bb1_2&#8243; _builder_version=\u00bb4.20.0&#8243; _module_preset=\u00bbdefault\u00bb global_colors_info=\u00bb{}\u00bb][et_pb_blurb title=\u00bb3. Categor\u00edas de presentaci\u00f3n de casos\u00bb url=\u00bb@ET-DC@eyJkeW5hbWljIjp0cnVlLCJjb250ZW50IjoicG9zdF9saW5rX3VybF9wYWdlIiwic2V0dGluZ3MiOnsicG9zdF9pZCI6IjEzNzEifX0=@\u00bb image=\u00bbhttps:\/\/www.unhcr.org\/resettlement-handbook\/wp-content\/uploads\/sites\/153\/2022\/06\/800-ch3.jpg\u00bb alt=\u00bbTwo men at a beach at sunset\u00bb module_class=\u00bbphotoblurb\u00bb _builder_version=\u00bb4.22.0&#8243; _dynamic_attributes=\u00bburl,link_option_url\u00bb _module_preset=\u00bbdefault\u00bb header_level=\u00bbh3&#8243; header_font=\u00bb|700|||||||\u00bb header_text_color=\u00bb#0072BC\u00bb animation=\u00bboff\u00bb link_option_url=\u00bb@ET-DC@eyJkeW5hbWljIjp0cnVlLCJjb250ZW50IjoicG9zdF9saW5rX3VybF9wYWdlIiwic2V0dGluZ3MiOnsicG9zdF9pZCI6IjEzNzEifX0=@\u00bb locked=\u00bboff\u00bb global_colors_info=\u00bb{}\u00bb][\/et_pb_blurb][\/et_pb_column_inner][\/et_pb_row_inner][et_pb_row_inner column_structure=\u00bb1_2,1_2&#8243; _builder_version=\u00bb4.20.0&#8243; _module_preset=\u00bbdefault\u00bb custom_padding=\u00bb0px|||||\u00bb global_colors_info=\u00bb{}\u00bb][et_pb_column_inner type=\u00bb1_2&#8243; saved_specialty_column_type=\u00bb1_2&#8243; _builder_version=\u00bb4.20.0&#8243; _module_preset=\u00bbdefault\u00bb global_colors_info=\u00bb{}\u00bb][et_pb_blurb title=\u00bb4. Procedimientos b\u00e1sicos del reasentamiento\u00bb url=\u00bb@ET-DC@eyJkeW5hbWljIjp0cnVlLCJjb250ZW50IjoicG9zdF9saW5rX3VybF9wYWdlIiwic2V0dGluZ3MiOnsicG9zdF9pZCI6IjQ5OSJ9fQ==@\u00bb image=\u00bbhttps:\/\/www.unhcr.org\/resettlement-handbook\/wp-content\/uploads\/sites\/153\/2022\/08\/800-ch4.jpg\u00bb alt=\u00bbTwo men at a beach at sunset\u00bb module_class=\u00bbphotoblurb\u00bb _builder_version=\u00bb4.22.0&#8243; _dynamic_attributes=\u00bburl,link_option_url\u00bb _module_preset=\u00bbdefault\u00bb header_level=\u00bbh3&#8243; header_font=\u00bb|700|||||||\u00bb header_text_color=\u00bb#0072BC\u00bb animation=\u00bboff\u00bb link_option_url=\u00bb@ET-DC@eyJkeW5hbWljIjp0cnVlLCJjb250ZW50IjoicG9zdF9saW5rX3VybF9wYWdlIiwic2V0dGluZ3MiOnsicG9zdF9pZCI6IjQ5OSJ9fQ==@\u00bb locked=\u00bboff\u00bb global_colors_info=\u00bb{}\u00bb][\/et_pb_blurb][\/et_pb_column_inner][et_pb_column_inner type=\u00bb1_2&#8243; saved_specialty_column_type=\u00bb1_2&#8243; _builder_version=\u00bb4.20.0&#8243; _module_preset=\u00bbdefault\u00bb global_colors_info=\u00bb{}\u00bb][et_pb_blurb title=\u00bb5. Alianzas y promoci\u00f3n\u00bb url=\u00bb@ET-DC@eyJkeW5hbWljIjp0cnVlLCJjb250ZW50IjoicG9zdF9saW5rX3VybF9wYWdlIiwic2V0dGluZ3MiOnsicG9zdF9pZCI6IjE1NTcifX0=@\u00bb image=\u00bbhttps:\/\/www.unhcr.org\/resettlement-handbook\/wp-content\/uploads\/sites\/153\/2022\/08\/800-ch5.jpg\u00bb alt=\u00bbFather plays with his daughter on roof top of house\u00bb module_class=\u00bbphotoblurb\u00bb _builder_version=\u00bb4.22.0&#8243; _dynamic_attributes=\u00bburl,link_option_url\u00bb _module_preset=\u00bbdefault\u00bb header_level=\u00bbh3&#8243; header_font=\u00bb|700|||||||\u00bb header_text_color=\u00bb#0072BC\u00bb animation=\u00bboff\u00bb link_option_url=\u00bb@ET-DC@eyJkeW5hbWljIjp0cnVlLCJjb250ZW50IjoicG9zdF9saW5rX3VybF9wYWdlIiwic2V0dGluZ3MiOnsicG9zdF9pZCI6IjE1NTcifX0=@\u00bb global_colors_info=\u00bb{}\u00bb][\/et_pb_blurb][\/et_pb_column_inner][\/et_pb_row_inner][et_pb_row_inner column_structure=\u00bb1_2,1_2&#8243; _builder_version=\u00bb4.20.0&#8243; _module_preset=\u00bbdefault\u00bb custom_padding=\u00bb0px|||||\u00bb global_colors_info=\u00bb{}\u00bb][et_pb_column_inner type=\u00bb1_2&#8243; saved_specialty_column_type=\u00bb1_2&#8243; _builder_version=\u00bb4.20.0&#8243; _module_preset=\u00bbdefault\u00bb global_colors_info=\u00bb{}\u00bb][et_pb_blurb title=\u00bbCap\u00edtulos por Pa\u00eds de Reasentamiento\u00bb url=\u00bb@ET-DC@eyJkeW5hbWljIjp0cnVlLCJjb250ZW50IjoicG9zdF9saW5rX3VybF9wYWdlIiwic2V0dGluZ3MiOnsicG9zdF9pZCI6IjMyNjcifX0=@\u00bb image=\u00bbhttps:\/\/www.unhcr.org\/resettlement-handbook\/wp-content\/uploads\/sites\/153\/2022\/09\/800-countries.jpg\u00bb alt=\u00bbFrance. Congolese family starts new life in France after tragedy\u00bb module_class=\u00bbphotoblurb\u00bb _builder_version=\u00bb4.22.0&#8243; _dynamic_attributes=\u00bburl,link_option_url\u00bb _module_preset=\u00bbdefault\u00bb header_level=\u00bbh3&#8243; header_font=\u00bb|700|||||||\u00bb header_text_color=\u00bb#0072BC\u00bb animation=\u00bboff\u00bb link_option_url=\u00bb@ET-DC@eyJkeW5hbWljIjp0cnVlLCJjb250ZW50IjoicG9zdF9saW5rX3VybF9wYWdlIiwic2V0dGluZ3MiOnsicG9zdF9pZCI6IjMyNjcifX0=@\u00bb locked=\u00bboff\u00bb global_colors_info=\u00bb{}\u00bb][\/et_pb_blurb][\/et_pb_column_inner][et_pb_column_inner type=\u00bb1_2&#8243; saved_specialty_column_type=\u00bb1_2&#8243; _builder_version=\u00bb4.20.0&#8243; _module_preset=\u00bbdefault\u00bb global_colors_info=\u00bb{}\u00bb][\/et_pb_column_inner][\/et_pb_row_inner][\/et_pb_column][\/et_pb_section]<\/p>\n","protected":false},"excerpt":{"rendered":"<p>El Manual de Reasentamiento del ACNUR ofrece orientaci\u00f3n sobre la gesti\u00f3n y las pol\u00edticas de reasentamiento al personal del ACNUR, y es una herramienta clave de consulta sobre pol\u00edticas y pr\u00e1cticas globales de reasentamiento para Estados, NGOs y otros socios.\u00a9 UNHCR\/Christopher HerwigPr\u00f3logo La Asamblea General de las Naciones Unidas ha encomendado a ACNUR el mandato [&hellip;]<\/p>\n","protected":false},"author":983,"featured_media":5111,"parent":0,"menu_order":0,"comment_status":"closed","ping_status":"closed","template":"","meta":{"_acf_changed":false,"_et_pb_use_builder":"on","_et_pb_old_content":"","_et_gb_content_width":"","footnotes":""},"class_list":["post-6055","page","type-page","status-publish","has-post-thumbnail","hentry"],"acf":[],"_links":{"self":[{"href":"https:\/\/www.unhcr.org\/resettlement-handbook\/es\/wp-json\/wp\/v2\/pages\/6055","targetHints":{"allow":["GET"]}}],"collection":[{"href":"https:\/\/www.unhcr.org\/resettlement-handbook\/es\/wp-json\/wp\/v2\/pages"}],"about":[{"href":"https:\/\/www.unhcr.org\/resettlement-handbook\/es\/wp-json\/wp\/v2\/types\/page"}],"author":[{"embeddable":true,"href":"https:\/\/www.unhcr.org\/resettlement-handbook\/es\/wp-json\/wp\/v2\/users\/983"}],"replies":[{"embeddable":true,"href":"https:\/\/www.unhcr.org\/resettlement-handbook\/es\/wp-json\/wp\/v2\/comments?post=6055"}],"version-history":[{"count":8,"href":"https:\/\/www.unhcr.org\/resettlement-handbook\/es\/wp-json\/wp\/v2\/pages\/6055\/revisions"}],"predecessor-version":[{"id":7115,"href":"https:\/\/www.unhcr.org\/resettlement-handbook\/es\/wp-json\/wp\/v2\/pages\/6055\/revisions\/7115"}],"wp:featuredmedia":[{"embeddable":true,"href":"https:\/\/www.unhcr.org\/resettlement-handbook\/es\/wp-json\/wp\/v2\/media\/5111"}],"wp:attachment":[{"href":"https:\/\/www.unhcr.org\/resettlement-handbook\/es\/wp-json\/wp\/v2\/media?parent=6055"}],"curies":[{"name":"wp","href":"https:\/\/api.w.org\/{rel}","templated":true}]}}