{"id":6081,"date":"2022-05-17T20:26:56","date_gmt":"2022-05-17T20:26:56","guid":{"rendered":"https:\/\/www.unhcr.org\/resettlement-handbook\/?page_id=6081"},"modified":"2023-09-28T13:41:43","modified_gmt":"2023-09-28T13:41:43","slug":"1-3-herramientas-y-recursos-para-determinar-la-condicion-de-refugiado-bajo-el-mandato-del-acnur","status":"publish","type":"page","link":"https:\/\/www.unhcr.org\/resettlement-handbook\/es\/1-refugee-status-and-resettlement\/1-3-herramientas-y-recursos-para-determinar-la-condicion-de-refugiado-bajo-el-mandato-del-acnur\/","title":{"rendered":"1.3 Herramientas y recursos para determinar la condici\u00f3n de refugiado bajo el mandato del ACNUR"},"content":{"rendered":"\n<h2 class=\"wp-block-heading\">Informaci\u00f3n de pa\u00eds de origen (COI)<\/h2>\n\n\n\n<p>La informaci\u00f3n de pa\u00eds de origen es la informaci\u00f3n que se utiliza en los procedimientos para evaluar las solicitudes de la condici\u00f3n de refugiado u otras formas de protecci\u00f3n internacional. La informaci\u00f3n de pa\u00eds de origen contribuye a la preparaci\u00f3n de las entrevistas, ayuda a los responsables de la toma de decisiones a establecer los hechos de una solicitud de asilo y contribuye a valorar el temor de persecuci\u00f3n de la persona solicitante. El ACNUR apoya la labor de <a href=\"https:\/\/www.ecoi.net\/\">ECOI.net<\/a>, una base de datos mundial gestionada por el Centro Austriaco de Investigaci\u00f3n y Documentaci\u00f3n sobre el Pa\u00eds de Origen y el Asilo (ACCORD), que contiene informaci\u00f3n en m\u00faltiples idiomas. El ACNUR colabora estrechamente con ACCORD para garantizar que todos los pa\u00edses de origen est\u00e9n adecuadamente representados en la base de datos ECOI.net. Mientras hace ver la importancia de utilizar m\u00faltiples fuentes de informaci\u00f3n sobre pa\u00eds de origen, el ACNUR recomienda ECOI.net como repositorio com\u00fan que proporciona informaci\u00f3n de pa\u00eds de origen fiable, equilibrada, precisa, actualizada y rastreable para la toma de decisiones.&nbsp;<\/p>\n\n\n\n<p>Si bien el uso de informaci\u00f3n del pa\u00eds de origen es importante para una toma de decisiones coherente tanto en el procedimiento de determinaci\u00f3n de la condici\u00f3n de refugiado como en la tramitaci\u00f3n de casos de reasentamiento, esta informaci\u00f3n no figura necesariamente en el propio Formulario de Inscripci\u00f3n para el Reasentamiento (RRF). Se dan excepciones, por ejemplo, cuando en la informaci\u00f3n de pa\u00eds se hace referencia directa a un miembro del caso de reasentamiento o a otra persona pertinente, o cuando se considera necesario por otros motivos, como en el contexto de la fundamentaci\u00f3n de las conclusiones sobre exclusi\u00f3n o cuando una fuente fiable de informaci\u00f3n sobre el pa\u00eds contradice una opini\u00f3n o suposici\u00f3n com\u00fan sobre una situaci\u00f3n.&nbsp;<\/p>\n\n\n\n<p>En general, la buena pr\u00e1ctica consiste en compartir un resumen de la informaci\u00f3n de pa\u00eds de origen pertinente con los pa\u00edses de reasentamiento en un documento de contexto independiente.&nbsp;&nbsp;<\/p>\n\n\n\n<h2 class=\"wp-block-heading\">Orientaci\u00f3n por pa\u00edses del ACNUR<\/h2>\n\n\n\n<p>El ACNUR publica orientaciones pol\u00edticas espec\u00edficas para determinados pa\u00edses de origen, en forma de D<em>irectrices de Elegibilidad<\/em> y <em>Consideraciones de Protecci\u00f3n Internacional<\/em>. Las Directrices de Elegibilidad y las Consideraciones de Protecci\u00f3n Internacional brindan orientaci\u00f3n sobre la aplicaci\u00f3n de los criterios de elegibilidad en lo que respecta a perfiles espec\u00edficos de personas solicitantes de asilo, sobre la base de la evaluaci\u00f3n de la situaci\u00f3n pol\u00edtica, de seguridad y de derechos humanos, as\u00ed como de las condiciones sociales, econ\u00f3micas y humanitarias del pa\u00eds en cuesti\u00f3n. Estas orientaciones tienen por objeto ayudar a las personas encargadas de tomar decisiones, incluido el personal del ACNUR, el personal gubernamental y los profesionales privados, a evaluar las necesidades de protecci\u00f3n internacional de las personas solicitantes de asilo. Las <em>Directrices de Elegibilidad<\/em> y las <em>Consideraciones de Protecci\u00f3n Internacional<\/em> se publican en <a href=\"https:\/\/www.refworld.org\/cgi-bin\/texis\/vtx\/rwmain\">Refworld<\/a> y en espa\u00f1ol en: <a href=\"https:\/\/www.refworld.org.es\/docid\/57f76bce22.html\">refworld.org.es<\/a>.<\/p>\n\n\n\n<h2 class=\"wp-block-heading\">Herramientas para interpretar los criterios de elegibilidad<\/h2>\n\n\n\n<p>Con el fin de apoyar la interpretaci\u00f3n y aplicaci\u00f3n de la definici\u00f3n de refugiado y velar por la existencia de procedimientos justos y eficaces para la determinaci\u00f3n de la condici\u00f3n de refugiado, el ACNUR ha publicado una serie de documentos y herramientas que tambi\u00e9n son pertinentes a efectos de reasentamiento, entre ellos:<\/p>\n\n\n\n<p><a href=\"https:\/\/www.refworld.org.es\/docid\/5d9e13214.html\"><strong><em>Manual sobre Procedimientos y Criterios para Determinar la Condici\u00f3n de Refugiado<\/em><\/strong><\/a> <strong>del ACNUR<\/strong><\/p>\n\n\n\n<ul class=\"wp-block-list\">\n<li>Ofrece orientaci\u00f3n exhaustiva sobre la interpretaci\u00f3n de la Convenci\u00f3n de 1951 y los criterios de inclusi\u00f3n previstos en el art\u00edculo 1A (2).<\/li>\n\n\n\n<li>Abarca las cl\u00e1usulas de cesaci\u00f3n previstas en el art\u00edculo 1C (1) a 6) y las cl\u00e1usulas de exclusi\u00f3n previstas en el art\u00edculo 1D, E y F de la Convenci\u00f3n de 1951.<\/li>\n\n\n\n<li>Incluye una serie de posiciones jur\u00eddicas sobre cuestiones espec\u00edficas relativas al derecho internacional de los refugiados bajo el t\u00edtulo <em>Directrices sobre Protecci\u00f3n Internacional<\/em> destinadas a respaldar el an\u00e1lisis sustantivo de las solicitudes de asilo. <a href=\"https:\/\/www.refworld.org.es\/rsd.html\">En la p\u00e1gina dedicada a la determinaci\u00f3n de la condici\u00f3n de refugiado <\/a>&nbsp;en refworld.org.es tambi\u00e9n se pueden consultar estas y otras orientaciones dirigidas a servir de apoyo a la interpretaci\u00f3n de los criterios de inclusi\u00f3n.<\/li>\n<\/ul>\n\n\n\n<p><a href=\"https:\/\/www.refworld.org.es\/docid\/6079e6434.html\"><strong>Normas procedimentales para determinar la condici\u00f3n de refugiado bajo el mandato del ACNUR<\/strong><\/a><strong> de 2020 (Normas procedimentales para determinar la condici\u00f3n de refugiado)<\/strong><\/p>\n\n\n\n<ul class=\"wp-block-list\">\n<li>Expone las normas procedimentales m\u00ednimas para la determinaci\u00f3n individual de la condici\u00f3n de refugiado llevada a cabo por el ACNUR bajo su mandato.&nbsp;<\/li>\n\n\n\n<li>Establece principios y normas b\u00e1sicos que i) garantizan que todas las personas solicitantes de asilo que soliciten la determinaci\u00f3n de la condici\u00f3n de refugiado bajo el mandato del ACNUR se beneficien de una toma de decisiones precisa, oportuna y coherente y ii) apoyan el desarrollo de las capacidades del personal del ACNUR encargado de la determinaci\u00f3n de la condici\u00f3n de refugiado y de la protecci\u00f3n, as\u00ed como de otras partes interesadas.<\/li>\n\n\n\n<li>Ofrece directrices procedimentales detalladas para cada etapa del procedimiento de determinaci\u00f3n de la condici\u00f3n de refugiado bajo mandato, desde la recepci\u00f3n de las personas solicitantes de asilo por parte del ACNUR hasta la decisi\u00f3n final sobre la solicitud. Muchas de estas directrices tambi\u00e9n resultan pertinentes para el proceso de reasentamiento.<\/li>\n<\/ul>\n\n\n\n<p><a href=\"https:\/\/www.refworld.org.es\/\"><strong>Refworld<\/strong><\/a> es una base de datos del ACNUR sobre pol\u00edticas y jur\u00eddica concebida para ayudar a los encargados de la toma de decisiones en materia de asilo y a todas las dem\u00e1s partes interesadas en el procedimiento de asilo. Brinda acceso a una colecci\u00f3n de instrumentos jur\u00eddicos internacionales y nacionales (convenios internacionales, leyes y reglamentos nacionales, etc.), jurisprudencia de tribunales internacionales y nacionales y orientaciones pol\u00edticas del ACNUR sobre todos los aspectos de la toma de decisiones en materia de asilo. El sitio incluye una <a href=\"https:\/\/www.refworld.org.es\/rsd.html\">p\u00e1gina p\u00fablica espec\u00edfica sobre la determinaci\u00f3n de la condici\u00f3n de refugiado.<\/a><\/p>\n\n\n\n<p>La <a href=\"https:\/\/unhcr365.sharepoint.com\/teams\/dip-rsdpp\/SitePages\/Home.aspx\">Plataforma para profesionales de la determinaci\u00f3n de la condici\u00f3n de refugiado<\/a> (sitio SharePoint 365) es un recurso para el personal de ACNUR, en el que se ofrece asesoramiento y herramientas sobre las directrices de pa\u00edses, los procedimientos operativos\/normas, los materiales de formaci\u00f3n y el asesoramiento jur\u00eddico, entre otros. Aunque la plataforma est\u00e1 dirigida principalmente al personal encargado de la determinaci\u00f3n de la condici\u00f3n de refugiado, tambi\u00e9n est\u00e1 disponible para todos aquellos que participan en actividades de tramitaci\u00f3n de casos individuales, incluido el reasentamiento. La p\u00e1gina de intranet de la Secci\u00f3n sobre Determinaci\u00f3n de la Condici\u00f3n de Refugiado del ACNUR (conocida como RSD Section en ingl\u00e9s) tambi\u00e9n ofrece informaci\u00f3n sobre la determinaci\u00f3n de la condici\u00f3n de refugiado, las directrices de pa\u00edses y la informaci\u00f3n de pa\u00eds de origen. <a href=\"https:\/\/es.disasterready.org\/\">DisasterReady<\/a> es una plataforma externa que contiene una serie de recursos de aprendizaje relacionados con la interpretaci\u00f3n de los criterios de elegibilidad de refugiados.<\/p>\n","protected":false},"excerpt":{"rendered":"<p>Informaci\u00f3n de pa\u00eds de origen (COI) La informaci\u00f3n de pa\u00eds de origen es la informaci\u00f3n que se utiliza en los procedimientos para evaluar las solicitudes de la condici\u00f3n de refugiado u otras formas de protecci\u00f3n internacional. La informaci\u00f3n de pa\u00eds de origen contribuye a la preparaci\u00f3n de las entrevistas, ayuda a los responsables de la [&hellip;]<\/p>\n","protected":false},"author":983,"featured_media":0,"parent":5279,"menu_order":0,"comment_status":"closed","ping_status":"closed","template":"page-template-chapter.php","meta":{"_acf_changed":false,"_et_pb_use_builder":"off","_et_pb_old_content":"","_et_gb_content_width":"","footnotes":""},"class_list":["post-6081","page","type-page","status-publish","hentry"],"acf":[],"_links":{"self":[{"href":"https:\/\/www.unhcr.org\/resettlement-handbook\/es\/wp-json\/wp\/v2\/pages\/6081","targetHints":{"allow":["GET"]}}],"collection":[{"href":"https:\/\/www.unhcr.org\/resettlement-handbook\/es\/wp-json\/wp\/v2\/pages"}],"about":[{"href":"https:\/\/www.unhcr.org\/resettlement-handbook\/es\/wp-json\/wp\/v2\/types\/page"}],"author":[{"embeddable":true,"href":"https:\/\/www.unhcr.org\/resettlement-handbook\/es\/wp-json\/wp\/v2\/users\/983"}],"replies":[{"embeddable":true,"href":"https:\/\/www.unhcr.org\/resettlement-handbook\/es\/wp-json\/wp\/v2\/comments?post=6081"}],"version-history":[{"count":2,"href":"https:\/\/www.unhcr.org\/resettlement-handbook\/es\/wp-json\/wp\/v2\/pages\/6081\/revisions"}],"predecessor-version":[{"id":6097,"href":"https:\/\/www.unhcr.org\/resettlement-handbook\/es\/wp-json\/wp\/v2\/pages\/6081\/revisions\/6097"}],"up":[{"embeddable":true,"href":"https:\/\/www.unhcr.org\/resettlement-handbook\/es\/wp-json\/wp\/v2\/pages\/5279"}],"wp:attachment":[{"href":"https:\/\/www.unhcr.org\/resettlement-handbook\/es\/wp-json\/wp\/v2\/media?parent=6081"}],"curies":[{"name":"wp","href":"https:\/\/api.w.org\/{rel}","templated":true}]}}