{"id":6085,"date":"2022-05-17T20:32:51","date_gmt":"2022-05-17T20:32:51","guid":{"rendered":"https:\/\/www.unhcr.org\/resettlement-handbook\/?page_id=6085"},"modified":"2023-09-28T13:41:48","modified_gmt":"2023-09-28T13:41:48","slug":"1-4-modalidades-de-tramitacion-de-casos-del-acnur","status":"publish","type":"page","link":"https:\/\/www.unhcr.org\/resettlement-handbook\/es\/1-refugee-status-and-resettlement\/1-4-modalidades-de-tramitacion-de-casos-del-acnur\/","title":{"rendered":"1.4 Modalidades de tramitaci\u00f3n de casos del ACNUR"},"content":{"rendered":"\n<h2 class=\"wp-block-heading\">Modalidades de tramitaci\u00f3n de casos para la determinaci\u00f3n de la condici\u00f3n de refugiado<\/h2>\n\n\n\n<p>De conformidad con la <a href=\"https:\/\/www.refworld.org\/docid\/57c83a724.html\"><em>direcci\u00f3n estrat\u00e9gica del ACNUR en la determinaci\u00f3n de la condici\u00f3n de refugiado<\/em><\/a> (2015), es necesario que los responsables de las operaciones eval\u00faen cu\u00e1les son las modalidades de tramitaci\u00f3n de casos para la determinaci\u00f3n de la condici\u00f3n de refugiado m\u00e1s apropiadas para su contexto espec\u00edfico. Se pueden introducir diferentes modalidades de tramitaci\u00f3n de casos para distintos grupos y perfiles de poblaci\u00f3n: el procedimiento regular de RSD, procedimiento simplificado de RSD, procedimiento acelerado de RSD, procedimiento fusionado de registro y de RSD, y procedimiento fusionado de RSD y de reasentamiento. Estas modalidades de tramitaci\u00f3n y los contextos previstos para su aplicaci\u00f3n se describen en la <a href=\"https:\/\/www.refworld.org.es\/docid\/6079e54c4.html\">Ayuda memoria y glosario sobre las modalidades de tramitaci\u00f3n de casos, t\u00e9rminos y conceptos aplicables a la determinaci\u00f3n de la condici\u00f3n de refugiado bajo el mandato del ACNUR,<\/a> anexo de las Normas procedimentales para determinar la condici\u00f3n de refugiado, y se resumen a continuaci\u00f3n:&nbsp;<\/p>\n\n\n\n<p><strong>Procedimiento regular para la determinaci\u00f3n de la condici\u00f3n de refugiado<\/strong>: Es un procedimiento en el que las solicitudes se analizan exhaustivamente de forma individual, sin ning\u00fan tipo de procedimiento simplificado, acelerado o fusionado.<\/p>\n\n\n\n<p><strong>Procedimiento acelerado para la determinaci\u00f3n de la condici\u00f3n de refugiado<\/strong>: Se refiere a un procedimiento de determinaci\u00f3n de la condici\u00f3n de refugiado que implica una evaluaci\u00f3n sustantiva e individualizada de la solicitud de la condici\u00f3n de refugiado, pero con una aceleraci\u00f3n o acortamiento de todos o algunos plazos del proceso de determinaci\u00f3n de la condici\u00f3n de refugiado.&nbsp; El procedimiento acelerado de la determinaci\u00f3n de la condici\u00f3n de refugiado no supone, por s\u00ed solo, una simplificaci\u00f3n de ning\u00fan aspecto del procedimiento de determinaci\u00f3n de la condici\u00f3n de refugiado, ni una reducci\u00f3n de las garant\u00edas de equidad procesal. Con la excepci\u00f3n de la reducci\u00f3n de los plazos, son aplicables todos los dem\u00e1s elementos de las <a href=\"https:\/\/www.refworld.org.es\/cgi-bin\/texis\/vtx\/rwmain?page=search&amp;docid=6079e6434&amp;skip=0&amp;query=Normas%20procedimentales%20para%20determinar%20la%20condici%C3%B3n%20de%20refugiado%20bajo%20el%20mandato%20del%20ACNUR\">Normas procedimentales para determinar la condici\u00f3n de refugiado<\/a>.<\/p>\n\n\n\n<p>Los procedimientos acelerados se aplican principalmente en tres situaciones:<\/p>\n\n\n\n<ol class=\"wp-block-list\">\n<li>personas con necesidades espec\u00edficas o con una necesidad manifiesta de una intervenci\u00f3n de protecci\u00f3n, por ejemplo, cuando una persona puede correr un riesgo inmediato de devoluci\u00f3n;<\/li>\n\n\n\n<li>cuando existen indicios de que una solicitud es manifiestamente fundada o se aplica una presunci\u00f3n de inclusi\u00f3n; o<\/li>\n\n\n\n<li>cuando hay indicios de que una solicitud es manifiestamente infundada.<\/li>\n<\/ol>\n\n\n\n<p><strong>Procedimiento simplificado de la determinaci\u00f3n de la condici\u00f3n de refugiado<\/strong>: Se refiere a la determinaci\u00f3n individual de la condici\u00f3n de refugiado donde la entrevista o la evaluaci\u00f3n escrita, o ambas, se simplifican en comparaci\u00f3n con el procedimiento regular de la determinaci\u00f3n de la condici\u00f3n de refugiado con el fin de alcanzar mayor eficiencia en t\u00e9rminos de los plazos de la tramitaci\u00f3n de casos. Se aplican todos los elementos de las <a href=\"https:\/\/www.refworld.org.es\/cgi-bin\/texis\/vtx\/rwmain?page=search&amp;docid=6079e6434&amp;skip=0&amp;query=Normas%20procedimentales%20para%20determinar%20la%20condici%C3%B3n%20de%20refugiado%20bajo%20el%20mandato%20del%20ACNUR\">Normas procedimentales para determinar la condici\u00f3n de refugiado<\/a>.<\/p>\n\n\n\n<p>El procedimiento simplificado de la determinaci\u00f3n de la condici\u00f3n de refugiado se aplica principalmente a grupos y perfiles de poblaci\u00f3n:<\/p>\n\n\n\n<ul class=\"wp-block-list\">\n<li>a los que se aplica un enfoque <em>prima facie<\/em>;&nbsp;<\/li>\n\n\n\n<li>con altas tasas de reconocimiento (como poblaciones\/perfiles en los que puede aplicarse una presunci\u00f3n de inclusi\u00f3n) y una alta prevalencia de solicitudes similares, lo que permite una entrevista enfocada y\/o el uso de plantillas con an\u00e1lisis jur\u00eddicos prestablecidos y\/o informaci\u00f3n de pa\u00eds de origen; y&nbsp;<\/li>\n\n\n\n<li>con tasas de reconocimiento muy bajas y un alto grado de similitud en las solicitudes, lo que permite una entrevista enfocada y\/o el uso de plantillas con an\u00e1lisis jur\u00eddico preestablecido y\/o informaci\u00f3n de pa\u00eds de origen.<\/li>\n<\/ul>\n\n\n\n<h2 class=\"wp-block-heading\">Procedimientos fusionados<\/h2>\n\n\n\n<p>Con el fin de aumentar el uso eficiente de los recursos, las oficinas del ACNUR pueden, en determinadas circunstancias, fusionar la determinaci\u00f3n de la condici\u00f3n de refugiado con otras fases del procedimiento de tramitaci\u00f3n de casos, en particular el registro o el reasentamiento.&nbsp;<\/p>\n\n\n\n<p>Los procedimientos fusionados se rigen por lo siguiente:<\/p>\n\n\n\n<ol class=\"wp-block-list\">\n<li>Deben ser espec\u00edficos de la nacionalidad\/grupo\/perfil de poblaci\u00f3n.<\/li>\n\n\n\n<li>Deben utilizarse \u00fanicamente si existe una alta presunci\u00f3n de inclusi\u00f3n.<\/li>\n\n\n\n<li>En un procedimiento fusionado no deben tomarse decisiones de rechazo. Si surgen indicios que puedan dar pie a un posible rechazo de la solicitud de la condici\u00f3n de refugiado, el caso debe remitirse al procedimiento regular de la determinaci\u00f3n de la condici\u00f3n de refugiado.<\/li>\n\n\n\n<li>La introducci\u00f3n de procedimientos fusionados, incluidos los procedimientos operativos est\u00e1ndar (SOP, por sus siglas en ingl\u00e9s) para los procedimientos fusionados espec\u00edficos, requiere la aprobaci\u00f3n previa del bur\u00f3 regional correspondiente, en consulta con las entidades pertinentes de la Sede.<\/li>\n<\/ol>\n\n\n\n<p><strong>Procedimiento fusionado de registro y de la determinaci\u00f3n de la condici\u00f3n de refugiado <\/strong>es una modalidad que tiene por objeto captar en una sola entrevista los i) datos personales, necesidades espec\u00edficas y otra informaci\u00f3n recopilada durante una entrevista de registro, y ii) informaci\u00f3n relativa a la elegibilidad de la persona solicitante para la protecci\u00f3n internacional, con el objetivo de reconocer la condici\u00f3n de refugiado. Esta entrevista se lleva a cabo en la fase de registro, fusionando as\u00ed las fases de registro y de determinaci\u00f3n de la condici\u00f3n de refugiado del procedimiento.<\/p>\n\n\n\n<p>Las decisiones que se adopten tras una entrevista de registro y determinaci\u00f3n de la condici\u00f3n de refugiado fusionados deber\u00e1n ser revisadas por el personal encargado de la determinaci\u00f3n de la condici\u00f3n de refugiado o, en su defecto, por personal superior de registro que, preferiblemente, haya sido capacitado en procedimientos de la determinaci\u00f3n de la condici\u00f3n de refugiado.&nbsp;<\/p>\n\n\n\n<p><strong>Procedimiento fusionado de la determinaci\u00f3n de la condici\u00f3n de refugiado y de reasentamiento <\/strong>es una modalidad de tramitaci\u00f3n de casos en la que se fusionan determinadas fases del procedimiento de determinaci\u00f3n de la condici\u00f3n de refugiado y de reasentamiento. Normalmente se realiza mediante una sola entrevista fusionada sobre la determinaci\u00f3n de la condici\u00f3n de refugiado y de reasentamiento, y la utilizaci\u00f3n de un solo Formulario de Inscripci\u00f3n para el Reasentamiento (RRF), en lugar de utilizar ambos formularios de evaluaci\u00f3n de determinaci\u00f3n de la condici\u00f3n de refugiado y un RRF.&nbsp;<\/p>\n\n\n\n<p>Los procedimientos fusionados de la determinaci\u00f3n de la condici\u00f3n de refugiado y de reasentamiento se rigen por las siguientes condiciones generales:&nbsp;<\/p>\n\n\n\n<ol class=\"wp-block-list\">\n<li>Debe haberse acordado una cuota de reasentamiento con un Estado de reasentamiento para un grupo de poblaci\u00f3n espec\u00edfico, y la decisi\u00f3n de presentar casos a trav\u00e9s de procedimientos fusionados de la determinaci\u00f3n de la condici\u00f3n de refugiado y de reasentamiento debe contar con el respaldo del Estado.&nbsp;<\/li>\n\n\n\n<li>Se han establecido mecanismos para identificar los casos a) m\u00e1s necesitados de reasentamiento y que cumplen los criterios de reasentamiento correspondientes, y b) adecuados para su tramitaci\u00f3n en el procedimiento fusionado de la determinaci\u00f3n de la condici\u00f3n de refugiado y de reasentamiento.<\/li>\n\n\n\n<li>El personal del ACNUR que lleva a cabo los procedimientos fusionados de la determinaci\u00f3n de la condici\u00f3n de refugiado y de reasentamiento, incluidos las personas encargadas de la evaluaci\u00f3n, poseen la formaci\u00f3n y la experiencia adecuadas en materia de determinaci\u00f3n de la condici\u00f3n de refugiado y reasentamiento.<\/li>\n<\/ol>\n\n\n\n<p>Incluso cuando se cumplen las condiciones para implementar este tipo de procedimientos fusionados, no deben utilizarse para determinar <strong>solicitudes complejas<\/strong> (incluidas las que se basan en un perfil m\u00e1s individualizado), <strong>casos delicados<\/strong> o solicitudes que planteen <strong>problemas de credibilidad<\/strong> o <strong>motivos que originan el an\u00e1lisis de exclusi\u00f3n.<\/strong> En este sentido, los procedimientos fusionados de la determinaci\u00f3n de la condici\u00f3n de refugiado y de reasentamiento deben incluir mecanismos de remisi\u00f3n eficaces para remitir los casos que se hayan identificado para su tramitaci\u00f3n a trav\u00e9s de los procedimientos fusionados pero que posteriormente se considere que no son adecuados para dicha tramitaci\u00f3n. En su caso, las operaciones podr\u00e1n establecer perfiles de casos y criterios para la remisi\u00f3n al procedimiento regular de la determinaci\u00f3n de la condici\u00f3n de refugiado sobre la base de un an\u00e1lisis local de las poblaciones afectadas y de sus perfiles espec\u00edficos.<\/p>\n\n\n\n<p>Para el procedimiento fusionado de la determinaci\u00f3n de la condici\u00f3n de refugiado y de reasentamiento son necesarios procedimientos operativos est\u00e1ndar espec\u00edficos. Los procedimientos operativos est\u00e1ndar deben incluir una metodolog\u00eda de selecci\u00f3n bien desarrollada, mecanismos claros de remisi\u00f3n, salvaguardias de procedimiento y medidas adecuadas de supervisi\u00f3n y control, tanto en la determinaci\u00f3n de la condici\u00f3n de refugiado como en el reasentamiento. Los procedimientos operativos est\u00e1ndar para el procedimiento fusionado de la determinaci\u00f3n de la condici\u00f3n de refugiado y de reasentamiento deben ser revisados por los puntos focales designados para la determinaci\u00f3n de la condici\u00f3n de refugiado y el reasentamiento en el bur\u00f3 regional correspondiente.<\/p>\n\n\n\n<p>Dado que la remisi\u00f3n para el reasentamiento en el marco de la tramitaci\u00f3n fusionada implica un reconocimiento formal de la condici\u00f3n de refugiado, el personal que lleve a cabo los procedimientos fusionados de la determinaci\u00f3n de la condici\u00f3n de refugiado y de reasentamiento, incluidos las personas encargadas de la evaluaci\u00f3n, deber\u00e1n contar con la formaci\u00f3n y experiencia adecuadas en materia de determinaci\u00f3n de la condici\u00f3n de refugiado y reasentamiento. La introducci\u00f3n de procedimientos fusionados de la determinaci\u00f3n de la condici\u00f3n de refugiado y de reasentamiento requiere la aprobaci\u00f3n previa del bur\u00f3 regional correspondiente y de las entidades pertinentes de la Divisi\u00f3n de Protecci\u00f3n Internacional (Secci\u00f3n de Determinaci\u00f3n de la Condici\u00f3n de Refugiado (RSD Section<em>,<\/em> por sus siglas en ingl\u00e9s), Servicio de Reasentamiento y de V\u00edas Complementarias (RCPS, por sus siglas en ingl\u00e9s), Secci\u00f3n de Protecci\u00f3n y Seguridad Nacional (PNSS, por sus siglas en ingl\u00e9s)).<\/p>\n","protected":false},"excerpt":{"rendered":"<p>Modalidades de tramitaci\u00f3n de casos para la determinaci\u00f3n de la condici\u00f3n de refugiado De conformidad con la direcci\u00f3n estrat\u00e9gica del ACNUR en la determinaci\u00f3n de la condici\u00f3n de refugiado (2015), es necesario que los responsables de las operaciones eval\u00faen cu\u00e1les son las modalidades de tramitaci\u00f3n de casos para la determinaci\u00f3n de la condici\u00f3n de refugiado [&hellip;]<\/p>\n","protected":false},"author":983,"featured_media":0,"parent":5279,"menu_order":0,"comment_status":"closed","ping_status":"closed","template":"page-template-chapter.php","meta":{"_acf_changed":false,"_et_pb_use_builder":"off","_et_pb_old_content":"","_et_gb_content_width":"","footnotes":""},"class_list":["post-6085","page","type-page","status-publish","hentry"],"acf":[],"_links":{"self":[{"href":"https:\/\/www.unhcr.org\/resettlement-handbook\/es\/wp-json\/wp\/v2\/pages\/6085","targetHints":{"allow":["GET"]}}],"collection":[{"href":"https:\/\/www.unhcr.org\/resettlement-handbook\/es\/wp-json\/wp\/v2\/pages"}],"about":[{"href":"https:\/\/www.unhcr.org\/resettlement-handbook\/es\/wp-json\/wp\/v2\/types\/page"}],"author":[{"embeddable":true,"href":"https:\/\/www.unhcr.org\/resettlement-handbook\/es\/wp-json\/wp\/v2\/users\/983"}],"replies":[{"embeddable":true,"href":"https:\/\/www.unhcr.org\/resettlement-handbook\/es\/wp-json\/wp\/v2\/comments?post=6085"}],"version-history":[{"count":3,"href":"https:\/\/www.unhcr.org\/resettlement-handbook\/es\/wp-json\/wp\/v2\/pages\/6085\/revisions"}],"predecessor-version":[{"id":6099,"href":"https:\/\/www.unhcr.org\/resettlement-handbook\/es\/wp-json\/wp\/v2\/pages\/6085\/revisions\/6099"}],"up":[{"embeddable":true,"href":"https:\/\/www.unhcr.org\/resettlement-handbook\/es\/wp-json\/wp\/v2\/pages\/5279"}],"wp:attachment":[{"href":"https:\/\/www.unhcr.org\/resettlement-handbook\/es\/wp-json\/wp\/v2\/media?parent=6085"}],"curies":[{"name":"wp","href":"https:\/\/api.w.org\/{rel}","templated":true}]}}