{"id":6363,"date":"2022-06-23T00:32:12","date_gmt":"2022-06-23T00:32:12","guid":{"rendered":"https:\/\/www.unhcr.org\/resettlement-handbook\/?page_id=6363"},"modified":"2023-09-28T13:43:16","modified_gmt":"2023-09-28T13:43:16","slug":"3-3-necesidades-de-proteccion-legal-y-o-fisica","status":"publish","type":"page","link":"https:\/\/www.unhcr.org\/resettlement-handbook\/es\/3-resettlement-submission-categories\/3-3-necesidades-de-proteccion-legal-y-o-fisica\/","title":{"rendered":"3.3 Necesidades de protecci\u00f3n legal y\/o f\u00edsica"},"content":{"rendered":"\n<h2 class=\"wp-block-heading\"><strong>Presentaci\u00f3n de casos conforme a esta categor\u00eda<\/strong><\/h2>\n\n\n\n<div class=\"wp-block-group bluebox is-layout-constrained wp-block-group-is-layout-constrained\">\n<p>Las personas refugiadas a quienes el ACNUR considere prioritarias para el reasentamiento bajo esta categor\u00eda de presentaci\u00f3n no pueden acceder a una protecci\u00f3n efectiva en el pa\u00eds de asilo y, por tanto, corren el riesgo de sufrir una o m\u00e1s de las siguientes situaciones:<\/p>\n\n\n\n<ul class=\"wp-block-list\">\n<li>amenaza inmediata o a largo plazo de <em>devoluci\u00f3n<\/em> al pa\u00eds de origen o expulsi\u00f3n a otro pa\u00eds desde el que la persona pueda correr riesgo de <em>devoluci\u00f3n<\/em>; y\/o<\/li>\n\n\n\n<li>arresto, detenci\u00f3n o encarcelamiento arbitrarios; y\/o<\/li>\n\n\n\n<li>amenazas a la seguridad f\u00edsica o a los derechos humanos fundamentales, incluidas restricciones a la libertad de circulaci\u00f3n, al acceso a la documentaci\u00f3n identificativa y de estado civil, a la educaci\u00f3n, al alojamiento, al trabajo y\/o a las oportunidades de autosuficiencia, y\/o a la asistencia sanitaria.<\/li>\n<\/ul>\n<\/div>\n\n\n\n<p>Las personas refugiadas pueden necesitar protecci\u00f3n legal y\/o f\u00edsica, por ejemplo, debido a su perfil pol\u00edtico u otro perfil sensible, debido a su pertenencia a un grupo de riesgo dentro de la poblaci\u00f3n (por ejemplo, personas LGBTIQ+), como consecuencia de leyes y pol\u00edticas que no reconocen el derecho de las personas refugiadas a residir en el pa\u00eds de asilo, y\/o iv) cuando se imponen restricciones a la libertad de circulaci\u00f3n, al acceso a los servicios b\u00e1sicos o a las oportunidades de autosuficiencia de las personas refugiadas.<\/p>\n\n\n\n<p><strong>La amenaza de <\/strong><strong><em>devoluci\u00f3n<\/em><\/strong><strong>, arresto, detenci\u00f3n o expulsi\u00f3n <\/strong>puede constituir un riesgo de protecci\u00f3n en el pa\u00eds de asilo, por ejemplo, cuando se considera que las personas refugiadas son una amenaza para la estabilidad pol\u00edtica, social y\/o econ\u00f3mica, o cuando los gobiernos de los pa\u00edses de origen y asilo mantienen una estrecha relaci\u00f3n. Las personas refugiadas que se encuentran en pa\u00edses de asilo no signatarios de la <a href=\"https:\/\/www.unhcr.org\/1951-refugee-convention.html\"><em>Convenci\u00f3n de 1951 o de su Protocolo de 1967<\/em><\/a> pueden correr riesgo de detenci\u00f3n y <em>devoluci\u00f3n<\/em>.<\/p>\n\n\n\n<p><strong>Las amenazas contra la seguridad f\u00edsica o los derechos fundamentales<\/strong> abarcan el acoso, la discriminaci\u00f3n, la xenofobia y la victimizaci\u00f3n de las personas refugiadas, as\u00ed como obst\u00e1culos jur\u00eddicos y\/o sociales para el ejercicio de los derechos fundamentales y el acceso a la autosuficiencia y la integraci\u00f3n en el pa\u00eds de asilo. Las necesidades de protecci\u00f3n jur\u00eddica y f\u00edsica de las personas refugiadas a este respecto pueden diferir en funci\u00f3n de los antecedentes personales de cada persona, entre ellos la edad, el g\u00e9nero y otras caracter\u00edsticas de diversidad, as\u00ed como de sus necesidades espec\u00edficas y del entorno general de protecci\u00f3n. Las mujeres y las ni\u00f1as, adem\u00e1s de las personas que no se ajustan a las normas de g\u00e9nero, pueden correr un mayor riesgo de amenazas a su seguridad y a sus derechos fundamentales, al igual que las personas pertenecientes a minor\u00edas \u00e9tnicas, religiosas, pol\u00edticas, ling\u00fc\u00edsticas o de otro tipo.&nbsp;&nbsp;&nbsp;<\/p>\n\n\n\n<p>La categor\u00eda de <em>Necesidades de protecci\u00f3n legal y\/o f\u00edsica<\/em> debe aplicarse de forma inclusiva, pues puede resultar adecuada para una amplia gama de perfiles de riesgo y situaciones individuales. Por lo tanto, los grupos de riesgo que se indican a continuaci\u00f3n no pretenden ser una lista exhaustiva, sino m\u00e1s bien destacar algunas de las principales necesidades de protecci\u00f3n que podr\u00edan presentarse conforme a esta categor\u00eda.<\/p>\n\n\n\n<h2 class=\"wp-block-heading\">Personas LGBTIQ+ refugiadas<\/h2>\n\n\n\n<p>En muchas partes del mundo se mantiene la vigencia de leyes que penalizan o discriminan las relaciones consentidas entre adultos del mismo sexo, lo que significa que las personas LGBTIQ+ no pueden vivir libremente y en condiciones de seguridad ni disfrutar de sus derechos fundamentales. Las personas transg\u00e9nero y de g\u00e9nero diverso tambi\u00e9n se enfrentan a la violencia en todo el mundo y cuentan con un acceso limitado a documentaci\u00f3n que afirme su g\u00e9nero.<\/p>\n\n\n\n<p>Como personas refugiadas, los hombres, mujeres, ni\u00f1as y ni\u00f1os con diversas orientaciones sexuales e identidades de g\u00e9nero suelen sufrir violencia sexual y de g\u00e9nero en forma de discriminaci\u00f3n, abusos y violaciones de los derechos humanos en los pa\u00edses de origen, tr\u00e1nsito y asilo. Las personas que nacen con variaciones innatas en sus caracter\u00edsticas sexuales (tambi\u00e9n conocidas como intersexuales) pueden ser sometidas a intervenciones m\u00e9dicas postergables que atentan contra su integridad corporal o, en algunos casos, se les deniega el registro de nacimiento. Los actos de violencia contra las personas LGBTIQ+ pueden ser infligidos tanto por agentes estatales como no estatales, por ejemplo, cuando una familia obliga a una persona LGBTIQ+ a contraer matrimonio para evitar la verg\u00fcenza familiar o cuando las personas son sometidas a \u201cpr\u00e1cticas de conversi\u00f3n\u201d, una pr\u00e1ctica nociva que pretende cambiar la orientaci\u00f3n sexual o la intenci\u00f3n de someterse a una transici\u00f3n de g\u00e9nero. Estos riesgos de protecci\u00f3n generan en muchos casos la necesidad de reasentamiento.<\/p>\n\n\n\n<div class=\"wp-block-group bluebox is-layout-constrained wp-block-group-is-layout-constrained\">\n<p><strong>LGBTIQ+ <\/strong>hace referencia a lesbianas, gais, bisexuales, transg\u00e9nero, intersexuales, <em>queer <\/em>y otras identidades diversas. El signo + representa a las personas con diversas orientaciones sexuales, identidades de g\u00e9nero, expresiones de g\u00e9nero y caracter\u00edsticas sexuales (SOGIESC, por sus siglas en ingl\u00e9s) que se identifican utilizando otros t\u00e9rminos.&nbsp;&nbsp;&nbsp;&nbsp;&nbsp;&nbsp;<\/p>\n\n\n\n<p>Los t\u00e9rminos y definiciones relacionados con SOGIESC se exponen detalladamente en el documento del ACNUR titulado <a href=\"https:\/\/eur02.safelinks.protection.outlook.com\/?url=https%3A%2F%2Fwww.refworld.org%2Fdocid%2F4e6073972.html&amp;data=04%7C01%7Cstrang%40unhcr.org%7C14cd29c94e5a443864cf08d9f2cbc2cc%7Ce5c37981666441348a0c6543d2af80be%7C0%7C0%7C637807779237133789%7CUnknown%7CTWFpbGZsb3d8eyJWIjoiMC4wLjAwMDAiLCJQIjoiV2luMzIiLCJBTiI6Ik1haWwiLCJXVCI6Mn0%3D%7C3000&amp;sdata=A04MOnNmhw1KgJ%2FYtXsYmDn42WgzM0rrbteUWQBxRMo%3D&amp;reserved=0\"><em>Lo que se debe saber<\/em><\/a>:<a href=\"https:\/\/eur02.safelinks.protection.outlook.com\/?url=https%3A%2F%2Fwww.refworld.org%2Fdocid%2F4e6073972.html&amp;data=04%7C01%7Cstrang%40unhcr.org%7C14cd29c94e5a443864cf08d9f2cbc2cc%7Ce5c37981666441348a0c6543d2af80be%7C0%7C0%7C637807779237133789%7CUnknown%7CTWFpbGZsb3d8eyJWIjoiMC4wLjAwMDAiLCJQIjoiV2luMzIiLCJBTiI6Ik1haWwiLCJXVCI6Mn0%3D%7C3000&amp;sdata=A04MOnNmhw1KgJ%2FYtXsYmDn42WgzM0rrbteUWQBxRMo%3D&amp;reserved=0\"><em> El trabajo con personas lesbianas, gais, bisexuales, transg\u00e9nero, intersexuales y queer (LGBTIQ+) durante el desplazamiento forzado<\/em><\/a>. Ver asimismo la <a href=\"https:\/\/www.unhcr.org\/protection\/operations\/60db21c9254\/tip-sheet-applying-unhcr-age-gender-diversity-policy-lgbtiq-persons.html\"><em>Gu\u00eda de consejos del ACNUR sobre la aplicaci\u00f3n de la pol\u00edtica del ACNUR en materia de edad, g\u00e9nero y diversidad a las personas LGBTIQ+<\/em><\/a>.<\/p>\n<\/div>\n\n\n\n<p>La discriminaci\u00f3n contra las personas LGBTIQ+ puede verse agravada por la intersecci\u00f3n entre las identidades de la persona en cuesti\u00f3n, como el estatus legal, la etnia, la edad, la condici\u00f3n socioecon\u00f3mica, el estado de discapacidad, el estado civil y familiar, el nivel de alfabetizaci\u00f3n y educativo y otros factores. La discriminaci\u00f3n puede experimentarse de diversas formas, como la falta de acceso a una vivienda segura, a la atenci\u00f3n sanitaria, a la educaci\u00f3n y al trabajo. Para un an\u00e1lisis detallado de los riesgos de protecci\u00f3n a los que se enfrentan las personas LGBTIQ+ refugiadas en los pa\u00edses de asilo, ver el Documento de debate 2021 sobre <a href=\"https:\/\/www.refworld.org\/docid\/611e16944.html\">Personas LGBTIQ+ en situaci\u00f3n de desplazamiento forzoso y apatridia:<em> Protecci\u00f3n y soluciones<\/em><\/a>.<\/p>\n\n\n\n<p>Una persona LGBTIQ+ refugiada puede ser considerada para el reasentamiento bas\u00e1ndose en una evaluaci\u00f3n de los riesgos de protecci\u00f3n en el pa\u00eds de asilo, a la luz de las necesidades espec\u00edficas de la persona, sus antecedentes personales y su capacidad para superar los retos de protecci\u00f3n.<\/p>\n\n\n\n<h2 class=\"wp-block-heading\">J\u00f3venes refugiados<\/h2>\n\n\n\n<p>El significado del t\u00e9rmino \u201cjuventud\u201d difiere en las distintas sociedades del mundo, aunque las Naciones Unidas consideran que incluye a las mujeres y hombres j\u00f3venes de hasta 24 a\u00f1os. Un grupo social que a menudo se pasa por alto es el de los j\u00f3venes refugiados, a quienes la ley suele considerar adultos (por ejemplo, de 18 a 24 a\u00f1os): ya no son ni\u00f1os o ni\u00f1as, pero aun as\u00ed pueden estar expuestos a un riesgo mayor o continuado debido a su juventud.<\/p>\n\n\n\n<p>Las adolescentes de m\u00e1s edad y las mujeres j\u00f3venes pueden estar especialmente expuestas. Por ejemplo, el desplazamiento obliga con frecuencia a las mujeres j\u00f3venes a asumir nuevas funciones y responsabilidades para tratar de atender sus propias necesidades de protecci\u00f3n y asistencia y las de sus familias. Esto puede provocar que recurran a estrategias de supervivencia perjudiciales, como el matrimonio forzado, la venta o el intercambio de sexo, el matrimonio precoz y la explotaci\u00f3n laboral (ver <a href=\"https:\/\/www.unhcr.org\/resettlement-handbook\/3-protection-risks-and-the-resettlement-submission-categories\/3-4-women-and-girls-at-risk\/\">3.4 Mujeres y ni\u00f1as en situaci\u00f3n de riesgo<\/a>). Otros riesgos para la protecci\u00f3n son el escaso acceso a una atenci\u00f3n sanitaria que tenga en cuenta a los j\u00f3venes, en particular el apoyo psicosocial, la salud reproductiva y el asesoramiento.<\/p>\n\n\n\n<p>Las mujeres y hombres j\u00f3venes refugiados se enfrentan sistem\u00e1ticamente a dificultades a la hora de acceder a oportunidades de aprendizaje y formaci\u00f3n profesional de calidad en los pa\u00edses de asilo a causa de la falta de reconocimiento de la condici\u00f3n de refugiado, de la cualificaci\u00f3n educativa y de otras competencias, y de las consiguientes barreras financieras. Del mismo modo, las oportunidades limitadas para ganarse la vida y las barreras administrativas para obtener permisos de trabajo exponen a los j\u00f3venes refugiados a condiciones laborales precarias e inseguras y les privan del acceso a una vivienda segura y asequible. En algunos contextos, los j\u00f3venes pueden exponerse a ser captados a la fuerza por bandas criminales o grupos armados.<\/p>\n\n\n\n<p>Estos impedimentos para ganarse la vida de forma viable en el pa\u00eds de asilo pueden empujar a los hombres y mujeres j\u00f3venes con necesidades de protecci\u00f3n internacional a embarcarse en peligrosos viajes en busca de seguridad y protecci\u00f3n, durante los cuales pueden verse expuestos a detenciones ilegales y arbitrarias, violencia de g\u00e9nero, esclavitud y otras graves violaciones de los derechos humanos, as\u00ed como al riesgo de muerte en el mar o en tierra. El reasentamiento de los j\u00f3venes refugiados debe considerarse en funci\u00f3n de sus necesidades de protecci\u00f3n, as\u00ed como de un an\u00e1lisis de las causas subyacentes de los problemas a los que se enfrentan en el pa\u00eds de asilo y de sus capacidades para abordarlos.<\/p>\n\n\n\n<h2 class=\"wp-block-heading\">Adultos mayores refugiados<\/h2>\n\n\n\n<p>Se considera que una persona mayor tiene 60 a\u00f1os o m\u00e1s, pero el envejecimiento puede producirse por varios factores, como la salud de la persona, sus caracter\u00edsticas f\u00edsicas y psicol\u00f3gicas, el apoyo familiar y social, sus condiciones de vida y su situaci\u00f3n econ\u00f3mica.<\/p>\n\n\n\n<p>Los adultos mayores refugiados a menudo ofrecen apoyo y orientaci\u00f3n dentro de sus comunidades y pueden ser una fuente esencial de apoyo para sus hijos y nietos, incluso con el cuidado de los ni\u00f1os y la ayuda dom\u00e9stica. Al mismo tiempo, los retos a los que se enfrentan las personas mayores desplazadas pueden ser considerables. Las crisis y los desastres repercuten de forma desproporcionada en las personas mayores, que pueden correr un mayor riesgo de sufrir abusos f\u00edsicos, sexuales, psicol\u00f3gicos y\/o financieros y abandono.<\/p>\n\n\n\n<p>La edad avanzada reduce la movilidad, la vista y el o\u00eddo, y aumenta la exposici\u00f3n y el impacto de los problemas de salud con el paso del tiempo. Por este motivo, los adultos mayores refugiados pueden enfrentarse a barreras considerables a la hora de acceder a servicios esenciales en un contexto de desplazamiento y pueden necesitar reasentamiento debido al riesgo de protecci\u00f3n y a necesidades espec\u00edficas.<\/p>\n\n\n\n<p>Al evaluar las necesidades de reasentamiento, es importante tener en cuenta todas las formas de apoyo que reciben los adultos mayores refugiados en el pa\u00eds de asilo, ya sea por parte de familiares, miembros de la comunidad o servicios disponibles, a fin de garantizar que el reasentamiento no aleje o corra el riesgo de alejar a una persona de un entorno familiar y seguro y la coloque en una situaci\u00f3n m\u00e1s vulnerable en un nuevo pa\u00eds.<\/p>\n\n\n\n<p>Antes de tomar una decisi\u00f3n sobre el reasentamiento, deben tenerse en cuenta los intereses y las necesidades de las personas refugiadas de m\u00e1s edad dentro de una familia en lo que respecta a la inclusi\u00f3n en una solicitud de reasentamiento de miembros de la familia o en el contexto del restablecimiento de la unidad familiar.<\/p>\n\n\n\n<h2 class=\"wp-block-heading\">Personas refugiadas con discapacidad<\/h2>\n\n\n\n<p>Seg\u00fan la<a href=\"https:\/\/www.un.org\/development\/desa\/disabilities\/convention-on-the-rights-of-persons-with-disabilities.html\"> <em>Convenci\u00f3n sobre los derechos de las personas con discapacidad de las Naciones Unidas<\/em><\/a>, las personas con discapacidad incluyen a \u201caquellas que tengan deficiencias f\u00edsicas, mentales, intelectuales o sensoriales a largo plazo que, al interactuar con diversas barreras, puedan impedir su participaci\u00f3n plena y efectiva en la sociedad, en igualdad de condiciones con las dem\u00e1s\u201d. La Convenci\u00f3n incluye disposiciones que proh\u00edben la discriminaci\u00f3n por discapacidad y exige a las partes firmantes que adopten todas las medidas posibles para garantizar la protecci\u00f3n de las personas con discapacidad en situaciones de riesgo.<\/p>\n\n\n\n<p>Las personas con discapacidad tienen capacidades y necesidades diferentes y contribuyen de distintas maneras a sus comunidades. Pueden tener dificultades para moverse, o\u00edr, ver, comunicarse y\/o aprender. Cuando estos factores interact\u00faan con las barreras sociales, f\u00edsicas, econ\u00f3micas y\/o pol\u00edticas y la discriminaci\u00f3n, pueden dificultar su participaci\u00f3n en la sociedad en igualdad de condiciones con los dem\u00e1s. A veces se les puede percibir como una carga para su comunidad, lo que aumenta la sensaci\u00f3n de estigmatizaci\u00f3n y aislamiento en el desplazamiento, especialmente si los servicios de apoyo esenciales no son accesibles.<\/p>\n\n\n\n<p>Durante las crisis y los desplazamientos, la discriminaci\u00f3n se suele intensificar, y las personas con discapacidad corren un mayor riesgo de abandono, explotaci\u00f3n y violencia. Las personas refugiadas con discapacidad pueden estar m\u00e1s expuestos a la violencia de g\u00e9nero y a otros riesgos de protecci\u00f3n. Tambi\u00e9n pueden enfrentarse a obst\u00e1culos a la hora de acceder a servicios esenciales de protecci\u00f3n y asistencia en igualdad de condiciones con los dem\u00e1s, como los servicios jur\u00eddicos, sanitarios y reproductivos. Los ni\u00f1os y las ni\u00f1as con discapacidad se enfrentan a numerosos riesgos relacionados con la protecci\u00f3n, como abusos, negligencia, abandono, explotaci\u00f3n, problemas de salud, exposici\u00f3n a problemas psicosociales y de salud mental a largo plazo, separaci\u00f3n familiar y denegaci\u00f3n del derecho a la educaci\u00f3n.&nbsp;<\/p>\n\n\n\n<p>A pesar de que se puede tener en cuenta a las personas con discapacidad para el reasentamiento en cualquier categor\u00eda de presentaci\u00f3n, en muchos casos la categor\u00eda m\u00e1s adecuada puede ser la de <em>Necesidades de protecci\u00f3n legal y\/o f\u00edsica<\/em>. El ACNUR debe asegurarse de que no se resta prioridad a las personas con discapacidad para el reasentamiento debido a su discapacidad. Es posible que se requieran una defensa y un apoyo firmes para garantizar que puedan acceder al reasentamiento en igualdad de condiciones que los dem\u00e1s.<\/p>\n\n\n\n<h2 class=\"wp-block-heading\">Documentar las necesidades de protecci\u00f3n legal y\/o f\u00edsica en el RRF<\/h2>\n\n\n\n<p>El RRF debe incluir informaci\u00f3n referente a los riesgos de protecci\u00f3n a los que se enfrenta una persona que solicita reasentamiento en esta categor\u00eda, teniendo en cuenta los factores de riesgo externos y la situaci\u00f3n espec\u00edfica de la persona refugiada en cuesti\u00f3n. En la solicitud de reasentamiento deber\u00e1 incluirse la documentaci\u00f3n justificativa, las evaluaciones o los informes pertinentes, de conformidad con los principios de protecci\u00f3n de datos y privacidad (ver la secci\u00f3n <a href=\"https:\/\/www.unhcr.org\/resettlement-handbook\/2-managing-resettlement-activities\/2-3-protection-of-personal-data-of-persons-of-concern\/\">2.3 Protecci\u00f3n de datos en el reasentamiento<\/a>).<\/p>\n\n\n\n<p>Todos los datos sobre necesidades espec\u00edficas que resulten necesarios y proporcionados a efectos de facilitar los servicios de asentamiento deber\u00e1n exponerse en la Secci\u00f3n 6 \u201cNecesidades espec\u00edficas\u201d del RRF. De este modo, se garantizar\u00e1 que a la llegada de la persona se ponga a su disposici\u00f3n la informaci\u00f3n pertinente sobre los servicios. El intercambio de datos sobre necesidades espec\u00edficas relacionadas con la violencia de g\u00e9nero debe basarse en el consentimiento y ajustarse a los <a href=\"https:\/\/www.unfpa.org\/minimum-standards\"><em>Principios rectores sobre <\/em><\/a><em>violencia de g\u00e9nero<\/em>.<\/p>\n","protected":false},"excerpt":{"rendered":"<p>Presentaci\u00f3n de casos conforme a esta categor\u00eda Las personas refugiadas a quienes el ACNUR considere prioritarias para el reasentamiento bajo esta categor\u00eda de presentaci\u00f3n no pueden acceder a una protecci\u00f3n efectiva en el pa\u00eds de asilo y, por tanto, corren el riesgo de sufrir una o m\u00e1s de las siguientes situaciones: Las personas refugiadas pueden [&hellip;]<\/p>\n","protected":false},"author":983,"featured_media":0,"parent":5307,"menu_order":0,"comment_status":"closed","ping_status":"closed","template":"page-template-chapter.php","meta":{"_acf_changed":false,"_et_pb_use_builder":"off","_et_pb_old_content":"","_et_gb_content_width":"","footnotes":""},"class_list":["post-6363","page","type-page","status-publish","hentry"],"acf":[],"_links":{"self":[{"href":"https:\/\/www.unhcr.org\/resettlement-handbook\/es\/wp-json\/wp\/v2\/pages\/6363","targetHints":{"allow":["GET"]}}],"collection":[{"href":"https:\/\/www.unhcr.org\/resettlement-handbook\/es\/wp-json\/wp\/v2\/pages"}],"about":[{"href":"https:\/\/www.unhcr.org\/resettlement-handbook\/es\/wp-json\/wp\/v2\/types\/page"}],"author":[{"embeddable":true,"href":"https:\/\/www.unhcr.org\/resettlement-handbook\/es\/wp-json\/wp\/v2\/users\/983"}],"replies":[{"embeddable":true,"href":"https:\/\/www.unhcr.org\/resettlement-handbook\/es\/wp-json\/wp\/v2\/comments?post=6363"}],"version-history":[{"count":2,"href":"https:\/\/www.unhcr.org\/resettlement-handbook\/es\/wp-json\/wp\/v2\/pages\/6363\/revisions"}],"predecessor-version":[{"id":6519,"href":"https:\/\/www.unhcr.org\/resettlement-handbook\/es\/wp-json\/wp\/v2\/pages\/6363\/revisions\/6519"}],"up":[{"embeddable":true,"href":"https:\/\/www.unhcr.org\/resettlement-handbook\/es\/wp-json\/wp\/v2\/pages\/5307"}],"wp:attachment":[{"href":"https:\/\/www.unhcr.org\/resettlement-handbook\/es\/wp-json\/wp\/v2\/media?parent=6363"}],"curies":[{"name":"wp","href":"https:\/\/api.w.org\/{rel}","templated":true}]}}