{"id":6391,"date":"2022-06-23T14:24:12","date_gmt":"2022-06-23T14:24:12","guid":{"rendered":"https:\/\/www.unhcr.org\/resettlement-handbook\/?page_id=6391"},"modified":"2023-09-28T13:43:50","modified_gmt":"2023-09-28T13:43:50","slug":"3-8-restablecimiento-de-la-unidad-familiar","status":"publish","type":"page","link":"https:\/\/www.unhcr.org\/resettlement-handbook\/es\/3-resettlement-submission-categories\/3-8-restablecimiento-de-la-unidad-familiar\/","title":{"rendered":"3.8 Restablecimiento de la unidad familiar"},"content":{"rendered":"\n<p><strong>La reunificaci\u00f3n familiar de las personas refugiadas en un tercer pa\u00eds puede lograrse mediante una de las siguientes v\u00edas:<\/strong><\/p>\n\n\n\n<p><strong>i) Procedimientos<\/strong> <strong>nacionales de reunificaci\u00f3n familiar&nbsp;<\/strong><\/p>\n\n\n\n<p><strong>ii) <\/strong><a href=\"https:\/\/www.unhcr.org\/private-sponsorship-pathways.html\"><strong>Procedimientos de patrocinio<\/strong><\/a><strong>&nbsp;<\/strong><\/p>\n\n\n\n<p><strong>iii) El reasentamiento bajo esta categor\u00eda de presentaci\u00f3n de casos, cuando la reunificaci\u00f3n familiar no sea posible por otras v\u00edas en un plazo razonable.<\/strong><\/p>\n\n\n\n<h2 class=\"wp-block-heading\">Procedimientos nacionales de reunificaci\u00f3n familiar<\/h2>\n\n\n\n<p>Los Estados tienen la responsabilidad primordial de reunificar a las familias de personas refugiadas separadas, de conformidad con el principio de unidad familiar, consagrado en la legislaci\u00f3n internacional sobre derechos humanos y refugiados. Cuando los procedimientos establecidos a nivel nacional son eficaces y accesibles, los familiares cercanos deben, en primera instancia, tratar de conseguir la reunificaci\u00f3n familiar directamente con las autoridades competentes, teniendo en cuenta que, en la pr\u00e1ctica, la mayor\u00eda de los procedimientos nacionales de reunificaci\u00f3n familiar \u00fanicamente tienen en cuenta a los <strong>familiares directos<\/strong>.<\/p>\n\n\n\n<p>Se insta a todo el personal del ACNUR a garantizar que las personas desplazadas por la fuerza y ap\u00e1tridas tengan acceso a <strong>informaci\u00f3n<\/strong> precisa y <strong>fiable sobre su elegibilidad<\/strong> para la reunificaci\u00f3n familiar, siempre que se conozcan las relaciones familiares pertinentes. En la medida de lo posible, los colegas deben remitir a las personas a socios legales que les presten asistencia y apoyo con las solicitudes. Entre las fuentes de informaci\u00f3n fiables se incluye <a href=\"https:\/\/help.unhcr.org\/es\/\">https:\/\/help.unhcr.org<\/a>, que contiene informaci\u00f3n sobre los requisitos y procedimientos para la reunificaci\u00f3n familiar e incluye referencias a las organizaciones pertinentes que ayudan a las personas refugiadas en distintos pa\u00edses.<\/p>\n\n\n\n<p>Si en el contexto de la tramitaci\u00f3n del reasentamiento sale a la luz un caso que es susceptible de optar a la reunificaci\u00f3n familiar, entre los factores que deben tenerse en cuenta a la hora de determinar si se procede al reasentamiento o se insta a la familia a que inicie los tr\u00e1mites de reunificaci\u00f3n familiar directamente con el tercer pa\u00eds de que se trate, figuran los siguientes:<\/p>\n\n\n\n<ul class=\"wp-block-list\">\n<li>si todos los familiares a cargo que desean reunirse ser\u00edan elegibles en virtud de los procedimientos nacionales de reunificaci\u00f3n familiar pertinentes;<\/li>\n\n\n\n<li>si el tiempo estimado del proceso de reunificaci\u00f3n familiar en el Estado pertinente aborda las necesidades de protecci\u00f3n de la familia de manera oportuna y eficaz;<\/li>\n\n\n\n<li>s\u00ed existen probabilidades de que los procedimientos de reunificaci\u00f3n familiar sean accesibles (teniendo en cuenta los riesgos de protecci\u00f3n espec\u00edficos de cada caso, as\u00ed como los obst\u00e1culos de \u00edndole pr\u00e1ctica o log\u00edstica del contexto); y<\/li>\n\n\n\n<li>la probabilidad de una decisi\u00f3n positiva, especialmente teniendo en cuenta los requisitos financieros o probatorios aplicables de los procedimientos de reunificaci\u00f3n familiar del Estado pertinente.<\/li>\n<\/ul>\n\n\n\n<p>Cuando se haya decidido que la familia debe seguir los procedimientos de reunificaci\u00f3n familiar nacionales, el personal de reasentamiento puede considerar la posibilidad de establecer un plazo para comprobar en qu\u00e9 situaci\u00f3n se encuentra la persona o la familia en cuesti\u00f3n y evaluar si las necesidades de protecci\u00f3n han evolucionado y justifican su remisi\u00f3n de nuevo al proceso de reasentamiento.&nbsp;<\/p>\n\n\n\n<p>Tenga en cuenta que los factores de consideraci\u00f3n enumerados anteriormente son igualmente aplicables a un caso en el que ya exista una solicitud activa en tr\u00e1mite para un procedimiento de patrocinio.<\/p>\n\n\n\n<h2 class=\"wp-block-heading\">Presentaci\u00f3n de casos conforme a esta categor\u00eda<\/h2>\n\n\n\n<div class=\"wp-block-group bluebox is-layout-constrained wp-block-group-is-layout-constrained\">\n<p>A fin de que el ACNUR considere prioritario el reasentamiento bajo esta categor\u00eda, deber\u00e1n cumplirse las siguientes condiciones:<\/p>\n\n\n\n<ul class=\"wp-block-list\">\n<li>el reasentamiento reunir\u00eda a la persona refugiada con un miembro de su familia ya residente en un pa\u00eds de reasentamiento con el que est\u00e9 en contacto; y<\/li>\n\n\n\n<li>se ha examinado la disponibilidad y accesibilidad de la reunificaci\u00f3n familiar a trav\u00e9s de procedimientos nacionales o de un procedimiento de patrocinio en consonancia con las orientaciones anteriores y se ha determinado que el reasentamiento es la opci\u00f3n m\u00e1s adecuada.<\/li>\n<\/ul>\n<\/div>\n\n\n\n<h2 class=\"wp-block-heading\">Personas elegibles conforme a esta categor\u00eda de presentaci\u00f3n de casos de reasentamiento<\/h2>\n\n\n\n<p>Si bien los procedimientos nacionales de reunificaci\u00f3n familiar suelen reservarse a los familiares directos, en esta categor\u00eda de reasentamiento el ACNUR promueve una interpretaci\u00f3n m\u00e1s amplia de la familia. Los trabajadores de casos deben <strong>guiarse por el principio de dependencia<\/strong> y determinar cu\u00e1les son los v\u00ednculos sociales, emocionales y\/o de otro tipo que pueden existir entre las personas refugiada y las personas que residen en el pa\u00eds de reasentamiento. Dichos v\u00ednculos se podr\u00e1n demostrar de diferentes maneras, como por ejemplo a trav\u00e9s de contactos regulares. Tenga en cuenta que, en vista del enfoque basado en la protecci\u00f3n del ACNUR en lo que respecta a la identificaci\u00f3n de casos de reasentamiento y la expectativa de que los trabajadores de casos establezcan la elegibilidad en virtud de dos categor\u00edas de presentaci\u00f3n, en principio, tambi\u00e9n deber\u00edan atenderse otras necesidades de protecci\u00f3n a trav\u00e9s del reasentamiento.<\/p>\n\n\n\n<p>Para obtener m\u00e1s informaci\u00f3n sobre la familia y la dependencia, ver la secci\u00f3n <a href=\"https:\/\/www.unhcr.org\/resettlement-handbook\/3-protection-risks-and-the-resettlement-submission-categories\/3-1-overarching-principles\/\">3.1 Principios generales del reasentamiento:&nbsp; AGD y unidad familiar.<\/a>Para obtener orientaci\u00f3n sobre el restablecimiento de la unidad familiar en el caso de NNA no acompa\u00f1ados o separados, incluida la evaluaci\u00f3n o determinaci\u00f3n del inter\u00e9s superior del NNA,<em> <\/em>ver la secci\u00f3n <a href=\"https:\/\/www.unhcr.org\/resettlement-handbook\/3-protection-risks-and-the-resettlement-submission-categories\/3-5-children-and-adolescents-at-risk\/?preview_id=1229&amp;preview_nonce=daba91807e&amp;preview=true\">3.5 Ni\u00f1as, ni\u00f1os y adolescentes en situaci\u00f3n de riesgo.<\/a><em>&nbsp;<\/em><\/p>\n","protected":false},"excerpt":{"rendered":"<p>La reunificaci\u00f3n familiar de las personas refugiadas en un tercer pa\u00eds puede lograrse mediante una de las siguientes v\u00edas: i) Procedimientos nacionales de reunificaci\u00f3n familiar&nbsp; ii) Procedimientos de patrocinio&nbsp; iii) El reasentamiento bajo esta categor\u00eda de presentaci\u00f3n de casos, cuando la reunificaci\u00f3n familiar no sea posible por otras v\u00edas en un plazo razonable. Procedimientos nacionales [&hellip;]<\/p>\n","protected":false},"author":983,"featured_media":0,"parent":5307,"menu_order":0,"comment_status":"closed","ping_status":"closed","template":"page-template-chapter.php","meta":{"_acf_changed":false,"_et_pb_use_builder":"off","_et_pb_old_content":"","_et_gb_content_width":"","footnotes":""},"class_list":["post-6391","page","type-page","status-publish","hentry"],"acf":[],"_links":{"self":[{"href":"https:\/\/www.unhcr.org\/resettlement-handbook\/es\/wp-json\/wp\/v2\/pages\/6391","targetHints":{"allow":["GET"]}}],"collection":[{"href":"https:\/\/www.unhcr.org\/resettlement-handbook\/es\/wp-json\/wp\/v2\/pages"}],"about":[{"href":"https:\/\/www.unhcr.org\/resettlement-handbook\/es\/wp-json\/wp\/v2\/types\/page"}],"author":[{"embeddable":true,"href":"https:\/\/www.unhcr.org\/resettlement-handbook\/es\/wp-json\/wp\/v2\/users\/983"}],"replies":[{"embeddable":true,"href":"https:\/\/www.unhcr.org\/resettlement-handbook\/es\/wp-json\/wp\/v2\/comments?post=6391"}],"version-history":[{"count":2,"href":"https:\/\/www.unhcr.org\/resettlement-handbook\/es\/wp-json\/wp\/v2\/pages\/6391\/revisions"}],"predecessor-version":[{"id":6531,"href":"https:\/\/www.unhcr.org\/resettlement-handbook\/es\/wp-json\/wp\/v2\/pages\/6391\/revisions\/6531"}],"up":[{"embeddable":true,"href":"https:\/\/www.unhcr.org\/resettlement-handbook\/es\/wp-json\/wp\/v2\/pages\/5307"}],"wp:attachment":[{"href":"https:\/\/www.unhcr.org\/resettlement-handbook\/es\/wp-json\/wp\/v2\/media?parent=6391"}],"curies":[{"name":"wp","href":"https:\/\/api.w.org\/{rel}","templated":true}]}}