{"id":6395,"date":"2022-06-23T14:38:08","date_gmt":"2022-06-23T14:38:08","guid":{"rendered":"https:\/\/www.unhcr.org\/resettlement-handbook\/?page_id=6395"},"modified":"2023-09-28T13:43:55","modified_gmt":"2023-09-28T13:43:55","slug":"3-9-ausencia-de-perspectivas-de-soluciones-duraderas-alternativas","status":"publish","type":"page","link":"https:\/\/www.unhcr.org\/resettlement-handbook\/es\/3-resettlement-submission-categories\/3-9-ausencia-de-perspectivas-de-soluciones-duraderas-alternativas\/","title":{"rendered":"3.9 Ausencia de perspectivas de soluciones duraderas alternativas"},"content":{"rendered":"\n<h2 class=\"wp-block-heading\">Presentaci\u00f3n de casos conforme a esta categor\u00eda<\/h2>\n\n\n\n<div class=\"wp-block-group bluebox is-layout-constrained wp-block-group-is-layout-constrained\">\n<p>A fin de cumplir las condiciones para la presentaci\u00f3n de casos en esta categor\u00eda, debe tenerse en cuenta lo siguiente:<\/p>\n\n\n\n<ul class=\"wp-block-list\">\n<li>Los indicadores sobre protecci\u00f3n e inclusi\u00f3n legal, social y econ\u00f3mica del pa\u00eds de asilo, por ejemplo:<br>&#8211;&nbsp; &nbsp; &nbsp; &nbsp; libertad de circulaci\u00f3n<br>&#8211;&nbsp; &nbsp; &nbsp; &nbsp; derecho al trabajo<br>&#8211;&nbsp; &nbsp; &nbsp; &nbsp; acceso a documentos de identidad y registro civil<br>&#8211;&nbsp; &nbsp; &nbsp; &nbsp; acceso a los servicios p\u00fablicos disponibles (sanidad, educaci\u00f3n y formaci\u00f3n, vivienda)<br>&#8211;&nbsp; &nbsp; &nbsp; &nbsp; v\u00edas para la naturalizaci\u00f3n.<\/li>\n\n\n\n<li>La duraci\u00f3n de la estancia en el pa\u00eds de asilo y las condiciones generales de vida.<\/li>\n\n\n\n<li>Las perspectivas de retorno voluntario en un futuro previsible.<\/li>\n<\/ul>\n<\/div>\n\n\n\n<p>Habida cuenta de la falta de espacios para el reasentamiento en comparaci\u00f3n con las necesidades mundiales de reasentamiento, los trabajadores de casos deber\u00e1n, en general, aplicar la categor\u00eda de <em>Ausencia de perspectivas de soluciones duraderas alternativas<\/em> \u00fanicamente como <strong>categor\u00eda secundaria de presentaci\u00f3n<\/strong>, en particular como medio para defender y reforzar los casos presentados por otros motivos. Si no se puede establecer una categor\u00eda primaria, esto puede indicar que un caso debe ser despriorizado para el reasentamiento, o evaluado por un supervisor para su aprobaci\u00f3n, de acuerdo con los procedimientos operativos est\u00e1ndar.&nbsp;<\/p>\n\n\n\n<p>La <em>Ausencia de perspectivas de soluciones duraderas alternativas<\/em> puede utilizarse como <strong>categor\u00eda primaria de presentaci\u00f3n de casos <\/strong>de forma excepcional, como por ejemplo para preservar la <strong>unidad familiar<\/strong>, o en el contexto del <strong>procesamiento de grupos<\/strong> en los que esta categor\u00eda de presentaci\u00f3n de casos describa de forma m\u00e1s adecuada las necesidades de reasentamiento. Esta categor\u00eda pone de relieve el hecho de que una persona refugiada no cuenta con ning\u00fan acceso previsible a oportunidades de autosuficiencia e inclusi\u00f3n socioecon\u00f3mica en el pa\u00eds de asilo a corto o largo plazo, ni tiene la posibilidad de repatriaci\u00f3n voluntaria en un futuro previsible. Estas personas pueden encontrarse, por tanto, en una situaci\u00f3n de refugio prolongado: si bien no es seguro regresar a casa, tampoco existe una v\u00eda viable hacia la residencia legal permanente en otro pa\u00eds.<\/p>\n\n\n\n<p>Tenga en cuenta que cuando se produce un <strong>retorno voluntario<\/strong> espont\u00e1neo o cuando se promueve activamente el retorno voluntario, algunas personas refugiadas pueden necesitar el reasentamiento debido a un temor continuado de persecuci\u00f3n en su pa\u00eds de origen. La tramitaci\u00f3n para el reasentamiento de estos casos debe realizarse en consulta con el Servicio de Reasentamiento y V\u00edas Complementarias y el bur\u00f3 regional correspondiente.<\/p>\n","protected":false},"excerpt":{"rendered":"<p>Presentaci\u00f3n de casos conforme a esta categor\u00eda A fin de cumplir las condiciones para la presentaci\u00f3n de casos en esta categor\u00eda, debe tenerse en cuenta lo siguiente: Habida cuenta de la falta de espacios para el reasentamiento en comparaci\u00f3n con las necesidades mundiales de reasentamiento, los trabajadores de casos deber\u00e1n, en general, aplicar la categor\u00eda [&hellip;]<\/p>\n","protected":false},"author":983,"featured_media":0,"parent":5307,"menu_order":0,"comment_status":"closed","ping_status":"closed","template":"page-template-chapter.php","meta":{"_acf_changed":false,"_et_pb_use_builder":"off","_et_pb_old_content":"","_et_gb_content_width":"","footnotes":""},"class_list":["post-6395","page","type-page","status-publish","hentry"],"acf":[],"_links":{"self":[{"href":"https:\/\/www.unhcr.org\/resettlement-handbook\/es\/wp-json\/wp\/v2\/pages\/6395","targetHints":{"allow":["GET"]}}],"collection":[{"href":"https:\/\/www.unhcr.org\/resettlement-handbook\/es\/wp-json\/wp\/v2\/pages"}],"about":[{"href":"https:\/\/www.unhcr.org\/resettlement-handbook\/es\/wp-json\/wp\/v2\/types\/page"}],"author":[{"embeddable":true,"href":"https:\/\/www.unhcr.org\/resettlement-handbook\/es\/wp-json\/wp\/v2\/users\/983"}],"replies":[{"embeddable":true,"href":"https:\/\/www.unhcr.org\/resettlement-handbook\/es\/wp-json\/wp\/v2\/comments?post=6395"}],"version-history":[{"count":2,"href":"https:\/\/www.unhcr.org\/resettlement-handbook\/es\/wp-json\/wp\/v2\/pages\/6395\/revisions"}],"predecessor-version":[{"id":6533,"href":"https:\/\/www.unhcr.org\/resettlement-handbook\/es\/wp-json\/wp\/v2\/pages\/6395\/revisions\/6533"}],"up":[{"embeddable":true,"href":"https:\/\/www.unhcr.org\/resettlement-handbook\/es\/wp-json\/wp\/v2\/pages\/5307"}],"wp:attachment":[{"href":"https:\/\/www.unhcr.org\/resettlement-handbook\/es\/wp-json\/wp\/v2\/media?parent=6395"}],"curies":[{"name":"wp","href":"https:\/\/api.w.org\/{rel}","templated":true}]}}