{"id":6455,"date":"2022-06-14T06:25:46","date_gmt":"2022-06-14T06:25:46","guid":{"rendered":"https:\/\/www.unhcr.org\/resettlement-handbook\/?page_id=6455"},"modified":"2023-09-28T13:42:05","modified_gmt":"2023-09-28T13:42:05","slug":"2-10-el-reporte-estadistico-de-reasentamiento-rsr-por-sus-siglas-en-ingles","status":"publish","type":"page","link":"https:\/\/www.unhcr.org\/resettlement-handbook\/es\/2-managing-resettlement-activities\/2-10-el-reporte-estadistico-de-reasentamiento-rsr-por-sus-siglas-en-ingles\/","title":{"rendered":"2.10 El Reporte Estad\u00edstico de Reasentamiento (RSR, por sus siglas en ingl\u00e9s)"},"content":{"rendered":"\n<h2 class=\"wp-block-heading\"><strong>El Reporte Estad\u00edstico de Reasentamiento (RSR, por sus siglas en ingl\u00e9s)<\/strong><\/h2>\n\n\n\n<p>El Reporte Estad\u00edstico de Reasentamiento (RSR, por sus siglas en ingl\u00e9s) es el reporte estad\u00edstico sobre las actividades de reasentamiento del ACNUR y los indicadores del proceso durante un a\u00f1o natural concreto, y debe presentarse para todos los pa\u00edses de asilo en los que el ACNUR participe o ayude en la presentaci\u00f3n de casos de reasentamiento y salidas.<\/p>\n\n\n\n<p>Todas las estad\u00edsticas de reasentamiento facilitadas para uso interno o externo deben basarse en las estad\u00edsticas comunicadas a trav\u00e9s del RSR. Esto incluye todas las cifras utilizadas en los informes del Comit\u00e9 Ejecutivo, los Planes Operacionales, el informe de Proyecci\u00f3n de las necesidades globales de reasentamiento del ACNUR, los instrumentos de implementaci\u00f3n, la documentaci\u00f3n para solicitar financiaci\u00f3n y las actividades de informaci\u00f3n p\u00fablica. Al ce\u00f1irse al uso del RSR como \u00fanica fuente oficial para las estad\u00edsticas de reasentamiento, se puede mantener la coherencia necesaria en la documentaci\u00f3n emitida por la Sede, los bur\u00f3s regionales y las oficinas de pa\u00eds.<\/p>\n\n\n\n<p>Las oficinas en los pa\u00edses extraen las estad\u00edsticas de reasentamiento del DataPort y las cargan directamente en la plataforma del RSR. El RSR debe presentarse en l\u00ednea mensualmente, a m\u00e1s tardar el d\u00eda 12 del mes siguiente, en el sitio espec\u00edfico <a href=\"https:\/\/rsr.unhcr.org\/\">https:\/\/rsr.unhcr.org\/<\/a>. Las estad\u00edsticas deben compilarse en estrecha consulta con las distintas unidades de la oficina de pa\u00eds y el bur\u00f3 regional correspondiente, y cualquier incoherencia debe resolverse antes de presentarlas en l\u00ednea. El Servicio de Reasentamiento y de V\u00edas Complementaria mantiene actualizadas las <em>Directrices sobre el RSR<\/em>, as\u00ed como una <em>Gu\u00eda de usuario del RSR<\/em> para navegar por la aplicaci\u00f3n RSR. Ambos est\u00e1n disponibles en el <a href=\"https:\/\/rsr.unhcr.org\/instructions\">sitio web del RSR<\/a>.<\/p>\n\n\n\n<p>Se espera que las oficinas de cada pa\u00eds revisen el RSR mensualmente antes y despu\u00e9s de cargar su reporte en la plataforma a fin de garantizar que las estad\u00edsticas de presentaci\u00f3n, salida y retirada sean correctas y coherentes con <em>proGres<\/em>, y que supervisen los indicadores de procesamiento, incluido el n\u00famero de casos\/personas en espera y el n\u00famero de casos\/personas pendientes de entrevista, revisi\u00f3n o presentaci\u00f3n.<\/p>\n\n\n\n<p>Es fundamental realizar un seguimiento sistem\u00e1tico de los expedientes en <em>proGres<\/em>, aplicar medidas de control de calidad e integridad, y llevar un control eficaz de los expedientes, para que las estad\u00edsticas y los reportes sobre reasentamientos sean precisos. La gesti\u00f3n y el seguimiento de los expedientes y las normas de integridad se mantienen por medio de la funci\u00f3n de supervisi\u00f3n del Oficial Responsable y del apoyo de los funcionarios regionales de reasentamiento.<\/p>\n\n\n\n<p><strong>El ACNUR est\u00e1 trabajando actualmente en la mejora de los reportes de reasentamiento. Se facilitar\u00e1 informaci\u00f3n y orientaci\u00f3n al respecto a su debido tiempo.&nbsp;<\/strong><\/p>\n","protected":false},"excerpt":{"rendered":"<p>El Reporte Estad\u00edstico de Reasentamiento (RSR, por sus siglas en ingl\u00e9s) El Reporte Estad\u00edstico de Reasentamiento (RSR, por sus siglas en ingl\u00e9s) es el reporte estad\u00edstico sobre las actividades de reasentamiento del ACNUR y los indicadores del proceso durante un a\u00f1o natural concreto, y debe presentarse para todos los pa\u00edses de asilo en los que [&hellip;]<\/p>\n","protected":false},"author":983,"featured_media":0,"parent":5289,"menu_order":0,"comment_status":"closed","ping_status":"closed","template":"page-template-chapter.php","meta":{"_acf_changed":false,"_et_pb_use_builder":"off","_et_pb_old_content":"","_et_gb_content_width":"","footnotes":""},"class_list":["post-6455","page","type-page","status-publish","hentry"],"acf":[],"_links":{"self":[{"href":"https:\/\/www.unhcr.org\/resettlement-handbook\/es\/wp-json\/wp\/v2\/pages\/6455","targetHints":{"allow":["GET"]}}],"collection":[{"href":"https:\/\/www.unhcr.org\/resettlement-handbook\/es\/wp-json\/wp\/v2\/pages"}],"about":[{"href":"https:\/\/www.unhcr.org\/resettlement-handbook\/es\/wp-json\/wp\/v2\/types\/page"}],"author":[{"embeddable":true,"href":"https:\/\/www.unhcr.org\/resettlement-handbook\/es\/wp-json\/wp\/v2\/users\/983"}],"replies":[{"embeddable":true,"href":"https:\/\/www.unhcr.org\/resettlement-handbook\/es\/wp-json\/wp\/v2\/comments?post=6455"}],"version-history":[{"count":2,"href":"https:\/\/www.unhcr.org\/resettlement-handbook\/es\/wp-json\/wp\/v2\/pages\/6455\/revisions"}],"predecessor-version":[{"id":6513,"href":"https:\/\/www.unhcr.org\/resettlement-handbook\/es\/wp-json\/wp\/v2\/pages\/6455\/revisions\/6513"}],"up":[{"embeddable":true,"href":"https:\/\/www.unhcr.org\/resettlement-handbook\/es\/wp-json\/wp\/v2\/pages\/5289"}],"wp:attachment":[{"href":"https:\/\/www.unhcr.org\/resettlement-handbook\/es\/wp-json\/wp\/v2\/media?parent=6455"}],"curies":[{"name":"wp","href":"https:\/\/api.w.org\/{rel}","templated":true}]}}