{"id":6465,"date":"2022-09-20T05:31:18","date_gmt":"2022-09-20T05:31:18","guid":{"rendered":"https:\/\/www.unhcr.org\/resettlement-handbook\/?page_id=6465"},"modified":"2023-09-28T13:45:33","modified_gmt":"2023-09-28T13:45:33","slug":"5-1-foros-multilaterales-para-el-reasentamiento","status":"publish","type":"page","link":"https:\/\/www.unhcr.org\/resettlement-handbook\/es\/5-chapter-five\/5-1-foros-multilaterales-para-el-reasentamiento\/","title":{"rendered":"5.1 Foros multilaterales para el reasentamiento"},"content":{"rendered":"\n<h3 class=\"wp-block-heading\">Alianzas y promoci\u00f3n en foros multilaterales de reasentamiento<\/h3>\n\n\n\n<p>La creaci\u00f3n de programas de reasentamiento m\u00e1s amplios y de calidad requiere el establecimiento de alianzas y la movilizaci\u00f3n de recursos. Las actividades globales de reasentamiento de personas refugiadas son posibles gracias al apoyo de un gran n\u00famero de organizaciones, asociaciones y plataformas que re\u00fanen a agentes internacionales, regionales, gubernamentales y no gubernamentales. Las Consultas sobre reasentamiento y v\u00edas complementarias y diversas iniciativas de m\u00faltiples partes interesadas y de desarrollo de capacidades, incluido el Grupo Central sobre Situaciones Prioritarias para la Mejora del Reasentamiento y las V\u00edas Complementarias (PSCG, por sus siglas en ingl\u00e9s), han contribuido a crear una importante comunidad de pr\u00e1cticas en materia de reasentamiento. Adem\u00e1s, la Agencia de Asilo de la Uni\u00f3n Europea (AAUE), la <a href=\"https:\/\/www.share-network.eu\/\">SHARE Network<\/a> y la <a href=\"https:\/\/refugeesponsorship.org\/\">Global Refugee Sponsorship Initiative<\/a> (Iniciativa Global para el Patrocinio de Refugiados, GRSI, por sus siglas en ingles), entre otras, tambi\u00e9n participan en actividades de promoci\u00f3n y aprendizaje, as\u00ed como en el apoyo t\u00e9cnico y log\u00edstico vinculado al reasentamiento.<\/p>\n\n\n\n<h3 class=\"wp-block-heading\">Las Consultas Anuales Tripartitas sobre Reasentamiento&nbsp;<\/h3>\n\n\n\n<p>Las Consultas son el principal foro multilateral para el di\u00e1logo sobre pol\u00edticas de reasentamiento y v\u00edas complementarias, promoci\u00f3n, fortalecimiento institucional y apoyo operativo. Est\u00e1n copresididas de forma rotatoria por el gobierno y ONGs de un Estado de reasentamiento, con el apoyo del ACNUR y en consulta con el Grupo Consultivo de Personas Refugiadas (conocido en ingl\u00e9s como Refugee Advisory Group, RAG). Este acontecimiento anual re\u00fane a ACNUR, los Estados de reasentamiento, organizaciones nacionales e internacionales, agentes del sector privado, el mundo acad\u00e9mico y representantes de las personas refugiadas.<\/p>\n\n\n\n<p>Por medio de estas consultas, los socios definen pol\u00edticas y procedimientos de reasentamiento, promueven la creaci\u00f3n y ampliaci\u00f3n de oportunidades de reasentamiento, desarrollan capacidades y comparten buenas pr\u00e1cticas, mejoran la prestaci\u00f3n de servicios de reasentamiento a escala mundial, comparten datos y pruebas sobre la disponibilidad y el impacto del reasentamiento y elaboran estrategias conjuntas en materia de reasentamiento.&nbsp; En las Consultas se presenta y se debate el documento anual <em>Proyecci\u00f3n de las necesidades globales de reasentamiento <\/em>(PGRN, por sus siglas en ingl\u00e9s) con el objetivo de abogar por cuotas que se ajusten a estrategias m\u00e1s amplias de protecci\u00f3n y soluciones y de concienciar sobre las poblaciones que, seg\u00fan ACNUR, corren mayor riesgo y necesitan ser reasentadas. El Grupo de Trabajo sobre Reasentamiento (WGR, por sus siglas en ingl\u00e9s) presta apoyo a la labor de las Consultas a trav\u00e9s de foros consultivos m\u00e1s reducidos y espec\u00edficos en los que se debaten aspectos pol\u00edticos y operativos concretos del reasentamiento.<\/p>\n\n\n\n<p>Las personas refugiadas intervienen desde el principio en la planificaci\u00f3n y celebraci\u00f3n de las consultas, participando en ellas, as\u00ed como en otros foros nacionales e internacionales sobre reasentamiento. El <strong>Grupo Consultivo de Personas Refugiadas (RAG, por sus siglas en ingl\u00e9s)<\/strong> sirve de enlace entre la comunidad de las Consultas y las comunidades de personas refugiadas en general y crea espacios para que las personas refugiadas participen en debates sobre asuntos de su propia incumbencia relacionados con el reasentamiento y las v\u00edas complementarias. Compuesto por personas refugiadas que representan a organizaciones y redes de personas refugiadas de \u00e1mbito nacional, regional y mundial, la misi\u00f3n del Grupo Consultivo de Personas Refugiadas es fomentar y hacer efectiva la participaci\u00f3n significativa de los personas refugiadas y de las organizaciones dirigidas por personas refugiadas en la planificaci\u00f3n y ejecuci\u00f3n de los objetivos de las Consultas, as\u00ed como defender y asesorar en su labor a los participantes en las consultas, lo que incluye el dise\u00f1o y la aplicaci\u00f3n de mejores pol\u00edticas y compromisos en materia de reasentamiento.&nbsp;<\/p>\n\n\n\n<p>En 2021, se cre\u00f3 un Comit\u00e9 Directivo con un mandato de dos a\u00f1os para revisar la estructura y el proceso actuales de las Consultas y formular las recomendaciones pertinentes. Algunas de las cuestiones que eval\u00faa el Comit\u00e9 Directivo son el formato de las Consultas, la conexi\u00f3n con v\u00edas complementarias, el v\u00ednculo con otros grupos existentes, como diversos grupos de trabajo tem\u00e1ticos, el papel de los copresidentes, del Grupo Consultivo de Personas Refugiadas, del ACNUR, as\u00ed como de los participantes, y la necesidad de mantener la continuidad a lo largo de los a\u00f1os.<\/p>\n\n\n\n<h3 class=\"wp-block-heading\">Grupo Central sobre Situaciones Prioritarias para la Mejora del Reasentamiento y las V\u00edas Complementarias (PSCG, por sus siglas en ingl\u00e9s)<\/h3>\n\n\n\n<p>El Grupo Central sobre Situaciones Prioritarias para la Mejora del Reasentamiento y las V\u00edas Complementarias (PSCG, por sus siglas en ingl\u00e9s) es un foro multilateral sobre el reasentamiento y las v\u00edas complementarias para la admisi\u00f3n de personas refugiadas dirigido por los Estados, cuya secretar\u00eda est\u00e1 a cargo del ACNUR. El PSCG tiene como objetivo coordinar, promover y mantener el apoyo al reasentamiento y las v\u00edas complementarias, as\u00ed como maximizar el impacto estrat\u00e9gico de los programas de reasentamiento en los pa\u00edses o regiones de acogida que se vean espec\u00edficamente afectados. Desempe\u00f1a un papel clave en la movilizaci\u00f3n de soluciones centradas en la protecci\u00f3n por medio de tres objetivos generales:<\/p>\n\n\n\n<ul class=\"wp-block-list\">\n<li>Aumentar las oportunidades adicionales de reasentamiento y las v\u00edas complementarias de admisi\u00f3n en el contexto de situaciones prioritarias, entre otros, identificando y apoyando iniciativas de promoci\u00f3n en colaboraci\u00f3n con el ACNUR.<\/li>\n\n\n\n<li>Actuar como una comunidad de pr\u00e1cticas para el intercambio de conocimientos entre los Estados, el ACNUR y otras partes interesadas, incluyendo buenas pr\u00e1cticas relacionadas con las modalidades de tramitaci\u00f3n y enfoques de adjudicaci\u00f3n.<\/li>\n\n\n\n<li>Avanzar en el uso estrat\u00e9gico del reasentamiento y las v\u00edas complementarias de admisi\u00f3n desde las situaciones prioritarias con vistas a ayudar a los pa\u00edses de acogida a mejorar el entorno de protecci\u00f3n y ofrecer otras soluciones a nivel local.<\/li>\n<\/ul>\n\n\n\n<h3 class=\"wp-block-heading\">La Red de Reasentamiento y Admisi\u00f3n Humanitaria de la AAUE<\/h3>\n\n\n\n<p>La Agencia de Asilo de la Uni\u00f3n Europea (<a href=\"https:\/\/euaa.europa.eu\/operations\/resettlement\">AAUE<\/a>, tambi\u00e9n conocida como EUAA por sus siglas en ingl\u00e9s), al igual que su predecesora (EASO), presta apoyo a los programas de reasentamiento de los Estados miembros de la Uni\u00f3n Europea mediante el fortalecimiento institucional, la coordinaci\u00f3n y el intercambio de informaci\u00f3n entre los pa\u00edses de la UE+, a menudo con la participaci\u00f3n de otros agentes como el ACNUR y la Organizaci\u00f3n Internacional para las Migraciones (OIM). La AAUE tambi\u00e9n gestiona el Centro de Apoyo al Reasentamiento (RSF, por sus siglas en ingl\u00e9s), como \u201cventanilla \u00fanica\u201d que ofrece apoyo a las operaciones de reasentamiento de los pa\u00edses de la UE+ desde T\u00fcrkiye y sirve de plataforma para intercambiar conocimientos y experiencia. Bajo el paraguas de su Red de Reasentamiento y Admisi\u00f3n Humanitaria creada en 2020, la AAUE tambi\u00e9n puso en marcha varios grupos de trabajo tem\u00e1ticos, como el Grupo de Trabajo de Patrocinio Comunitario.<\/p>\n\n\n\n<p class=\"bluebox\">El Centro de Apoyo al Reasentamiento de la AAUE en T\u00fcrkiye brinda apoyo a las operaciones de reasentamiento de los Estados miembros de la UE desde T\u00fcrkiye. Est\u00e1 coordinado y apoyado por la AAUE y algunos Estados miembros de la UE y se implementa a trav\u00e9s de la Comisi\u00f3n Cat\u00f3lica Internacional para las Migraciones (CCIM). Entre las funciones del Centro de Apoyo al Reasentamiento se incluyen ofrecer servicios log\u00edsticos, instalaciones para entrevistas, viajes y evaluaciones m\u00e9dicas para los casos que se someten a entrevistas de reasentamiento, as\u00ed como orientaci\u00f3n cultural. Tambi\u00e9n apoya el intercambio de buenas pr\u00e1cticas y la cooperaci\u00f3n t\u00e9cnica en materia de reasentamiento entre los Estados miembros de la UE.<\/p>\n\n\n\n<h3 class=\"wp-block-heading\">La Iniciativa de Reasentamiento y V\u00edas Complementarias Sostenibles (CRISP, por sus siglas en ingl\u00e9s)<\/h3>\n\n\n\n<p>La <a href=\"https:\/\/resettle.org\/\">CRISP<\/a>, un mecanismo conjunto del ACNUR y la OIM para el fortalecimiento institucional a escala mundial, se puso en marcha en 2020. En colaboraci\u00f3n con los actores pertinentes, la CRISP proporcion\u00f3 capacidades espec\u00edficas y creaci\u00f3n de sistemas a los Estados con programas de reasentamiento y v\u00edas complementarias en diversas etapas de desarrollo \u2014nuevos, emergentes y establecidos\u2014 con el fin de lograr programas de calidad, ampliables y sostenibles. La CRISP surge como resultado directo de las recomendaciones formuladas por los Estados de reasentamiento y las principales partes interesadas durante el proceso de consulta de la Estrategia Trienal. Desde su lanzamiento, la CRISP se ha embarcado en varias actividades clave, entre ellas la publicaci\u00f3n del informe del ACNUR y el Migration Policy Institute Europe (MPIE) sobre <a href=\"https:\/\/www.unhcr.org\/protection\/resettlement\/614462c94\/refugee-resettlement-complementary-pathways-opportunities-growth.html\">Reasentamiento de personas refugiadas y v\u00edas complementarias: Oportunidades de crecimiento<\/a> y el <a href=\"https:\/\/www.unhcr.org\/handbooks\/ih\/\">Manual de integraci\u00f3n para personas refugiadas reasentadas<\/a> del ACNUR (2021). Tambi\u00e9n se confeccion\u00f3 un paquete de formaci\u00f3n de la CRISP con el <a href=\"https:\/\/coresourceexchange.org\/\">Comit\u00e9 Internacional de Rescate<\/a> (IRC) y la <a href=\"https:\/\/www.iom.int\/\">Organizaci\u00f3n Internacional para las Migraciones<\/a> (OIM), que se imparti\u00f3 a funcionarios p\u00fablicos de pa\u00edses de reasentamiento. La CRISP tambi\u00e9n prest\u00f3 apoyo a los aspectos estrat\u00e9gicos de fortalecimiento institucional del proyecto <a href=\"https:\/\/intranet.unhcr.org\/en\/protection-programme\/resettlement\/grow-toolkit.html\">GROW<\/a>:<a href=\"https:\/\/intranet.unhcr.org\/en\/protection-programme\/resettlement\/grow-toolkit.html\"> aumentando las soluciones y la financiaci\u00f3n para las personas refugiadas<\/a>, un enfoque del ACNUR destinado a aumentar las soluciones y el apoyo social y financiero para las personas refugiadas, as\u00ed como las oportunidades de participaci\u00f3n de quienes los apoyan.<\/p>\n","protected":false},"excerpt":{"rendered":"<p>Alianzas y promoci\u00f3n en foros multilaterales de reasentamiento La creaci\u00f3n de programas de reasentamiento m\u00e1s amplios y de calidad requiere el establecimiento de alianzas y la movilizaci\u00f3n de recursos. Las actividades globales de reasentamiento de personas refugiadas son posibles gracias al apoyo de un gran n\u00famero de organizaciones, asociaciones y plataformas que re\u00fanen a agentes [&hellip;]<\/p>\n","protected":false},"author":983,"featured_media":0,"parent":5331,"menu_order":0,"comment_status":"closed","ping_status":"closed","template":"page-template-chapter.php","meta":{"_acf_changed":false,"_et_pb_use_builder":"off","_et_pb_old_content":"","_et_gb_content_width":"","footnotes":""},"class_list":["post-6465","page","type-page","status-publish","hentry"],"acf":[],"_links":{"self":[{"href":"https:\/\/www.unhcr.org\/resettlement-handbook\/es\/wp-json\/wp\/v2\/pages\/6465","targetHints":{"allow":["GET"]}}],"collection":[{"href":"https:\/\/www.unhcr.org\/resettlement-handbook\/es\/wp-json\/wp\/v2\/pages"}],"about":[{"href":"https:\/\/www.unhcr.org\/resettlement-handbook\/es\/wp-json\/wp\/v2\/types\/page"}],"author":[{"embeddable":true,"href":"https:\/\/www.unhcr.org\/resettlement-handbook\/es\/wp-json\/wp\/v2\/users\/983"}],"replies":[{"embeddable":true,"href":"https:\/\/www.unhcr.org\/resettlement-handbook\/es\/wp-json\/wp\/v2\/comments?post=6465"}],"version-history":[{"count":4,"href":"https:\/\/www.unhcr.org\/resettlement-handbook\/es\/wp-json\/wp\/v2\/pages\/6465\/revisions"}],"predecessor-version":[{"id":6601,"href":"https:\/\/www.unhcr.org\/resettlement-handbook\/es\/wp-json\/wp\/v2\/pages\/6465\/revisions\/6601"}],"up":[{"embeddable":true,"href":"https:\/\/www.unhcr.org\/resettlement-handbook\/es\/wp-json\/wp\/v2\/pages\/5331"}],"wp:attachment":[{"href":"https:\/\/www.unhcr.org\/resettlement-handbook\/es\/wp-json\/wp\/v2\/media?parent=6465"}],"curies":[{"name":"wp","href":"https:\/\/api.w.org\/{rel}","templated":true}]}}