{"id":6535,"date":"2022-09-20T05:34:22","date_gmt":"2022-09-20T05:34:22","guid":{"rendered":"https:\/\/www.unhcr.org\/resettlement-handbook\/?page_id=6535"},"modified":"2023-09-28T13:46:05","modified_gmt":"2023-09-28T13:46:05","slug":"5-3-programa-de-despliegue-de-expertos-en-operaciones-de-reasentamiento","status":"publish","type":"page","link":"https:\/\/www.unhcr.org\/resettlement-handbook\/es\/5-3-programa-de-despliegue-de-expertos-en-operaciones-de-reasentamiento\/","title":{"rendered":"5.3 Programa de despliegue de expertos en operaciones de reasentamiento"},"content":{"rendered":"\n<h2 class=\"wp-block-heading\">El programa de despliegue<\/h2>\n\n\n\n<p>En 1998, el ACNUR y la CCIM pusieron en marcha el Programa de despliegue de expertos en operaciones de reasentamiento con el fin de reforzar la capacidad del ACNUR para presentar casos de personas refugiadas para su reasentamiento, y otros socios se unieron como socios de despliegue en a\u00f1os posteriores.&nbsp; Desde 2016, el ACNUR ha unificado los distintos programas de despliegue de reasentamiento en un \u00fanico programa de despliegue, implementado por m\u00faltiples socios, en particular la CCIM, RefugePoint y el Consejo Dan\u00e9s para los Refugiados (DRC, por sus siglas en ingl\u00e9s).<\/p>\n\n\n\n<p>El programa de despliegue sigue siendo una herramienta fundamental para apoyar las actividades mundiales de reasentamiento del ACNUR, puesto que los expertos desplegados a menudo contribuyen a preparar m\u00e1s del 50&nbsp;% de los casos de reasentamiento del ACNUR anualmente. El personal desplegado permite que el ACNUR sea flexible y receptivo a la hora de ajustarse a las necesidades de reasentamiento en todo el mundo y ayuda al ACNUR a garantizar que sus operaciones cubran las plazas de reasentamiento que ofrecen los Estados de reasentamiento cada a\u00f1o.<\/p>\n\n\n\n<p>El programa de despliegue se implementa de manera anual y global, y la planificaci\u00f3n se lleva a cabo a finales del a\u00f1o natural anterior bas\u00e1ndose en el presupuesto aprobado, las cuotas de reasentamiento estimadas y las necesidades de personal para el siguiente a\u00f1o. Posteriormente, los despliegues se asignan a las oficinas para ayudar a cumplir las cuotas de reasentamiento. Tambi\u00e9n es posible cubrir las necesidades de despliegue que surjan durante el a\u00f1o, en funci\u00f3n del presupuesto disponible y del acuerdo entre el bur\u00f3 regional correspondiente y el Servicio de Reasentamiento y de V\u00edas Complementarias.<\/p>\n\n\n\n<p>Los socios de despliegue se encargan de examinar y contratar a los candidatos para sus respectivas listas de despliegue bas\u00e1ndose en los criterios acordados con el ACNUR. Desde el momento en que una persona es desplegada en una operaci\u00f3n, pasa a formar parte de la unidad de reasentamiento (o unidad relacionada, dependiendo del tipo de despliegue u operaci\u00f3n\/lugar de destino) y recibe el mismo trato que cualquier otro miembro del personal que trabaje en la unidad. Antes del despliegue, cada persona desplegada debe completar una capacitaci\u00f3n espec\u00edfica disponible en la plataforma de aprendizaje del ACNUR y puede recibir tambi\u00e9n capacitaci\u00f3n previa al despliegue ofrecida por el socio de despliegue. Adem\u00e1s, la persona desplegada debe recibir toda la capacitaci\u00f3n que la oficina en el pa\u00eds ofrezca al personal nuevo y recibir el mismo apoyo y los mismos recursos que se ofrecen a otros colegas del ACNUR, especialmente en materia de seguridad.<\/p>\n\n\n\n<p>En aras de garantizar una implementaci\u00f3n eficaz y coherente del programa de despliegue por parte de las operaciones y los socios, se desarrollaron procedimientos operativos est\u00e1ndar que sirven de directrices para todos los asuntos relacionados con los despliegues. <strong>Los procedimientos operativos est\u00e1ndar especifican las obligaciones y responsabilidades<\/strong> del ACNUR, del socio de despliegue y del experto desplegado a lo largo de todo el proceso de despliegue.&nbsp;<\/p>\n","protected":false},"excerpt":{"rendered":"<p>El programa de despliegue En 1998, el ACNUR y la CCIM pusieron en marcha el Programa de despliegue de expertos en operaciones de reasentamiento con el fin de reforzar la capacidad del ACNUR para presentar casos de personas refugiadas para su reasentamiento, y otros socios se unieron como socios de despliegue en a\u00f1os posteriores.&nbsp; Desde [&hellip;]<\/p>\n","protected":false},"author":983,"featured_media":0,"parent":0,"menu_order":0,"comment_status":"closed","ping_status":"closed","template":"page-template-chapter.php","meta":{"_acf_changed":false,"_et_pb_use_builder":"off","_et_pb_old_content":"","_et_gb_content_width":"","footnotes":""},"class_list":["post-6535","page","type-page","status-publish","hentry"],"acf":[],"_links":{"self":[{"href":"https:\/\/www.unhcr.org\/resettlement-handbook\/es\/wp-json\/wp\/v2\/pages\/6535","targetHints":{"allow":["GET"]}}],"collection":[{"href":"https:\/\/www.unhcr.org\/resettlement-handbook\/es\/wp-json\/wp\/v2\/pages"}],"about":[{"href":"https:\/\/www.unhcr.org\/resettlement-handbook\/es\/wp-json\/wp\/v2\/types\/page"}],"author":[{"embeddable":true,"href":"https:\/\/www.unhcr.org\/resettlement-handbook\/es\/wp-json\/wp\/v2\/users\/983"}],"replies":[{"embeddable":true,"href":"https:\/\/www.unhcr.org\/resettlement-handbook\/es\/wp-json\/wp\/v2\/comments?post=6535"}],"version-history":[{"count":2,"href":"https:\/\/www.unhcr.org\/resettlement-handbook\/es\/wp-json\/wp\/v2\/pages\/6535\/revisions"}],"predecessor-version":[{"id":6559,"href":"https:\/\/www.unhcr.org\/resettlement-handbook\/es\/wp-json\/wp\/v2\/pages\/6535\/revisions\/6559"}],"wp:attachment":[{"href":"https:\/\/www.unhcr.org\/resettlement-handbook\/es\/wp-json\/wp\/v2\/media?parent=6535"}],"curies":[{"name":"wp","href":"https:\/\/api.w.org\/{rel}","templated":true}]}}