{"id":5483,"date":"2022-06-14T06:25:46","date_gmt":"2022-06-14T06:25:46","guid":{"rendered":"https:\/\/www.unhcr.org\/resettlement-handbook\/?page_id=5483"},"modified":"2023-09-14T09:54:17","modified_gmt":"2023-09-14T09:54:17","slug":"2-10-rapport-sur-la-reinstallation","status":"publish","type":"page","link":"https:\/\/www.unhcr.org\/resettlement-handbook\/fr\/2-managing-resettlement-activities\/2-10-rapport-sur-la-reinstallation\/","title":{"rendered":"2.10 Rapport sur la r\u00e9installation"},"content":{"rendered":"\n<h2 class=\"wp-block-heading\"><strong>Le rapport statistique sur la r\u00e9installation (RSR)<\/strong><\/h2>\n\n\n\n<p>Le rapport statistique sur la r\u00e9installation (RSR) est le rapport statistique sur les activit\u00e9s de r\u00e9installation du HCR et les indicateurs de traitement au cours d\u2019une ann\u00e9e civile donn\u00e9e. Il doit \u00eatre soumis pour tous les pays d\u2019asile o\u00f9 le HCR est impliqu\u00e9 dans les demandes de r\u00e9installation et les d\u00e9parts, ou les facilite.<\/p>\n\n\n\n<p>Toutes les statistiques sur la r\u00e9installation fournies pour un usage interne ou externe doivent \u00eatre bas\u00e9es sur les statistiques rapport\u00e9es par le RSR. Cela inclut tous les chiffres utilis\u00e9s dans les rapports du Comit\u00e9 ex\u00e9cutif, les plans op\u00e9rationnels, le rapport du HCR sur les besoins globaux de r\u00e9installation, les instruments de mise en \u0153uvre, la documentation relative aux appels de fonds et les activit\u00e9s d\u2019information du public. L\u2019utilisation du RSR comme seule source officielle de statistiques sur la r\u00e9installation permet de maintenir la coh\u00e9rence n\u00e9cessaire dans les documents publi\u00e9s par le si\u00e8ge, les bureaux r\u00e9gionaux et les bureaux pays.<\/p>\n\n\n\n<p>Les bureaux pays extraient les statistiques de r\u00e9installation du DataPort et les t\u00e9l\u00e9chargent directement sur le tableau de bord du RSR. Le RSR doit \u00eatre soumis mensuellement, au plus tard le 12&nbsp;du mois suivant, en ligne sur le site d\u00e9di\u00e9 <a href=\"https:\/\/rsr.unhcr.org\/\">https:\/\/rsr.unhcr.org\/<\/a>. Les statistiques doivent \u00eatre \u00e9labor\u00e9es en \u00e9troite collaboration avec les diff\u00e9rentes unit\u00e9s du bureau pays et du bureau r\u00e9gional comp\u00e9tent, et toute incoh\u00e9rence doit \u00eatre r\u00e9solue avant qu\u2019elles ne soient soumises en ligne. Le RCPS tient \u00e0 jour les <em>Directives du RSR<\/em> ainsi qu\u2019un <em>Mode d\u2019emploi du RSR<\/em> pour naviguer dans l\u2019application RSR. Les deux documents sont disponibles sur le <a href=\"https:\/\/rsr.unhcr.org\/instructions\">site de la RSR<\/a>.<\/p>\n\n\n\n<p>Les bureaux pays sont cens\u00e9es examiner le RSR mensuel avant et apr\u00e8s avoir t\u00e9l\u00e9charg\u00e9 leur rapport sur le tableau de bord afin de s\u2019assurer que les statistiques de demande, de d\u00e9part et de retrait sont correctes et conformes \u00e0 proGres, et de suivre les indicateurs de traitement, notamment le nombre de dossiers\/personnes en attente et le nombre de dossiers\/personnes en attente d\u2019un entretien, d\u2019un examen ou d\u2019une demande.<\/p>\n\n\n\n<p>Le suivi syst\u00e9matique des dossiers dans proGres, le contr\u00f4le de la qualit\u00e9 et les mesures d\u2019int\u00e9grit\u00e9 ainsi qu\u2019une gestion efficace des dossiers sont essentiels pour obtenir des statistiques et des rapports pr\u00e9cis sur la r\u00e9installation. La gestion et le suivi des dossiers ainsi que les normes d\u2019int\u00e9grit\u00e9 sont maintenus gr\u00e2ce au r\u00f4le de supervision du responsable et au soutien des responsables r\u00e9gionaux de la r\u00e9installation.<\/p>\n\n\n\n<p><strong>Le HCR travaille actuellement \u00e0 l\u2019am\u00e9lioration des rapports sur la r\u00e9installation. Des informations et des conseils seront fournis ici en temps voulu.&nbsp;<\/strong><\/p>\n","protected":false},"excerpt":{"rendered":"<p>Le rapport statistique sur la r\u00e9installation (RSR) Le rapport statistique sur la r\u00e9installation (RSR) est le rapport statistique sur les activit\u00e9s de r\u00e9installation du HCR et les indicateurs de traitement au cours d\u2019une ann\u00e9e civile donn\u00e9e. Il doit \u00eatre soumis pour tous les pays d\u2019asile o\u00f9 le HCR est impliqu\u00e9 dans les demandes de r\u00e9installation [&hellip;]<\/p>\n","protected":false},"author":983,"featured_media":0,"parent":5287,"menu_order":0,"comment_status":"closed","ping_status":"closed","template":"page-template-chapter.php","meta":{"_acf_changed":false,"_et_pb_use_builder":"off","_et_pb_old_content":"","_et_gb_content_width":"","footnotes":""},"class_list":["post-5483","page","type-page","status-publish","hentry"],"acf":[],"_links":{"self":[{"href":"https:\/\/www.unhcr.org\/resettlement-handbook\/fr\/wp-json\/wp\/v2\/pages\/5483","targetHints":{"allow":["GET"]}}],"collection":[{"href":"https:\/\/www.unhcr.org\/resettlement-handbook\/fr\/wp-json\/wp\/v2\/pages"}],"about":[{"href":"https:\/\/www.unhcr.org\/resettlement-handbook\/fr\/wp-json\/wp\/v2\/types\/page"}],"author":[{"embeddable":true,"href":"https:\/\/www.unhcr.org\/resettlement-handbook\/fr\/wp-json\/wp\/v2\/users\/983"}],"replies":[{"embeddable":true,"href":"https:\/\/www.unhcr.org\/resettlement-handbook\/fr\/wp-json\/wp\/v2\/comments?post=5483"}],"version-history":[{"count":3,"href":"https:\/\/www.unhcr.org\/resettlement-handbook\/fr\/wp-json\/wp\/v2\/pages\/5483\/revisions"}],"predecessor-version":[{"id":5843,"href":"https:\/\/www.unhcr.org\/resettlement-handbook\/fr\/wp-json\/wp\/v2\/pages\/5483\/revisions\/5843"}],"up":[{"embeddable":true,"href":"https:\/\/www.unhcr.org\/resettlement-handbook\/fr\/wp-json\/wp\/v2\/pages\/5287"}],"wp:attachment":[{"href":"https:\/\/www.unhcr.org\/resettlement-handbook\/fr\/wp-json\/wp\/v2\/media?parent=5483"}],"curies":[{"name":"wp","href":"https:\/\/api.w.org\/{rel}","templated":true}]}}