{"id":5689,"date":"2022-06-23T14:38:08","date_gmt":"2022-06-23T14:38:08","guid":{"rendered":"https:\/\/www.unhcr.org\/resettlement-handbook\/?page_id=5689"},"modified":"2023-09-14T09:56:11","modified_gmt":"2023-09-14T09:56:11","slug":"3-9-absence-de-solution-durable-alternative-previsible-manque-de-perspectives-de-solutions-durables","status":"publish","type":"page","link":"https:\/\/www.unhcr.org\/resettlement-handbook\/fr\/3-resettlement-submission-categories\/3-9-absence-de-solution-durable-alternative-previsible-manque-de-perspectives-de-solutions-durables\/","title":{"rendered":"3.9 Absence de solution durable alternative pr\u00e9visible manque de perspectives de solutions durables"},"content":{"rendered":"\n<h2 class=\"wp-block-heading\"><strong>Demande relevant de cette cat\u00e9gorie<\/strong><\/h2>\n\n\n\n<div class=\"wp-block-group bluebox is-layout-flow wp-block-group-is-layout-flow\">\n<div class=\"wp-block-group bluebox is-layout-constrained wp-block-group-is-layout-constrained\">\n<p>Pour remplir les conditions de cette cat\u00e9gorie de demandes,&nbsp; consid\u00e9rer &nbsp;:<\/p>\n\n\n\n<ul class=\"wp-block-list\">\n<li>Les indicateurs relatifs \u00e0 la protection juridique, sociale et \u00e9conomique, et l\u2019inclusion dans le pays d\u2019asile, par exemple&nbsp;:<br>&#8211;&nbsp; &nbsp; &nbsp; &nbsp; la libert\u00e9 de circulation<br>&#8211;&nbsp; &nbsp; &nbsp; &nbsp; le droit au travail<br>&#8211;&nbsp; &nbsp; &nbsp; &nbsp; l\u2019acc\u00e8s aux documents d\u2019identit\u00e9 et \u00e0 l\u2019\u00e9tat civil<br>&#8211;&nbsp; &nbsp; &nbsp; &nbsp; l\u2019acc\u00e8s aux services publics disponibles (soins de sant\u00e9, \u00e9ducation et formation, logement)<br>&#8211;&nbsp; &nbsp; &nbsp; &nbsp; l\u2019acc\u00e8s \u00e0 la naturalisation.<\/li>\n\n\n\n<li>La dur\u00e9e du s\u00e9jour dans le pays d\u2019asile et les conditions g\u00e9n\u00e9rales de vie.<\/li>\n\n\n\n<li>Les perspectives de rapatriement volontaire \u00e0 court terme.<\/li>\n<\/ul>\n<\/div>\n\n\n\n<p><\/p>\n<\/div>\n\n\n\n<p>Compte tenu du manque d\u2019 opportunit\u00e9s&nbsp; de r\u00e9installation par rapport aux besoins globaux, les responsables de dossiers ne devraient en g\u00e9n\u00e9ral appliquer l\u2019absence de solution durable alternative pr\u00e9visible le manque de perspective de solutions durables qu\u2019en tant que <strong>cat\u00e9gorie de demandes secondaire<\/strong>, notamment comme moyen de d\u00e9fendre et de renforcer les dossiers soumis pour d\u2019autres motifs. Si aucune cat\u00e9gorie principale ne peut \u00eatre identifi\u00e9e, cela peut indiquer qu\u2019un cas doit \u00eatre d\u00e9prioris\u00e9 pour la r\u00e9installation, ou \u00e9valu\u00e9 par un superviseur pour approbation, conform\u00e9ment aux SOP.&nbsp;<\/p>\n\n\n\n<p>Le manque de perspective de solutions durables peut \u00eatre utilis\u00e9e au titre de <strong>cat\u00e9gorie de demandes principale<\/strong> \u00e0 titre exceptionnel, par exemple pour pr\u00e9server l\u2019<strong>unit\u00e9 familiale<\/strong>, ou dans le cadre d\u2019un <strong>traitement group\u00e9<\/strong> o\u00f9 cette cat\u00e9gorie de demandes d\u00e9crit le mieux les besoins en mati\u00e8re de r\u00e9installation. Cette cat\u00e9gorie souligne le fait qu\u2019un r\u00e9fugi\u00e9 n\u2019a aucun acc\u00e8s pr\u00e9visible \u00e0 des possibilit\u00e9s d\u2019autosuffisance et d\u2019inclusion socio\u00e9conomique dans le pays d\u2019asile \u00e0 court ou \u00e0 long terme, et qu\u2019il n\u2019a pas non plus la possibilit\u00e9 d\u2019\u00eatre rapatri\u00e9 volontairement \u00e0 court terme. Ces personnes peuvent donc se retrouver dans une situation de r\u00e9fugi\u00e9 prolong\u00e9e&nbsp;: si elles ne sont pas s\u00fbres de rentrer chez elles, il n\u2019existe pas non plus de m\u00e9canisme viable pour obtenir un permis de s\u00e9jour permanent dans un autre pays.<\/p>\n\n\n\n<p>Il convient de noter que dans les situations o\u00f9 le retour <strong>volontaire<\/strong> spontan\u00e9 a lieu ou lorsqu\u2019il est activement encourag\u00e9, certains r\u00e9fugi\u00e9s peuvent devoir \u00eatre r\u00e9install\u00e9s parce qu\u2019ils craignent toujours d\u2019\u00eatre pers\u00e9cut\u00e9s dans leur pays d\u2019origine. Ces cas doivent \u00eatre trait\u00e9s en vue d\u2019une r\u00e9installation en consultation avec le service de r\u00e9installation et approches compl\u00e9mentaires et le bureau r\u00e9gional comp\u00e9tent.<\/p>\n","protected":false},"excerpt":{"rendered":"<p>Demande relevant de cette cat\u00e9gorie Pour remplir les conditions de cette cat\u00e9gorie de demandes,&nbsp; consid\u00e9rer &nbsp;: Compte tenu du manque d\u2019 opportunit\u00e9s&nbsp; de r\u00e9installation par rapport aux besoins globaux, les responsables de dossiers ne devraient en g\u00e9n\u00e9ral appliquer l\u2019absence de solution durable alternative pr\u00e9visible le manque de perspective de solutions durables qu\u2019en tant que cat\u00e9gorie [&hellip;]<\/p>\n","protected":false},"author":983,"featured_media":0,"parent":5305,"menu_order":0,"comment_status":"closed","ping_status":"closed","template":"page-template-chapter.php","meta":{"_acf_changed":false,"_et_pb_use_builder":"off","_et_pb_old_content":"","_et_gb_content_width":"","footnotes":""},"class_list":["post-5689","page","type-page","status-publish","hentry"],"acf":[],"_links":{"self":[{"href":"https:\/\/www.unhcr.org\/resettlement-handbook\/fr\/wp-json\/wp\/v2\/pages\/5689","targetHints":{"allow":["GET"]}}],"collection":[{"href":"https:\/\/www.unhcr.org\/resettlement-handbook\/fr\/wp-json\/wp\/v2\/pages"}],"about":[{"href":"https:\/\/www.unhcr.org\/resettlement-handbook\/fr\/wp-json\/wp\/v2\/types\/page"}],"author":[{"embeddable":true,"href":"https:\/\/www.unhcr.org\/resettlement-handbook\/fr\/wp-json\/wp\/v2\/users\/983"}],"replies":[{"embeddable":true,"href":"https:\/\/www.unhcr.org\/resettlement-handbook\/fr\/wp-json\/wp\/v2\/comments?post=5689"}],"version-history":[{"count":3,"href":"https:\/\/www.unhcr.org\/resettlement-handbook\/fr\/wp-json\/wp\/v2\/pages\/5689\/revisions"}],"predecessor-version":[{"id":5711,"href":"https:\/\/www.unhcr.org\/resettlement-handbook\/fr\/wp-json\/wp\/v2\/pages\/5689\/revisions\/5711"}],"up":[{"embeddable":true,"href":"https:\/\/www.unhcr.org\/resettlement-handbook\/fr\/wp-json\/wp\/v2\/pages\/5305"}],"wp:attachment":[{"href":"https:\/\/www.unhcr.org\/resettlement-handbook\/fr\/wp-json\/wp\/v2\/media?parent=5689"}],"curies":[{"name":"wp","href":"https:\/\/api.w.org\/{rel}","templated":true}]}}