{"id":5937,"date":"2022-09-20T05:31:18","date_gmt":"2022-09-20T05:31:18","guid":{"rendered":"https:\/\/www.unhcr.org\/resettlement-handbook\/?page_id=5937"},"modified":"2023-09-25T14:45:27","modified_gmt":"2023-09-25T14:45:27","slug":"5-1-forums-multilateraux-pour-la-reinstallation","status":"publish","type":"page","link":"https:\/\/www.unhcr.org\/resettlement-handbook\/fr\/5-chapter-five\/5-1-forums-multilateraux-pour-la-reinstallation\/","title":{"rendered":"5.1 \u00a0Forums multilat\u00e9raux pour la r\u00e9installation"},"content":{"rendered":"\n<h3 class=\"wp-block-heading\">Partenariat et plaidoyer dans le cadre de forums multilat\u00e9raux sur la r\u00e9installation<\/h3>\n\n\n\n<p>La mise en place de programmes de r\u00e9installation de qualit\u00e9 et \u00e9largis n\u00e9cessite des partenariats et la mobilisation de ressources. Les activit\u00e9s de r\u00e9installation des r\u00e9fugi\u00e9s dans le monde sont rendues possibles et soutenues par une multiplicit\u00e9 d\u2019organisations, de partenariats et de plateformes qui rassemblent des acteurs internationaux, r\u00e9gionaux, gouvernementaux et non gouvernementaux. Une importante communaut\u00e9 de pratique en mati\u00e8re de r\u00e9installation s\u2019est constitu\u00e9e gr\u00e2ce aux Consultations sur la r\u00e9installation et les voies compl\u00e9mentaires et \u00e0 diverses initiatives multipartites et de renforcement des capacit\u00e9s, notamment le\u00a0 Groupe de Travail sur les Situations Prioritaires (PSCG) en vue d\u2019une r\u00e9installation renforc\u00e9e et d\u2019approches compl\u00e9mentaires. En outre, l\u2019Agence de l\u2019Union Europ\u00e9enne pour l\u2019Asile (AUEA), le <a href=\"https:\/\/www.share-network.eu\/\">r\u00e9seau SHARE<\/a> et l\u2019<a href=\"https:\/\/refugeesponsorship.org\/\">Initiative Mondiale de Parrainage de R\u00e9fugi\u00e9s (IMPR)<\/a>, entre autres, sont \u00e9galement engag\u00e9s dans des activit\u00e9s de sensibilisation et d\u2019apprentissage, ainsi que dans le soutien technique et logistique li\u00e9 \u00e0 la r\u00e9installation.<\/p>\n\n\n\n<h3 class=\"wp-block-heading\">Les consultations sur la r\u00e9installation et les voies compl\u00e9mentaires<\/h3>\n\n\n\n<p>Les Consultations sur la r\u00e9installation et les voies compl\u00e9mentaires (les Consultations) est la principale instance multilat\u00e9rale de dialogue sur la r\u00e9installation et les approches compl\u00e9mentaires en mati\u00e8re de politique, de plaidoyer, de renforcement des capacit\u00e9s et de soutien op\u00e9rationnel. Elle est copr\u00e9sid\u00e9e par le gouvernement et l\u2019ONG d\u2019un pays de r\u00e9installation, sur une base rotative, avec le soutien du HCR et en consultation avec le Groupe Consultatif sur les R\u00e9fugi\u00e9s. Cet \u00e9v\u00e9nement annuel rassemble le HCR, les pays de r\u00e9installation, les organisations nationales et internationales, les acteurs du secteur priv\u00e9, les universitaires et les repr\u00e9sentants des r\u00e9fugi\u00e9s.<\/p>\n\n\n\n<p>Gr\u00e2ce \u00e0 ces consultations, les partenaires \u00e9laborent des politiques et des proc\u00e9dures de r\u00e9installation, plaident en faveur de la cr\u00e9ation et de l\u2019\u00e9largissement des possibilit\u00e9s de r\u00e9installation, renforcent les capacit\u00e9s et partagent les meilleures pratiques, am\u00e9liorent la mise en \u0153uvre de la r\u00e9installation \u00e0 l\u2019\u00e9chelle mondiale, partagent des donn\u00e9es et des preuves sur la disponibilit\u00e9 et l\u2019impact de la r\u00e9installation et \u00e9laborent des strat\u00e9gies communes en mati\u00e8re de r\u00e9installation. Le document annuel<strong> <\/strong><em>Besoins de r\u00e9installation mondiaux pr\u00e9visionnels<\/em> Projection des besoins mondiaux de r\u00e9installation est pr\u00e9sent\u00e9 et examin\u00e9 aux Consultations pour plaider en faveur de quotas qui s\u2019alignent sur des strat\u00e9gies de protection et de solutions plus larges et pour sensibiliser les populations qui sont les plus \u00e0 risque et qui ont besoin d\u2019\u00eatre r\u00e9install\u00e9es selon le HCR. Le Groupe de Travail sur la R\u00e9installation (WGR) soutient le travail des Consultations par le biais d\u2019instances consultatives plus restreintes et plus cibl\u00e9es o\u00f9 sont examin\u00e9s des aspects politiques et op\u00e9rationnels plus sp\u00e9cifiques de la r\u00e9installation.<\/p>\n\n\n\n<p>Les r\u00e9fugi\u00e9s sont associ\u00e9s d\u00e8s le d\u00e9part \u00e0 la planification et \u00e0 la r\u00e9alisation des consultations, ainsi qu\u2019\u00e0 d\u2019autres instances nationales et internationales sur la r\u00e9installation. Le <strong>Groupe Consultatif sur les R\u00e9fugi\u00e9s<\/strong> assure la liaison entre la communaut\u00e9 de la CRCP et les communaut\u00e9s de r\u00e9fugi\u00e9s dans leur ensemble et cr\u00e9e des espaces permettant aux r\u00e9fugi\u00e9s d\u2019engager des discussions sur les questions qui les pr\u00e9occupent en mati\u00e8re de r\u00e9installation et d\u2019approches compl\u00e9mentaires. Compos\u00e9 de r\u00e9fugi\u00e9s repr\u00e9sentant des organisations et des r\u00e9seaux de r\u00e9fugi\u00e9s nationaux, r\u00e9gionaux et mondiaux, le Groupe Consultatif sur les R\u00e9fugi\u00e9s a pour mission d\u2019encourager et de rendre op\u00e9rationnelle la participation significative des r\u00e9fugi\u00e9s et des organisations dirig\u00e9es par des r\u00e9fugi\u00e9s \u00e0 la planification et \u00e0 la mise en \u0153uvre des objectifs de la CRCP, ainsi que de d\u00e9fendre et de conseiller les participants \u00e0 la consultation dans leur travail, notamment en ce qui concerne la conception et la mise en \u0153uvre de politiques et d\u2019engagements am\u00e9lior\u00e9s en mati\u00e8re de r\u00e9installation.\u00a0<\/p>\n\n\n\n<p>En\u00a02021, un comit\u00e9 directeur a \u00e9t\u00e9 cr\u00e9\u00e9 avec un mandat de deux\u00a0ans pour r\u00e9viser la structure et le processus actuels de la CRCP et formuler des recommandations pertinentes. Les questions \u00e9valu\u00e9es par le comit\u00e9 directeur comprennent le format de la CRCP, la connexion avec des voies compl\u00e9mentaires, le lien avec d\u2019autres groupes existants tels que diverses \u00e9quipes sp\u00e9ciales th\u00e9matiques, le r\u00f4le des copr\u00e9sidents, du Groupe Consultatif sur les R\u00e9fugi\u00e9s, du HCR ainsi que des participants et la n\u00e9cessit\u00e9 de maintenir la continuit\u00e9 au fil des ans.<\/p>\n\n\n\n<h3 class=\"wp-block-heading\">Groupe de Travail sur les Situations Prioritaires (PSCG)<\/h3>\n\n\n\n<p>Le Groupe de Travail sur les&nbsp; Situations Prioritaires (PSCG) est une instance multilat\u00e9rale dirig\u00e9e par les \u00c9tats sur la r\u00e9installation et les voies compl\u00e9mentaires pour l\u2019admission des r\u00e9fugi\u00e9s, dont le HCR assure le secr\u00e9tariat. Le PSCG vise \u00e0 coordonner, promouvoir et soutenir le soutien \u00e0 la r\u00e9installation et aux approches compl\u00e9mentaires, et \u00e0 maximiser l\u2019impact strat\u00e9gique des programmes de r\u00e9installation dans les pays ou r\u00e9gions d\u2019accueil sp\u00e9cifiquement touch\u00e9s. Il joue un r\u00f4le cl\u00e9 dans la mobilisation de solutions ax\u00e9es sur la protection, gr\u00e2ce \u00e0 trois&nbsp;objectifs primordiaux&nbsp;:<\/p>\n\n\n\n<ul class=\"wp-block-list\">\n<li>Accro\u00eetre les possibilit\u00e9s de r\u00e9installation et les voies.<\/li>\n\n\n\n<li>compl\u00e9mentaires dans le contexte des situations prioritaires, notamment par l\u2019identification et le soutien aux plaidoyers men\u00e9s en collaboration avec le HCR.<\/li>\n\n\n\n<li>Agir en tant que communaut\u00e9 de pratique pour le partage des connaissances entre les pays, le HCR et les autres parties prenantes, y compris les bonnes pratiques en mati\u00e8re de modalit\u00e9s de traitement et d\u2019approches de l\u2019arbitrage.<\/li>\n\n\n\n<li>Promouvoir l\u2019utilisation strat\u00e9gique de la r\u00e9installation et des voies compl\u00e9mentaires \u00e0 partir des situations prioritaires en vue d\u2019aider les pays d\u2019accueil \u00e0 am\u00e9liorer l\u2019environnement de protection et \u00e0 trouver d\u2019autres solutions locales.<\/li>\n<\/ul>\n\n\n\n<h3 class=\"wp-block-heading\">Le r\u00e9seau de l\u2019AUEA sur la r\u00e9installation et les admissions humanitaires<\/h3>\n\n\n\n<p>L\u2019Agence de l\u2019Union&nbsp;Europ\u00e9enne pour l\u2019Asile <a href=\"https:\/\/euaa.europa.eu\/operations\/resettlement\">(AUEA)<\/a>, comme son pr\u00e9d\u00e9cesseur (BEAA), soutient les programmes de r\u00e9installation des \u00c9tats membres de l\u2019UE par le biais du renforcement des capacit\u00e9s, de la coordination et du partage d\u2019informations entre les pays de l\u2019UE+, en impliquant souvent aussi d\u2019autres acteurs tels que le HCR et l\u2019OIM. L\u2019AUEA g\u00e8re \u00e9galement le Programme d\u2019Aide \u00e0 la R\u00e9installation (PAR) en tant que \u00ab&nbsp;guichet unique&nbsp;\u00bb soutenant les op\u00e9rations de r\u00e9installation des pays de l\u2019UE+ \u00e0 partir de la Turquie et servant de plateforme d\u2019\u00e9change de connaissances et d\u2019expertise. Sous l\u2019\u00e9gide de son r\u00e9seau de r\u00e9installation et d\u2019admission humanitaire cr\u00e9\u00e9 en 2020, l\u2019AUEA a \u00e9galement lanc\u00e9 plusieurs groupes de travail th\u00e9matiques tels que le Groupe de Travail sur le Parrainage Communautaire.<\/p>\n\n\n\n<p class=\"bluebox\">Le programme d\u2019aide aux r\u00e9fugi\u00e9s de l\u2019AUEA en Turquie soutient les op\u00e9rations de r\u00e9installation des \u00c9tats membres de l\u2019UE \u00e0 partir de la Turquie. Le PAR est coordonn\u00e9 et soutenu par l\u2019AUEA et certains \u00c9tats membres de l\u2019UE et mis en \u0153uvre par l\u2019interm\u00e9diaire de l\u2019ICMC. Le r\u00f4le du PAR consiste \u00e0 fournir la logistique, les installations pour les entretiens, les voyages et les \u00e9valuations m\u00e9dicales pour les cas soumis \u00e0 des entretiens de r\u00e9installation, ainsi que l\u2019orientation culturelle. Le PAR soutient \u00e9galement le partage des meilleures pratiques et la coop\u00e9ration technique en mati\u00e8re de r\u00e9installation entre les \u00c9tats membres de l\u2019UE.<\/p>\n\n\n\n<h3 class=\"wp-block-heading\">L\u2019Initiative pour la R\u00e9installation et les Voies Compl\u00e9mentaires Durables (CRISP)<\/h3>\n\n\n\n<p>La <a href=\"https:\/\/resettle.org\/\">CRISP<\/a> est un m\u00e9canisme mondial conjoint de renforcement des capacit\u00e9s, lanc\u00e9 en&nbsp;2020 par le HCR et l\u2019OIM. En partenariat avec les acteurs concern\u00e9s, la CRISP a fourni un renforcement cibl\u00e9 des capacit\u00e9s et des syst\u00e8mes aux pays disposant de programmes de r\u00e9installation et des voies compl\u00e9mentaires \u00e0 diff\u00e9rents stades de d\u00e9veloppement&nbsp;\u2013&nbsp;nouveaux, \u00e9mergents et \u00e9tablis&nbsp;\u2013&nbsp;afin de mettre en place des programmes de qualit\u00e9, \u00e9volutifs et durables. La CRISP est le r\u00e9sultat direct des recommandations formul\u00e9es par les pays de r\u00e9installation et les principales parties prenantes lors du processus de consultation sur la Strat\u00e9gie triennale. Depuis son lancement, la CRISP a entrepris plusieurs activit\u00e9s cl\u00e9s, notamment la publication du rapport HCR-MPIE intitul\u00e9 <a href=\"https:\/\/www.unhcr.org\/protection\/resettlement\/614462c94\/refugee-resettlement-complementary-pathways-opportunities-growth.html\">R\u00e9installation des r\u00e9fugi\u00e9s et voies compl\u00e9mentaires&nbsp;: opportunit\u00e9s de croissance (disponible uniquement en anglais)<\/a> et le <a href=\"https:\/\/www.unhcr.org\/handbooks\/ih\/\">Manuel d\u2019accueil et d\u2019int\u00e9gration des r\u00e9fugi\u00e9s r\u00e9install\u00e9s<\/a> du HCR (2021). Un kit de formation CRISP a \u00e9galement \u00e9t\u00e9 \u00e9labor\u00e9 avec le <a href=\"https:\/\/coresourceexchange.org\/\">International Rescue Committee<\/a> (IRC) et l\u2019<a href=\"https:\/\/www.iom.int\/\">Organisation Internationale pour les Migrations<\/a> (OIM) et a \u00e9t\u00e9 remis aux fonctionnaires des pays de r\u00e9installation. La CRISP a \u00e9galement appuy\u00e9 les aspects strat\u00e9giques du renforcement des capacit\u00e9s de <a href=\"https:\/\/intranet.unhcr.org\/en\/protection-programme\/resettlement\/grow-toolkit.html\">GROW&nbsp;: Growing Solutions and Funding for Refugees<\/a> (solutions de croissance et de financement pour les r\u00e9fugi\u00e9s), une approche du HCR visant \u00e0 accro\u00eetre les solutions et le soutien social\/financier aux r\u00e9fugi\u00e9s, ainsi que les possibilit\u00e9s d\u2019engagement pour les sympathisants.<\/p>\n","protected":false},"excerpt":{"rendered":"<p>Partenariat et plaidoyer dans le cadre de forums multilat\u00e9raux sur la r\u00e9installation La mise en place de programmes de r\u00e9installation de qualit\u00e9 et \u00e9largis n\u00e9cessite des partenariats et la mobilisation de ressources. Les activit\u00e9s de r\u00e9installation des r\u00e9fugi\u00e9s dans le monde sont rendues possibles et soutenues par une multiplicit\u00e9 d\u2019organisations, de partenariats et de plateformes [&hellip;]<\/p>\n","protected":false},"author":983,"featured_media":0,"parent":5329,"menu_order":0,"comment_status":"closed","ping_status":"closed","template":"page-template-chapter.php","meta":{"_acf_changed":false,"_et_pb_use_builder":"off","_et_pb_old_content":"","_et_gb_content_width":"","footnotes":""},"class_list":["post-5937","page","type-page","status-publish","hentry"],"acf":[],"_links":{"self":[{"href":"https:\/\/www.unhcr.org\/resettlement-handbook\/fr\/wp-json\/wp\/v2\/pages\/5937","targetHints":{"allow":["GET"]}}],"collection":[{"href":"https:\/\/www.unhcr.org\/resettlement-handbook\/fr\/wp-json\/wp\/v2\/pages"}],"about":[{"href":"https:\/\/www.unhcr.org\/resettlement-handbook\/fr\/wp-json\/wp\/v2\/types\/page"}],"author":[{"embeddable":true,"href":"https:\/\/www.unhcr.org\/resettlement-handbook\/fr\/wp-json\/wp\/v2\/users\/983"}],"replies":[{"embeddable":true,"href":"https:\/\/www.unhcr.org\/resettlement-handbook\/fr\/wp-json\/wp\/v2\/comments?post=5937"}],"version-history":[{"count":4,"href":"https:\/\/www.unhcr.org\/resettlement-handbook\/fr\/wp-json\/wp\/v2\/pages\/5937\/revisions"}],"predecessor-version":[{"id":6649,"href":"https:\/\/www.unhcr.org\/resettlement-handbook\/fr\/wp-json\/wp\/v2\/pages\/5937\/revisions\/6649"}],"up":[{"embeddable":true,"href":"https:\/\/www.unhcr.org\/resettlement-handbook\/fr\/wp-json\/wp\/v2\/pages\/5329"}],"wp:attachment":[{"href":"https:\/\/www.unhcr.org\/resettlement-handbook\/fr\/wp-json\/wp\/v2\/media?parent=5937"}],"curies":[{"name":"wp","href":"https:\/\/api.w.org\/{rel}","templated":true}]}}