{"id":5947,"date":"2022-09-20T05:34:22","date_gmt":"2022-09-20T05:34:22","guid":{"rendered":"https:\/\/www.unhcr.org\/resettlement-handbook\/?page_id=5947"},"modified":"2023-09-14T09:57:59","modified_gmt":"2023-09-14T09:57:59","slug":"5-3-le-programme-de-deploiement-pour-la-reinstallation","status":"publish","type":"page","link":"https:\/\/www.unhcr.org\/resettlement-handbook\/fr\/5-3-le-programme-de-deploiement-pour-la-reinstallation\/","title":{"rendered":"5.3 Le Programme de d\u00e9ploiement pour\u00a0 la r\u00e9installation"},"content":{"rendered":"\n<h2 class=\"wp-block-heading\">Le programme de&nbsp; d\u00e9ploiement<\/h2>\n\n\n\n<p>Le HCR et la CICM ont lanc\u00e9 le Programme de d\u00e9ploiement pour la r\u00e9installation en&nbsp;1998 afin de renforcer la capacit\u00e9 du HCR \u00e0 pr\u00e9senter des r\u00e9fugi\u00e9s \u00e0 la r\u00e9installation, d\u2019autres partenaires s\u2019\u00e9tant joints \u00e0 eux en tant que partenaires de d\u00e9ploiement les ann\u00e9es suivantes. Depuis&nbsp;2016, le HCR a harmonis\u00e9 les diff\u00e9rents programmes de d\u00e9ploiement pour la r\u00e9installation dans le cadre d\u2019un Programme de d\u00e9ploiement unique, mis en \u0153uvre par de multiples partenaires, notamment la CICM, RefugePoint et le Conseil Danois pour les R\u00e9fugi\u00e9s (DRC).<\/p>\n\n\n\n<p>Le Programme de d\u00e9ploiement reste un outil essentiel pour soutenir les activit\u00e9s globales de r\u00e9installation du HCR, les personnes d\u00e9ploy\u00e9es contribuant souvent \u00e0 plus de 50&nbsp;% des demandes de r\u00e9installation du HCR chaque ann\u00e9e. Les employ\u00e9s permettent au HCR d\u2019\u00eatre flexible et r\u00e9actif en s\u2019adaptant aux besoins de r\u00e9installation dans le monde entier et aident le HCR \u00e0 s\u2019assurer que ses op\u00e9rations remplissent les places de r\u00e9installation mises \u00e0 disposition par les pays de r\u00e9installation chaque ann\u00e9e.<\/p>\n\n\n\n<p>Le Programme de d\u00e9ploiement est un programme global annuel et la planification a lieu \u00e0 la fin de l\u2019ann\u00e9e civile pr\u00e9c\u00e9dente sur la base du budget approuv\u00e9, des quotas de r\u00e9installation estim\u00e9s et des besoins en personnel pour l\u2019ann\u00e9e \u00e0 venir. Les d\u00e9ploiements sont ensuite attribu\u00e9s aux bureaux afin d\u2019atteindre les quotas de r\u00e9installation. Les besoins de d\u00e9ploiement apparaissant au cours de l\u2019ann\u00e9e peuvent \u00e9galement \u00eatre satisfaits, en fonction du budget disponible et de l\u2019accord entre le bureau r\u00e9gional concern\u00e9 et le RCPS.<\/p>\n\n\n\n<p>Les partenaires de d\u00e9ploiement sont responsables de la s\u00e9lection et de l\u2019embauche des candidats pour leurs listes de d\u00e9ploiement respectives sur la base de crit\u00e8res convenus avec le HCR. Une fois dans une op\u00e9ration, la personne d\u00e9ploy\u00e9e fait partie de l\u2019unit\u00e9 de r\u00e9installation (ou de l\u2019unit\u00e9 apparent\u00e9e, selon le type de d\u00e9ploiement ou d\u2019op\u00e9ration&nbsp;\/&nbsp;de lieu d\u2019affectation) et est trait\u00e9e de la m\u00eame mani\u00e8re que tout autre membre du personnel travaillant au sein de l\u2019unit\u00e9. Avant le d\u00e9ploiement, chaque personne d\u00e9ploy\u00e9e doit suivre une formation sp\u00e9cifique disponible sur la plateforme d\u2019apprentissage du HCR et peut \u00e9galement recevoir une formation pr\u00e9alable au d\u00e9ploiement propos\u00e9e par le partenaire de d\u00e9ploiement. <\/p>\n\n\n\n<p>En outre, la personne d\u00e9ploy\u00e9e doit recevoir toute formation offerte aux nouveaux employ\u00e9s par l\u2019antenne nationale et b\u00e9n\u00e9ficier du m\u00eame soutien et des m\u00eames ressources que les autres coll\u00e8gues du HCR, en particulier en ce qui concerne la s\u00e9curit\u00e9.Afin de garantir une mise en \u0153uvre efficace et coh\u00e9rente du Programme de d\u00e9ploiement dans l\u2019ensemble des op\u00e9rations et des partenaires, des SOPs ont \u00e9t\u00e9 \u00e9labor\u00e9es et servent de lignes directrices pour toutes les questions li\u00e9es aux d\u00e9ploiements. <strong>Les SOPs du Programme de d\u00e9ploiement pr\u00e9cisent les obligations et les responsabilit\u00e9s<\/strong> du HCR, du partenaire de d\u00e9ploiement et de la personne d\u00e9ploy\u00e9e tout au long du processus de d\u00e9ploiement.<\/p>\n","protected":false},"excerpt":{"rendered":"<p>Le programme de&nbsp; d\u00e9ploiement Le HCR et la CICM ont lanc\u00e9 le Programme de d\u00e9ploiement pour la r\u00e9installation en&nbsp;1998 afin de renforcer la capacit\u00e9 du HCR \u00e0 pr\u00e9senter des r\u00e9fugi\u00e9s \u00e0 la r\u00e9installation, d\u2019autres partenaires s\u2019\u00e9tant joints \u00e0 eux en tant que partenaires de d\u00e9ploiement les ann\u00e9es suivantes. Depuis&nbsp;2016, le HCR a harmonis\u00e9 les diff\u00e9rents [&hellip;]<\/p>\n","protected":false},"author":983,"featured_media":0,"parent":0,"menu_order":0,"comment_status":"closed","ping_status":"closed","template":"page-template-chapter.php","meta":{"_acf_changed":false,"_et_pb_use_builder":"off","_et_pb_old_content":"","_et_gb_content_width":"","footnotes":""},"class_list":["post-5947","page","type-page","status-publish","hentry"],"acf":[],"_links":{"self":[{"href":"https:\/\/www.unhcr.org\/resettlement-handbook\/fr\/wp-json\/wp\/v2\/pages\/5947","targetHints":{"allow":["GET"]}}],"collection":[{"href":"https:\/\/www.unhcr.org\/resettlement-handbook\/fr\/wp-json\/wp\/v2\/pages"}],"about":[{"href":"https:\/\/www.unhcr.org\/resettlement-handbook\/fr\/wp-json\/wp\/v2\/types\/page"}],"author":[{"embeddable":true,"href":"https:\/\/www.unhcr.org\/resettlement-handbook\/fr\/wp-json\/wp\/v2\/users\/983"}],"replies":[{"embeddable":true,"href":"https:\/\/www.unhcr.org\/resettlement-handbook\/fr\/wp-json\/wp\/v2\/comments?post=5947"}],"version-history":[{"count":3,"href":"https:\/\/www.unhcr.org\/resettlement-handbook\/fr\/wp-json\/wp\/v2\/pages\/5947\/revisions"}],"predecessor-version":[{"id":6019,"href":"https:\/\/www.unhcr.org\/resettlement-handbook\/fr\/wp-json\/wp\/v2\/pages\/5947\/revisions\/6019"}],"wp:attachment":[{"href":"https:\/\/www.unhcr.org\/resettlement-handbook\/fr\/wp-json\/wp\/v2\/media?parent=5947"}],"curies":[{"name":"wp","href":"https:\/\/api.w.org\/{rel}","templated":true}]}}