{"id":6033,"date":"2022-05-18T10:07:40","date_gmt":"2022-05-18T10:07:40","guid":{"rendered":"https:\/\/www.unhcr.org\/resettlement-handbook\/?page_id=6033"},"modified":"2023-09-20T17:30:34","modified_gmt":"2023-09-20T17:30:34","slug":"unhcr-resettlement-handbook","status":"publish","type":"page","link":"https:\/\/www.unhcr.org\/resettlement-handbook\/fr\/","title":{"rendered":"UNHCR Resettlement Handbook"},"content":{"rendered":"<p>[et_pb_section fb_built=\u00a0\u00bb1&Prime; _builder_version=\u00a0\u00bb4.20.0&Prime; _module_preset=\u00a0\u00bbdefault\u00a0\u00bb background_color=\u00a0\u00bb#0072BC\u00a0\u00bb background_image=\u00a0\u00bbhttps:\/\/www.unhcr.org\/resettlement-handbook\/wp-content\/uploads\/sites\/153\/2022\/08\/bkg-homepage-v2.jpg\u00a0\u00bb background_position=\u00a0\u00bbcenter_right\u00a0\u00bb min_height=\u00a0\u00bb400px\u00a0\u00bb background_last_edited=\u00a0\u00bbon|phone\u00a0\u00bb use_background_color_gradient_phone=\u00a0\u00bbon\u00a0\u00bb background_color_gradient_stops_phone=\u00a0\u00bbrgba(0,0,0,0.29) 0%|rgba(0,0,0,0.5) 100%\u00a0\u00bb background_color_gradient_overlays_image_phone=\u00a0\u00bbon\u00a0\u00bb background_color_gradient_start_phone=\u00a0\u00bbrgba(0,0,0,0.47)\u00a0\u00bb background_color_gradient_end_phone=\u00a0\u00bbrgba(0,0,0,0.77)\u00a0\u00bb global_colors_info=\u00a0\u00bb{}\u00a0\u00bb][et_pb_row _builder_version=\u00a0\u00bb4.16&Prime; _module_preset=\u00a0\u00bbdefault\u00a0\u00bb global_colors_info=\u00a0\u00bb{}\u00a0\u00bb][et_pb_column type=\u00a0\u00bb4_4&Prime; _builder_version=\u00a0\u00bb4.16&Prime; _module_preset=\u00a0\u00bbdefault\u00a0\u00bb global_colors_info=\u00a0\u00bb{}\u00a0\u00bb][et_pb_text _builder_version=\u00a0\u00bb4.22.0&Prime; _module_preset=\u00a0\u00bbdefault\u00a0\u00bb background_layout=\u00a0\u00bbdark\u00a0\u00bb max_width=\u00a0\u00bb600px\u00a0\u00bb global_colors_info=\u00a0\u00bb{}\u00a0\u00bb]<\/p>\n<p><strong>Le manuel de r\u00e9installation du HCR offre au personnel du HCR des orientations en mati\u00e8re de gestion et de politique de r\u00e9installation et constitue un outil de r\u00e9f\u00e9rence essentiel sur la politique et les pratiques de r\u00e9installation au niveau mondial pour les pays de r\u00e9installation, les ONG et d&rsquo;autres partenaires.<\/strong><\/p>\n<p>[\/et_pb_text][et_pb_search button_color=\u00a0\u00bb#0072BC\u00a0\u00bb _builder_version=\u00a0\u00bb4.22.0&Prime; _module_preset=\u00a0\u00bbdefault\u00a0\u00bb form_field_background_color=\u00a0\u00bb#FFFFFF\u00a0\u00bb button_font=\u00a0\u00bb|700|||||||\u00a0\u00bb button_text_color=\u00a0\u00bb#FFFFFF\u00a0\u00bb button_font_size=\u00a0\u00bb19px\u00a0\u00bb form_field_font_size=\u00a0\u00bb19px\u00a0\u00bb max_width=\u00a0\u00bb600px\u00a0\u00bb box_shadow_style=\u00a0\u00bbpreset1&Prime; global_colors_info=\u00a0\u00bb{}\u00a0\u00bb][\/et_pb_search][\/et_pb_column][\/et_pb_row][et_pb_row _builder_version=\u00a0\u00bb4.17.4&Prime; _module_preset=\u00a0\u00bbdefault\u00a0\u00bb positioning=\u00a0\u00bbabsolute\u00a0\u00bb position_origin_a=\u00a0\u00bbbottom_center\u00a0\u00bb position_origin_r=\u00a0\u00bbbottom_left\u00a0\u00bb custom_padding=\u00a0\u00bb||7px|||\u00a0\u00bb global_colors_info=\u00a0\u00bb{}\u00a0\u00bb][et_pb_column type=\u00a0\u00bb4_4&Prime; _builder_version=\u00a0\u00bb4.16&Prime; _module_preset=\u00a0\u00bbdefault\u00a0\u00bb global_colors_info=\u00a0\u00bb{}\u00a0\u00bb][et_pb_text module_class=\u00a0\u00bbcaption\u00a0\u00bb _builder_version=\u00a0\u00bb4.22.0&Prime; _module_preset=\u00a0\u00bbdefault\u00a0\u00bb text_font_size=\u00a0\u00bb10px\u00a0\u00bb background_layout=\u00a0\u00bbdark\u00a0\u00bb global_colors_info=\u00a0\u00bb{}\u00a0\u00bb]<\/p>\n<p>\u00a9 UNHCR\/Christopher Herwig<\/p>\n<p>[\/et_pb_text][\/et_pb_column][\/et_pb_row][\/et_pb_section][et_pb_section fb_built=\u00a0\u00bb1&Prime; specialty=\u00a0\u00bbon\u00a0\u00bb _builder_version=\u00a0\u00bb4.20.0&Prime; _module_preset=\u00a0\u00bbdefault\u00a0\u00bb use_background_color_gradient=\u00a0\u00bbon\u00a0\u00bb background_color_gradient_direction=\u00a0\u00bb90deg\u00a0\u00bb background_color_gradient_stops=\u00a0\u00bb#f4f4f4 50%|#ffffff 50%\u00a0\u00bb custom_padding=\u00a0\u00bb0px||||false|false\u00a0\u00bb background_color_tablet=\u00a0\u00bb#F4F4F4&Prime; background_last_edited=\u00a0\u00bbon|tablet\u00a0\u00bb background_enable_color_tablet=\u00a0\u00bbon\u00a0\u00bb use_background_color_gradient_tablet=\u00a0\u00bboff\u00a0\u00bb global_colors_info=\u00a0\u00bb{}\u00a0\u00bb][et_pb_column type=\u00a0\u00bb1_2&Prime; _builder_version=\u00a0\u00bb4.16&Prime; custom_padding=\u00a0\u00bb|||\u00a0\u00bb global_colors_info=\u00a0\u00bb{}\u00a0\u00bb custom_padding__hover=\u00a0\u00bb|||\u00a0\u00bb][et_pb_text _builder_version=\u00a0\u00bb4.20.0&Prime; _module_preset=\u00a0\u00bbdefault\u00a0\u00bb custom_padding=\u00a0\u00bb|30px|||false|false\u00a0\u00bb custom_padding_tablet=\u00a0\u00bb|0px|||false|false\u00a0\u00bb custom_padding_phone=\u00a0\u00bb|0px|||false|false\u00a0\u00bb custom_padding_last_edited=\u00a0\u00bbon|desktop\u00a0\u00bb border_color_right=\u00a0\u00bb#cecece\u00a0\u00bb border_width_all_tablet=\u00a0\u00bb\u00a0\u00bb border_width_all_phone=\u00a0\u00bb\u00a0\u00bb border_width_all_last_edited=\u00a0\u00bbon|desktop\u00a0\u00bb border_width_right_tablet=\u00a0\u00bb0px\u00a0\u00bb border_width_right_phone=\u00a0\u00bb0px\u00a0\u00bb border_width_right_last_edited=\u00a0\u00bbon|desktop\u00a0\u00bb global_colors_info=\u00a0\u00bb{}\u00a0\u00bb]<\/p>\n<h2>Pr\u00e9face<\/h2>\n<p><span style=\"font-weight: 400\">L\u02bcAssembl\u00e9e g\u00e9n\u00e9rale des Nations Unies a confi\u00e9 au HCR le mandat d\u02bcassurer la protection internationale des r\u00e9fugi\u00e9s et d\u02bcaider les gouvernements \u00e0 trouver des solutions aux probl\u00e8mes des r\u00e9fugi\u00e9s, comme le stipule le <\/span><a href=\"https:\/\/www.unhcr.org\/3b66c39e1.pdf\"><span style=\"font-weight: 400\">Statut du HCR<\/span><\/a><span style=\"font-weight: 400\">. Ces objectifs demeurent fondamentaux pour le HCR, la r\u00e9installation jouant un r\u00f4le essentiel dans la r\u00e9alisation de ces deux\u00a0objectifs.\u00a0<\/span><\/p>\n<p><span style=\"font-weight: 400\">La r\u00e9installation est un processus qui offre aux r\u00e9fugi\u00e9s la possibilit\u00e9 de reconstruire leur vie dans un pays tiers et de devenir des membres \u00e0 part enti\u00e8re d\u02bcune soci\u00e9t\u00e9 dans laquelle ils peuvent s\u02bcinstaller de mani\u00e8re permanente. Elle<\/span><span style=\"font-weight: 400\"> reste une r\u00e9ponse de protection inestimable et qui change la vie des r\u00e9fugi\u00e9s confront\u00e9s \u00e0 des risques aigus\u00a0\u2013\u00a0survivant(e)s de violences et de tortures, membres de groupes minoritaires, personnes LGBTIQ+, femmes, personnes \u00e2g\u00e9es et enfants \u00e0 risque, militants politiques et autres. Dans le m\u00eame temps, le HCR envisage une approche de la r\u00e9installation de plus en plus strat\u00e9gique et fond\u00e9e sur des donn\u00e9es, qui permettrait d\u02bcidentifier des groupes ou des nombres plus importants de r\u00e9fugi\u00e9s en situation prolong\u00e9e et de r\u00e9soudre d\u00e9finitivement leur situation difficile gr\u00e2ce \u00e0 la r\u00e9installation.\u00a0<\/span><\/p>\n<p><b>Ce manuel de r\u00e9installation en ligne, enti\u00e8rement r\u00e9vis\u00e9<\/b><span style=\"font-weight: 400\"> , met \u00e0 jour et consolide les conseils en mati\u00e8re de r\u00e9installation \u00e0 l\u02bc\u00e9chelle mondiale afin d\u02bcaider les coll\u00e8gues du HCR \u00e0 relever les d\u00e9fis de la r\u00e9installation \u00e0 l\u02bcavenir. Il fournit des orientations op\u00e9rationnelles d\u00e9taill\u00e9es et \u00e9tendues sur les diff\u00e9rentes \u00e9tapes du traitement, depuis l\u02bcidentification initiale du dossier jusqu\u02bc\u00e0 la soumission et au suivi post-soumission, en s\u02bcappuyant sur les meilleures pratiques du monde entier qui am\u00e9liorent l\u02bcefficacit\u00e9 du traitement tout en pr\u00e9servant et en renfor\u00e7ant les garanties fondamentales en mati\u00e8re de protection et d\u02bcint\u00e9grit\u00e9.\u00a0<\/span><\/p>\n<p><span style=\"font-weight: 400\">\u00c9labor\u00e9 avec le soutien g\u00e9n\u00e9reux du Gouvernement suisse, ce manuel a b\u00e9n\u00e9fici\u00e9 des id\u00e9es pr\u00e9cieuses des ONG partenaires dans le domaine de la r\u00e9installation, et refl\u00e8te les consultations approfondies et les r\u00e9actions des coll\u00e8gues et des experts techniques du HCR.\u00a0<\/span><\/p>\n<p><span style=\"font-weight: 400\">Nous remercions tous ceux qui ont contribu\u00e9 \u00e0 la r\u00e9daction de ce manuel et qui continuent \u00e0 soutenir les r\u00e9fugi\u00e9s qui b\u00e9n\u00e9ficient de la r\u00e9installation en tant qu\u02bcoutil de protection et solution durable.<\/span>[\/et_pb_text][et_pb_image src=\u00a0\u00bbhttps:\/\/www.unhcr.org\/resettlement-handbook\/wp-content\/uploads\/sites\/153\/2023\/04\/Signature.png\u00a0\u00bb alt=\u00a0\u00bbSignature\u00a0\u00bb _builder_version=\u00a0\u00bb4.20.0&Prime; _module_preset=\u00a0\u00bbdefault\u00a0\u00bb global_colors_info=\u00a0\u00bb{}\u00a0\u00bb][\/et_pb_image][et_pb_text _builder_version=\u00a0\u00bb4.22.0&Prime; _module_preset=\u00a0\u00bbdefault\u00a0\u00bb global_colors_info=\u00a0\u00bb{}\u00a0\u00bb]<\/p>\n<p><strong>Gillian Triggs<\/strong><br \/>Haut-Commissaire adjointe pour la protection<\/p>\n<p>[\/et_pb_text][\/et_pb_column][et_pb_column type=\u00a0\u00bb1_2&Prime; specialty_columns=\u00a0\u00bb2&Prime; _builder_version=\u00a0\u00bb4.16&Prime; custom_padding=\u00a0\u00bb|||\u00a0\u00bb global_colors_info=\u00a0\u00bb{}\u00a0\u00bb custom_padding__hover=\u00a0\u00bb|||\u00a0\u00bb][et_pb_row_inner _builder_version=\u00a0\u00bb4.20.0&Prime; _module_preset=\u00a0\u00bbdefault\u00a0\u00bb global_colors_info=\u00a0\u00bb{}\u00a0\u00bb][et_pb_column_inner saved_specialty_column_type=\u00a0\u00bb1_2&Prime; _builder_version=\u00a0\u00bb4.20.0&Prime; _module_preset=\u00a0\u00bbdefault\u00a0\u00bb global_colors_info=\u00a0\u00bb{}\u00a0\u00bb][et_pb_text _builder_version=\u00a0\u00bb4.22.0&Prime; _module_preset=\u00a0\u00bbdefault\u00a0\u00bb global_colors_info=\u00a0\u00bb{}\u00a0\u00bb]<\/p>\n<h2>Chapitres<\/h2>\n<p>[\/et_pb_text][\/et_pb_column_inner][\/et_pb_row_inner][et_pb_row_inner column_structure=\u00a0\u00bb1_2,1_2&Prime; _builder_version=\u00a0\u00bb4.20.0&Prime; _module_preset=\u00a0\u00bbdefault\u00a0\u00bb custom_padding=\u00a0\u00bb0px|||||\u00a0\u00bb global_colors_info=\u00a0\u00bb{}\u00a0\u00bb][et_pb_column_inner type=\u00a0\u00bb1_2&Prime; saved_specialty_column_type=\u00a0\u00bb1_2&Prime; _builder_version=\u00a0\u00bb4.20.0&Prime; _module_preset=\u00a0\u00bbdefault\u00a0\u00bb global_colors_info=\u00a0\u00bb{}\u00a0\u00bb][et_pb_blurb title=\u00a0\u00bbIntroduction\u00a0\u00bb url=\u00a0\u00bb@ET-DC@eyJkeW5hbWljIjp0cnVlLCJjb250ZW50IjoicG9zdF9saW5rX3VybF9wYWdlIiwic2V0dGluZ3MiOnsicG9zdF9pZCI6IjE1NzMifX0=@\u00a0\u00bb image=\u00a0\u00bbhttps:\/\/www.unhcr.org\/resettlement-handbook\/wp-content\/uploads\/sites\/153\/2022\/08\/800-introduction.jpg\u00a0\u00bb alt=\u00a0\u00bbFather plays with his daughter on roof top of house\u00a0\u00bb module_class=\u00a0\u00bbphotoblurb\u00a0\u00bb _builder_version=\u00a0\u00bb4.17.4&Prime; _dynamic_attributes=\u00a0\u00bburl,link_option_url\u00a0\u00bb _module_preset=\u00a0\u00bbdefault\u00a0\u00bb header_level=\u00a0\u00bbh3&Prime; header_font=\u00a0\u00bb|700|||||||\u00a0\u00bb header_text_color=\u00a0\u00bb#0072BC\u00a0\u00bb animation=\u00a0\u00bboff\u00a0\u00bb link_option_url=\u00a0\u00bb@ET-DC@eyJkeW5hbWljIjp0cnVlLCJjb250ZW50IjoicG9zdF9saW5rX3VybF9wYWdlIiwic2V0dGluZ3MiOnsicG9zdF9pZCI6IjE1NzMifX0=@\u00a0\u00bb locked=\u00a0\u00bboff\u00a0\u00bb global_colors_info=\u00a0\u00bb{}\u00a0\u00bb][\/et_pb_blurb][\/et_pb_column_inner][et_pb_column_inner type=\u00a0\u00bb1_2&Prime; saved_specialty_column_type=\u00a0\u00bb1_2&Prime; _builder_version=\u00a0\u00bb4.20.0&Prime; _module_preset=\u00a0\u00bbdefault\u00a0\u00bb global_colors_info=\u00a0\u00bb{}\u00a0\u00bb][et_pb_blurb title=\u00a0\u00bb1. Statut de r\u00e9fugi\u00e9 et r\u00e9installation\u00a0\u00bb url=\u00a0\u00bb@ET-DC@eyJkeW5hbWljIjp0cnVlLCJjb250ZW50IjoicG9zdF9saW5rX3VybF9wYWdlIiwic2V0dGluZ3MiOnsicG9zdF9pZCI6IjE5In19@\u00a0\u00bb image=\u00a0\u00bbhttps:\/\/www.unhcr.org\/resettlement-handbook\/wp-content\/uploads\/sites\/153\/2022\/06\/800-ch1.jpg\u00a0\u00bb alt=\u00a0\u00bbFather plays with his daughter on roof top of house\u00a0\u00bb module_class=\u00a0\u00bbphotoblurb\u00a0\u00bb _builder_version=\u00a0\u00bb4.22.0&Prime; _dynamic_attributes=\u00a0\u00bburl,link_option_url\u00a0\u00bb _module_preset=\u00a0\u00bbdefault\u00a0\u00bb header_level=\u00a0\u00bbh3&Prime; header_font=\u00a0\u00bb|700|||||||\u00a0\u00bb header_text_color=\u00a0\u00bb#0072BC\u00a0\u00bb animation=\u00a0\u00bboff\u00a0\u00bb link_option_url=\u00a0\u00bb@ET-DC@eyJkeW5hbWljIjp0cnVlLCJjb250ZW50IjoicG9zdF9saW5rX3VybF9wYWdlIiwic2V0dGluZ3MiOnsicG9zdF9pZCI6IjE5In19@\u00a0\u00bb global_colors_info=\u00a0\u00bb{}\u00a0\u00bb][\/et_pb_blurb][\/et_pb_column_inner][\/et_pb_row_inner][et_pb_row_inner column_structure=\u00a0\u00bb1_2,1_2&Prime; _builder_version=\u00a0\u00bb4.20.0&Prime; _module_preset=\u00a0\u00bbdefault\u00a0\u00bb custom_padding=\u00a0\u00bb0px|||||\u00a0\u00bb global_colors_info=\u00a0\u00bb{}\u00a0\u00bb][et_pb_column_inner type=\u00a0\u00bb1_2&Prime; saved_specialty_column_type=\u00a0\u00bb1_2&Prime; _builder_version=\u00a0\u00bb4.20.0&Prime; _module_preset=\u00a0\u00bbdefault\u00a0\u00bb global_colors_info=\u00a0\u00bb{}\u00a0\u00bb][et_pb_blurb title=\u00a0\u00bb2. Gestion des activit\u00e9s de r\u00e9installation\u00a0\u00bb url=\u00a0\u00bb@ET-DC@eyJkeW5hbWljIjp0cnVlLCJjb250ZW50IjoicG9zdF9saW5rX3VybF9wYWdlIiwic2V0dGluZ3MiOnsicG9zdF9pZCI6IjExNzkifX0=@\u00a0\u00bb image=\u00a0\u00bbhttps:\/\/www.unhcr.org\/resettlement-handbook\/wp-content\/uploads\/sites\/153\/2022\/09\/800-ch2-v2.jpg\u00a0\u00bb alt=\u00a0\u00bbSudan. Thousands flee fighting in Ethiopia to seek safety \u00a0\u00bb module_class=\u00a0\u00bbphotoblurb\u00a0\u00bb _builder_version=\u00a0\u00bb4.22.0&Prime; _dynamic_attributes=\u00a0\u00bburl,link_option_url\u00a0\u00bb _module_preset=\u00a0\u00bbdefault\u00a0\u00bb header_level=\u00a0\u00bbh3&Prime; header_font=\u00a0\u00bb|700|||||||\u00a0\u00bb header_text_color=\u00a0\u00bb#0072BC\u00a0\u00bb animation=\u00a0\u00bboff\u00a0\u00bb link_option_url=\u00a0\u00bb@ET-DC@eyJkeW5hbWljIjp0cnVlLCJjb250ZW50IjoicG9zdF9saW5rX3VybF9wYWdlIiwic2V0dGluZ3MiOnsicG9zdF9pZCI6IjExNzkifX0=@\u00a0\u00bb locked=\u00a0\u00bboff\u00a0\u00bb global_colors_info=\u00a0\u00bb{}\u00a0\u00bb][\/et_pb_blurb][\/et_pb_column_inner][et_pb_column_inner type=\u00a0\u00bb1_2&Prime; saved_specialty_column_type=\u00a0\u00bb1_2&Prime; _builder_version=\u00a0\u00bb4.20.0&Prime; _module_preset=\u00a0\u00bbdefault\u00a0\u00bb global_colors_info=\u00a0\u00bb{}\u00a0\u00bb][et_pb_blurb title=\u00a0\u00bb3. Les cat\u00e9gories de demandes de r\u00e9installation\u00a0\u00bb url=\u00a0\u00bb@ET-DC@eyJkeW5hbWljIjp0cnVlLCJjb250ZW50IjoicG9zdF9saW5rX3VybF9wYWdlIiwic2V0dGluZ3MiOnsicG9zdF9pZCI6IjEzNzEifX0=@\u00a0\u00bb image=\u00a0\u00bbhttps:\/\/www.unhcr.org\/resettlement-handbook\/wp-content\/uploads\/sites\/153\/2022\/06\/800-ch3.jpg\u00a0\u00bb alt=\u00a0\u00bbTwo men at a beach at sunset\u00a0\u00bb module_class=\u00a0\u00bbphotoblurb\u00a0\u00bb _builder_version=\u00a0\u00bb4.22.0&Prime; _dynamic_attributes=\u00a0\u00bburl,link_option_url\u00a0\u00bb _module_preset=\u00a0\u00bbdefault\u00a0\u00bb header_level=\u00a0\u00bbh3&Prime; header_font=\u00a0\u00bb|700|||||||\u00a0\u00bb header_text_color=\u00a0\u00bb#0072BC\u00a0\u00bb animation=\u00a0\u00bboff\u00a0\u00bb link_option_url=\u00a0\u00bb@ET-DC@eyJkeW5hbWljIjp0cnVlLCJjb250ZW50IjoicG9zdF9saW5rX3VybF9wYWdlIiwic2V0dGluZ3MiOnsicG9zdF9pZCI6IjEzNzEifX0=@\u00a0\u00bb locked=\u00a0\u00bboff\u00a0\u00bb global_colors_info=\u00a0\u00bb{}\u00a0\u00bb][\/et_pb_blurb][\/et_pb_column_inner][\/et_pb_row_inner][et_pb_row_inner column_structure=\u00a0\u00bb1_2,1_2&Prime; _builder_version=\u00a0\u00bb4.20.0&Prime; _module_preset=\u00a0\u00bbdefault\u00a0\u00bb custom_padding=\u00a0\u00bb0px|||||\u00a0\u00bb global_colors_info=\u00a0\u00bb{}\u00a0\u00bb][et_pb_column_inner type=\u00a0\u00bb1_2&Prime; saved_specialty_column_type=\u00a0\u00bb1_2&Prime; _builder_version=\u00a0\u00bb4.20.0&Prime; _module_preset=\u00a0\u00bbdefault\u00a0\u00bb global_colors_info=\u00a0\u00bb{}\u00a0\u00bb][et_pb_blurb title=\u00a0\u00bb4. Proc\u00e9dures de r\u00e9installation de base\u00a0\u00bb url=\u00a0\u00bb@ET-DC@eyJkeW5hbWljIjp0cnVlLCJjb250ZW50IjoicG9zdF9saW5rX3VybF9wYWdlIiwic2V0dGluZ3MiOnsicG9zdF9pZCI6IjQ5OSJ9fQ==@\u00a0\u00bb image=\u00a0\u00bbhttps:\/\/www.unhcr.org\/resettlement-handbook\/wp-content\/uploads\/sites\/153\/2022\/08\/800-ch4.jpg\u00a0\u00bb alt=\u00a0\u00bbTwo men at a beach at sunset\u00a0\u00bb module_class=\u00a0\u00bbphotoblurb\u00a0\u00bb _builder_version=\u00a0\u00bb4.22.0&Prime; _dynamic_attributes=\u00a0\u00bburl,link_option_url\u00a0\u00bb _module_preset=\u00a0\u00bbdefault\u00a0\u00bb header_level=\u00a0\u00bbh3&Prime; header_font=\u00a0\u00bb|700|||||||\u00a0\u00bb header_text_color=\u00a0\u00bb#0072BC\u00a0\u00bb animation=\u00a0\u00bboff\u00a0\u00bb link_option_url=\u00a0\u00bb@ET-DC@eyJkeW5hbWljIjp0cnVlLCJjb250ZW50IjoicG9zdF9saW5rX3VybF9wYWdlIiwic2V0dGluZ3MiOnsicG9zdF9pZCI6IjQ5OSJ9fQ==@\u00a0\u00bb locked=\u00a0\u00bboff\u00a0\u00bb global_colors_info=\u00a0\u00bb{}\u00a0\u00bb][\/et_pb_blurb][\/et_pb_column_inner][et_pb_column_inner type=\u00a0\u00bb1_2&Prime; saved_specialty_column_type=\u00a0\u00bb1_2&Prime; _builder_version=\u00a0\u00bb4.20.0&Prime; _module_preset=\u00a0\u00bbdefault\u00a0\u00bb global_colors_info=\u00a0\u00bb{}\u00a0\u00bb][et_pb_blurb title=\u00a0\u00bb5. Partenariats et plaidoyer\u00a0\u00bb url=\u00a0\u00bb@ET-DC@eyJkeW5hbWljIjp0cnVlLCJjb250ZW50IjoicG9zdF9saW5rX3VybF9wYWdlIiwic2V0dGluZ3MiOnsicG9zdF9pZCI6IjE1NTcifX0=@\u00a0\u00bb image=\u00a0\u00bbhttps:\/\/www.unhcr.org\/resettlement-handbook\/wp-content\/uploads\/sites\/153\/2022\/08\/800-ch5.jpg\u00a0\u00bb alt=\u00a0\u00bbFather plays with his daughter on roof top of house\u00a0\u00bb module_class=\u00a0\u00bbphotoblurb\u00a0\u00bb _builder_version=\u00a0\u00bb4.22.0&Prime; _dynamic_attributes=\u00a0\u00bburl,link_option_url\u00a0\u00bb _module_preset=\u00a0\u00bbdefault\u00a0\u00bb header_level=\u00a0\u00bbh3&Prime; header_font=\u00a0\u00bb|700|||||||\u00a0\u00bb header_text_color=\u00a0\u00bb#0072BC\u00a0\u00bb animation=\u00a0\u00bboff\u00a0\u00bb link_option_url=\u00a0\u00bb@ET-DC@eyJkeW5hbWljIjp0cnVlLCJjb250ZW50IjoicG9zdF9saW5rX3VybF9wYWdlIiwic2V0dGluZ3MiOnsicG9zdF9pZCI6IjE1NTcifX0=@\u00a0\u00bb global_colors_info=\u00a0\u00bb{}\u00a0\u00bb][\/et_pb_blurb][\/et_pb_column_inner][\/et_pb_row_inner][et_pb_row_inner column_structure=\u00a0\u00bb1_2,1_2&Prime; _builder_version=\u00a0\u00bb4.20.0&Prime; _module_preset=\u00a0\u00bbdefault\u00a0\u00bb custom_padding=\u00a0\u00bb0px|||||\u00a0\u00bb global_colors_info=\u00a0\u00bb{}\u00a0\u00bb][et_pb_column_inner type=\u00a0\u00bb1_2&Prime; saved_specialty_column_type=\u00a0\u00bb1_2&Prime; _builder_version=\u00a0\u00bb4.20.0&Prime; _module_preset=\u00a0\u00bbdefault\u00a0\u00bb global_colors_info=\u00a0\u00bb{}\u00a0\u00bb][et_pb_blurb title=\u00a0\u00bbChapitre pays en mati\u00e8re de de r\u00e9installation\u00a0\u00bb url=\u00a0\u00bb@ET-DC@eyJkeW5hbWljIjp0cnVlLCJjb250ZW50IjoicG9zdF9saW5rX3VybF9wYWdlIiwic2V0dGluZ3MiOnsicG9zdF9pZCI6IjMyNjcifX0=@\u00a0\u00bb image=\u00a0\u00bbhttps:\/\/www.unhcr.org\/resettlement-handbook\/wp-content\/uploads\/sites\/153\/2022\/09\/800-countries.jpg\u00a0\u00bb alt=\u00a0\u00bbFrance. Congolese family starts new life in France after tragedy\u00a0\u00bb module_class=\u00a0\u00bbphotoblurb\u00a0\u00bb _builder_version=\u00a0\u00bb4.22.0&Prime; _dynamic_attributes=\u00a0\u00bburl,link_option_url\u00a0\u00bb _module_preset=\u00a0\u00bbdefault\u00a0\u00bb header_level=\u00a0\u00bbh3&Prime; header_font=\u00a0\u00bb|700|||||||\u00a0\u00bb header_text_color=\u00a0\u00bb#0072BC\u00a0\u00bb animation=\u00a0\u00bboff\u00a0\u00bb link_option_url=\u00a0\u00bb@ET-DC@eyJkeW5hbWljIjp0cnVlLCJjb250ZW50IjoicG9zdF9saW5rX3VybF9wYWdlIiwic2V0dGluZ3MiOnsicG9zdF9pZCI6IjMyNjcifX0=@\u00a0\u00bb hover_enabled=\u00a0\u00bb0&Prime; locked=\u00a0\u00bboff\u00a0\u00bb global_colors_info=\u00a0\u00bb{}\u00a0\u00bb sticky_enabled=\u00a0\u00bb0&Prime;][\/et_pb_blurb][\/et_pb_column_inner][et_pb_column_inner type=\u00a0\u00bb1_2&Prime; saved_specialty_column_type=\u00a0\u00bb1_2&Prime; _builder_version=\u00a0\u00bb4.20.0&Prime; _module_preset=\u00a0\u00bbdefault\u00a0\u00bb global_colors_info=\u00a0\u00bb{}\u00a0\u00bb][\/et_pb_column_inner][\/et_pb_row_inner][\/et_pb_column][\/et_pb_section]<\/p>\n","protected":false},"excerpt":{"rendered":"<p>Le manuel de r\u00e9installation du HCR offre au personnel du HCR des orientations en mati\u00e8re de gestion et de politique de r\u00e9installation et constitue un outil de r\u00e9f\u00e9rence essentiel sur la politique et les pratiques de r\u00e9installation au niveau mondial pour les pays de r\u00e9installation, les ONG et d&rsquo;autres partenaires.\u00a9 UNHCR\/Christopher HerwigPr\u00e9face L\u02bcAssembl\u00e9e g\u00e9n\u00e9rale des [&hellip;]<\/p>\n","protected":false},"author":983,"featured_media":5109,"parent":0,"menu_order":0,"comment_status":"closed","ping_status":"closed","template":"","meta":{"_acf_changed":false,"_et_pb_use_builder":"on","_et_pb_old_content":"","_et_gb_content_width":"","footnotes":""},"class_list":["post-6033","page","type-page","status-publish","has-post-thumbnail","hentry"],"acf":[],"_links":{"self":[{"href":"https:\/\/www.unhcr.org\/resettlement-handbook\/fr\/wp-json\/wp\/v2\/pages\/6033","targetHints":{"allow":["GET"]}}],"collection":[{"href":"https:\/\/www.unhcr.org\/resettlement-handbook\/fr\/wp-json\/wp\/v2\/pages"}],"about":[{"href":"https:\/\/www.unhcr.org\/resettlement-handbook\/fr\/wp-json\/wp\/v2\/types\/page"}],"author":[{"embeddable":true,"href":"https:\/\/www.unhcr.org\/resettlement-handbook\/fr\/wp-json\/wp\/v2\/users\/983"}],"replies":[{"embeddable":true,"href":"https:\/\/www.unhcr.org\/resettlement-handbook\/fr\/wp-json\/wp\/v2\/comments?post=6033"}],"version-history":[{"count":10,"href":"https:\/\/www.unhcr.org\/resettlement-handbook\/fr\/wp-json\/wp\/v2\/pages\/6033\/revisions"}],"predecessor-version":[{"id":6575,"href":"https:\/\/www.unhcr.org\/resettlement-handbook\/fr\/wp-json\/wp\/v2\/pages\/6033\/revisions\/6575"}],"wp:featuredmedia":[{"embeddable":true,"href":"https:\/\/www.unhcr.org\/resettlement-handbook\/fr\/wp-json\/wp\/v2\/media\/5109"}],"wp:attachment":[{"href":"https:\/\/www.unhcr.org\/resettlement-handbook\/fr\/wp-json\/wp\/v2\/media?parent=6033"}],"curies":[{"name":"wp","href":"https:\/\/api.w.org\/{rel}","templated":true}]}}