{"id":6303,"date":"2022-09-05T10:55:02","date_gmt":"2022-09-05T10:55:02","guid":{"rendered":"https:\/\/www.unhcr.org\/resettlement-handbook\/4-managing-resettlement-activities\/4-1-identifying-resettlement-needs-referrals-progres-v4\/"},"modified":"2023-09-20T10:07:20","modified_gmt":"2023-09-20T10:07:20","slug":"4-1-identification-des-cas-pour-la-reinstallation","status":"publish","type":"page","link":"https:\/\/www.unhcr.org\/resettlement-handbook\/fr\/4-managing-resettlement-activities\/4-1-identification-des-cas-pour-la-reinstallation\/","title":{"rendered":"4.1 Identification des cas pour la r\u00e9installation"},"content":{"rendered":"\n<h3 class=\"wp-block-heading\">Vers une diversit\u00e9 de m\u00e9thodes d\u2019identification des cas de r\u00e9installation<\/h3>\n\n\n\n<p>L\u2019identification et l\u2019orientation en temps voulu des r\u00e9fugi\u00e9s en vue de leur r\u00e9installation est une responsabilit\u00e9 partag\u00e9e entre toutes les unit\u00e9s fonctionnelles du HCR. Bien que chaque bureau aborde l\u2019identification des cas de r\u00e9installation diff\u00e9remment en fonction des facteurs sp\u00e9cifiques au contexte et des opportunit\u00e9s de r\u00e9installation disponibles, la meilleure pratique consiste \u00e0 \u00e9tablir une diversit\u00e9 de m\u00e9thodologies d\u2019identification des cas, y compris les r\u00e9f\u00e9rences de protection, l\u2019utilisation strat\u00e9gique de proGres et l\u2019utilisation d\u2019autres donn\u00e9es pertinentes (par exemple, les indicateurs pour d\u00e9terminer l\u2019\u00e9ligibilit\u00e9 \u00e0 l\u2019assistance), le cas \u00e9ch\u00e9ant.<\/p>\n\n\n\n<h3 class=\"wp-block-heading\">Identification des cas par le biais la soumission interne<\/h3>\n\n\n\n<div class=\"wp-block-columns is-layout-flex wp-container-core-columns-is-layout-9d6595d7 wp-block-columns-is-layout-flex\">\n<div class=\"wp-block-column is-layout-flow wp-block-column-is-layout-flow\" style=\"flex-basis:100%\">\n<div class=\"wp-block-group is-layout-flow wp-block-group-is-layout-flow\">\n<p>L\u2019identification des cas par le biais soumission interne n\u00e9cessite une sensibilisation continue des autres unit\u00e9s fonctionnelles du bureau \u00e0 la r\u00e9installation en tant que solution durable pour les r\u00e9fugi\u00e9s. Les coll\u00e8gues charg\u00e9s de la r\u00e9installation devraient \u00e9galement partager des informations sur les priorit\u00e9s en mati\u00e8re de r\u00e9installation, les cat\u00e9gories et les seuils de demande ainsi que les quotas disponibles pour des pays de r\u00e9installation sp\u00e9cifiques. Les processus d\u2019orientation interne et la coordination au sein du bureau devraient \u00eatre continuellement am\u00e9lior\u00e9s et renforc\u00e9s dans le cadre de la strat\u00e9gie de protection et de solutions. Il s\u2019agit notamment de veiller \u00e0 ce que les unit\u00e9s fonctionnelles concern\u00e9es int\u00e8grent dans leurs proc\u00e9dures op\u00e9rationnelles normalis\u00e9es des instructions relatives \u00e0 l\u2019envoi de dossiers de r\u00e9installation dans le cadre de la gestion r\u00e9guli\u00e8re des dossiers de protection. Les coll\u00e8gues travaillant dans le domaine de l\u2019assistance, y compris l\u2019assistance en cash, devraient \u00e9galement \u00eatre sensibilis\u00e9s a soumission &nbsp;&nbsp;des cas vers la r\u00e9installation en tant que r\u00e9ponse de protection et solution durable pour les r\u00e9fugi\u00e9s ayant besoin d\u2019une aide financi\u00e8re.<\/p>\n\n\n\n<p>Il est recommand\u00e9 de fournir des outils et\/ou des orientations en mati\u00e8re de r\u00e9installation \u00e0 d\u2019autres unit\u00e9s fonctionnelles afin de renforcer et de maintenir la qualit\u00e9, la coh\u00e9rence et l\u2019ad\u00e9quation des cas r\u00e9f\u00e9r\u00e9s en interne en vue d\u2019une r\u00e9installation.<\/p>\n\n\n\n<p>Les <strong>documents justificatifs n\u00e9cessaires <\/strong>(par exemple, le formulaire d\u2019\u00e9valuation m\u00e9dicale, la proc\u00e9dure relative \u00e0 l\u2019int\u00e9r\u00eat sup\u00e9rieur) doivent, dans la mesure du possible, \u00eatre pr\u00e9par\u00e9s au moment du renvoi et\/ou avant l\u2019\u00e9tape de l\u2019<em>\u00e9valuation des besoins<\/em> et de l\u2019<em>examen initial<\/em>, conform\u00e9ment aux SOPs. Voir <em>Documentation, proc\u00e9dures ou examens requis <\/em>&nbsp;au point <a href=\"https:\/\/www.unhcr.org\/resettlement-handbook\/4-managing-resettlement-activities\/4-3-the-resettlement-needs-assessment\/\">4.3 \u00c9valuation des besoins de r\u00e9installation et examen initial<\/a>.<\/p>\n\n\n\n<div class=\"wp-block-group bluebox is-layout-flow wp-block-group-is-layout-flow\">\n<p><strong>Pour effectuer une soumission interne&nbsp;:<\/strong><\/p>\n\n\n\n<ol class=\"wp-block-list\">\n<li><strong>Remplir un <\/strong><em><strong>Formulaire de soumission en vue de la r\u00e9installation<\/strong><\/em>, ou un formulaire hors ligne \u00e9quivalent utilis\u00e9 dans l\u2019op\u00e9ration. Fournir les raisons g\u00e9n\u00e9rales de la soumission conform\u00e9ment aux principes de protection des donn\u00e9es et de la vie priv\u00e9e, y compris la n\u00e9cessit\u00e9 et la proportionnalit\u00e9.<\/li>\n\n\n\n<li><strong>Cr\u00e9er une soumission dans proGres<\/strong>, en n\u2019enregistrant que les informations minimales n\u00e9cessaires au traitement du dossier (par exemple, \u00ab&nbsp;recommander de cr\u00e9er un dossier de RST pour une \u00e9valuation des besoins&nbsp;\u00bb), avec le Type de service&nbsp;=&nbsp;R\u00e9installation. <\/li>\n\n\n\n<li><strong>Envoyer le <\/strong><em><strong>Formulaire de soumission en vue &nbsp;la r\u00e9installation<\/strong><\/em><strong> et le&nbsp; lien <\/strong><em><strong>soumission<\/strong><\/em><strong> proGres <\/strong>de mani\u00e8re s\u00e9curis\u00e9e par le biais des <a href=\"https:\/\/intranet.unhcr.org\/en\/support-services\/ict-operations\/ict-services\/collaboration\/sharepoint-online.html\">sites SharePoint Team<\/a> ou par courriel au coordonnateur d\u00e9sign\u00e9 dans l\u2019unit\u00e9 de r\u00e9installation. Voir <em>Partage et stockage de fichiers num\u00e9riques<\/em> au point <a href=\"https:\/\/www.unhcr.org\/resettlement-handbook\/2-managing-resettlement-activities\/2-5-file-management-and-record-keeping\/?preview_id=625&amp;preview_nonce=a7f19ddd93&amp;preview=true\">2.5 Gestion des fichiers et archivage<\/a> pour des conseils sur le partage s\u00e9curis\u00e9 de documents et d\u2019informations contenant des donn\u00e9es \u00e0 caract\u00e8re personnel.<\/li>\n<\/ol>\n\n\n\n<p>Afin de recevoir, de traiter et de communiquer efficacement sur les dossiers renvoy\u00e9s par d\u2019autres unit\u00e9s, il est recommand\u00e9 de d\u00e9signer un ou plusieurs <strong>points focaux<\/strong> au sein de l\u2019unit\u00e9 de r\u00e9installation pour traiter les soumissions, qui sont ensuite form\u00e9s \u00e0 la gestion des informations sensibles et des questions de protection, y compris celles impliquant des enfants, des survivant(e)s de la VBG et des personnes LGBTIQ+.<\/p>\n<\/div>\n<\/div>\n<\/div>\n<\/div>\n\n\n\n<h3 class=\"wp-block-heading\">Identification des cas par le biais de soumission externe<\/h3>\n\n\n\n<p>Des informations importantes sur les besoins individuels de protection de la communaut\u00e9 des r\u00e9fugi\u00e9s sont souvent collect\u00e9es et conserv\u00e9es par les partenaires, y compris les gouvernements des pays d\u2019accueil. Dans de tels contextes, les soumissions externes d\u2019autres organisations, agences et acteurs de la soci\u00e9t\u00e9 civile peuvent \u00eatre la source primaire de transmission de dossiers pour la r\u00e9installation. Pour faciliter et renforcer les processus d\u2019orientation, le HCR doit continuellement sensibiliser les partenaires externes aux crit\u00e8res et seuils des cat\u00e9gories de demandes de r\u00e9installation, aux priorit\u00e9s strat\u00e9giques de r\u00e9installation et aux quotas disponibles pour des pays de r\u00e9installation sp\u00e9cifiques.&nbsp;<\/p>\n\n\n\n<p>Certaines ONG proc\u00e8dent \u00e0 des <strong>soumissions directes<\/strong> et\/ou soumettent des demandes de r\u00e9installation aux pays de r\u00e9installation. Lorsque c\u2019est le cas, les SOPs en mati\u00e8re de r\u00e9installation du HCR doivent inclure un m\u00e9canisme de coordination avec ces ONG &nbsp;afin de maximiser l\u2019impact de la protection collective, d\u2019\u00e9viter les doublons et de garantir l\u2019exactitude des donn\u00e9es sur la r\u00e9installation dans proGres. <\/p>\n\n\n\n<p>En fonction de la taille et de la structure d\u2019une op\u00e9ration et d\u2019autres consid\u00e9rations sp\u00e9cifiques au contexte, y compris la capacit\u00e9 \u00e0 traiter efficacement les soumissions externes, les demandes de r\u00e9installation (y compris les demandes directes) peuvent \u00eatre achemin\u00e9es vers&nbsp;:<\/p>\n\n\n\n<ul class=\"wp-block-list\">\n<li><strong>l\u2019unit\u00e9 fonctionnelle comp\u00e9tente<\/strong> du bureau (par exemple, protection de l\u2019enfance, VBG) pour une \u00e9valuation pr\u00e9liminaire, avant d\u2019\u00eatre renvoy\u00e9e vers l\u2019unit\u00e9 de r\u00e9installation, le cas \u00e9ch\u00e9ant, ou<\/li>\n\n\n\n<li><strong>l\u2019unit\u00e9 de r\u00e9installation <\/strong>directement. Les \u00e9tapes de l\u2019<em>\u00e9valuation des besoins<\/em> et de l\u2019<em>examen initial <\/em>&nbsp;du processus de r\u00e9installation offrent des garanties d\u2019int\u00e9grit\u00e9 suffisantes pour que les coll\u00e8gues charg\u00e9s de la r\u00e9installation traitent directement les demandes, lorsque cela s\u2019av\u00e8re plus efficace. En outre, certains types de soumissions peuvent \u00eatre mieux trait\u00e9s directement par les coll\u00e8gues charg\u00e9s de la r\u00e9installation, par exemple ceux fond\u00e9s sur les liens familiaux et l\u2019unit\u00e9 de la famille.<\/li>\n<\/ul>\n\n\n\n<p><strong>Les partenaires de la protection de l\u2019enfance <\/strong>qui soumettent un cas \u00e0 l\u2019examen de la r\u00e9installation doivent le faire sur la base d\u2019une proc\u00e9dure d\u2019int\u00e9r\u00eat sup\u00e9rieur, conform\u00e9ment \u00e0 la <a href=\"https:\/\/www.refworld.org\/cgi-bin\/texis\/vtx\/rwmain\/opendocpdf.pdf?reldoc=y&amp;docid=62a9ebfc4\"><em>Proc\u00e9dure relative \u00e0 l\u2019int\u00e9r\u00eat sup\u00e9rieur<\/em><\/a> du HCR. Pour des conseils sur les circonstances dans lesquelles une \u00e9valuation de l\u2019int\u00e9r\u00eat sup\u00e9rieur (EIS) ou une d\u00e9termination de l\u2019int\u00e9r\u00eat sup\u00e9rieur (DIS) sera n\u00e9cessaire pour la r\u00e9installation et sur les personnes qui doivent la r\u00e9aliser, voir <a href=\"https:\/\/www.unhcr.org\/resettlement-handbook\/3-protection-risks-and-the-resettlement-submission-categories\/3-5-children-and-adolescents-at-risk\/?preview_id=1229&amp;preview_nonce=daba91807e&amp;preview=true\">3.5 Enfants et adolescents dans les situations \u00e0 risque<\/a>.Voir \u00e9galement les <a href=\"https:\/\/www.unhcr.org\/resettlement-handbook\/resettlement-country-chapters\/\">chapitres pays<\/a>&nbsp;en mati\u00e8re de de r\u00e9installation pour v\u00e9rifier les exigences sp\u00e9cifiques de la DIS pour les pays de r\u00e9installation.<\/p>\n\n\n\n<p>Les <strong>documents justificatifs n\u00e9cessaires <\/strong>(par exemple, le formulaire d\u2019\u00e9valuation m\u00e9dicale, la proc\u00e9dure relative \u00e0 l\u2019int\u00e9r\u00eat sup\u00e9rieur) doivent, dans la mesure du possible, \u00eatre pr\u00e9par\u00e9s au moment du renvoi et\/ou avant l\u2019\u00e9tape de l\u2019<em>\u00e9valuation des besoins<\/em> et de l\u2019<em>examen initial<\/em> , conform\u00e9ment aux SOPs. Voir <em>Documentation, processus ou examens requis <\/em>&nbsp;au point <a href=\"https:\/\/www.unhcr.org\/resettlement-handbook\/4-managing-resettlement-activities\/4-3-the-resettlement-needs-assessment\/\">4.3 \u00c9valuation des besoins de r\u00e9installation et examen initial<\/a>. <\/p>\n\n\n\n<p>Des <strong>m\u00e9canismes de communication et de r\u00e9troaction<\/strong> sur les cas individuels renvoy\u00e9s doivent \u00eatre \u00e9tablis et convenus entre le HCR et l\u2019auteur de la soumission, en tenant d\u00fbment compte des exigences du HCR en mati\u00e8re de protection des donn\u00e9es (voir <a href=\"https:\/\/www.unhcr.org\/resettlement-handbook\/2-managing-resettlement-activities\/2-3-protection-of-personal-data-of-persons-of-concern\/\">&nbsp;2.3 Protection des donn\u00e9es dans le cadre de la r\u00e9installation<\/a>). La communication et la r\u00e9troaction de la part du HCR favorisent la responsabilit\u00e9 et la transparence et sont particuli\u00e8rement importantes lorsque l\u2019auteur de la soumission fournit des conseils et traite les demandes d\u2019information des r\u00e9fugi\u00e9s concern\u00e9s. Les bureaux du HCR doivent s\u2019assurer que des mises \u00e0 jour sur les dossiers sont fournies en temps voulu au partenaire ayant soumis des cas &nbsp;afin que les r\u00e9fugi\u00e9s soient inform\u00e9s de l\u2019\u00e9volution de leur dossier. Cela encourage \u00e9galement les partenaires \u00e0 continuer \u00e0 transmettre des dossiers, tout en am\u00e9liorant l\u2019ad\u00e9quation des dossiers transmis au fil du temps.&nbsp;<\/p>\n\n\n\n<div class=\"wp-block-group bluebox is-layout-flow wp-block-group-is-layout-flow\">\n<p><strong>Chaque op\u00e9ration doit mettre en place des m\u00e9canismes formels de soumission<\/strong> afin de recevoir et de communiquer sur les soumissions externes, en tenant compte des normes suivantes&nbsp;:<\/p>\n\n\n\n<ul class=\"wp-block-list\">\n<li>Le m\u00e9canisme de soumission doit \u00eatre autoris\u00e9 par le responsable de la r\u00e9installation.<\/li>\n\n\n\n<li>Les r\u00f4les et responsabilit\u00e9s de la partie requ\u00e9rante et du HCR doivent \u00eatre pr\u00e9cis\u00e9s par \u00e9crit.<\/li>\n\n\n\n<li>Les soumissions doivent \u00eatre effectu\u00e9es \u00e0 l\u2019aide d\u2019un <em>Formulaire de soumission en vue de la r\u00e9installation<\/em> approuv\u00e9 afin de garantir la coh\u00e9rence des modalit\u00e9s d\u2019orientation et des informations contenues dans l\u2019orientation.<\/li>\n\n\n\n<li>Des points focaux form\u00e9s doivent \u00eatre d\u00e9sign\u00e9s pour recevoir les soumissions externes. &nbsp;<\/li>\n\n\n\n<li>Les points focaux doivent \u00eatre responsables de la cr\u00e9ation d\u2019une <em>soumission <\/em>dans proGres et de la transmission du <em>Formulaire de de soumission en vue de la r\u00e9installation<\/em> approuv\u00e9 et de tout autre document au coll\u00e8gue charg\u00e9 d\u2019effectuer l\u2019<em>\u00e9valuation des besoins<\/em>. Le point focal peut disposer de vues personnalis\u00e9es dans proGres pour contr\u00f4ler les <em>orientations<\/em>.<\/li>\n\n\n\n<li>Le HCR doit syst\u00e9matiquement fournir des mises \u00e0 jour sur l\u2019\u00e9tat d\u2019avancement des dossiers et des informations en retour \u00e0 l\u2019auteur de la soumission. Cela aide les partenaires \u00e0 g\u00e9rer les attentes des r\u00e9fugi\u00e9s et permet d\u2019obtenir de meilleurs r\u00e9sultats en termes de compr\u00e9hension du processus de r\u00e9installation du HCR et des crit\u00e8res de s\u00e9lection des pays, tout en encourageant les partenaires \u00e0 continuer de soumettre pour &nbsp;la r\u00e9installation les cas des personnes confront\u00e9es \u00e0 des risques de protection.<\/li>\n<\/ul>\n<\/div>\n\n\n\n<h3 class=\"wp-block-heading\">Identification des cas par demande directe<\/h3>\n\n\n\n<p>Conform\u00e9ment au principe de <a href=\"https:\/\/www.unhcr.org\/handbooks\/aap\/\">redevabilit\u00e9 \u00e0 l\u2019\u00e9gard des populations touch\u00e9es<\/a>, des m\u00e9canismes doivent \u00eatre mis en place pour recevoir, \u00e9valuer et r\u00e9pondre aux demandes de r\u00e9installation pr\u00e9sent\u00e9es par les int\u00e9ress\u00e9s eux-m\u00eames. Les m\u00e9canismes doivent \u00eatre con\u00e7us en fonction des seuils locaux et de la capacit\u00e9 \u00e0 traiter utilement ces orientations. Voir <a href=\"https:\/\/www.unhcr.org\/resettlement-handbook\/2-managing-resettlement-activities\/2-4-communication-with-communities-about-resettlement\/\">2.4 Communication avec les communaut\u00e9s sur la r\u00e9installation<\/a>pour des conseils sur les m\u00e9canismes de r\u00e9troaction et de r\u00e9ponse.<\/p>\n\n\n\n<div class=\"wp-block-group is-layout-flow wp-block-group-is-layout-flow\">\n<div id=\"bluebox\" class=\"wp-block-group is-layout-flow wp-block-group-is-layout-flow\">\n<div class=\"wp-block-group is-layout-flow wp-block-group-is-layout-flow\">\n<div class=\"wp-block-group bluebox is-layout-flow wp-block-group-is-layout-flow\">\n<p>Les <strong>demandes directes<\/strong> doivent \u00eatre enregistr\u00e9es dans l\u2019entit\u00e9 soumissions (type=externe) dans proGres, avec une explication dans les commentaires indiquant que la personne a formul\u00e9 une demande directe. Ceci ind\u00e9pendamment du fait que le dossier passe ou non \u00e0 l\u2019<em>\u00e9valuation des besoins<\/em> et \u00e0 la cr\u00e9ation d\u2019un <em>dossier de r\u00e9installation<\/em>.  <\/p>\n\n\n\n<p>En fonction du contexte op\u00e9rationnel, du syst\u00e8me d\u2019orientation et du dossier sp\u00e9cifique&nbsp;:<\/p>\n\n\n\n<ul class=\"wp-block-list\">\n<li>La demande directe peut \u00eatre transmise \u00e0 l\u2019unit\u00e9 fonctionnelle comp\u00e9tente pour une \u00e9valuation pr\u00e9liminaire (par exemple, la protection de l\u2019enfance) avant d\u2019\u00eatre transmise aux coll\u00e8gues charg\u00e9s de la r\u00e9installation, ou directement \u00e0 l\u2019unit\u00e9 de r\u00e9installation pour l\u2019<em>\u00e9valuation des besoins<\/em>&nbsp;; ou<\/li>\n\n\n\n<li>Le <em>dossier de r\u00e9installation<\/em> peut \u00eatre cl\u00f4tur\u00e9 et une r\u00e9ponse peut \u00eatre communiqu\u00e9e en temps utile au(x) r\u00e9fugi\u00e9(s) concern\u00e9(s), en utilisant&nbsp; le canal par lequel la demande a \u00e9t\u00e9 re\u00e7ue, expliquant pourquoi ils ne peuvent pas \u00eatre consid\u00e9r\u00e9s comme prioritaires pour la r\u00e9installation.<\/li>\n<\/ul>\n<\/div>\n<\/div>\n<\/div>\n<\/div>\n\n\n\n<h3 class=\"wp-block-heading\">Recevoir et traiter les soumissions<\/h3>\n\n\n\n<div class=\"wp-block-group bluebox is-layout-flow wp-block-group-is-layout-flow\">\n<p>D\u00e8s r\u00e9ception d\u2019une demande de r\u00e9installation, points focaux de l\u2019unit\u00e9 de r\u00e9installation entreprennent les actions suivantes, conform\u00e9ment aux POS&nbsp;:<\/p>\n\n\n\n<ul class=\"wp-block-list\">\n<li><strong>Effectuer les enqu\u00eates pr\u00e9liminaires ou les clarifications<\/strong> n\u00e9cessaires aupr\u00e8s de la partie requ\u00e9rante.<\/li>\n\n\n\n<li><strong>V\u00e9rifier que la\/les personne(s) recommand\u00e9e(s) est\/sont enregistr\u00e9e(s)<\/strong> et recherche(nt) les donn\u00e9es des <em>dossiers de r\u00e9installation<\/em> existants dans proGres.<\/li>\n\n\n\n<li><strong>Documenter la r\u00e9ception de <\/strong><em><strong>la soumission<\/strong><\/em><strong> dans proGres<\/strong><em><strong> <\/strong><\/em><strong>et cr\u00e9e un <\/strong><em><strong>dossier de r\u00e9installation<\/strong><\/em> (\u00e0 moins qu\u2019un <em>dossier de r\u00e9installation<\/em> actif n\u2019existe d\u00e9j\u00e0 ou qu\u2019une pr\u00e9c\u00e9dente saisine n\u2019ait \u00e9t\u00e9 examin\u00e9e avec une recommandation n\u00e9gative d\u00e9j\u00e0 document\u00e9e dans le module de r\u00e9installation).<\/li>\n\n\n\n<li><strong>Saisir les d\u00e9tails de la soumission <\/strong>dans la section <em>D\u00e9tails du dossier<\/em> <em>du formulaire de r\u00e9installation <\/em>et <strong>attribuer une priorit\u00e9 de traitement<\/strong>, conform\u00e9ment aux SOPs.<\/li>\n\n\n\n<li><strong>Compl\u00e9ter l\u2019<\/strong><em><strong>\u00e9valuation des besoins<\/strong><\/em><strong> <\/strong>ou la confier au coll\u00e8gue comp\u00e9tent en mati\u00e8re de r\u00e9installation.<\/li>\n<\/ul>\n<\/div>\n\n\n\n<h3 class=\"wp-block-heading\">Identification des dossiers \u00e0 l\u2019aide de proGres<\/h3>\n\n\n\n<p>Afin d\u2019utiliser proGres comme un outil efficace d\u2019identification des cas, les donn\u00e9es personnelles qui y sont stock\u00e9es doivent \u00eatre exactes et \u00e0 jour<strong>.<\/strong> La composition de la famille et d\u2019autres donn\u00e9es cl\u00e9s doivent \u00eatre r\u00e9guli\u00e8rement v\u00e9rifi\u00e9es dans un contexte de non-r\u00e9installation, lors de l\u2019<a href=\"https:\/\/www.unhcr.org\/registration-guidance\/chapter8\/continuous-registration-in-unhcr-operations\/\">enregistrement continu<\/a>, de la prise en charge des cas et de la distribution de l\u2019aide, et\/ou par le biais de mises \u00e0 jour effectu\u00e9es par des partenaires ext\u00e9rieurs. Ces donn\u00e9es sont confirm\u00e9es lors de l\u2019<em>\u00e9valuation des besoins <\/em>et de l\u2019<em>entretien de r\u00e9installation<\/em>.<\/p>\n\n\n\n<p><strong>ProGres est particuli\u00e8rement bien adapt\u00e9 \u00e0 l\u2019identification des cas de r\u00e9installation en fonction de certains crit\u00e8res pr\u00e9d\u00e9finis <\/strong>(par exemple, la date d\u2019arriv\u00e9e et le pays d\u2019origine), notamment dans le contexte des demandes de r\u00e9installation group\u00e9es. proGres permet de cr\u00e9er des listes bloqu\u00e9es bas\u00e9es sur des crit\u00e8res sp\u00e9cifiques, qui permettent aux coll\u00e8gues charg\u00e9s de la r\u00e9installation de contacter les r\u00e9fugi\u00e9s qui sont <em>a priori<\/em> \u00e9ligibles pour un exercice de r\u00e9installation particulier, afin de d\u00e9terminer leur int\u00e9r\u00eat et leur aptitude \u00e0 \u00eatre pris en consid\u00e9ration pour la r\u00e9installation. Il est g\u00e9n\u00e9ralement d\u00e9conseill\u00e9 de s\u2019appuyer sur les donn\u00e9es relatives aux besoins sp\u00e9cifiques dans proGres pour l\u2019identification des cas, dans la mesure o\u00f9 ces donn\u00e9es peuvent devenir rapidement obsol\u00e8tes. &nbsp;<\/p>\n\n\n\n<p><strong>ProGres soutient \u00e9galement l\u2019identification r\u00e9guli\u00e8re des cas de r\u00e9installation dans les situations o\u00f9 les soumissions internes et externes sont peu nombreuses<\/strong>. Il est toutefois important, \u00e0 plus long terme, de travailler avec les unit\u00e9s fonctionnelles et les partenaires au renforcement des m\u00e9canismes de soumission afin d\u2019am\u00e9liorer l\u2019identification des cas de r\u00e9installation dans le cadre d\u2019une r\u00e9ponse de protection plus large.<\/p>\n\n\n\n<p><strong>ProGres est \u00e9galement utile en tant que source d\u2019informations suppl\u00e9mentaires sur les personnes soumises pour <\/strong>la r\u00e9installation par le biais de m\u00e9canismes&nbsp; internes ou externes. La consultation des donn\u00e9es personnelles dans proGres peut ainsi renforcer la soumission, r\u00e9v\u00e9ler des points \u00e0 clarifier avant de poursuivre, voire indiquer qu\u2019un r\u00e9fugi\u00e9 <em>ne<\/em> devrait <em>pas<\/em> \u00eatre prioritaire pour la r\u00e9installation. Il peut s\u2019agir, par exemple, d\u2019un <a href=\"https:\/\/www.unhcr.org\/resettlement-handbook\/3-protection-risks-and-the-resettlement-submission-categories\/3-4-women-and-girls-at-risk\/\">mariage polygame<\/a>, d\u2019un <a href=\"https:\/\/www.unhcr.org\/resettlement-handbook\/3-protection-risks-and-the-resettlement-submission-categories\/3-4-women-and-girls-at-risk\/\">mariage d\u2019enfants<\/a>, d\u2019un soutien continu \u00e0 une approche compl\u00e9mentaire ou d\u2019une r\u00e9installation ant\u00e9rieure envisag\u00e9e.<\/p>\n\n\n\n<p>Dans la mesure du possible, les donn\u00e9es d\u2019enregistrement des personnes et des membres de leur famille doivent \u00eatre v\u00e9rifi\u00e9es et mises \u00e0 jour en permanence dans un <em>contexte de non-r\u00e9installation<\/em>. Cette pr\u00e9caution permet d\u2019\u00e9viter de susciter des attentes en mati\u00e8re de r\u00e9installation tout en garantissant que les donn\u00e9es biographiques, les caract\u00e9ristiques personnelles et les relations familiales sont exactes, compl\u00e8tes et fiables avant le d\u00e9but du processus de r\u00e9installation. Les donn\u00e9es d\u2019enregistrement incompl\u00e8tes ou inexactes sont une cause fr\u00e9quente d\u2019inefficacit\u00e9 dans le traitement des demandes de r\u00e9installation.<\/p>\n","protected":false},"excerpt":{"rendered":"<p>Vers une diversit\u00e9 de m\u00e9thodes d\u2019identification des cas de r\u00e9installation L\u2019identification et l\u2019orientation en temps voulu des r\u00e9fugi\u00e9s en vue de leur r\u00e9installation est une responsabilit\u00e9 partag\u00e9e entre toutes les unit\u00e9s fonctionnelles du HCR. Bien que chaque bureau aborde l\u2019identification des cas de r\u00e9installation diff\u00e9remment en fonction des facteurs sp\u00e9cifiques au contexte et des opportunit\u00e9s [&hellip;]<\/p>\n","protected":false},"author":785,"featured_media":0,"parent":5323,"menu_order":0,"comment_status":"closed","ping_status":"closed","template":"page-template-chapter.php","meta":{"_acf_changed":false,"_et_pb_use_builder":"off","_et_pb_old_content":"","_et_gb_content_width":"","footnotes":""},"class_list":["post-6303","page","type-page","status-publish","hentry"],"acf":[],"_links":{"self":[{"href":"https:\/\/www.unhcr.org\/resettlement-handbook\/fr\/wp-json\/wp\/v2\/pages\/6303","targetHints":{"allow":["GET"]}}],"collection":[{"href":"https:\/\/www.unhcr.org\/resettlement-handbook\/fr\/wp-json\/wp\/v2\/pages"}],"about":[{"href":"https:\/\/www.unhcr.org\/resettlement-handbook\/fr\/wp-json\/wp\/v2\/types\/page"}],"author":[{"embeddable":true,"href":"https:\/\/www.unhcr.org\/resettlement-handbook\/fr\/wp-json\/wp\/v2\/users\/785"}],"replies":[{"embeddable":true,"href":"https:\/\/www.unhcr.org\/resettlement-handbook\/fr\/wp-json\/wp\/v2\/comments?post=6303"}],"version-history":[{"count":6,"href":"https:\/\/www.unhcr.org\/resettlement-handbook\/fr\/wp-json\/wp\/v2\/pages\/6303\/revisions"}],"predecessor-version":[{"id":6333,"href":"https:\/\/www.unhcr.org\/resettlement-handbook\/fr\/wp-json\/wp\/v2\/pages\/6303\/revisions\/6333"}],"up":[{"embeddable":true,"href":"https:\/\/www.unhcr.org\/resettlement-handbook\/fr\/wp-json\/wp\/v2\/pages\/5323"}],"wp:attachment":[{"href":"https:\/\/www.unhcr.org\/resettlement-handbook\/fr\/wp-json\/wp\/v2\/media?parent=6303"}],"curies":[{"name":"wp","href":"https:\/\/api.w.org\/{rel}","templated":true}]}}