{"id":1980,"date":"2019-08-26T13:20:54","date_gmt":"2019-08-26T13:20:54","guid":{"rendered":"https:\/\/www.unhcr.org\/steppingup\/call-to-action\/"},"modified":"2019-09-01T19:51:01","modified_gmt":"2019-09-01T19:51:01","slug":"call-to-action","status":"publish","type":"page","link":"https:\/\/www.unhcr.org\/steppingup\/fr\/call-to-action\/","title":{"rendered":"APPEL \u00c0 L\u2019ACTION"},"content":{"rendered":"<p>[et_pb_section bb_built=\u00a0\u00bb1&Prime; background_color=\u00a0\u00bb#f4f4f4&Prime; _builder_version=\u00a0\u00bb3.17.6&Prime; background_image=\u00a0\u00bbhttps:\/\/www.unhcr.org\/steppingup\/wp-content\/uploads\/sites\/76\/2019\/08\/bkg-calltoaction-b.jpg\u00a0\u00bb custom_padding_last_edited=\u00a0\u00bboff|desktop\u00a0\u00bb module_class=\u00a0\u00bbfullheightsection\u00a0\u00bb parallax=\u00a0\u00bbon\u00a0\u00bb next_background_color=\u00a0\u00bb#ffffff\u00a0\u00bb][et_pb_row _builder_version=\u00a0\u00bb3.0.89&Prime; background_size=\u00a0\u00bbinitial\u00a0\u00bb background_position=\u00a0\u00bbtop_left\u00a0\u00bb background_repeat=\u00a0\u00bbrepeat\u00a0\u00bb][et_pb_column type=\u00a0\u00bb2_3&Prime;][et_pb_text admin_label=\u00a0\u00bbCall to action\u00a0\u00bb background_layout=\u00a0\u00bbdark\u00a0\u00bb max_width=\u00a0\u00bb400px\u00a0\u00bb _builder_version=\u00a0\u00bb3.17.6&Prime; custom_padding=\u00a0\u00bb20px|20px|20px|20px\u00a0\u00bb module_alignment=\u00a0\u00bbleft\u00a0\u00bb module_class=\u00a0\u00bbintro\u00a0\u00bb]<\/p>\n<h1 style=\"margin-top: 0;\">APPEL \u00c0 <br \/>L\u2019ACTIONN<\/h1>\n<p>[\/et_pb_text][\/et_pb_column][et_pb_column type=\u00a0\u00bb1_3&Prime;][\/et_pb_column][\/et_pb_row][\/et_pb_section][et_pb_section bb_built=\u00a0\u00bb1&Prime; custom_padding=\u00a0\u00bb20px|||\u00a0\u00bb _builder_version=\u00a0\u00bb3.0.50&Prime; prev_background_color=\u00a0\u00bb#f4f4f4&Prime; next_background_color=\u00a0\u00bb#ececec\u00a0\u00bb][et_pb_row custom_padding=\u00a0\u00bb0px||0px|\u00a0\u00bb background_position_1=\u00a0\u00bbtop_left\u00a0\u00bb background_position_2=\u00a0\u00bbtop_left\u00a0\u00bb background_repeat_1=\u00a0\u00bbno-repeat\u00a0\u00bb background_repeat_2=\u00a0\u00bbno-repeat\u00a0\u00bb _builder_version=\u00a0\u00bb3.0.51&Prime; background_size=\u00a0\u00bbinitial\u00a0\u00bb background_position=\u00a0\u00bbtop_left\u00a0\u00bb background_repeat=\u00a0\u00bbrepeat\u00a0\u00bb][et_pb_column type=\u00a0\u00bb4_4&Prime;][et_pb_text admin_label=\u00a0\u00bbcaption\u00a0\u00bb module_class=\u00a0\u00bbcaption\u00a0\u00bb _builder_version=\u00a0\u00bb3.17.6&Prime; text_font_size=\u00a0\u00bb12px\u00a0\u00bb module_alignment=\u00a0\u00bbright\u00a0\u00bb]<\/p>\n<p>Un jeune \u00e9l\u00e8ve dans une \u00e9cole de Paraguachon (Colombie), qui accueille des r\u00e9fugi\u00e9s v\u00e9n\u00e9zu\u00e9liens et des enfants issus de la population locale. \u00a9 HCR\/VINCENT TREMEAU<\/p>\n<p>[\/et_pb_text][\/et_pb_column][\/et_pb_row][et_pb_row _builder_version=\u00a0\u00bb3.0.89&Prime; custom_width_px=\u00a0\u00bb800px\u00a0\u00bb use_custom_width=\u00a0\u00bbon\u00a0\u00bb][et_pb_column type=\u00a0\u00bb4_4&Prime;][et_pb_text admin_label=\u00a0\u00bbintro\u00a0\u00bb disabled_on=\u00a0\u00bb||off\u00a0\u00bb _builder_version=\u00a0\u00bb3.17.6&Prime; header_font_size_tablet=\u00a0\u00bb60&Prime; header_font_size_last_edited=\u00a0\u00bboff|desktop\u00a0\u00bb disabled=\u00a0\u00bboff\u00a0\u00bb header_font_size_phone=\u00a0\u00bb36&Prime; header_2_font_size_last_edited=\u00a0\u00bboff|desktop\u00a0\u00bb]<\/p>\n<h3>La scolarisation des r\u00e9fugi\u00e9s ne s\u2019am\u00e9liorera pas sans un effort concert\u00e9 et coordonn\u00e9 \u00e0 tous les niveaux de la soci\u00e9t\u00e9 \u2013 gouvernements, entreprises, \u00e9coles et universit\u00e9s, organisations caritatives et membres de la population.<\/h3>\n<p>[\/et_pb_text][\/et_pb_column][\/et_pb_row][et_pb_row _builder_version=\u00a0\u00bb3.0.89&Prime; custom_width_px=\u00a0\u00bb800px\u00a0\u00bb background_color_1=\u00a0\u00bb#f4f4f4&Prime; background_color_2=\u00a0\u00bb#f4f4f4&Prime; background_color_3=\u00a0\u00bb#f4f4f4&Prime; make_equal=\u00a0\u00bbon\u00a0\u00bb][et_pb_column type=\u00a0\u00bb1_3&Prime;][et_pb_text _builder_version=\u00a0\u00bb3.17.6&Prime; custom_padding=\u00a0\u00bb30px|30px|30px|30px\u00a0\u00bb]<\/p>\n<h3 style=\"text-align: center;\"><strong>GOUVERNEMENTS<\/strong><\/h3>\n<ul>\n<li>Autoriser les r\u00e9fugi\u00e9s \u00e0 s\u2019inscrire dans les \u00e9coles aux m\u00eames conditions que les nationaux<\/li>\n<li>Inclure les r\u00e9fugi\u00e9s dans les syst\u00e8mes \u00e9ducatifs nationaux\u00a0; veiller \u00e0 ce qu\u2019ils suivent les programmes scolaires nationaux<\/li>\n<li>Donner aux r\u00e9fugi\u00e9s acc\u00e8s \u00e0 l\u2019\u00e9cole m\u00eame s\u2019ils n\u2019ont pas de documents ou de certificats<\/li>\n<li>\u00c9laborer des politiques et allouer des budgets pour l\u2019\u00e9ducation des r\u00e9fugi\u00e9s dans les plans nationaux<\/li>\n<li>Veiller \u00e0 ce que les r\u00e9fugi\u00e9s puissent pr\u00e9senter les examens nationaux et obtenir des dipl\u00f4mes reconnus<\/li>\n<li>Garantir l\u2019\u00e9galit\u00e9 d\u2019acc\u00e8s \u00e0 l\u2019enseignement pour les filles r\u00e9fugi\u00e9es<\/li>\n<li>Veiller \u00e0 ce que les communaut\u00e9s d\u2019accueil b\u00e9n\u00e9ficient \u00e9galement du financement de l\u2019\u00e9ducation<\/li>\n<\/ul>\n<p>[\/et_pb_text][\/et_pb_column][et_pb_column type=\u00a0\u00bb1_3&Prime;][et_pb_text _builder_version=\u00a0\u00bb3.17.6&Prime; custom_padding=\u00a0\u00bb30px|30px|30px|30px\u00a0\u00bb]<\/p>\n<h3 style=\"text-align: center;\"><strong>\u00c9COLES<\/strong><\/h3>\n<ul>\n<li>Faire bon accueil aux enfants r\u00e9fugi\u00e9s<\/li>\n<li>Organiser des cours de langue pour les r\u00e9fugi\u00e9s qui ne parlent pas la langue d\u2019enseignement<\/li>\n<li>Offrir des programmes de rattrapage aux r\u00e9fugi\u00e9s qui ont \u00e9t\u00e9 d\u00e9scolaris\u00e9s pendant des mois ou des ann\u00e9es<\/li>\n<li>Nouer un dialogue avec les familles des enfants r\u00e9fugi\u00e9s et les impliquer dans la vie de l\u2019\u00e9cole<\/li>\n<li>Donner aux professeurs la formation n\u00e9cessaire pour int\u00e9grer et instruire les enfants r\u00e9fugi\u00e9s<\/li>\n<li>Informer les autres enfants de l\u2019exp\u00e9rience v\u00e9cue des r\u00e9fugi\u00e9s et des d\u00e9plac\u00e9s<\/li>\n<\/ul>\n<p>[\/et_pb_text][\/et_pb_column][et_pb_column type=\u00a0\u00bb1_3&Prime;][et_pb_text _builder_version=\u00a0\u00bb3.17.6&Prime; custom_padding=\u00a0\u00bb30px|30px|30px|30px\u00a0\u00bb]<\/p>\n<h3 style=\"text-align: center;\"><strong>UNIVERSIT\u00c9S<\/strong><\/h3>\n<ul>\n<li>Offrir des bourses aux \u00e9tudiants r\u00e9fugi\u00e9s<\/li>\n<li>Cr\u00e9er et d\u00e9velopper des programmes d\u2019enseignement connect\u00e9s<\/li>\n<li>Soutenir les universit\u00e9s des principaux pays d\u2019accueil et travailler en partenariat avec elles<\/li>\n<li>Inciter les associations \u00e9tudiantes \u00e0 accueillir et \u00e0 soutenir les \u00e9tudiants r\u00e9fugi\u00e9s<\/li>\n<\/ul>\n<p>[\/et_pb_text][\/et_pb_column][\/et_pb_row][et_pb_row _builder_version=\u00a0\u00bb3.17.6&Prime; custom_width_px=\u00a0\u00bb800px\u00a0\u00bb background_color_1=\u00a0\u00bb#f4f4f4&Prime; background_color_2=\u00a0\u00bb#f4f4f4&Prime; make_equal=\u00a0\u00bbon\u00a0\u00bb background_color_3=\u00a0\u00bb#f4f4f4&Prime;][et_pb_column type=\u00a0\u00bb1_3&Prime;][et_pb_text _builder_version=\u00a0\u00bb3.17.6&Prime; custom_padding=\u00a0\u00bb30px|30px|30px|30px\u00a0\u00bb]<\/p>\n<h3 style=\"text-align: center;\"><strong>ENTREPRISES<\/strong><\/h3>\n<ul>\n<li>Offrir des stages, des contrats d\u2019apprentissage, des formations et des emplois aux r\u00e9fugi\u00e9s<\/li>\n<li>S\u2019associer au HCR pour investir dans des initiatives \u00e9ducatives destin\u00e9es aux r\u00e9fugi\u00e9s<\/li>\n<li>Offrir une expertise technologique pour renforcer les projets \u00e9ducatifs<\/li>\n<li>Financer et fournir des ressources en nature<\/li>\n<\/ul>\n<p>[\/et_pb_text][\/et_pb_column][et_pb_column type=\u00a0\u00bb1_3&Prime;][et_pb_text _builder_version=\u00a0\u00bb3.17.6&Prime; custom_padding=\u00a0\u00bb30px|30px|30px|30px\u00a0\u00bb]<\/p>\n<h3 style=\"text-align: center;\"><strong>DONATEURS<\/strong><\/h3>\n<ul>\n<li>Int\u00e9grer le financement de l\u2019\u00e9ducation dans la planification de base pour toutes les op\u00e9rations d\u2019aide aux r\u00e9fugi\u00e9s<\/li>\n<li>Financer des programmes \u00e9ducatifs calqu\u00e9s sur ceux du syst\u00e8me national plut\u00f4t que des syst\u00e8mes d\u2019enseignement parall\u00e8les<\/li>\n<li>Assurer un financement pluriannuel fiable<\/li>\n<li>Soutenir la formation des enseignants, y compris des enseignants r\u00e9fugi\u00e9s<\/li>\n<li>Investir dans les infrastructures et les fournitures scolaires<\/li>\n<\/ul>\n<p>[\/et_pb_text][\/et_pb_column][et_pb_column type=\u00a0\u00bb1_3&Prime;][et_pb_text _builder_version=\u00a0\u00bb3.17.6&Prime; custom_padding=\u00a0\u00bb30px|30px|30px|30px\u00a0\u00bb]<\/p>\n<h3 style=\"text-align: center;\"><strong>GRAND PUBLIC<\/strong><\/h3>\n<ul>\n<li>Appuyer l\u2019action du HCR et de ses partenaires par des dons<\/li>\n<li>Faire pression sur les gouvernements pour qu\u2019ils facilitent l\u2019int\u00e9gration des r\u00e9fugi\u00e9s dans les syst\u00e8mes nationaux<\/li>\n<li>Aider les r\u00e9fugi\u00e9s \u00e0 apprendre une nouvelle langue et \u00e0 acqu\u00e9rir des comp\u00e9tences<\/li>\n<\/ul>\n<p>[\/et_pb_text][\/et_pb_column][\/et_pb_row][\/et_pb_section][et_pb_section bb_built=\u00a0\u00bb1&Prime; background_color=\u00a0\u00bb#ececec\u00a0\u00bb custom_padding=\u00a0\u00bb0px|0px|30px|0px\u00a0\u00bb _builder_version=\u00a0\u00bb3.0.89&Prime; prev_background_color=\u00a0\u00bb#ffffff\u00a0\u00bb][et_pb_row custom_padding=\u00a0\u00bb||0px|\u00a0\u00bb background_position_1=\u00a0\u00bbtop_left\u00a0\u00bb background_position_2=\u00a0\u00bbtop_left\u00a0\u00bb background_position_3=\u00a0\u00bbtop_left\u00a0\u00bb background_repeat_1=\u00a0\u00bbno-repeat\u00a0\u00bb background_repeat_2=\u00a0\u00bbno-repeat\u00a0\u00bb background_repeat_3=\u00a0\u00bbno-repeat\u00a0\u00bb _builder_version=\u00a0\u00bb3.17.6&Prime; background_size=\u00a0\u00bbinitial\u00a0\u00bb background_position=\u00a0\u00bbtop_left\u00a0\u00bb background_repeat=\u00a0\u00bbrepeat\u00a0\u00bb][et_pb_column type=\u00a0\u00bb1_3&Prime;][et_pb_blurb admin_label=\u00a0\u00bbFR Intro\u00a0\u00bb title=\u00a0\u00bbPREFACE Par Filippo Grandi, Haut Commissaire des Nations Unies pour les r\u00e9fugi\u00e9s\u00a0\u00bb url=\u00a0\u00bbhttps:\/\/www.unhcr.org\/steppingup\/fr\/\u00a0\u00bb image=\u00a0\u00bbhttps:\/\/www.unhcr.org\/steppingup\/wp-content\/uploads\/sites\/76\/2018\/08\/tb-intro.jpg\u00a0\u00bb animation=\u00a0\u00bboff\u00a0\u00bb text_orientation=\u00a0\u00bbcenter\u00a0\u00bb _builder_version=\u00a0\u00bb3.17.6&Prime; background_color=\u00a0\u00bb#ffffff\u00a0\u00bb border_style=\u00a0\u00bbsolid\u00a0\u00bb max_width_tablet=\u00a0\u00bb50px\u00a0\u00bb saved_tabs=\u00a0\u00bball\u00a0\u00bb link_option_url=\u00a0\u00bbhttps:\/\/www.unhcr.org\/steppingup\/fr\/\u00a0\u00bb global_module=\u00a0\u00bb2027&Prime; \/][\/et_pb_column][et_pb_column type=\u00a0\u00bb1_3&Prime;][et_pb_blurb admin_label=\u00a0\u00bbFR CH1&Prime; title=\u00a0\u00bbCOMBLER LE FOSS\u00c9\u00a0\u00bb url=\u00a0\u00bbhttps:\/\/www.unhcr.org\/steppingup\/fr\/primary-education-closing-the-gap\/\u00a0\u00bb image=\u00a0\u00bbhttps:\/\/www.unhcr.org\/steppingup\/wp-content\/uploads\/sites\/76\/2018\/08\/tb-ch1.jpg\u00a0\u00bb animation=\u00a0\u00bboff\u00a0\u00bb text_orientation=\u00a0\u00bbcenter\u00a0\u00bb _builder_version=\u00a0\u00bb3.17.6&Prime; background_color=\u00a0\u00bb#ffffff\u00a0\u00bb max_width_tablet=\u00a0\u00bb50px\u00a0\u00bb saved_tabs=\u00a0\u00bball\u00a0\u00bb link_option_url=\u00a0\u00bbhttps:\/\/www.unhcr.org\/steppingup\/fr\/primary-education-closing-the-gap\/\u00a0\u00bb global_module=\u00a0\u00bb2022&Prime; \/][\/et_pb_column][et_pb_column type=\u00a0\u00bb1_3&Prime;][et_pb_blurb admin_label=\u00a0\u00bbFR CH2&Prime; title=\u00a0\u00bbDES AVENIRS PERDUS\u00a0\u00bb url=\u00a0\u00bbhttps:\/\/www.unhcr.org\/steppingup\/fr\/secondary-education-lost-futures\/\u00a0\u00bb image=\u00a0\u00bbhttps:\/\/www.unhcr.org\/steppingup\/wp-content\/uploads\/sites\/76\/2018\/08\/tb-ch2.jpg\u00a0\u00bb animation=\u00a0\u00bboff\u00a0\u00bb text_orientation=\u00a0\u00bbcenter\u00a0\u00bb _builder_version=\u00a0\u00bb3.17.6&Prime; background_color=\u00a0\u00bb#ffffff\u00a0\u00bb border_style=\u00a0\u00bbsolid\u00a0\u00bb max_width_tablet=\u00a0\u00bb50px\u00a0\u00bb saved_tabs=\u00a0\u00bball\u00a0\u00bb link_option_url=\u00a0\u00bbhttps:\/\/www.unhcr.org\/steppingup\/fr\/secondary-education-lost-futures\/\u00a0\u00bb global_module=\u00a0\u00bb2023&Prime; \/][\/et_pb_column][\/et_pb_row][et_pb_row make_equal=\u00a0\u00bbon\u00a0\u00bb background_position_1=\u00a0\u00bbtop_left\u00a0\u00bb background_position_2=\u00a0\u00bbtop_left\u00a0\u00bb background_position_3=\u00a0\u00bbtop_left\u00a0\u00bb background_repeat_1=\u00a0\u00bbno-repeat\u00a0\u00bb background_repeat_2=\u00a0\u00bbno-repeat\u00a0\u00bb background_repeat_3=\u00a0\u00bbno-repeat\u00a0\u00bb _builder_version=\u00a0\u00bb3.0.51&Prime; background_size=\u00a0\u00bbinitial\u00a0\u00bb background_position=\u00a0\u00bbtop_left\u00a0\u00bb background_repeat=\u00a0\u00bbrepeat\u00a0\u00bb][et_pb_column type=\u00a0\u00bb1_3&Prime;][et_pb_blurb admin_label=\u00a0\u00bbFR CH3&Prime; title=\u00a0\u00bbHORS DE PORT\u00c9E\u00a0\u00bb url=\u00a0\u00bbhttps:\/\/www.unhcr.org\/steppingup\/fr\/tertiary-education-out-of-reach\/\u00a0\u00bb image=\u00a0\u00bbhttps:\/\/www.unhcr.org\/steppingup\/wp-content\/uploads\/sites\/76\/2018\/08\/tb-ch3.jpg\u00a0\u00bb animation=\u00a0\u00bboff\u00a0\u00bb text_orientation=\u00a0\u00bbcenter\u00a0\u00bb _builder_version=\u00a0\u00bb3.17.6&Prime; background_color=\u00a0\u00bb#ffffff\u00a0\u00bb border_style=\u00a0\u00bbsolid\u00a0\u00bb max_width_tablet=\u00a0\u00bb50px\u00a0\u00bb saved_tabs=\u00a0\u00bball\u00a0\u00bb link_option_url=\u00a0\u00bbhttps:\/\/www.unhcr.org\/steppingup\/fr\/tertiary-education-out-of-reach\/\u00a0\u00bb global_module=\u00a0\u00bb2024&Prime; \/][\/et_pb_column][et_pb_column type=\u00a0\u00bb1_3&Prime;][et_pb_blurb admin_label=\u00a0\u00bbFR Final Word\u00a0\u00bb title=\u00a0\u00bbCONCLUSION  Par Gordon Brown, Envoy\u00e9 sp\u00e9cial des Nations Unies pour l\u2019\u00e9ducation mondiale\u00a0\u00bb url=\u00a0\u00bbhttps:\/\/www.unhcr.org\/steppingup\/fr\/final-word\/\u00a0\u00bb image=\u00a0\u00bbhttps:\/\/www.unhcr.org\/steppingup\/wp-content\/uploads\/sites\/76\/2018\/08\/tb-finalword.jpg\u00a0\u00bb animation=\u00a0\u00bboff\u00a0\u00bb text_orientation=\u00a0\u00bbcenter\u00a0\u00bb _builder_version=\u00a0\u00bb3.17.6&Prime; background_color=\u00a0\u00bb#ffffff\u00a0\u00bb border_style=\u00a0\u00bbsolid\u00a0\u00bb max_width_tablet=\u00a0\u00bb50px\u00a0\u00bb saved_tabs=\u00a0\u00bball\u00a0\u00bb link_option_url=\u00a0\u00bbhttps:\/\/www.unhcr.org\/steppingup\/fr\/final-word\/\u00a0\u00bb global_module=\u00a0\u00bb2026&Prime; \/][\/et_pb_column][et_pb_column type=\u00a0\u00bb1_3&Prime;][\/et_pb_column][\/et_pb_row][\/et_pb_section]<\/p>\n","protected":false},"excerpt":{"rendered":"<p>APPEL \u00c0 L\u2019ACTIONN Un jeune \u00e9l\u00e8ve dans une \u00e9cole de Paraguachon (Colombie), qui accueille des r\u00e9fugi\u00e9s v\u00e9n\u00e9zu\u00e9liens et des enfants issus de la population locale. \u00a9 HCR\/VINCENT TREMEAU La scolarisation des r\u00e9fugi\u00e9s ne s\u2019am\u00e9liorera pas sans un effort concert\u00e9 et coordonn\u00e9 \u00e0 tous les niveaux de la soci\u00e9t\u00e9 \u2013 gouvernements, entreprises, \u00e9coles et universit\u00e9s, organisations [&hellip;]<\/p>\n","protected":false},"author":1,"featured_media":1847,"parent":0,"menu_order":0,"comment_status":"closed","ping_status":"closed","template":"","meta":{"_et_pb_use_builder":"on","_et_pb_old_content":"","_et_gb_content_width":"","footnotes":""},"class_list":["post-1980","page","type-page","status-publish","has-post-thumbnail","hentry"],"_links":{"self":[{"href":"https:\/\/www.unhcr.org\/steppingup\/fr\/wp-json\/wp\/v2\/pages\/1980","targetHints":{"allow":["GET"]}}],"collection":[{"href":"https:\/\/www.unhcr.org\/steppingup\/fr\/wp-json\/wp\/v2\/pages"}],"about":[{"href":"https:\/\/www.unhcr.org\/steppingup\/fr\/wp-json\/wp\/v2\/types\/page"}],"author":[{"embeddable":true,"href":"https:\/\/www.unhcr.org\/steppingup\/fr\/wp-json\/wp\/v2\/users\/1"}],"replies":[{"embeddable":true,"href":"https:\/\/www.unhcr.org\/steppingup\/fr\/wp-json\/wp\/v2\/comments?post=1980"}],"version-history":[{"count":3,"href":"https:\/\/www.unhcr.org\/steppingup\/fr\/wp-json\/wp\/v2\/pages\/1980\/revisions"}],"predecessor-version":[{"id":2029,"href":"https:\/\/www.unhcr.org\/steppingup\/fr\/wp-json\/wp\/v2\/pages\/1980\/revisions\/2029"}],"wp:featuredmedia":[{"embeddable":true,"href":"https:\/\/www.unhcr.org\/steppingup\/fr\/wp-json\/wp\/v2\/media\/1847"}],"wp:attachment":[{"href":"https:\/\/www.unhcr.org\/steppingup\/fr\/wp-json\/wp\/v2\/media?parent=1980"}],"curies":[{"name":"wp","href":"https:\/\/api.w.org\/{rel}","templated":true}]}}