{"id":1660,"date":"2018-08-26T18:29:47","date_gmt":"2018-08-26T18:29:47","guid":{"rendered":"http:\/\/www.unhcr.org\/turnthetide\/call-to-action\/"},"modified":"2018-12-15T02:30:08","modified_gmt":"2018-12-15T02:30:08","slug":"call-to-action","status":"publish","type":"page","link":"https:\/\/www.unhcr.org\/turnthetide\/fr\/call-to-action\/","title":{"rendered":"Call to action"},"content":{"rendered":"<p>[et_pb_section bb_built=\u00a0\u00bb1&Prime; background_color=\u00a0\u00bb#f4f4f4&Prime; _builder_version=\u00a0\u00bb3.0.89&Prime; background_image=\u00a0\u00bbhttps:\/\/www.unhcr.org\/turnthetide\/wp-content\/uploads\/sites\/63\/2018\/08\/bkg-cta.jpg\u00a0\u00bb custom_padding_last_edited=\u00a0\u00bboff|desktop\u00a0\u00bb module_class=\u00a0\u00bbfullheightsection\u00a0\u00bb parallax=\u00a0\u00bbon\u00a0\u00bb next_background_color=\u00a0\u00bb#ffffff\u00a0\u00bb][et_pb_row _builder_version=\u00a0\u00bb3.0.89&Prime; background_size=\u00a0\u00bbinitial\u00a0\u00bb background_position=\u00a0\u00bbtop_left\u00a0\u00bb background_repeat=\u00a0\u00bbrepeat\u00a0\u00bb][et_pb_column type=\u00a0\u00bb2_3&Prime;][et_pb_text admin_label=\u00a0\u00bbCall to action\u00a0\u00bb background_layout=\u00a0\u00bbdark\u00a0\u00bb max_width=\u00a0\u00bb400px\u00a0\u00bb _builder_version=\u00a0\u00bb3.0.89&Prime; custom_padding=\u00a0\u00bb20px|20px|20px|20px\u00a0\u00bb module_alignment=\u00a0\u00bbleft\u00a0\u00bb module_class=\u00a0\u00bbintro\u00a0\u00bb]<\/p>\n<h1 style=\"margin-top: 0;\">Appel \u00e0 agir<\/h1>\n<p>[\/et_pb_text][\/et_pb_column][et_pb_column type=\u00a0\u00bb1_3&Prime;][\/et_pb_column][\/et_pb_row][\/et_pb_section][et_pb_section bb_built=\u00a0\u00bb1&Prime; custom_padding=\u00a0\u00bb20px|||\u00a0\u00bb _builder_version=\u00a0\u00bb3.0.50&Prime; prev_background_color=\u00a0\u00bb#f4f4f4&Prime; next_background_color=\u00a0\u00bb#ececec\u00a0\u00bb][et_pb_row custom_padding=\u00a0\u00bb0px||0px|\u00a0\u00bb background_position_1=\u00a0\u00bbtop_left\u00a0\u00bb background_position_2=\u00a0\u00bbtop_left\u00a0\u00bb background_repeat_1=\u00a0\u00bbno-repeat\u00a0\u00bb background_repeat_2=\u00a0\u00bbno-repeat\u00a0\u00bb _builder_version=\u00a0\u00bb3.0.51&Prime; background_size=\u00a0\u00bbinitial\u00a0\u00bb background_position=\u00a0\u00bbtop_left\u00a0\u00bb background_repeat=\u00a0\u00bbrepeat\u00a0\u00bb][et_pb_column type=\u00a0\u00bb4_4&Prime;][et_pb_text admin_label=\u00a0\u00bbcaption\u00a0\u00bb module_class=\u00a0\u00bbcaption\u00a0\u00bb _builder_version=\u00a0\u00bb3.0.89&Prime; text_font_size=\u00a0\u00bb12px\u00a0\u00bb background_layout=\u00a0\u00bblight\u00a0\u00bb module_alignment=\u00a0\u00bbright\u00a0\u00bb]<\/p>\n<p>\nMaryam, une r\u00e9fugi\u00e9e afghane \u00e2g\u00e9e de 9 ans, fr\u00e9quente une \u00e9cole primaire pour filles financ\u00e9e par le HCR dans le village de r\u00e9fugi\u00e9s de Khazana, \u00e0 Peshawar, au Pakistan. \u00a9 HCR\/A. Shahzad<\/p>\n<p>[\/et_pb_text][\/et_pb_column][\/et_pb_row][et_pb_row _builder_version=\u00a0\u00bb3.0.89&Prime; custom_width_px=\u00a0\u00bb800px\u00a0\u00bb background_color_1=\u00a0\u00bb#f4f4f4&Prime; background_color_2=\u00a0\u00bb#f4f4f4&Prime; background_color_3=\u00a0\u00bb#f4f4f4&Prime; make_equal=\u00a0\u00bbon\u00a0\u00bb][et_pb_column type=\u00a0\u00bb1_3&Prime;][et_pb_text _builder_version=\u00a0\u00bb3.0.89&Prime; background_layout=\u00a0\u00bblight\u00a0\u00bb custom_padding=\u00a0\u00bb30px|30px|30px|30px\u00a0\u00bb]<\/p>\n<h3 style=\"text-align: center;\"><strong>PARTICULIERS<\/strong><\/h3>\n<ul>\n<li>Soutenez l&rsquo;\u00e9ducation et l&rsquo;inclusion des r\u00e9fugi\u00e9s dans votre communaut\u00e9<\/li>\n<li>Engagez-vous avec votre gouvernement pour soutenir des politiques positives pour les r\u00e9fugi\u00e9s<\/li>\n<li>Aidez \u00e0 offrir une scolarit\u00e9 aux enfants r\u00e9fugi\u00e9s : <a href=\"https:\/\/donate.unhcr.org\/education\">donate.unhcr.org\/education<\/a><\/li>\n<\/ul>\n<p>[\/et_pb_text][\/et_pb_column][et_pb_column type=\u00a0\u00bb1_3&Prime;][et_pb_text _builder_version=\u00a0\u00bb3.0.89&Prime; background_layout=\u00a0\u00bblight\u00a0\u00bb custom_padding=\u00a0\u00bb30px|30px|30px|30px\u00a0\u00bb]<\/p>\n<h3 style=\"text-align: center;\"><strong>ENTREPRISES<\/strong><\/h3>\n<ul>\n<li>Lancez des initiatives d&rsquo;\u00e9ducation pour assurer une \u00e9ducation de qualit\u00e9 aux r\u00e9fugi\u00e9s<\/li>\n<li>Partagez votre expertise pour apporter de nouvelles id\u00e9es, coalitions et approches pour l&rsquo;\u00e9ducation des r\u00e9fugi\u00e9s<\/li>\n<li>Incluez les r\u00e9fugi\u00e9s dans votre formation, vos stages et vos programmes d\u2019emploi<\/li>\n<\/ul>\n<p>[\/et_pb_text][\/et_pb_column][et_pb_column type=\u00a0\u00bb1_3&Prime;][et_pb_text _builder_version=\u00a0\u00bb3.17.6&Prime; custom_padding=\u00a0\u00bb30px|30px|30px|30px\u00a0\u00bb]<\/p>\n<h3 style=\"text-align: center;\"><strong>PROFESSIONNELS DE L\u2019\u00c9DUCATION<\/strong><\/h3>\n<ul>\n<li>Adoptez une politique d&rsquo;int\u00e9gration des r\u00e9fugi\u00e9s dans les \u00e9coles nationales plut\u00f4t que de cr\u00e9er des syst\u00e8mes parall\u00e8les<\/li>\n<li>Coordonnez-vous avec les partenaires de l&rsquo;\u00e9ducation pour compl\u00e9ter les forces de chacun, \u00e9vitez les redondances et obtenez de meilleurs r\u00e9sultats pour les enfants<\/li>\n<\/ul>\n<p>[\/et_pb_text][\/et_pb_column][\/et_pb_row][et_pb_row _builder_version=\u00a0\u00bb3.0.89&Prime; custom_width_px=\u00a0\u00bb800px\u00a0\u00bb background_color_1=\u00a0\u00bb#f4f4f4&Prime; background_color_2=\u00a0\u00bb#f4f4f4&Prime; make_equal=\u00a0\u00bbon\u00a0\u00bb][et_pb_column type=\u00a0\u00bb1_3&Prime;][et_pb_text _builder_version=\u00a0\u00bb3.0.89&Prime; background_layout=\u00a0\u00bblight\u00a0\u00bb custom_padding=\u00a0\u00bb30px|30px|30px|30px\u00a0\u00bb]<\/p>\n<h3 style=\"text-align: center;\"><strong>PAYS H\u00d4TES<\/strong><\/h3>\n<ul>\n<li>Inscrivez les r\u00e9fugi\u00e9s dans les \u00e9coles publiques, surveillez leur inclusion et fournissez un soutien sp\u00e9cial si n\u00e9cessaire<\/li>\n<li>\u00c9liminez les barri\u00e8res qui bloquent l&rsquo;acc\u00e8s \u00e0 l&rsquo;\u00e9ducation, tels que l\u2019exigence de certificats de naissance et des certificats scolaires<\/li>\n<li>Prenez des dispositions pour les r\u00e9fugi\u00e9s dans les plans et budgets pluriannuels du secteur \u00e9ducatif<\/li>\n<\/ul>\n<p>[\/et_pb_text][\/et_pb_column][et_pb_column type=\u00a0\u00bb1_3&Prime;][et_pb_text _builder_version=\u00a0\u00bb3.17.6&Prime; custom_padding=\u00a0\u00bb30px|30px|30px|30px\u00a0\u00bb]<\/p>\n<h3 style=\"text-align: center;\"><strong>DONATEURS<\/strong><\/h3>\n<ul>\n<li>Engagez-vous pour un financement pluriannuel planifiable d\u00e8s la phase d\u2019urgence, afin qu\u2019aucun r\u00e9fugi\u00e9 ne soit exclu de l\u2019\u00e9cole en raison du manque de fonds<\/li>\n<li>\u00c9tablissez des liens clairs entre le financement et la programmation de l&rsquo;aide humanitaire et du d\u00e9veloppement<\/li>\n<\/ul>\n<p>[\/et_pb_text][\/et_pb_column][et_pb_column type=\u00a0\u00bb1_3&Prime;][\/et_pb_column][\/et_pb_row][\/et_pb_section][et_pb_section bb_built=\u00a0\u00bb1&Prime; background_color=\u00a0\u00bb#ececec\u00a0\u00bb custom_padding=\u00a0\u00bb0px|0px|30px|0px\u00a0\u00bb _builder_version=\u00a0\u00bb3.0.89&Prime; prev_background_color=\u00a0\u00bb#ffffff\u00a0\u00bb][et_pb_row custom_padding=\u00a0\u00bb0px||0px|\u00a0\u00bb background_position_1=\u00a0\u00bbtop_left\u00a0\u00bb background_position_2=\u00a0\u00bbtop_left\u00a0\u00bb background_position_3=\u00a0\u00bbtop_left\u00a0\u00bb background_repeat_1=\u00a0\u00bbno-repeat\u00a0\u00bb background_repeat_2=\u00a0\u00bbno-repeat\u00a0\u00bb background_repeat_3=\u00a0\u00bbno-repeat\u00a0\u00bb _builder_version=\u00a0\u00bb3.0.51&Prime; background_size=\u00a0\u00bbinitial\u00a0\u00bb background_position=\u00a0\u00bbtop_left\u00a0\u00bb background_repeat=\u00a0\u00bbrepeat\u00a0\u00bb][et_pb_column type=\u00a0\u00bb1_3&Prime;][et_pb_blurb admin_label=\u00a0\u00bbFR Intro\u00a0\u00bb title=\u00a0\u00bbIntroduction de Filippo Grandi \u00a0\u00bb url=\u00a0\u00bbhttps:\/\/www.unhcr.org\/turnthetide\/1-the-struggle-for-a-place-in-school\/\u00a0\u00bb image=\u00a0\u00bbhttps:\/\/www.unhcr.org\/turnthetide\/wp-content\/uploads\/sites\/63\/2018\/08\/blurb-intro.jpg\u00a0\u00bb animation=\u00a0\u00bboff\u00a0\u00bb text_orientation=\u00a0\u00bbcenter\u00a0\u00bb _builder_version=\u00a0\u00bb3.0.89&Prime; background_color=\u00a0\u00bb#ffffff\u00a0\u00bb url_new_window=\u00a0\u00bboff\u00a0\u00bb use_icon=\u00a0\u00bboff\u00a0\u00bb use_circle=\u00a0\u00bboff\u00a0\u00bb use_circle_border=\u00a0\u00bboff\u00a0\u00bb icon_placement=\u00a0\u00bbtop\u00a0\u00bb use_icon_font_size=\u00a0\u00bboff\u00a0\u00bb background_layout=\u00a0\u00bblight\u00a0\u00bb border_style=\u00a0\u00bbsolid\u00a0\u00bb max_width_tablet=\u00a0\u00bb50px\u00a0\u00bb saved_tabs=\u00a0\u00bball\u00a0\u00bb global_module=\u00a0\u00bb1667&Prime; border_style_all=\u00a0\u00bbsolid\u00a0\u00bb \/][\/et_pb_column][et_pb_column type=\u00a0\u00bb1_3&Prime;][et_pb_blurb admin_label=\u00a0\u00bbFR CH1&Prime; title=\u00a0\u00bbLa lutte pour une place \u00e0 l&rsquo;\u00e9cole\u00a0\u00bb url=\u00a0\u00bbhttps:\/\/www.unhcr.org\/turnthetide\/fr\/1-the-struggle-for-a-place-in-school\/\u00a0\u00bb image=\u00a0\u00bbhttps:\/\/www.unhcr.org\/turnthetide\/wp-content\/uploads\/sites\/63\/2018\/08\/blurb-ch1.jpg\u00a0\u00bb animation=\u00a0\u00bboff\u00a0\u00bb text_orientation=\u00a0\u00bbcenter\u00a0\u00bb _builder_version=\u00a0\u00bb3.0.89&Prime; background_color=\u00a0\u00bb#ffffff\u00a0\u00bb url_new_window=\u00a0\u00bboff\u00a0\u00bb use_icon=\u00a0\u00bboff\u00a0\u00bb use_circle=\u00a0\u00bboff\u00a0\u00bb use_circle_border=\u00a0\u00bboff\u00a0\u00bb icon_placement=\u00a0\u00bbtop\u00a0\u00bb use_icon_font_size=\u00a0\u00bboff\u00a0\u00bb background_layout=\u00a0\u00bblight\u00a0\u00bb border_style=\u00a0\u00bbsolid\u00a0\u00bb max_width_tablet=\u00a0\u00bb50px\u00a0\u00bb saved_tabs=\u00a0\u00bball\u00a0\u00bb global_module=\u00a0\u00bb1668&Prime; border_style_all=\u00a0\u00bbsolid\u00a0\u00bb \/][\/et_pb_column][et_pb_column type=\u00a0\u00bb1_3&Prime;][et_pb_blurb admin_label=\u00a0\u00bbFR CH2&Prime; title=\u00a0\u00bbAcc\u00e9der \u00e0 l\u2019enseignement secondaire\u00a0\u00bb url=\u00a0\u00bbhttps:\/\/www.unhcr.org\/turnthetide\/fr\/2-moving-up\/\u00a0\u00bb image=\u00a0\u00bbhttps:\/\/www.unhcr.org\/turnthetide\/wp-content\/uploads\/sites\/63\/2018\/08\/blurb-ch2.jpg\u00a0\u00bb animation=\u00a0\u00bboff\u00a0\u00bb text_orientation=\u00a0\u00bbcenter\u00a0\u00bb _builder_version=\u00a0\u00bb3.0.89&Prime; background_color=\u00a0\u00bb#ffffff\u00a0\u00bb url_new_window=\u00a0\u00bboff\u00a0\u00bb use_icon=\u00a0\u00bboff\u00a0\u00bb use_circle=\u00a0\u00bboff\u00a0\u00bb use_circle_border=\u00a0\u00bboff\u00a0\u00bb icon_placement=\u00a0\u00bbtop\u00a0\u00bb use_icon_font_size=\u00a0\u00bboff\u00a0\u00bb background_layout=\u00a0\u00bblight\u00a0\u00bb border_style=\u00a0\u00bbsolid\u00a0\u00bb max_width_tablet=\u00a0\u00bb50px\u00a0\u00bb saved_tabs=\u00a0\u00bball\u00a0\u00bb global_module=\u00a0\u00bb1669&Prime; border_style_all=\u00a0\u00bbsolid\u00a0\u00bb \/][\/et_pb_column][\/et_pb_row][et_pb_row make_equal=\u00a0\u00bbon\u00a0\u00bb background_position_1=\u00a0\u00bbtop_left\u00a0\u00bb background_position_2=\u00a0\u00bbtop_left\u00a0\u00bb background_position_3=\u00a0\u00bbtop_left\u00a0\u00bb background_repeat_1=\u00a0\u00bbno-repeat\u00a0\u00bb background_repeat_2=\u00a0\u00bbno-repeat\u00a0\u00bb background_repeat_3=\u00a0\u00bbno-repeat\u00a0\u00bb _builder_version=\u00a0\u00bb3.0.51&Prime; background_size=\u00a0\u00bbinitial\u00a0\u00bb background_position=\u00a0\u00bbtop_left\u00a0\u00bb background_repeat=\u00a0\u00bbrepeat\u00a0\u00bb][et_pb_column type=\u00a0\u00bb1_3&Prime;][et_pb_blurb admin_label=\u00a0\u00bbFR CH3&Prime; title=\u00a0\u00bb\u00c9duquer les r\u00e9fugi\u00e9s est l&rsquo;affaire de tous\u00a0\u00bb url=\u00a0\u00bbhttps:\/\/www.unhcr.org\/turnthetide\/fr\/3-its-everyones-business-to-educate-refugees\/\u00a0\u00bb image=\u00a0\u00bbhttps:\/\/www.unhcr.org\/turnthetide\/wp-content\/uploads\/sites\/63\/2018\/08\/blurb-ch3.jpg\u00a0\u00bb animation=\u00a0\u00bboff\u00a0\u00bb text_orientation=\u00a0\u00bbcenter\u00a0\u00bb _builder_version=\u00a0\u00bb3.0.89&Prime; background_color=\u00a0\u00bb#ffffff\u00a0\u00bb url_new_window=\u00a0\u00bboff\u00a0\u00bb use_icon=\u00a0\u00bboff\u00a0\u00bb use_circle=\u00a0\u00bboff\u00a0\u00bb use_circle_border=\u00a0\u00bboff\u00a0\u00bb icon_placement=\u00a0\u00bbtop\u00a0\u00bb use_icon_font_size=\u00a0\u00bboff\u00a0\u00bb background_layout=\u00a0\u00bblight\u00a0\u00bb border_style=\u00a0\u00bbsolid\u00a0\u00bb max_width_tablet=\u00a0\u00bb50px\u00a0\u00bb saved_tabs=\u00a0\u00bball\u00a0\u00bb global_module=\u00a0\u00bb1670&Prime; border_style_all=\u00a0\u00bbsolid\u00a0\u00bb \/][\/et_pb_column][et_pb_column type=\u00a0\u00bb1_3&Prime;][et_pb_blurb admin_label=\u00a0\u00bbFR CH4&Prime; title=\u00a0\u00bbFaire \u00e9quipe avec la technologie\u00a0\u00bb url=\u00a0\u00bbhttps:\/\/www.unhcr.org\/turnthetide\/fr\/4-teaming-up-with-technology\/\u00a0\u00bb image=\u00a0\u00bbhttps:\/\/www.unhcr.org\/turnthetide\/wp-content\/uploads\/sites\/63\/2018\/08\/blurb-ch4.jpg\u00a0\u00bb animation=\u00a0\u00bboff\u00a0\u00bb text_orientation=\u00a0\u00bbcenter\u00a0\u00bb _builder_version=\u00a0\u00bb3.0.89&Prime; background_color=\u00a0\u00bb#ffffff\u00a0\u00bb url_new_window=\u00a0\u00bboff\u00a0\u00bb use_icon=\u00a0\u00bboff\u00a0\u00bb use_circle=\u00a0\u00bboff\u00a0\u00bb use_circle_border=\u00a0\u00bboff\u00a0\u00bb icon_placement=\u00a0\u00bbtop\u00a0\u00bb use_icon_font_size=\u00a0\u00bboff\u00a0\u00bb background_layout=\u00a0\u00bblight\u00a0\u00bb border_style=\u00a0\u00bbsolid\u00a0\u00bb max_width_tablet=\u00a0\u00bb50px\u00a0\u00bb saved_tabs=\u00a0\u00bball\u00a0\u00bb global_module=\u00a0\u00bb1671&Prime; border_style_all=\u00a0\u00bbsolid\u00a0\u00bb \/][\/et_pb_column][et_pb_column type=\u00a0\u00bb1_3&Prime;][et_pb_blurb admin_label=\u00a0\u00bbFR Final Word\u00a0\u00bb title=\u00a0\u00bbMessage de l&rsquo;Emissaire du HCR, Angelina Jolie \u00a0\u00bb url=\u00a0\u00bbhttps:\/\/www.unhcr.org\/turnthetide\/fr\/final-word-unhcr-special-envoy-angelina-jolie\/\u00a0\u00bb image=\u00a0\u00bbhttps:\/\/www.unhcr.org\/turnthetide\/wp-content\/uploads\/sites\/63\/2018\/08\/blurb-finalword.jpg\u00a0\u00bb animation=\u00a0\u00bboff\u00a0\u00bb text_orientation=\u00a0\u00bbcenter\u00a0\u00bb _builder_version=\u00a0\u00bb3.0.89&Prime; background_color=\u00a0\u00bb#ffffff\u00a0\u00bb url_new_window=\u00a0\u00bboff\u00a0\u00bb use_icon=\u00a0\u00bboff\u00a0\u00bb use_circle=\u00a0\u00bboff\u00a0\u00bb use_circle_border=\u00a0\u00bboff\u00a0\u00bb icon_placement=\u00a0\u00bbtop\u00a0\u00bb use_icon_font_size=\u00a0\u00bboff\u00a0\u00bb background_layout=\u00a0\u00bblight\u00a0\u00bb border_style=\u00a0\u00bbsolid\u00a0\u00bb max_width_tablet=\u00a0\u00bb50px\u00a0\u00bb saved_tabs=\u00a0\u00bball\u00a0\u00bb global_module=\u00a0\u00bb1672&Prime; border_style_all=\u00a0\u00bbsolid\u00a0\u00bb \/][\/et_pb_column][\/et_pb_row][\/et_pb_section]<\/p>\n","protected":false},"excerpt":{"rendered":"<p>Appel \u00e0 agir Maryam, une r\u00e9fugi\u00e9e afghane \u00e2g\u00e9e de 9 ans, fr\u00e9quente une \u00e9cole primaire pour filles financ\u00e9e par le HCR dans le village de r\u00e9fugi\u00e9s de Khazana, \u00e0 Peshawar, au Pakistan. \u00a9 HCR\/A. Shahzad PARTICULIERS Soutenez l&rsquo;\u00e9ducation et l&rsquo;inclusion des r\u00e9fugi\u00e9s dans votre communaut\u00e9 Engagez-vous avec votre gouvernement pour soutenir des politiques positives pour [&hellip;]<\/p>\n","protected":false},"author":1,"featured_media":0,"parent":0,"menu_order":0,"comment_status":"closed","ping_status":"closed","template":"","meta":{"_et_pb_use_builder":"on","_et_pb_old_content":"","_et_gb_content_width":"","footnotes":""},"class_list":["post-1660","page","type-page","status-publish","hentry"],"_links":{"self":[{"href":"https:\/\/www.unhcr.org\/turnthetide\/fr\/wp-json\/wp\/v2\/pages\/1660","targetHints":{"allow":["GET"]}}],"collection":[{"href":"https:\/\/www.unhcr.org\/turnthetide\/fr\/wp-json\/wp\/v2\/pages"}],"about":[{"href":"https:\/\/www.unhcr.org\/turnthetide\/fr\/wp-json\/wp\/v2\/types\/page"}],"author":[{"embeddable":true,"href":"https:\/\/www.unhcr.org\/turnthetide\/fr\/wp-json\/wp\/v2\/users\/1"}],"replies":[{"embeddable":true,"href":"https:\/\/www.unhcr.org\/turnthetide\/fr\/wp-json\/wp\/v2\/comments?post=1660"}],"version-history":[{"count":4,"href":"https:\/\/www.unhcr.org\/turnthetide\/fr\/wp-json\/wp\/v2\/pages\/1660\/revisions"}],"predecessor-version":[{"id":1812,"href":"https:\/\/www.unhcr.org\/turnthetide\/fr\/wp-json\/wp\/v2\/pages\/1660\/revisions\/1812"}],"wp:attachment":[{"href":"https:\/\/www.unhcr.org\/turnthetide\/fr\/wp-json\/wp\/v2\/media?parent=1660"}],"curies":[{"name":"wp","href":"https:\/\/api.w.org\/{rel}","templated":true}]}}