{"id":4923,"date":"2017-03-22T08:41:08","date_gmt":"2017-03-22T08:41:08","guid":{"rendered":"http:\/\/www.unhcr.org\/withrefugees\/about\/"},"modified":"2019-04-12T09:48:19","modified_gmt":"2019-04-12T09:48:19","slug":"about","status":"publish","type":"page","link":"https:\/\/www.unhcr.org\/withrefugees\/de\/about\/","title":{"rendered":"#WithRefugees Kampagne (about)"},"content":{"rendered":"<p>[et_pb_section bb_built=&#8221;1&#8243; custom_padding_last_edited=&#8221;on|desktop&#8221; _builder_version=&#8221;3.0.76&#8243; background_image=&#8221;https:\/\/www.unhcr.org\/withrefugees\/wp-content\/uploads\/2018WithRefugees_about-header_4.jpg&#8221; custom_padding=&#8221;246px|0px|46px|0px&#8221; custom_padding_tablet=&#8221;100px||100px|&#8221; transparent_background=&#8221;off&#8221; next_background_color=&#8221;#ffffff&#8221;][et_pb_row custom_padding=&#8221;36px|0px|0px|0px&#8221; _builder_version=&#8221;3.0.76&#8243; background_size=&#8221;initial&#8221; background_position=&#8221;top_left&#8221; background_repeat=&#8221;repeat&#8221;][et_pb_column type=&#8221;4_4&#8243;][et_pb_text background_layout=&#8221;dark&#8221; _builder_version=&#8221;3.5.1&#8243; background_size=&#8221;initial&#8221; background_position=&#8221;top_left&#8221; background_repeat=&#8221;repeat&#8221; text_orientation=&#8221;center&#8221; module_alignment=&#8221;center&#8221; custom_margin=&#8221;||0px|&#8221; custom_padding=&#8221;20px|20px|20px|20px&#8221;]<\/p>\n<h1><strong>#WithRefugees Kampagne<\/strong><\/h1>\n<p>[\/et_pb_text][\/et_pb_column][\/et_pb_row][\/et_pb_section][et_pb_section bb_built=&#8221;1&#8243; _builder_version=&#8221;3.0.47&#8243; custom_padding=&#8221;0px|0px|26px|0px&#8221; prev_background_color=&#8221;#000000&#8243; next_background_color=&#8221;#f4f4f4&#8243;][et_pb_row _builder_version=&#8221;3.0.47&#8243; background_size=&#8221;initial&#8221; background_position=&#8221;top_left&#8221; background_repeat=&#8221;repeat&#8221; _i=&#8221;0&#8243; _address=&#8221;1.0&#8243;][et_pb_column type=&#8221;4_4&#8243;][et_pb_text admin_label=&#8221;Text 800 centered column&#8221; module_class=&#8221;centercolumn maxwidth800&#8243; _builder_version=&#8221;3.5.1&#8243; background_size=&#8221;initial&#8221; background_position=&#8221;top_left&#8221; background_repeat=&#8221;repeat&#8221;]<\/p>\n<p><strong>Die #WithRefugees-Bewegung und ihre Mitglieder treten mit ihrem Engagement entschieden daf\u00fcr ein, sich mit Menschen auf der Flucht \u00fcberall auf der Welt solidarisch zu zeigen.<\/strong><\/p>\n<p>Unter den Mitgliedern sind Universit\u00e4ten, Stiftungen, Glaubensgemeinschaften, Jugendorganisationen, Unternehmen und NGOs. Die meisten von ihnen sind nicht explizit dem Fl\u00fcchtlingsschutz gewidmet, haben sich aber dennoch \u00f6ffentlich f\u00fcr Fl\u00fcchtlinge eingesetzt.<\/p>\n<p>Entscheidend ist, dass die Mitglieder anhand von konkreten Beispielen veranschaulichen, wie Fl\u00fcchtlinge unterst\u00fctzt werden k\u00f6nnen, besonders im Bereich Bildung, Unterkunft und Besch\u00e4ftigung. Sie kommen aus ganz unterschiedlichen Bereichen und helfen mit, die Botschaft von Toleranz und Inklusion in die Welt zu tragen.<\/p>\n<p>\u00dcber <strong>40 Millionen Aktionen<\/strong> wurden w\u00e4hrend der Kampagne seit 2016 in Solidarit\u00e4t mit Gefl\u00fcchteten umgesetzt &#8211; eine starke Koalition an Unters\u00fctzerInnen ist entstanden.<\/p>\n<p><a href=\"https:\/\/www.unhcr.org\/withrefugees\/de\/map\/\" target=\"_blank\" rel=\"noopener\"><strong>Aktivit\u00e4ten in Ihrer N\u00e4he ansehen<\/strong><\/a><\/p>\n<p>[\/et_pb_text][\/et_pb_column][\/et_pb_row][\/et_pb_section][et_pb_section bb_built=&#8221;1&#8243; background_color=&#8221;#f4f4f4&#8243; _builder_version=&#8221;3.5.1&#8243; custom_padding=&#8221;23px|0px|30px|0px&#8221; prev_background_color=&#8221;#ffffff&#8221; gutter_width=&#8221;3&#8243; disabled=&#8221;on&#8221; disabled_on=&#8221;on|on|on&#8221;][et_pb_row _builder_version=&#8221;3.0.47&#8243; background_size=&#8221;initial&#8221; background_position=&#8221;top_left&#8221; background_repeat=&#8221;repeat&#8221; _i=&#8221;0&#8243; _address=&#8221;2.0&#8243;][et_pb_column type=&#8221;4_4&#8243;][et_pb_text admin_label=&#8221;Text 800 centered column&#8221; module_class=&#8221;centercolumn&#8221; _builder_version=&#8221;3.5.1&#8243; background_size=&#8221;initial&#8221; background_position=&#8221;top_left&#8221; background_repeat=&#8221;repeat&#8221; max_width=&#8221;800px&#8221;]<\/p>\n<h3><strong>Wie wird der Globale Pakt f\u00fcr Fl\u00fcchtlinge unsere Arbeit in Fl\u00fcchtlingskrisen verbessern?<\/strong><\/h3>\n<p>Im Dezember 2018 hat die UN-Generalversammlung den Globalen Pakt f\u00fcr Fl\u00fcchtlinge angenommen. Unsere Kampagne geht weiter und wird nun zur globalen Bewegung f\u00fcr Solidarit\u00e4t mit Gefl\u00fcchteten.<\/p>\n<p>[\/et_pb_text][et_pb_video _builder_version=&#8221;3.5.1&#8243; src=&#8221;https:\/\/www.youtube.com\/watch?v=HWktmZMHexM&#8221; image_src=&#8221;\/\/i.ytimg.com\/vi\/HWktmZMHexM\/hqdefault.jpg&#8221; module_class=&#8221;centercolumn maxwidth800&#8243; \/][\/et_pb_column][\/et_pb_row][\/et_pb_section]<\/p>\n","protected":false},"excerpt":{"rendered":"<p>#WithRefugees Kampagne Die #WithRefugees-Bewegung und ihre Mitglieder treten mit ihrem Engagement entschieden daf\u00fcr ein, sich mit Menschen auf der Flucht \u00fcberall auf der Welt solidarisch zu zeigen. Unter den Mitgliedern sind Universit\u00e4ten, Stiftungen, Glaubensgemeinschaften, Jugendorganisationen, Unternehmen und NGOs. Die meisten von ihnen sind nicht explizit dem Fl\u00fcchtlingsschutz gewidmet, haben sich aber dennoch \u00f6ffentlich f\u00fcr Fl\u00fcchtlinge [&hellip;]<\/p>\n","protected":false},"author":2,"featured_media":5068,"parent":0,"menu_order":0,"comment_status":"closed","ping_status":"closed","template":"","meta":{"_et_pb_use_builder":"on","_et_pb_old_content":"","_et_gb_content_width":"","footnotes":"","_links_to":"","_links_to_target":""},"class_list":["post-4923","page","type-page","status-publish","has-post-thumbnail","hentry"],"_links":{"self":[{"href":"https:\/\/www.unhcr.org\/withrefugees\/de\/wp-json\/wp\/v2\/pages\/4923","targetHints":{"allow":["GET"]}}],"collection":[{"href":"https:\/\/www.unhcr.org\/withrefugees\/de\/wp-json\/wp\/v2\/pages"}],"about":[{"href":"https:\/\/www.unhcr.org\/withrefugees\/de\/wp-json\/wp\/v2\/types\/page"}],"author":[{"embeddable":true,"href":"https:\/\/www.unhcr.org\/withrefugees\/de\/wp-json\/wp\/v2\/users\/2"}],"replies":[{"embeddable":true,"href":"https:\/\/www.unhcr.org\/withrefugees\/de\/wp-json\/wp\/v2\/comments?post=4923"}],"version-history":[{"count":17,"href":"https:\/\/www.unhcr.org\/withrefugees\/de\/wp-json\/wp\/v2\/pages\/4923\/revisions"}],"predecessor-version":[{"id":8573,"href":"https:\/\/www.unhcr.org\/withrefugees\/de\/wp-json\/wp\/v2\/pages\/4923\/revisions\/8573"}],"wp:featuredmedia":[{"embeddable":true,"href":"https:\/\/www.unhcr.org\/withrefugees\/de\/wp-json\/wp\/v2\/media\/5068"}],"wp:attachment":[{"href":"https:\/\/www.unhcr.org\/withrefugees\/de\/wp-json\/wp\/v2\/media?parent=4923"}],"curies":[{"name":"wp","href":"https:\/\/api.w.org\/{rel}","templated":true}]}}