{"id":790,"date":"2017-03-22T08:41:08","date_gmt":"2017-03-22T08:41:08","guid":{"rendered":"http:\/\/www.unhcr.org\/withrefugees\/about\/"},"modified":"2019-04-04T21:37:28","modified_gmt":"2019-04-04T21:37:28","slug":"campana","status":"publish","type":"page","link":"https:\/\/www.unhcr.org\/withrefugees\/es\/campana\/","title":{"rendered":"Sobre la Campa\u00f1a #ConLosRefugiados"},"content":{"rendered":"<p>[et_pb_section bb_built=&#8221;1&#8243; background_image=&#8221;https:\/\/www.unhcr.org\/withrefugees\/wp-content\/uploads\/2018WithRefugees_about-header_4.jpg&#8221; custom_padding=&#8221;246px|0px|46px|0px&#8221; custom_padding_tablet=&#8221;100px||100px|&#8221; custom_padding_last_edited=&#8221;on|desktop&#8221; transparent_background=&#8221;off&#8221; _builder_version=&#8221;3.0.76&#8243; next_background_color=&#8221;#ffffff&#8221;][et_pb_row custom_padding=&#8221;36px|0px|0px|0px&#8221; background_position=&#8221;top_left&#8221; background_repeat=&#8221;repeat&#8221; background_size=&#8221;initial&#8221; _builder_version=&#8221;3.0.76&#8243;][et_pb_column type=&#8221;4_4&#8243;][et_pb_text background_layout=&#8221;dark&#8221; text_orientation=&#8221;center&#8221; custom_margin=&#8221;||0px|&#8221; custom_padding=&#8221;20px|20px|20px|20px&#8221; use_border_color=&#8221;off&#8221; module_alignment=&#8221;center&#8221; background_position=&#8221;top_left&#8221; background_repeat=&#8221;repeat&#8221; background_size=&#8221;initial&#8221; _builder_version=&#8221;3.5.1&#8243;]<\/p>\n<h1><strong>Sobre\u00a0#ConLosRefugiados<\/strong><\/h1>\n<p>[\/et_pb_text][\/et_pb_column][\/et_pb_row][\/et_pb_section][et_pb_section bb_built=&#8221;1&#8243; custom_padding=&#8221;0px|0px|26px|0px&#8221; _builder_version=&#8221;3.0.76&#8243; prev_background_color=&#8221;#000000&#8243; next_background_color=&#8221;#f4f4f4&#8243;][et_pb_row background_position=&#8221;top_left&#8221; background_repeat=&#8221;repeat&#8221; background_size=&#8221;initial&#8221;][et_pb_column type=&#8221;4_4&#8243;][et_pb_text admin_label=&#8221;Text 800 centered column&#8221; module_class=&#8221;centercolumn maxwidth800&#8243; use_border_color=&#8221;off&#8221; module_alignment=&#8221;left&#8221; background_position=&#8221;top_left&#8221; background_repeat=&#8221;repeat&#8221; background_size=&#8221;initial&#8221; _builder_version=&#8221;3.5.1&#8243;]<\/p>\n<p><strong>La coalici\u00f3n #ConLosRefugiados es una poderosa fuerza a favor del inspirador trabajo en solidaridad con las personas obligadas a huir en todo el mundo.<\/strong><\/p>\n<p>La <strong>Coalici\u00f3n<\/strong> cuenta con un diverso grupo de miembros que incluye universidades, fundaciones, organizaciones religiosas, grupos de j\u00f3venes, empresas y ONG. La mayor\u00eda de sus miembros no contempla el apoyo de los refugiados como parte expl\u00edcita de su mandato, pero han tomado medidas para apoyar p\u00fablicamente la causa de los refugiados.<\/p>\n<p>Es importante destacar que los <a href=\"https:\/\/www.unhcr.org\/withrefugees\/es\/coalicion\/\">miembros de la Coalici\u00f3n<\/a> muestran formas pr\u00e1cticas de apoyar a los refugiados, especialmente en los campos de la educaci\u00f3n, la vivienda y el empleo. Con su diversos miembros, la Coalici\u00f3n ayuda a amplificar un mensaje global de tolerancia e inclusi\u00f3n.<\/p>\n<p>[\/et_pb_text][\/et_pb_column][\/et_pb_row][\/et_pb_section][et_pb_section bb_built=&#8221;1&#8243; background_color=&#8221;#f4f4f4&#8243; custom_padding=&#8221;23px|0px|30px|0px&#8221; prev_background_color=&#8221;#ffffff&#8221; _builder_version=&#8221;3.5.1&#8243; disabled_on=&#8221;on|on|on&#8221; disabled=&#8221;on&#8221;][et_pb_row background_position=&#8221;top_left&#8221; background_repeat=&#8221;repeat&#8221; background_size=&#8221;initial&#8221;][et_pb_column type=&#8221;4_4&#8243;][et_pb_text admin_label=&#8221;Text 800 centered column&#8221; max_width=&#8221;800px&#8221; module_class=&#8221;centercolumn&#8221; use_border_color=&#8221;off&#8221; module_alignment=&#8221;left&#8221; background_position=&#8221;top_left&#8221; background_repeat=&#8221;repeat&#8221; background_size=&#8221;initial&#8221; _builder_version=&#8221;3.5.1&#8243;]<\/p>\n<h2>Mira c\u00f3mo el Pacto Mundial sobre Refugiados mejorar\u00e1 nuestra respuesta a las crisis de refugiados.<\/h2>\n<p>Con la adopci\u00f3n del Pacto Mundial sobre Refugiados, entramos en una nueva fase: convertir nuestra campa\u00f1a en un movimiento mundial de solidaridad para las personas obligadas a huir.<\/p>\n<p>[\/et_pb_text][et_pb_video _builder_version=&#8221;3.5.1&#8243; src=&#8221;https:\/\/www.youtube.com\/watch?v=QREwLL1lkvw&#8221; image_src=&#8221;https:\/\/www.unhcr.org\/withrefugees\/wp-content\/uploads\/Untitled.jpg&#8221; play_icon_color=&#8221;#000000&#8243; module_class=&#8221;centercolumn maxwidth800&#8243; \/][\/et_pb_column][\/et_pb_row][\/et_pb_section]<\/p>\n","protected":false},"excerpt":{"rendered":"<p>Sobre\u00a0#ConLosRefugiados La coalici\u00f3n #ConLosRefugiados es una poderosa fuerza a favor del inspirador trabajo en solidaridad con las personas obligadas a huir en todo el mundo. La Coalici\u00f3n cuenta con un diverso grupo de miembros que incluye universidades, fundaciones, organizaciones religiosas, grupos de j\u00f3venes, empresas y ONG. La mayor\u00eda de sus miembros no contempla el apoyo [&hellip;]<\/p>\n","protected":false},"author":2,"featured_media":5068,"parent":0,"menu_order":0,"comment_status":"closed","ping_status":"closed","template":"","meta":{"_et_pb_use_builder":"on","_et_pb_old_content":"","_et_gb_content_width":"","footnotes":"","_links_to":"","_links_to_target":""},"class_list":["post-790","page","type-page","status-publish","has-post-thumbnail","hentry"],"_links":{"self":[{"href":"https:\/\/www.unhcr.org\/withrefugees\/es\/wp-json\/wp\/v2\/pages\/790","targetHints":{"allow":["GET"]}}],"collection":[{"href":"https:\/\/www.unhcr.org\/withrefugees\/es\/wp-json\/wp\/v2\/pages"}],"about":[{"href":"https:\/\/www.unhcr.org\/withrefugees\/es\/wp-json\/wp\/v2\/types\/page"}],"author":[{"embeddable":true,"href":"https:\/\/www.unhcr.org\/withrefugees\/es\/wp-json\/wp\/v2\/users\/2"}],"replies":[{"embeddable":true,"href":"https:\/\/www.unhcr.org\/withrefugees\/es\/wp-json\/wp\/v2\/comments?post=790"}],"version-history":[{"count":23,"href":"https:\/\/www.unhcr.org\/withrefugees\/es\/wp-json\/wp\/v2\/pages\/790\/revisions"}],"predecessor-version":[{"id":8559,"href":"https:\/\/www.unhcr.org\/withrefugees\/es\/wp-json\/wp\/v2\/pages\/790\/revisions\/8559"}],"wp:featuredmedia":[{"embeddable":true,"href":"https:\/\/www.unhcr.org\/withrefugees\/es\/wp-json\/wp\/v2\/media\/5068"}],"wp:attachment":[{"href":"https:\/\/www.unhcr.org\/withrefugees\/es\/wp-json\/wp\/v2\/media?parent=790"}],"curies":[{"name":"wp","href":"https:\/\/api.w.org\/{rel}","templated":true}]}}