{"id":799,"date":"2017-03-20T12:54:59","date_gmt":"2017-03-20T12:54:59","guid":{"rendered":"http:\/\/www.unhcr.org\/withrefugees\/coalition\/"},"modified":"2019-06-15T02:00:55","modified_gmt":"2019-06-15T02:00:55","slug":"coalicion","status":"publish","type":"page","link":"https:\/\/www.unhcr.org\/withrefugees\/es\/coalicion\/","title":{"rendered":"La Coalici\u00f3n #ConLosRefugiados &#8211; creando un impacto positivo por los refugiados"},"content":{"rendered":"<p>[et_pb_section bb_built=&#8221;1&#8243; custom_padding_last_edited=&#8221;on|desktop&#8221; _builder_version=&#8221;3.0.76&#8243; background_image=&#8221;https:\/\/www.unhcr.org\/withrefugees\/wp-content\/uploads\/2018WithRefugees_coalition-header_3-1.jpg&#8221; custom_padding=&#8221;281px|0px|86px|0px&#8221; custom_padding_phone=&#8221;50px||50px|&#8221; transparent_background=&#8221;off&#8221; next_background_color=&#8221;#ffffff&#8221;][et_pb_row custom_padding=&#8221;36px|0px|0px|0px&#8221; _builder_version=&#8221;3.0.47&#8243; background_size=&#8221;initial&#8221; background_position=&#8221;top_left&#8221; background_repeat=&#8221;repeat&#8221;][et_pb_column type=&#8221;4_4&#8243;][et_pb_text _builder_version=&#8221;3.0.47&#8243; background_size=&#8221;initial&#8221; background_position=&#8221;top_left&#8221; background_repeat=&#8221;repeat&#8221; text_orientation=&#8221;center&#8221; background_layout=&#8221;dark&#8221; module_alignment=&#8221;center&#8221; custom_margin=&#8221;||0px|&#8221; custom_padding=&#8221;20px|20px|20px|20px&#8221;]<\/p>\n<h1><strong>Coalici\u00f3n\u00a0#ConLosRefugiados<br \/>\n<\/strong><\/h1>\n<p>[\/et_pb_text][\/et_pb_column][\/et_pb_row][\/et_pb_section][et_pb_section bb_built=&#8221;1&#8243; _builder_version=&#8221;3.5.1&#8243; custom_padding=&#8221;0px|0px|59px|0px&#8221; prev_background_color=&#8221;#000000&#8243; next_background_color=&#8221;#000000&#8243; disabled_on=&#8221;on|on|on&#8221; disabled=&#8221;on&#8221;][et_pb_row custom_padding=&#8221;54px|0px|0px|0px&#8221; _builder_version=&#8221;3.0.47&#8243; background_size=&#8221;initial&#8221; background_position=&#8221;top_left&#8221; background_repeat=&#8221;repeat&#8221;][et_pb_column type=&#8221;4_4&#8243;][et_pb_text module_class=&#8221;centercolumn maxwidth800&#8243; _builder_version=&#8221;3.5.1&#8243; background_size=&#8221;initial&#8221; background_position=&#8221;top_left&#8221; background_repeat=&#8221;repeat&#8221; module_alignment=&#8221;left&#8221;]<\/p>\n<p>En la actualidad hay una mayor necesidad de promover la tolerancia y el respeto por las personas obligadas a huir. M\u00e1s de 450 universidades, fundaciones, organizaciones religiosas, grupos juveniles, Agencias de la ONU y ONG se han sumado a la coalici\u00f3n.<\/p>\n<p>Al reunir a una diversa coalici\u00f3n podemos tener un mayor impacto. Esta es una oportunidad \u00fanica e hist\u00f3rica para crear un movimiento mundial por la causa de los refugiados.<\/p>\n<p>[\/et_pb_text][\/et_pb_column][\/et_pb_row][\/et_pb_section][et_pb_section bb_built=&#8221;1&#8243; _builder_version=&#8221;3.0.47&#8243; custom_padding=&#8221;16px|0px|12px|0px&#8221; prev_background_color=&#8221;#000000&#8243; next_background_color=&#8221;#f4f4f4&#8243;][et_pb_row custom_padding=&#8221;14px|0px|32.9375px|0px&#8221; _builder_version=&#8221;3.0.47&#8243; background_size=&#8221;initial&#8221; background_position=&#8221;top_left&#8221; background_repeat=&#8221;repeat&#8221;][et_pb_column type=&#8221;1_2&#8243;][et_pb_video src=&#8221;https:\/\/www.youtube.com\/watch?v=c15DWwMEbw4&#8243; image_src=&#8221;https:\/\/www.unhcr.org\/withrefugees\/wp-content\/uploads\/2018WithRefugees_coalition-featured.jpg&#8221; _builder_version=&#8221;3.0.76&#8243; \/][\/et_pb_column][et_pb_column type=&#8221;1_2&#8243;][et_pb_text _builder_version=&#8221;3.5.1&#8243; background_size=&#8221;initial&#8221; background_position=&#8221;top_left&#8221; background_repeat=&#8221;repeat&#8221; text_orientation=&#8221;center&#8221; module_alignment=&#8221;center&#8221;]<\/p>\n<p style=\"text-align: left;\">Existe una necesidad a\u00fan mayor de <strong>promover la tolerancia y el respeto por las personas obligadas a huir<\/strong>. Hoy en d\u00eda, m\u00e1s de 500 universidades, empresas, fundaciones, organizaciones religiosas, grupos de j\u00f3venes y ONG est\u00e1n trabajando juntos para desempe\u00f1ar un papel decisivo y visible para dar esperanza y ayuda a las personas refugiadas y solicitantes de asilo.<\/p>\n<p style=\"text-align: left;\">Tenemos una oportunidad \u00fanica e hist\u00f3rica para crear un movimiento global. Nuestras voces y nuestras acciones son m\u00e1s fuertes cuando trabajamos juntos.<\/p>\n<p>[\/et_pb_text][\/et_pb_column][\/et_pb_row][\/et_pb_section][et_pb_section bb_built=&#8221;1&#8243; _builder_version=&#8221;3.0.47&#8243; background_color=&#8221;#f4f4f4&#8243; custom_padding=&#8221;17px|0px|1px|0px&#8221; prev_background_color=&#8221;#ffffff&#8221; next_background_color=&#8221;#ffffff&#8221;][et_pb_row _builder_version=&#8221;3.0.76&#8243; background_size=&#8221;initial&#8221; background_position=&#8221;top_left&#8221; background_repeat=&#8221;repeat&#8221;][et_pb_column type=&#8221;4_4&#8243;][et_pb_text _builder_version=&#8221;3.0.76&#8243; background_size=&#8221;initial&#8221; background_position=&#8221;top_left&#8221; background_repeat=&#8221;repeat&#8221; text_orientation=&#8221;center&#8221; max_width=&#8221;800px&#8221; module_alignment=&#8221;center&#8221; custom_css_main_element=&#8221; margin-left: auto;|| margin-right: auto;&#8221; border_style=&#8221;solid&#8221;]<\/p>\n<h1>Miembros de la coalici\u00f3n<\/h1>\n<p>[\/et_pb_text][\/et_pb_column][\/et_pb_row][\/et_pb_section][et_pb_section bb_built=&#8221;1&#8243; fullwidth=&#8221;on&#8221; _builder_version=&#8221;3.0.47&#8243; prev_background_color=&#8221;#f4f4f4&#8243;][et_pb_dpfullwidth_blog admin_label=&#8221;Coalition Members Grid&#8221; fullwidth=&#8221;off&#8221; posts_number=&#8221;500&#8243; orderby=&#8221;title&#8221; order=&#8221;ASC&#8221; custom_post_types=&#8221;coalition_members&#8221; custom_url=&#8221;on&#8221; custom_url_field_name=&#8221;coalition_member_external_link&#8221; show_date=&#8221;off&#8221; background_layout=&#8221;dark&#8221; zoom_icon_color=&#8221;#ffffff&#8221; _builder_version=&#8221;3.0.76&#8243; title_font=&#8221;|on|||&#8221;]<\/p>\n<p>&lt;div class=&#8221;et_pb_fullwidth_portfolio et_pb_fullwidth_portfolio_grid clearfix et_pb_module et_pb_bg_layout_dark et_pb_dpfullwidth_blog_1&#8243; data-auto-rotate=&#8221;off&#8221; data-auto-rotate-speed=&#8221;7000&#8243;&gt;<\/p>\n<p>&lt;div class=&#8221;et_pb_portfolio_items clearfix&#8221; data-portfolio-columns=&#8221;&#8221;&gt;<br \/>\n&lt;div id=&#8221;post-285&#8243; class=&#8221;et_pb_portfolio_item et_pb_grid_item post-285 type-coalition_members status-publish has-post-thumbnail hentry&#8221;&gt;<br \/>\n&lt;div class=&#8221;et_pb_portfolio_image landscape show_excerpt&#8221;&gt;<br \/>\n&lt;a href=&#8221;https:\/\/www.unhcr.org\/withrefugees\/coalition_members\/one\/&#8221; class=&#8221;et_pb_lightbox_post_popup&#8221; data-rel=&#8221;285&#8243; data-showtitle=&#8221;on&#8221; data-showdate=&#8221;off&#8221; data-ajaxurl=&#8221;https:\/\/www.unhcr.org\/withrefugees\/coalition_members\/one\/?dp_action=popup_fetch&#8221;&gt;<br \/>\n&lt;img src=&#8221;https:\/\/www.unhcr.org\/withrefugees\/wp-content\/uploads\/partner-one-510&#215;382.jpg&#8221; alt=&#8221;One&#8221;\/&gt;<br \/>\n&lt;div class=&#8221;meta&#8221;&gt;<br \/>\n&lt;span class=&#8221;et_overlay&#8221;&gt;&lt;\/span&gt;<br \/>\n&lt;h3&gt;One&lt;\/h3&gt;<\/p>\n<p>&lt;p class=&#8221;post-excerpt&#8221;&gt;Lorem ipsum dolor sit amet, consectetur adipiscing elit. Phasellus facilisis commodo varius. Nulla interdum, lectus tempor placerat &#8230;&lt;\/p&gt;<br \/>\n&lt;\/div&gt;<br \/>\n&lt;\/a&gt;<br \/>\n&lt;\/div&gt;<br \/>\n&lt;\/div&gt;<br \/>\n&lt;div id=&#8221;post-183&#8243; class=&#8221;et_pb_portfolio_item et_pb_grid_item post-183 type-coalition_members status-publish has-post-thumbnail hentry&#8221;&gt;<br \/>\n&lt;div class=&#8221;et_pb_portfolio_image landscape show_excerpt&#8221;&gt;<br \/>\n&lt;a href=&#8221;https:\/\/www.unhcr.org\/withrefugees\/coalition_members\/solidarity-with-refugees\/&#8221; class=&#8221;et_pb_lightbox_post_popup&#8221; data-rel=&#8221;183&#8243; data-showtitle=&#8221;on&#8221; data-showdate=&#8221;off&#8221; data-ajaxurl=&#8221;https:\/\/www.unhcr.org\/withrefugees\/coalition_members\/solidarity-with-refugees\/?dp_action=popup_fetch&#8221;&gt;<br \/>\n&lt;img src=&#8221;https:\/\/www.unhcr.org\/withrefugees\/wp-content\/uploads\/partner-solwithref-510&#215;382.jpg&#8221; alt=&#8221;Solidarity With Refugees&#8221;\/&gt;<br \/>\n&lt;div class=&#8221;meta&#8221;&gt;<br \/>\n&lt;span class=&#8221;et_overlay&#8221;&gt;&lt;\/span&gt;<br \/>\n&lt;h3&gt;Solidarity With Refugees&lt;\/h3&gt;<\/p>\n<p>&lt;p class=&#8221;post-excerpt&#8221;&gt;&lt;\/p&gt;<br \/>\n&lt;\/div&gt;<br \/>\n&lt;\/a&gt;<br \/>\n&lt;\/div&gt;<br \/>\n&lt;\/div&gt;<br \/>\n&lt;div id=&#8221;post-179&#8243; class=&#8221;et_pb_portfolio_item et_pb_grid_item post-179 type-coalition_members status-publish has-post-thumbnail hentry&#8221;&gt;<br \/>\n&lt;div class=&#8221;et_pb_portfolio_image landscape show_excerpt&#8221;&gt;<br \/>\n&lt;a href=&#8221;https:\/\/www.unhcr.org\/withrefugees\/coalition_members\/world-vision\/&#8221; class=&#8221;et_pb_lightbox_post_popup&#8221; data-rel=&#8221;179&#8243; data-showtitle=&#8221;on&#8221; data-showdate=&#8221;off&#8221; data-ajaxurl=&#8221;https:\/\/www.unhcr.org\/withrefugees\/coalition_members\/world-vision\/?dp_action=popup_fetch&#8221;&gt;<br \/>\n&lt;img src=&#8221;https:\/\/www.unhcr.org\/withrefugees\/wp-content\/uploads\/partner-worldvision-510&#215;382.jpg&#8221; alt=&#8221;World Vision&#8221;\/&gt;<br \/>\n&lt;div class=&#8221;meta&#8221;&gt;<br \/>\n&lt;span class=&#8221;et_overlay&#8221;&gt;&lt;\/span&gt;<br \/>\n&lt;h3&gt;World Vision&lt;\/h3&gt;<\/p>\n<p>&lt;p class=&#8221;post-excerpt&#8221;&gt;&lt;\/p&gt;<br \/>\n&lt;\/div&gt;<br \/>\n&lt;\/a&gt;<br \/>\n&lt;\/div&gt;<br \/>\n&lt;\/div&gt;<br \/>\n&lt;div id=&#8221;post-174&#8243; class=&#8221;et_pb_portfolio_item et_pb_grid_item post-174 type-coalition_members status-publish has-post-thumbnail hentry&#8221;&gt;<br \/>\n&lt;div class=&#8221;et_pb_portfolio_image landscape show_excerpt&#8221;&gt;<br \/>\n&lt;a href=&#8221;https:\/\/www.unhcr.org\/withrefugees\/coalition_members\/test-three\/&#8221; class=&#8221;et_pb_lightbox_post_popup&#8221; data-rel=&#8221;174&#8243; data-showtitle=&#8221;on&#8221; data-showdate=&#8221;off&#8221; data-ajaxurl=&#8221;https:\/\/www.unhcr.org\/withrefugees\/coalition_members\/test-three\/?dp_action=popup_fetch&#8221;&gt;<br \/>\n&lt;img src=&#8221;https:\/\/www.unhcr.org\/withrefugees\/wp-content\/uploads\/2017\/03\/partner-unicef-510&#215;382.jpg&#8221; alt=&#8221;unicef&#8221;\/&gt;<br \/>\n&lt;div class=&#8221;meta&#8221;&gt;<br \/>\n&lt;span class=&#8221;et_overlay&#8221;&gt;&lt;\/span&gt;<br \/>\n&lt;h3&gt;unicef&lt;\/h3&gt;<\/p>\n<p>&lt;p class=&#8221;post-excerpt&#8221;&gt;Lorem ipsum dolor sit amet, consectetur adipiscing elit. Mauris sagittis lorem ligula, quis sodales tortor egestas vitae. Curabitur &#8230;&lt;\/p&gt;<br \/>\n&lt;\/div&gt;<br \/>\n&lt;\/a&gt;<br \/>\n&lt;\/div&gt;<br \/>\n&lt;\/div&gt;<br \/>\n&lt;div id=&#8221;post-160&#8243; class=&#8221;et_pb_portfolio_item et_pb_grid_item post-160 type-coalition_members status-publish has-post-thumbnail hentry&#8221;&gt;<br \/>\n&lt;div class=&#8221;et_pb_portfolio_image landscape show_excerpt&#8221;&gt;<br \/>\n&lt;a href=&#8221;https:\/\/www.unhcr.org\/withrefugees\/coalition_members\/oxfam\/&#8221; class=&#8221;et_pb_lightbox_post_popup&#8221; data-rel=&#8221;160&#8243; data-showtitle=&#8221;on&#8221; data-showdate=&#8221;off&#8221; data-ajaxurl=&#8221;https:\/\/www.unhcr.org\/withrefugees\/coalition_members\/oxfam\/?dp_action=popup_fetch&#8221;&gt;<br \/>\n&lt;img src=&#8221;https:\/\/www.unhcr.org\/withrefugees\/wp-content\/uploads\/2017\/03\/partner-oxfam-510&#215;382.jpg&#8221; alt=&#8221;Oxfam&#8221;\/&gt;<br \/>\n&lt;div class=&#8221;meta&#8221;&gt;<br \/>\n&lt;span class=&#8221;et_overlay&#8221;&gt;&lt;\/span&gt;<br \/>\n&lt;h3&gt;Oxfam&lt;\/h3&gt;<\/p>\n<p>&lt;p class=&#8221;post-excerpt&#8221;&gt;<\/p>\n<p>Lorem ipsum dolor sit amet, consectetur adipiscing elit. Mauris sagittis lorem ligula, quis sodales tortor egestas vitae. Curabitur &lt;\/p&gt;<br \/>\n&lt;\/div&gt;<br \/>\n&lt;\/a&gt;<br \/>\n&lt;\/div&gt;<br \/>\n&lt;\/div&gt;<br \/>\n&lt;div id=&#8221;post-161&#8243; class=&#8221;et_pb_portfolio_item et_pb_grid_item post-161 type-coalition_members status-publish has-post-thumbnail hentry&#8221;&gt;<br \/>\n&lt;div class=&#8221;et_pb_portfolio_image landscape show_excerpt&#8221;&gt;<br \/>\n&lt;a href=&#8221;https:\/\/www.unhcr.org\/withrefugees\/coalition_members\/airbnb\/&#8221; class=&#8221;et_pb_lightbox_post_popup&#8221; data-rel=&#8221;161&#8243; data-showtitle=&#8221;on&#8221; data-showdate=&#8221;off&#8221; data-ajaxurl=&#8221;https:\/\/www.unhcr.org\/withrefugees\/coalition_members\/airbnb\/?dp_action=popup_fetch&#8221;&gt;<br \/>\n&lt;img src=&#8221;https:\/\/www.unhcr.org\/withrefugees\/wp-content\/uploads\/2017\/03\/partner-airbnb-510&#215;382.jpg&#8221; alt=&#8221;AirBnB&#8221;\/&gt;<br \/>\n&lt;div class=&#8221;meta&#8221;&gt;<br \/>\n&lt;span class=&#8221;et_overlay&#8221;&gt;&lt;\/span&gt;<br \/>\n&lt;h3&gt;AirBnB&lt;\/h3&gt;<\/p>\n<p>&lt;p class=&#8221;post-excerpt&#8221;&gt;<\/p>\n<p>Lorem ipsum dolor sit amet, consectetur adipiscing elit. Mauris sagittis lorem ligula, quis sodales tortor egestas vitae. Curabitur &lt;\/p&gt;<br \/>\n&lt;\/div&gt;<br \/>\n&lt;\/a&gt;<br \/>\n&lt;\/div&gt;<br \/>\n&lt;\/div&gt;<\/p>\n<p>&lt;\/div&gt;&lt;!&#8211; .et_pb_portfolio_items &#8211;&gt;<br \/>\n&lt;\/div&gt; &lt;!&#8211; .et_pb_fullwidth_portfolio &#8211;&gt;<br \/>\n&lt;!&#8211; Start Popup html &#8211;&gt;<br \/>\n&lt;div class=&#8221;modal_overlay&#8221;&gt;\u00a0&lt;\/div&gt;<br \/>\n&lt;div class=&#8221;modal dp_modal&#8221;&gt;<br \/>\n&lt;div class=&#8221;et_pb_loader_img&#8221;&gt;<br \/>\n&lt;img src=&#8221;https:\/\/www.unhcr.org\/withrefugees\/wp-content\/plugins\/dp-portfolio-posts-pro\/includes\/popup_loading.gif&#8221; alt=&#8221;loader&#8221;\/&gt;<br \/>\n&lt;\/div&gt;<br \/>\n&lt;button class=&#8221;pop_up_close_btn&#8221; type=&#8221;button&#8221; title=&#8221;Close (Esc)&#8221;&gt;x&lt;\/button&gt;<br \/>\n&lt;div id=&#8221;modal_inner&#8221; class=&#8221;modal_inner&#8221;&gt;<br \/>\n&lt;div class=&#8221;modal_header&#8221;&gt;&lt;\/div&gt;<br \/>\n&lt;iframe id=&#8221;dp_iframe&#8221; class=&#8221;dp_iframe&#8221;&gt;&lt;\/iframe&gt;<br \/>\n&lt;div class=&#8221;modal_footer&#8221;&gt;&lt;\/div&gt;<br \/>\n&lt;\/div&gt;<br \/>\n&lt;\/div&gt;<br \/>\n&lt;!&#8211; Ends Popup html &#8211;&gt;<\/p>\n<p>[\/et_pb_dpfullwidth_blog][\/et_pb_section]<\/p>\n","protected":false},"excerpt":{"rendered":"<p>Coalici\u00f3n\u00a0#ConLosRefugiados En la actualidad hay una mayor necesidad de promover la tolerancia y el respeto por las personas obligadas a huir. M\u00e1s de 450 universidades, fundaciones, organizaciones religiosas, grupos juveniles, Agencias de la ONU y ONG se han sumado a la coalici\u00f3n. Al reunir a una diversa coalici\u00f3n podemos tener un mayor impacto. Esta es [&hellip;]<\/p>\n","protected":false},"author":2,"featured_media":4989,"parent":0,"menu_order":0,"comment_status":"closed","ping_status":"closed","template":"","meta":{"_et_pb_use_builder":"on","_et_pb_old_content":"","_et_gb_content_width":"","footnotes":"","_links_to":"","_links_to_target":""},"class_list":["post-799","page","type-page","status-publish","has-post-thumbnail","hentry"],"_links":{"self":[{"href":"https:\/\/www.unhcr.org\/withrefugees\/es\/wp-json\/wp\/v2\/pages\/799","targetHints":{"allow":["GET"]}}],"collection":[{"href":"https:\/\/www.unhcr.org\/withrefugees\/es\/wp-json\/wp\/v2\/pages"}],"about":[{"href":"https:\/\/www.unhcr.org\/withrefugees\/es\/wp-json\/wp\/v2\/types\/page"}],"author":[{"embeddable":true,"href":"https:\/\/www.unhcr.org\/withrefugees\/es\/wp-json\/wp\/v2\/users\/2"}],"replies":[{"embeddable":true,"href":"https:\/\/www.unhcr.org\/withrefugees\/es\/wp-json\/wp\/v2\/comments?post=799"}],"version-history":[{"count":32,"href":"https:\/\/www.unhcr.org\/withrefugees\/es\/wp-json\/wp\/v2\/pages\/799\/revisions"}],"predecessor-version":[{"id":8806,"href":"https:\/\/www.unhcr.org\/withrefugees\/es\/wp-json\/wp\/v2\/pages\/799\/revisions\/8806"}],"wp:featuredmedia":[{"embeddable":true,"href":"https:\/\/www.unhcr.org\/withrefugees\/es\/wp-json\/wp\/v2\/media\/4989"}],"wp:attachment":[{"href":"https:\/\/www.unhcr.org\/withrefugees\/es\/wp-json\/wp\/v2\/media?parent=799"}],"curies":[{"name":"wp","href":"https:\/\/api.w.org\/{rel}","templated":true}]}}