{"id":789,"date":"2017-03-22T08:41:08","date_gmt":"2017-03-22T08:41:08","guid":{"rendered":"http:\/\/www.unhcr.org\/withrefugees\/about\/"},"modified":"2019-01-07T16:17:06","modified_gmt":"2019-01-07T16:17:06","slug":"a-propos","status":"publish","type":"page","link":"https:\/\/www.unhcr.org\/withrefugees\/fr\/a-propos\/","title":{"rendered":"\u00c0 propos de #Aveclesr\u00e9fugi\u00e9s"},"content":{"rendered":"<p>[et_pb_section bb_built=&#8221;1&#8243; background_image=&#8221;https:\/\/www.unhcr.org\/withrefugees\/wp-content\/uploads\/2018WithRefugees_about-header_4.jpg&#8221; custom_padding=&#8221;246px|0px|46px|0px&#8221; custom_padding_tablet=&#8221;100px||100px|&#8221; custom_padding_last_edited=&#8221;on|desktop&#8221; transparent_background=&#8221;off&#8221; _builder_version=&#8221;3.0.76&#8243; next_background_color=&#8221;#ffffff&#8221;][et_pb_row custom_padding=&#8221;36px|0px|0px|0px&#8221; background_position=&#8221;top_left&#8221; background_repeat=&#8221;repeat&#8221; background_size=&#8221;initial&#8221;][et_pb_column type=&#8221;4_4&#8243;][et_pb_text background_layout=&#8221;dark&#8221; text_orientation=&#8221;center&#8221; custom_margin=&#8221;||0px|&#8221; custom_padding=&#8221;20px|20px|20px|20px&#8221; use_border_color=&#8221;off&#8221; module_alignment=&#8221;center&#8221; background_position=&#8221;top_left&#8221; background_repeat=&#8221;repeat&#8221; background_size=&#8221;initial&#8221; _builder_version=&#8221;3.5.1&#8243;]<\/p>\n<h1><strong>A propos de<br \/>\n#Aveclesr\u00e9fugi\u00e9s<\/strong><\/h1>\n<p>[\/et_pb_text][\/et_pb_column][\/et_pb_row][\/et_pb_section][et_pb_section bb_built=&#8221;1&#8243; custom_padding=&#8221;0px|0px|26px|0px&#8221; _builder_version=&#8221;3.5.1&#8243; prev_background_color=&#8221;#000000&#8243; next_background_color=&#8221;#f4f4f4&#8243; background_color=&#8221;#ffffff&#8221;][et_pb_row background_position=&#8221;top_left&#8221; background_repeat=&#8221;repeat&#8221; background_size=&#8221;initial&#8221; _builder_version=&#8221;3.0.76&#8243;][et_pb_column type=&#8221;4_4&#8243;][et_pb_text admin_label=&#8221;Text 800 centered column&#8221; module_class=&#8221;centercolumn maxwidth800&#8243; use_border_color=&#8221;off&#8221; module_alignment=&#8221;left&#8221; background_position=&#8221;top_left&#8221; background_repeat=&#8221;repeat&#8221; background_size=&#8221;initial&#8221; _builder_version=&#8221;3.5.1&#8243;]<\/p>\n<p><strong>Le mouvement #Aveclesr\u00e9fugi\u00e9s<\/strong> d\u00e9montre que l&#8217;opinion publique mondiale se tient aux c\u00f4t\u00e9s des personnes contraintes de fuir. Depuis 2016, la campagne #Aveclesr\u00e9fugi\u00e9s a mobilis\u00e9 pr\u00e8s de 40 millions d&#8217;actions de solidarit\u00e9 du grand public en faveur des r\u00e9fugi\u00e9s et a \u00e9tabli une puissante coalition d&#8217;influenceurs. <\/p>\n<p><strong><a href=\"https:\/\/www.unhcr.org\/withrefugees\/fr\/carte\/\">Voyez ce qui se passe pr\u00e8s de chez vous.<\/a><\/strong><\/p>\n<p>[\/et_pb_text][\/et_pb_column][\/et_pb_row][\/et_pb_section][et_pb_section bb_built=&#8221;1&#8243; background_color=&#8221;#f4f4f4&#8243; custom_padding=&#8221;23px|0px|30px|0px&#8221; _builder_version=&#8221;3.5.1&#8243; prev_background_color=&#8221;#ffffff&#8221; disabled=&#8221;off&#8221; disabled_on=&#8221;off|off|off&#8221;][et_pb_row background_position=&#8221;top_left&#8221; background_repeat=&#8221;repeat&#8221; background_size=&#8221;initial&#8221;][et_pb_column type=&#8221;4_4&#8243;][et_pb_text admin_label=&#8221;Text 800 centered column&#8221; max_width=&#8221;800px&#8221; module_class=&#8221;centercolumn&#8221; background_position=&#8221;top_left&#8221; background_repeat=&#8221;repeat&#8221; background_size=&#8221;initial&#8221; _builder_version=&#8221;3.5.1&#8243;]<\/p>\n<h2>Voyez comment le Pacte mondial sur les r\u00e9fugi\u00e9s am\u00e9liorera notre r\u00e9ponse aux crises de r\u00e9fugi\u00e9s.<\/h2>\n<p>Avec l&#8217;adoption du Pacte mondial sur les r\u00e9fugi\u00e9s, nous entrons dans une nouvelle phase, en faisant de notre campagne un mouvement mondial de solidarit\u00e9 pour les personnes d\u00e9racin\u00e9es.<\/p>\n<p>[\/et_pb_text][et_pb_video _builder_version=&#8221;3.5.1&#8243; src=&#8221;https:\/\/youtu.be\/bcMLuOAkG7Q&#8221; image_src=&#8221;https:\/\/www.unhcr.org\/withrefugees\/wp-content\/uploads\/Global-Compact-overlay-video-FR2-Dec-2018.png&#8221; module_class=&#8221;centercolumn maxwidth800&#8243; play_icon_color=&#8221;#000000&#8243; \/][\/et_pb_column][\/et_pb_row][\/et_pb_section]<\/p>\n","protected":false},"excerpt":{"rendered":"<p>A propos de #Aveclesr\u00e9fugi\u00e9s Le mouvement #Aveclesr\u00e9fugi\u00e9s d\u00e9montre que l&#8217;opinion publique mondiale se tient aux c\u00f4t\u00e9s des personnes contraintes de fuir. Depuis 2016, la campagne #Aveclesr\u00e9fugi\u00e9s a mobilis\u00e9 pr\u00e8s de 40 millions d&#8217;actions de solidarit\u00e9 du grand public en faveur des r\u00e9fugi\u00e9s et a \u00e9tabli une puissante coalition d&#8217;influenceurs. Voyez ce qui se passe pr\u00e8s [&hellip;]<\/p>\n","protected":false},"author":2,"featured_media":5068,"parent":0,"menu_order":0,"comment_status":"closed","ping_status":"closed","template":"","meta":{"_et_pb_use_builder":"on","_et_pb_old_content":"","_et_gb_content_width":"","footnotes":"","_links_to":"","_links_to_target":""},"class_list":["post-789","page","type-page","status-publish","has-post-thumbnail","hentry"],"_links":{"self":[{"href":"https:\/\/www.unhcr.org\/withrefugees\/fr\/wp-json\/wp\/v2\/pages\/789","targetHints":{"allow":["GET"]}}],"collection":[{"href":"https:\/\/www.unhcr.org\/withrefugees\/fr\/wp-json\/wp\/v2\/pages"}],"about":[{"href":"https:\/\/www.unhcr.org\/withrefugees\/fr\/wp-json\/wp\/v2\/types\/page"}],"author":[{"embeddable":true,"href":"https:\/\/www.unhcr.org\/withrefugees\/fr\/wp-json\/wp\/v2\/users\/2"}],"replies":[{"embeddable":true,"href":"https:\/\/www.unhcr.org\/withrefugees\/fr\/wp-json\/wp\/v2\/comments?post=789"}],"version-history":[{"count":23,"href":"https:\/\/www.unhcr.org\/withrefugees\/fr\/wp-json\/wp\/v2\/pages\/789\/revisions"}],"predecessor-version":[{"id":8098,"href":"https:\/\/www.unhcr.org\/withrefugees\/fr\/wp-json\/wp\/v2\/pages\/789\/revisions\/8098"}],"wp:featuredmedia":[{"embeddable":true,"href":"https:\/\/www.unhcr.org\/withrefugees\/fr\/wp-json\/wp\/v2\/media\/5068"}],"wp:attachment":[{"href":"https:\/\/www.unhcr.org\/withrefugees\/fr\/wp-json\/wp\/v2\/media?parent=789"}],"curies":[{"name":"wp","href":"https:\/\/api.w.org\/{rel}","templated":true}]}}