{"id":798,"date":"2017-03-20T12:54:59","date_gmt":"2017-03-20T12:54:59","guid":{"rendered":"http:\/\/www.unhcr.org\/withrefugees\/coalition\/"},"modified":"2022-02-08T13:50:29","modified_gmt":"2022-02-08T13:50:29","slug":"coalition","status":"publish","type":"page","link":"https:\/\/www.unhcr.org\/withrefugees\/fr\/coalition\/","title":{"rendered":"La coalition #Aveclesr\u00e9fugi\u00e9s \u2013 pour une aide concr\u00e8te aux r\u00e9fugi\u00e9s"},"content":{"rendered":"<p>[et_pb_section fb_built=&#8221;1&#8243; custom_padding_last_edited=&#8221;on|desktop&#8221; _builder_version=&#8221;3.22&#8243; background_image=&#8221;https:\/\/www.unhcr.org\/withrefugees\/wp-content\/uploads\/2018WithRefugees_coalition-header_3-1.jpg&#8221; custom_padding=&#8221;281px|0px|86px|0px&#8221; custom_padding_tablet=&#8221;&#8221; custom_padding_phone=&#8221;50px||50px|&#8221; transparent_background=&#8221;off&#8221; global_colors_info=&#8221;{}&#8221;][et_pb_row _builder_version=&#8221;3.25&#8243; background_size=&#8221;initial&#8221; background_position=&#8221;top_left&#8221; background_repeat=&#8221;repeat&#8221; custom_padding=&#8221;36px|0px|0px|0px&#8221; global_colors_info=&#8221;{}&#8221;][et_pb_column type=&#8221;4_4&#8243; _builder_version=&#8221;3.25&#8243; custom_padding=&#8221;|||&#8221; global_colors_info=&#8221;{}&#8221; custom_padding__hover=&#8221;|||&#8221;][et_pb_text _builder_version=&#8221;3.27.4&#8243; background_size=&#8221;initial&#8221; background_position=&#8221;top_left&#8221; background_repeat=&#8221;repeat&#8221; text_orientation=&#8221;center&#8221; background_layout=&#8221;dark&#8221; module_alignment=&#8221;center&#8221; custom_margin=&#8221;||0px|&#8221; custom_padding=&#8221;20px|20px|20px|20px&#8221; global_colors_info=&#8221;{}&#8221;]<\/p>\n<h1><strong>La Coalition #Aveclesr\u00e9fugi\u00e9s<\/p>\n<p><\/strong><\/h1>\n<p>[\/et_pb_text][\/et_pb_column][\/et_pb_row][\/et_pb_section][et_pb_section fb_built=&#8221;1&#8243; _builder_version=&#8221;3.22&#8243; custom_padding=&#8221;0px|0px|59px|0px&#8221; global_colors_info=&#8221;{}&#8221;][et_pb_row _builder_version=&#8221;3.25&#8243; background_size=&#8221;initial&#8221; background_position=&#8221;top_left&#8221; background_repeat=&#8221;repeat&#8221; custom_padding=&#8221;54px|0px|0px|0px&#8221; global_colors_info=&#8221;{}&#8221;][et_pb_column type=&#8221;4_4&#8243; _builder_version=&#8221;3.25&#8243; custom_padding=&#8221;|||&#8221; global_colors_info=&#8221;{}&#8221; custom_padding__hover=&#8221;|||&#8221;][et_pb_text module_class=&#8221;centercolumn maxwidth800&#8243; _builder_version=&#8221;3.27.4&#8243; background_size=&#8221;initial&#8221; background_position=&#8221;top_left&#8221; background_repeat=&#8221;repeat&#8221; module_alignment=&#8221;left&#8221; global_colors_info=&#8221;{}&#8221;]<\/p>\n<p>Le besoin de promouvoir la tol\u00e9rance et le respect est encore plus grand pour les personnes d\u00e9racin\u00e9es. Aujourd\u2019hui, plus de 500 universit\u00e9s, fondations, organisations confessionnelles, groupes de jeunes, Agences des Nations Unies et ONG se sont associ\u00e9s au mouvement<\/p>\n<p>En rassemblant une coalition large et vari\u00e9e, nous accro\u00eetrons notre impact. C\u2019est une occasion unique et historique de cr\u00e9er un mouvement mondial pour soutenir la cause des r\u00e9fugi\u00e9s.<\/p>\n<p>[\/et_pb_text][\/et_pb_column][\/et_pb_row][\/et_pb_section][et_pb_section fb_built=&#8221;1&#8243; _builder_version=&#8221;3.22&#8243; background_color=&#8221;#f4f4f4&#8243; custom_padding=&#8221;17px|0px|1px|0px&#8221; global_colors_info=&#8221;{}&#8221;][et_pb_row _builder_version=&#8221;3.25&#8243; background_size=&#8221;initial&#8221; background_position=&#8221;top_left&#8221; background_repeat=&#8221;repeat&#8221; global_colors_info=&#8221;{}&#8221;][et_pb_column type=&#8221;4_4&#8243; _builder_version=&#8221;3.25&#8243; custom_padding=&#8221;|||&#8221; global_colors_info=&#8221;{}&#8221; custom_padding__hover=&#8221;|||&#8221;][et_pb_text _builder_version=&#8221;3.27.4&#8243; header_text_align=&#8221;center&#8221; background_size=&#8221;initial&#8221; background_position=&#8221;top_left&#8221; background_repeat=&#8221;repeat&#8221; text_orientation=&#8221;center&#8221; max_width=&#8221;800px&#8221; module_alignment=&#8221;center&#8221; custom_css_main_element=&#8221; margin-left: auto;|| margin-right: auto;&#8221; border_style=&#8221;solid&#8221; global_colors_info=&#8221;{}&#8221;]<\/p>\n<h1>Les membres de la coalition<\/h1>\n<p>[\/et_pb_text][\/et_pb_column][\/et_pb_row][\/et_pb_section][et_pb_section fb_built=&#8221;1&#8243; fullwidth=&#8221;on&#8221; _builder_version=&#8221;3.22&#8243; global_colors_info=&#8221;{}&#8221;][et_pb_dpfullwidth_blog posts_number=&#8221;500&#8243; orderby=&#8221;title&#8221; order=&#8221;ASC&#8221; custom_post_types=&#8221;coalition_members&#8221; show_date=&#8221;off&#8221; custom_url=&#8221;on&#8221; custom_url_field_name=&#8221;coalition_member_external_link&#8221; fullwidth=&#8221;off&#8221; zoom_icon_color=&#8221;#ffffff&#8221; background_layout=&#8221;dark&#8221; admin_label=&#8221;Coalition Members Grid&#8221; _builder_version=&#8221;3.0.76&#8243; title_font=&#8221;|on|||&#8221; global_colors_info=&#8221;{}&#8221;]&lt;div class=&#8221;et_pb_fullwidth_portfolio et_pb_fullwidth_portfolio_grid clearfix et_pb_module et_pb_bg_layout_dark et_pb_dpfullwidth_blog_1&#8243; data-auto-rotate=&#8221;off&#8221; data-auto-rotate-speed=&#8221;7000&#8243;&gt;<\/p>\n<p>&lt;div class=&#8221;et_pb_portfolio_items clearfix&#8221; data-portfolio-columns=&#8221;&#8221;&gt;<br \/>\n&lt;div id=&#8221;post-285&#8243; class=&#8221;et_pb_portfolio_item et_pb_grid_item post-285 type-coalition_members status-publish has-post-thumbnail hentry&#8221;&gt;<br \/>\n&lt;div class=&#8221;et_pb_portfolio_image landscape show_excerpt&#8221;&gt;<br \/>\n&lt;a href=&#8221;https:\/\/www.unhcr.org\/withrefugees\/coalition_members\/one\/&#8221; class=&#8221;et_pb_lightbox_post_popup&#8221; data-rel=&#8221;285&#8243; data-showtitle=&#8221;on&#8221; data-showdate=&#8221;off&#8221; data-ajaxurl=&#8221;https:\/\/www.unhcr.org\/withrefugees\/coalition_members\/one\/?dp_action=popup_fetch&#8221;&gt;<br \/>\n&lt;img src=&#8221;https:\/\/www.unhcr.org\/withrefugees\/wp-content\/uploads\/partner-one-510&#215;382.jpg&#8221; alt=&#8221;One&#8221;\/&gt;<br \/>\n&lt;div class=&#8221;meta&#8221;&gt;<br \/>\n&lt;span class=&#8221;et_overlay&#8221;&gt;&lt;\/span&gt;<br \/>\n&lt;h3&gt;One&lt;\/h3&gt;<\/p>\n<p>&lt;p class=&#8221;post-excerpt&#8221;&gt;Lorem ipsum dolor sit amet, consectetur adipiscing elit. Phasellus facilisis commodo varius. Nulla interdum, lectus tempor placerat &#8230;&lt;\/p&gt;<br \/>\n&lt;\/div&gt;<br \/>\n&lt;\/a&gt;<br \/>\n&lt;\/div&gt;<br \/>\n&lt;\/div&gt;<br \/>\n&lt;div id=&#8221;post-183&#8243; class=&#8221;et_pb_portfolio_item et_pb_grid_item post-183 type-coalition_members status-publish has-post-thumbnail hentry&#8221;&gt;<br \/>\n&lt;div class=&#8221;et_pb_portfolio_image landscape show_excerpt&#8221;&gt;<br \/>\n&lt;a href=&#8221;https:\/\/www.unhcr.org\/withrefugees\/coalition_members\/solidarity-with-refugees\/&#8221; class=&#8221;et_pb_lightbox_post_popup&#8221; data-rel=&#8221;183&#8243; data-showtitle=&#8221;on&#8221; data-showdate=&#8221;off&#8221; data-ajaxurl=&#8221;https:\/\/www.unhcr.org\/withrefugees\/coalition_members\/solidarity-with-refugees\/?dp_action=popup_fetch&#8221;&gt;<br \/>\n&lt;img src=&#8221;https:\/\/www.unhcr.org\/withrefugees\/wp-content\/uploads\/partner-solwithref-510&#215;382.jpg&#8221; alt=&#8221;Solidarity With Refugees&#8221;\/&gt;<br \/>\n&lt;div class=&#8221;meta&#8221;&gt;<br \/>\n&lt;span class=&#8221;et_overlay&#8221;&gt;&lt;\/span&gt;<br \/>\n&lt;h3&gt;Solidarity With Refugees&lt;\/h3&gt;<\/p>\n<p>&lt;p class=&#8221;post-excerpt&#8221;&gt;&lt;\/p&gt;<br \/>\n&lt;\/div&gt;<br \/>\n&lt;\/a&gt;<br \/>\n&lt;\/div&gt;<br \/>\n&lt;\/div&gt;<br \/>\n&lt;div id=&#8221;post-179&#8243; class=&#8221;et_pb_portfolio_item et_pb_grid_item post-179 type-coalition_members status-publish has-post-thumbnail hentry&#8221;&gt;<br \/>\n&lt;div class=&#8221;et_pb_portfolio_image landscape show_excerpt&#8221;&gt;<br \/>\n&lt;a href=&#8221;https:\/\/www.unhcr.org\/withrefugees\/coalition_members\/world-vision\/&#8221; class=&#8221;et_pb_lightbox_post_popup&#8221; data-rel=&#8221;179&#8243; data-showtitle=&#8221;on&#8221; data-showdate=&#8221;off&#8221; data-ajaxurl=&#8221;https:\/\/www.unhcr.org\/withrefugees\/coalition_members\/world-vision\/?dp_action=popup_fetch&#8221;&gt;<br \/>\n&lt;img src=&#8221;https:\/\/www.unhcr.org\/withrefugees\/wp-content\/uploads\/partner-worldvision-510&#215;382.jpg&#8221; alt=&#8221;World Vision&#8221;\/&gt;<br \/>\n&lt;div class=&#8221;meta&#8221;&gt;<br \/>\n&lt;span class=&#8221;et_overlay&#8221;&gt;&lt;\/span&gt;<br \/>\n&lt;h3&gt;World Vision&lt;\/h3&gt;<\/p>\n<p>&lt;p class=&#8221;post-excerpt&#8221;&gt;&lt;\/p&gt;<br \/>\n&lt;\/div&gt;<br \/>\n&lt;\/a&gt;<br \/>\n&lt;\/div&gt;<br \/>\n&lt;\/div&gt;<br \/>\n&lt;div id=&#8221;post-174&#8243; class=&#8221;et_pb_portfolio_item et_pb_grid_item post-174 type-coalition_members status-publish has-post-thumbnail hentry&#8221;&gt;<br \/>\n&lt;div class=&#8221;et_pb_portfolio_image landscape show_excerpt&#8221;&gt;<br \/>\n&lt;a href=&#8221;https:\/\/www.unhcr.org\/withrefugees\/coalition_members\/test-three\/&#8221; class=&#8221;et_pb_lightbox_post_popup&#8221; data-rel=&#8221;174&#8243; data-showtitle=&#8221;on&#8221; data-showdate=&#8221;off&#8221; data-ajaxurl=&#8221;https:\/\/www.unhcr.org\/withrefugees\/coalition_members\/test-three\/?dp_action=popup_fetch&#8221;&gt;<br \/>\n&lt;img src=&#8221;https:\/\/www.unhcr.org\/withrefugees\/wp-content\/uploads\/2017\/03\/partner-unicef-510&#215;382.jpg&#8221; alt=&#8221;unicef&#8221;\/&gt;<br \/>\n&lt;div class=&#8221;meta&#8221;&gt;<br \/>\n&lt;span class=&#8221;et_overlay&#8221;&gt;&lt;\/span&gt;<br \/>\n&lt;h3&gt;unicef&lt;\/h3&gt;<\/p>\n<p>&lt;p class=&#8221;post-excerpt&#8221;&gt;Lorem ipsum dolor sit amet, consectetur adipiscing elit. Mauris sagittis lorem ligula, quis sodales tortor egestas vitae. Curabitur &#8230;&lt;\/p&gt;<br \/>\n&lt;\/div&gt;<br \/>\n&lt;\/a&gt;<br \/>\n&lt;\/div&gt;<br \/>\n&lt;\/div&gt;<br \/>\n&lt;div id=&#8221;post-160&#8243; class=&#8221;et_pb_portfolio_item et_pb_grid_item post-160 type-coalition_members status-publish has-post-thumbnail hentry&#8221;&gt;<br \/>\n&lt;div class=&#8221;et_pb_portfolio_image landscape show_excerpt&#8221;&gt;<br \/>\n&lt;a href=&#8221;https:\/\/www.unhcr.org\/withrefugees\/coalition_members\/oxfam\/&#8221; class=&#8221;et_pb_lightbox_post_popup&#8221; data-rel=&#8221;160&#8243; data-showtitle=&#8221;on&#8221; data-showdate=&#8221;off&#8221; data-ajaxurl=&#8221;https:\/\/www.unhcr.org\/withrefugees\/coalition_members\/oxfam\/?dp_action=popup_fetch&#8221;&gt;<br \/>\n&lt;img src=&#8221;https:\/\/www.unhcr.org\/withrefugees\/wp-content\/uploads\/2017\/03\/partner-oxfam-510&#215;382.jpg&#8221; alt=&#8221;Oxfam&#8221;\/&gt;<br \/>\n&lt;div class=&#8221;meta&#8221;&gt;<br \/>\n&lt;span class=&#8221;et_overlay&#8221;&gt;&lt;\/span&gt;<br \/>\n&lt;h3&gt;Oxfam&lt;\/h3&gt;<\/p>\n<p>&lt;p class=&#8221;post-excerpt&#8221;&gt;<\/p>\n<p>Lorem ipsum dolor sit amet, consectetur adipiscing elit. Mauris sagittis lorem ligula, quis sodales tortor egestas vitae. Curabitur &lt;\/p&gt;<br \/>\n&lt;\/div&gt;<br \/>\n&lt;\/a&gt;<br \/>\n&lt;\/div&gt;<br \/>\n&lt;\/div&gt;<br \/>\n&lt;div id=&#8221;post-161&#8243; class=&#8221;et_pb_portfolio_item et_pb_grid_item post-161 type-coalition_members status-publish has-post-thumbnail hentry&#8221;&gt;<br \/>\n&lt;div class=&#8221;et_pb_portfolio_image landscape show_excerpt&#8221;&gt;<br \/>\n&lt;a href=&#8221;https:\/\/www.unhcr.org\/withrefugees\/coalition_members\/airbnb\/&#8221; class=&#8221;et_pb_lightbox_post_popup&#8221; data-rel=&#8221;161&#8243; data-showtitle=&#8221;on&#8221; data-showdate=&#8221;off&#8221; data-ajaxurl=&#8221;https:\/\/www.unhcr.org\/withrefugees\/coalition_members\/airbnb\/?dp_action=popup_fetch&#8221;&gt;<br \/>\n&lt;img src=&#8221;https:\/\/www.unhcr.org\/withrefugees\/wp-content\/uploads\/2017\/03\/partner-airbnb-510&#215;382.jpg&#8221; alt=&#8221;AirBnB&#8221;\/&gt;<br \/>\n&lt;div class=&#8221;meta&#8221;&gt;<br \/>\n&lt;span class=&#8221;et_overlay&#8221;&gt;&lt;\/span&gt;<br \/>\n&lt;h3&gt;AirBnB&lt;\/h3&gt;<\/p>\n<p>&lt;p class=&#8221;post-excerpt&#8221;&gt;<\/p>\n<p>Lorem ipsum dolor sit amet, consectetur adipiscing elit. Mauris sagittis lorem ligula, quis sodales tortor egestas vitae. Curabitur &lt;\/p&gt;<br \/>\n&lt;\/div&gt;<br \/>\n&lt;\/a&gt;<br \/>\n&lt;\/div&gt;<br \/>\n&lt;\/div&gt;<\/p>\n<p>&lt;\/div&gt;&lt;!&#8211; .et_pb_portfolio_items &#8211;&gt;<br \/>\n&lt;\/div&gt; &lt;!&#8211; .et_pb_fullwidth_portfolio &#8211;&gt;<br \/>\n&lt;!&#8211; Start Popup html &#8211;&gt;<br \/>\n&lt;div class=&#8221;modal_overlay&#8221;&gt;\u00a0&lt;\/div&gt;<br \/>\n&lt;div class=&#8221;modal dp_modal&#8221;&gt;<br \/>\n&lt;div class=&#8221;et_pb_loader_img&#8221;&gt;<br \/>\n&lt;img src=&#8221;https:\/\/www.unhcr.org\/withrefugees\/wp-content\/plugins\/dp-portfolio-posts-pro\/includes\/popup_loading.gif&#8221; alt=&#8221;loader&#8221;\/&gt;<br \/>\n&lt;\/div&gt;<br \/>\n&lt;button class=&#8221;pop_up_close_btn&#8221; type=&#8221;button&#8221; title=&#8221;Close (Esc)&#8221;&gt;x&lt;\/button&gt;<br \/>\n&lt;div id=&#8221;modal_inner&#8221; class=&#8221;modal_inner&#8221;&gt;<br \/>\n&lt;div class=&#8221;modal_header&#8221;&gt;&lt;\/div&gt;<br \/>\n&lt;iframe id=&#8221;dp_iframe&#8221; class=&#8221;dp_iframe&#8221;&gt;&lt;\/iframe&gt;<br \/>\n&lt;div class=&#8221;modal_footer&#8221;&gt;&lt;\/div&gt;<br \/>\n&lt;\/div&gt;<br \/>\n&lt;\/div&gt;<br \/>\n&lt;!&#8211; Ends Popup html &#8211;&gt;<br \/>\n[\/et_pb_dpfullwidth_blog][\/et_pb_section]<\/p>\n","protected":false},"excerpt":{"rendered":"<p>La Coalition #Aveclesr\u00e9fugi\u00e9sLe besoin de promouvoir la tol\u00e9rance et le respect est encore plus grand pour les personnes d\u00e9racin\u00e9es. Aujourd\u2019hui, plus de 500 universit\u00e9s, fondations, organisations confessionnelles, groupes de jeunes, Agences des Nations Unies et ONG se sont associ\u00e9s au mouvement En rassemblant une coalition large et vari\u00e9e, nous accro\u00eetrons notre impact. C\u2019est une occasion [&hellip;]<\/p>\n","protected":false},"author":2,"featured_media":4989,"parent":0,"menu_order":0,"comment_status":"closed","ping_status":"closed","template":"","meta":{"_et_pb_use_builder":"on","_et_pb_old_content":"","_et_gb_content_width":"","footnotes":"","_links_to":"","_links_to_target":""},"class_list":["post-798","page","type-page","status-publish","has-post-thumbnail","hentry"],"_links":{"self":[{"href":"https:\/\/www.unhcr.org\/withrefugees\/fr\/wp-json\/wp\/v2\/pages\/798","targetHints":{"allow":["GET"]}}],"collection":[{"href":"https:\/\/www.unhcr.org\/withrefugees\/fr\/wp-json\/wp\/v2\/pages"}],"about":[{"href":"https:\/\/www.unhcr.org\/withrefugees\/fr\/wp-json\/wp\/v2\/types\/page"}],"author":[{"embeddable":true,"href":"https:\/\/www.unhcr.org\/withrefugees\/fr\/wp-json\/wp\/v2\/users\/2"}],"replies":[{"embeddable":true,"href":"https:\/\/www.unhcr.org\/withrefugees\/fr\/wp-json\/wp\/v2\/comments?post=798"}],"version-history":[{"count":31,"href":"https:\/\/www.unhcr.org\/withrefugees\/fr\/wp-json\/wp\/v2\/pages\/798\/revisions"}],"predecessor-version":[{"id":17047,"href":"https:\/\/www.unhcr.org\/withrefugees\/fr\/wp-json\/wp\/v2\/pages\/798\/revisions\/17047"}],"wp:featuredmedia":[{"embeddable":true,"href":"https:\/\/www.unhcr.org\/withrefugees\/fr\/wp-json\/wp\/v2\/media\/4989"}],"wp:attachment":[{"href":"https:\/\/www.unhcr.org\/withrefugees\/fr\/wp-json\/wp\/v2\/media?parent=798"}],"curies":[{"name":"wp","href":"https:\/\/api.w.org\/{rel}","templated":true}]}}